{"id":10056,"date":"2022-09-27T20:24:18","date_gmt":"2022-09-27T20:24:18","guid":{"rendered":"https:\/\/boutique-one-piece.com\/uncategorized\/drapeau-sanji\/"},"modified":"2024-09-16T11:56:55","modified_gmt":"2024-09-16T11:56:55","slug":"bandera-de-sanji","status":"publish","type":"product","link":"https:\/\/boutique-one-piece.com\/es\/articulos-de-one-piece\/golosinas-vinsmoke-sanji-one-piece\/bandera-de-sanji\/","title":{"rendered":"Bandera de Sanji"},"content":{"rendered":"<h2>Joven pirata, pon tus manos en esa bandera de Sanji cuanto antes.<\/h2>\n<p>Esta bandera representa a Sanji antes del salto temporal. Aqu\u00ed tienes lo que necesitas saber sobre \u00e9l: ; <strong>Sanji<\/strong>, Nacido como Vinsmoke Sanji antes de renunciar a su apellido, es apodado Black Leg Sanji.<strong> el cocinero<\/strong> De la tripulaci\u00f3n del Sombrero de Paja. Aprendi\u00f3 las artes culinarias en el Baratie, un restaurante flotante propiedad de Zeff Pata Roja, un expirata. Es el quinto miembro de la tripulaci\u00f3n.<\/p>\n<p>Adem\u00e1s, si deseas ampliar tu colecci\u00f3n de banderas, la <a title=\"BANDERA DE ZORO\" href=\"https:\/\/boutique-one-piece.com\/es\/bandera-de-zoro\/\" target=\"_blank\" rel=\"noopener\">La bandera de Zoro<\/a> est\u00e1 a tu alcance. Volviendo a Sanji, el <strong>Pierna negra<\/strong>, Es uno de los cuatro mejores luchadores de la tripulaci\u00f3n, junto con Luffy, Zoro y Jinbe. Actualmente tiene la tercera recompensa m\u00e1s alta de la tripulaci\u00f3n, despu\u00e9s de Luffy y Jinbe, pero por delante de Zoro.<\/p>\n<p>Aunque Luffy generalmente pelea contra los enemigos m\u00e1s poderosos, los oponentes de Sanji y Zoro a menudo est\u00e1n determinados por su estilo de lucha; Zoro normalmente pelear\u00e1 contra el espadach\u00edn del grupo mientras que Sanji se ocupar\u00e1 de... <strong>El artista marcial<\/strong>.<\/p>\n<h3>As\u00ed, cautivado por la bandera del cocinero de la tripulaci\u00f3n del Sombrero de Paja, mu\u00e9strela con orgullo y rinda homenaje a este cocinero cuyas habilidades en las artes marciales no guardan secretos.<\/h3>\n<p>Tanto si eres un fan\u00e1tico incondicional como un coleccionista empedernido, estos art\u00edculos ic\u00f3nicos son sin duda para ti. Perfectos para regalar, decorar o a\u00f1adir a tu colecci\u00f3n, estos objetos enriquecer\u00e1n tu colecci\u00f3n.<strong> tu universo de One Piece<\/strong>. Tu destino de<strong> pirata<\/strong> Ya est\u00e1 en tus manos. El One Piece te espera.<\/p>\n<h2>Informaci\u00f3n sobre la bandera de Vinsmoke Sanji:<\/h2>\n<ul>\n<li>\n<strong><u>Bandera de One Piece<\/u><\/strong>\u00a0Una aut\u00e9ntica bandera pirata de One Piece para verdaderos fans.<\/li>\n<\/ul>\n<ul>\n<li>\n<strong>Impresi\u00f3n de alta calidad<\/strong>\u00a0colores precisos<\/li>\n<\/ul>\n<ul>\n<li>\n<strong>Asunto<\/strong>\u00a0Poli\u00e9ster<\/li>\n<\/ul>\n<ul>\n<li>\n<strong>Dimensi\u00f3n<\/strong>\u00a0:100 cm X 100 cm o 90 cm X 150 cm<\/li>\n<\/ul>\n<ul>\n<li><strong>ENTREGA GRATUITA<\/strong><\/li>\n<\/ul>","protected":false},"excerpt":{"rendered":"<p>Joven pirata, consigue ya esta bandera de Sanji. Esta bandera representa a Sanji antes del Salto Temporal. Esto es lo que necesitas saber sobre \u00e9l: Sanji, cuyo verdadero nombre era Vinsmoke Sanji antes de renunciar a su apellido, es apodado Sanji Pierna Negra. Es el cocinero de la tripulaci\u00f3n del Sombrero de Paja. Aprendi\u00f3 [\u2026]<\/p>","protected":false},"featured_media":10058,"comment_status":"open","ping_status":"open","template":"","meta":[],"product_brand":[],"product_cat":[212,164],"product_tag":[112],"class_list":{"0":"post-10056","1":"product","2":"type-product","3":"status-publish","4":"has-post-thumbnail","6":"product_cat-drapeaux-one-piece","7":"product_cat-goodies-vinsmoke-sanji-one-piece","8":"product_tag-sanji","10":"first","11":"instock","12":"purchasable","13":"product-type-variable","14":"has-default-attributes"},"yoast_head":"<!-- This site is optimized with the Yoast SEO plugin v27.5 - https:\/\/yoast.com\/product\/yoast-seo-wordpress\/ -->\n<title>Drapeau Sanji | Boutique One Piece<\/title>\n<meta name=\"description\" content=\"D\u00e9couvrez le Drapeau One Piece Vinsmoke Sanji, d\u00e9corez votre pi\u00e8ce en rejoignant la flotte du Cuisinier des Mugiwaras ! Commencez votre aventure recherche du One Piece dans l&#039;\u00e9quipage du Chapeau de Paille\" \/>\n<meta name=\"robots\" content=\"index, follow, max-snippet:-1, max-image-preview:large, max-video-preview:-1\" \/>\n<link rel=\"canonical\" href=\"https:\/\/boutique-one-piece.com\/es\/decoraciones-de-one-piece\/banderas-de-one-piece\/bandera-de-sanji\/\" \/>\n<meta property=\"og:locale\" content=\"es_ES\" \/>\n<meta property=\"og:type\" content=\"article\" \/>\n<meta property=\"og:title\" content=\"Drapeau Sanji | Boutique One Piece\" \/>\n<meta property=\"og:description\" content=\"D\u00e9couvrez le Drapeau One Piece Vinsmoke Sanji, d\u00e9corez votre pi\u00e8ce en rejoignant la flotte du Cuisinier des Mugiwaras ! Commencez votre aventure recherche du One Piece dans l&#039;\u00e9quipage du Chapeau de Paille\" \/>\n<meta property=\"og:url\" content=\"https:\/\/boutique-one-piece.com\/es\/decoraciones-de-one-piece\/banderas-de-one-piece\/bandera-de-sanji\/\" \/>\n<meta property=\"og:site_name\" content=\"Boutique One Piece\" \/>\n<meta property=\"article:modified_time\" content=\"2024-09-16T11:56:55+00:00\" \/>\n<meta property=\"og:image\" content=\"https:\/\/boutique-one-piece.com\/wp-content\/uploads\/2022\/09\/Drapeau-Sanji.jpg\" \/>\n\t<meta property=\"og:image:width\" content=\"800\" \/>\n\t<meta property=\"og:image:height\" content=\"693\" \/>\n\t<meta property=\"og:image:type\" content=\"image\/jpeg\" \/>\n<meta name=\"twitter:card\" content=\"summary_large_image\" \/>\n<meta name=\"twitter:label1\" content=\"Tiempo de lectura\" \/>\n\t<meta name=\"twitter:data1\" content=\"2 minutos\" \/>\n<script type=\"application\/ld+json\" class=\"yoast-schema-graph\">{\"@context\":\"https:\\\/\\\/schema.org\",\"@graph\":[{\"@type\":\"WebPage\",\"@id\":\"https:\\\/\\\/boutique-one-piece.com\\\/decorations-one-piece\\\/drapeaux-one-piece\\\/drapeau-sanji\\\/\",\"url\":\"https:\\\/\\\/boutique-one-piece.com\\\/decorations-one-piece\\\/drapeaux-one-piece\\\/drapeau-sanji\\\/\",\"name\":\"Drapeau Sanji | Boutique One Piece\",\"isPartOf\":{\"@id\":\"https:\\\/\\\/boutique-one-piece.com\\\/#website\"},\"primaryImageOfPage\":{\"@id\":\"https:\\\/\\\/boutique-one-piece.com\\\/decorations-one-piece\\\/drapeaux-one-piece\\\/drapeau-sanji\\\/#primaryimage\"},\"image\":{\"@id\":\"https:\\\/\\\/boutique-one-piece.com\\\/decorations-one-piece\\\/drapeaux-one-piece\\\/drapeau-sanji\\\/#primaryimage\"},\"thumbnailUrl\":\"https:\\\/\\\/boutique-one-piece.com\\\/wp-content\\\/uploads\\\/2022\\\/09\\\/Drapeau-Sanji.jpg\",\"datePublished\":\"2022-09-27T20:24:18+00:00\",\"dateModified\":\"2024-09-16T11:56:55+00:00\",\"description\":\"D\u00e9couvrez le Drapeau One Piece Vinsmoke Sanji, d\u00e9corez votre pi\u00e8ce en rejoignant la flotte du Cuisinier des Mugiwaras ! Commencez votre aventure recherche du One Piece dans l'\u00e9quipage du Chapeau de Paille\",\"breadcrumb\":{\"@id\":\"https:\\\/\\\/boutique-one-piece.com\\\/decorations-one-piece\\\/drapeaux-one-piece\\\/drapeau-sanji\\\/#breadcrumb\"},\"inLanguage\":\"es\",\"potentialAction\":[{\"@type\":\"ReadAction\",\"target\":[\"https:\\\/\\\/boutique-one-piece.com\\\/decorations-one-piece\\\/drapeaux-one-piece\\\/drapeau-sanji\\\/\"]}]},{\"@type\":\"ImageObject\",\"inLanguage\":\"es\",\"@id\":\"https:\\\/\\\/boutique-one-piece.com\\\/decorations-one-piece\\\/drapeaux-one-piece\\\/drapeau-sanji\\\/#primaryimage\",\"url\":\"https:\\\/\\\/boutique-one-piece.com\\\/wp-content\\\/uploads\\\/2022\\\/09\\\/Drapeau-Sanji.jpg\",\"contentUrl\":\"https:\\\/\\\/boutique-one-piece.com\\\/wp-content\\\/uploads\\\/2022\\\/09\\\/Drapeau-Sanji.jpg\",\"width\":800,\"height\":693,\"caption\":\"Drapeau Sanji 90x150cm\"},{\"@type\":\"BreadcrumbList\",\"@id\":\"https:\\\/\\\/boutique-one-piece.com\\\/decorations-one-piece\\\/drapeaux-one-piece\\\/drapeau-sanji\\\/#breadcrumb\",\"itemListElement\":[{\"@type\":\"ListItem\",\"position\":1,\"name\":\"Home\",\"item\":\"https:\\\/\\\/boutique-one-piece.com\\\/\"},{\"@type\":\"ListItem\",\"position\":2,\"name\":\"Shop\",\"item\":\"https:\\\/\\\/boutique-one-piece.com\\\/shop\\\/\"},{\"@type\":\"ListItem\",\"position\":3,\"name\":\"Drapeau Sanji\"}]},{\"@type\":\"WebSite\",\"@id\":\"https:\\\/\\\/boutique-one-piece.com\\\/#website\",\"url\":\"https:\\\/\\\/boutique-one-piece.com\\\/\",\"name\":\"Boutique One Piece\",\"description\":\"Magasin Sp\u00e9cialis\u00e9 du Manga et l&#039;Anime One Piece\",\"publisher\":{\"@id\":\"https:\\\/\\\/boutique-one-piece.com\\\/#organization\"},\"potentialAction\":[{\"@type\":\"SearchAction\",\"target\":{\"@type\":\"EntryPoint\",\"urlTemplate\":\"https:\\\/\\\/boutique-one-piece.com\\\/?s={search_term_string}\"},\"query-input\":{\"@type\":\"PropertyValueSpecification\",\"valueRequired\":true,\"valueName\":\"search_term_string\"}}],\"inLanguage\":\"es\"},{\"@type\":\"Organization\",\"@id\":\"https:\\\/\\\/boutique-one-piece.com\\\/#organization\",\"name\":\"Boutique One Piece\",\"url\":\"https:\\\/\\\/boutique-one-piece.com\\\/\",\"logo\":{\"@type\":\"ImageObject\",\"inLanguage\":\"es\",\"@id\":\"https:\\\/\\\/boutique-one-piece.com\\\/#\\\/schema\\\/logo\\\/image\\\/\",\"url\":\"https:\\\/\\\/boutique-one-piece.com\\\/wp-content\\\/uploads\\\/2022\\\/09\\\/Logo-01.png\",\"contentUrl\":\"https:\\\/\\\/boutique-one-piece.com\\\/wp-content\\\/uploads\\\/2022\\\/09\\\/Logo-01.png\",\"width\":2318,\"height\":957,\"caption\":\"Boutique One Piece\"},\"image\":{\"@id\":\"https:\\\/\\\/boutique-one-piece.com\\\/#\\\/schema\\\/logo\\\/image\\\/\"}}]}<\/script>\n<!-- \/ Yoast SEO plugin. -->","yoast_head_json":{"title":"Bandera de Sanji | Tienda de One Piece","description":"Descubre la bandera de Vinsmoke Sanji de One Piece y decora tu habitaci\u00f3n uni\u00e9ndote a la flota del Chef de Sombrero de Paja. Empieza tu aventura de b\u00fasqueda de One Piece con la tripulaci\u00f3n de Sombrero de Paja.","robots":{"index":"index","follow":"follow","max-snippet":"max-snippet:-1","max-image-preview":"max-image-preview:large","max-video-preview":"max-video-preview:-1"},"canonical":"https:\/\/boutique-one-piece.com\/es\/decoraciones-de-one-piece\/banderas-de-one-piece\/bandera-de-sanji\/","og_locale":"es_ES","og_type":"article","og_title":"Drapeau Sanji | Boutique One Piece","og_description":"D\u00e9couvrez le Drapeau One Piece Vinsmoke Sanji, d\u00e9corez votre pi\u00e8ce en rejoignant la flotte du Cuisinier des Mugiwaras ! Commencez votre aventure recherche du One Piece dans l'\u00e9quipage du Chapeau de Paille","og_url":"https:\/\/boutique-one-piece.com\/es\/decoraciones-de-one-piece\/banderas-de-one-piece\/bandera-de-sanji\/","og_site_name":"Boutique One Piece","article_modified_time":"2024-09-16T11:56:55+00:00","og_image":[{"width":800,"height":693,"url":"https:\/\/boutique-one-piece.com\/wp-content\/uploads\/2022\/09\/Drapeau-Sanji.jpg","type":"image\/jpeg"}],"twitter_card":"summary_large_image","twitter_misc":{"Tiempo de lectura":"2 minutos"},"schema":{"@context":"https:\/\/schema.org","@graph":[{"@type":"WebPage","@id":"https:\/\/boutique-one-piece.com\/decorations-one-piece\/drapeaux-one-piece\/drapeau-sanji\/","url":"https:\/\/boutique-one-piece.com\/decorations-one-piece\/drapeaux-one-piece\/drapeau-sanji\/","name":"Bandera de Sanji | Tienda de One Piece","isPartOf":{"@id":"https:\/\/boutique-one-piece.com\/#website"},"primaryImageOfPage":{"@id":"https:\/\/boutique-one-piece.com\/decorations-one-piece\/drapeaux-one-piece\/drapeau-sanji\/#primaryimage"},"image":{"@id":"https:\/\/boutique-one-piece.com\/decorations-one-piece\/drapeaux-one-piece\/drapeau-sanji\/#primaryimage"},"thumbnailUrl":"https:\/\/boutique-one-piece.com\/wp-content\/uploads\/2022\/09\/Drapeau-Sanji.jpg","datePublished":"2022-09-27T20:24:18+00:00","dateModified":"2024-09-16T11:56:55+00:00","description":"Descubre la bandera de Vinsmoke Sanji de One Piece y decora tu habitaci\u00f3n uni\u00e9ndote a la flota del Chef de Sombrero de Paja. Empieza tu aventura de b\u00fasqueda de One Piece con la tripulaci\u00f3n de Sombrero de Paja.","breadcrumb":{"@id":"https:\/\/boutique-one-piece.com\/decorations-one-piece\/drapeaux-one-piece\/drapeau-sanji\/#breadcrumb"},"inLanguage":"es","potentialAction":[{"@type":"ReadAction","target":["https:\/\/boutique-one-piece.com\/decorations-one-piece\/drapeaux-one-piece\/drapeau-sanji\/"]}]},{"@type":"ImageObject","inLanguage":"es","@id":"https:\/\/boutique-one-piece.com\/decorations-one-piece\/drapeaux-one-piece\/drapeau-sanji\/#primaryimage","url":"https:\/\/boutique-one-piece.com\/wp-content\/uploads\/2022\/09\/Drapeau-Sanji.jpg","contentUrl":"https:\/\/boutique-one-piece.com\/wp-content\/uploads\/2022\/09\/Drapeau-Sanji.jpg","width":800,"height":693,"caption":"Drapeau Sanji 90x150cm"},{"@type":"BreadcrumbList","@id":"https:\/\/boutique-one-piece.com\/decorations-one-piece\/drapeaux-one-piece\/drapeau-sanji\/#breadcrumb","itemListElement":[{"@type":"ListItem","position":1,"name":"Home","item":"https:\/\/boutique-one-piece.com\/"},{"@type":"ListItem","position":2,"name":"Shop","item":"https:\/\/boutique-one-piece.com\/shop\/"},{"@type":"ListItem","position":3,"name":"Drapeau Sanji"}]},{"@type":"WebSite","@id":"https:\/\/boutique-one-piece.com\/#website","url":"https:\/\/boutique-one-piece.com\/","name":"Tienda de One Piece","description":"Tienda especializada en manga y anime de One Piece","publisher":{"@id":"https:\/\/boutique-one-piece.com\/#organization"},"potentialAction":[{"@type":"SearchAction","target":{"@type":"EntryPoint","urlTemplate":"https:\/\/boutique-one-piece.com\/?s={search_term_string}"},"query-input":{"@type":"PropertyValueSpecification","valueRequired":true,"valueName":"search_term_string"}}],"inLanguage":"es"},{"@type":"Organization","@id":"https:\/\/boutique-one-piece.com\/#organization","name":"Tienda de One Piece","url":"https:\/\/boutique-one-piece.com\/","logo":{"@type":"ImageObject","inLanguage":"es","@id":"https:\/\/boutique-one-piece.com\/#\/schema\/logo\/image\/","url":"https:\/\/boutique-one-piece.com\/wp-content\/uploads\/2022\/09\/Logo-01.png","contentUrl":"https:\/\/boutique-one-piece.com\/wp-content\/uploads\/2022\/09\/Logo-01.png","width":2318,"height":957,"caption":"Boutique One Piece"},"image":{"@id":"https:\/\/boutique-one-piece.com\/#\/schema\/logo\/image\/"}}]}},"_links":{"self":[{"href":"https:\/\/boutique-one-piece.com\/es\/wp-json\/wp\/v2\/product\/10056","targetHints":{"allow":["GET"]}}],"collection":[{"href":"https:\/\/boutique-one-piece.com\/es\/wp-json\/wp\/v2\/product"}],"about":[{"href":"https:\/\/boutique-one-piece.com\/es\/wp-json\/wp\/v2\/types\/product"}],"replies":[{"embeddable":true,"href":"https:\/\/boutique-one-piece.com\/es\/wp-json\/wp\/v2\/comments?post=10056"}],"wp:featuredmedia":[{"embeddable":true,"href":"https:\/\/boutique-one-piece.com\/es\/wp-json\/wp\/v2\/media\/10058"}],"wp:attachment":[{"href":"https:\/\/boutique-one-piece.com\/es\/wp-json\/wp\/v2\/media?parent=10056"}],"wp:term":[{"taxonomy":"product_brand","embeddable":true,"href":"https:\/\/boutique-one-piece.com\/es\/wp-json\/wp\/v2\/product_brand?post=10056"},{"taxonomy":"product_cat","embeddable":true,"href":"https:\/\/boutique-one-piece.com\/es\/wp-json\/wp\/v2\/product_cat?post=10056"},{"taxonomy":"product_tag","embeddable":true,"href":"https:\/\/boutique-one-piece.com\/es\/wp-json\/wp\/v2\/product_tag?post=10056"}],"curies":[{"name":"wp","href":"https:\/\/api.w.org\/{rel}","templated":true}]}}