{"id":10206,"date":"2022-09-27T20:33:02","date_gmt":"2022-09-27T20:33:02","guid":{"rendered":"https:\/\/boutique-one-piece.com\/uncategorized\/avis-de-recherche-donquixote-doflamingo-wanted\/"},"modified":"2024-09-16T15:25:23","modified_gmt":"2024-09-16T15:25:23","slug":"cartel-de-busqueda-de-donquixote-doflamingo","status":"publish","type":"product","link":"https:\/\/boutique-one-piece.com\/es\/cartel-de-busqueda-de-one-piece\/cartel-de-busqueda-de-donquixote-doflamingo\/","title":{"rendered":"Aviso de b\u00fasqueda de Donquixote Doflamingo"},"content":{"rendered":"<h2>Si te gusta odiar a un personaje, este p\u00f3ster de Se busca Donquixote Doflamingo te har\u00e1 feliz.<\/h2>\n<p>Donquixote Doflamingo es el principal antagonista del arco. <strong>Dressrosa<\/strong>, Tambi\u00e9n es uno de los antagonistas de Marineford. Es el l\u00edder de un <strong>Tr\u00e1fico de sonrisas<\/strong>, Frutas del Diablo artificiales que vende a Kaido. Doflamingo reina en Dressrosa, donde lleg\u00f3 disfrazado de salvador de la isla para ganarse el favor de los habitantes. Hab\u00eda manipulado al rey como si fuera una marioneta usando su Fruta del Diablo para atacar al pueblo, pero lo derrot\u00f3 y se convirti\u00f3 en un h\u00e9roe para el pueblo.<\/p>\n<p>\u00c9l comi\u00f3 la fruta del diablo de <strong>Ito Ito no mi<\/strong>, permiti\u00e9ndole usar los cables tensos para elevarse en el aire, realizar ataques cortantes a distancia, pero tambi\u00e9n manipular a alguien como una marioneta usando cables conectados a todas las extremidades de la persona manipulada.<\/p>\n<h3>Protege tu habitaci\u00f3n con una &quot;Jaula de p\u00e1jaros&quot; con este cartel de Se busca de Doflamingo.<\/h3>\n<p>Donquixote Doflamingo tambi\u00e9n tiene un fuerte pasado con <strong>Ley de Trafalgar<\/strong>, Porque quer\u00eda unirse a la tripulaci\u00f3n de Doflamingo y su hermano, Rossinante, lo tom\u00f3 bajo su protecci\u00f3n. Rossinante siempre cuid\u00f3 de Trafalgar e intent\u00f3 curarlo de su enfermedad a toda costa. Doflamingo lo mat\u00f3 tras enterarse de que Rossinante era un infiltrado de la Marina, y Trafalgar siempre quiso vengarse de Doflamingo. Doflamingo ofrece una recompensa de 340 millones de Bayas por su cabeza.<\/p>\n<p>Si eres un gran fan\u00e1tico de las recompensas, echa un vistazo a\u2019<a title=\"Aviso de b\u00fasqueda de paja\" href=\"https:\/\/boutique-one-piece.com\/es\/avis-de-recherche-thatch-wanted\/\" target=\"_blank\" rel=\"noopener noreferrer\">Thatch quer\u00eda notificar<\/a>.<\/p>\n<h2>Informaci\u00f3n sobre el p\u00f3ster de One Piece Wanted Donquixote Doflamingo<\/h2>\n<ul>\n<li><b><u>P\u00f3ster de Se busca de One Piece<\/u><\/b> Un aut\u00e9ntico cartel de b\u00fasqueda de One Piece para verdaderos piratas.<\/li>\n<\/ul>\n<ul>\n<li><b><u>La recompensa de Donquixote Doflamingo<\/u><\/b> 340.000.000 bayas<\/li>\n<\/ul>\n<ul>\n<li><strong>Impresi\u00f3n de alta calidad<\/strong> colores precisos<\/li>\n<\/ul>\n<ul>\n<li><strong>ENTREGA GRATUITA<\/strong><\/li>\n<\/ul>","protected":false},"excerpt":{"rendered":"<p>Si te gusta odiar a un personaje, este p\u00f3ster de &quot;Se busca&quot; de Donquixote Doflamingo te alegrar\u00e1 el d\u00eda. Donquixote Doflamingo es el antagonista principal del arco de Dressrosa y tambi\u00e9n uno de los antagonistas de Marineford. Dirige una red de tr\u00e1fico de SMILE, vendiendo Frutas del Diablo artificiales a Kaido. Doflamingo gobierna Dressrosa [\u2026]<\/p>","protected":false},"featured_media":10208,"comment_status":"open","ping_status":"open","template":"","meta":[],"product_brand":[],"product_cat":[171],"product_tag":[325],"class_list":{"0":"post-10206","1":"product","2":"type-product","3":"status-publish","4":"has-post-thumbnail","6":"product_cat-avis-de-recherche-one-piece","7":"product_tag-avalo-pizarro","9":"first","10":"instock","11":"purchasable","12":"product-type-variable"},"yoast_head":"<!-- This site is optimized with the Yoast SEO plugin v27.5 - https:\/\/yoast.com\/product\/yoast-seo-wordpress\/ -->\n<title>Avis De Recherche Donquixote Doflamingo Wanted | Boutique One Piece<\/title>\n<meta name=\"description\" content=\"Si tu aimes d\u00e9tester un personnage, cet Avis de Recherche de Donquixote Doflamingo va faire ton bonheur. Donquixote Doflamingo est l&#039;antagoniste principal de l&#039;arc Dressrosa, il fait \u00e9galement partie des antagonistes de Marineford. Il est \u00e0 la t\u00eate d&#039;un trafic de Smile, des fruits du d\u00e9mon artificiels qu&#039;il vend \u00e0 Kaid\" \/>\n<meta name=\"robots\" content=\"index, follow, max-snippet:-1, max-image-preview:large, max-video-preview:-1\" \/>\n<link rel=\"canonical\" href=\"https:\/\/boutique-one-piece.com\/es\/cartel-de-busqueda-de-one-piece\/cartel-de-busqueda-de-donquixote-doflamingo\/\" \/>\n<meta property=\"og:locale\" content=\"es_ES\" \/>\n<meta property=\"og:type\" content=\"article\" \/>\n<meta property=\"og:title\" content=\"Avis De Recherche Donquixote Doflamingo Wanted | Boutique One Piece\" \/>\n<meta property=\"og:description\" content=\"Si tu aimes d\u00e9tester un personnage, cet Avis de Recherche de Donquixote Doflamingo va faire ton bonheur. Donquixote Doflamingo est l&#039;antagoniste principal de l&#039;arc Dressrosa, il fait \u00e9galement partie des antagonistes de Marineford. Il est \u00e0 la t\u00eate d&#039;un trafic de Smile, des fruits du d\u00e9mon artificiels qu&#039;il vend \u00e0 Kaid\" \/>\n<meta property=\"og:url\" content=\"https:\/\/boutique-one-piece.com\/es\/cartel-de-busqueda-de-one-piece\/cartel-de-busqueda-de-donquixote-doflamingo\/\" \/>\n<meta property=\"og:site_name\" content=\"Boutique One Piece\" \/>\n<meta property=\"article:modified_time\" content=\"2024-09-16T15:25:23+00:00\" \/>\n<meta property=\"og:image\" content=\"https:\/\/boutique-one-piece.com\/wp-content\/uploads\/2022\/09\/Avis-De-Recherche-Donquixote-Doflamingo-Wanted-1.jpg\" \/>\n\t<meta property=\"og:image:width\" content=\"799\" \/>\n\t<meta property=\"og:image:height\" content=\"798\" \/>\n\t<meta property=\"og:image:type\" content=\"image\/jpeg\" \/>\n<meta name=\"twitter:card\" content=\"summary_large_image\" \/>\n<meta name=\"twitter:label1\" content=\"Tiempo de lectura\" \/>\n\t<meta name=\"twitter:data1\" content=\"3 minutos\" \/>\n<script type=\"application\/ld+json\" class=\"yoast-schema-graph\">{\"@context\":\"https:\\\/\\\/schema.org\",\"@graph\":[{\"@type\":\"WebPage\",\"@id\":\"https:\\\/\\\/boutique-one-piece.com\\\/avis-de-recherche-one-piece\\\/avis-de-recherche-donquixote-doflamingo-wanted\\\/\",\"url\":\"https:\\\/\\\/boutique-one-piece.com\\\/avis-de-recherche-one-piece\\\/avis-de-recherche-donquixote-doflamingo-wanted\\\/\",\"name\":\"Avis De Recherche Donquixote Doflamingo Wanted | Boutique One Piece\",\"isPartOf\":{\"@id\":\"https:\\\/\\\/boutique-one-piece.com\\\/#website\"},\"primaryImageOfPage\":{\"@id\":\"https:\\\/\\\/boutique-one-piece.com\\\/avis-de-recherche-one-piece\\\/avis-de-recherche-donquixote-doflamingo-wanted\\\/#primaryimage\"},\"image\":{\"@id\":\"https:\\\/\\\/boutique-one-piece.com\\\/avis-de-recherche-one-piece\\\/avis-de-recherche-donquixote-doflamingo-wanted\\\/#primaryimage\"},\"thumbnailUrl\":\"https:\\\/\\\/boutique-one-piece.com\\\/wp-content\\\/uploads\\\/2022\\\/09\\\/Avis-De-Recherche-Donquixote-Doflamingo-Wanted-1.jpg\",\"datePublished\":\"2022-09-27T20:33:02+00:00\",\"dateModified\":\"2024-09-16T15:25:23+00:00\",\"description\":\"Si tu aimes d\u00e9tester un personnage, cet Avis de Recherche de Donquixote Doflamingo va faire ton bonheur. Donquixote Doflamingo est l'antagoniste principal de l'arc Dressrosa, il fait \u00e9galement partie des antagonistes de Marineford. Il est \u00e0 la t\u00eate d'un trafic de Smile, des fruits du d\u00e9mon artificiels qu'il vend \u00e0 Kaid\",\"breadcrumb\":{\"@id\":\"https:\\\/\\\/boutique-one-piece.com\\\/avis-de-recherche-one-piece\\\/avis-de-recherche-donquixote-doflamingo-wanted\\\/#breadcrumb\"},\"inLanguage\":\"es\",\"potentialAction\":[{\"@type\":\"ReadAction\",\"target\":[\"https:\\\/\\\/boutique-one-piece.com\\\/avis-de-recherche-one-piece\\\/avis-de-recherche-donquixote-doflamingo-wanted\\\/\"]}]},{\"@type\":\"ImageObject\",\"inLanguage\":\"es\",\"@id\":\"https:\\\/\\\/boutique-one-piece.com\\\/avis-de-recherche-one-piece\\\/avis-de-recherche-donquixote-doflamingo-wanted\\\/#primaryimage\",\"url\":\"https:\\\/\\\/boutique-one-piece.com\\\/wp-content\\\/uploads\\\/2022\\\/09\\\/Avis-De-Recherche-Donquixote-Doflamingo-Wanted-1.jpg\",\"contentUrl\":\"https:\\\/\\\/boutique-one-piece.com\\\/wp-content\\\/uploads\\\/2022\\\/09\\\/Avis-De-Recherche-Donquixote-Doflamingo-Wanted-1.jpg\",\"width\":799,\"height\":798},{\"@type\":\"BreadcrumbList\",\"@id\":\"https:\\\/\\\/boutique-one-piece.com\\\/avis-de-recherche-one-piece\\\/avis-de-recherche-donquixote-doflamingo-wanted\\\/#breadcrumb\",\"itemListElement\":[{\"@type\":\"ListItem\",\"position\":1,\"name\":\"Home\",\"item\":\"https:\\\/\\\/boutique-one-piece.com\\\/\"},{\"@type\":\"ListItem\",\"position\":2,\"name\":\"Shop\",\"item\":\"https:\\\/\\\/boutique-one-piece.com\\\/shop\\\/\"},{\"@type\":\"ListItem\",\"position\":3,\"name\":\"Avis De Recherche Donquixote Doflamingo Wanted\"}]},{\"@type\":\"WebSite\",\"@id\":\"https:\\\/\\\/boutique-one-piece.com\\\/#website\",\"url\":\"https:\\\/\\\/boutique-one-piece.com\\\/\",\"name\":\"Boutique One Piece\",\"description\":\"Magasin Sp\u00e9cialis\u00e9 du Manga et l&#039;Anime One Piece\",\"publisher\":{\"@id\":\"https:\\\/\\\/boutique-one-piece.com\\\/#organization\"},\"potentialAction\":[{\"@type\":\"SearchAction\",\"target\":{\"@type\":\"EntryPoint\",\"urlTemplate\":\"https:\\\/\\\/boutique-one-piece.com\\\/?s={search_term_string}\"},\"query-input\":{\"@type\":\"PropertyValueSpecification\",\"valueRequired\":true,\"valueName\":\"search_term_string\"}}],\"inLanguage\":\"es\"},{\"@type\":\"Organization\",\"@id\":\"https:\\\/\\\/boutique-one-piece.com\\\/#organization\",\"name\":\"Boutique One Piece\",\"url\":\"https:\\\/\\\/boutique-one-piece.com\\\/\",\"logo\":{\"@type\":\"ImageObject\",\"inLanguage\":\"es\",\"@id\":\"https:\\\/\\\/boutique-one-piece.com\\\/#\\\/schema\\\/logo\\\/image\\\/\",\"url\":\"https:\\\/\\\/boutique-one-piece.com\\\/wp-content\\\/uploads\\\/2022\\\/09\\\/Logo-01.png\",\"contentUrl\":\"https:\\\/\\\/boutique-one-piece.com\\\/wp-content\\\/uploads\\\/2022\\\/09\\\/Logo-01.png\",\"width\":2318,\"height\":957,\"caption\":\"Boutique One Piece\"},\"image\":{\"@id\":\"https:\\\/\\\/boutique-one-piece.com\\\/#\\\/schema\\\/logo\\\/image\\\/\"}}]}<\/script>\n<!-- \/ Yoast SEO plugin. -->","yoast_head_json":{"title":"Aviso de b\u00fasqueda de Donquixote Doflamingo | Tienda One Piece","description":"Si te gusta odiar a un personaje, este p\u00f3ster de &quot;Se busca Donquixote Doflamingo&quot; te alegrar\u00e1 el d\u00eda. Donquixote Doflamingo es el antagonista principal del arco de Dressrosa y tambi\u00e9n uno de los antagonistas de Marineford. Dirige una red de tr\u00e1fico de SMILE, vendiendo Frutas del Diablo artificiales al Kaio-sama.","robots":{"index":"index","follow":"follow","max-snippet":"max-snippet:-1","max-image-preview":"max-image-preview:large","max-video-preview":"max-video-preview:-1"},"canonical":"https:\/\/boutique-one-piece.com\/es\/cartel-de-busqueda-de-one-piece\/cartel-de-busqueda-de-donquixote-doflamingo\/","og_locale":"es_ES","og_type":"article","og_title":"Avis De Recherche Donquixote Doflamingo Wanted | Boutique One Piece","og_description":"Si tu aimes d\u00e9tester un personnage, cet Avis de Recherche de Donquixote Doflamingo va faire ton bonheur. Donquixote Doflamingo est l'antagoniste principal de l'arc Dressrosa, il fait \u00e9galement partie des antagonistes de Marineford. Il est \u00e0 la t\u00eate d'un trafic de Smile, des fruits du d\u00e9mon artificiels qu'il vend \u00e0 Kaid","og_url":"https:\/\/boutique-one-piece.com\/es\/cartel-de-busqueda-de-one-piece\/cartel-de-busqueda-de-donquixote-doflamingo\/","og_site_name":"Boutique One Piece","article_modified_time":"2024-09-16T15:25:23+00:00","og_image":[{"width":799,"height":798,"url":"https:\/\/boutique-one-piece.com\/wp-content\/uploads\/2022\/09\/Avis-De-Recherche-Donquixote-Doflamingo-Wanted-1.jpg","type":"image\/jpeg"}],"twitter_card":"summary_large_image","twitter_misc":{"Tiempo de lectura":"3 minutos"},"schema":{"@context":"https:\/\/schema.org","@graph":[{"@type":"WebPage","@id":"https:\/\/boutique-one-piece.com\/avis-de-recherche-one-piece\/avis-de-recherche-donquixote-doflamingo-wanted\/","url":"https:\/\/boutique-one-piece.com\/avis-de-recherche-one-piece\/avis-de-recherche-donquixote-doflamingo-wanted\/","name":"Aviso de b\u00fasqueda de Donquixote Doflamingo | Tienda One Piece","isPartOf":{"@id":"https:\/\/boutique-one-piece.com\/#website"},"primaryImageOfPage":{"@id":"https:\/\/boutique-one-piece.com\/avis-de-recherche-one-piece\/avis-de-recherche-donquixote-doflamingo-wanted\/#primaryimage"},"image":{"@id":"https:\/\/boutique-one-piece.com\/avis-de-recherche-one-piece\/avis-de-recherche-donquixote-doflamingo-wanted\/#primaryimage"},"thumbnailUrl":"https:\/\/boutique-one-piece.com\/wp-content\/uploads\/2022\/09\/Avis-De-Recherche-Donquixote-Doflamingo-Wanted-1.jpg","datePublished":"2022-09-27T20:33:02+00:00","dateModified":"2024-09-16T15:25:23+00:00","description":"Si te gusta odiar a un personaje, este p\u00f3ster de &quot;Se busca Donquixote Doflamingo&quot; te alegrar\u00e1 el d\u00eda. Donquixote Doflamingo es el antagonista principal del arco de Dressrosa y tambi\u00e9n uno de los antagonistas de Marineford. Dirige una red de tr\u00e1fico de SMILE, vendiendo Frutas del Diablo artificiales al Kaio-sama.","breadcrumb":{"@id":"https:\/\/boutique-one-piece.com\/avis-de-recherche-one-piece\/avis-de-recherche-donquixote-doflamingo-wanted\/#breadcrumb"},"inLanguage":"es","potentialAction":[{"@type":"ReadAction","target":["https:\/\/boutique-one-piece.com\/avis-de-recherche-one-piece\/avis-de-recherche-donquixote-doflamingo-wanted\/"]}]},{"@type":"ImageObject","inLanguage":"es","@id":"https:\/\/boutique-one-piece.com\/avis-de-recherche-one-piece\/avis-de-recherche-donquixote-doflamingo-wanted\/#primaryimage","url":"https:\/\/boutique-one-piece.com\/wp-content\/uploads\/2022\/09\/Avis-De-Recherche-Donquixote-Doflamingo-Wanted-1.jpg","contentUrl":"https:\/\/boutique-one-piece.com\/wp-content\/uploads\/2022\/09\/Avis-De-Recherche-Donquixote-Doflamingo-Wanted-1.jpg","width":799,"height":798},{"@type":"BreadcrumbList","@id":"https:\/\/boutique-one-piece.com\/avis-de-recherche-one-piece\/avis-de-recherche-donquixote-doflamingo-wanted\/#breadcrumb","itemListElement":[{"@type":"ListItem","position":1,"name":"Home","item":"https:\/\/boutique-one-piece.com\/"},{"@type":"ListItem","position":2,"name":"Shop","item":"https:\/\/boutique-one-piece.com\/shop\/"},{"@type":"ListItem","position":3,"name":"Avis De Recherche Donquixote Doflamingo Wanted"}]},{"@type":"WebSite","@id":"https:\/\/boutique-one-piece.com\/#website","url":"https:\/\/boutique-one-piece.com\/","name":"Tienda de One Piece","description":"Tienda especializada en manga y anime de One Piece","publisher":{"@id":"https:\/\/boutique-one-piece.com\/#organization"},"potentialAction":[{"@type":"SearchAction","target":{"@type":"EntryPoint","urlTemplate":"https:\/\/boutique-one-piece.com\/?s={search_term_string}"},"query-input":{"@type":"PropertyValueSpecification","valueRequired":true,"valueName":"search_term_string"}}],"inLanguage":"es"},{"@type":"Organization","@id":"https:\/\/boutique-one-piece.com\/#organization","name":"Tienda de One Piece","url":"https:\/\/boutique-one-piece.com\/","logo":{"@type":"ImageObject","inLanguage":"es","@id":"https:\/\/boutique-one-piece.com\/#\/schema\/logo\/image\/","url":"https:\/\/boutique-one-piece.com\/wp-content\/uploads\/2022\/09\/Logo-01.png","contentUrl":"https:\/\/boutique-one-piece.com\/wp-content\/uploads\/2022\/09\/Logo-01.png","width":2318,"height":957,"caption":"Boutique One Piece"},"image":{"@id":"https:\/\/boutique-one-piece.com\/#\/schema\/logo\/image\/"}}]}},"_links":{"self":[{"href":"https:\/\/boutique-one-piece.com\/es\/wp-json\/wp\/v2\/product\/10206","targetHints":{"allow":["GET"]}}],"collection":[{"href":"https:\/\/boutique-one-piece.com\/es\/wp-json\/wp\/v2\/product"}],"about":[{"href":"https:\/\/boutique-one-piece.com\/es\/wp-json\/wp\/v2\/types\/product"}],"replies":[{"embeddable":true,"href":"https:\/\/boutique-one-piece.com\/es\/wp-json\/wp\/v2\/comments?post=10206"}],"wp:featuredmedia":[{"embeddable":true,"href":"https:\/\/boutique-one-piece.com\/es\/wp-json\/wp\/v2\/media\/10208"}],"wp:attachment":[{"href":"https:\/\/boutique-one-piece.com\/es\/wp-json\/wp\/v2\/media?parent=10206"}],"wp:term":[{"taxonomy":"product_brand","embeddable":true,"href":"https:\/\/boutique-one-piece.com\/es\/wp-json\/wp\/v2\/product_brand?post=10206"},{"taxonomy":"product_cat","embeddable":true,"href":"https:\/\/boutique-one-piece.com\/es\/wp-json\/wp\/v2\/product_cat?post=10206"},{"taxonomy":"product_tag","embeddable":true,"href":"https:\/\/boutique-one-piece.com\/es\/wp-json\/wp\/v2\/product_tag?post=10206"}],"curies":[{"name":"wp","href":"https:\/\/api.w.org\/{rel}","templated":true}]}}