{"id":10271,"date":"2022-09-27T20:33:22","date_gmt":"2022-09-27T20:33:22","guid":{"rendered":"https:\/\/boutique-one-piece.com\/uncategorized\/peluche-vogue-merry\/"},"modified":"2024-11-12T21:38:16","modified_gmt":"2024-11-12T21:38:16","slug":"peluche-vogue-merry","status":"publish","type":"product","link":"https:\/\/boutique-one-piece.com\/es\/peluches-de-one-piece\/peluche-vogue-merry\/","title":{"rendered":"Peluche alegre de Vogue"},"content":{"rendered":"<h2>Jeune pirate, embarque le temps d\u2019un instant sur l\u2019ancien navire de l\u2019\u00c9quipage du Chapeau de Paille. Pour ce faire procure-toi d\u00e8s maintenant cette Peluche Vogue Merry.<\/h2>\n<p><strong>El Going Merry<\/strong>, a menudo llamada cari\u00f1osamente Merry, era la <strong>primer barco<\/strong> de L\u2019\u00c9quipage du Chapeau de Paille. Le Vogue Merry les emmena d\u2019East Blue, du village natal d\u2019Usopp jusqu\u2019\u00e0 Water Seven. C\u2019est une caravelle qui a \u00e9t\u00e9 con\u00e7ue par Merry, le majordome (apr\u00e8s Kuro) de Kaya. L\u2019\u00c9quipage du Chapeau de Paille l\u2019a re\u00e7u en tant que r\u00e9compense de Kaya pour l\u2019avoir sauv\u00e9e de l\u2019imminent meurtre de Kuro. Au fil du temps, le navire se fait si aimer par l\u2019\u00e9quipage en tant que maison qu\u2019il s\u2019est litt\u00e9ralement constitu\u00e9 une personnalit\u00e9 propre et faisait partie de l\u2019\u00e9quipage comme n\u2019importe quel autre membre.<\/p>\n<p>Desafortunadamente, el Going Merry sufri\u00f3 una cantidad incre\u00edble de da\u00f1os durante su vida \u00fatil: fue volado, empalado e incluso atravesado varias veces. Obviamente, el barco no pod\u00eda continuar as\u00ed. Por lo tanto, tras llegar a Water 7, <strong>Recibi\u00f3 un funeral vikingo<\/strong>. D\u00e9sormais l\u2019\u00e9quipage de Luffy, navigue \u00e0 bord du Thousand Sunny. D\u2019ailleurs, la <a title=\"PELUCHE MIL SOLES\" href=\"https:\/\/boutique-one-piece.com\/es\/peluche-thousand-sunny\/\" target=\"_blank\" rel=\"noopener\">Peluche de barco soleado<\/a> Est\u00e1 a tu alcance.<\/p>\n<h3>Jeune pirate, embarque \u00e0 bord du Vogue Merry. La peluche \u00e0 l\u2019effigie de ce navire t\u2019entrainera dans bien des aventures que Luffy et son \u00e9quipage ont v\u00e9cu.<\/h3>\n<p>Ya seas un fan\u00e1tico incondicional o un coleccionista serio, est\u00e1s en el lugar correcto. Estos <strong>objetos m\u00edticos<\/strong> te replongeront au sein de ton univers anim\u00e9 favori. N\u2019h\u00e9site plus et saute sur l\u2019occasion de pouvoir vivre encore et encore bien des aventures tr\u00e9pidantes au sein de l\u2019univers fantastique de Luffy. Il ne te reste plus qu\u2019\u00e0 partir \u00e0 la conqu\u00eate du<strong> Una pieza<\/strong>.<\/p>\n<h2>Informaci\u00f3n sobre el peluche One Piece Vogue Merry:<\/h2>\n<ul>\n<li>\u00a0<b>Tipo de producto<\/b><span>\u00a0<\/span>Peluche de manga de One Piece<\/li>\n<\/ul>\n<ul>\n<li>\n<b>Uso del Peluce<\/b>\u00a0Juguetes, decoraciones, coleccionables, regalos.<\/li>\n<\/ul>\n<ul>\n<li>\n<b>Nombre del personaje<\/b>\u00a0Vogue Merry<\/li>\n<\/ul>\n<ul>\n<li>\n<b>Tama\u00f1o del juguete de peluche<\/b>\u00a0:25 cent\u00edmetros<\/li>\n<\/ul>\n<ul>\n<li>\n<b>Asunto<\/b>\u00a0: Algod\u00f3n<\/li>\n<\/ul>\n<ul>\n<li>\n<b>Edad recomendada<\/b>\u00a0:m\u00e1s de 3 a\u00f1os<\/li>\n<\/ul>\n<ul>\n<li>\n<b>Entrega gratuita<\/b> para cualquier compra<\/li>\n<\/ul>","protected":false},"excerpt":{"rendered":"<p>Jeune pirate, embarque le temps d\u2019un instant sur l\u2019ancien navire de l\u2019\u00c9quipage du Chapeau de Paille. Pour ce faire procure-toi d\u00e8s maintenant cette Peluche Vogue Merry. Le Vogue Merry, souvent tendrement appel\u00e9 Merry, \u00e9tait le premier navire de L\u2019\u00c9quipage du Chapeau de Paille. Le Vogue Merry les emmena d\u2019East Blue, du village natal d\u2019Usopp jusqu\u2019\u00e0 [&hellip;]<\/p>","protected":false},"featured_media":10273,"comment_status":"open","ping_status":"open","template":"","meta":[],"product_brand":[],"product_cat":[177],"product_tag":[324],"class_list":{"0":"post-10271","1":"product","2":"type-product","3":"status-publish","4":"has-post-thumbnail","6":"product_cat-peluches-one-piece","7":"product_tag-vogue-merry","9":"first","10":"instock","11":"purchasable","12":"product-type-simple"},"yoast_head":"<!-- This site is optimized with the Yoast SEO plugin v27.5 - https:\/\/yoast.com\/product\/yoast-seo-wordpress\/ -->\n<title>Peluche Vogue Merry | Boutique One Piece<\/title>\n<meta name=\"description\" content=\"D\u00e9couvrez la peluche One Piece bateau Vogue Merry, elle est aussi douce que mignonne ! Commencez votre aventure de pirate \u00e0 la recherche du One Piece dans l&#039;\u00e9quipage du Chapeau de Paille\" \/>\n<meta name=\"robots\" content=\"index, follow, max-snippet:-1, max-image-preview:large, max-video-preview:-1\" \/>\n<link rel=\"canonical\" href=\"https:\/\/boutique-one-piece.com\/es\/peluches-de-one-piece\/peluche-vogue-merry\/\" \/>\n<meta property=\"og:locale\" content=\"es_ES\" \/>\n<meta property=\"og:type\" content=\"article\" \/>\n<meta property=\"og:title\" content=\"Peluche Vogue Merry | Boutique One Piece\" \/>\n<meta property=\"og:description\" content=\"D\u00e9couvrez la peluche One Piece bateau Vogue Merry, elle est aussi douce que mignonne ! Commencez votre aventure de pirate \u00e0 la recherche du One Piece dans l&#039;\u00e9quipage du Chapeau de Paille\" \/>\n<meta property=\"og:url\" content=\"https:\/\/boutique-one-piece.com\/es\/peluches-de-one-piece\/peluche-vogue-merry\/\" \/>\n<meta property=\"og:site_name\" content=\"Boutique One Piece\" \/>\n<meta property=\"article:modified_time\" content=\"2024-11-12T21:38:16+00:00\" \/>\n<meta property=\"og:image\" content=\"https:\/\/boutique-one-piece.com\/wp-content\/uploads\/2022\/09\/Peluche-Vogue-Merry-1.png\" \/>\n\t<meta property=\"og:image:width\" content=\"500\" \/>\n\t<meta property=\"og:image:height\" content=\"500\" \/>\n\t<meta property=\"og:image:type\" content=\"image\/png\" \/>\n<meta name=\"twitter:card\" content=\"summary_large_image\" \/>\n<meta name=\"twitter:label1\" content=\"Tiempo de lectura\" \/>\n\t<meta name=\"twitter:data1\" content=\"2 minutos\" \/>\n<script type=\"application\/ld+json\" class=\"yoast-schema-graph\">{\"@context\":\"https:\\\/\\\/schema.org\",\"@graph\":[{\"@type\":\"WebPage\",\"@id\":\"https:\\\/\\\/boutique-one-piece.com\\\/peluches-one-piece\\\/peluche-vogue-merry\\\/\",\"url\":\"https:\\\/\\\/boutique-one-piece.com\\\/peluches-one-piece\\\/peluche-vogue-merry\\\/\",\"name\":\"Peluche Vogue Merry | Boutique One Piece\",\"isPartOf\":{\"@id\":\"https:\\\/\\\/boutique-one-piece.com\\\/#website\"},\"primaryImageOfPage\":{\"@id\":\"https:\\\/\\\/boutique-one-piece.com\\\/peluches-one-piece\\\/peluche-vogue-merry\\\/#primaryimage\"},\"image\":{\"@id\":\"https:\\\/\\\/boutique-one-piece.com\\\/peluches-one-piece\\\/peluche-vogue-merry\\\/#primaryimage\"},\"thumbnailUrl\":\"https:\\\/\\\/boutique-one-piece.com\\\/wp-content\\\/uploads\\\/2022\\\/09\\\/Peluche-Vogue-Merry-1.png\",\"datePublished\":\"2022-09-27T20:33:22+00:00\",\"dateModified\":\"2024-11-12T21:38:16+00:00\",\"description\":\"D\u00e9couvrez la peluche One Piece bateau Vogue Merry, elle est aussi douce que mignonne ! Commencez votre aventure de pirate \u00e0 la recherche du One Piece dans l'\u00e9quipage du Chapeau de Paille\",\"breadcrumb\":{\"@id\":\"https:\\\/\\\/boutique-one-piece.com\\\/peluches-one-piece\\\/peluche-vogue-merry\\\/#breadcrumb\"},\"inLanguage\":\"es\",\"potentialAction\":[{\"@type\":\"ReadAction\",\"target\":[\"https:\\\/\\\/boutique-one-piece.com\\\/peluches-one-piece\\\/peluche-vogue-merry\\\/\"]}]},{\"@type\":\"ImageObject\",\"inLanguage\":\"es\",\"@id\":\"https:\\\/\\\/boutique-one-piece.com\\\/peluches-one-piece\\\/peluche-vogue-merry\\\/#primaryimage\",\"url\":\"https:\\\/\\\/boutique-one-piece.com\\\/wp-content\\\/uploads\\\/2022\\\/09\\\/Peluche-Vogue-Merry-1.png\",\"contentUrl\":\"https:\\\/\\\/boutique-one-piece.com\\\/wp-content\\\/uploads\\\/2022\\\/09\\\/Peluche-Vogue-Merry-1.png\",\"width\":500,\"height\":500},{\"@type\":\"BreadcrumbList\",\"@id\":\"https:\\\/\\\/boutique-one-piece.com\\\/peluches-one-piece\\\/peluche-vogue-merry\\\/#breadcrumb\",\"itemListElement\":[{\"@type\":\"ListItem\",\"position\":1,\"name\":\"Home\",\"item\":\"https:\\\/\\\/boutique-one-piece.com\\\/\"},{\"@type\":\"ListItem\",\"position\":2,\"name\":\"Shop\",\"item\":\"https:\\\/\\\/boutique-one-piece.com\\\/shop\\\/\"},{\"@type\":\"ListItem\",\"position\":3,\"name\":\"Peluche Vogue Merry\"}]},{\"@type\":\"WebSite\",\"@id\":\"https:\\\/\\\/boutique-one-piece.com\\\/#website\",\"url\":\"https:\\\/\\\/boutique-one-piece.com\\\/\",\"name\":\"Boutique One Piece\",\"description\":\"Magasin Sp\u00e9cialis\u00e9 du Manga et l&#039;Anime One Piece\",\"publisher\":{\"@id\":\"https:\\\/\\\/boutique-one-piece.com\\\/#organization\"},\"potentialAction\":[{\"@type\":\"SearchAction\",\"target\":{\"@type\":\"EntryPoint\",\"urlTemplate\":\"https:\\\/\\\/boutique-one-piece.com\\\/?s={search_term_string}\"},\"query-input\":{\"@type\":\"PropertyValueSpecification\",\"valueRequired\":true,\"valueName\":\"search_term_string\"}}],\"inLanguage\":\"es\"},{\"@type\":\"Organization\",\"@id\":\"https:\\\/\\\/boutique-one-piece.com\\\/#organization\",\"name\":\"Boutique One Piece\",\"url\":\"https:\\\/\\\/boutique-one-piece.com\\\/\",\"logo\":{\"@type\":\"ImageObject\",\"inLanguage\":\"es\",\"@id\":\"https:\\\/\\\/boutique-one-piece.com\\\/#\\\/schema\\\/logo\\\/image\\\/\",\"url\":\"https:\\\/\\\/boutique-one-piece.com\\\/wp-content\\\/uploads\\\/2022\\\/09\\\/Logo-01.png\",\"contentUrl\":\"https:\\\/\\\/boutique-one-piece.com\\\/wp-content\\\/uploads\\\/2022\\\/09\\\/Logo-01.png\",\"width\":2318,\"height\":957,\"caption\":\"Boutique One Piece\"},\"image\":{\"@id\":\"https:\\\/\\\/boutique-one-piece.com\\\/#\\\/schema\\\/logo\\\/image\\\/\"}}]}<\/script>\n<!-- \/ Yoast SEO plugin. -->","yoast_head_json":{"title":"Peluche Vogue Merry | Tienda One Piece","description":"Descubre el peluche Going Merry de One Piece; \u00a1es tan suave como adorable! Empieza tu aventura pirata en busca del One Piece con la tripulaci\u00f3n del Sombrero de Paja.","robots":{"index":"index","follow":"follow","max-snippet":"max-snippet:-1","max-image-preview":"max-image-preview:large","max-video-preview":"max-video-preview:-1"},"canonical":"https:\/\/boutique-one-piece.com\/es\/peluches-de-one-piece\/peluche-vogue-merry\/","og_locale":"es_ES","og_type":"article","og_title":"Peluche Vogue Merry | Boutique One Piece","og_description":"D\u00e9couvrez la peluche One Piece bateau Vogue Merry, elle est aussi douce que mignonne ! Commencez votre aventure de pirate \u00e0 la recherche du One Piece dans l'\u00e9quipage du Chapeau de Paille","og_url":"https:\/\/boutique-one-piece.com\/es\/peluches-de-one-piece\/peluche-vogue-merry\/","og_site_name":"Boutique One Piece","article_modified_time":"2024-11-12T21:38:16+00:00","og_image":[{"width":500,"height":500,"url":"https:\/\/boutique-one-piece.com\/wp-content\/uploads\/2022\/09\/Peluche-Vogue-Merry-1.png","type":"image\/png"}],"twitter_card":"summary_large_image","twitter_misc":{"Tiempo de lectura":"2 minutos"},"schema":{"@context":"https:\/\/schema.org","@graph":[{"@type":"WebPage","@id":"https:\/\/boutique-one-piece.com\/peluches-one-piece\/peluche-vogue-merry\/","url":"https:\/\/boutique-one-piece.com\/peluches-one-piece\/peluche-vogue-merry\/","name":"Peluche Vogue Merry | Tienda One Piece","isPartOf":{"@id":"https:\/\/boutique-one-piece.com\/#website"},"primaryImageOfPage":{"@id":"https:\/\/boutique-one-piece.com\/peluches-one-piece\/peluche-vogue-merry\/#primaryimage"},"image":{"@id":"https:\/\/boutique-one-piece.com\/peluches-one-piece\/peluche-vogue-merry\/#primaryimage"},"thumbnailUrl":"https:\/\/boutique-one-piece.com\/wp-content\/uploads\/2022\/09\/Peluche-Vogue-Merry-1.png","datePublished":"2022-09-27T20:33:22+00:00","dateModified":"2024-11-12T21:38:16+00:00","description":"Descubre el peluche Going Merry de One Piece; \u00a1es tan suave como adorable! Empieza tu aventura pirata en busca del One Piece con la tripulaci\u00f3n del Sombrero de Paja.","breadcrumb":{"@id":"https:\/\/boutique-one-piece.com\/peluches-one-piece\/peluche-vogue-merry\/#breadcrumb"},"inLanguage":"es","potentialAction":[{"@type":"ReadAction","target":["https:\/\/boutique-one-piece.com\/peluches-one-piece\/peluche-vogue-merry\/"]}]},{"@type":"ImageObject","inLanguage":"es","@id":"https:\/\/boutique-one-piece.com\/peluches-one-piece\/peluche-vogue-merry\/#primaryimage","url":"https:\/\/boutique-one-piece.com\/wp-content\/uploads\/2022\/09\/Peluche-Vogue-Merry-1.png","contentUrl":"https:\/\/boutique-one-piece.com\/wp-content\/uploads\/2022\/09\/Peluche-Vogue-Merry-1.png","width":500,"height":500},{"@type":"BreadcrumbList","@id":"https:\/\/boutique-one-piece.com\/peluches-one-piece\/peluche-vogue-merry\/#breadcrumb","itemListElement":[{"@type":"ListItem","position":1,"name":"Home","item":"https:\/\/boutique-one-piece.com\/"},{"@type":"ListItem","position":2,"name":"Shop","item":"https:\/\/boutique-one-piece.com\/shop\/"},{"@type":"ListItem","position":3,"name":"Peluche Vogue Merry"}]},{"@type":"WebSite","@id":"https:\/\/boutique-one-piece.com\/#website","url":"https:\/\/boutique-one-piece.com\/","name":"Tienda de One Piece","description":"Tienda especializada en manga y anime de One Piece","publisher":{"@id":"https:\/\/boutique-one-piece.com\/#organization"},"potentialAction":[{"@type":"SearchAction","target":{"@type":"EntryPoint","urlTemplate":"https:\/\/boutique-one-piece.com\/?s={search_term_string}"},"query-input":{"@type":"PropertyValueSpecification","valueRequired":true,"valueName":"search_term_string"}}],"inLanguage":"es"},{"@type":"Organization","@id":"https:\/\/boutique-one-piece.com\/#organization","name":"Tienda de One Piece","url":"https:\/\/boutique-one-piece.com\/","logo":{"@type":"ImageObject","inLanguage":"es","@id":"https:\/\/boutique-one-piece.com\/#\/schema\/logo\/image\/","url":"https:\/\/boutique-one-piece.com\/wp-content\/uploads\/2022\/09\/Logo-01.png","contentUrl":"https:\/\/boutique-one-piece.com\/wp-content\/uploads\/2022\/09\/Logo-01.png","width":2318,"height":957,"caption":"Boutique One Piece"},"image":{"@id":"https:\/\/boutique-one-piece.com\/#\/schema\/logo\/image\/"}}]}},"_links":{"self":[{"href":"https:\/\/boutique-one-piece.com\/es\/wp-json\/wp\/v2\/product\/10271","targetHints":{"allow":["GET"]}}],"collection":[{"href":"https:\/\/boutique-one-piece.com\/es\/wp-json\/wp\/v2\/product"}],"about":[{"href":"https:\/\/boutique-one-piece.com\/es\/wp-json\/wp\/v2\/types\/product"}],"replies":[{"embeddable":true,"href":"https:\/\/boutique-one-piece.com\/es\/wp-json\/wp\/v2\/comments?post=10271"}],"wp:featuredmedia":[{"embeddable":true,"href":"https:\/\/boutique-one-piece.com\/es\/wp-json\/wp\/v2\/media\/10273"}],"wp:attachment":[{"href":"https:\/\/boutique-one-piece.com\/es\/wp-json\/wp\/v2\/media?parent=10271"}],"wp:term":[{"taxonomy":"product_brand","embeddable":true,"href":"https:\/\/boutique-one-piece.com\/es\/wp-json\/wp\/v2\/product_brand?post=10271"},{"taxonomy":"product_cat","embeddable":true,"href":"https:\/\/boutique-one-piece.com\/es\/wp-json\/wp\/v2\/product_cat?post=10271"},{"taxonomy":"product_tag","embeddable":true,"href":"https:\/\/boutique-one-piece.com\/es\/wp-json\/wp\/v2\/product_tag?post=10271"}],"curies":[{"name":"wp","href":"https:\/\/api.w.org\/{rel}","templated":true}]}}