{"id":10601,"date":"2022-09-27T20:35:25","date_gmt":"2022-09-27T20:35:25","guid":{"rendered":"https:\/\/boutique-one-piece.com\/uncategorized\/puzzle-1000-pieeces-one-piece-cadre-photo\/"},"modified":"2024-09-16T12:09:36","modified_gmt":"2024-09-16T12:09:36","slug":"puzzle-1000-piezas-marco-de-fotos-de-una-pieza","status":"publish","type":"product","link":"https:\/\/boutique-one-piece.com\/es\/articulos-de-one-piece\/obsequios-de-nami-one-piece\/puzzle-1000-piezas-marco-de-fotos-de-una-pieza\/","title":{"rendered":"Marco de fotos de una pieza de rompecabezas de 1000 piezas"},"content":{"rendered":"<p><meta charset=\"utf-8\"><\/p>\n<h2>\n<b>Rompecabezas impreso de 1000 piezas de One Piece en estilo marco de fotos con personajes ic\u00f3nicos de la aventura de One Piece<\/b><b>,\u00a0<\/b>\u00a1Un s\u00faper juego para un pirata como t\u00fa!<\/h2>\n<p>Si eres un\u00a0<strong>pirata real<\/strong>,\u00a0<strong>peque\u00f1o<\/strong>\u00a0O\u00a0<strong>grande<\/strong>,Lo apreciar\u00e1s.<span>\u00a0<\/span>all\u00e1\u00a0<strong>calidad<\/strong>\u00a0del\u00a0<strong>piezas de madera<\/strong>, del\u00a0<strong>pintar<\/strong>\u00a0Y\u00a0<strong>Impresi\u00f3n 3D<\/strong>\u00a0de esto\u00a0<strong>Rompecabezas de 1000 piezas de One Piece<\/strong>\u00a0Pero lo m\u00e1s importante es que con este juego de rompecabezas ser\u00e1s parte de\u00a0<strong>el equipo de fans<\/strong>\u00a0de\u00a0<strong>manga pirata<\/strong>\u00a0y obtendr\u00e1s:<\/p>\n<ul>\n<li>\u00a0<strong>Admiraci\u00f3n<\/strong>\u00a0De todos los fans de\u00a0<strong>mugiwara<\/strong>\u00a0que invitar\u00e1s a jugar en tu casa<\/li>\n<\/ul>\n<ul>\n<li>Un verdadero\u00a0<strong>rompecabezas impreso<\/strong>\u00a0con el que puedes<strong>\u00a0divertirse<\/strong><span>\u00a0<\/span>para reunir todas las piezas para<strong>\u00a0revelar<\/strong>\u00a0<strong>todos los personajes<\/strong>\n<\/li>\n<\/ul>\n<p>\u00a0Entonces, \u00bflisto para?<span>\u00a0<\/span><strong>jugar<\/strong><span>\u00a0<\/span>con un juego<span>\u00a0<\/span><strong>Una pieza<\/strong>\u00a0?<\/p>\n<h2>\u00bfEres fan del manga o anime de One Piece? \u00a1Demu\u00e9stralo con esto!<span>\u00a0<\/span>\u00a1Rompecabezas de One Piece de 1000 piezas!<\/h2>\n<p>Si usted\u00a0<strong>leer<\/strong>\u00a0o donde sea que mires\u00a0<strong>el anime\u00a0<\/strong><strong>japon\u00e9s<\/strong>, Hay una buena posibilidad de que te hayas convertido\u00a0<strong>loco por One Piece<\/strong>\u00a0\u00a1Con esto!\u00a0<strong>Marco de fotos de rompecabezas de 1000 piezas<\/strong>, \u00danete a la\u2019<strong>tripulaci\u00f3n de fans de la franquicia<\/strong><\/p>\n<h2><strong>Informaci\u00f3n del rompecabezas:<\/strong><\/h2>\n<ul>\n<li>\n<strong>Rompecabezas impreso de alta calidad\u00a0<\/strong>Las piezas est\u00e1n hechas de madera.<\/li>\n<\/ul>\n<ul>\n<li>\n<strong>Rompecabezas de dise\u00f1o ultra<\/strong>\u00a0Este rompecabezas de 1000 piezas es absolutamente hermoso una vez terminado.\u00a0<strong>finalizado<\/strong>\u00a0Puedes usarlo como\u00a0<strong>cuadro<\/strong>, Los fan\u00e1ticos no pueden evitar amarlo.<\/li>\n<\/ul>\n<ul>\n<li>\n<strong>Color e impresi\u00f3n\u00a0<\/strong>Rompecabezas de una pieza con una impresi\u00f3n\u00a0<strong>Lienzo<\/strong>\u00a0El punto de referencia en la impresi\u00f3n<\/li>\n<\/ul>\n<ul>\n<li>\n<strong>Dificultad media<\/strong>\u00a0:Perfectamente adecuado para ni\u00f1os de\u00a0<strong>6 a\u00f1os<\/strong>. Antes de esa edad, la\u00a0<strong>escucha<\/strong>\u00a0de un\u00a0<strong>adulto<\/strong>\u00a0Este\u00a0<strong>recomendado<\/strong>\n<\/li>\n<\/ul>\n<ul>\n<li>\n<strong>Para ni\u00f1os y adultos<\/strong>\u00a0Esta es una buena oportunidad para hacer una\u00a0<strong>actividad divertida<\/strong>\u00a0Y\u00a0<strong>emocionante<\/strong>\u00a0Con tu\u00a0<strong>ni\u00f1o<\/strong>\u00a0o con tu\u00a0<strong>padres<\/strong>\n<\/li>\n<\/ul>\n<ul>\n<li>\n<strong>Dimensi\u00f3n\u00a0<\/strong>: altura\u00a0<strong>50 cent\u00edmetros<\/strong>, ancho\u00a0<strong>75 cent\u00edmetros<\/strong>, espesor\u00a0<strong>2 mil\u00edmetros<\/strong>\n<\/li>\n<\/ul>\n<ul>\n<li>\n<strong>Entrega gratuita\u00a0<\/strong>para cualquier compra<\/li>\n<\/ul>\n<h2><b><img fetchpriority=\"high\" decoding=\"async\" src=\"https:\/\/cdn.shopify.com\/s\/files\/1\/0087\/7556\/5348\/files\/puzzle_one_piece_1000_pieces_en_bois_large.jpg?v=1561382263\" alt=\"Juego de madera One Piece\" width=\"287\" height=\"283\"><\/b><\/h2>\n<ul><\/ul>","protected":false},"excerpt":{"rendered":"<p>Puzzle impreso de One Piece de 1000 piezas con marco de fotos y personajes ic\u00f3nicos de la aventura de One Piece. \u00a1Un juego genial para un pirata como t\u00fa! Si eres un aut\u00e9ntico pirata, joven o mayor, apreciar\u00e1s la calidad de las piezas de madera, la pintura y la impresi\u00f3n 3D de este puzzle de One Piece de 1000 piezas. Pero lo m\u00e1s importante es que, con este puzzle, te convertir\u00e1s en parte de la tripulaci\u00f3n de fans del manga pirata y [\u2026]<\/p>","protected":false},"featured_media":10603,"comment_status":"open","ping_status":"open","template":"","meta":[],"product_brand":[],"product_cat":[157,153,198,155,164,197],"product_tag":[176,286,175,158,165,129,336,201,92,210,272,154,205,180,112,144,113],"class_list":{"0":"post-10601","1":"product","2":"type-product","3":"status-publish","4":"has-post-thumbnail","6":"product_cat-goodies-brook-one-piece","7":"product_cat-goodies-nami-one-piece","8":"product_cat-goodies-nico-robin-one-piece","9":"product_cat-goodies-usopp-one-piece","10":"product_cat-goodies-vinsmoke-sanji-one-piece","11":"product_cat-puzzles-one-piece","12":"product_tag-ace","13":"product_tag-barbe-noire","14":"product_tag-boa-hancock","15":"product_tag-brook","16":"product_tag-chopper","17":"product_tag-franky","18":"product_tag-garp","19":"product_tag-kid","20":"product_tag-luffy","21":"product_tag-marco","22":"product_tag-mihawk","23":"product_tag-nami","24":"product_tag-robin","25":"product_tag-sabo","26":"product_tag-sanji","27":"product_tag-usopp","28":"product_tag-zoro","30":"first","31":"instock","32":"purchasable","33":"product-type-simple"},"yoast_head":"<!-- This site is optimized with the Yoast SEO plugin v27.5 - https:\/\/yoast.com\/product\/yoast-seo-wordpress\/ -->\n<title>Puzzle 1000 Pi\u00e8eces Cadre Photo | Boutique One Piece<\/title>\n<meta name=\"description\" content=\"Puzzle Imprim\u00e9 1000 Pi\u00e8ces One Piece Fa\u00e7on Cadre Photo avec des Personnages Embl\u00e9matique de l&#039;Aventure One Piece Jeux Puzzle Imrpim\u00e9 Sur Bois Tr\u00e8s Haute Qualit\u00e9\" \/>\n<meta name=\"robots\" content=\"index, follow, max-snippet:-1, max-image-preview:large, max-video-preview:-1\" \/>\n<link rel=\"canonical\" href=\"https:\/\/boutique-one-piece.com\/es\/articulos-de-one-piece\/mercancia-de-one-piece-de-nico-robin\/puzzle-1000-piezas-marco-de-fotos-de-una-pieza\/\" \/>\n<meta property=\"og:locale\" content=\"es_ES\" \/>\n<meta property=\"og:type\" content=\"article\" \/>\n<meta property=\"og:title\" content=\"Puzzle 1000 Pi\u00e8eces Cadre Photo | Boutique One Piece\" \/>\n<meta property=\"og:description\" content=\"Puzzle Imprim\u00e9 1000 Pi\u00e8ces One Piece Fa\u00e7on Cadre Photo avec des Personnages Embl\u00e9matique de l&#039;Aventure One Piece Jeux Puzzle Imrpim\u00e9 Sur Bois Tr\u00e8s Haute Qualit\u00e9\" \/>\n<meta property=\"og:url\" content=\"https:\/\/boutique-one-piece.com\/es\/articulos-de-one-piece\/mercancia-de-one-piece-de-nico-robin\/puzzle-1000-piezas-marco-de-fotos-de-una-pieza\/\" \/>\n<meta property=\"og:site_name\" content=\"Boutique One Piece\" \/>\n<meta property=\"article:modified_time\" content=\"2024-09-16T12:09:36+00:00\" \/>\n<meta property=\"og:image\" content=\"https:\/\/boutique-one-piece.com\/wp-content\/uploads\/2022\/09\/Puzzle-1000-Pieeces-One-Piece-Cadre-Photo-1.jpg\" \/>\n\t<meta property=\"og:image:width\" content=\"599\" \/>\n\t<meta property=\"og:image:height\" content=\"399\" \/>\n\t<meta property=\"og:image:type\" content=\"image\/jpeg\" \/>\n<meta name=\"twitter:card\" content=\"summary_large_image\" \/>\n<meta name=\"twitter:label1\" content=\"Tiempo de lectura\" \/>\n\t<meta name=\"twitter:data1\" content=\"2 minutos\" \/>\n<script type=\"application\/ld+json\" class=\"yoast-schema-graph\">{\"@context\":\"https:\\\/\\\/schema.org\",\"@graph\":[{\"@type\":\"WebPage\",\"@id\":\"https:\\\/\\\/boutique-one-piece.com\\\/goodies-one-piece\\\/goodies-nico-robin-one-piece\\\/puzzle-1000-pieeces-one-piece-cadre-photo\\\/\",\"url\":\"https:\\\/\\\/boutique-one-piece.com\\\/goodies-one-piece\\\/goodies-nico-robin-one-piece\\\/puzzle-1000-pieeces-one-piece-cadre-photo\\\/\",\"name\":\"Puzzle 1000 Pi\u00e8eces Cadre Photo | Boutique One Piece\",\"isPartOf\":{\"@id\":\"https:\\\/\\\/boutique-one-piece.com\\\/#website\"},\"primaryImageOfPage\":{\"@id\":\"https:\\\/\\\/boutique-one-piece.com\\\/goodies-one-piece\\\/goodies-nico-robin-one-piece\\\/puzzle-1000-pieeces-one-piece-cadre-photo\\\/#primaryimage\"},\"image\":{\"@id\":\"https:\\\/\\\/boutique-one-piece.com\\\/goodies-one-piece\\\/goodies-nico-robin-one-piece\\\/puzzle-1000-pieeces-one-piece-cadre-photo\\\/#primaryimage\"},\"thumbnailUrl\":\"https:\\\/\\\/boutique-one-piece.com\\\/wp-content\\\/uploads\\\/2022\\\/09\\\/Puzzle-1000-Pieeces-One-Piece-Cadre-Photo-1.jpg\",\"datePublished\":\"2022-09-27T20:35:25+00:00\",\"dateModified\":\"2024-09-16T12:09:36+00:00\",\"description\":\"Puzzle Imprim\u00e9 1000 Pi\u00e8ces One Piece Fa\u00e7on Cadre Photo avec des Personnages Embl\u00e9matique de l'Aventure One Piece Jeux Puzzle Imrpim\u00e9 Sur Bois Tr\u00e8s Haute Qualit\u00e9\",\"breadcrumb\":{\"@id\":\"https:\\\/\\\/boutique-one-piece.com\\\/goodies-one-piece\\\/goodies-nico-robin-one-piece\\\/puzzle-1000-pieeces-one-piece-cadre-photo\\\/#breadcrumb\"},\"inLanguage\":\"es\",\"potentialAction\":[{\"@type\":\"ReadAction\",\"target\":[\"https:\\\/\\\/boutique-one-piece.com\\\/goodies-one-piece\\\/goodies-nico-robin-one-piece\\\/puzzle-1000-pieeces-one-piece-cadre-photo\\\/\"]}]},{\"@type\":\"ImageObject\",\"inLanguage\":\"es\",\"@id\":\"https:\\\/\\\/boutique-one-piece.com\\\/goodies-one-piece\\\/goodies-nico-robin-one-piece\\\/puzzle-1000-pieeces-one-piece-cadre-photo\\\/#primaryimage\",\"url\":\"https:\\\/\\\/boutique-one-piece.com\\\/wp-content\\\/uploads\\\/2022\\\/09\\\/Puzzle-1000-Pieeces-One-Piece-Cadre-Photo-1.jpg\",\"contentUrl\":\"https:\\\/\\\/boutique-one-piece.com\\\/wp-content\\\/uploads\\\/2022\\\/09\\\/Puzzle-1000-Pieeces-One-Piece-Cadre-Photo-1.jpg\",\"width\":599,\"height\":399},{\"@type\":\"BreadcrumbList\",\"@id\":\"https:\\\/\\\/boutique-one-piece.com\\\/goodies-one-piece\\\/goodies-nico-robin-one-piece\\\/puzzle-1000-pieeces-one-piece-cadre-photo\\\/#breadcrumb\",\"itemListElement\":[{\"@type\":\"ListItem\",\"position\":1,\"name\":\"Home\",\"item\":\"https:\\\/\\\/boutique-one-piece.com\\\/\"},{\"@type\":\"ListItem\",\"position\":2,\"name\":\"Shop\",\"item\":\"https:\\\/\\\/boutique-one-piece.com\\\/shop\\\/\"},{\"@type\":\"ListItem\",\"position\":3,\"name\":\"Puzzle 1000 Pi\u00e8eces One Piece Cadre Photo\"}]},{\"@type\":\"WebSite\",\"@id\":\"https:\\\/\\\/boutique-one-piece.com\\\/#website\",\"url\":\"https:\\\/\\\/boutique-one-piece.com\\\/\",\"name\":\"Boutique One Piece\",\"description\":\"Magasin Sp\u00e9cialis\u00e9 du Manga et l&#039;Anime One Piece\",\"publisher\":{\"@id\":\"https:\\\/\\\/boutique-one-piece.com\\\/#organization\"},\"potentialAction\":[{\"@type\":\"SearchAction\",\"target\":{\"@type\":\"EntryPoint\",\"urlTemplate\":\"https:\\\/\\\/boutique-one-piece.com\\\/?s={search_term_string}\"},\"query-input\":{\"@type\":\"PropertyValueSpecification\",\"valueRequired\":true,\"valueName\":\"search_term_string\"}}],\"inLanguage\":\"es\"},{\"@type\":\"Organization\",\"@id\":\"https:\\\/\\\/boutique-one-piece.com\\\/#organization\",\"name\":\"Boutique One Piece\",\"url\":\"https:\\\/\\\/boutique-one-piece.com\\\/\",\"logo\":{\"@type\":\"ImageObject\",\"inLanguage\":\"es\",\"@id\":\"https:\\\/\\\/boutique-one-piece.com\\\/#\\\/schema\\\/logo\\\/image\\\/\",\"url\":\"https:\\\/\\\/boutique-one-piece.com\\\/wp-content\\\/uploads\\\/2022\\\/09\\\/Logo-01.png\",\"contentUrl\":\"https:\\\/\\\/boutique-one-piece.com\\\/wp-content\\\/uploads\\\/2022\\\/09\\\/Logo-01.png\",\"width\":2318,\"height\":957,\"caption\":\"Boutique One Piece\"},\"image\":{\"@id\":\"https:\\\/\\\/boutique-one-piece.com\\\/#\\\/schema\\\/logo\\\/image\\\/\"}}]}<\/script>\n<!-- \/ Yoast SEO plugin. -->","yoast_head_json":{"title":"Marco de fotos de rompecabezas de 1000 piezas | Tienda One Piece","description":"Rompecabezas impreso de One Piece de 1000 piezas con dise\u00f1o de marco de fotos, con personajes ic\u00f3nicos de la aventura de One Piece. Rompecabezas de madera impreso de alta calidad.","robots":{"index":"index","follow":"follow","max-snippet":"max-snippet:-1","max-image-preview":"max-image-preview:large","max-video-preview":"max-video-preview:-1"},"canonical":"https:\/\/boutique-one-piece.com\/es\/articulos-de-one-piece\/mercancia-de-one-piece-de-nico-robin\/puzzle-1000-piezas-marco-de-fotos-de-una-pieza\/","og_locale":"es_ES","og_type":"article","og_title":"Puzzle 1000 Pi\u00e8eces Cadre Photo | Boutique One Piece","og_description":"Puzzle Imprim\u00e9 1000 Pi\u00e8ces One Piece Fa\u00e7on Cadre Photo avec des Personnages Embl\u00e9matique de l'Aventure One Piece Jeux Puzzle Imrpim\u00e9 Sur Bois Tr\u00e8s Haute Qualit\u00e9","og_url":"https:\/\/boutique-one-piece.com\/es\/articulos-de-one-piece\/mercancia-de-one-piece-de-nico-robin\/puzzle-1000-piezas-marco-de-fotos-de-una-pieza\/","og_site_name":"Boutique One Piece","article_modified_time":"2024-09-16T12:09:36+00:00","og_image":[{"width":599,"height":399,"url":"https:\/\/boutique-one-piece.com\/wp-content\/uploads\/2022\/09\/Puzzle-1000-Pieeces-One-Piece-Cadre-Photo-1.jpg","type":"image\/jpeg"}],"twitter_card":"summary_large_image","twitter_misc":{"Tiempo de lectura":"2 minutos"},"schema":{"@context":"https:\/\/schema.org","@graph":[{"@type":"WebPage","@id":"https:\/\/boutique-one-piece.com\/goodies-one-piece\/goodies-nico-robin-one-piece\/puzzle-1000-pieeces-one-piece-cadre-photo\/","url":"https:\/\/boutique-one-piece.com\/goodies-one-piece\/goodies-nico-robin-one-piece\/puzzle-1000-pieeces-one-piece-cadre-photo\/","name":"Marco de fotos de rompecabezas de 1000 piezas | Tienda One Piece","isPartOf":{"@id":"https:\/\/boutique-one-piece.com\/#website"},"primaryImageOfPage":{"@id":"https:\/\/boutique-one-piece.com\/goodies-one-piece\/goodies-nico-robin-one-piece\/puzzle-1000-pieeces-one-piece-cadre-photo\/#primaryimage"},"image":{"@id":"https:\/\/boutique-one-piece.com\/goodies-one-piece\/goodies-nico-robin-one-piece\/puzzle-1000-pieeces-one-piece-cadre-photo\/#primaryimage"},"thumbnailUrl":"https:\/\/boutique-one-piece.com\/wp-content\/uploads\/2022\/09\/Puzzle-1000-Pieeces-One-Piece-Cadre-Photo-1.jpg","datePublished":"2022-09-27T20:35:25+00:00","dateModified":"2024-09-16T12:09:36+00:00","description":"Rompecabezas impreso de One Piece de 1000 piezas con dise\u00f1o de marco de fotos, con personajes ic\u00f3nicos de la aventura de One Piece. Rompecabezas de madera impreso de alta calidad.","breadcrumb":{"@id":"https:\/\/boutique-one-piece.com\/goodies-one-piece\/goodies-nico-robin-one-piece\/puzzle-1000-pieeces-one-piece-cadre-photo\/#breadcrumb"},"inLanguage":"es","potentialAction":[{"@type":"ReadAction","target":["https:\/\/boutique-one-piece.com\/goodies-one-piece\/goodies-nico-robin-one-piece\/puzzle-1000-pieeces-one-piece-cadre-photo\/"]}]},{"@type":"ImageObject","inLanguage":"es","@id":"https:\/\/boutique-one-piece.com\/goodies-one-piece\/goodies-nico-robin-one-piece\/puzzle-1000-pieeces-one-piece-cadre-photo\/#primaryimage","url":"https:\/\/boutique-one-piece.com\/wp-content\/uploads\/2022\/09\/Puzzle-1000-Pieeces-One-Piece-Cadre-Photo-1.jpg","contentUrl":"https:\/\/boutique-one-piece.com\/wp-content\/uploads\/2022\/09\/Puzzle-1000-Pieeces-One-Piece-Cadre-Photo-1.jpg","width":599,"height":399},{"@type":"BreadcrumbList","@id":"https:\/\/boutique-one-piece.com\/goodies-one-piece\/goodies-nico-robin-one-piece\/puzzle-1000-pieeces-one-piece-cadre-photo\/#breadcrumb","itemListElement":[{"@type":"ListItem","position":1,"name":"Home","item":"https:\/\/boutique-one-piece.com\/"},{"@type":"ListItem","position":2,"name":"Shop","item":"https:\/\/boutique-one-piece.com\/shop\/"},{"@type":"ListItem","position":3,"name":"Puzzle 1000 Pi\u00e8eces One Piece Cadre Photo"}]},{"@type":"WebSite","@id":"https:\/\/boutique-one-piece.com\/#website","url":"https:\/\/boutique-one-piece.com\/","name":"Tienda de One Piece","description":"Tienda especializada en manga y anime de One Piece","publisher":{"@id":"https:\/\/boutique-one-piece.com\/#organization"},"potentialAction":[{"@type":"SearchAction","target":{"@type":"EntryPoint","urlTemplate":"https:\/\/boutique-one-piece.com\/?s={search_term_string}"},"query-input":{"@type":"PropertyValueSpecification","valueRequired":true,"valueName":"search_term_string"}}],"inLanguage":"es"},{"@type":"Organization","@id":"https:\/\/boutique-one-piece.com\/#organization","name":"Tienda de One Piece","url":"https:\/\/boutique-one-piece.com\/","logo":{"@type":"ImageObject","inLanguage":"es","@id":"https:\/\/boutique-one-piece.com\/#\/schema\/logo\/image\/","url":"https:\/\/boutique-one-piece.com\/wp-content\/uploads\/2022\/09\/Logo-01.png","contentUrl":"https:\/\/boutique-one-piece.com\/wp-content\/uploads\/2022\/09\/Logo-01.png","width":2318,"height":957,"caption":"Boutique One Piece"},"image":{"@id":"https:\/\/boutique-one-piece.com\/#\/schema\/logo\/image\/"}}]}},"_links":{"self":[{"href":"https:\/\/boutique-one-piece.com\/es\/wp-json\/wp\/v2\/product\/10601","targetHints":{"allow":["GET"]}}],"collection":[{"href":"https:\/\/boutique-one-piece.com\/es\/wp-json\/wp\/v2\/product"}],"about":[{"href":"https:\/\/boutique-one-piece.com\/es\/wp-json\/wp\/v2\/types\/product"}],"replies":[{"embeddable":true,"href":"https:\/\/boutique-one-piece.com\/es\/wp-json\/wp\/v2\/comments?post=10601"}],"wp:featuredmedia":[{"embeddable":true,"href":"https:\/\/boutique-one-piece.com\/es\/wp-json\/wp\/v2\/media\/10603"}],"wp:attachment":[{"href":"https:\/\/boutique-one-piece.com\/es\/wp-json\/wp\/v2\/media?parent=10601"}],"wp:term":[{"taxonomy":"product_brand","embeddable":true,"href":"https:\/\/boutique-one-piece.com\/es\/wp-json\/wp\/v2\/product_brand?post=10601"},{"taxonomy":"product_cat","embeddable":true,"href":"https:\/\/boutique-one-piece.com\/es\/wp-json\/wp\/v2\/product_cat?post=10601"},{"taxonomy":"product_tag","embeddable":true,"href":"https:\/\/boutique-one-piece.com\/es\/wp-json\/wp\/v2\/product_tag?post=10601"}],"curies":[{"name":"wp","href":"https:\/\/api.w.org\/{rel}","templated":true}]}}