{"id":10971,"date":"2022-09-27T20:37:51","date_gmt":"2022-09-27T20:37:51","guid":{"rendered":"https:\/\/boutique-one-piece.com\/uncategorized\/short-de-bain-one-piece-nico-robin\/"},"modified":"2024-09-16T12:18:24","modified_gmt":"2024-09-16T12:18:24","slug":"banador-de-una-pieza-de-nico-robin","status":"publish","type":"product","link":"https:\/\/boutique-one-piece.com\/es\/articulos-de-one-piece\/mercancia-de-one-piece-de-nico-robin\/banador-de-una-pieza-de-nico-robin\/","title":{"rendered":"Ba\u00f1ador de una pieza Nico Robin"},"content":{"rendered":"<p><meta charset=\"utf-8\"><\/p>\n<h2>Short de Bain One Piece avec Robin l\u2019Enfant D\u00e9moniaque d\u2019Hoara, Un\u00a0Maillot de Bain de qualit\u00e9 pour un pirate comme\u00a0toi\u00a0!<\/h2>\n<p>Si eres un <strong>pirata real<\/strong>, Ser\u00e1s apreciado <strong>calidad de los materiales,<\/strong>\u00a0del <strong>dise\u00f1o <\/strong>y<strong> l\u2019impression 3D<\/strong>\u00a0de esto <strong>pantalones cortos de ba\u00f1o de una pieza<\/strong> Pero lo m\u00e1s importante es que con estos shorts ser\u00e1s parte de <strong>l\u2019\u00e9quipage\u00a0des fans<\/strong> de <strong>manga pirata<\/strong> y obtendr\u00e1s:<\/p>\n<ul>\n<li>\u00a0<strong>L\u2019admiration<\/strong> De todos los fans de <strong>mugiwara<\/strong> que conocer\u00e1s<\/li>\n<\/ul>\n<ul>\n<li>Un verdadero <strong>pantalones cortos de ba\u00f1o estampados<\/strong> con el que puedes nadar <strong>Grand Line<\/strong>, mais attention il est d\u00e9conseill\u00e9 d\u2019aller\u00a0dans la mer si\u00a0tu as mang\u00e9 un <strong>fruta del diablo<\/strong>\n<\/li>\n<\/ul>\n<p>Entonces, \u00bfest\u00e1 listo para ponerlo? <strong>bandera<\/strong>\u00a0del <strong>\u00faltimo<\/strong><strong>\u00a0des D\u00e9mons d\u2019Hoara<\/strong>\u00a0?<\/p>\n<h2>Es-tu un fan du manga ou de l\u2019anim\u00e9 One Piece ? Montre le avec ce Short de Bain !<\/h2>\n<p>Si usted <strong>leer<\/strong> o donde sea que mires\u00a0<strong>l\u2019anim\u00e9 japonais<\/strong>, Hay una buena posibilidad de que te hayas convertido <strong>loco por One Piece<\/strong> \u00a1Con esto! <strong>pantalones cortos de ba\u00f1o<\/strong> <strong>Nico Robin<\/strong>, rejoins\u00a0l\u2019<strong>tripulaci\u00f3n de fans de la franquicia<\/strong><\/p>\n<p>Estos pantalones cortos est\u00e1n disponibles en tallas<span>\u00a0<\/span><strong>XXS, XS, S, M, L, XL<\/strong>, il conviendra \u00e0 toutes les\u00a0cat\u00e9gories\u00a0de pirates, m\u00eame si tu n\u2019as pas <strong>d\u2019\u00e9p\u00e9e<\/strong>\u00a0o <strong>fruta del diablo<\/strong> Todav\u00eda puedes usarlo\u00a0<\/p>\n<p><strong>Nico Robin<\/strong> Tambi\u00e9n llamado <strong>l\u2019enfant d\u00e9moniaque<\/strong>, ella es originaria de <strong>d\u2019Hoara<\/strong>. Su <strong>cabeza<\/strong> Este <strong>precio inicial<\/strong> depuis qu\u2019elle a <strong>8 a\u00f1os<\/strong>, car c\u2019est l\u2019une des rares\u00a0<strong>arque\u00f3logo<\/strong>\u00a0dans\u00a0 l\u2019univers de <strong>Una pieza<\/strong> \u00bfQui\u00e9n tiene la capacidad de leer el <strong>Ponegliffes<\/strong><\/p>\n<p><meta charset=\"utf-8\"><\/p>\n<h3>N\u2019oublie pas de jeter\u00a0un oeil au guide des tailles ci-dessous.<\/h3>\n<p style=\"text-align: left;\"><span><img decoding=\"async\" alt=\"Gu\u00eda de tallas de pantalones cortos de una pieza Baim (xxs, xs, s, m, l, xl)\" src=\"\/\/cdn.shopify.com\/s\/files\/1\/0087\/7556\/5348\/files\/boutque_one__piece_tableau_taille_short_de_bain_large.jpg?v=1560446518\" style=\"float: none;\"><\/span><\/p>\n<h3>Instrucciones de lavado:<\/h3>\n<ul>\n<li>Lavado a m\u00e1quina a 30\u00b0C, ciclo delicado.<\/li>\n<\/ul>\n<ul>\n<li>Planchar del rev\u00e9s<\/li>\n<\/ul>\n<p>Para <strong>preservar la calidad<\/strong> de esto\u00a0<strong>Pantalones cortos de ba\u00f1o de una pieza<\/strong>, Te recomendamos que <strong>respeto<\/strong> EL <strong>instrucciones de lavado<\/strong>.<\/p>","protected":false},"excerpt":{"rendered":"<p>Short de Bain One Piece avec Robin l\u2019Enfant D\u00e9moniaque d\u2019Hoara, Un\u00a0Maillot de Bain de qualit\u00e9 pour un pirate comme\u00a0toi\u00a0! Si tu es un v\u00e9ritable pirate, tu seras appr\u00e9ci\u00e9 la qualit\u00e9 des mat\u00e9riaux,\u00a0de la conception et de l\u2019impression 3D\u00a0de ce short de bain One Piece !\u00a0Mais le plus important, avec ce short tu\u00a0feras partie de l\u2019\u00e9quipage\u00a0des [&hellip;]<\/p>","protected":false},"featured_media":10973,"comment_status":"open","ping_status":"open","template":"","meta":[],"product_brand":[],"product_cat":[198,66],"product_tag":[205],"class_list":{"0":"post-10971","1":"product","2":"type-product","3":"status-publish","4":"has-post-thumbnail","6":"product_cat-goodies-nico-robin-one-piece","7":"product_cat-shorts-de-bain-one-piece","8":"product_tag-robin","10":"first","11":"instock","12":"purchasable","13":"product-type-variable","14":"has-default-attributes"},"yoast_head":"<!-- This site is optimized with the Yoast SEO plugin v27.5 - https:\/\/yoast.com\/product\/yoast-seo-wordpress\/ -->\n<title>Short de Bain Nico Robin | Boutique One Piece<\/title>\n<meta name=\"description\" content=\"Maillot de Bain du Manga One Piece Haute Qualit\u00e9 avec Nico Robin l&#039;Enfant D\u00e9moniaque le Short de Bain parfait pour les Pirates qui vont \u00e0 la Mer ou \u00e0 la Piscine\" \/>\n<meta name=\"robots\" content=\"index, follow, max-snippet:-1, max-image-preview:large, max-video-preview:-1\" \/>\n<link rel=\"canonical\" href=\"https:\/\/boutique-one-piece.com\/es\/articulos-de-one-piece\/mercancia-de-one-piece-de-nico-robin\/banador-de-una-pieza-de-nico-robin\/\" \/>\n<meta property=\"og:locale\" content=\"es_ES\" \/>\n<meta property=\"og:type\" content=\"article\" \/>\n<meta property=\"og:title\" content=\"Short de Bain Nico Robin | Boutique One Piece\" \/>\n<meta property=\"og:description\" content=\"Maillot de Bain du Manga One Piece Haute Qualit\u00e9 avec Nico Robin l&#039;Enfant D\u00e9moniaque le Short de Bain parfait pour les Pirates qui vont \u00e0 la Mer ou \u00e0 la Piscine\" \/>\n<meta property=\"og:url\" content=\"https:\/\/boutique-one-piece.com\/es\/articulos-de-one-piece\/mercancia-de-one-piece-de-nico-robin\/banador-de-una-pieza-de-nico-robin\/\" \/>\n<meta property=\"og:site_name\" content=\"Boutique One Piece\" \/>\n<meta property=\"article:modified_time\" content=\"2024-09-16T12:18:24+00:00\" \/>\n<meta property=\"og:image\" content=\"https:\/\/boutique-one-piece.com\/wp-content\/uploads\/2022\/09\/Short-de-Bain-One-Piece-Nico-Robin.jpg\" \/>\n\t<meta property=\"og:image:width\" content=\"640\" \/>\n\t<meta property=\"og:image:height\" content=\"635\" \/>\n\t<meta property=\"og:image:type\" content=\"image\/jpeg\" \/>\n<meta name=\"twitter:card\" content=\"summary_large_image\" \/>\n<meta name=\"twitter:label1\" content=\"Tiempo de lectura\" \/>\n\t<meta name=\"twitter:data1\" content=\"2 minutos\" \/>\n<script type=\"application\/ld+json\" class=\"yoast-schema-graph\">{\"@context\":\"https:\\\/\\\/schema.org\",\"@graph\":[{\"@type\":\"WebPage\",\"@id\":\"https:\\\/\\\/boutique-one-piece.com\\\/goodies-one-piece\\\/goodies-nico-robin-one-piece\\\/short-de-bain-one-piece-nico-robin\\\/\",\"url\":\"https:\\\/\\\/boutique-one-piece.com\\\/goodies-one-piece\\\/goodies-nico-robin-one-piece\\\/short-de-bain-one-piece-nico-robin\\\/\",\"name\":\"Short de Bain Nico Robin | Boutique One Piece\",\"isPartOf\":{\"@id\":\"https:\\\/\\\/boutique-one-piece.com\\\/#website\"},\"primaryImageOfPage\":{\"@id\":\"https:\\\/\\\/boutique-one-piece.com\\\/goodies-one-piece\\\/goodies-nico-robin-one-piece\\\/short-de-bain-one-piece-nico-robin\\\/#primaryimage\"},\"image\":{\"@id\":\"https:\\\/\\\/boutique-one-piece.com\\\/goodies-one-piece\\\/goodies-nico-robin-one-piece\\\/short-de-bain-one-piece-nico-robin\\\/#primaryimage\"},\"thumbnailUrl\":\"https:\\\/\\\/boutique-one-piece.com\\\/wp-content\\\/uploads\\\/2022\\\/09\\\/Short-de-Bain-One-Piece-Nico-Robin.jpg\",\"datePublished\":\"2022-09-27T20:37:51+00:00\",\"dateModified\":\"2024-09-16T12:18:24+00:00\",\"description\":\"Maillot de Bain du Manga One Piece Haute Qualit\u00e9 avec Nico Robin l'Enfant D\u00e9moniaque le Short de Bain parfait pour les Pirates qui vont \u00e0 la Mer ou \u00e0 la Piscine\",\"breadcrumb\":{\"@id\":\"https:\\\/\\\/boutique-one-piece.com\\\/goodies-one-piece\\\/goodies-nico-robin-one-piece\\\/short-de-bain-one-piece-nico-robin\\\/#breadcrumb\"},\"inLanguage\":\"es\",\"potentialAction\":[{\"@type\":\"ReadAction\",\"target\":[\"https:\\\/\\\/boutique-one-piece.com\\\/goodies-one-piece\\\/goodies-nico-robin-one-piece\\\/short-de-bain-one-piece-nico-robin\\\/\"]}]},{\"@type\":\"ImageObject\",\"inLanguage\":\"es\",\"@id\":\"https:\\\/\\\/boutique-one-piece.com\\\/goodies-one-piece\\\/goodies-nico-robin-one-piece\\\/short-de-bain-one-piece-nico-robin\\\/#primaryimage\",\"url\":\"https:\\\/\\\/boutique-one-piece.com\\\/wp-content\\\/uploads\\\/2022\\\/09\\\/Short-de-Bain-One-Piece-Nico-Robin.jpg\",\"contentUrl\":\"https:\\\/\\\/boutique-one-piece.com\\\/wp-content\\\/uploads\\\/2022\\\/09\\\/Short-de-Bain-One-Piece-Nico-Robin.jpg\",\"width\":640,\"height\":635,\"caption\":\"Short de Bain One Piece Nico Robin xl\"},{\"@type\":\"BreadcrumbList\",\"@id\":\"https:\\\/\\\/boutique-one-piece.com\\\/goodies-one-piece\\\/goodies-nico-robin-one-piece\\\/short-de-bain-one-piece-nico-robin\\\/#breadcrumb\",\"itemListElement\":[{\"@type\":\"ListItem\",\"position\":1,\"name\":\"Home\",\"item\":\"https:\\\/\\\/boutique-one-piece.com\\\/\"},{\"@type\":\"ListItem\",\"position\":2,\"name\":\"Shop\",\"item\":\"https:\\\/\\\/boutique-one-piece.com\\\/shop\\\/\"},{\"@type\":\"ListItem\",\"position\":3,\"name\":\"Short de Bain One Piece Nico Robin\"}]},{\"@type\":\"WebSite\",\"@id\":\"https:\\\/\\\/boutique-one-piece.com\\\/#website\",\"url\":\"https:\\\/\\\/boutique-one-piece.com\\\/\",\"name\":\"Boutique One Piece\",\"description\":\"Magasin Sp\u00e9cialis\u00e9 du Manga et l&#039;Anime One Piece\",\"publisher\":{\"@id\":\"https:\\\/\\\/boutique-one-piece.com\\\/#organization\"},\"potentialAction\":[{\"@type\":\"SearchAction\",\"target\":{\"@type\":\"EntryPoint\",\"urlTemplate\":\"https:\\\/\\\/boutique-one-piece.com\\\/?s={search_term_string}\"},\"query-input\":{\"@type\":\"PropertyValueSpecification\",\"valueRequired\":true,\"valueName\":\"search_term_string\"}}],\"inLanguage\":\"es\"},{\"@type\":\"Organization\",\"@id\":\"https:\\\/\\\/boutique-one-piece.com\\\/#organization\",\"name\":\"Boutique One Piece\",\"url\":\"https:\\\/\\\/boutique-one-piece.com\\\/\",\"logo\":{\"@type\":\"ImageObject\",\"inLanguage\":\"es\",\"@id\":\"https:\\\/\\\/boutique-one-piece.com\\\/#\\\/schema\\\/logo\\\/image\\\/\",\"url\":\"https:\\\/\\\/boutique-one-piece.com\\\/wp-content\\\/uploads\\\/2022\\\/09\\\/Logo-01.png\",\"contentUrl\":\"https:\\\/\\\/boutique-one-piece.com\\\/wp-content\\\/uploads\\\/2022\\\/09\\\/Logo-01.png\",\"width\":2318,\"height\":957,\"caption\":\"Boutique One Piece\"},\"image\":{\"@id\":\"https:\\\/\\\/boutique-one-piece.com\\\/#\\\/schema\\\/logo\\\/image\\\/\"}}]}<\/script>\n<!-- \/ Yoast SEO plugin. -->","yoast_head_json":{"title":"Ba\u00f1ador Nico Robin | Tienda de trajes de ba\u00f1o de una pieza","description":"Traje de ba\u00f1o manga One Piece de alta calidad con Nico Robin, el ni\u00f1o demonio; el traje de ba\u00f1o perfecto para piratas que van al mar o la piscina.","robots":{"index":"index","follow":"follow","max-snippet":"max-snippet:-1","max-image-preview":"max-image-preview:large","max-video-preview":"max-video-preview:-1"},"canonical":"https:\/\/boutique-one-piece.com\/es\/articulos-de-one-piece\/mercancia-de-one-piece-de-nico-robin\/banador-de-una-pieza-de-nico-robin\/","og_locale":"es_ES","og_type":"article","og_title":"Short de Bain Nico Robin | Boutique One Piece","og_description":"Maillot de Bain du Manga One Piece Haute Qualit\u00e9 avec Nico Robin l'Enfant D\u00e9moniaque le Short de Bain parfait pour les Pirates qui vont \u00e0 la Mer ou \u00e0 la Piscine","og_url":"https:\/\/boutique-one-piece.com\/es\/articulos-de-one-piece\/mercancia-de-one-piece-de-nico-robin\/banador-de-una-pieza-de-nico-robin\/","og_site_name":"Boutique One Piece","article_modified_time":"2024-09-16T12:18:24+00:00","og_image":[{"width":640,"height":635,"url":"https:\/\/boutique-one-piece.com\/wp-content\/uploads\/2022\/09\/Short-de-Bain-One-Piece-Nico-Robin.jpg","type":"image\/jpeg"}],"twitter_card":"summary_large_image","twitter_misc":{"Tiempo de lectura":"2 minutos"},"schema":{"@context":"https:\/\/schema.org","@graph":[{"@type":"WebPage","@id":"https:\/\/boutique-one-piece.com\/goodies-one-piece\/goodies-nico-robin-one-piece\/short-de-bain-one-piece-nico-robin\/","url":"https:\/\/boutique-one-piece.com\/goodies-one-piece\/goodies-nico-robin-one-piece\/short-de-bain-one-piece-nico-robin\/","name":"Ba\u00f1ador Nico Robin | Tienda de trajes de ba\u00f1o de una pieza","isPartOf":{"@id":"https:\/\/boutique-one-piece.com\/#website"},"primaryImageOfPage":{"@id":"https:\/\/boutique-one-piece.com\/goodies-one-piece\/goodies-nico-robin-one-piece\/short-de-bain-one-piece-nico-robin\/#primaryimage"},"image":{"@id":"https:\/\/boutique-one-piece.com\/goodies-one-piece\/goodies-nico-robin-one-piece\/short-de-bain-one-piece-nico-robin\/#primaryimage"},"thumbnailUrl":"https:\/\/boutique-one-piece.com\/wp-content\/uploads\/2022\/09\/Short-de-Bain-One-Piece-Nico-Robin.jpg","datePublished":"2022-09-27T20:37:51+00:00","dateModified":"2024-09-16T12:18:24+00:00","description":"Traje de ba\u00f1o manga One Piece de alta calidad con Nico Robin, el ni\u00f1o demonio; el traje de ba\u00f1o perfecto para piratas que van al mar o la piscina.","breadcrumb":{"@id":"https:\/\/boutique-one-piece.com\/goodies-one-piece\/goodies-nico-robin-one-piece\/short-de-bain-one-piece-nico-robin\/#breadcrumb"},"inLanguage":"es","potentialAction":[{"@type":"ReadAction","target":["https:\/\/boutique-one-piece.com\/goodies-one-piece\/goodies-nico-robin-one-piece\/short-de-bain-one-piece-nico-robin\/"]}]},{"@type":"ImageObject","inLanguage":"es","@id":"https:\/\/boutique-one-piece.com\/goodies-one-piece\/goodies-nico-robin-one-piece\/short-de-bain-one-piece-nico-robin\/#primaryimage","url":"https:\/\/boutique-one-piece.com\/wp-content\/uploads\/2022\/09\/Short-de-Bain-One-Piece-Nico-Robin.jpg","contentUrl":"https:\/\/boutique-one-piece.com\/wp-content\/uploads\/2022\/09\/Short-de-Bain-One-Piece-Nico-Robin.jpg","width":640,"height":635,"caption":"Short de Bain One Piece Nico Robin xl"},{"@type":"BreadcrumbList","@id":"https:\/\/boutique-one-piece.com\/goodies-one-piece\/goodies-nico-robin-one-piece\/short-de-bain-one-piece-nico-robin\/#breadcrumb","itemListElement":[{"@type":"ListItem","position":1,"name":"Home","item":"https:\/\/boutique-one-piece.com\/"},{"@type":"ListItem","position":2,"name":"Shop","item":"https:\/\/boutique-one-piece.com\/shop\/"},{"@type":"ListItem","position":3,"name":"Short de Bain One Piece Nico Robin"}]},{"@type":"WebSite","@id":"https:\/\/boutique-one-piece.com\/#website","url":"https:\/\/boutique-one-piece.com\/","name":"Tienda de One Piece","description":"Tienda especializada en manga y anime de One Piece","publisher":{"@id":"https:\/\/boutique-one-piece.com\/#organization"},"potentialAction":[{"@type":"SearchAction","target":{"@type":"EntryPoint","urlTemplate":"https:\/\/boutique-one-piece.com\/?s={search_term_string}"},"query-input":{"@type":"PropertyValueSpecification","valueRequired":true,"valueName":"search_term_string"}}],"inLanguage":"es"},{"@type":"Organization","@id":"https:\/\/boutique-one-piece.com\/#organization","name":"Tienda de One Piece","url":"https:\/\/boutique-one-piece.com\/","logo":{"@type":"ImageObject","inLanguage":"es","@id":"https:\/\/boutique-one-piece.com\/#\/schema\/logo\/image\/","url":"https:\/\/boutique-one-piece.com\/wp-content\/uploads\/2022\/09\/Logo-01.png","contentUrl":"https:\/\/boutique-one-piece.com\/wp-content\/uploads\/2022\/09\/Logo-01.png","width":2318,"height":957,"caption":"Boutique One Piece"},"image":{"@id":"https:\/\/boutique-one-piece.com\/#\/schema\/logo\/image\/"}}]}},"_links":{"self":[{"href":"https:\/\/boutique-one-piece.com\/es\/wp-json\/wp\/v2\/product\/10971","targetHints":{"allow":["GET"]}}],"collection":[{"href":"https:\/\/boutique-one-piece.com\/es\/wp-json\/wp\/v2\/product"}],"about":[{"href":"https:\/\/boutique-one-piece.com\/es\/wp-json\/wp\/v2\/types\/product"}],"replies":[{"embeddable":true,"href":"https:\/\/boutique-one-piece.com\/es\/wp-json\/wp\/v2\/comments?post=10971"}],"wp:featuredmedia":[{"embeddable":true,"href":"https:\/\/boutique-one-piece.com\/es\/wp-json\/wp\/v2\/media\/10973"}],"wp:attachment":[{"href":"https:\/\/boutique-one-piece.com\/es\/wp-json\/wp\/v2\/media?parent=10971"}],"wp:term":[{"taxonomy":"product_brand","embeddable":true,"href":"https:\/\/boutique-one-piece.com\/es\/wp-json\/wp\/v2\/product_brand?post=10971"},{"taxonomy":"product_cat","embeddable":true,"href":"https:\/\/boutique-one-piece.com\/es\/wp-json\/wp\/v2\/product_cat?post=10971"},{"taxonomy":"product_tag","embeddable":true,"href":"https:\/\/boutique-one-piece.com\/es\/wp-json\/wp\/v2\/product_tag?post=10971"}],"curies":[{"name":"wp","href":"https:\/\/api.w.org\/{rel}","templated":true}]}}