{"id":11091,"date":"2022-09-27T20:38:37","date_gmt":"2022-09-27T20:38:37","guid":{"rendered":"https:\/\/boutique-one-piece.com\/uncategorized\/figurine-one-piece-barbe-blanche\/"},"modified":"2024-09-16T12:21:36","modified_gmt":"2024-09-16T12:21:36","slug":"figura-de-una-pieza-de-barba-blanca","status":"publish","type":"product","link":"https:\/\/boutique-one-piece.com\/es\/figuras-de-one-piece\/figuras-de-edward-newgate\/figura-de-una-pieza-de-barba-blanca\/","title":{"rendered":"Figura de Barbablanca de One Piece"},"content":{"rendered":"<h2>Joven pirata, ha llegado el momento de que consigas esta figura de One Piece de Barbablanca ahora mismo.<\/h2>\n<p>Sin duda sabes que Edward Newgate, tambi\u00e9n conocido como <strong>Barbablanca, &quot;El hombre m\u00e1s fuerte del mundo&quot;\u00ab<\/strong>, tambi\u00e9n considerado el hombre &quot;m\u00e1s cercano al One Piece&quot;, fue el capit\u00e1n de los Piratas de Barbablanca. Barbablanca fue uno de los <strong>Cuatro emperadores<\/strong> Durante su vida, muri\u00f3 en la Batalla de Marineford a manos de su antiguo subordinado, el mariscal D. Teach (y su tripulaci\u00f3n). Conoc\u00eda la importancia del testamento de D.<\/p>\n<p>Sus \u00faltimas palabras fueron para predecir que una persona desafiar\u00eda al mundo entero, una guerra a\u00fan mayor que la de <strong>Marineford<\/strong> Vendr\u00e1 y finalmente declarar\u00e1 que One Piece realmente existi\u00f3. Es el primer protagonista del arco de Marineford, seguido por Luffy en segundo lugar y Ace en tercer lugar. Por cierto, si quieres ampliar tu colecci\u00f3n de figuras, <a title=\"FIGURA DE ACE AGACHADO DE ONE PIECE\" href=\"https:\/\/boutique-one-piece.com\/es\/figura-de-ace-agachado-de-one-piece\/\" target=\"_blank\" rel=\"noopener\">Figura de as &quot;agachado&quot;\u00ab<\/a> Est\u00e1 a tu alcance.<\/p>\n<h3>\u00bfTe ha convencido la figura de Barbablanca? Si es as\u00ed, no esperes m\u00e1s y aprovecha la oportunidad de revivir la guerra de Marineford junto a \u00e9l.<\/h3>\n<p>Joven pirata, ha llegado el momento de que tomes las riendas de tu destino. Tanto si eres un fan\u00e1tico incondicional como un coleccionista experimentado, no busques m\u00e1s. <strong>objetos m\u00edticos<\/strong> Son definitivamente para ti. Perfectos para regalar, decorar o coleccionar, estos art\u00edculos realzar\u00e1n <strong>tu universo de One Piece<\/strong>.<\/p>\n<h2>Informaci\u00f3n sobre la figura de Barbablanca\u00a0<\/h2>\n<ul>\n<li><span><b><u>Figura de One Piece<\/u><\/b>\u00a0Figura premium de One Piece para aut\u00e9nticos piratas.<\/span><\/li>\n<\/ul>\n<ul>\n<li>\n<b>Asunto<\/b><span>\u00a0<\/span>CLORURO DE POLIVINILO<\/li>\n<\/ul>\n<ul>\n<li><span><strong>Dimensi\u00f3n<\/strong>\u00a0:23 cent\u00edmetros<\/span><\/li>\n<\/ul>\n<ul>\n<li><span><strong>ENTREGA GRATUITA<\/strong><\/span><\/li>\n<\/ul>","protected":false},"excerpt":{"rendered":"<p>Joven pirata, ha llegado el momento de que consigas esta figura de Barbablanca de One Piece. Seguramente sabes que Edward Newgate, tambi\u00e9n conocido como Barbablanca, &quot;El Hombre M\u00e1s Fuerte del Mundo&quot; y considerado el hombre &quot;m\u00e1s cercano al One Piece&quot;, fue el capit\u00e1n de los Piratas de Barbablanca. [\u2026]<\/p>","protected":false},"featured_media":11093,"comment_status":"open","ping_status":"open","template":"","meta":[],"product_brand":[],"product_cat":[310],"product_tag":[199],"class_list":{"0":"post-11091","1":"product","2":"type-product","3":"status-publish","4":"has-post-thumbnail","6":"product_cat-figurines-edward-newgate","7":"product_tag-barbe-blanche","9":"first","10":"instock","11":"purchasable","12":"product-type-simple"},"yoast_head":"<!-- This site is optimized with the Yoast SEO plugin v27.5 - https:\/\/yoast.com\/product\/yoast-seo-wordpress\/ -->\n<title>Figurine One Piece Barbe Blanche | Figurine One Piece \u2013 Boutique One Piece<\/title>\n<meta name=\"description\" content=\"Jeune pirate, le moment est venu pour toi de te procurer d\u00e8s maintenant cette Figurine One Piece Barbe Blanche. Tu n&#039;es pas sans savoir qu&#039;Edward Newgate, aussi appel\u00e9 Barbe Blanche, &quot;L&#039;Homme le Plus Fort au Monde&quot;, \u00e9galement consid\u00e9r\u00e9 comme \u00e9tant l&#039;homme &quot;le plus proche du One Piece&quot;, \u00e9tait le capitaine de L&#039;\u00c9quipage\" \/>\n<meta name=\"robots\" content=\"index, follow, max-snippet:-1, max-image-preview:large, max-video-preview:-1\" \/>\n<link rel=\"canonical\" href=\"https:\/\/boutique-one-piece.com\/es\/figuras-de-one-piece\/figuras-de-edward-newgate\/figura-de-una-pieza-de-barba-blanca\/\" \/>\n<meta property=\"og:locale\" content=\"es_ES\" \/>\n<meta property=\"og:type\" content=\"article\" \/>\n<meta property=\"og:title\" content=\"Figurine One Piece Barbe Blanche | Figurine One Piece \u2013 Boutique One Piece\" \/>\n<meta property=\"og:description\" content=\"Jeune pirate, le moment est venu pour toi de te procurer d\u00e8s maintenant cette Figurine One Piece Barbe Blanche. Tu n&#039;es pas sans savoir qu&#039;Edward Newgate, aussi appel\u00e9 Barbe Blanche, &quot;L&#039;Homme le Plus Fort au Monde&quot;, \u00e9galement consid\u00e9r\u00e9 comme \u00e9tant l&#039;homme &quot;le plus proche du One Piece&quot;, \u00e9tait le capitaine de L&#039;\u00c9quipage\" \/>\n<meta property=\"og:url\" content=\"https:\/\/boutique-one-piece.com\/es\/figuras-de-one-piece\/figuras-de-edward-newgate\/figura-de-una-pieza-de-barba-blanca\/\" \/>\n<meta property=\"og:site_name\" content=\"Boutique One Piece\" \/>\n<meta property=\"article:modified_time\" content=\"2024-09-16T12:21:36+00:00\" \/>\n<meta property=\"og:image\" content=\"https:\/\/boutique-one-piece.com\/wp-content\/uploads\/2022\/09\/Figurine-One-Piece-Barbe-Blanche.jpg\" \/>\n\t<meta property=\"og:image:width\" content=\"400\" \/>\n\t<meta property=\"og:image:height\" content=\"400\" \/>\n\t<meta property=\"og:image:type\" content=\"image\/jpeg\" \/>\n<meta name=\"twitter:card\" content=\"summary_large_image\" \/>\n<meta name=\"twitter:label1\" content=\"Tiempo de lectura\" \/>\n\t<meta name=\"twitter:data1\" content=\"1 minuto\" \/>\n<script type=\"application\/ld+json\" class=\"yoast-schema-graph\">{\"@context\":\"https:\\\/\\\/schema.org\",\"@graph\":[{\"@type\":\"WebPage\",\"@id\":\"https:\\\/\\\/boutique-one-piece.com\\\/figurines-one-piece\\\/figurines-edward-newgate\\\/figurine-one-piece-barbe-blanche\\\/\",\"url\":\"https:\\\/\\\/boutique-one-piece.com\\\/figurines-one-piece\\\/figurines-edward-newgate\\\/figurine-one-piece-barbe-blanche\\\/\",\"name\":\"Figurine One Piece Barbe Blanche | Figurine One Piece \u2013 Boutique One Piece\",\"isPartOf\":{\"@id\":\"https:\\\/\\\/boutique-one-piece.com\\\/#website\"},\"primaryImageOfPage\":{\"@id\":\"https:\\\/\\\/boutique-one-piece.com\\\/figurines-one-piece\\\/figurines-edward-newgate\\\/figurine-one-piece-barbe-blanche\\\/#primaryimage\"},\"image\":{\"@id\":\"https:\\\/\\\/boutique-one-piece.com\\\/figurines-one-piece\\\/figurines-edward-newgate\\\/figurine-one-piece-barbe-blanche\\\/#primaryimage\"},\"thumbnailUrl\":\"https:\\\/\\\/boutique-one-piece.com\\\/wp-content\\\/uploads\\\/2022\\\/09\\\/Figurine-One-Piece-Barbe-Blanche.jpg\",\"datePublished\":\"2022-09-27T20:38:37+00:00\",\"dateModified\":\"2024-09-16T12:21:36+00:00\",\"description\":\"Jeune pirate, le moment est venu pour toi de te procurer d\u00e8s maintenant cette Figurine One Piece Barbe Blanche. Tu n'es pas sans savoir qu'Edward Newgate, aussi appel\u00e9 Barbe Blanche, \\\"L'Homme le Plus Fort au Monde\\\", \u00e9galement consid\u00e9r\u00e9 comme \u00e9tant l'homme \\\"le plus proche du One Piece\\\", \u00e9tait le capitaine de L'\u00c9quipage\",\"breadcrumb\":{\"@id\":\"https:\\\/\\\/boutique-one-piece.com\\\/figurines-one-piece\\\/figurines-edward-newgate\\\/figurine-one-piece-barbe-blanche\\\/#breadcrumb\"},\"inLanguage\":\"es\",\"potentialAction\":[{\"@type\":\"ReadAction\",\"target\":[\"https:\\\/\\\/boutique-one-piece.com\\\/figurines-one-piece\\\/figurines-edward-newgate\\\/figurine-one-piece-barbe-blanche\\\/\"]}]},{\"@type\":\"ImageObject\",\"inLanguage\":\"es\",\"@id\":\"https:\\\/\\\/boutique-one-piece.com\\\/figurines-one-piece\\\/figurines-edward-newgate\\\/figurine-one-piece-barbe-blanche\\\/#primaryimage\",\"url\":\"https:\\\/\\\/boutique-one-piece.com\\\/wp-content\\\/uploads\\\/2022\\\/09\\\/Figurine-One-Piece-Barbe-Blanche.jpg\",\"contentUrl\":\"https:\\\/\\\/boutique-one-piece.com\\\/wp-content\\\/uploads\\\/2022\\\/09\\\/Figurine-One-Piece-Barbe-Blanche.jpg\",\"width\":400,\"height\":400,\"caption\":\"Figurine One Piece Barbe Blanche Default Title\"},{\"@type\":\"BreadcrumbList\",\"@id\":\"https:\\\/\\\/boutique-one-piece.com\\\/figurines-one-piece\\\/figurines-edward-newgate\\\/figurine-one-piece-barbe-blanche\\\/#breadcrumb\",\"itemListElement\":[{\"@type\":\"ListItem\",\"position\":1,\"name\":\"Home\",\"item\":\"https:\\\/\\\/boutique-one-piece.com\\\/\"},{\"@type\":\"ListItem\",\"position\":2,\"name\":\"Shop\",\"item\":\"https:\\\/\\\/boutique-one-piece.com\\\/shop\\\/\"},{\"@type\":\"ListItem\",\"position\":3,\"name\":\"Figurine One Piece Barbe Blanche\"}]},{\"@type\":\"WebSite\",\"@id\":\"https:\\\/\\\/boutique-one-piece.com\\\/#website\",\"url\":\"https:\\\/\\\/boutique-one-piece.com\\\/\",\"name\":\"Boutique One Piece\",\"description\":\"Magasin Sp\u00e9cialis\u00e9 du Manga et l&#039;Anime One Piece\",\"publisher\":{\"@id\":\"https:\\\/\\\/boutique-one-piece.com\\\/#organization\"},\"potentialAction\":[{\"@type\":\"SearchAction\",\"target\":{\"@type\":\"EntryPoint\",\"urlTemplate\":\"https:\\\/\\\/boutique-one-piece.com\\\/?s={search_term_string}\"},\"query-input\":{\"@type\":\"PropertyValueSpecification\",\"valueRequired\":true,\"valueName\":\"search_term_string\"}}],\"inLanguage\":\"es\"},{\"@type\":\"Organization\",\"@id\":\"https:\\\/\\\/boutique-one-piece.com\\\/#organization\",\"name\":\"Boutique One Piece\",\"url\":\"https:\\\/\\\/boutique-one-piece.com\\\/\",\"logo\":{\"@type\":\"ImageObject\",\"inLanguage\":\"es\",\"@id\":\"https:\\\/\\\/boutique-one-piece.com\\\/#\\\/schema\\\/logo\\\/image\\\/\",\"url\":\"https:\\\/\\\/boutique-one-piece.com\\\/wp-content\\\/uploads\\\/2022\\\/09\\\/Logo-01.png\",\"contentUrl\":\"https:\\\/\\\/boutique-one-piece.com\\\/wp-content\\\/uploads\\\/2022\\\/09\\\/Logo-01.png\",\"width\":2318,\"height\":957,\"caption\":\"Boutique One Piece\"},\"image\":{\"@id\":\"https:\\\/\\\/boutique-one-piece.com\\\/#\\\/schema\\\/logo\\\/image\\\/\"}}]}<\/script>\n<!-- \/ Yoast SEO plugin. -->","yoast_head_json":{"title":"Figura de Barbablanca de One Piece | Figura de One Piece \u2013 Tienda One Piece","description":"Joven pirata, ha llegado el momento de que consigas esta figura de Barbablanca de One Piece. Seguramente sabes que Edward Newgate, tambi\u00e9n conocido como Barbablanca, &quot;El Hombre M\u00e1s Fuerte del Mundo&quot;, considerado tambi\u00e9n el hombre &quot;m\u00e1s cercano al One Piece&quot;, fue el capit\u00e1n de los Piratas.","robots":{"index":"index","follow":"follow","max-snippet":"max-snippet:-1","max-image-preview":"max-image-preview:large","max-video-preview":"max-video-preview:-1"},"canonical":"https:\/\/boutique-one-piece.com\/es\/figuras-de-one-piece\/figuras-de-edward-newgate\/figura-de-una-pieza-de-barba-blanca\/","og_locale":"es_ES","og_type":"article","og_title":"Figurine One Piece Barbe Blanche | Figurine One Piece \u2013 Boutique One Piece","og_description":"Jeune pirate, le moment est venu pour toi de te procurer d\u00e8s maintenant cette Figurine One Piece Barbe Blanche. Tu n'es pas sans savoir qu'Edward Newgate, aussi appel\u00e9 Barbe Blanche, \"L'Homme le Plus Fort au Monde\", \u00e9galement consid\u00e9r\u00e9 comme \u00e9tant l'homme \"le plus proche du One Piece\", \u00e9tait le capitaine de L'\u00c9quipage","og_url":"https:\/\/boutique-one-piece.com\/es\/figuras-de-one-piece\/figuras-de-edward-newgate\/figura-de-una-pieza-de-barba-blanca\/","og_site_name":"Boutique One Piece","article_modified_time":"2024-09-16T12:21:36+00:00","og_image":[{"width":400,"height":400,"url":"https:\/\/boutique-one-piece.com\/wp-content\/uploads\/2022\/09\/Figurine-One-Piece-Barbe-Blanche.jpg","type":"image\/jpeg"}],"twitter_card":"summary_large_image","twitter_misc":{"Tiempo de lectura":"1 minuto"},"schema":{"@context":"https:\/\/schema.org","@graph":[{"@type":"WebPage","@id":"https:\/\/boutique-one-piece.com\/figurines-one-piece\/figurines-edward-newgate\/figurine-one-piece-barbe-blanche\/","url":"https:\/\/boutique-one-piece.com\/figurines-one-piece\/figurines-edward-newgate\/figurine-one-piece-barbe-blanche\/","name":"Figura de Barbablanca de One Piece | Figura de One Piece \u2013 Tienda One Piece","isPartOf":{"@id":"https:\/\/boutique-one-piece.com\/#website"},"primaryImageOfPage":{"@id":"https:\/\/boutique-one-piece.com\/figurines-one-piece\/figurines-edward-newgate\/figurine-one-piece-barbe-blanche\/#primaryimage"},"image":{"@id":"https:\/\/boutique-one-piece.com\/figurines-one-piece\/figurines-edward-newgate\/figurine-one-piece-barbe-blanche\/#primaryimage"},"thumbnailUrl":"https:\/\/boutique-one-piece.com\/wp-content\/uploads\/2022\/09\/Figurine-One-Piece-Barbe-Blanche.jpg","datePublished":"2022-09-27T20:38:37+00:00","dateModified":"2024-09-16T12:21:36+00:00","description":"Joven pirata, ha llegado el momento de que consigas esta figura de Barbablanca de One Piece. Seguramente sabes que Edward Newgate, tambi\u00e9n conocido como Barbablanca, &quot;El Hombre M\u00e1s Fuerte del Mundo&quot;, considerado tambi\u00e9n el hombre &quot;m\u00e1s cercano al One Piece&quot;, fue el capit\u00e1n de los Piratas.","breadcrumb":{"@id":"https:\/\/boutique-one-piece.com\/figurines-one-piece\/figurines-edward-newgate\/figurine-one-piece-barbe-blanche\/#breadcrumb"},"inLanguage":"es","potentialAction":[{"@type":"ReadAction","target":["https:\/\/boutique-one-piece.com\/figurines-one-piece\/figurines-edward-newgate\/figurine-one-piece-barbe-blanche\/"]}]},{"@type":"ImageObject","inLanguage":"es","@id":"https:\/\/boutique-one-piece.com\/figurines-one-piece\/figurines-edward-newgate\/figurine-one-piece-barbe-blanche\/#primaryimage","url":"https:\/\/boutique-one-piece.com\/wp-content\/uploads\/2022\/09\/Figurine-One-Piece-Barbe-Blanche.jpg","contentUrl":"https:\/\/boutique-one-piece.com\/wp-content\/uploads\/2022\/09\/Figurine-One-Piece-Barbe-Blanche.jpg","width":400,"height":400,"caption":"Figurine One Piece Barbe Blanche Default Title"},{"@type":"BreadcrumbList","@id":"https:\/\/boutique-one-piece.com\/figurines-one-piece\/figurines-edward-newgate\/figurine-one-piece-barbe-blanche\/#breadcrumb","itemListElement":[{"@type":"ListItem","position":1,"name":"Home","item":"https:\/\/boutique-one-piece.com\/"},{"@type":"ListItem","position":2,"name":"Shop","item":"https:\/\/boutique-one-piece.com\/shop\/"},{"@type":"ListItem","position":3,"name":"Figurine One Piece Barbe Blanche"}]},{"@type":"WebSite","@id":"https:\/\/boutique-one-piece.com\/#website","url":"https:\/\/boutique-one-piece.com\/","name":"Tienda de One Piece","description":"Tienda especializada en manga y anime de One Piece","publisher":{"@id":"https:\/\/boutique-one-piece.com\/#organization"},"potentialAction":[{"@type":"SearchAction","target":{"@type":"EntryPoint","urlTemplate":"https:\/\/boutique-one-piece.com\/?s={search_term_string}"},"query-input":{"@type":"PropertyValueSpecification","valueRequired":true,"valueName":"search_term_string"}}],"inLanguage":"es"},{"@type":"Organization","@id":"https:\/\/boutique-one-piece.com\/#organization","name":"Tienda de One Piece","url":"https:\/\/boutique-one-piece.com\/","logo":{"@type":"ImageObject","inLanguage":"es","@id":"https:\/\/boutique-one-piece.com\/#\/schema\/logo\/image\/","url":"https:\/\/boutique-one-piece.com\/wp-content\/uploads\/2022\/09\/Logo-01.png","contentUrl":"https:\/\/boutique-one-piece.com\/wp-content\/uploads\/2022\/09\/Logo-01.png","width":2318,"height":957,"caption":"Boutique One Piece"},"image":{"@id":"https:\/\/boutique-one-piece.com\/#\/schema\/logo\/image\/"}}]}},"_links":{"self":[{"href":"https:\/\/boutique-one-piece.com\/es\/wp-json\/wp\/v2\/product\/11091","targetHints":{"allow":["GET"]}}],"collection":[{"href":"https:\/\/boutique-one-piece.com\/es\/wp-json\/wp\/v2\/product"}],"about":[{"href":"https:\/\/boutique-one-piece.com\/es\/wp-json\/wp\/v2\/types\/product"}],"replies":[{"embeddable":true,"href":"https:\/\/boutique-one-piece.com\/es\/wp-json\/wp\/v2\/comments?post=11091"}],"wp:featuredmedia":[{"embeddable":true,"href":"https:\/\/boutique-one-piece.com\/es\/wp-json\/wp\/v2\/media\/11093"}],"wp:attachment":[{"href":"https:\/\/boutique-one-piece.com\/es\/wp-json\/wp\/v2\/media?parent=11091"}],"wp:term":[{"taxonomy":"product_brand","embeddable":true,"href":"https:\/\/boutique-one-piece.com\/es\/wp-json\/wp\/v2\/product_brand?post=11091"},{"taxonomy":"product_cat","embeddable":true,"href":"https:\/\/boutique-one-piece.com\/es\/wp-json\/wp\/v2\/product_cat?post=11091"},{"taxonomy":"product_tag","embeddable":true,"href":"https:\/\/boutique-one-piece.com\/es\/wp-json\/wp\/v2\/product_tag?post=11091"}],"curies":[{"name":"wp","href":"https:\/\/api.w.org\/{rel}","templated":true}]}}