{"id":11164,"date":"2022-09-27T20:39:07","date_gmt":"2022-09-27T20:39:07","guid":{"rendered":"https:\/\/boutique-one-piece.com\/uncategorized\/tableau-one-piece-lets-go\/"},"modified":"2024-09-16T12:23:55","modified_gmt":"2024-09-16T12:23:55","slug":"pintura-de-one-piece-lets-go","status":"publish","type":"product","link":"https:\/\/boutique-one-piece.com\/es\/articulos-de-one-piece\/roronoa-zoro-golosinas-de-una-pieza\/pintura-de-one-piece-lets-go\/","title":{"rendered":"Pintura de One Piece \u00a1Vamos!"},"content":{"rendered":"<h2>Tableau One Piece 5 Panneaux avec\u00a0L\u2019\u00c9quipage du Chapeau de Paille\u00a0en Cercle,Un Tableau de qualit\u00e9 pour un pirate comme\u00a0toi\u00a0!<\/h2>\n<p>Si eres un\u00a0<strong>pirata real<\/strong>, Usted apreciar\u00e1 el\u00a0<strong>calidad<\/strong>\u00a0Lienzo, pintura y un marco para sus\u00a0<strong>dise\u00f1os\u00a0<\/strong>Y\u00a0<strong>l\u2019impression 3D Canvas<\/strong>\u00a0de esto\u00a0<strong>Cuadro de cinco paneles de One Piece<\/strong>\u00a0Pero lo m\u00e1s importante es que con este gr\u00e1fico ser\u00e1s parte de\u00a0<strong>l\u2019\u00e9quipage\u00a0des fans<\/strong>\u00a0de\u00a0<strong>manga pirata<\/strong>\u00a0y obtendr\u00e1s:<\/p>\n<ul>\n<li>\u00a0<strong>L\u2019admiration<\/strong>\u00a0de todos <strong>fans<\/strong> de <strong>l\u2019univers<\/strong> de <strong>manga<\/strong>\u00a0que invitar\u00e1s a tu casa<\/li>\n<\/ul>\n<ul>\n<li>Un verdadero\u00a0<strong>Gr\u00e1fico impreso de 5 piezas<\/strong>\u00a0con el que puedes<strong>\u00a0t\u2019imaginer\u00a0<\/strong>salir <strong>l\u2019aventure<\/strong> Con tu <strong>multitud<\/strong>\u00a0favorito\u00a0<\/li>\n<\/ul>\n<p>Entonces, \u00bfest\u00e1 listo para mostrar el\u00a0<strong>bandera <\/strong>de <strong>Luffy Sombrero de Paja<\/strong>\u00a0?<\/p>\n<h2>Es-tu un fan du manga ou de l\u2019anim\u00e9 One Piece ? Montre le avec ce Tableau 5 Pi\u00e8ces One Piece !<\/h2>\n<p>Si usted\u00a0<strong>leer<\/strong>\u00a0o donde sea que mires\u00a0<strong>l\u2019anim\u00e9\u00a0<\/strong><strong>japon\u00e9s<\/strong>, Hay una buena posibilidad de que te hayas convertido\u00a0<strong>loco por One Piece<\/strong>\u00a0\u00a1Con esto!\u00a0<strong>tableau 5 panneaux Let\u2019s Go<\/strong>, rejoins\u00a0l\u2019<strong>tripulaci\u00f3n de fans de la franquicia<\/strong><\/p>\n<p>Este\u00a0<strong>cuadro<\/strong>\u00a0est\u00e1 disponible con un\u00a0<strong>marco de madera<\/strong>\u00a0la variante &quot;\u00ab\u00a0<strong>Con marco<\/strong>\u00ab\u00a0, il est \u00e9galement possible d\u2019avoir uniquement la\u00a0<strong>pa\u00f1o<\/strong>\u00a0con la variante &quot;\u00ab\u00a0<strong>Sin marco<\/strong>\u00abEncontrar\u00e1s la tabla en los tama\u00f1os\u00a0<strong>Peque\u00f1o<\/strong>,<strong>\u00a0PROMEDIO<\/strong>,<strong>\u00a0Grande<\/strong>,<strong>\u00a0SG<\/strong>, il conviendra \u00e0 toutes les\u00a0cat\u00e9gories\u00a0de pirates, m\u00eame si tu n\u2019as pas\u00a0<strong>d\u2019\u00e9p\u00e9e<\/strong>\u00a0o\u00a0<strong>fruta del diablo<\/strong>\u00a0tu peux quand m\u00eame l\u2019accrocher fi\u00e8rement chez toi<\/p>\n<p>Este <strong>cuadro de cinco piezas<\/strong> mirar\u00a0<strong>Luffy<\/strong>, <strong>Zoro<\/strong>, <strong>Sanji<\/strong>, <strong>Chopper<\/strong>, <strong>Franky<\/strong>, <strong>Nami<\/strong>, <strong>Petirrojo<\/strong>, <strong>Usopp<\/strong> Y <strong>Brook<\/strong>, ellos estan en <strong>c\u00edrculo<\/strong>. L\u2019aventure continue <strong>Luffy y su tripulaci\u00f3n<\/strong>\u00a0<strong><\/strong>acercarse a <strong>Grand Line<\/strong> en el <strong>Nuevo Mundo<\/strong> y se est\u00e1n acercando cada vez m\u00e1s <strong>Una pieza<\/strong><\/p>\n<h2>Informaci\u00f3n sobre la pintura:<\/h2>\n<ul>\n<li>\n<strong>Lienzo impreso de alta calidad\u00a0<\/strong>:lienzo de pared hecho de <strong>algod\u00f3n<\/strong> y <strong>lino<\/strong>, para obtener una <strong>pa\u00f1o<\/strong> digno del nombre<\/li>\n<\/ul>\n<ul>\n<li>\n<strong>Pintura de dise\u00f1o ultra<\/strong>\u00a0La tabla de cinco partes proporciona mucha informaci\u00f3n <strong>estilo<\/strong> a un <strong>pedazo<\/strong>, les fans ne peuvent qu\u2019adorer<\/li>\n<\/ul>\n<ul style=\"font-weight: 400\">\n<li>\n<strong>Color e impresi\u00f3n\u00a0<\/strong>Cuadro de One Piece con estampado <strong>Canva<\/strong> la r\u00e9f\u00e9rence dans l\u2019impression de toiles<\/li>\n<\/ul>\n<ul style=\"font-weight: 400\">\n<li>\n<strong>Arte de pared ligero<\/strong>\u00a0: gran entorno <strong>luz,<\/strong> il ne suffit que d\u2019un <strong>clavo<\/strong> o de la <strong>pierna fija<\/strong> Para el <strong>mantener<\/strong> En <strong>muro<\/strong><\/li>\n<\/ul>\n<ul style=\"font-weight: 400\">\n<li>\n<strong>Marco de madera<\/strong>\u00a0:la variante &quot;\u00ab\u00a0<strong>Con marco<\/strong>\u00a0\u00bb est accompagn\u00e9e d\u2019un <strong>marco de madera<\/strong> y la versi\u00f3n &quot;\u00ab\u00a0<strong>Sin marco<\/strong>\u00a0\u00bb se entrega <strong>sin el marco de madera<\/strong><\/li>\n<\/ul>\n<ul style=\"font-weight: 400\">\n<li>\n<strong>Entrega gratuita\u00a0<\/strong>para cualquier compra<strong>\u00a0<\/strong><\/li>\n<\/ul>\n<h3>N\u2019oubliez pas de jeter\u00a0un oeil au guide des tailles ci-dessous.<\/h3>\n<h2>\n<strong style=\"font-size: 15px\">Pintura de 5 piezas de One Piece<\/strong><span style=\"font-size: 15px\">,<\/span><strong style=\"font-size: 15px\"> <\/strong><span style=\"font-size: 15px\">Tama\u00f1o<\/span><strong style=\"font-size: 15px\"> <\/strong><span style=\"font-size: 15px\">: <\/span><strong style=\"font-size: 15px\">Peque\u00f1o<\/strong><\/h2>\n<p>\u00a0<img decoding=\"async\" src=\"https:\/\/cdn.shopify.com\/s\/files\/1\/0087\/7556\/5348\/files\/guide_taille_tableau_one_piece_petit_boutique_one_piece_large.jpg?v=1560247451\" alt=\"Gu\u00eda de tallas de One Piece (5 piezas, tama\u00f1o peque\u00f1o)\"><\/p>\n<p><strong>Pintura de 5 piezas de One Piece<\/strong>, Tama\u00f1o<strong> <\/strong>:<strong> PROMEDIO<\/strong><\/p>\n<p>\u00a0<img decoding=\"async\" src=\"https:\/\/cdn.shopify.com\/s\/files\/1\/0087\/7556\/5348\/files\/guide_taille_tableau_one_piece_moyen_boutique_one_piece_large.jpg?v=1560247519\" alt=\"Gu\u00eda de tallas Tabla de tallas Una pieza 5 piezas Mediano\"><\/p>\n<p><strong>Pintura de 5 piezas de One Piece<\/strong>, Tama\u00f1o<strong> <\/strong>: <strong>Grande<\/strong><\/p>\n<p>\u00a0<img decoding=\"async\" src=\"https:\/\/cdn.shopify.com\/s\/files\/1\/0087\/7556\/5348\/files\/guide_taille_tableau_one_piece_grand_boutique_one_piece_large.jpg?v=1560247582\" alt=\"Tabla de tallas de 5 piezas de One Piece (grande)\"><\/p>\n<p><strong>Pintura de 5 piezas de One Piece<\/strong>, Tama\u00f1o: <strong>SG<\/strong><\/p>\n<p><img decoding=\"async\" src=\"https:\/\/cdn.shopify.com\/s\/files\/1\/0087\/7556\/5348\/files\/guide_taille_tableau_one_piece_xl_boutique_one_piece_large.jpg?v=1560247610\" alt=\"Tabla de tallas XL de 5 piezas de One Piece\"><\/p>","protected":false},"excerpt":{"rendered":"<p>Tableau One Piece 5 Panneaux avec\u00a0L\u2019\u00c9quipage du Chapeau de Paille\u00a0en Cercle,Un Tableau de qualit\u00e9 pour un pirate comme\u00a0toi\u00a0! Si tu es un\u00a0v\u00e9ritable pirate, tu sauras appr\u00e9cier la\u00a0qualit\u00e9\u00a0de la toile, de la peinture et du cadre\u00a0pour leurs\u00a0conceptions\u00a0et\u00a0l\u2019impression 3D Canvas\u00a0de ce\u00a0tableau 5 panneaux\u00a0One Piece\u00a0!\u00a0Mais le plus important, avec ce\u00a0tableau\u00a0c\u0092est que tu\u00a0feras partie de\u00a0l\u2019\u00e9quipage\u00a0des fans\u00a0du\u00a0manga de pirates\u00a0et tu [&hellip;]<\/p>","protected":false},"featured_media":19241,"comment_status":"open","ping_status":"open","template":"","meta":[],"product_brand":[],"product_cat":[151],"product_tag":[158,165,129,92,154,205,112,142,143,144,113],"class_list":{"0":"post-11164","1":"product","2":"type-product","3":"status-publish","4":"has-post-thumbnail","6":"product_cat-goodies-roronoa-zoro-one-piece","7":"product_tag-brook","8":"product_tag-chopper","9":"product_tag-franky","10":"product_tag-luffy","11":"product_tag-nami","12":"product_tag-robin","13":"product_tag-sanji","14":"product_tag-tableau-5-pieces","15":"product_tag-toile","16":"product_tag-usopp","17":"product_tag-zoro","19":"first","20":"instock","21":"purchasable","22":"product-type-variable"},"yoast_head":"<!-- This site is optimized with the Yoast SEO plugin v27.5 - https:\/\/yoast.com\/product\/yoast-seo-wordpress\/ -->\n<title>Tableau Cinq Panneaux Let&#039;s Go ! | Boutique One Piece<\/title>\n<meta name=\"description\" content=\"Tableau 5 Pi\u00e8ces One Piece avec les Mugiwara de Tr\u00e8s Haute Qualit\u00e9 : Fan de l&#039;Univers du Manga de Pirates ce Tableau Imprim\u00e9 5 Panneaux est Fait Pour Vous !\" \/>\n<meta name=\"robots\" content=\"index, follow, max-snippet:-1, max-image-preview:large, max-video-preview:-1\" \/>\n<link rel=\"canonical\" href=\"https:\/\/boutique-one-piece.com\/es\/articulos-de-one-piece\/roronoa-zoro-golosinas-de-una-pieza\/pintura-de-one-piece-lets-go\/\" \/>\n<meta property=\"og:locale\" content=\"es_ES\" \/>\n<meta property=\"og:type\" content=\"article\" \/>\n<meta property=\"og:title\" content=\"Tableau Cinq Panneaux Let&#039;s Go ! | Boutique One Piece\" \/>\n<meta property=\"og:description\" content=\"Tableau 5 Pi\u00e8ces One Piece avec les Mugiwara de Tr\u00e8s Haute Qualit\u00e9 : Fan de l&#039;Univers du Manga de Pirates ce Tableau Imprim\u00e9 5 Panneaux est Fait Pour Vous !\" \/>\n<meta property=\"og:url\" content=\"https:\/\/boutique-one-piece.com\/es\/articulos-de-one-piece\/roronoa-zoro-golosinas-de-una-pieza\/pintura-de-one-piece-lets-go\/\" \/>\n<meta property=\"og:site_name\" content=\"Boutique One Piece\" \/>\n<meta property=\"article:modified_time\" content=\"2024-09-16T12:23:55+00:00\" \/>\n<meta property=\"og:image\" content=\"https:\/\/boutique-one-piece.com\/wp-content\/uploads\/2022\/09\/Wall-Art-Home-Decorative-Canvas-HD-Print-Painting-5-Panel-Anime-One-Piece-Roles-Poster-For.jpg\" \/>\n\t<meta property=\"og:image:width\" content=\"1000\" \/>\n\t<meta property=\"og:image:height\" content=\"1000\" \/>\n\t<meta property=\"og:image:type\" content=\"image\/jpeg\" \/>\n<meta name=\"twitter:card\" content=\"summary_large_image\" \/>\n<meta name=\"twitter:label1\" content=\"Tiempo de lectura\" \/>\n\t<meta name=\"twitter:data1\" content=\"4 minutos\" \/>\n<script type=\"application\/ld+json\" class=\"yoast-schema-graph\">{\"@context\":\"https:\\\/\\\/schema.org\",\"@graph\":[{\"@type\":\"WebPage\",\"@id\":\"https:\\\/\\\/boutique-one-piece.com\\\/goodies-one-piece\\\/goodies-roronoa-zoro-one-piece\\\/tableau-one-piece-lets-go\\\/\",\"url\":\"https:\\\/\\\/boutique-one-piece.com\\\/goodies-one-piece\\\/goodies-roronoa-zoro-one-piece\\\/tableau-one-piece-lets-go\\\/\",\"name\":\"Tableau Cinq Panneaux Let's Go ! | Boutique One Piece\",\"isPartOf\":{\"@id\":\"https:\\\/\\\/boutique-one-piece.com\\\/#website\"},\"primaryImageOfPage\":{\"@id\":\"https:\\\/\\\/boutique-one-piece.com\\\/goodies-one-piece\\\/goodies-roronoa-zoro-one-piece\\\/tableau-one-piece-lets-go\\\/#primaryimage\"},\"image\":{\"@id\":\"https:\\\/\\\/boutique-one-piece.com\\\/goodies-one-piece\\\/goodies-roronoa-zoro-one-piece\\\/tableau-one-piece-lets-go\\\/#primaryimage\"},\"thumbnailUrl\":\"https:\\\/\\\/boutique-one-piece.com\\\/wp-content\\\/uploads\\\/2022\\\/09\\\/Wall-Art-Home-Decorative-Canvas-HD-Print-Painting-5-Panel-Anime-One-Piece-Roles-Poster-For.jpg\",\"datePublished\":\"2022-09-27T20:39:07+00:00\",\"dateModified\":\"2024-09-16T12:23:55+00:00\",\"description\":\"Tableau 5 Pi\u00e8ces One Piece avec les Mugiwara de Tr\u00e8s Haute Qualit\u00e9 : Fan de l'Univers du Manga de Pirates ce Tableau Imprim\u00e9 5 Panneaux est Fait Pour Vous !\",\"breadcrumb\":{\"@id\":\"https:\\\/\\\/boutique-one-piece.com\\\/goodies-one-piece\\\/goodies-roronoa-zoro-one-piece\\\/tableau-one-piece-lets-go\\\/#breadcrumb\"},\"inLanguage\":\"es\",\"potentialAction\":[{\"@type\":\"ReadAction\",\"target\":[\"https:\\\/\\\/boutique-one-piece.com\\\/goodies-one-piece\\\/goodies-roronoa-zoro-one-piece\\\/tableau-one-piece-lets-go\\\/\"]}]},{\"@type\":\"ImageObject\",\"inLanguage\":\"es\",\"@id\":\"https:\\\/\\\/boutique-one-piece.com\\\/goodies-one-piece\\\/goodies-roronoa-zoro-one-piece\\\/tableau-one-piece-lets-go\\\/#primaryimage\",\"url\":\"https:\\\/\\\/boutique-one-piece.com\\\/wp-content\\\/uploads\\\/2022\\\/09\\\/Wall-Art-Home-Decorative-Canvas-HD-Print-Painting-5-Panel-Anime-One-Piece-Roles-Poster-For.jpg\",\"contentUrl\":\"https:\\\/\\\/boutique-one-piece.com\\\/wp-content\\\/uploads\\\/2022\\\/09\\\/Wall-Art-Home-Decorative-Canvas-HD-Print-Painting-5-Panel-Anime-One-Piece-Roles-Poster-For.jpg\",\"width\":1000,\"height\":1000},{\"@type\":\"BreadcrumbList\",\"@id\":\"https:\\\/\\\/boutique-one-piece.com\\\/goodies-one-piece\\\/goodies-roronoa-zoro-one-piece\\\/tableau-one-piece-lets-go\\\/#breadcrumb\",\"itemListElement\":[{\"@type\":\"ListItem\",\"position\":1,\"name\":\"Home\",\"item\":\"https:\\\/\\\/boutique-one-piece.com\\\/\"},{\"@type\":\"ListItem\",\"position\":2,\"name\":\"Shop\",\"item\":\"https:\\\/\\\/boutique-one-piece.com\\\/shop\\\/\"},{\"@type\":\"ListItem\",\"position\":3,\"name\":\"Tableau One Piece Let&#8217;s Go !\"}]},{\"@type\":\"WebSite\",\"@id\":\"https:\\\/\\\/boutique-one-piece.com\\\/#website\",\"url\":\"https:\\\/\\\/boutique-one-piece.com\\\/\",\"name\":\"Boutique One Piece\",\"description\":\"Magasin Sp\u00e9cialis\u00e9 du Manga et l&#039;Anime One Piece\",\"publisher\":{\"@id\":\"https:\\\/\\\/boutique-one-piece.com\\\/#organization\"},\"potentialAction\":[{\"@type\":\"SearchAction\",\"target\":{\"@type\":\"EntryPoint\",\"urlTemplate\":\"https:\\\/\\\/boutique-one-piece.com\\\/?s={search_term_string}\"},\"query-input\":{\"@type\":\"PropertyValueSpecification\",\"valueRequired\":true,\"valueName\":\"search_term_string\"}}],\"inLanguage\":\"es\"},{\"@type\":\"Organization\",\"@id\":\"https:\\\/\\\/boutique-one-piece.com\\\/#organization\",\"name\":\"Boutique One Piece\",\"url\":\"https:\\\/\\\/boutique-one-piece.com\\\/\",\"logo\":{\"@type\":\"ImageObject\",\"inLanguage\":\"es\",\"@id\":\"https:\\\/\\\/boutique-one-piece.com\\\/#\\\/schema\\\/logo\\\/image\\\/\",\"url\":\"https:\\\/\\\/boutique-one-piece.com\\\/wp-content\\\/uploads\\\/2022\\\/09\\\/Logo-01.png\",\"contentUrl\":\"https:\\\/\\\/boutique-one-piece.com\\\/wp-content\\\/uploads\\\/2022\\\/09\\\/Logo-01.png\",\"width\":2318,\"height\":957,\"caption\":\"Boutique One Piece\"},\"image\":{\"@id\":\"https:\\\/\\\/boutique-one-piece.com\\\/#\\\/schema\\\/logo\\\/image\\\/\"}}]}<\/script>\n<!-- \/ Yoast SEO plugin. -->","yoast_head_json":{"title":"Impresi\u00f3n en lienzo de cinco paneles &quot;\u00a1Vamos!&quot; | Tienda One Piece","description":"Impresi\u00f3n en lienzo de 5 piezas de One Piece con los Piratas del Sombrero de Paja - Muy alta calidad: \u00a1fan\u00e1tico del universo del manga pirata, esta impresi\u00f3n en lienzo de 5 paneles est\u00e1 hecha para ti!","robots":{"index":"index","follow":"follow","max-snippet":"max-snippet:-1","max-image-preview":"max-image-preview:large","max-video-preview":"max-video-preview:-1"},"canonical":"https:\/\/boutique-one-piece.com\/es\/articulos-de-one-piece\/roronoa-zoro-golosinas-de-una-pieza\/pintura-de-one-piece-lets-go\/","og_locale":"es_ES","og_type":"article","og_title":"Tableau Cinq Panneaux Let's Go ! | Boutique One Piece","og_description":"Tableau 5 Pi\u00e8ces One Piece avec les Mugiwara de Tr\u00e8s Haute Qualit\u00e9 : Fan de l'Univers du Manga de Pirates ce Tableau Imprim\u00e9 5 Panneaux est Fait Pour Vous !","og_url":"https:\/\/boutique-one-piece.com\/es\/articulos-de-one-piece\/roronoa-zoro-golosinas-de-una-pieza\/pintura-de-one-piece-lets-go\/","og_site_name":"Boutique One Piece","article_modified_time":"2024-09-16T12:23:55+00:00","og_image":[{"width":1000,"height":1000,"url":"https:\/\/boutique-one-piece.com\/wp-content\/uploads\/2022\/09\/Wall-Art-Home-Decorative-Canvas-HD-Print-Painting-5-Panel-Anime-One-Piece-Roles-Poster-For.jpg","type":"image\/jpeg"}],"twitter_card":"summary_large_image","twitter_misc":{"Tiempo de lectura":"4 minutos"},"schema":{"@context":"https:\/\/schema.org","@graph":[{"@type":"WebPage","@id":"https:\/\/boutique-one-piece.com\/goodies-one-piece\/goodies-roronoa-zoro-one-piece\/tableau-one-piece-lets-go\/","url":"https:\/\/boutique-one-piece.com\/goodies-one-piece\/goodies-roronoa-zoro-one-piece\/tableau-one-piece-lets-go\/","name":"Impresi\u00f3n en lienzo de cinco paneles &quot;\u00a1Vamos!&quot; | Tienda One Piece","isPartOf":{"@id":"https:\/\/boutique-one-piece.com\/#website"},"primaryImageOfPage":{"@id":"https:\/\/boutique-one-piece.com\/goodies-one-piece\/goodies-roronoa-zoro-one-piece\/tableau-one-piece-lets-go\/#primaryimage"},"image":{"@id":"https:\/\/boutique-one-piece.com\/goodies-one-piece\/goodies-roronoa-zoro-one-piece\/tableau-one-piece-lets-go\/#primaryimage"},"thumbnailUrl":"https:\/\/boutique-one-piece.com\/wp-content\/uploads\/2022\/09\/Wall-Art-Home-Decorative-Canvas-HD-Print-Painting-5-Panel-Anime-One-Piece-Roles-Poster-For.jpg","datePublished":"2022-09-27T20:39:07+00:00","dateModified":"2024-09-16T12:23:55+00:00","description":"Impresi\u00f3n en lienzo de 5 piezas de One Piece con los Piratas del Sombrero de Paja - Muy alta calidad: \u00a1fan\u00e1tico del universo del manga pirata, esta impresi\u00f3n en lienzo de 5 paneles est\u00e1 hecha para ti!","breadcrumb":{"@id":"https:\/\/boutique-one-piece.com\/goodies-one-piece\/goodies-roronoa-zoro-one-piece\/tableau-one-piece-lets-go\/#breadcrumb"},"inLanguage":"es","potentialAction":[{"@type":"ReadAction","target":["https:\/\/boutique-one-piece.com\/goodies-one-piece\/goodies-roronoa-zoro-one-piece\/tableau-one-piece-lets-go\/"]}]},{"@type":"ImageObject","inLanguage":"es","@id":"https:\/\/boutique-one-piece.com\/goodies-one-piece\/goodies-roronoa-zoro-one-piece\/tableau-one-piece-lets-go\/#primaryimage","url":"https:\/\/boutique-one-piece.com\/wp-content\/uploads\/2022\/09\/Wall-Art-Home-Decorative-Canvas-HD-Print-Painting-5-Panel-Anime-One-Piece-Roles-Poster-For.jpg","contentUrl":"https:\/\/boutique-one-piece.com\/wp-content\/uploads\/2022\/09\/Wall-Art-Home-Decorative-Canvas-HD-Print-Painting-5-Panel-Anime-One-Piece-Roles-Poster-For.jpg","width":1000,"height":1000},{"@type":"BreadcrumbList","@id":"https:\/\/boutique-one-piece.com\/goodies-one-piece\/goodies-roronoa-zoro-one-piece\/tableau-one-piece-lets-go\/#breadcrumb","itemListElement":[{"@type":"ListItem","position":1,"name":"Home","item":"https:\/\/boutique-one-piece.com\/"},{"@type":"ListItem","position":2,"name":"Shop","item":"https:\/\/boutique-one-piece.com\/shop\/"},{"@type":"ListItem","position":3,"name":"Tableau One Piece Let&#8217;s Go !"}]},{"@type":"WebSite","@id":"https:\/\/boutique-one-piece.com\/#website","url":"https:\/\/boutique-one-piece.com\/","name":"Tienda de One Piece","description":"Tienda especializada en manga y anime de One Piece","publisher":{"@id":"https:\/\/boutique-one-piece.com\/#organization"},"potentialAction":[{"@type":"SearchAction","target":{"@type":"EntryPoint","urlTemplate":"https:\/\/boutique-one-piece.com\/?s={search_term_string}"},"query-input":{"@type":"PropertyValueSpecification","valueRequired":true,"valueName":"search_term_string"}}],"inLanguage":"es"},{"@type":"Organization","@id":"https:\/\/boutique-one-piece.com\/#organization","name":"Tienda de One Piece","url":"https:\/\/boutique-one-piece.com\/","logo":{"@type":"ImageObject","inLanguage":"es","@id":"https:\/\/boutique-one-piece.com\/#\/schema\/logo\/image\/","url":"https:\/\/boutique-one-piece.com\/wp-content\/uploads\/2022\/09\/Logo-01.png","contentUrl":"https:\/\/boutique-one-piece.com\/wp-content\/uploads\/2022\/09\/Logo-01.png","width":2318,"height":957,"caption":"Boutique One Piece"},"image":{"@id":"https:\/\/boutique-one-piece.com\/#\/schema\/logo\/image\/"}}]}},"_links":{"self":[{"href":"https:\/\/boutique-one-piece.com\/es\/wp-json\/wp\/v2\/product\/11164","targetHints":{"allow":["GET"]}}],"collection":[{"href":"https:\/\/boutique-one-piece.com\/es\/wp-json\/wp\/v2\/product"}],"about":[{"href":"https:\/\/boutique-one-piece.com\/es\/wp-json\/wp\/v2\/types\/product"}],"replies":[{"embeddable":true,"href":"https:\/\/boutique-one-piece.com\/es\/wp-json\/wp\/v2\/comments?post=11164"}],"wp:featuredmedia":[{"embeddable":true,"href":"https:\/\/boutique-one-piece.com\/es\/wp-json\/wp\/v2\/media\/19241"}],"wp:attachment":[{"href":"https:\/\/boutique-one-piece.com\/es\/wp-json\/wp\/v2\/media?parent=11164"}],"wp:term":[{"taxonomy":"product_brand","embeddable":true,"href":"https:\/\/boutique-one-piece.com\/es\/wp-json\/wp\/v2\/product_brand?post=11164"},{"taxonomy":"product_cat","embeddable":true,"href":"https:\/\/boutique-one-piece.com\/es\/wp-json\/wp\/v2\/product_cat?post=11164"},{"taxonomy":"product_tag","embeddable":true,"href":"https:\/\/boutique-one-piece.com\/es\/wp-json\/wp\/v2\/product_tag?post=11164"}],"curies":[{"name":"wp","href":"https:\/\/api.w.org\/{rel}","templated":true}]}}