{"id":11298,"date":"2022-09-27T20:40:11","date_gmt":"2022-09-27T20:40:11","guid":{"rendered":"https:\/\/boutique-one-piece.com\/uncategorized\/short-de-bain-one-piece-ace\/"},"modified":"2024-09-16T12:27:26","modified_gmt":"2024-09-16T12:27:26","slug":"pantalones-cortos-de-bano-de-una-pieza-ace","status":"publish","type":"product","link":"https:\/\/boutique-one-piece.com\/es\/ropa-de-una-pieza\/pantalones-cortos-de-bano-de-una-pieza\/pantalones-cortos-de-bano-de-una-pieza-ace\/","title":{"rendered":"Pantalones cortos de ba\u00f1o One Piece Ace"},"content":{"rendered":"<p><meta charset=\"utf-8\"><meta charset=\"utf-8\"><\/p>\n<h2>Shorts de ba\u00f1o One Piece con Ace y sus Pu\u00f1os de Fuego, \u00a1un traje de ba\u00f1o de calidad para un pirata como t\u00fa!<\/h2>\n<p>Si eres un <strong>pirata real<\/strong>, Ser\u00e1s apreciado <strong>calidad de los materiales,<\/strong>\u00a0del <strong>dise\u00f1o <\/strong>y<strong> Impresi\u00f3n 3D<\/strong>\u00a0de esto <strong>pantalones cortos de ba\u00f1o de una pieza<\/strong> Pero lo m\u00e1s importante es que con estos shorts ser\u00e1s parte de <strong>el equipo de fans<\/strong> de <strong>manga pirata<\/strong> y obtendr\u00e1s:<\/p>\n<ul>\n<li>\u00a0<strong>Admiraci\u00f3n<\/strong> De todos los fans de <strong>mugiwara<\/strong> que conocer\u00e1s<\/li>\n<\/ul>\n<ul>\n<li>Un verdadero <strong>pantalones cortos de ba\u00f1o estampados<\/strong> con el que puedes nadar <strong>Grand Line<\/strong>, Pero ojo, no es recomendable meterse al mar si has comido uno. <strong>fruta del diablo<\/strong>\n<\/li>\n<\/ul>\n<p>Entonces, \u00bfest\u00e1 listo para ponerlo? <strong>Colores de Porgas D. Ace<\/strong>\u00a0?<\/p>\n<h2>\u00bfEres fan del manga o anime de One Piece? \u00a1Demu\u00e9stralo con estos shorts de ba\u00f1o!<\/h2>\n<p>Si usted <strong>leer<\/strong> o donde sea que mires\u00a0<strong>Anime japon\u00e9s<\/strong>, Hay una buena posibilidad de que te hayas convertido <strong>loco por One Piece<\/strong> \u00a1Con esto! <strong>pantalones cortos de ba\u00f1o<\/strong> <strong>Ace<\/strong>, \u00fanete a \u00e9l <strong>multitud<\/strong><\/p>\n<p>Estos pantalones cortos est\u00e1n disponibles en tallas<span>\u00a0<\/span><strong>XXS, XS, S, M, L, XL<\/strong>, Se adaptar\u00e1 a todo tipo de piratas, incluso si no tienes <strong>espada<\/strong>\u00a0o <strong>fruta del diablo<\/strong> Todav\u00eda puedes usarlo\u00a0<\/p>\n<p><strong>As con el pu\u00f1o de fuego<\/strong>, hijo de Gol D. Roger, hermano de Luffy, nieto de Garp y, finalmente, hijo adoptivo de Barbablanca. Pose\u00eda el <strong>Mera Mera No Mi<\/strong> A <strong>fruta del diablo<\/strong> del tipo <strong>logia<\/strong><\/p>\n<p><meta charset=\"utf-8\"><\/p>\n<h3>No olvides echar un vistazo a la gu\u00eda de tallas que aparece a continuaci\u00f3n.<\/h3>\n<p style=\"text-align: left;\"><span><img decoding=\"async\" alt=\"Gu\u00eda de tallas de pantalones cortos de una pieza Baim (xxs, xs, s, m, l, xl)\" src=\"\/\/cdn.shopify.com\/s\/files\/1\/0087\/7556\/5348\/files\/boutque_one__piece_tableau_taille_short_de_bain_large.jpg?v=1560446518\" style=\"float: none;\"><\/span><\/p>\n<h3>Instrucciones de lavado:<\/h3>\n<ul>\n<li>Lavado a m\u00e1quina a 30\u00b0C, ciclo delicado.<\/li>\n<\/ul>\n<ul>\n<li>Planchar del rev\u00e9s<\/li>\n<\/ul>\n<p>Para <strong>preservar la calidad<\/strong> de esto\u00a0<strong>Pantalones cortos de ba\u00f1o de una pieza<\/strong>, Te recomendamos que <strong>respeto<\/strong> EL <strong>instrucciones de lavado<\/strong>.<\/p>","protected":false},"excerpt":{"rendered":"<p>Ba\u00f1ador One Piece con As del Pu\u00f1o de Fuego, \u00a1un ba\u00f1ador de calidad para un pirata como t\u00fa! Si eres un aut\u00e9ntico pirata, apreciar\u00e1s la calidad de los materiales, el dise\u00f1o y la impresi\u00f3n 3D de este ba\u00f1ador One Piece. Pero lo m\u00e1s importante es que, con este ba\u00f1ador, formar\u00e1s parte de la tripulaci\u00f3n del [\u2026]<\/p>","protected":false},"featured_media":11300,"comment_status":"open","ping_status":"open","template":"","meta":[],"product_brand":[],"product_cat":[66],"product_tag":[176],"class_list":{"0":"post-11298","1":"product","2":"type-product","3":"status-publish","4":"has-post-thumbnail","6":"product_cat-shorts-de-bain-one-piece","7":"product_tag-ace","9":"first","10":"instock","11":"purchasable","12":"product-type-variable","13":"has-default-attributes"},"yoast_head":"<!-- This site is optimized with the Yoast SEO plugin v27.5 - https:\/\/yoast.com\/product\/yoast-seo-wordpress\/ -->\n<title>Short de Bain Ace | Boutique One Piece<\/title>\n<meta name=\"description\" content=\"super qualit\u00e9 pour un pirate ! un v\u00e9ritable pirate, seras appr\u00e9ci\u00e9 la qualit\u00e9 des mat\u00e9riaux, la conception et de l&#039;impression 3D de ce short de bain One Piece\" \/>\n<meta name=\"robots\" content=\"index, follow, max-snippet:-1, max-image-preview:large, max-video-preview:-1\" \/>\n<link rel=\"canonical\" href=\"https:\/\/boutique-one-piece.com\/es\/ropa-de-una-pieza\/pantalones-cortos-de-bano-de-una-pieza\/pantalones-cortos-de-bano-de-una-pieza-ace\/\" \/>\n<meta property=\"og:locale\" content=\"es_ES\" \/>\n<meta property=\"og:type\" content=\"article\" \/>\n<meta property=\"og:title\" content=\"Short de Bain Ace | Boutique One Piece\" \/>\n<meta property=\"og:description\" content=\"super qualit\u00e9 pour un pirate ! un v\u00e9ritable pirate, seras appr\u00e9ci\u00e9 la qualit\u00e9 des mat\u00e9riaux, la conception et de l&#039;impression 3D de ce short de bain One Piece\" \/>\n<meta property=\"og:url\" content=\"https:\/\/boutique-one-piece.com\/es\/ropa-de-una-pieza\/pantalones-cortos-de-bano-de-una-pieza\/pantalones-cortos-de-bano-de-una-pieza-ace\/\" \/>\n<meta property=\"og:site_name\" content=\"Boutique One Piece\" \/>\n<meta property=\"article:modified_time\" content=\"2024-09-16T12:27:26+00:00\" \/>\n<meta property=\"og:image\" content=\"https:\/\/boutique-one-piece.com\/wp-content\/uploads\/2022\/09\/Short-de-Bain-One-Piece-Ace.jpg\" \/>\n\t<meta property=\"og:image:width\" content=\"637\" \/>\n\t<meta property=\"og:image:height\" content=\"640\" \/>\n\t<meta property=\"og:image:type\" content=\"image\/jpeg\" \/>\n<meta name=\"twitter:card\" content=\"summary_large_image\" \/>\n<meta name=\"twitter:label1\" content=\"Tiempo de lectura\" \/>\n\t<meta name=\"twitter:data1\" content=\"2 minutos\" \/>\n<script type=\"application\/ld+json\" class=\"yoast-schema-graph\">{\"@context\":\"https:\\\/\\\/schema.org\",\"@graph\":[{\"@type\":\"WebPage\",\"@id\":\"https:\\\/\\\/boutique-one-piece.com\\\/vetements-one-piece\\\/shorts-de-bain-one-piece\\\/short-de-bain-one-piece-ace\\\/\",\"url\":\"https:\\\/\\\/boutique-one-piece.com\\\/vetements-one-piece\\\/shorts-de-bain-one-piece\\\/short-de-bain-one-piece-ace\\\/\",\"name\":\"Short de Bain Ace | Boutique One Piece\",\"isPartOf\":{\"@id\":\"https:\\\/\\\/boutique-one-piece.com\\\/#website\"},\"primaryImageOfPage\":{\"@id\":\"https:\\\/\\\/boutique-one-piece.com\\\/vetements-one-piece\\\/shorts-de-bain-one-piece\\\/short-de-bain-one-piece-ace\\\/#primaryimage\"},\"image\":{\"@id\":\"https:\\\/\\\/boutique-one-piece.com\\\/vetements-one-piece\\\/shorts-de-bain-one-piece\\\/short-de-bain-one-piece-ace\\\/#primaryimage\"},\"thumbnailUrl\":\"https:\\\/\\\/boutique-one-piece.com\\\/wp-content\\\/uploads\\\/2022\\\/09\\\/Short-de-Bain-One-Piece-Ace.jpg\",\"datePublished\":\"2022-09-27T20:40:11+00:00\",\"dateModified\":\"2024-09-16T12:27:26+00:00\",\"description\":\"super qualit\u00e9 pour un pirate ! un v\u00e9ritable pirate, seras appr\u00e9ci\u00e9 la qualit\u00e9 des mat\u00e9riaux, la conception et de l'impression 3D de ce short de bain One Piece\",\"breadcrumb\":{\"@id\":\"https:\\\/\\\/boutique-one-piece.com\\\/vetements-one-piece\\\/shorts-de-bain-one-piece\\\/short-de-bain-one-piece-ace\\\/#breadcrumb\"},\"inLanguage\":\"es\",\"potentialAction\":[{\"@type\":\"ReadAction\",\"target\":[\"https:\\\/\\\/boutique-one-piece.com\\\/vetements-one-piece\\\/shorts-de-bain-one-piece\\\/short-de-bain-one-piece-ace\\\/\"]}]},{\"@type\":\"ImageObject\",\"inLanguage\":\"es\",\"@id\":\"https:\\\/\\\/boutique-one-piece.com\\\/vetements-one-piece\\\/shorts-de-bain-one-piece\\\/short-de-bain-one-piece-ace\\\/#primaryimage\",\"url\":\"https:\\\/\\\/boutique-one-piece.com\\\/wp-content\\\/uploads\\\/2022\\\/09\\\/Short-de-Bain-One-Piece-Ace.jpg\",\"contentUrl\":\"https:\\\/\\\/boutique-one-piece.com\\\/wp-content\\\/uploads\\\/2022\\\/09\\\/Short-de-Bain-One-Piece-Ace.jpg\",\"width\":637,\"height\":640,\"caption\":\"Short de Bain One Piece Ace xl\"},{\"@type\":\"BreadcrumbList\",\"@id\":\"https:\\\/\\\/boutique-one-piece.com\\\/vetements-one-piece\\\/shorts-de-bain-one-piece\\\/short-de-bain-one-piece-ace\\\/#breadcrumb\",\"itemListElement\":[{\"@type\":\"ListItem\",\"position\":1,\"name\":\"Home\",\"item\":\"https:\\\/\\\/boutique-one-piece.com\\\/\"},{\"@type\":\"ListItem\",\"position\":2,\"name\":\"Shop\",\"item\":\"https:\\\/\\\/boutique-one-piece.com\\\/shop\\\/\"},{\"@type\":\"ListItem\",\"position\":3,\"name\":\"Short de Bain One Piece Ace\"}]},{\"@type\":\"WebSite\",\"@id\":\"https:\\\/\\\/boutique-one-piece.com\\\/#website\",\"url\":\"https:\\\/\\\/boutique-one-piece.com\\\/\",\"name\":\"Boutique One Piece\",\"description\":\"Magasin Sp\u00e9cialis\u00e9 du Manga et l&#039;Anime One Piece\",\"publisher\":{\"@id\":\"https:\\\/\\\/boutique-one-piece.com\\\/#organization\"},\"potentialAction\":[{\"@type\":\"SearchAction\",\"target\":{\"@type\":\"EntryPoint\",\"urlTemplate\":\"https:\\\/\\\/boutique-one-piece.com\\\/?s={search_term_string}\"},\"query-input\":{\"@type\":\"PropertyValueSpecification\",\"valueRequired\":true,\"valueName\":\"search_term_string\"}}],\"inLanguage\":\"es\"},{\"@type\":\"Organization\",\"@id\":\"https:\\\/\\\/boutique-one-piece.com\\\/#organization\",\"name\":\"Boutique One Piece\",\"url\":\"https:\\\/\\\/boutique-one-piece.com\\\/\",\"logo\":{\"@type\":\"ImageObject\",\"inLanguage\":\"es\",\"@id\":\"https:\\\/\\\/boutique-one-piece.com\\\/#\\\/schema\\\/logo\\\/image\\\/\",\"url\":\"https:\\\/\\\/boutique-one-piece.com\\\/wp-content\\\/uploads\\\/2022\\\/09\\\/Logo-01.png\",\"contentUrl\":\"https:\\\/\\\/boutique-one-piece.com\\\/wp-content\\\/uploads\\\/2022\\\/09\\\/Logo-01.png\",\"width\":2318,\"height\":957,\"caption\":\"Boutique One Piece\"},\"image\":{\"@id\":\"https:\\\/\\\/boutique-one-piece.com\\\/#\\\/schema\\\/logo\\\/image\\\/\"}}]}<\/script>\n<!-- \/ Yoast SEO plugin. -->","yoast_head_json":{"title":"Ba\u00f1adores Ace | Tienda de trajes de ba\u00f1o de una pieza","description":"\u00a1Excelente calidad para un pirata! Un verdadero pirata apreciar\u00e1 la calidad de los materiales, el dise\u00f1o y la impresi\u00f3n 3D de este ba\u00f1ador One Piece.","robots":{"index":"index","follow":"follow","max-snippet":"max-snippet:-1","max-image-preview":"max-image-preview:large","max-video-preview":"max-video-preview:-1"},"canonical":"https:\/\/boutique-one-piece.com\/es\/ropa-de-una-pieza\/pantalones-cortos-de-bano-de-una-pieza\/pantalones-cortos-de-bano-de-una-pieza-ace\/","og_locale":"es_ES","og_type":"article","og_title":"Short de Bain Ace | Boutique One Piece","og_description":"super qualit\u00e9 pour un pirate ! un v\u00e9ritable pirate, seras appr\u00e9ci\u00e9 la qualit\u00e9 des mat\u00e9riaux, la conception et de l'impression 3D de ce short de bain One Piece","og_url":"https:\/\/boutique-one-piece.com\/es\/ropa-de-una-pieza\/pantalones-cortos-de-bano-de-una-pieza\/pantalones-cortos-de-bano-de-una-pieza-ace\/","og_site_name":"Boutique One Piece","article_modified_time":"2024-09-16T12:27:26+00:00","og_image":[{"width":637,"height":640,"url":"https:\/\/boutique-one-piece.com\/wp-content\/uploads\/2022\/09\/Short-de-Bain-One-Piece-Ace.jpg","type":"image\/jpeg"}],"twitter_card":"summary_large_image","twitter_misc":{"Tiempo de lectura":"2 minutos"},"schema":{"@context":"https:\/\/schema.org","@graph":[{"@type":"WebPage","@id":"https:\/\/boutique-one-piece.com\/vetements-one-piece\/shorts-de-bain-one-piece\/short-de-bain-one-piece-ace\/","url":"https:\/\/boutique-one-piece.com\/vetements-one-piece\/shorts-de-bain-one-piece\/short-de-bain-one-piece-ace\/","name":"Ba\u00f1adores Ace | Tienda de trajes de ba\u00f1o de una pieza","isPartOf":{"@id":"https:\/\/boutique-one-piece.com\/#website"},"primaryImageOfPage":{"@id":"https:\/\/boutique-one-piece.com\/vetements-one-piece\/shorts-de-bain-one-piece\/short-de-bain-one-piece-ace\/#primaryimage"},"image":{"@id":"https:\/\/boutique-one-piece.com\/vetements-one-piece\/shorts-de-bain-one-piece\/short-de-bain-one-piece-ace\/#primaryimage"},"thumbnailUrl":"https:\/\/boutique-one-piece.com\/wp-content\/uploads\/2022\/09\/Short-de-Bain-One-Piece-Ace.jpg","datePublished":"2022-09-27T20:40:11+00:00","dateModified":"2024-09-16T12:27:26+00:00","description":"\u00a1Excelente calidad para un pirata! Un verdadero pirata apreciar\u00e1 la calidad de los materiales, el dise\u00f1o y la impresi\u00f3n 3D de este ba\u00f1ador One Piece.","breadcrumb":{"@id":"https:\/\/boutique-one-piece.com\/vetements-one-piece\/shorts-de-bain-one-piece\/short-de-bain-one-piece-ace\/#breadcrumb"},"inLanguage":"es","potentialAction":[{"@type":"ReadAction","target":["https:\/\/boutique-one-piece.com\/vetements-one-piece\/shorts-de-bain-one-piece\/short-de-bain-one-piece-ace\/"]}]},{"@type":"ImageObject","inLanguage":"es","@id":"https:\/\/boutique-one-piece.com\/vetements-one-piece\/shorts-de-bain-one-piece\/short-de-bain-one-piece-ace\/#primaryimage","url":"https:\/\/boutique-one-piece.com\/wp-content\/uploads\/2022\/09\/Short-de-Bain-One-Piece-Ace.jpg","contentUrl":"https:\/\/boutique-one-piece.com\/wp-content\/uploads\/2022\/09\/Short-de-Bain-One-Piece-Ace.jpg","width":637,"height":640,"caption":"Short de Bain One Piece Ace xl"},{"@type":"BreadcrumbList","@id":"https:\/\/boutique-one-piece.com\/vetements-one-piece\/shorts-de-bain-one-piece\/short-de-bain-one-piece-ace\/#breadcrumb","itemListElement":[{"@type":"ListItem","position":1,"name":"Home","item":"https:\/\/boutique-one-piece.com\/"},{"@type":"ListItem","position":2,"name":"Shop","item":"https:\/\/boutique-one-piece.com\/shop\/"},{"@type":"ListItem","position":3,"name":"Short de Bain One Piece Ace"}]},{"@type":"WebSite","@id":"https:\/\/boutique-one-piece.com\/#website","url":"https:\/\/boutique-one-piece.com\/","name":"Tienda de One Piece","description":"Tienda especializada en manga y anime de One Piece","publisher":{"@id":"https:\/\/boutique-one-piece.com\/#organization"},"potentialAction":[{"@type":"SearchAction","target":{"@type":"EntryPoint","urlTemplate":"https:\/\/boutique-one-piece.com\/?s={search_term_string}"},"query-input":{"@type":"PropertyValueSpecification","valueRequired":true,"valueName":"search_term_string"}}],"inLanguage":"es"},{"@type":"Organization","@id":"https:\/\/boutique-one-piece.com\/#organization","name":"Tienda de One Piece","url":"https:\/\/boutique-one-piece.com\/","logo":{"@type":"ImageObject","inLanguage":"es","@id":"https:\/\/boutique-one-piece.com\/#\/schema\/logo\/image\/","url":"https:\/\/boutique-one-piece.com\/wp-content\/uploads\/2022\/09\/Logo-01.png","contentUrl":"https:\/\/boutique-one-piece.com\/wp-content\/uploads\/2022\/09\/Logo-01.png","width":2318,"height":957,"caption":"Boutique One Piece"},"image":{"@id":"https:\/\/boutique-one-piece.com\/#\/schema\/logo\/image\/"}}]}},"_links":{"self":[{"href":"https:\/\/boutique-one-piece.com\/es\/wp-json\/wp\/v2\/product\/11298","targetHints":{"allow":["GET"]}}],"collection":[{"href":"https:\/\/boutique-one-piece.com\/es\/wp-json\/wp\/v2\/product"}],"about":[{"href":"https:\/\/boutique-one-piece.com\/es\/wp-json\/wp\/v2\/types\/product"}],"replies":[{"embeddable":true,"href":"https:\/\/boutique-one-piece.com\/es\/wp-json\/wp\/v2\/comments?post=11298"}],"wp:featuredmedia":[{"embeddable":true,"href":"https:\/\/boutique-one-piece.com\/es\/wp-json\/wp\/v2\/media\/11300"}],"wp:attachment":[{"href":"https:\/\/boutique-one-piece.com\/es\/wp-json\/wp\/v2\/media?parent=11298"}],"wp:term":[{"taxonomy":"product_brand","embeddable":true,"href":"https:\/\/boutique-one-piece.com\/es\/wp-json\/wp\/v2\/product_brand?post=11298"},{"taxonomy":"product_cat","embeddable":true,"href":"https:\/\/boutique-one-piece.com\/es\/wp-json\/wp\/v2\/product_cat?post=11298"},{"taxonomy":"product_tag","embeddable":true,"href":"https:\/\/boutique-one-piece.com\/es\/wp-json\/wp\/v2\/product_tag?post=11298"}],"curies":[{"name":"wp","href":"https:\/\/api.w.org\/{rel}","templated":true}]}}