{"id":11550,"date":"2022-09-27T20:41:57","date_gmt":"2022-09-27T20:41:57","guid":{"rendered":"https:\/\/boutique-one-piece.com\/uncategorized\/avis-de-recherche-mr-2-wanted\/"},"modified":"2026-02-13T15:08:17","modified_gmt":"2026-02-13T15:08:17","slug":"aviso-de-busqueda-se-busca-senor-2","status":"publish","type":"product","link":"https:\/\/boutique-one-piece.com\/es\/cartel-de-busqueda-de-one-piece\/aviso-de-busqueda-se-busca-senor-2\/","title":{"rendered":"Aviso de b\u00fasqueda: Bon Clay"},"content":{"rendered":"<h2>Rend hommage \u00e0 la puissance de l\u2019amiti\u00e9 avec cet Avis de Recherche Bon Clay Wanted.<\/h2>\n<p>Bon Clay, cuyo verdadero nombre <strong>Bentham<\/strong>, est un personnage tr\u00e8s appr\u00e9ci\u00e9 dans One Piece par rapport \u00e0 son caract\u00e8re excentrique et enjou\u00e9. Bien qu\u2019il soit un ennemi de Luffy lors de leur premi\u00e8re rencontre sous le pseudonyme de <strong>Se\u00f1or Dos<\/strong> pour le compte de Baroque Works, une organisation criminelle, il se lie rapidement d\u2019amiti\u00e9 avec le h\u00e9ros de l\u2019histoire.<\/p>\n<p>Il admire sa loyaut\u00e9 envers ses amis, et il va jusqu\u2019\u00e0 sauver Luffy \u00e0 deux reprises, \u00e0 Alabasta, mais surtout dans la prison d\u2019Impel Down o\u00f9 il permet \u00e0 tous les \u00e9vad\u00e9s de s\u2019enfuir en se sacrifiant, m\u00eame s\u2019il ne meurt pas.\u00a0<\/p>\n<h3>D\u00e9core ta chambre avec le personnage touchant qu\u2019est Bon Clay gr\u00e2ce \u00e0 son avis de recherche.<\/h3>\n<p>Bon Clay est un personnage haut en couleur, c\u2019est un <strong>travestido<\/strong>. Admira a Ivankov, el revolucionario, l\u00edder de los Okamas. Su cabeza vale 32 millones de bayas.<\/p>\n<p>Comi\u00f3 una fruta del diablo que le sentaba perfecto, la <strong>Mane Mane no mi<\/strong> qui lui permet de prendre l\u2019apparence gr\u00e2ce \u00e0 sa main droite, de tous ceux qu\u2019il a touch\u00e9s de la main gauche. C\u0092est d\u2019ailleurs gr\u00e2ce \u00e0 ce pouvoir qu\u2019il a pu se faire passer pour Magellan et permettre aux \u00e9vad\u00e9s de fuir Impel Down.<\/p>\n<p>Si te gustan los bonos, deber\u00edas echarle un vistazo a esto. <a href=\"https:\/\/boutique-one-piece.com\/es\/cartel-de-busqueda-de-one-piece-se-busca-sabo\/\" target=\"_blank\" title=\"Cartel de &quot;Se busca Sabo&quot;\" rel=\"noopener noreferrer\">Cartel de &quot;Se busca Sabo&quot;<\/a>.<\/p>\n<p>\u00a0<\/p>\n<h2>Informations sur l\u2019Affiche One Piece Wanted\u00a0Bon Clay alias Mr. 2<\/h2>\n<ul>\n<li><span><b><u>P\u00f3ster de Se busca de One Piece<\/u><\/b>\u00a0: v\u00e9ritable Avis De Recherche de l\u2019univers One Piece pour les vrais pirates<\/span><\/li>\n<\/ul>\n<ul>\n<li>\n<b><u>El mejor momento de Bon Clay<\/u><\/b>\u00a036.000.000 de bayas<\/li>\n<\/ul>\n<ul>\n<li><span><strong>Impresi\u00f3n de alta calidad<\/strong>\u00a0colores precisos<\/span><\/li>\n<\/ul>\n<ul>\n<li>\n<strong>Dimensi\u00f3n<\/strong>\u00a0:51 cm x 36 cm<\/li>\n<\/ul>\n<ul>\n<li><span><strong>ENTREGA GRATUITA<\/strong><\/span><\/li>\n<\/ul>","protected":false},"excerpt":{"rendered":"<p>Rend hommage \u00e0 la puissance de l\u2019amiti\u00e9 avec cet Avis de Recherche Bon Clay Wanted. Bon Clay, de son vrai nom Bentham, est un personnage tr\u00e8s appr\u00e9ci\u00e9 dans One Piece par rapport \u00e0 son caract\u00e8re excentrique et enjou\u00e9. Bien qu\u2019il soit un ennemi de Luffy lors de leur premi\u00e8re rencontre sous le pseudonyme de Mister [&hellip;]<\/p>","protected":false},"featured_media":11552,"comment_status":"open","ping_status":"open","template":"","meta":[],"product_brand":[],"product_cat":[171],"product_tag":[],"class_list":{"0":"post-11550","1":"product","2":"type-product","3":"status-publish","4":"has-post-thumbnail","6":"product_cat-avis-de-recherche-one-piece","8":"first","9":"outofstock","10":"purchasable","11":"product-type-simple"},"yoast_head":"<!-- This site is optimized with the Yoast SEO plugin v27.5 - https:\/\/yoast.com\/product\/yoast-seo-wordpress\/ -->\n<title>Avis De Recherche Bon Clay Wanted | D\u00e9coration One Piece \u2013 Boutique One Piece<\/title>\n<meta name=\"description\" content=\"Rend hommage \u00e0 la puissance de l&#039;amiti\u00e9 avec cet Avis de Recherche Bon Clay Wanted. Bon Clay, de son vrai nom Bentham, est un personnage tr\u00e8s appr\u00e9ci\u00e9 dans One Piece par rapport \u00e0 son caract\u00e8re excentrique et enjou\u00e9. Bien qu&#039;il soit un ennemi de Luffy lors de leur premi\u00e8re rencontre sous le pseudonyme de Mister Two pou\" \/>\n<meta name=\"robots\" content=\"index, follow, max-snippet:-1, max-image-preview:large, max-video-preview:-1\" \/>\n<link rel=\"canonical\" href=\"https:\/\/boutique-one-piece.com\/es\/cartel-de-busqueda-de-one-piece\/aviso-de-busqueda-se-busca-senor-2\/\" \/>\n<meta property=\"og:locale\" content=\"es_ES\" \/>\n<meta property=\"og:type\" content=\"article\" \/>\n<meta property=\"og:title\" content=\"Avis De Recherche Bon Clay Wanted | D\u00e9coration One Piece \u2013 Boutique One Piece\" \/>\n<meta property=\"og:description\" content=\"Rend hommage \u00e0 la puissance de l&#039;amiti\u00e9 avec cet Avis de Recherche Bon Clay Wanted. Bon Clay, de son vrai nom Bentham, est un personnage tr\u00e8s appr\u00e9ci\u00e9 dans One Piece par rapport \u00e0 son caract\u00e8re excentrique et enjou\u00e9. Bien qu&#039;il soit un ennemi de Luffy lors de leur premi\u00e8re rencontre sous le pseudonyme de Mister Two pou\" \/>\n<meta property=\"og:url\" content=\"https:\/\/boutique-one-piece.com\/es\/cartel-de-busqueda-de-one-piece\/aviso-de-busqueda-se-busca-senor-2\/\" \/>\n<meta property=\"og:site_name\" content=\"Boutique One Piece\" \/>\n<meta property=\"article:modified_time\" content=\"2026-02-13T15:08:17+00:00\" \/>\n<meta property=\"og:image\" content=\"https:\/\/boutique-one-piece.com\/wp-content\/uploads\/2022\/09\/Avis-De-Recherche-Bon-Clay-Wanted-1.jpg\" \/>\n\t<meta property=\"og:image:width\" content=\"798\" \/>\n\t<meta property=\"og:image:height\" content=\"798\" \/>\n\t<meta property=\"og:image:type\" content=\"image\/jpeg\" \/>\n<meta name=\"twitter:card\" content=\"summary_large_image\" \/>\n<meta name=\"twitter:label1\" content=\"Tiempo de lectura\" \/>\n\t<meta name=\"twitter:data1\" content=\"2 minutos\" \/>\n<script type=\"application\/ld+json\" class=\"yoast-schema-graph\">{\"@context\":\"https:\\\/\\\/schema.org\",\"@graph\":[{\"@type\":\"WebPage\",\"@id\":\"https:\\\/\\\/boutique-one-piece.com\\\/avis-de-recherche-one-piece\\\/avis-de-recherche-mr-2-wanted\\\/\",\"url\":\"https:\\\/\\\/boutique-one-piece.com\\\/avis-de-recherche-one-piece\\\/avis-de-recherche-mr-2-wanted\\\/\",\"name\":\"Avis De Recherche Bon Clay Wanted | D\u00e9coration One Piece \u2013 Boutique One Piece\",\"isPartOf\":{\"@id\":\"https:\\\/\\\/boutique-one-piece.com\\\/#website\"},\"primaryImageOfPage\":{\"@id\":\"https:\\\/\\\/boutique-one-piece.com\\\/avis-de-recherche-one-piece\\\/avis-de-recherche-mr-2-wanted\\\/#primaryimage\"},\"image\":{\"@id\":\"https:\\\/\\\/boutique-one-piece.com\\\/avis-de-recherche-one-piece\\\/avis-de-recherche-mr-2-wanted\\\/#primaryimage\"},\"thumbnailUrl\":\"https:\\\/\\\/boutique-one-piece.com\\\/wp-content\\\/uploads\\\/2022\\\/09\\\/Avis-De-Recherche-Bon-Clay-Wanted-1.jpg\",\"datePublished\":\"2022-09-27T20:41:57+00:00\",\"dateModified\":\"2026-02-13T15:08:17+00:00\",\"description\":\"Rend hommage \u00e0 la puissance de l'amiti\u00e9 avec cet Avis de Recherche Bon Clay Wanted. Bon Clay, de son vrai nom Bentham, est un personnage tr\u00e8s appr\u00e9ci\u00e9 dans One Piece par rapport \u00e0 son caract\u00e8re excentrique et enjou\u00e9. Bien qu'il soit un ennemi de Luffy lors de leur premi\u00e8re rencontre sous le pseudonyme de Mister Two pou\",\"breadcrumb\":{\"@id\":\"https:\\\/\\\/boutique-one-piece.com\\\/avis-de-recherche-one-piece\\\/avis-de-recherche-mr-2-wanted\\\/#breadcrumb\"},\"inLanguage\":\"es\",\"potentialAction\":[{\"@type\":\"ReadAction\",\"target\":[\"https:\\\/\\\/boutique-one-piece.com\\\/avis-de-recherche-one-piece\\\/avis-de-recherche-mr-2-wanted\\\/\"]}]},{\"@type\":\"ImageObject\",\"inLanguage\":\"es\",\"@id\":\"https:\\\/\\\/boutique-one-piece.com\\\/avis-de-recherche-one-piece\\\/avis-de-recherche-mr-2-wanted\\\/#primaryimage\",\"url\":\"https:\\\/\\\/boutique-one-piece.com\\\/wp-content\\\/uploads\\\/2022\\\/09\\\/Avis-De-Recherche-Bon-Clay-Wanted-1.jpg\",\"contentUrl\":\"https:\\\/\\\/boutique-one-piece.com\\\/wp-content\\\/uploads\\\/2022\\\/09\\\/Avis-De-Recherche-Bon-Clay-Wanted-1.jpg\",\"width\":798,\"height\":798},{\"@type\":\"BreadcrumbList\",\"@id\":\"https:\\\/\\\/boutique-one-piece.com\\\/avis-de-recherche-one-piece\\\/avis-de-recherche-mr-2-wanted\\\/#breadcrumb\",\"itemListElement\":[{\"@type\":\"ListItem\",\"position\":1,\"name\":\"Home\",\"item\":\"https:\\\/\\\/boutique-one-piece.com\\\/\"},{\"@type\":\"ListItem\",\"position\":2,\"name\":\"Shop\",\"item\":\"https:\\\/\\\/boutique-one-piece.com\\\/shop\\\/\"},{\"@type\":\"ListItem\",\"position\":3,\"name\":\"Avis De Recherche Bon Clay Wanted\"}]},{\"@type\":\"WebSite\",\"@id\":\"https:\\\/\\\/boutique-one-piece.com\\\/#website\",\"url\":\"https:\\\/\\\/boutique-one-piece.com\\\/\",\"name\":\"Boutique One Piece\",\"description\":\"Magasin Sp\u00e9cialis\u00e9 du Manga et l&#039;Anime One Piece\",\"publisher\":{\"@id\":\"https:\\\/\\\/boutique-one-piece.com\\\/#organization\"},\"potentialAction\":[{\"@type\":\"SearchAction\",\"target\":{\"@type\":\"EntryPoint\",\"urlTemplate\":\"https:\\\/\\\/boutique-one-piece.com\\\/?s={search_term_string}\"},\"query-input\":{\"@type\":\"PropertyValueSpecification\",\"valueRequired\":true,\"valueName\":\"search_term_string\"}}],\"inLanguage\":\"es\"},{\"@type\":\"Organization\",\"@id\":\"https:\\\/\\\/boutique-one-piece.com\\\/#organization\",\"name\":\"Boutique One Piece\",\"url\":\"https:\\\/\\\/boutique-one-piece.com\\\/\",\"logo\":{\"@type\":\"ImageObject\",\"inLanguage\":\"es\",\"@id\":\"https:\\\/\\\/boutique-one-piece.com\\\/#\\\/schema\\\/logo\\\/image\\\/\",\"url\":\"https:\\\/\\\/boutique-one-piece.com\\\/wp-content\\\/uploads\\\/2022\\\/09\\\/Logo-01.png\",\"contentUrl\":\"https:\\\/\\\/boutique-one-piece.com\\\/wp-content\\\/uploads\\\/2022\\\/09\\\/Logo-01.png\",\"width\":2318,\"height\":957,\"caption\":\"Boutique One Piece\"},\"image\":{\"@id\":\"https:\\\/\\\/boutique-one-piece.com\\\/#\\\/schema\\\/logo\\\/image\\\/\"}}]}<\/script>\n<!-- \/ Yoast SEO plugin. -->","yoast_head_json":{"title":"Aviso de b\u00fasqueda: Se busca arcilla de buena calidad | Decoraci\u00f3n de One Piece \u2013 Tienda de One Piece","description":"Rinde homenaje al poder de la amistad con este p\u00f3ster de &quot;Se busca&quot; de Bon Clay. Bon Clay, cuyo verdadero nombre es Bentham, es un personaje muy querido en One Piece por su personalidad exc\u00e9ntrica y alegre. Aunque es enemigo de Luffy durante su primer encuentro bajo el alias de Mister Two...","robots":{"index":"index","follow":"follow","max-snippet":"max-snippet:-1","max-image-preview":"max-image-preview:large","max-video-preview":"max-video-preview:-1"},"canonical":"https:\/\/boutique-one-piece.com\/es\/cartel-de-busqueda-de-one-piece\/aviso-de-busqueda-se-busca-senor-2\/","og_locale":"es_ES","og_type":"article","og_title":"Avis De Recherche Bon Clay Wanted | D\u00e9coration One Piece \u2013 Boutique One Piece","og_description":"Rend hommage \u00e0 la puissance de l'amiti\u00e9 avec cet Avis de Recherche Bon Clay Wanted. Bon Clay, de son vrai nom Bentham, est un personnage tr\u00e8s appr\u00e9ci\u00e9 dans One Piece par rapport \u00e0 son caract\u00e8re excentrique et enjou\u00e9. Bien qu'il soit un ennemi de Luffy lors de leur premi\u00e8re rencontre sous le pseudonyme de Mister Two pou","og_url":"https:\/\/boutique-one-piece.com\/es\/cartel-de-busqueda-de-one-piece\/aviso-de-busqueda-se-busca-senor-2\/","og_site_name":"Boutique One Piece","article_modified_time":"2026-02-13T15:08:17+00:00","og_image":[{"width":798,"height":798,"url":"https:\/\/boutique-one-piece.com\/wp-content\/uploads\/2022\/09\/Avis-De-Recherche-Bon-Clay-Wanted-1.jpg","type":"image\/jpeg"}],"twitter_card":"summary_large_image","twitter_misc":{"Tiempo de lectura":"2 minutos"},"schema":{"@context":"https:\/\/schema.org","@graph":[{"@type":"WebPage","@id":"https:\/\/boutique-one-piece.com\/avis-de-recherche-one-piece\/avis-de-recherche-mr-2-wanted\/","url":"https:\/\/boutique-one-piece.com\/avis-de-recherche-one-piece\/avis-de-recherche-mr-2-wanted\/","name":"Aviso de b\u00fasqueda: Se busca arcilla de buena calidad | Decoraci\u00f3n de One Piece \u2013 Tienda de One Piece","isPartOf":{"@id":"https:\/\/boutique-one-piece.com\/#website"},"primaryImageOfPage":{"@id":"https:\/\/boutique-one-piece.com\/avis-de-recherche-one-piece\/avis-de-recherche-mr-2-wanted\/#primaryimage"},"image":{"@id":"https:\/\/boutique-one-piece.com\/avis-de-recherche-one-piece\/avis-de-recherche-mr-2-wanted\/#primaryimage"},"thumbnailUrl":"https:\/\/boutique-one-piece.com\/wp-content\/uploads\/2022\/09\/Avis-De-Recherche-Bon-Clay-Wanted-1.jpg","datePublished":"2022-09-27T20:41:57+00:00","dateModified":"2026-02-13T15:08:17+00:00","description":"Rinde homenaje al poder de la amistad con este p\u00f3ster de &quot;Se busca&quot; de Bon Clay. Bon Clay, cuyo verdadero nombre es Bentham, es un personaje muy querido en One Piece por su personalidad exc\u00e9ntrica y alegre. Aunque es enemigo de Luffy durante su primer encuentro bajo el alias de Mister Two...","breadcrumb":{"@id":"https:\/\/boutique-one-piece.com\/avis-de-recherche-one-piece\/avis-de-recherche-mr-2-wanted\/#breadcrumb"},"inLanguage":"es","potentialAction":[{"@type":"ReadAction","target":["https:\/\/boutique-one-piece.com\/avis-de-recherche-one-piece\/avis-de-recherche-mr-2-wanted\/"]}]},{"@type":"ImageObject","inLanguage":"es","@id":"https:\/\/boutique-one-piece.com\/avis-de-recherche-one-piece\/avis-de-recherche-mr-2-wanted\/#primaryimage","url":"https:\/\/boutique-one-piece.com\/wp-content\/uploads\/2022\/09\/Avis-De-Recherche-Bon-Clay-Wanted-1.jpg","contentUrl":"https:\/\/boutique-one-piece.com\/wp-content\/uploads\/2022\/09\/Avis-De-Recherche-Bon-Clay-Wanted-1.jpg","width":798,"height":798},{"@type":"BreadcrumbList","@id":"https:\/\/boutique-one-piece.com\/avis-de-recherche-one-piece\/avis-de-recherche-mr-2-wanted\/#breadcrumb","itemListElement":[{"@type":"ListItem","position":1,"name":"Home","item":"https:\/\/boutique-one-piece.com\/"},{"@type":"ListItem","position":2,"name":"Shop","item":"https:\/\/boutique-one-piece.com\/shop\/"},{"@type":"ListItem","position":3,"name":"Avis De Recherche Bon Clay Wanted"}]},{"@type":"WebSite","@id":"https:\/\/boutique-one-piece.com\/#website","url":"https:\/\/boutique-one-piece.com\/","name":"Tienda de One Piece","description":"Tienda especializada en manga y anime de One Piece","publisher":{"@id":"https:\/\/boutique-one-piece.com\/#organization"},"potentialAction":[{"@type":"SearchAction","target":{"@type":"EntryPoint","urlTemplate":"https:\/\/boutique-one-piece.com\/?s={search_term_string}"},"query-input":{"@type":"PropertyValueSpecification","valueRequired":true,"valueName":"search_term_string"}}],"inLanguage":"es"},{"@type":"Organization","@id":"https:\/\/boutique-one-piece.com\/#organization","name":"Tienda de One Piece","url":"https:\/\/boutique-one-piece.com\/","logo":{"@type":"ImageObject","inLanguage":"es","@id":"https:\/\/boutique-one-piece.com\/#\/schema\/logo\/image\/","url":"https:\/\/boutique-one-piece.com\/wp-content\/uploads\/2022\/09\/Logo-01.png","contentUrl":"https:\/\/boutique-one-piece.com\/wp-content\/uploads\/2022\/09\/Logo-01.png","width":2318,"height":957,"caption":"Boutique One Piece"},"image":{"@id":"https:\/\/boutique-one-piece.com\/#\/schema\/logo\/image\/"}}]}},"_links":{"self":[{"href":"https:\/\/boutique-one-piece.com\/es\/wp-json\/wp\/v2\/product\/11550","targetHints":{"allow":["GET"]}}],"collection":[{"href":"https:\/\/boutique-one-piece.com\/es\/wp-json\/wp\/v2\/product"}],"about":[{"href":"https:\/\/boutique-one-piece.com\/es\/wp-json\/wp\/v2\/types\/product"}],"replies":[{"embeddable":true,"href":"https:\/\/boutique-one-piece.com\/es\/wp-json\/wp\/v2\/comments?post=11550"}],"wp:featuredmedia":[{"embeddable":true,"href":"https:\/\/boutique-one-piece.com\/es\/wp-json\/wp\/v2\/media\/11552"}],"wp:attachment":[{"href":"https:\/\/boutique-one-piece.com\/es\/wp-json\/wp\/v2\/media?parent=11550"}],"wp:term":[{"taxonomy":"product_brand","embeddable":true,"href":"https:\/\/boutique-one-piece.com\/es\/wp-json\/wp\/v2\/product_brand?post=11550"},{"taxonomy":"product_cat","embeddable":true,"href":"https:\/\/boutique-one-piece.com\/es\/wp-json\/wp\/v2\/product_cat?post=11550"},{"taxonomy":"product_tag","embeddable":true,"href":"https:\/\/boutique-one-piece.com\/es\/wp-json\/wp\/v2\/product_tag?post=11550"}],"curies":[{"name":"wp","href":"https:\/\/api.w.org\/{rel}","templated":true}]}}