{"id":11620,"date":"2022-09-27T20:42:27","date_gmt":"2022-09-27T20:42:27","guid":{"rendered":"https:\/\/boutique-one-piece.com\/uncategorized\/figurine-one-piece-boa-hancock-kimono\/"},"modified":"2024-09-16T12:34:59","modified_gmt":"2024-09-16T12:34:59","slug":"figura-de-one-piece-con-kimono-de-boa-hancock","status":"publish","type":"product","link":"https:\/\/boutique-one-piece.com\/es\/figuras-de-one-piece\/figuras-de-boa-hancock\/figura-de-one-piece-con-kimono-de-boa-hancock\/","title":{"rendered":"Figura de kimono de Boa Hancock de One Piece"},"content":{"rendered":"<h2>Joven pirata, ha llegado el momento de que consigas esta figura de kimono de Boa Hancock de One Piece.<\/h2>\n<p><strong>La emperatriz pirata Boa Hancock<\/strong> Es la Princesa Serpiente de Amazon Lily, quien gobierna la tribu Kuja con la ayuda de sus dos hermanas gorgonas, Boa Marigold y Boa Sandersonia. Tambi\u00e9n es la actual capitana de <strong>La tripulaci\u00f3n pirata Kuja<\/strong>. Boa Hancock fue la \u00fanica mujer miembro de los Siete Se\u00f1ores de la Guerra del Mar hasta su disoluci\u00f3n. Los Hermanos Risky la mencionaron por primera vez al final del arco argumental de Thriller Bark, cuando compararon su legendaria belleza con la de las sirenas.<\/p>\n<p>Es considerada por muchos como la mujer m\u00e1s bella del mundo, en gran parte debido a su Fruta del Diablo que hace que casi todos los que la miran se enamoren de ella.<\/p>\n<p>Si bien actualmente sigue empleada dentro de los Siete Se\u00f1ores de la Guerra del Mar, su amor por <strong>Monkey D. Luffy<\/strong> Esto la llev\u00f3 a volverse contra el Gobierno Mundial en numerosas ocasiones, poniendo as\u00ed en peligro su condici\u00f3n de Se\u00f1ora de la Guerra del Mar. Adem\u00e1s, la <a title=\"FIGURA POK\u00c9MON CAPIT\u00c1N SOMBRERO DE PAJA LUFFY\" href=\"https:\/\/boutique-one-piece.com\/es\/figuras-de-one-piece\/productos\/figura-pokemon-del-capitan-luffy-con-el-sombrero-de-paja\/\" target=\"_blank\" rel=\"noopener\">Figura de Luffy Sombrero de Paja<\/a> Est\u00e1 a tu alcance.<\/p>\n<h3>\u00bfTe ha cautivado la figura de la encantadora Boa Hancock? Si es as\u00ed, no esperes m\u00e1s y \u00fanete a ella en su isla de Amazon Lily.<\/h3>\n<p>Tanto si eres un fan\u00e1tico incondicional como un coleccionista experimentado, estos art\u00edculos son sin duda para ti. Perfectos para regalar, decorar o a\u00f1adir a tu colecci\u00f3n, estos art\u00edculos enriquecer\u00e1n tu colecci\u00f3n.<strong> tu universo de One Piece<\/strong>. As\u00ed que no esperes m\u00e1s y aprovecha la oportunidad de vivir muchas aventuras emocionantes en el universo de <strong>Luffy<\/strong>.<\/p>\n<h2>Informaci\u00f3n sobre la figura del kimono de Boa Hancock\u00a0<\/h2>\n<ul>\n<li><span><b><u>Figura de One Piece<\/u><\/b>\u00a0Figura premium de One Piece para aut\u00e9nticos piratas.<\/span><\/li>\n<\/ul>\n<ul>\n<li>\n<b>Asunto<\/b><span>\u00a0<\/span>CLORURO DE POLIVINILO<\/li>\n<\/ul>\n<ul>\n<li><span><strong>Dimensi\u00f3n<\/strong>\u00a0:20 cent\u00edmetros<\/span><\/li>\n<\/ul>\n<ul>\n<li><span><strong>ENTREGA GRATUITA<\/strong><\/span><\/li>\n<\/ul>","protected":false},"excerpt":{"rendered":"<p>Joven pirata, ha llegado el momento de que consigas esta figura de One Piece con kimono de Boa Hancock. La Emperatriz Pirata Boa Hancock es la Princesa Serpiente de Amazon Lily, quien gobierna la tribu Kuja con la ayuda de sus dos hermanas gorgonas, Boa Marigold y Boa Sandersonia. Tambi\u00e9n es la actual capitana de la Tripulaci\u00f3n Pirata [\u2026]<\/p>","protected":false},"featured_media":11622,"comment_status":"open","ping_status":"open","template":"","meta":[],"product_brand":[],"product_cat":[174,76],"product_tag":[175],"class_list":{"0":"post-11620","1":"product","2":"type-product","3":"status-publish","4":"has-post-thumbnail","6":"product_cat-figurines-boa-hancock","7":"product_cat-figurines-one-piece","8":"product_tag-boa-hancock","10":"first","11":"instock","12":"purchasable","13":"product-type-simple"},"yoast_head":"<!-- This site is optimized with the Yoast SEO plugin v27.5 - https:\/\/yoast.com\/product\/yoast-seo-wordpress\/ -->\n<title>Figurine One Piece Boa Hancock Kimono | Figurine One Piece \u2013 Boutique One Piece<\/title>\n<meta name=\"description\" content=\"Jeune pirate, le moment est venu pour toi de te procurer cette Figurine One Piece Boa Hancock Kimono. L&#039;Imp\u00e9ratrice Pirate Boa Hancock est la Princesse Serpent d&#039;Amazon Lily qui gouverne la tribu Kuja avec l&#039;aide de ses deux s\u0153urs gorgones, Boa Marigold et Boa Sandersonia. Elle est \u00e9galement la capitaine actuelle de L&#039;\" \/>\n<meta name=\"robots\" content=\"index, follow, max-snippet:-1, max-image-preview:large, max-video-preview:-1\" \/>\n<link rel=\"canonical\" href=\"https:\/\/boutique-one-piece.com\/es\/figuras-de-one-piece\/figuras-de-boa-hancock\/figura-de-one-piece-con-kimono-de-boa-hancock\/\" \/>\n<meta property=\"og:locale\" content=\"es_ES\" \/>\n<meta property=\"og:type\" content=\"article\" \/>\n<meta property=\"og:title\" content=\"Figurine One Piece Boa Hancock Kimono | Figurine One Piece \u2013 Boutique One Piece\" \/>\n<meta property=\"og:description\" content=\"Jeune pirate, le moment est venu pour toi de te procurer cette Figurine One Piece Boa Hancock Kimono. L&#039;Imp\u00e9ratrice Pirate Boa Hancock est la Princesse Serpent d&#039;Amazon Lily qui gouverne la tribu Kuja avec l&#039;aide de ses deux s\u0153urs gorgones, Boa Marigold et Boa Sandersonia. Elle est \u00e9galement la capitaine actuelle de L&#039;\" \/>\n<meta property=\"og:url\" content=\"https:\/\/boutique-one-piece.com\/es\/figuras-de-one-piece\/figuras-de-boa-hancock\/figura-de-one-piece-con-kimono-de-boa-hancock\/\" \/>\n<meta property=\"og:site_name\" content=\"Boutique One Piece\" \/>\n<meta property=\"article:modified_time\" content=\"2024-09-16T12:34:59+00:00\" \/>\n<meta property=\"og:image\" content=\"https:\/\/boutique-one-piece.com\/wp-content\/uploads\/2022\/09\/Figurine-One-Piece-Boa-Hancock-Kimono.jpg\" \/>\n\t<meta property=\"og:image:width\" content=\"640\" \/>\n\t<meta property=\"og:image:height\" content=\"640\" \/>\n\t<meta property=\"og:image:type\" content=\"image\/jpeg\" \/>\n<meta name=\"twitter:card\" content=\"summary_large_image\" \/>\n<meta name=\"twitter:label1\" content=\"Tiempo de lectura\" \/>\n\t<meta name=\"twitter:data1\" content=\"2 minutos\" \/>\n<script type=\"application\/ld+json\" class=\"yoast-schema-graph\">{\"@context\":\"https:\\\/\\\/schema.org\",\"@graph\":[{\"@type\":\"WebPage\",\"@id\":\"https:\\\/\\\/boutique-one-piece.com\\\/figurines-one-piece\\\/figurines-boa-hancock\\\/figurine-one-piece-boa-hancock-kimono\\\/\",\"url\":\"https:\\\/\\\/boutique-one-piece.com\\\/figurines-one-piece\\\/figurines-boa-hancock\\\/figurine-one-piece-boa-hancock-kimono\\\/\",\"name\":\"Figurine One Piece Boa Hancock Kimono | Figurine One Piece \u2013 Boutique One Piece\",\"isPartOf\":{\"@id\":\"https:\\\/\\\/boutique-one-piece.com\\\/#website\"},\"primaryImageOfPage\":{\"@id\":\"https:\\\/\\\/boutique-one-piece.com\\\/figurines-one-piece\\\/figurines-boa-hancock\\\/figurine-one-piece-boa-hancock-kimono\\\/#primaryimage\"},\"image\":{\"@id\":\"https:\\\/\\\/boutique-one-piece.com\\\/figurines-one-piece\\\/figurines-boa-hancock\\\/figurine-one-piece-boa-hancock-kimono\\\/#primaryimage\"},\"thumbnailUrl\":\"https:\\\/\\\/boutique-one-piece.com\\\/wp-content\\\/uploads\\\/2022\\\/09\\\/Figurine-One-Piece-Boa-Hancock-Kimono.jpg\",\"datePublished\":\"2022-09-27T20:42:27+00:00\",\"dateModified\":\"2024-09-16T12:34:59+00:00\",\"description\":\"Jeune pirate, le moment est venu pour toi de te procurer cette Figurine One Piece Boa Hancock Kimono. L'Imp\u00e9ratrice Pirate Boa Hancock est la Princesse Serpent d'Amazon Lily qui gouverne la tribu Kuja avec l'aide de ses deux s\u0153urs gorgones, Boa Marigold et Boa Sandersonia. Elle est \u00e9galement la capitaine actuelle de L'\",\"breadcrumb\":{\"@id\":\"https:\\\/\\\/boutique-one-piece.com\\\/figurines-one-piece\\\/figurines-boa-hancock\\\/figurine-one-piece-boa-hancock-kimono\\\/#breadcrumb\"},\"inLanguage\":\"es\",\"potentialAction\":[{\"@type\":\"ReadAction\",\"target\":[\"https:\\\/\\\/boutique-one-piece.com\\\/figurines-one-piece\\\/figurines-boa-hancock\\\/figurine-one-piece-boa-hancock-kimono\\\/\"]}]},{\"@type\":\"ImageObject\",\"inLanguage\":\"es\",\"@id\":\"https:\\\/\\\/boutique-one-piece.com\\\/figurines-one-piece\\\/figurines-boa-hancock\\\/figurine-one-piece-boa-hancock-kimono\\\/#primaryimage\",\"url\":\"https:\\\/\\\/boutique-one-piece.com\\\/wp-content\\\/uploads\\\/2022\\\/09\\\/Figurine-One-Piece-Boa-Hancock-Kimono.jpg\",\"contentUrl\":\"https:\\\/\\\/boutique-one-piece.com\\\/wp-content\\\/uploads\\\/2022\\\/09\\\/Figurine-One-Piece-Boa-Hancock-Kimono.jpg\",\"width\":640,\"height\":640,\"caption\":\"Figurine One Piece Boa Hancock Kimono Default Title\"},{\"@type\":\"BreadcrumbList\",\"@id\":\"https:\\\/\\\/boutique-one-piece.com\\\/figurines-one-piece\\\/figurines-boa-hancock\\\/figurine-one-piece-boa-hancock-kimono\\\/#breadcrumb\",\"itemListElement\":[{\"@type\":\"ListItem\",\"position\":1,\"name\":\"Home\",\"item\":\"https:\\\/\\\/boutique-one-piece.com\\\/\"},{\"@type\":\"ListItem\",\"position\":2,\"name\":\"Shop\",\"item\":\"https:\\\/\\\/boutique-one-piece.com\\\/shop\\\/\"},{\"@type\":\"ListItem\",\"position\":3,\"name\":\"Figurine One Piece Boa Hancock Kimono\"}]},{\"@type\":\"WebSite\",\"@id\":\"https:\\\/\\\/boutique-one-piece.com\\\/#website\",\"url\":\"https:\\\/\\\/boutique-one-piece.com\\\/\",\"name\":\"Boutique One Piece\",\"description\":\"Magasin Sp\u00e9cialis\u00e9 du Manga et l&#039;Anime One Piece\",\"publisher\":{\"@id\":\"https:\\\/\\\/boutique-one-piece.com\\\/#organization\"},\"potentialAction\":[{\"@type\":\"SearchAction\",\"target\":{\"@type\":\"EntryPoint\",\"urlTemplate\":\"https:\\\/\\\/boutique-one-piece.com\\\/?s={search_term_string}\"},\"query-input\":{\"@type\":\"PropertyValueSpecification\",\"valueRequired\":true,\"valueName\":\"search_term_string\"}}],\"inLanguage\":\"es\"},{\"@type\":\"Organization\",\"@id\":\"https:\\\/\\\/boutique-one-piece.com\\\/#organization\",\"name\":\"Boutique One Piece\",\"url\":\"https:\\\/\\\/boutique-one-piece.com\\\/\",\"logo\":{\"@type\":\"ImageObject\",\"inLanguage\":\"es\",\"@id\":\"https:\\\/\\\/boutique-one-piece.com\\\/#\\\/schema\\\/logo\\\/image\\\/\",\"url\":\"https:\\\/\\\/boutique-one-piece.com\\\/wp-content\\\/uploads\\\/2022\\\/09\\\/Logo-01.png\",\"contentUrl\":\"https:\\\/\\\/boutique-one-piece.com\\\/wp-content\\\/uploads\\\/2022\\\/09\\\/Logo-01.png\",\"width\":2318,\"height\":957,\"caption\":\"Boutique One Piece\"},\"image\":{\"@id\":\"https:\\\/\\\/boutique-one-piece.com\\\/#\\\/schema\\\/logo\\\/image\\\/\"}}]}<\/script>\n<!-- \/ Yoast SEO plugin. -->","yoast_head_json":{"title":"Figura de Boa Hancock con kimono de One Piece | Figura de One Piece \u2013 Tienda One Piece","description":"Joven pirata, ha llegado el momento de que consigas esta figura de One Piece con kimono de Boa Hancock. La Emperatriz Pirata Boa Hancock es la Princesa Serpiente de Amazon Lily, quien gobierna la tribu Kuja con la ayuda de sus dos hermanas gorgonas, Boa Marigold y Boa Sandersonia. Tambi\u00e9n es la actual capitana de...'","robots":{"index":"index","follow":"follow","max-snippet":"max-snippet:-1","max-image-preview":"max-image-preview:large","max-video-preview":"max-video-preview:-1"},"canonical":"https:\/\/boutique-one-piece.com\/es\/figuras-de-one-piece\/figuras-de-boa-hancock\/figura-de-one-piece-con-kimono-de-boa-hancock\/","og_locale":"es_ES","og_type":"article","og_title":"Figurine One Piece Boa Hancock Kimono | Figurine One Piece \u2013 Boutique One Piece","og_description":"Jeune pirate, le moment est venu pour toi de te procurer cette Figurine One Piece Boa Hancock Kimono. L'Imp\u00e9ratrice Pirate Boa Hancock est la Princesse Serpent d'Amazon Lily qui gouverne la tribu Kuja avec l'aide de ses deux s\u0153urs gorgones, Boa Marigold et Boa Sandersonia. Elle est \u00e9galement la capitaine actuelle de L'","og_url":"https:\/\/boutique-one-piece.com\/es\/figuras-de-one-piece\/figuras-de-boa-hancock\/figura-de-one-piece-con-kimono-de-boa-hancock\/","og_site_name":"Boutique One Piece","article_modified_time":"2024-09-16T12:34:59+00:00","og_image":[{"width":640,"height":640,"url":"https:\/\/boutique-one-piece.com\/wp-content\/uploads\/2022\/09\/Figurine-One-Piece-Boa-Hancock-Kimono.jpg","type":"image\/jpeg"}],"twitter_card":"summary_large_image","twitter_misc":{"Tiempo de lectura":"2 minutos"},"schema":{"@context":"https:\/\/schema.org","@graph":[{"@type":"WebPage","@id":"https:\/\/boutique-one-piece.com\/figurines-one-piece\/figurines-boa-hancock\/figurine-one-piece-boa-hancock-kimono\/","url":"https:\/\/boutique-one-piece.com\/figurines-one-piece\/figurines-boa-hancock\/figurine-one-piece-boa-hancock-kimono\/","name":"Figura de Boa Hancock con kimono de One Piece | Figura de One Piece \u2013 Tienda One Piece","isPartOf":{"@id":"https:\/\/boutique-one-piece.com\/#website"},"primaryImageOfPage":{"@id":"https:\/\/boutique-one-piece.com\/figurines-one-piece\/figurines-boa-hancock\/figurine-one-piece-boa-hancock-kimono\/#primaryimage"},"image":{"@id":"https:\/\/boutique-one-piece.com\/figurines-one-piece\/figurines-boa-hancock\/figurine-one-piece-boa-hancock-kimono\/#primaryimage"},"thumbnailUrl":"https:\/\/boutique-one-piece.com\/wp-content\/uploads\/2022\/09\/Figurine-One-Piece-Boa-Hancock-Kimono.jpg","datePublished":"2022-09-27T20:42:27+00:00","dateModified":"2024-09-16T12:34:59+00:00","description":"Joven pirata, ha llegado el momento de que consigas esta figura de One Piece con kimono de Boa Hancock. La Emperatriz Pirata Boa Hancock es la Princesa Serpiente de Amazon Lily, quien gobierna la tribu Kuja con la ayuda de sus dos hermanas gorgonas, Boa Marigold y Boa Sandersonia. Tambi\u00e9n es la actual capitana de...'","breadcrumb":{"@id":"https:\/\/boutique-one-piece.com\/figurines-one-piece\/figurines-boa-hancock\/figurine-one-piece-boa-hancock-kimono\/#breadcrumb"},"inLanguage":"es","potentialAction":[{"@type":"ReadAction","target":["https:\/\/boutique-one-piece.com\/figurines-one-piece\/figurines-boa-hancock\/figurine-one-piece-boa-hancock-kimono\/"]}]},{"@type":"ImageObject","inLanguage":"es","@id":"https:\/\/boutique-one-piece.com\/figurines-one-piece\/figurines-boa-hancock\/figurine-one-piece-boa-hancock-kimono\/#primaryimage","url":"https:\/\/boutique-one-piece.com\/wp-content\/uploads\/2022\/09\/Figurine-One-Piece-Boa-Hancock-Kimono.jpg","contentUrl":"https:\/\/boutique-one-piece.com\/wp-content\/uploads\/2022\/09\/Figurine-One-Piece-Boa-Hancock-Kimono.jpg","width":640,"height":640,"caption":"Figurine One Piece Boa Hancock Kimono Default Title"},{"@type":"BreadcrumbList","@id":"https:\/\/boutique-one-piece.com\/figurines-one-piece\/figurines-boa-hancock\/figurine-one-piece-boa-hancock-kimono\/#breadcrumb","itemListElement":[{"@type":"ListItem","position":1,"name":"Home","item":"https:\/\/boutique-one-piece.com\/"},{"@type":"ListItem","position":2,"name":"Shop","item":"https:\/\/boutique-one-piece.com\/shop\/"},{"@type":"ListItem","position":3,"name":"Figurine One Piece Boa Hancock Kimono"}]},{"@type":"WebSite","@id":"https:\/\/boutique-one-piece.com\/#website","url":"https:\/\/boutique-one-piece.com\/","name":"Tienda de One Piece","description":"Tienda especializada en manga y anime de One Piece","publisher":{"@id":"https:\/\/boutique-one-piece.com\/#organization"},"potentialAction":[{"@type":"SearchAction","target":{"@type":"EntryPoint","urlTemplate":"https:\/\/boutique-one-piece.com\/?s={search_term_string}"},"query-input":{"@type":"PropertyValueSpecification","valueRequired":true,"valueName":"search_term_string"}}],"inLanguage":"es"},{"@type":"Organization","@id":"https:\/\/boutique-one-piece.com\/#organization","name":"Tienda de One Piece","url":"https:\/\/boutique-one-piece.com\/","logo":{"@type":"ImageObject","inLanguage":"es","@id":"https:\/\/boutique-one-piece.com\/#\/schema\/logo\/image\/","url":"https:\/\/boutique-one-piece.com\/wp-content\/uploads\/2022\/09\/Logo-01.png","contentUrl":"https:\/\/boutique-one-piece.com\/wp-content\/uploads\/2022\/09\/Logo-01.png","width":2318,"height":957,"caption":"Boutique One Piece"},"image":{"@id":"https:\/\/boutique-one-piece.com\/#\/schema\/logo\/image\/"}}]}},"_links":{"self":[{"href":"https:\/\/boutique-one-piece.com\/es\/wp-json\/wp\/v2\/product\/11620","targetHints":{"allow":["GET"]}}],"collection":[{"href":"https:\/\/boutique-one-piece.com\/es\/wp-json\/wp\/v2\/product"}],"about":[{"href":"https:\/\/boutique-one-piece.com\/es\/wp-json\/wp\/v2\/types\/product"}],"replies":[{"embeddable":true,"href":"https:\/\/boutique-one-piece.com\/es\/wp-json\/wp\/v2\/comments?post=11620"}],"wp:featuredmedia":[{"embeddable":true,"href":"https:\/\/boutique-one-piece.com\/es\/wp-json\/wp\/v2\/media\/11622"}],"wp:attachment":[{"href":"https:\/\/boutique-one-piece.com\/es\/wp-json\/wp\/v2\/media?parent=11620"}],"wp:term":[{"taxonomy":"product_brand","embeddable":true,"href":"https:\/\/boutique-one-piece.com\/es\/wp-json\/wp\/v2\/product_brand?post=11620"},{"taxonomy":"product_cat","embeddable":true,"href":"https:\/\/boutique-one-piece.com\/es\/wp-json\/wp\/v2\/product_cat?post=11620"},{"taxonomy":"product_tag","embeddable":true,"href":"https:\/\/boutique-one-piece.com\/es\/wp-json\/wp\/v2\/product_tag?post=11620"}],"curies":[{"name":"wp","href":"https:\/\/api.w.org\/{rel}","templated":true}]}}