{"id":11650,"date":"2022-09-27T20:42:27","date_gmt":"2022-09-27T20:42:27","guid":{"rendered":"https:\/\/boutique-one-piece.com\/uncategorized\/drapeau-equipage-de-barbe-noire\/"},"modified":"2024-09-16T12:35:41","modified_gmt":"2024-09-16T12:35:41","slug":"bandera-de-la-tripulacion-de-barbanegra","status":"publish","type":"product","link":"https:\/\/boutique-one-piece.com\/es\/decoraciones-de-one-piece\/banderas-de-one-piece\/bandera-de-la-tripulacion-de-barbanegra\/","title":{"rendered":"Bandera de la tripulaci\u00f3n de Barbanegra"},"content":{"rendered":"<h2>Joven Nakama, consigue ahora esta bandera de los Piratas de Barbanegra.<\/h2>\n<p>L\u2019\u00e9quipage de Barbe Noire est dirig\u00e9 par l\u2019Empereur\u00a0<strong>Marshall D. Teach<\/strong>, mejor conocido como<strong> Barbanegra<\/strong>. Actualmente es uno de los Cuatro Emperadores. En cuanto a la bandera de esta tripulaci\u00f3n, como pueden ver, contiene tres calaveras: una en el centro, otra a la derecha y otra a la izquierda. Detr\u00e1s de ellas hay cuatro huesos cruzados en lugar de los dos habituales.<\/p>\n<p>Tambi\u00e9n debes saber que<strong> Los piratas de Barbanegra<\/strong> sont beaucoup plus forts que n\u2019importe quel autre \u00e9quipage. D\u2019une certaine mani\u00e8re, ils sont la version mal\u00e9fique des Pirates au Chapeau de Paille : les deux \u00e9quipages sont anormalement forts en d\u00e9pit de leurs tailles respectives et ne recrutent que des membres hautement sp\u00e9cialis\u00e9s. D\u2019ailleurs, le <a href=\"https:\/\/boutique-one-piece.com\/es\/buen-mono-d-luffy\/productos\/drapeau-equipage-du-chapeau-de-paille\/\" title=\"BANDERA DE LA TRIPULACI\u00d3N DEL SOMBRERO DE PAJA\" target=\"_blank\" rel=\"noopener\">drapeau de l\u2019\u00c9quipage du Chapeau de Paille<\/a> Est\u00e1 a tu alcance.<\/p>\n<h3>Jeune pirate, ton choix est fait. Tu fais d\u00e9sormais partie de l\u2019\u00c9quipage de Barbe Noire. Revendique fi\u00e8rement ton appartenance avec ce drapeau.<\/h3>\n<p>Tanto si eres un fan\u00e1tico incondicional como un coleccionista serio, tenemos buenas noticias: est\u00e1s en el lugar indicado. Aqu\u00ed encontrar\u00e1s todo.<strong> objetos m\u00edticos<\/strong> qui te permettront d\u2019agrandir ton univers One Piece. Prends ton destin de pirate entre tes mains et continue \u00e0 vivre <strong>aventuras<\/strong> Cada uno m\u00e1s emocionante que el anterior.<\/p>\n<h2>Informations sur le Drapeau de l\u2019\u00c9quipage de Barbe Noire :<\/h2>\n<ul>\n<li>\n<strong><u>Bandera de One Piece<\/u><\/strong>\u00a0Una aut\u00e9ntica bandera pirata de One Piece para verdaderos fans.<\/li>\n<\/ul>\n<ul>\n<li>\n<strong>Impresi\u00f3n de alta calidad<\/strong>\u00a0colores precisos<\/li>\n<\/ul>\n<ul>\n<li>\n<strong>Asunto<\/strong> Poli\u00e9ster<\/li>\n<\/ul>\n<ul>\n<li>\n<strong>Dimensi\u00f3n<\/strong>\u00a0:65 cm X 90<\/li>\n<\/ul>\n<ul>\n<li><strong>ENTREGA GRATUITA<\/strong><\/li>\n<\/ul>","protected":false},"excerpt":{"rendered":"<p>Jeune Nakama, procure-toi d\u00e8s maintenant ce Drapeau \u00c9quipage de Barbe Noire. L\u2019\u00e9quipage de Barbe Noire est dirig\u00e9 par l\u2019Empereur\u00a0Marshall D. Teach, mieux connu sous le nom de Barbe Noire. Il fait actuellement partie des Quatre Empereurs. Concernant le drapeau de cet \u00e9quipage, comme tu peux le voir, il contient trois cr\u00e2nes : Un au centre, [&hellip;]<\/p>","protected":false},"featured_media":11652,"comment_status":"open","ping_status":"open","template":"","meta":[],"product_brand":[],"product_cat":[212],"product_tag":[286],"class_list":{"0":"post-11650","1":"product","2":"type-product","3":"status-publish","4":"has-post-thumbnail","6":"product_cat-drapeaux-one-piece","7":"product_tag-barbe-noire","9":"first","10":"instock","11":"purchasable","12":"product-type-simple"},"yoast_head":"<!-- This site is optimized with the Yoast SEO plugin v27.5 - https:\/\/yoast.com\/product\/yoast-seo-wordpress\/ -->\n<title>Drapeau \u00c9quipage de Barbe Noire | Boutique One Piece<\/title>\n<meta name=\"description\" content=\"D\u00e9couvrez le Drapeau One Piece Barbe Noire, d\u00e9corez votre pi\u00e8ce en portant les couleurs de l&#039;empereur Marshall D. Teach ! Commencez votre aventure recherche du One Piece dans l&#039;\u00e9quipage de Barbe Noire\" \/>\n<meta name=\"robots\" content=\"index, follow, max-snippet:-1, max-image-preview:large, max-video-preview:-1\" \/>\n<link rel=\"canonical\" href=\"https:\/\/boutique-one-piece.com\/es\/decoraciones-de-one-piece\/banderas-de-one-piece\/bandera-de-la-tripulacion-de-barbanegra\/\" \/>\n<meta property=\"og:locale\" content=\"es_ES\" \/>\n<meta property=\"og:type\" content=\"article\" \/>\n<meta property=\"og:title\" content=\"Drapeau \u00c9quipage de Barbe Noire | Boutique One Piece\" \/>\n<meta property=\"og:description\" content=\"D\u00e9couvrez le Drapeau One Piece Barbe Noire, d\u00e9corez votre pi\u00e8ce en portant les couleurs de l&#039;empereur Marshall D. Teach ! Commencez votre aventure recherche du One Piece dans l&#039;\u00e9quipage de Barbe Noire\" \/>\n<meta property=\"og:url\" content=\"https:\/\/boutique-one-piece.com\/es\/decoraciones-de-one-piece\/banderas-de-one-piece\/bandera-de-la-tripulacion-de-barbanegra\/\" \/>\n<meta property=\"og:site_name\" content=\"Boutique One Piece\" \/>\n<meta property=\"article:modified_time\" content=\"2024-09-16T12:35:41+00:00\" \/>\n<meta property=\"og:image\" content=\"https:\/\/boutique-one-piece.com\/wp-content\/uploads\/2022\/09\/Drapeau-Equipage-de-Barbe-Noire-1.jpg\" \/>\n\t<meta property=\"og:image:width\" content=\"800\" \/>\n\t<meta property=\"og:image:height\" content=\"800\" \/>\n\t<meta property=\"og:image:type\" content=\"image\/jpeg\" \/>\n<meta name=\"twitter:card\" content=\"summary_large_image\" \/>\n<meta name=\"twitter:label1\" content=\"Tiempo de lectura\" \/>\n\t<meta name=\"twitter:data1\" content=\"1 minuto\" \/>\n<script type=\"application\/ld+json\" class=\"yoast-schema-graph\">{\"@context\":\"https:\\\/\\\/schema.org\",\"@graph\":[{\"@type\":\"WebPage\",\"@id\":\"https:\\\/\\\/boutique-one-piece.com\\\/decorations-one-piece\\\/drapeaux-one-piece\\\/drapeau-equipage-de-barbe-noire\\\/\",\"url\":\"https:\\\/\\\/boutique-one-piece.com\\\/decorations-one-piece\\\/drapeaux-one-piece\\\/drapeau-equipage-de-barbe-noire\\\/\",\"name\":\"Drapeau \u00c9quipage de Barbe Noire | Boutique One Piece\",\"isPartOf\":{\"@id\":\"https:\\\/\\\/boutique-one-piece.com\\\/#website\"},\"primaryImageOfPage\":{\"@id\":\"https:\\\/\\\/boutique-one-piece.com\\\/decorations-one-piece\\\/drapeaux-one-piece\\\/drapeau-equipage-de-barbe-noire\\\/#primaryimage\"},\"image\":{\"@id\":\"https:\\\/\\\/boutique-one-piece.com\\\/decorations-one-piece\\\/drapeaux-one-piece\\\/drapeau-equipage-de-barbe-noire\\\/#primaryimage\"},\"thumbnailUrl\":\"https:\\\/\\\/boutique-one-piece.com\\\/wp-content\\\/uploads\\\/2022\\\/09\\\/Drapeau-Equipage-de-Barbe-Noire-1.jpg\",\"datePublished\":\"2022-09-27T20:42:27+00:00\",\"dateModified\":\"2024-09-16T12:35:41+00:00\",\"description\":\"D\u00e9couvrez le Drapeau One Piece Barbe Noire, d\u00e9corez votre pi\u00e8ce en portant les couleurs de l'empereur Marshall D. Teach ! Commencez votre aventure recherche du One Piece dans l'\u00e9quipage de Barbe Noire\",\"breadcrumb\":{\"@id\":\"https:\\\/\\\/boutique-one-piece.com\\\/decorations-one-piece\\\/drapeaux-one-piece\\\/drapeau-equipage-de-barbe-noire\\\/#breadcrumb\"},\"inLanguage\":\"es\",\"potentialAction\":[{\"@type\":\"ReadAction\",\"target\":[\"https:\\\/\\\/boutique-one-piece.com\\\/decorations-one-piece\\\/drapeaux-one-piece\\\/drapeau-equipage-de-barbe-noire\\\/\"]}]},{\"@type\":\"ImageObject\",\"inLanguage\":\"es\",\"@id\":\"https:\\\/\\\/boutique-one-piece.com\\\/decorations-one-piece\\\/drapeaux-one-piece\\\/drapeau-equipage-de-barbe-noire\\\/#primaryimage\",\"url\":\"https:\\\/\\\/boutique-one-piece.com\\\/wp-content\\\/uploads\\\/2022\\\/09\\\/Drapeau-Equipage-de-Barbe-Noire-1.jpg\",\"contentUrl\":\"https:\\\/\\\/boutique-one-piece.com\\\/wp-content\\\/uploads\\\/2022\\\/09\\\/Drapeau-Equipage-de-Barbe-Noire-1.jpg\",\"width\":800,\"height\":800},{\"@type\":\"BreadcrumbList\",\"@id\":\"https:\\\/\\\/boutique-one-piece.com\\\/decorations-one-piece\\\/drapeaux-one-piece\\\/drapeau-equipage-de-barbe-noire\\\/#breadcrumb\",\"itemListElement\":[{\"@type\":\"ListItem\",\"position\":1,\"name\":\"Home\",\"item\":\"https:\\\/\\\/boutique-one-piece.com\\\/\"},{\"@type\":\"ListItem\",\"position\":2,\"name\":\"Shop\",\"item\":\"https:\\\/\\\/boutique-one-piece.com\\\/shop\\\/\"},{\"@type\":\"ListItem\",\"position\":3,\"name\":\"Drapeau \u00c9quipage de Barbe Noire\"}]},{\"@type\":\"WebSite\",\"@id\":\"https:\\\/\\\/boutique-one-piece.com\\\/#website\",\"url\":\"https:\\\/\\\/boutique-one-piece.com\\\/\",\"name\":\"Boutique One Piece\",\"description\":\"Magasin Sp\u00e9cialis\u00e9 du Manga et l&#039;Anime One Piece\",\"publisher\":{\"@id\":\"https:\\\/\\\/boutique-one-piece.com\\\/#organization\"},\"potentialAction\":[{\"@type\":\"SearchAction\",\"target\":{\"@type\":\"EntryPoint\",\"urlTemplate\":\"https:\\\/\\\/boutique-one-piece.com\\\/?s={search_term_string}\"},\"query-input\":{\"@type\":\"PropertyValueSpecification\",\"valueRequired\":true,\"valueName\":\"search_term_string\"}}],\"inLanguage\":\"es\"},{\"@type\":\"Organization\",\"@id\":\"https:\\\/\\\/boutique-one-piece.com\\\/#organization\",\"name\":\"Boutique One Piece\",\"url\":\"https:\\\/\\\/boutique-one-piece.com\\\/\",\"logo\":{\"@type\":\"ImageObject\",\"inLanguage\":\"es\",\"@id\":\"https:\\\/\\\/boutique-one-piece.com\\\/#\\\/schema\\\/logo\\\/image\\\/\",\"url\":\"https:\\\/\\\/boutique-one-piece.com\\\/wp-content\\\/uploads\\\/2022\\\/09\\\/Logo-01.png\",\"contentUrl\":\"https:\\\/\\\/boutique-one-piece.com\\\/wp-content\\\/uploads\\\/2022\\\/09\\\/Logo-01.png\",\"width\":2318,\"height\":957,\"caption\":\"Boutique One Piece\"},\"image\":{\"@id\":\"https:\\\/\\\/boutique-one-piece.com\\\/#\\\/schema\\\/logo\\\/image\\\/\"}}]}<\/script>\n<!-- \/ Yoast SEO plugin. -->","yoast_head_json":{"title":"Bandera de los Piratas de Barbanegra | Tienda de One Piece","description":"Descubre la bandera de Barbanegra de One Piece y decora tu habitaci\u00f3n con los colores del Emperador Marshall D. Teach. \u00a1Comienza tu aventura de One Piece con la tripulaci\u00f3n de Barbanegra!","robots":{"index":"index","follow":"follow","max-snippet":"max-snippet:-1","max-image-preview":"max-image-preview:large","max-video-preview":"max-video-preview:-1"},"canonical":"https:\/\/boutique-one-piece.com\/es\/decoraciones-de-one-piece\/banderas-de-one-piece\/bandera-de-la-tripulacion-de-barbanegra\/","og_locale":"es_ES","og_type":"article","og_title":"Drapeau \u00c9quipage de Barbe Noire | Boutique One Piece","og_description":"D\u00e9couvrez le Drapeau One Piece Barbe Noire, d\u00e9corez votre pi\u00e8ce en portant les couleurs de l'empereur Marshall D. Teach ! Commencez votre aventure recherche du One Piece dans l'\u00e9quipage de Barbe Noire","og_url":"https:\/\/boutique-one-piece.com\/es\/decoraciones-de-one-piece\/banderas-de-one-piece\/bandera-de-la-tripulacion-de-barbanegra\/","og_site_name":"Boutique One Piece","article_modified_time":"2024-09-16T12:35:41+00:00","og_image":[{"width":800,"height":800,"url":"https:\/\/boutique-one-piece.com\/wp-content\/uploads\/2022\/09\/Drapeau-Equipage-de-Barbe-Noire-1.jpg","type":"image\/jpeg"}],"twitter_card":"summary_large_image","twitter_misc":{"Tiempo de lectura":"1 minuto"},"schema":{"@context":"https:\/\/schema.org","@graph":[{"@type":"WebPage","@id":"https:\/\/boutique-one-piece.com\/decorations-one-piece\/drapeaux-one-piece\/drapeau-equipage-de-barbe-noire\/","url":"https:\/\/boutique-one-piece.com\/decorations-one-piece\/drapeaux-one-piece\/drapeau-equipage-de-barbe-noire\/","name":"Bandera de los Piratas de Barbanegra | Tienda de One Piece","isPartOf":{"@id":"https:\/\/boutique-one-piece.com\/#website"},"primaryImageOfPage":{"@id":"https:\/\/boutique-one-piece.com\/decorations-one-piece\/drapeaux-one-piece\/drapeau-equipage-de-barbe-noire\/#primaryimage"},"image":{"@id":"https:\/\/boutique-one-piece.com\/decorations-one-piece\/drapeaux-one-piece\/drapeau-equipage-de-barbe-noire\/#primaryimage"},"thumbnailUrl":"https:\/\/boutique-one-piece.com\/wp-content\/uploads\/2022\/09\/Drapeau-Equipage-de-Barbe-Noire-1.jpg","datePublished":"2022-09-27T20:42:27+00:00","dateModified":"2024-09-16T12:35:41+00:00","description":"Descubre la bandera de Barbanegra de One Piece y decora tu habitaci\u00f3n con los colores del Emperador Marshall D. Teach. \u00a1Comienza tu aventura de One Piece con la tripulaci\u00f3n de Barbanegra!","breadcrumb":{"@id":"https:\/\/boutique-one-piece.com\/decorations-one-piece\/drapeaux-one-piece\/drapeau-equipage-de-barbe-noire\/#breadcrumb"},"inLanguage":"es","potentialAction":[{"@type":"ReadAction","target":["https:\/\/boutique-one-piece.com\/decorations-one-piece\/drapeaux-one-piece\/drapeau-equipage-de-barbe-noire\/"]}]},{"@type":"ImageObject","inLanguage":"es","@id":"https:\/\/boutique-one-piece.com\/decorations-one-piece\/drapeaux-one-piece\/drapeau-equipage-de-barbe-noire\/#primaryimage","url":"https:\/\/boutique-one-piece.com\/wp-content\/uploads\/2022\/09\/Drapeau-Equipage-de-Barbe-Noire-1.jpg","contentUrl":"https:\/\/boutique-one-piece.com\/wp-content\/uploads\/2022\/09\/Drapeau-Equipage-de-Barbe-Noire-1.jpg","width":800,"height":800},{"@type":"BreadcrumbList","@id":"https:\/\/boutique-one-piece.com\/decorations-one-piece\/drapeaux-one-piece\/drapeau-equipage-de-barbe-noire\/#breadcrumb","itemListElement":[{"@type":"ListItem","position":1,"name":"Home","item":"https:\/\/boutique-one-piece.com\/"},{"@type":"ListItem","position":2,"name":"Shop","item":"https:\/\/boutique-one-piece.com\/shop\/"},{"@type":"ListItem","position":3,"name":"Drapeau \u00c9quipage de Barbe Noire"}]},{"@type":"WebSite","@id":"https:\/\/boutique-one-piece.com\/#website","url":"https:\/\/boutique-one-piece.com\/","name":"Tienda de One Piece","description":"Tienda especializada en manga y anime de One Piece","publisher":{"@id":"https:\/\/boutique-one-piece.com\/#organization"},"potentialAction":[{"@type":"SearchAction","target":{"@type":"EntryPoint","urlTemplate":"https:\/\/boutique-one-piece.com\/?s={search_term_string}"},"query-input":{"@type":"PropertyValueSpecification","valueRequired":true,"valueName":"search_term_string"}}],"inLanguage":"es"},{"@type":"Organization","@id":"https:\/\/boutique-one-piece.com\/#organization","name":"Tienda de One Piece","url":"https:\/\/boutique-one-piece.com\/","logo":{"@type":"ImageObject","inLanguage":"es","@id":"https:\/\/boutique-one-piece.com\/#\/schema\/logo\/image\/","url":"https:\/\/boutique-one-piece.com\/wp-content\/uploads\/2022\/09\/Logo-01.png","contentUrl":"https:\/\/boutique-one-piece.com\/wp-content\/uploads\/2022\/09\/Logo-01.png","width":2318,"height":957,"caption":"Boutique One Piece"},"image":{"@id":"https:\/\/boutique-one-piece.com\/#\/schema\/logo\/image\/"}}]}},"_links":{"self":[{"href":"https:\/\/boutique-one-piece.com\/es\/wp-json\/wp\/v2\/product\/11650","targetHints":{"allow":["GET"]}}],"collection":[{"href":"https:\/\/boutique-one-piece.com\/es\/wp-json\/wp\/v2\/product"}],"about":[{"href":"https:\/\/boutique-one-piece.com\/es\/wp-json\/wp\/v2\/types\/product"}],"replies":[{"embeddable":true,"href":"https:\/\/boutique-one-piece.com\/es\/wp-json\/wp\/v2\/comments?post=11650"}],"wp:featuredmedia":[{"embeddable":true,"href":"https:\/\/boutique-one-piece.com\/es\/wp-json\/wp\/v2\/media\/11652"}],"wp:attachment":[{"href":"https:\/\/boutique-one-piece.com\/es\/wp-json\/wp\/v2\/media?parent=11650"}],"wp:term":[{"taxonomy":"product_brand","embeddable":true,"href":"https:\/\/boutique-one-piece.com\/es\/wp-json\/wp\/v2\/product_brand?post=11650"},{"taxonomy":"product_cat","embeddable":true,"href":"https:\/\/boutique-one-piece.com\/es\/wp-json\/wp\/v2\/product_cat?post=11650"},{"taxonomy":"product_tag","embeddable":true,"href":"https:\/\/boutique-one-piece.com\/es\/wp-json\/wp\/v2\/product_tag?post=11650"}],"curies":[{"name":"wp","href":"https:\/\/api.w.org\/{rel}","templated":true}]}}