{"id":11997,"date":"2022-09-27T20:52:47","date_gmt":"2022-09-27T20:52:47","guid":{"rendered":"https:\/\/boutique-one-piece.com\/uncategorized\/drapeau-equipage-de-barbe-blanche\/"},"modified":"2024-09-16T12:44:54","modified_gmt":"2024-09-16T12:44:54","slug":"bandera-de-la-tripulacion-de-barbablanca","status":"publish","type":"product","link":"https:\/\/boutique-one-piece.com\/es\/decoraciones-de-one-piece\/banderas-de-one-piece\/bandera-de-la-tripulacion-de-barbablanca\/","title":{"rendered":"Bandera de la tripulaci\u00f3n de Barbablanca"},"content":{"rendered":"<h2>Joven pirata, proclama tu lealtad. Para ello, exhibe con orgullo esta bandera pirata de Barbablanca.<\/h2>\n<p><strong>L\u2019\u00c9quipage de Barbe Blanche<\/strong> \u00e9tait anciennement l\u2019\u00e9quipage pirate le plus puissant du monde. Il avait comme capitaine Edward Newgate alias Barbe Blanche, le seul pirate ayant pu rivaliser avec le Roi des Pirates, Gol D. Roger lors d\u2019un combat. L\u2019\u00e9quipage a au moins quarante-sept \u00e9quipages alli\u00e9s dans le Nouveau Monde. Suite \u00e0 <strong>la muerte de Barbablanca<\/strong> et d\u2019Ace \u00e0 Marine Ford, les membres restants de l\u2019\u00e9quipage affront\u00e8rent les pirates de l\u2019\u00e9quipage de Barbe Noire durant la Guerre de Repr\u00e9sailles, o\u00f9 ils furent vaincus brutalement. Par la suite, ce dernier conquit les territoires de Barbe Blanche et Marshall D. Teach usurpa la position d\u2019empereur du d\u00e9funt pirate.<\/p>\n<p>Par cons\u00e9quent, l\u2019\u00e9quipage de Barbe Blanche perdit la plupart de son influence et de sa force. Petite anecdote concernant <strong>la bandera de esta tripulaci\u00f3n<\/strong> ; Le drapeau original du pirate Barbe Blanche \u00e9tait un svastika avec un visage dot\u00e9 d\u2019une \u00e9norme moustache, mais comme celui-ci faisait trop penser \u00e0 une croix gamm\u00e9e, Oda a d\u00fb le modifier par une simple croix en os, plus classique et beaucoup moins symbolique\u2026 D\u2019ailleurs, le <a title=\"BANDERA DE LA TRIPULACI\u00d3N DE BARBANEGRA\" href=\"https:\/\/boutique-one-piece.com\/es\/bandera-de-la-tripulacion-de-barbanegra\/\" target=\"_blank\" rel=\"noopener\">drapeau de l\u2019\u00c9quipage de Barbe de Noire<\/a> Est\u00e1 a tu alcance.<\/p>\n<h3>Alors, conquis par le drapeau de l\u2019\u00c9quipage de Barbe Blanche ? M\u00eame si l\u2019histoire finit mal pour cet \u00e9quipage, tu es en droit de revendiquer ton appartenance pour cet \u00e9quipage qui \u00e9tait la plus puissante au monde.<\/h3>\n<p>Ya seas un fan\u00e1tico ac\u00e9rrimo o un coleccionista serio, estos <strong>objetos m\u00edticos<\/strong> sont forc\u00e9ment faits pour toi. Ils te permettront de te replonger encore et encore au sein de ton univers anim\u00e9 favori. Alors, n\u2019attends plus et saute sur l\u2019occasion de devenir un pirate de renom au sein de cet <strong>universo fabuloso<\/strong>.<\/p>\n<h2>Informations sur le Drapeau de l\u2019\u00c9quipage de Edward Newgate :<\/h2>\n<ul>\n<li>\n<strong><u>Bandera de One Piece<\/u><\/strong>\u00a0Una aut\u00e9ntica bandera pirata de One Piece para verdaderos fans.<\/li>\n<\/ul>\n<ul>\n<li>\n<strong>Impresi\u00f3n de alta calidad<\/strong>\u00a0colores precisos<\/li>\n<\/ul>\n<ul>\n<li>\n<strong>Asunto<\/strong> Poli\u00e9ster<\/li>\n<\/ul>\n<ul>\n<li>\n<strong>Dimensi\u00f3n<\/strong>\u00a0:65 cm X 90<\/li>\n<\/ul>\n<ul>\n<li><strong>ENTREGA GRATUITA<\/strong><\/li>\n<\/ul>","protected":false},"excerpt":{"rendered":"<p>Jeune pirate, revendique ton appartenance. Pour ce faire, arbore fi\u00e8rement ce Drapeau \u00c9quipage de Barbe Blanche. L\u2019\u00c9quipage de Barbe Blanche \u00e9tait anciennement l\u2019\u00e9quipage pirate le plus puissant du monde. Il avait comme capitaine Edward Newgate alias Barbe Blanche, le seul pirate ayant pu rivaliser avec le Roi des Pirates, Gol D. Roger lors d\u2019un combat. [&hellip;]<\/p>","protected":false},"featured_media":11999,"comment_status":"open","ping_status":"open","template":"","meta":[],"product_brand":[],"product_cat":[212],"product_tag":[199],"class_list":{"0":"post-11997","1":"product","2":"type-product","3":"status-publish","4":"has-post-thumbnail","6":"product_cat-drapeaux-one-piece","7":"product_tag-barbe-blanche","9":"first","10":"instock","11":"purchasable","12":"product-type-simple"},"yoast_head":"<!-- This site is optimized with the Yoast SEO plugin v27.5 - https:\/\/yoast.com\/product\/yoast-seo-wordpress\/ -->\n<title>Drapeau \u00c9quipage de Barbe Blanche | Boutique One Piece<\/title>\n<meta name=\"description\" content=\"D\u00e9couvrez le Drapeau One Piece Barbe Blanche, d\u00e9corez votre pi\u00e8ce en portant les couleurs de Barbe Blanche ! Commencez votre aventure recherche du One Piece dans l&#039;\u00e9quipage de Barbe Blanche\" \/>\n<meta name=\"robots\" content=\"index, follow, max-snippet:-1, max-image-preview:large, max-video-preview:-1\" \/>\n<link rel=\"canonical\" href=\"https:\/\/boutique-one-piece.com\/es\/decoraciones-de-one-piece\/banderas-de-one-piece\/bandera-de-la-tripulacion-de-barbablanca\/\" \/>\n<meta property=\"og:locale\" content=\"es_ES\" \/>\n<meta property=\"og:type\" content=\"article\" \/>\n<meta property=\"og:title\" content=\"Drapeau \u00c9quipage de Barbe Blanche | Boutique One Piece\" \/>\n<meta property=\"og:description\" content=\"D\u00e9couvrez le Drapeau One Piece Barbe Blanche, d\u00e9corez votre pi\u00e8ce en portant les couleurs de Barbe Blanche ! Commencez votre aventure recherche du One Piece dans l&#039;\u00e9quipage de Barbe Blanche\" \/>\n<meta property=\"og:url\" content=\"https:\/\/boutique-one-piece.com\/es\/decoraciones-de-one-piece\/banderas-de-one-piece\/bandera-de-la-tripulacion-de-barbablanca\/\" \/>\n<meta property=\"og:site_name\" content=\"Boutique One Piece\" \/>\n<meta property=\"article:modified_time\" content=\"2024-09-16T12:44:54+00:00\" \/>\n<meta property=\"og:image\" content=\"https:\/\/boutique-one-piece.com\/wp-content\/uploads\/2022\/09\/Drapeau-Equipage-de-Barbe-Blanche-1.jpg\" \/>\n\t<meta property=\"og:image:width\" content=\"800\" \/>\n\t<meta property=\"og:image:height\" content=\"800\" \/>\n\t<meta property=\"og:image:type\" content=\"image\/jpeg\" \/>\n<meta name=\"twitter:card\" content=\"summary_large_image\" \/>\n<meta name=\"twitter:label1\" content=\"Tiempo de lectura\" \/>\n\t<meta name=\"twitter:data1\" content=\"2 minutos\" \/>\n<script type=\"application\/ld+json\" class=\"yoast-schema-graph\">{\"@context\":\"https:\\\/\\\/schema.org\",\"@graph\":[{\"@type\":\"WebPage\",\"@id\":\"https:\\\/\\\/boutique-one-piece.com\\\/decorations-one-piece\\\/drapeaux-one-piece\\\/drapeau-equipage-de-barbe-blanche\\\/\",\"url\":\"https:\\\/\\\/boutique-one-piece.com\\\/decorations-one-piece\\\/drapeaux-one-piece\\\/drapeau-equipage-de-barbe-blanche\\\/\",\"name\":\"Drapeau \u00c9quipage de Barbe Blanche | Boutique One Piece\",\"isPartOf\":{\"@id\":\"https:\\\/\\\/boutique-one-piece.com\\\/#website\"},\"primaryImageOfPage\":{\"@id\":\"https:\\\/\\\/boutique-one-piece.com\\\/decorations-one-piece\\\/drapeaux-one-piece\\\/drapeau-equipage-de-barbe-blanche\\\/#primaryimage\"},\"image\":{\"@id\":\"https:\\\/\\\/boutique-one-piece.com\\\/decorations-one-piece\\\/drapeaux-one-piece\\\/drapeau-equipage-de-barbe-blanche\\\/#primaryimage\"},\"thumbnailUrl\":\"https:\\\/\\\/boutique-one-piece.com\\\/wp-content\\\/uploads\\\/2022\\\/09\\\/Drapeau-Equipage-de-Barbe-Blanche-1.jpg\",\"datePublished\":\"2022-09-27T20:52:47+00:00\",\"dateModified\":\"2024-09-16T12:44:54+00:00\",\"description\":\"D\u00e9couvrez le Drapeau One Piece Barbe Blanche, d\u00e9corez votre pi\u00e8ce en portant les couleurs de Barbe Blanche ! Commencez votre aventure recherche du One Piece dans l'\u00e9quipage de Barbe Blanche\",\"breadcrumb\":{\"@id\":\"https:\\\/\\\/boutique-one-piece.com\\\/decorations-one-piece\\\/drapeaux-one-piece\\\/drapeau-equipage-de-barbe-blanche\\\/#breadcrumb\"},\"inLanguage\":\"es\",\"potentialAction\":[{\"@type\":\"ReadAction\",\"target\":[\"https:\\\/\\\/boutique-one-piece.com\\\/decorations-one-piece\\\/drapeaux-one-piece\\\/drapeau-equipage-de-barbe-blanche\\\/\"]}]},{\"@type\":\"ImageObject\",\"inLanguage\":\"es\",\"@id\":\"https:\\\/\\\/boutique-one-piece.com\\\/decorations-one-piece\\\/drapeaux-one-piece\\\/drapeau-equipage-de-barbe-blanche\\\/#primaryimage\",\"url\":\"https:\\\/\\\/boutique-one-piece.com\\\/wp-content\\\/uploads\\\/2022\\\/09\\\/Drapeau-Equipage-de-Barbe-Blanche-1.jpg\",\"contentUrl\":\"https:\\\/\\\/boutique-one-piece.com\\\/wp-content\\\/uploads\\\/2022\\\/09\\\/Drapeau-Equipage-de-Barbe-Blanche-1.jpg\",\"width\":800,\"height\":800},{\"@type\":\"BreadcrumbList\",\"@id\":\"https:\\\/\\\/boutique-one-piece.com\\\/decorations-one-piece\\\/drapeaux-one-piece\\\/drapeau-equipage-de-barbe-blanche\\\/#breadcrumb\",\"itemListElement\":[{\"@type\":\"ListItem\",\"position\":1,\"name\":\"Home\",\"item\":\"https:\\\/\\\/boutique-one-piece.com\\\/\"},{\"@type\":\"ListItem\",\"position\":2,\"name\":\"Shop\",\"item\":\"https:\\\/\\\/boutique-one-piece.com\\\/shop\\\/\"},{\"@type\":\"ListItem\",\"position\":3,\"name\":\"Drapeau \u00c9quipage de Barbe Blanche\"}]},{\"@type\":\"WebSite\",\"@id\":\"https:\\\/\\\/boutique-one-piece.com\\\/#website\",\"url\":\"https:\\\/\\\/boutique-one-piece.com\\\/\",\"name\":\"Boutique One Piece\",\"description\":\"Magasin Sp\u00e9cialis\u00e9 du Manga et l&#039;Anime One Piece\",\"publisher\":{\"@id\":\"https:\\\/\\\/boutique-one-piece.com\\\/#organization\"},\"potentialAction\":[{\"@type\":\"SearchAction\",\"target\":{\"@type\":\"EntryPoint\",\"urlTemplate\":\"https:\\\/\\\/boutique-one-piece.com\\\/?s={search_term_string}\"},\"query-input\":{\"@type\":\"PropertyValueSpecification\",\"valueRequired\":true,\"valueName\":\"search_term_string\"}}],\"inLanguage\":\"es\"},{\"@type\":\"Organization\",\"@id\":\"https:\\\/\\\/boutique-one-piece.com\\\/#organization\",\"name\":\"Boutique One Piece\",\"url\":\"https:\\\/\\\/boutique-one-piece.com\\\/\",\"logo\":{\"@type\":\"ImageObject\",\"inLanguage\":\"es\",\"@id\":\"https:\\\/\\\/boutique-one-piece.com\\\/#\\\/schema\\\/logo\\\/image\\\/\",\"url\":\"https:\\\/\\\/boutique-one-piece.com\\\/wp-content\\\/uploads\\\/2022\\\/09\\\/Logo-01.png\",\"contentUrl\":\"https:\\\/\\\/boutique-one-piece.com\\\/wp-content\\\/uploads\\\/2022\\\/09\\\/Logo-01.png\",\"width\":2318,\"height\":957,\"caption\":\"Boutique One Piece\"},\"image\":{\"@id\":\"https:\\\/\\\/boutique-one-piece.com\\\/#\\\/schema\\\/logo\\\/image\\\/\"}}]}<\/script>\n<!-- \/ Yoast SEO plugin. -->","yoast_head_json":{"title":"Bandera de los Piratas de Barbablanca | Tienda de One Piece","description":"Descubre la bandera de Barbablanca de One Piece y decora tu habitaci\u00f3n con sus colores. Empieza tu aventura en busca del One Piece con la tripulaci\u00f3n de Barbablanca.","robots":{"index":"index","follow":"follow","max-snippet":"max-snippet:-1","max-image-preview":"max-image-preview:large","max-video-preview":"max-video-preview:-1"},"canonical":"https:\/\/boutique-one-piece.com\/es\/decoraciones-de-one-piece\/banderas-de-one-piece\/bandera-de-la-tripulacion-de-barbablanca\/","og_locale":"es_ES","og_type":"article","og_title":"Drapeau \u00c9quipage de Barbe Blanche | Boutique One Piece","og_description":"D\u00e9couvrez le Drapeau One Piece Barbe Blanche, d\u00e9corez votre pi\u00e8ce en portant les couleurs de Barbe Blanche ! Commencez votre aventure recherche du One Piece dans l'\u00e9quipage de Barbe Blanche","og_url":"https:\/\/boutique-one-piece.com\/es\/decoraciones-de-one-piece\/banderas-de-one-piece\/bandera-de-la-tripulacion-de-barbablanca\/","og_site_name":"Boutique One Piece","article_modified_time":"2024-09-16T12:44:54+00:00","og_image":[{"width":800,"height":800,"url":"https:\/\/boutique-one-piece.com\/wp-content\/uploads\/2022\/09\/Drapeau-Equipage-de-Barbe-Blanche-1.jpg","type":"image\/jpeg"}],"twitter_card":"summary_large_image","twitter_misc":{"Tiempo de lectura":"2 minutos"},"schema":{"@context":"https:\/\/schema.org","@graph":[{"@type":"WebPage","@id":"https:\/\/boutique-one-piece.com\/decorations-one-piece\/drapeaux-one-piece\/drapeau-equipage-de-barbe-blanche\/","url":"https:\/\/boutique-one-piece.com\/decorations-one-piece\/drapeaux-one-piece\/drapeau-equipage-de-barbe-blanche\/","name":"Bandera de los Piratas de Barbablanca | Tienda de One Piece","isPartOf":{"@id":"https:\/\/boutique-one-piece.com\/#website"},"primaryImageOfPage":{"@id":"https:\/\/boutique-one-piece.com\/decorations-one-piece\/drapeaux-one-piece\/drapeau-equipage-de-barbe-blanche\/#primaryimage"},"image":{"@id":"https:\/\/boutique-one-piece.com\/decorations-one-piece\/drapeaux-one-piece\/drapeau-equipage-de-barbe-blanche\/#primaryimage"},"thumbnailUrl":"https:\/\/boutique-one-piece.com\/wp-content\/uploads\/2022\/09\/Drapeau-Equipage-de-Barbe-Blanche-1.jpg","datePublished":"2022-09-27T20:52:47+00:00","dateModified":"2024-09-16T12:44:54+00:00","description":"Descubre la bandera de Barbablanca de One Piece y decora tu habitaci\u00f3n con sus colores. Empieza tu aventura en busca del One Piece con la tripulaci\u00f3n de Barbablanca.","breadcrumb":{"@id":"https:\/\/boutique-one-piece.com\/decorations-one-piece\/drapeaux-one-piece\/drapeau-equipage-de-barbe-blanche\/#breadcrumb"},"inLanguage":"es","potentialAction":[{"@type":"ReadAction","target":["https:\/\/boutique-one-piece.com\/decorations-one-piece\/drapeaux-one-piece\/drapeau-equipage-de-barbe-blanche\/"]}]},{"@type":"ImageObject","inLanguage":"es","@id":"https:\/\/boutique-one-piece.com\/decorations-one-piece\/drapeaux-one-piece\/drapeau-equipage-de-barbe-blanche\/#primaryimage","url":"https:\/\/boutique-one-piece.com\/wp-content\/uploads\/2022\/09\/Drapeau-Equipage-de-Barbe-Blanche-1.jpg","contentUrl":"https:\/\/boutique-one-piece.com\/wp-content\/uploads\/2022\/09\/Drapeau-Equipage-de-Barbe-Blanche-1.jpg","width":800,"height":800},{"@type":"BreadcrumbList","@id":"https:\/\/boutique-one-piece.com\/decorations-one-piece\/drapeaux-one-piece\/drapeau-equipage-de-barbe-blanche\/#breadcrumb","itemListElement":[{"@type":"ListItem","position":1,"name":"Home","item":"https:\/\/boutique-one-piece.com\/"},{"@type":"ListItem","position":2,"name":"Shop","item":"https:\/\/boutique-one-piece.com\/shop\/"},{"@type":"ListItem","position":3,"name":"Drapeau \u00c9quipage de Barbe Blanche"}]},{"@type":"WebSite","@id":"https:\/\/boutique-one-piece.com\/#website","url":"https:\/\/boutique-one-piece.com\/","name":"Tienda de One Piece","description":"Tienda especializada en manga y anime de One Piece","publisher":{"@id":"https:\/\/boutique-one-piece.com\/#organization"},"potentialAction":[{"@type":"SearchAction","target":{"@type":"EntryPoint","urlTemplate":"https:\/\/boutique-one-piece.com\/?s={search_term_string}"},"query-input":{"@type":"PropertyValueSpecification","valueRequired":true,"valueName":"search_term_string"}}],"inLanguage":"es"},{"@type":"Organization","@id":"https:\/\/boutique-one-piece.com\/#organization","name":"Tienda de One Piece","url":"https:\/\/boutique-one-piece.com\/","logo":{"@type":"ImageObject","inLanguage":"es","@id":"https:\/\/boutique-one-piece.com\/#\/schema\/logo\/image\/","url":"https:\/\/boutique-one-piece.com\/wp-content\/uploads\/2022\/09\/Logo-01.png","contentUrl":"https:\/\/boutique-one-piece.com\/wp-content\/uploads\/2022\/09\/Logo-01.png","width":2318,"height":957,"caption":"Boutique One Piece"},"image":{"@id":"https:\/\/boutique-one-piece.com\/#\/schema\/logo\/image\/"}}]}},"_links":{"self":[{"href":"https:\/\/boutique-one-piece.com\/es\/wp-json\/wp\/v2\/product\/11997","targetHints":{"allow":["GET"]}}],"collection":[{"href":"https:\/\/boutique-one-piece.com\/es\/wp-json\/wp\/v2\/product"}],"about":[{"href":"https:\/\/boutique-one-piece.com\/es\/wp-json\/wp\/v2\/types\/product"}],"replies":[{"embeddable":true,"href":"https:\/\/boutique-one-piece.com\/es\/wp-json\/wp\/v2\/comments?post=11997"}],"wp:featuredmedia":[{"embeddable":true,"href":"https:\/\/boutique-one-piece.com\/es\/wp-json\/wp\/v2\/media\/11999"}],"wp:attachment":[{"href":"https:\/\/boutique-one-piece.com\/es\/wp-json\/wp\/v2\/media?parent=11997"}],"wp:term":[{"taxonomy":"product_brand","embeddable":true,"href":"https:\/\/boutique-one-piece.com\/es\/wp-json\/wp\/v2\/product_brand?post=11997"},{"taxonomy":"product_cat","embeddable":true,"href":"https:\/\/boutique-one-piece.com\/es\/wp-json\/wp\/v2\/product_cat?post=11997"},{"taxonomy":"product_tag","embeddable":true,"href":"https:\/\/boutique-one-piece.com\/es\/wp-json\/wp\/v2\/product_tag?post=11997"}],"curies":[{"name":"wp","href":"https:\/\/api.w.org\/{rel}","templated":true}]}}