{"id":12135,"date":"2022-09-27T20:53:44","date_gmt":"2022-09-27T20:53:44","guid":{"rendered":"https:\/\/boutique-one-piece.com\/uncategorized\/figurine-one-piece-lempereur-kaido-avec-son-kanabo\/"},"modified":"2024-09-16T12:48:08","modified_gmt":"2024-09-16T12:48:08","slug":"figura-de-one-piece-del-emperador-kaido-con-su-kanabo","status":"publish","type":"product","link":"https:\/\/boutique-one-piece.com\/es\/figuras-de-one-piece\/figuras-de-wano-kuni-de-one-piece\/figura-de-one-piece-del-emperador-kaido-con-su-kanabo\/","title":{"rendered":"Figura de One Piece: Emperador Kaido con su Kanabo"},"content":{"rendered":"<h2>Joven pirata, ha llegado el momento de que consigas esta figura de One Piece Emperador Kaido con su Kanabo.<\/h2>\n<p>Kaido apodado &quot;\u00ab\u00a0<strong>Kaido de las Cien Bestias<\/strong>\u00ab&quot;es el capit\u00e1n de la tripulaci\u00f3n de las Bestias. Tambi\u00e9n es uno de los<strong> cuatro emperadores<\/strong>. Como recordatorio, los Cuatro Emperadores son los cuatro capitanes piratas m\u00e1s notorios y poderosos del mundo, pero no son aliados ni enemigos entre s\u00ed y prefieren permanecer aut\u00f3nomos en la mayor\u00eda de las circunstancias.<\/p>\n<p>En cuanto a su Kanabo, debes saber que es un garrote, una porra o un pomo puntiagudo usado en el Jap\u00f3n feudal como arma por los samur\u00e1is y sus vasallos. Adem\u00e1s, si quieres ampliar tu colecci\u00f3n de figuras, <a title=\"FIGURA DE ONE PIECE: EL EMPERADOR SHANKS EN SU TRONO\" href=\"https:\/\/boutique-one-piece.com\/es\/figura-de-one-piece-del-emperador-shanks-en-su-trono\/\" target=\"_blank\" rel=\"noopener\">Figura del emperador Shanks en su trono<\/a>Est\u00e1 a tu alcance.<\/p>\n<h3>\u00bfTe ha cautivado la figura del Emperador Kaido? Si es as\u00ed, no lo dudes m\u00e1s y aprovecha la oportunidad de vivir muchas aventuras junto a \u00e9l.<\/h3>\n<p><strong>Una pieza<\/strong> Es el manga m\u00e1s vendido del mundo. Si\u00e9ntete orgulloso de formar parte de la aventura y contin\u00faa defendiendo tu pasi\u00f3n por este universo de emocionantes aventuras. Estos objetos m\u00edticos te sumergir\u00e1n una vez m\u00e1s en esta serie animada. Toma tu destino en tus manos, joven pirata, y emb\u00e1rcate en... <strong>Mil soleados<\/strong>, \u00a1All\u00ed te esperan muchas aventuras!<\/p>\n<h2>Informaci\u00f3n sobre la figura del Emperador Kaido con su Kanabo\u00a0<\/h2>\n<ul>\n<li><span><b><u>Figura de One Piece<\/u><\/b>\u00a0Figura premium de One Piece para aut\u00e9nticos piratas.<\/span><\/li>\n<\/ul>\n<ul>\n<li>\n<b>Asunto<\/b><span>\u00a0<\/span>CLORURO DE POLIVINILO<\/li>\n<\/ul>\n<ul>\n<li><span><strong>Dimensi\u00f3n<\/strong>\u00a0:19 cent\u00edmetros<\/span><\/li>\n<\/ul>\n<ul>\n<li><span><strong>ENTREGA GRATUITA<\/strong><\/span><\/li>\n<\/ul>","protected":false},"excerpt":{"rendered":"<p>Joven pirata, ha llegado el momento de que consigas esta figura de One Piece del Emperador Kaido con su Kanabo. Kaido, apodado &quot;Kaido de las Cien Bestias&quot;, es el capit\u00e1n de los Piratas de las Bestias. Tambi\u00e9n es uno de los Cuatro Emperadores. Como recordatorio, los Cuatro Emperadores son los cuatro capitanes piratas m\u00e1s conocidos y [\u2026]<\/p>","protected":false},"featured_media":12137,"comment_status":"open","ping_status":"open","template":"","meta":[],"product_brand":[],"product_cat":[76,215],"product_tag":[216,217],"class_list":{"0":"post-12135","1":"product","2":"type-product","3":"status-publish","4":"has-post-thumbnail","6":"product_cat-figurines-one-piece","7":"product_cat-figurines-one-piece-wano-kuni","8":"product_tag-kaido","9":"product_tag-wano-kuni","11":"first","12":"instock","13":"purchasable","14":"product-type-simple"},"yoast_head":"<!-- This site is optimized with the Yoast SEO plugin v27.5 - https:\/\/yoast.com\/product\/yoast-seo-wordpress\/ -->\n<title>Figurine One Piece L&#039;empereur Kaido avec son Kanabo | Figurine One Piece \u2013 Boutique One Piece<\/title>\n<meta name=\"description\" content=\"Jeune pirate, le moment est venu pour toi de te procurer cette Figurine One Piece L&#039;empereur Kaido avec son Kanabo.Kaido surnomm\u00e9 &quot;Kaido aux Cent B\u00eates&quot;est le capitaine de l&#039;\u00e9quipage aux Cent B\u00eates. Il est \u00e9galement l&#039;un des quatre empereurs. Pour rappel, les Quatre Empereurs sont les quatre capitaines pirate les plus\" \/>\n<meta name=\"robots\" content=\"index, follow, max-snippet:-1, max-image-preview:large, max-video-preview:-1\" \/>\n<link rel=\"canonical\" href=\"https:\/\/boutique-one-piece.com\/es\/figuras-de-one-piece\/figuras-de-wano-kuni-de-one-piece\/figura-de-one-piece-del-emperador-kaido-con-su-kanabo\/\" \/>\n<meta property=\"og:locale\" content=\"es_ES\" \/>\n<meta property=\"og:type\" content=\"article\" \/>\n<meta property=\"og:title\" content=\"Figurine One Piece L&#039;empereur Kaido avec son Kanabo | Figurine One Piece \u2013 Boutique One Piece\" \/>\n<meta property=\"og:description\" content=\"Jeune pirate, le moment est venu pour toi de te procurer cette Figurine One Piece L&#039;empereur Kaido avec son Kanabo.Kaido surnomm\u00e9 &quot;Kaido aux Cent B\u00eates&quot;est le capitaine de l&#039;\u00e9quipage aux Cent B\u00eates. Il est \u00e9galement l&#039;un des quatre empereurs. Pour rappel, les Quatre Empereurs sont les quatre capitaines pirate les plus\" \/>\n<meta property=\"og:url\" content=\"https:\/\/boutique-one-piece.com\/es\/figuras-de-one-piece\/figuras-de-wano-kuni-de-one-piece\/figura-de-one-piece-del-emperador-kaido-con-su-kanabo\/\" \/>\n<meta property=\"og:site_name\" content=\"Boutique One Piece\" \/>\n<meta property=\"article:modified_time\" content=\"2024-09-16T12:48:08+00:00\" \/>\n<meta property=\"og:image\" content=\"https:\/\/boutique-one-piece.com\/wp-content\/uploads\/2022\/09\/Figurine-One-Piece-Lempereur-Kaido-avec-son-Kanabo.jpg\" \/>\n\t<meta property=\"og:image:width\" content=\"640\" \/>\n\t<meta property=\"og:image:height\" content=\"640\" \/>\n\t<meta property=\"og:image:type\" content=\"image\/jpeg\" \/>\n<meta name=\"twitter:card\" content=\"summary_large_image\" \/>\n<meta name=\"twitter:label1\" content=\"Tiempo de lectura\" \/>\n\t<meta name=\"twitter:data1\" content=\"1 minuto\" \/>\n<script type=\"application\/ld+json\" class=\"yoast-schema-graph\">{\"@context\":\"https:\\\/\\\/schema.org\",\"@graph\":[{\"@type\":\"WebPage\",\"@id\":\"https:\\\/\\\/boutique-one-piece.com\\\/figurines-one-piece\\\/figurines-one-piece-wano-kuni\\\/figurine-one-piece-lempereur-kaido-avec-son-kanabo\\\/\",\"url\":\"https:\\\/\\\/boutique-one-piece.com\\\/figurines-one-piece\\\/figurines-one-piece-wano-kuni\\\/figurine-one-piece-lempereur-kaido-avec-son-kanabo\\\/\",\"name\":\"Figurine One Piece L'empereur Kaido avec son Kanabo | Figurine One Piece \u2013 Boutique One Piece\",\"isPartOf\":{\"@id\":\"https:\\\/\\\/boutique-one-piece.com\\\/#website\"},\"primaryImageOfPage\":{\"@id\":\"https:\\\/\\\/boutique-one-piece.com\\\/figurines-one-piece\\\/figurines-one-piece-wano-kuni\\\/figurine-one-piece-lempereur-kaido-avec-son-kanabo\\\/#primaryimage\"},\"image\":{\"@id\":\"https:\\\/\\\/boutique-one-piece.com\\\/figurines-one-piece\\\/figurines-one-piece-wano-kuni\\\/figurine-one-piece-lempereur-kaido-avec-son-kanabo\\\/#primaryimage\"},\"thumbnailUrl\":\"https:\\\/\\\/boutique-one-piece.com\\\/wp-content\\\/uploads\\\/2022\\\/09\\\/Figurine-One-Piece-Lempereur-Kaido-avec-son-Kanabo.jpg\",\"datePublished\":\"2022-09-27T20:53:44+00:00\",\"dateModified\":\"2024-09-16T12:48:08+00:00\",\"description\":\"Jeune pirate, le moment est venu pour toi de te procurer cette Figurine One Piece L'empereur Kaido avec son Kanabo.Kaido surnomm\u00e9 \\\"Kaido aux Cent B\u00eates\\\"est le capitaine de l'\u00e9quipage aux Cent B\u00eates. Il est \u00e9galement l'un des quatre empereurs. Pour rappel, les Quatre Empereurs sont les quatre capitaines pirate les plus\",\"breadcrumb\":{\"@id\":\"https:\\\/\\\/boutique-one-piece.com\\\/figurines-one-piece\\\/figurines-one-piece-wano-kuni\\\/figurine-one-piece-lempereur-kaido-avec-son-kanabo\\\/#breadcrumb\"},\"inLanguage\":\"es\",\"potentialAction\":[{\"@type\":\"ReadAction\",\"target\":[\"https:\\\/\\\/boutique-one-piece.com\\\/figurines-one-piece\\\/figurines-one-piece-wano-kuni\\\/figurine-one-piece-lempereur-kaido-avec-son-kanabo\\\/\"]}]},{\"@type\":\"ImageObject\",\"inLanguage\":\"es\",\"@id\":\"https:\\\/\\\/boutique-one-piece.com\\\/figurines-one-piece\\\/figurines-one-piece-wano-kuni\\\/figurine-one-piece-lempereur-kaido-avec-son-kanabo\\\/#primaryimage\",\"url\":\"https:\\\/\\\/boutique-one-piece.com\\\/wp-content\\\/uploads\\\/2022\\\/09\\\/Figurine-One-Piece-Lempereur-Kaido-avec-son-Kanabo.jpg\",\"contentUrl\":\"https:\\\/\\\/boutique-one-piece.com\\\/wp-content\\\/uploads\\\/2022\\\/09\\\/Figurine-One-Piece-Lempereur-Kaido-avec-son-Kanabo.jpg\",\"width\":640,\"height\":640,\"caption\":\"Figurine One Piece L'empereur Kaido avec son Kanabo Default Title\"},{\"@type\":\"BreadcrumbList\",\"@id\":\"https:\\\/\\\/boutique-one-piece.com\\\/figurines-one-piece\\\/figurines-one-piece-wano-kuni\\\/figurine-one-piece-lempereur-kaido-avec-son-kanabo\\\/#breadcrumb\",\"itemListElement\":[{\"@type\":\"ListItem\",\"position\":1,\"name\":\"Home\",\"item\":\"https:\\\/\\\/boutique-one-piece.com\\\/\"},{\"@type\":\"ListItem\",\"position\":2,\"name\":\"Shop\",\"item\":\"https:\\\/\\\/boutique-one-piece.com\\\/shop\\\/\"},{\"@type\":\"ListItem\",\"position\":3,\"name\":\"Figurine One Piece L&#8217;empereur Kaido avec son Kanabo\"}]},{\"@type\":\"WebSite\",\"@id\":\"https:\\\/\\\/boutique-one-piece.com\\\/#website\",\"url\":\"https:\\\/\\\/boutique-one-piece.com\\\/\",\"name\":\"Boutique One Piece\",\"description\":\"Magasin Sp\u00e9cialis\u00e9 du Manga et l&#039;Anime One Piece\",\"publisher\":{\"@id\":\"https:\\\/\\\/boutique-one-piece.com\\\/#organization\"},\"potentialAction\":[{\"@type\":\"SearchAction\",\"target\":{\"@type\":\"EntryPoint\",\"urlTemplate\":\"https:\\\/\\\/boutique-one-piece.com\\\/?s={search_term_string}\"},\"query-input\":{\"@type\":\"PropertyValueSpecification\",\"valueRequired\":true,\"valueName\":\"search_term_string\"}}],\"inLanguage\":\"es\"},{\"@type\":\"Organization\",\"@id\":\"https:\\\/\\\/boutique-one-piece.com\\\/#organization\",\"name\":\"Boutique One Piece\",\"url\":\"https:\\\/\\\/boutique-one-piece.com\\\/\",\"logo\":{\"@type\":\"ImageObject\",\"inLanguage\":\"es\",\"@id\":\"https:\\\/\\\/boutique-one-piece.com\\\/#\\\/schema\\\/logo\\\/image\\\/\",\"url\":\"https:\\\/\\\/boutique-one-piece.com\\\/wp-content\\\/uploads\\\/2022\\\/09\\\/Logo-01.png\",\"contentUrl\":\"https:\\\/\\\/boutique-one-piece.com\\\/wp-content\\\/uploads\\\/2022\\\/09\\\/Logo-01.png\",\"width\":2318,\"height\":957,\"caption\":\"Boutique One Piece\"},\"image\":{\"@id\":\"https:\\\/\\\/boutique-one-piece.com\\\/#\\\/schema\\\/logo\\\/image\\\/\"}}]}<\/script>\n<!-- \/ Yoast SEO plugin. -->","yoast_head_json":{"title":"Figura de One Piece: Emperador Kaido con su Kanabo | Figura de One Piece \u2013 Tienda One Piece","description":"Joven pirata, ha llegado el momento de que consigas esta figura de One Piece del Emperador Kaido con su Kanabo. Kaido, apodado &quot;Kaido de las Cien Bestias&quot;, es el capit\u00e1n de los Piratas de las Bestias. Tambi\u00e9n es uno de los Cuatro Emperadores. Como recordatorio, los Cuatro Emperadores son los cuatro capitanes piratas m\u00e1s poderosos.","robots":{"index":"index","follow":"follow","max-snippet":"max-snippet:-1","max-image-preview":"max-image-preview:large","max-video-preview":"max-video-preview:-1"},"canonical":"https:\/\/boutique-one-piece.com\/es\/figuras-de-one-piece\/figuras-de-wano-kuni-de-one-piece\/figura-de-one-piece-del-emperador-kaido-con-su-kanabo\/","og_locale":"es_ES","og_type":"article","og_title":"Figurine One Piece L'empereur Kaido avec son Kanabo | Figurine One Piece \u2013 Boutique One Piece","og_description":"Jeune pirate, le moment est venu pour toi de te procurer cette Figurine One Piece L'empereur Kaido avec son Kanabo.Kaido surnomm\u00e9 \"Kaido aux Cent B\u00eates\"est le capitaine de l'\u00e9quipage aux Cent B\u00eates. Il est \u00e9galement l'un des quatre empereurs. Pour rappel, les Quatre Empereurs sont les quatre capitaines pirate les plus","og_url":"https:\/\/boutique-one-piece.com\/es\/figuras-de-one-piece\/figuras-de-wano-kuni-de-one-piece\/figura-de-one-piece-del-emperador-kaido-con-su-kanabo\/","og_site_name":"Boutique One Piece","article_modified_time":"2024-09-16T12:48:08+00:00","og_image":[{"width":640,"height":640,"url":"https:\/\/boutique-one-piece.com\/wp-content\/uploads\/2022\/09\/Figurine-One-Piece-Lempereur-Kaido-avec-son-Kanabo.jpg","type":"image\/jpeg"}],"twitter_card":"summary_large_image","twitter_misc":{"Tiempo de lectura":"1 minuto"},"schema":{"@context":"https:\/\/schema.org","@graph":[{"@type":"WebPage","@id":"https:\/\/boutique-one-piece.com\/figurines-one-piece\/figurines-one-piece-wano-kuni\/figurine-one-piece-lempereur-kaido-avec-son-kanabo\/","url":"https:\/\/boutique-one-piece.com\/figurines-one-piece\/figurines-one-piece-wano-kuni\/figurine-one-piece-lempereur-kaido-avec-son-kanabo\/","name":"Figura de One Piece: Emperador Kaido con su Kanabo | Figura de One Piece \u2013 Tienda One Piece","isPartOf":{"@id":"https:\/\/boutique-one-piece.com\/#website"},"primaryImageOfPage":{"@id":"https:\/\/boutique-one-piece.com\/figurines-one-piece\/figurines-one-piece-wano-kuni\/figurine-one-piece-lempereur-kaido-avec-son-kanabo\/#primaryimage"},"image":{"@id":"https:\/\/boutique-one-piece.com\/figurines-one-piece\/figurines-one-piece-wano-kuni\/figurine-one-piece-lempereur-kaido-avec-son-kanabo\/#primaryimage"},"thumbnailUrl":"https:\/\/boutique-one-piece.com\/wp-content\/uploads\/2022\/09\/Figurine-One-Piece-Lempereur-Kaido-avec-son-Kanabo.jpg","datePublished":"2022-09-27T20:53:44+00:00","dateModified":"2024-09-16T12:48:08+00:00","description":"Joven pirata, ha llegado el momento de que consigas esta figura de One Piece del Emperador Kaido con su Kanabo. Kaido, apodado &quot;Kaido de las Cien Bestias&quot;, es el capit\u00e1n de los Piratas de las Bestias. Tambi\u00e9n es uno de los Cuatro Emperadores. Como recordatorio, los Cuatro Emperadores son los cuatro capitanes piratas m\u00e1s poderosos.","breadcrumb":{"@id":"https:\/\/boutique-one-piece.com\/figurines-one-piece\/figurines-one-piece-wano-kuni\/figurine-one-piece-lempereur-kaido-avec-son-kanabo\/#breadcrumb"},"inLanguage":"es","potentialAction":[{"@type":"ReadAction","target":["https:\/\/boutique-one-piece.com\/figurines-one-piece\/figurines-one-piece-wano-kuni\/figurine-one-piece-lempereur-kaido-avec-son-kanabo\/"]}]},{"@type":"ImageObject","inLanguage":"es","@id":"https:\/\/boutique-one-piece.com\/figurines-one-piece\/figurines-one-piece-wano-kuni\/figurine-one-piece-lempereur-kaido-avec-son-kanabo\/#primaryimage","url":"https:\/\/boutique-one-piece.com\/wp-content\/uploads\/2022\/09\/Figurine-One-Piece-Lempereur-Kaido-avec-son-Kanabo.jpg","contentUrl":"https:\/\/boutique-one-piece.com\/wp-content\/uploads\/2022\/09\/Figurine-One-Piece-Lempereur-Kaido-avec-son-Kanabo.jpg","width":640,"height":640,"caption":"Figurine One Piece L'empereur Kaido avec son Kanabo Default Title"},{"@type":"BreadcrumbList","@id":"https:\/\/boutique-one-piece.com\/figurines-one-piece\/figurines-one-piece-wano-kuni\/figurine-one-piece-lempereur-kaido-avec-son-kanabo\/#breadcrumb","itemListElement":[{"@type":"ListItem","position":1,"name":"Home","item":"https:\/\/boutique-one-piece.com\/"},{"@type":"ListItem","position":2,"name":"Shop","item":"https:\/\/boutique-one-piece.com\/shop\/"},{"@type":"ListItem","position":3,"name":"Figurine One Piece L&#8217;empereur Kaido avec son Kanabo"}]},{"@type":"WebSite","@id":"https:\/\/boutique-one-piece.com\/#website","url":"https:\/\/boutique-one-piece.com\/","name":"Tienda de One Piece","description":"Tienda especializada en manga y anime de One Piece","publisher":{"@id":"https:\/\/boutique-one-piece.com\/#organization"},"potentialAction":[{"@type":"SearchAction","target":{"@type":"EntryPoint","urlTemplate":"https:\/\/boutique-one-piece.com\/?s={search_term_string}"},"query-input":{"@type":"PropertyValueSpecification","valueRequired":true,"valueName":"search_term_string"}}],"inLanguage":"es"},{"@type":"Organization","@id":"https:\/\/boutique-one-piece.com\/#organization","name":"Tienda de One Piece","url":"https:\/\/boutique-one-piece.com\/","logo":{"@type":"ImageObject","inLanguage":"es","@id":"https:\/\/boutique-one-piece.com\/#\/schema\/logo\/image\/","url":"https:\/\/boutique-one-piece.com\/wp-content\/uploads\/2022\/09\/Logo-01.png","contentUrl":"https:\/\/boutique-one-piece.com\/wp-content\/uploads\/2022\/09\/Logo-01.png","width":2318,"height":957,"caption":"Boutique One Piece"},"image":{"@id":"https:\/\/boutique-one-piece.com\/#\/schema\/logo\/image\/"}}]}},"_links":{"self":[{"href":"https:\/\/boutique-one-piece.com\/es\/wp-json\/wp\/v2\/product\/12135","targetHints":{"allow":["GET"]}}],"collection":[{"href":"https:\/\/boutique-one-piece.com\/es\/wp-json\/wp\/v2\/product"}],"about":[{"href":"https:\/\/boutique-one-piece.com\/es\/wp-json\/wp\/v2\/types\/product"}],"replies":[{"embeddable":true,"href":"https:\/\/boutique-one-piece.com\/es\/wp-json\/wp\/v2\/comments?post=12135"}],"wp:featuredmedia":[{"embeddable":true,"href":"https:\/\/boutique-one-piece.com\/es\/wp-json\/wp\/v2\/media\/12137"}],"wp:attachment":[{"href":"https:\/\/boutique-one-piece.com\/es\/wp-json\/wp\/v2\/media?parent=12135"}],"wp:term":[{"taxonomy":"product_brand","embeddable":true,"href":"https:\/\/boutique-one-piece.com\/es\/wp-json\/wp\/v2\/product_brand?post=12135"},{"taxonomy":"product_cat","embeddable":true,"href":"https:\/\/boutique-one-piece.com\/es\/wp-json\/wp\/v2\/product_cat?post=12135"},{"taxonomy":"product_tag","embeddable":true,"href":"https:\/\/boutique-one-piece.com\/es\/wp-json\/wp\/v2\/product_tag?post=12135"}],"curies":[{"name":"wp","href":"https:\/\/api.w.org\/{rel}","templated":true}]}}