{"id":12249,"date":"2022-09-27T20:54:24","date_gmt":"2022-09-27T20:54:24","guid":{"rendered":"https:\/\/boutique-one-piece.com\/uncategorized\/drapeau-equipage-du-clown\/"},"modified":"2024-09-16T12:50:43","modified_gmt":"2024-09-16T12:50:43","slug":"bandera-de-la-tripulacion-de-payasos","status":"publish","type":"product","link":"https:\/\/boutique-one-piece.com\/es\/decoraciones-de-one-piece\/banderas-de-one-piece\/bandera-de-la-tripulacion-de-payasos\/","title":{"rendered":"Bandera de la tripulaci\u00f3n de payasos"},"content":{"rendered":"<h2>Joven Nakama, consigue ahora esta bandera de Clown Crew.<\/h2>\n<p>Tu n\u2019es pas sans savoir que le Jolly Roger repr\u00e9sente l\u2019\u00e9quipage, il s\u2019agit de son symbole. De mani\u00e8re g\u00e9n\u00e9rale <strong>la bandera<\/strong> fait soit r\u00e9f\u00e9rence au th\u00e8me de l\u2019\u00e9quipage, soit \u00e0 un de ses membres (souvent le capitaine). On peut ainsi juste en voyant un <strong>Bandera pirata<\/strong> deviner \u00e0 quel type d\u2019\u00e9quipage on a affaire.<\/p>\n<p>Aqu\u00ed, est\u00e1s tratando con <strong>l\u2019\u00e9quipage du Clown<\/strong>. Voici ce que tu dois savoir \u00e0 propos de cet \u00e9quipage ; l\u2019\u00c9quipage du Clown, aussi nomm\u00e9 Les Pirates de Baggy est une bande de pirates dirig\u00e9e par Baggy dans le monde de One Piece. Leur Capitaine faisait autrefois \u00e9quipe avec Shanks dans L\u2019\u00c9quipage des Pirates Roger. D\u2019ailleurs, si tu souhaites changer d\u2019\u00e9quipage, le <a title=\"BANDERA DE LA TRIPULACI\u00d3N ROUX\" href=\"https:\/\/boutique-one-piece.com\/es\/bandera-de-la-tripulacion-de-la-roja\/\" target=\"_blank\" rel=\"noopener\">Drapeau de l\u2019\u00c9quipage du Roux<\/a> Est\u00e1 a tu alcance.<\/p>\n<h3>Alors, jeune moussaillon, es-tu conquis par ton nouvel \u00e9quipage ? Si tel est le cas, revendique fi\u00e8rement ton appartenance \u00e0 l\u2019\u00c9quipage du Clown. Ce drapeau ne te quittera plus et te suivra dans toutes tes aventures.<\/h3>\n<p>Si tu es ici, c\u2019est que tu es un v\u00e9ritable passionn\u00e9 de la s\u00e9rie <strong>Una pieza<\/strong>. Tu as fait le bon choix ! Ici tu pourras retrouver tous les objets mythiques qui te replongeront au sein de ton univers anim\u00e9 favori. Saute donc sur l\u2019occasion de pouvoir agrandir ton univers One Piece. <strong>Pirater\u00eda<\/strong> n\u2019est pas encore finie !<\/p>\n<h2>Informations sur le Drapeau de l\u2019\u00c9quipage de Baggy le Clown :<\/h2>\n<ul>\n<li>\n<strong><u>Bandera de One Piece<\/u><\/strong>\u00a0Una aut\u00e9ntica bandera pirata de One Piece para verdaderos fans.<\/li>\n<\/ul>\n<ul>\n<li>\n<strong>Impresi\u00f3n de alta calidad<\/strong>\u00a0colores precisos<\/li>\n<\/ul>\n<ul>\n<li>\n<strong>Asunto<\/strong> Poli\u00e9ster<\/li>\n<\/ul>\n<ul>\n<li>\n<strong>Dimensi\u00f3n<\/strong>\u00a0:65 cm X 90<\/li>\n<\/ul>\n<ul>\n<li><strong>ENTREGA GRATUITA<\/strong><\/li>\n<\/ul>","protected":false},"excerpt":{"rendered":"<p>Jeune Nakama, procure-toi d\u00e8s \u00e0 pr\u00e9sent ce Drapeau \u00c9quipage du Clown. Tu n\u2019es pas sans savoir que le Jolly Roger repr\u00e9sente l\u2019\u00e9quipage, il s\u2019agit de son symbole. De mani\u00e8re g\u00e9n\u00e9rale le drapeau fait soit r\u00e9f\u00e9rence au th\u00e8me de l\u2019\u00e9quipage, soit \u00e0 un de ses membres (souvent le capitaine). On peut ainsi juste en voyant un [&hellip;]<\/p>","protected":false},"featured_media":12251,"comment_status":"open","ping_status":"open","template":"","meta":[],"product_brand":[],"product_cat":[212],"product_tag":[354],"class_list":{"0":"post-12249","1":"product","2":"type-product","3":"status-publish","4":"has-post-thumbnail","6":"product_cat-drapeaux-one-piece","7":"product_tag-baggy","9":"first","10":"instock","11":"purchasable","12":"product-type-simple"},"yoast_head":"<!-- This site is optimized with the Yoast SEO plugin v27.5 - https:\/\/yoast.com\/product\/yoast-seo-wordpress\/ -->\n<title>Drapeau \u00c9quipage du Clown | Boutique One Piece<\/title>\n<meta name=\"description\" content=\"D\u00e9couvrez le Drapeau One Piece Baggy, d\u00e9corez votre pi\u00e8ce en portant les couleurs de Baggy ! Commencez votre aventure recherche du One Piece dans l&#039;\u00e9quipage du Clown\" \/>\n<meta name=\"robots\" content=\"index, follow, max-snippet:-1, max-image-preview:large, max-video-preview:-1\" \/>\n<link rel=\"canonical\" href=\"https:\/\/boutique-one-piece.com\/es\/decoraciones-de-one-piece\/banderas-de-one-piece\/bandera-de-la-tripulacion-de-payasos\/\" \/>\n<meta property=\"og:locale\" content=\"es_ES\" \/>\n<meta property=\"og:type\" content=\"article\" \/>\n<meta property=\"og:title\" content=\"Drapeau \u00c9quipage du Clown | Boutique One Piece\" \/>\n<meta property=\"og:description\" content=\"D\u00e9couvrez le Drapeau One Piece Baggy, d\u00e9corez votre pi\u00e8ce en portant les couleurs de Baggy ! Commencez votre aventure recherche du One Piece dans l&#039;\u00e9quipage du Clown\" \/>\n<meta property=\"og:url\" content=\"https:\/\/boutique-one-piece.com\/es\/decoraciones-de-one-piece\/banderas-de-one-piece\/bandera-de-la-tripulacion-de-payasos\/\" \/>\n<meta property=\"og:site_name\" content=\"Boutique One Piece\" \/>\n<meta property=\"article:modified_time\" content=\"2024-09-16T12:50:43+00:00\" \/>\n<meta property=\"og:image\" content=\"https:\/\/boutique-one-piece.com\/wp-content\/uploads\/2022\/09\/Drapeau-Equipage-du-Clown-1.jpg\" \/>\n\t<meta property=\"og:image:width\" content=\"800\" \/>\n\t<meta property=\"og:image:height\" content=\"800\" \/>\n\t<meta property=\"og:image:type\" content=\"image\/jpeg\" \/>\n<meta name=\"twitter:card\" content=\"summary_large_image\" \/>\n<meta name=\"twitter:label1\" content=\"Tiempo de lectura\" \/>\n\t<meta name=\"twitter:data1\" content=\"1 minuto\" \/>\n<script type=\"application\/ld+json\" class=\"yoast-schema-graph\">{\"@context\":\"https:\\\/\\\/schema.org\",\"@graph\":[{\"@type\":\"WebPage\",\"@id\":\"https:\\\/\\\/boutique-one-piece.com\\\/decorations-one-piece\\\/drapeaux-one-piece\\\/drapeau-equipage-du-clown\\\/\",\"url\":\"https:\\\/\\\/boutique-one-piece.com\\\/decorations-one-piece\\\/drapeaux-one-piece\\\/drapeau-equipage-du-clown\\\/\",\"name\":\"Drapeau \u00c9quipage du Clown | Boutique One Piece\",\"isPartOf\":{\"@id\":\"https:\\\/\\\/boutique-one-piece.com\\\/#website\"},\"primaryImageOfPage\":{\"@id\":\"https:\\\/\\\/boutique-one-piece.com\\\/decorations-one-piece\\\/drapeaux-one-piece\\\/drapeau-equipage-du-clown\\\/#primaryimage\"},\"image\":{\"@id\":\"https:\\\/\\\/boutique-one-piece.com\\\/decorations-one-piece\\\/drapeaux-one-piece\\\/drapeau-equipage-du-clown\\\/#primaryimage\"},\"thumbnailUrl\":\"https:\\\/\\\/boutique-one-piece.com\\\/wp-content\\\/uploads\\\/2022\\\/09\\\/Drapeau-Equipage-du-Clown-1.jpg\",\"datePublished\":\"2022-09-27T20:54:24+00:00\",\"dateModified\":\"2024-09-16T12:50:43+00:00\",\"description\":\"D\u00e9couvrez le Drapeau One Piece Baggy, d\u00e9corez votre pi\u00e8ce en portant les couleurs de Baggy ! Commencez votre aventure recherche du One Piece dans l'\u00e9quipage du Clown\",\"breadcrumb\":{\"@id\":\"https:\\\/\\\/boutique-one-piece.com\\\/decorations-one-piece\\\/drapeaux-one-piece\\\/drapeau-equipage-du-clown\\\/#breadcrumb\"},\"inLanguage\":\"es\",\"potentialAction\":[{\"@type\":\"ReadAction\",\"target\":[\"https:\\\/\\\/boutique-one-piece.com\\\/decorations-one-piece\\\/drapeaux-one-piece\\\/drapeau-equipage-du-clown\\\/\"]}]},{\"@type\":\"ImageObject\",\"inLanguage\":\"es\",\"@id\":\"https:\\\/\\\/boutique-one-piece.com\\\/decorations-one-piece\\\/drapeaux-one-piece\\\/drapeau-equipage-du-clown\\\/#primaryimage\",\"url\":\"https:\\\/\\\/boutique-one-piece.com\\\/wp-content\\\/uploads\\\/2022\\\/09\\\/Drapeau-Equipage-du-Clown-1.jpg\",\"contentUrl\":\"https:\\\/\\\/boutique-one-piece.com\\\/wp-content\\\/uploads\\\/2022\\\/09\\\/Drapeau-Equipage-du-Clown-1.jpg\",\"width\":800,\"height\":800},{\"@type\":\"BreadcrumbList\",\"@id\":\"https:\\\/\\\/boutique-one-piece.com\\\/decorations-one-piece\\\/drapeaux-one-piece\\\/drapeau-equipage-du-clown\\\/#breadcrumb\",\"itemListElement\":[{\"@type\":\"ListItem\",\"position\":1,\"name\":\"Home\",\"item\":\"https:\\\/\\\/boutique-one-piece.com\\\/\"},{\"@type\":\"ListItem\",\"position\":2,\"name\":\"Shop\",\"item\":\"https:\\\/\\\/boutique-one-piece.com\\\/shop\\\/\"},{\"@type\":\"ListItem\",\"position\":3,\"name\":\"Drapeau \u00c9quipage du Clown\"}]},{\"@type\":\"WebSite\",\"@id\":\"https:\\\/\\\/boutique-one-piece.com\\\/#website\",\"url\":\"https:\\\/\\\/boutique-one-piece.com\\\/\",\"name\":\"Boutique One Piece\",\"description\":\"Magasin Sp\u00e9cialis\u00e9 du Manga et l&#039;Anime One Piece\",\"publisher\":{\"@id\":\"https:\\\/\\\/boutique-one-piece.com\\\/#organization\"},\"potentialAction\":[{\"@type\":\"SearchAction\",\"target\":{\"@type\":\"EntryPoint\",\"urlTemplate\":\"https:\\\/\\\/boutique-one-piece.com\\\/?s={search_term_string}\"},\"query-input\":{\"@type\":\"PropertyValueSpecification\",\"valueRequired\":true,\"valueName\":\"search_term_string\"}}],\"inLanguage\":\"es\"},{\"@type\":\"Organization\",\"@id\":\"https:\\\/\\\/boutique-one-piece.com\\\/#organization\",\"name\":\"Boutique One Piece\",\"url\":\"https:\\\/\\\/boutique-one-piece.com\\\/\",\"logo\":{\"@type\":\"ImageObject\",\"inLanguage\":\"es\",\"@id\":\"https:\\\/\\\/boutique-one-piece.com\\\/#\\\/schema\\\/logo\\\/image\\\/\",\"url\":\"https:\\\/\\\/boutique-one-piece.com\\\/wp-content\\\/uploads\\\/2022\\\/09\\\/Logo-01.png\",\"contentUrl\":\"https:\\\/\\\/boutique-one-piece.com\\\/wp-content\\\/uploads\\\/2022\\\/09\\\/Logo-01.png\",\"width\":2318,\"height\":957,\"caption\":\"Boutique One Piece\"},\"image\":{\"@id\":\"https:\\\/\\\/boutique-one-piece.com\\\/#\\\/schema\\\/logo\\\/image\\\/\"}}]}<\/script>\n<!-- \/ Yoast SEO plugin. -->","yoast_head_json":{"title":"Bandera de la tripulaci\u00f3n del payaso | Tienda de One Piece","description":"Descubre la bandera de One Piece Buggy y decora tu habitaci\u00f3n con los colores de Buggy. Empieza tu aventura de b\u00fasqueda de One Piece con los Piratas Payaso.","robots":{"index":"index","follow":"follow","max-snippet":"max-snippet:-1","max-image-preview":"max-image-preview:large","max-video-preview":"max-video-preview:-1"},"canonical":"https:\/\/boutique-one-piece.com\/es\/decoraciones-de-one-piece\/banderas-de-one-piece\/bandera-de-la-tripulacion-de-payasos\/","og_locale":"es_ES","og_type":"article","og_title":"Drapeau \u00c9quipage du Clown | Boutique One Piece","og_description":"D\u00e9couvrez le Drapeau One Piece Baggy, d\u00e9corez votre pi\u00e8ce en portant les couleurs de Baggy ! Commencez votre aventure recherche du One Piece dans l'\u00e9quipage du Clown","og_url":"https:\/\/boutique-one-piece.com\/es\/decoraciones-de-one-piece\/banderas-de-one-piece\/bandera-de-la-tripulacion-de-payasos\/","og_site_name":"Boutique One Piece","article_modified_time":"2024-09-16T12:50:43+00:00","og_image":[{"width":800,"height":800,"url":"https:\/\/boutique-one-piece.com\/wp-content\/uploads\/2022\/09\/Drapeau-Equipage-du-Clown-1.jpg","type":"image\/jpeg"}],"twitter_card":"summary_large_image","twitter_misc":{"Tiempo de lectura":"1 minuto"},"schema":{"@context":"https:\/\/schema.org","@graph":[{"@type":"WebPage","@id":"https:\/\/boutique-one-piece.com\/decorations-one-piece\/drapeaux-one-piece\/drapeau-equipage-du-clown\/","url":"https:\/\/boutique-one-piece.com\/decorations-one-piece\/drapeaux-one-piece\/drapeau-equipage-du-clown\/","name":"Bandera de la tripulaci\u00f3n del payaso | Tienda de One Piece","isPartOf":{"@id":"https:\/\/boutique-one-piece.com\/#website"},"primaryImageOfPage":{"@id":"https:\/\/boutique-one-piece.com\/decorations-one-piece\/drapeaux-one-piece\/drapeau-equipage-du-clown\/#primaryimage"},"image":{"@id":"https:\/\/boutique-one-piece.com\/decorations-one-piece\/drapeaux-one-piece\/drapeau-equipage-du-clown\/#primaryimage"},"thumbnailUrl":"https:\/\/boutique-one-piece.com\/wp-content\/uploads\/2022\/09\/Drapeau-Equipage-du-Clown-1.jpg","datePublished":"2022-09-27T20:54:24+00:00","dateModified":"2024-09-16T12:50:43+00:00","description":"Descubre la bandera de One Piece Buggy y decora tu habitaci\u00f3n con los colores de Buggy. Empieza tu aventura de b\u00fasqueda de One Piece con los Piratas Payaso.","breadcrumb":{"@id":"https:\/\/boutique-one-piece.com\/decorations-one-piece\/drapeaux-one-piece\/drapeau-equipage-du-clown\/#breadcrumb"},"inLanguage":"es","potentialAction":[{"@type":"ReadAction","target":["https:\/\/boutique-one-piece.com\/decorations-one-piece\/drapeaux-one-piece\/drapeau-equipage-du-clown\/"]}]},{"@type":"ImageObject","inLanguage":"es","@id":"https:\/\/boutique-one-piece.com\/decorations-one-piece\/drapeaux-one-piece\/drapeau-equipage-du-clown\/#primaryimage","url":"https:\/\/boutique-one-piece.com\/wp-content\/uploads\/2022\/09\/Drapeau-Equipage-du-Clown-1.jpg","contentUrl":"https:\/\/boutique-one-piece.com\/wp-content\/uploads\/2022\/09\/Drapeau-Equipage-du-Clown-1.jpg","width":800,"height":800},{"@type":"BreadcrumbList","@id":"https:\/\/boutique-one-piece.com\/decorations-one-piece\/drapeaux-one-piece\/drapeau-equipage-du-clown\/#breadcrumb","itemListElement":[{"@type":"ListItem","position":1,"name":"Home","item":"https:\/\/boutique-one-piece.com\/"},{"@type":"ListItem","position":2,"name":"Shop","item":"https:\/\/boutique-one-piece.com\/shop\/"},{"@type":"ListItem","position":3,"name":"Drapeau \u00c9quipage du Clown"}]},{"@type":"WebSite","@id":"https:\/\/boutique-one-piece.com\/#website","url":"https:\/\/boutique-one-piece.com\/","name":"Tienda de One Piece","description":"Tienda especializada en manga y anime de One Piece","publisher":{"@id":"https:\/\/boutique-one-piece.com\/#organization"},"potentialAction":[{"@type":"SearchAction","target":{"@type":"EntryPoint","urlTemplate":"https:\/\/boutique-one-piece.com\/?s={search_term_string}"},"query-input":{"@type":"PropertyValueSpecification","valueRequired":true,"valueName":"search_term_string"}}],"inLanguage":"es"},{"@type":"Organization","@id":"https:\/\/boutique-one-piece.com\/#organization","name":"Tienda de One Piece","url":"https:\/\/boutique-one-piece.com\/","logo":{"@type":"ImageObject","inLanguage":"es","@id":"https:\/\/boutique-one-piece.com\/#\/schema\/logo\/image\/","url":"https:\/\/boutique-one-piece.com\/wp-content\/uploads\/2022\/09\/Logo-01.png","contentUrl":"https:\/\/boutique-one-piece.com\/wp-content\/uploads\/2022\/09\/Logo-01.png","width":2318,"height":957,"caption":"Boutique One Piece"},"image":{"@id":"https:\/\/boutique-one-piece.com\/#\/schema\/logo\/image\/"}}]}},"_links":{"self":[{"href":"https:\/\/boutique-one-piece.com\/es\/wp-json\/wp\/v2\/product\/12249","targetHints":{"allow":["GET"]}}],"collection":[{"href":"https:\/\/boutique-one-piece.com\/es\/wp-json\/wp\/v2\/product"}],"about":[{"href":"https:\/\/boutique-one-piece.com\/es\/wp-json\/wp\/v2\/types\/product"}],"replies":[{"embeddable":true,"href":"https:\/\/boutique-one-piece.com\/es\/wp-json\/wp\/v2\/comments?post=12249"}],"wp:featuredmedia":[{"embeddable":true,"href":"https:\/\/boutique-one-piece.com\/es\/wp-json\/wp\/v2\/media\/12251"}],"wp:attachment":[{"href":"https:\/\/boutique-one-piece.com\/es\/wp-json\/wp\/v2\/media?parent=12249"}],"wp:term":[{"taxonomy":"product_brand","embeddable":true,"href":"https:\/\/boutique-one-piece.com\/es\/wp-json\/wp\/v2\/product_brand?post=12249"},{"taxonomy":"product_cat","embeddable":true,"href":"https:\/\/boutique-one-piece.com\/es\/wp-json\/wp\/v2\/product_cat?post=12249"},{"taxonomy":"product_tag","embeddable":true,"href":"https:\/\/boutique-one-piece.com\/es\/wp-json\/wp\/v2\/product_tag?post=12249"}],"curies":[{"name":"wp","href":"https:\/\/api.w.org\/{rel}","templated":true}]}}