{"id":12277,"date":"2022-09-27T20:54:38","date_gmt":"2022-09-27T20:54:38","guid":{"rendered":"https:\/\/boutique-one-piece.com\/uncategorized\/avis-de-recherche-baggy-wanted\/"},"modified":"2024-09-16T12:51:05","modified_gmt":"2024-09-16T12:51:05","slug":"cartel-de-busqueda-holgado","status":"publish","type":"product","link":"https:\/\/boutique-one-piece.com\/es\/cartel-de-busqueda-de-one-piece\/cartel-de-busqueda-holgado\/","title":{"rendered":"Aviso de b\u00fasqueda de Baggy"},"content":{"rendered":"<h2>\u00bfEres fan de los divertidos personajes de One Piece? Entonces d\u00e9jate convencer por este p\u00f3ster holgado de &quot;Se busca&quot;.<\/h2>\n<p>Baggy, tambi\u00e9n apodado &quot;\u00ab\u00a0<strong>Baggy el payaso<\/strong>\u00a0\u00bb est un pirate que l\u2019on retrouve tr\u00e8s souvent dans l\u2019histoire actuelle de One Piece. Il est le <strong>El primer enemigo de Luffy<\/strong> en tant que pirate et ils se croiseront r\u00e9guli\u00e8rement au fil de leurs aventures. Bien que Baggy soit l\u2019ennemi de Luffy d\u00e8s le d\u00e9part et qu\u2019il ne soit pas loin de le tuer, on peut voir durant leurs diff\u00e9rentes rencontres qu\u2019ils ont un respect mutuel l\u2019un envers l\u2019autre, en d\u00e9pit des apparences.<\/p>\n<h3>D\u00e9core ton bureau \u00e0 l\u2019aide de cet avis de recherche repr\u00e9sentant Baggy le Clown.<\/h3>\n<p>Baggy comi\u00f3 la fruta de <strong>Bara Bara no mi<\/strong>, ce qui lui permet de se fragmenter \u00e0 volont\u00e9 et ainsi, lui permet d\u2019\u00eatre insensible aux d\u00e9g\u00e2ts faits par les objets tranchants. Il ressemble aussi \u00e0 Luffy sur le point qu\u2019il arrive \u00e0 avoir la confiance de nombreux pirates ou marines qu\u2019il croise. C\u2019est ainsi qu\u2019il parvient \u00e0 avoir le poste de <strong>Shichibukai<\/strong> apr\u00e8s Marineford alors qu\u2019il n\u2019a en r\u00e9alit\u00e9 pas pes\u00e9 sur la bataille. La prime pour sa capture ou sa mort est de 15 millions de Berry.<\/p>\n<p>Si te gustan nuestros carteles, este <a href=\"https:\/\/boutique-one-piece.com\/es\/cartel-de-se-busca-francotirador\/\" target=\"_blank\" title=\"Sogeking quer\u00eda aviso\" rel=\"noopener noreferrer\">Sogeking quer\u00eda aviso<\/a> Deber\u00eda gustarte.<\/p>\n<h2>Informations sur l\u2019Affiche One Piece Wanted Baggy le Clown<\/h2>\n<ul>\n<li><span><b><u>P\u00f3ster de Se busca de One Piece<\/u><\/b>\u00a0: v\u00e9ritable Avis De Recherche de l\u2019univers One Piece pour les vrais pirates<\/span><\/li>\n<\/ul>\n<ul>\n<li>\n<b><u>El mejor momento de Baggy<\/u><\/b>\u00a015.000.000 de bayas<\/li>\n<\/ul>\n<ul>\n<li><span><strong>Impresi\u00f3n de alta calidad<\/strong>\u00a0colores precisos<\/span><\/li>\n<\/ul>\n<ul>\n<li>\n<strong>Dimensi\u00f3n<\/strong>\u00a0:42 cm x 30 cm<\/li>\n<\/ul>\n<ul>\n<li><span><strong>ENTREGA GRATUITA<\/strong><\/span><\/li>\n<\/ul>","protected":false},"excerpt":{"rendered":"<p>Tu es un adepte des personnages dr\u00f4les de One Piece ? Alors laisse-toi convaincre par cet Avis de Recherche Baggy Wanted. Baggy, \u00e9galement surnomm\u00e9 \u00ab\u00a0Baggy le Clown\u00a0\u00bb est un pirate que l\u2019on retrouve tr\u00e8s souvent dans l\u2019histoire actuelle de One Piece. Il est le premier ennemi de Luffy en tant que pirate et ils se [&hellip;]<\/p>","protected":false},"featured_media":12279,"comment_status":"open","ping_status":"open","template":"","meta":[],"product_brand":[],"product_cat":[171],"product_tag":[],"class_list":{"0":"post-12277","1":"product","2":"type-product","3":"status-publish","4":"has-post-thumbnail","6":"product_cat-avis-de-recherche-one-piece","8":"first","9":"instock","10":"purchasable","11":"product-type-simple"},"yoast_head":"<!-- This site is optimized with the Yoast SEO plugin v27.5 - https:\/\/yoast.com\/product\/yoast-seo-wordpress\/ -->\n<title>Avis De Recherche Baggy Wanted | D\u00e9coration One Piece \u2013 Boutique One Piece<\/title>\n<meta name=\"description\" content=\"Tu es un adepte des personnages dr\u00f4les de One Piece ? Alors laisse-toi convaincre par cet Avis de Recherche Baggy Wanted. Baggy, \u00e9galement surnomm\u00e9 &quot;Baggy le Clown&quot; est un pirate que l&#039;on retrouve tr\u00e8s souvent dans l&#039;histoire actuelle de One Piece. Il est le premier ennemi de Luffy en tant que pirate et ils se croisero\" \/>\n<meta name=\"robots\" content=\"index, follow, max-snippet:-1, max-image-preview:large, max-video-preview:-1\" \/>\n<link rel=\"canonical\" href=\"https:\/\/boutique-one-piece.com\/es\/cartel-de-busqueda-de-one-piece\/cartel-de-busqueda-holgado\/\" \/>\n<meta property=\"og:locale\" content=\"es_ES\" \/>\n<meta property=\"og:type\" content=\"article\" \/>\n<meta property=\"og:title\" content=\"Avis De Recherche Baggy Wanted | D\u00e9coration One Piece \u2013 Boutique One Piece\" \/>\n<meta property=\"og:description\" content=\"Tu es un adepte des personnages dr\u00f4les de One Piece ? Alors laisse-toi convaincre par cet Avis de Recherche Baggy Wanted. Baggy, \u00e9galement surnomm\u00e9 &quot;Baggy le Clown&quot; est un pirate que l&#039;on retrouve tr\u00e8s souvent dans l&#039;histoire actuelle de One Piece. Il est le premier ennemi de Luffy en tant que pirate et ils se croisero\" \/>\n<meta property=\"og:url\" content=\"https:\/\/boutique-one-piece.com\/es\/cartel-de-busqueda-de-one-piece\/cartel-de-busqueda-holgado\/\" \/>\n<meta property=\"og:site_name\" content=\"Boutique One Piece\" \/>\n<meta property=\"article:modified_time\" content=\"2024-09-16T12:51:05+00:00\" \/>\n<meta property=\"og:image\" content=\"https:\/\/boutique-one-piece.com\/wp-content\/uploads\/2022\/09\/Avis-De-Recherche-Baggy-Wanted-1.jpg\" \/>\n\t<meta property=\"og:image:width\" content=\"800\" \/>\n\t<meta property=\"og:image:height\" content=\"800\" \/>\n\t<meta property=\"og:image:type\" content=\"image\/jpeg\" \/>\n<meta name=\"twitter:card\" content=\"summary_large_image\" \/>\n<meta name=\"twitter:label1\" content=\"Tiempo de lectura\" \/>\n\t<meta name=\"twitter:data1\" content=\"1 minuto\" \/>\n<script type=\"application\/ld+json\" class=\"yoast-schema-graph\">{\"@context\":\"https:\\\/\\\/schema.org\",\"@graph\":[{\"@type\":\"WebPage\",\"@id\":\"https:\\\/\\\/boutique-one-piece.com\\\/avis-de-recherche-one-piece\\\/avis-de-recherche-baggy-wanted\\\/\",\"url\":\"https:\\\/\\\/boutique-one-piece.com\\\/avis-de-recherche-one-piece\\\/avis-de-recherche-baggy-wanted\\\/\",\"name\":\"Avis De Recherche Baggy Wanted | D\u00e9coration One Piece \u2013 Boutique One Piece\",\"isPartOf\":{\"@id\":\"https:\\\/\\\/boutique-one-piece.com\\\/#website\"},\"primaryImageOfPage\":{\"@id\":\"https:\\\/\\\/boutique-one-piece.com\\\/avis-de-recherche-one-piece\\\/avis-de-recherche-baggy-wanted\\\/#primaryimage\"},\"image\":{\"@id\":\"https:\\\/\\\/boutique-one-piece.com\\\/avis-de-recherche-one-piece\\\/avis-de-recherche-baggy-wanted\\\/#primaryimage\"},\"thumbnailUrl\":\"https:\\\/\\\/boutique-one-piece.com\\\/wp-content\\\/uploads\\\/2022\\\/09\\\/Avis-De-Recherche-Baggy-Wanted-1.jpg\",\"datePublished\":\"2022-09-27T20:54:38+00:00\",\"dateModified\":\"2024-09-16T12:51:05+00:00\",\"description\":\"Tu es un adepte des personnages dr\u00f4les de One Piece ? Alors laisse-toi convaincre par cet Avis de Recherche Baggy Wanted. Baggy, \u00e9galement surnomm\u00e9 \\\"Baggy le Clown\\\" est un pirate que l'on retrouve tr\u00e8s souvent dans l'histoire actuelle de One Piece. Il est le premier ennemi de Luffy en tant que pirate et ils se croisero\",\"breadcrumb\":{\"@id\":\"https:\\\/\\\/boutique-one-piece.com\\\/avis-de-recherche-one-piece\\\/avis-de-recherche-baggy-wanted\\\/#breadcrumb\"},\"inLanguage\":\"es\",\"potentialAction\":[{\"@type\":\"ReadAction\",\"target\":[\"https:\\\/\\\/boutique-one-piece.com\\\/avis-de-recherche-one-piece\\\/avis-de-recherche-baggy-wanted\\\/\"]}]},{\"@type\":\"ImageObject\",\"inLanguage\":\"es\",\"@id\":\"https:\\\/\\\/boutique-one-piece.com\\\/avis-de-recherche-one-piece\\\/avis-de-recherche-baggy-wanted\\\/#primaryimage\",\"url\":\"https:\\\/\\\/boutique-one-piece.com\\\/wp-content\\\/uploads\\\/2022\\\/09\\\/Avis-De-Recherche-Baggy-Wanted-1.jpg\",\"contentUrl\":\"https:\\\/\\\/boutique-one-piece.com\\\/wp-content\\\/uploads\\\/2022\\\/09\\\/Avis-De-Recherche-Baggy-Wanted-1.jpg\",\"width\":800,\"height\":800},{\"@type\":\"BreadcrumbList\",\"@id\":\"https:\\\/\\\/boutique-one-piece.com\\\/avis-de-recherche-one-piece\\\/avis-de-recherche-baggy-wanted\\\/#breadcrumb\",\"itemListElement\":[{\"@type\":\"ListItem\",\"position\":1,\"name\":\"Home\",\"item\":\"https:\\\/\\\/boutique-one-piece.com\\\/\"},{\"@type\":\"ListItem\",\"position\":2,\"name\":\"Shop\",\"item\":\"https:\\\/\\\/boutique-one-piece.com\\\/shop\\\/\"},{\"@type\":\"ListItem\",\"position\":3,\"name\":\"Avis De Recherche Baggy Wanted\"}]},{\"@type\":\"WebSite\",\"@id\":\"https:\\\/\\\/boutique-one-piece.com\\\/#website\",\"url\":\"https:\\\/\\\/boutique-one-piece.com\\\/\",\"name\":\"Boutique One Piece\",\"description\":\"Magasin Sp\u00e9cialis\u00e9 du Manga et l&#039;Anime One Piece\",\"publisher\":{\"@id\":\"https:\\\/\\\/boutique-one-piece.com\\\/#organization\"},\"potentialAction\":[{\"@type\":\"SearchAction\",\"target\":{\"@type\":\"EntryPoint\",\"urlTemplate\":\"https:\\\/\\\/boutique-one-piece.com\\\/?s={search_term_string}\"},\"query-input\":{\"@type\":\"PropertyValueSpecification\",\"valueRequired\":true,\"valueName\":\"search_term_string\"}}],\"inLanguage\":\"es\"},{\"@type\":\"Organization\",\"@id\":\"https:\\\/\\\/boutique-one-piece.com\\\/#organization\",\"name\":\"Boutique One Piece\",\"url\":\"https:\\\/\\\/boutique-one-piece.com\\\/\",\"logo\":{\"@type\":\"ImageObject\",\"inLanguage\":\"es\",\"@id\":\"https:\\\/\\\/boutique-one-piece.com\\\/#\\\/schema\\\/logo\\\/image\\\/\",\"url\":\"https:\\\/\\\/boutique-one-piece.com\\\/wp-content\\\/uploads\\\/2022\\\/09\\\/Logo-01.png\",\"contentUrl\":\"https:\\\/\\\/boutique-one-piece.com\\\/wp-content\\\/uploads\\\/2022\\\/09\\\/Logo-01.png\",\"width\":2318,\"height\":957,\"caption\":\"Boutique One Piece\"},\"image\":{\"@id\":\"https:\\\/\\\/boutique-one-piece.com\\\/#\\\/schema\\\/logo\\\/image\\\/\"}}]}<\/script>\n<!-- \/ Yoast SEO plugin. -->","yoast_head_json":{"title":"P\u00f3ster holgado de &quot;Se busca&quot; | Decoraci\u00f3n de One Piece \u2013 Tienda de One Piece","description":"\u00bfEres fan de los divertidos personajes de One Piece? Entonces d\u00e9jate convencer por este p\u00f3ster de &quot;Se busca Baggy&quot;. Baggy, tambi\u00e9n conocido como &quot;Buggy el Payaso&quot;, es un pirata que aparece con frecuencia en la historia actual de One Piece. Es el primer enemigo de Luffy como pirata, y sus caminos se cruzar\u00e1n...","robots":{"index":"index","follow":"follow","max-snippet":"max-snippet:-1","max-image-preview":"max-image-preview:large","max-video-preview":"max-video-preview:-1"},"canonical":"https:\/\/boutique-one-piece.com\/es\/cartel-de-busqueda-de-one-piece\/cartel-de-busqueda-holgado\/","og_locale":"es_ES","og_type":"article","og_title":"Avis De Recherche Baggy Wanted | D\u00e9coration One Piece \u2013 Boutique One Piece","og_description":"Tu es un adepte des personnages dr\u00f4les de One Piece ? Alors laisse-toi convaincre par cet Avis de Recherche Baggy Wanted. Baggy, \u00e9galement surnomm\u00e9 \"Baggy le Clown\" est un pirate que l'on retrouve tr\u00e8s souvent dans l'histoire actuelle de One Piece. Il est le premier ennemi de Luffy en tant que pirate et ils se croisero","og_url":"https:\/\/boutique-one-piece.com\/es\/cartel-de-busqueda-de-one-piece\/cartel-de-busqueda-holgado\/","og_site_name":"Boutique One Piece","article_modified_time":"2024-09-16T12:51:05+00:00","og_image":[{"width":800,"height":800,"url":"https:\/\/boutique-one-piece.com\/wp-content\/uploads\/2022\/09\/Avis-De-Recherche-Baggy-Wanted-1.jpg","type":"image\/jpeg"}],"twitter_card":"summary_large_image","twitter_misc":{"Tiempo de lectura":"1 minuto"},"schema":{"@context":"https:\/\/schema.org","@graph":[{"@type":"WebPage","@id":"https:\/\/boutique-one-piece.com\/avis-de-recherche-one-piece\/avis-de-recherche-baggy-wanted\/","url":"https:\/\/boutique-one-piece.com\/avis-de-recherche-one-piece\/avis-de-recherche-baggy-wanted\/","name":"P\u00f3ster holgado de &quot;Se busca&quot; | Decoraci\u00f3n de One Piece \u2013 Tienda de One Piece","isPartOf":{"@id":"https:\/\/boutique-one-piece.com\/#website"},"primaryImageOfPage":{"@id":"https:\/\/boutique-one-piece.com\/avis-de-recherche-one-piece\/avis-de-recherche-baggy-wanted\/#primaryimage"},"image":{"@id":"https:\/\/boutique-one-piece.com\/avis-de-recherche-one-piece\/avis-de-recherche-baggy-wanted\/#primaryimage"},"thumbnailUrl":"https:\/\/boutique-one-piece.com\/wp-content\/uploads\/2022\/09\/Avis-De-Recherche-Baggy-Wanted-1.jpg","datePublished":"2022-09-27T20:54:38+00:00","dateModified":"2024-09-16T12:51:05+00:00","description":"\u00bfEres fan de los divertidos personajes de One Piece? Entonces d\u00e9jate convencer por este p\u00f3ster de &quot;Se busca Baggy&quot;. Baggy, tambi\u00e9n conocido como &quot;Buggy el Payaso&quot;, es un pirata que aparece con frecuencia en la historia actual de One Piece. Es el primer enemigo de Luffy como pirata, y sus caminos se cruzar\u00e1n...","breadcrumb":{"@id":"https:\/\/boutique-one-piece.com\/avis-de-recherche-one-piece\/avis-de-recherche-baggy-wanted\/#breadcrumb"},"inLanguage":"es","potentialAction":[{"@type":"ReadAction","target":["https:\/\/boutique-one-piece.com\/avis-de-recherche-one-piece\/avis-de-recherche-baggy-wanted\/"]}]},{"@type":"ImageObject","inLanguage":"es","@id":"https:\/\/boutique-one-piece.com\/avis-de-recherche-one-piece\/avis-de-recherche-baggy-wanted\/#primaryimage","url":"https:\/\/boutique-one-piece.com\/wp-content\/uploads\/2022\/09\/Avis-De-Recherche-Baggy-Wanted-1.jpg","contentUrl":"https:\/\/boutique-one-piece.com\/wp-content\/uploads\/2022\/09\/Avis-De-Recherche-Baggy-Wanted-1.jpg","width":800,"height":800},{"@type":"BreadcrumbList","@id":"https:\/\/boutique-one-piece.com\/avis-de-recherche-one-piece\/avis-de-recherche-baggy-wanted\/#breadcrumb","itemListElement":[{"@type":"ListItem","position":1,"name":"Home","item":"https:\/\/boutique-one-piece.com\/"},{"@type":"ListItem","position":2,"name":"Shop","item":"https:\/\/boutique-one-piece.com\/shop\/"},{"@type":"ListItem","position":3,"name":"Avis De Recherche Baggy Wanted"}]},{"@type":"WebSite","@id":"https:\/\/boutique-one-piece.com\/#website","url":"https:\/\/boutique-one-piece.com\/","name":"Tienda de One Piece","description":"Tienda especializada en manga y anime de One Piece","publisher":{"@id":"https:\/\/boutique-one-piece.com\/#organization"},"potentialAction":[{"@type":"SearchAction","target":{"@type":"EntryPoint","urlTemplate":"https:\/\/boutique-one-piece.com\/?s={search_term_string}"},"query-input":{"@type":"PropertyValueSpecification","valueRequired":true,"valueName":"search_term_string"}}],"inLanguage":"es"},{"@type":"Organization","@id":"https:\/\/boutique-one-piece.com\/#organization","name":"Tienda de One Piece","url":"https:\/\/boutique-one-piece.com\/","logo":{"@type":"ImageObject","inLanguage":"es","@id":"https:\/\/boutique-one-piece.com\/#\/schema\/logo\/image\/","url":"https:\/\/boutique-one-piece.com\/wp-content\/uploads\/2022\/09\/Logo-01.png","contentUrl":"https:\/\/boutique-one-piece.com\/wp-content\/uploads\/2022\/09\/Logo-01.png","width":2318,"height":957,"caption":"Boutique One Piece"},"image":{"@id":"https:\/\/boutique-one-piece.com\/#\/schema\/logo\/image\/"}}]}},"_links":{"self":[{"href":"https:\/\/boutique-one-piece.com\/es\/wp-json\/wp\/v2\/product\/12277","targetHints":{"allow":["GET"]}}],"collection":[{"href":"https:\/\/boutique-one-piece.com\/es\/wp-json\/wp\/v2\/product"}],"about":[{"href":"https:\/\/boutique-one-piece.com\/es\/wp-json\/wp\/v2\/types\/product"}],"replies":[{"embeddable":true,"href":"https:\/\/boutique-one-piece.com\/es\/wp-json\/wp\/v2\/comments?post=12277"}],"wp:featuredmedia":[{"embeddable":true,"href":"https:\/\/boutique-one-piece.com\/es\/wp-json\/wp\/v2\/media\/12279"}],"wp:attachment":[{"href":"https:\/\/boutique-one-piece.com\/es\/wp-json\/wp\/v2\/media?parent=12277"}],"wp:term":[{"taxonomy":"product_brand","embeddable":true,"href":"https:\/\/boutique-one-piece.com\/es\/wp-json\/wp\/v2\/product_brand?post=12277"},{"taxonomy":"product_cat","embeddable":true,"href":"https:\/\/boutique-one-piece.com\/es\/wp-json\/wp\/v2\/product_cat?post=12277"},{"taxonomy":"product_tag","embeddable":true,"href":"https:\/\/boutique-one-piece.com\/es\/wp-json\/wp\/v2\/product_tag?post=12277"}],"curies":[{"name":"wp","href":"https:\/\/api.w.org\/{rel}","templated":true}]}}