{"id":12391,"date":"2022-09-27T20:55:32","date_gmt":"2022-09-27T20:55:32","guid":{"rendered":"https:\/\/boutique-one-piece.com\/uncategorized\/avis-de-recherche-one-piece-bartolomeo-wanted\/"},"modified":"2024-09-16T12:53:53","modified_gmt":"2024-09-16T12:53:53","slug":"cartel-de-busqueda-de-one-piece-se-busca-bartolomeo","status":"publish","type":"product","link":"https:\/\/boutique-one-piece.com\/es\/cartel-de-busqueda-de-one-piece\/cartel-de-busqueda-de-one-piece-se-busca-bartolomeo\/","title":{"rendered":"Aviso de b\u00fasqueda de Bartolomeo"},"content":{"rendered":"<h2>Tu cherches \u00e0 red\u00e9corer ta chambre ? Dans ce cas, laisse-toi tenter par l\u2019Avis de Recherche Bartolomeo Wanted.<\/h2>\n<p>Si te gusta lo que sucede en One Piece en el Nuevo Mundo, y especialmente en Dressrosa, deber\u00edas apreciar a Bartolomeo, quien es un <strong>capit\u00e1n<\/strong> et un rookie d\u2019une g\u00e9n\u00e9ration post\u00e9rieure \u00e0 celle de Luffy. C\u2019est un grand <strong>Fan de Luffy<\/strong> Quien presenci\u00f3 el fallido intento de ejecuci\u00f3n del Capit\u00e1n Buggy el Payaso en Loguetown. Cuando Luffy fue salvado por un rayo, Bartolemeo crey\u00f3 haber presenciado un milagro y de inmediato se convirti\u00f3 en su mayor fan.<\/p>\n<p>Bartolemo comi\u00f3 el fruto de la <strong>Bari Bari no mi<\/strong>, qui lui permet de cr\u00e9er des barri\u00e8res pour se prot\u00e9ger, mais il s\u2019en sert aussi en en entourant ses mains pour attaquer ses adversaires. Il est le commandant de la seconde flotte de la Grande Flotte de Mugiwara.<\/p>\n<h3>Con este poster fiel a los carteles de se busca de One Piece, Bartolomeo adornar\u00e1 con orgullo tu pared.<\/h3>\n<p>Decora tu dormitorio u oficina con este<strong> Cartel de &quot;Se busca&quot; de Bartolomeo<\/strong> que muestra la suma de 200 millones de Berry por su captura viva o muerta, esto agregar\u00e1 un toque de clase a tu manga favorito.<\/p>\n<p>Si te gustan nuestros carteles de Se busca, te deber\u00eda gustar este. <a href=\"https:\/\/boutique-one-piece.com\/es\/cartel-de-busqueda-de-one-piece\/productos\/aviso-de-busqueda-one-piece-monkey-d-luffy-se-busca\/\" target=\"_blank\" title=\"Cartel de Luffy buscado\" rel=\"noopener noreferrer\">Cartel de Luffy buscado<\/a>.<\/p>\n<h2>Informations sur l\u2019Affiche One Piece Wanted Bartolomeo<\/h2>\n<ul>\n<li><span><b><u>P\u00f3ster de Se busca de One Piece<\/u><\/b>\u00a0: v\u00e9ritable Avis De Recherche de l\u2019univers One Piece pour les vrais pirates<\/span><\/li>\n<\/ul>\n<ul>\n<li>\n<b><u>La bonificaci\u00f3n de Bartolomeo<\/u><\/b>\u00a0200.000.000 de bayas<\/li>\n<\/ul>\n<ul>\n<li><span><strong>Impresi\u00f3n de alta calidad<\/strong>\u00a0colores precisos<\/span><\/li>\n<\/ul>\n<ul>\n<li>\n<strong>Dimensi\u00f3n<\/strong>\u00a0:51 cm x 36 cm<\/li>\n<\/ul>\n<ul>\n<li><span><strong>ENTREGA GRATUITA<\/strong><\/span><\/li>\n<\/ul>","protected":false},"excerpt":{"rendered":"<p>Tu cherches \u00e0 red\u00e9corer ta chambre ? Dans ce cas, laisse-toi tenter par l\u2019Avis de Recherche Bartolomeo Wanted. Si tu aimes ce qui se passe dans One Piece au niveau du Nouveau Monde et plus particuli\u00e8rement \u00e0 Dressrosa, tu dois appr\u00e9cier Bartolomeo qui est un capitaine et un rookie d\u2019une g\u00e9n\u00e9ration post\u00e9rieure \u00e0 celle de [&hellip;]<\/p>","protected":false},"featured_media":12393,"comment_status":"open","ping_status":"open","template":"","meta":[],"product_brand":[],"product_cat":[171],"product_tag":[],"class_list":{"0":"post-12391","1":"product","2":"type-product","3":"status-publish","4":"has-post-thumbnail","6":"product_cat-avis-de-recherche-one-piece","8":"first","9":"instock","10":"purchasable","11":"product-type-simple"},"yoast_head":"<!-- This site is optimized with the Yoast SEO plugin v27.5 - https:\/\/yoast.com\/product\/yoast-seo-wordpress\/ -->\n<title>Avis de Recherche One Piece Bartolomeo Wanted | D\u00e9coration One Piece \u2013 Boutique One Piece<\/title>\n<meta name=\"description\" content=\"Tu cherches \u00e0 red\u00e9corer ta chambre ? Dans ce cas, laisse-toi tenter par l&#039;Avis de Recherche Bartolomeo Wanted. Si tu aimes ce qui se passe dans One Piece au niveau du Nouveau Monde et plus particuli\u00e8rement \u00e0 Dressrosa, tu dois appr\u00e9cier Bartolomeo qui est un capitaine et un rookie d&#039;une g\u00e9n\u00e9ration post\u00e9rieure \u00e0 celle d\" \/>\n<meta name=\"robots\" content=\"index, follow, max-snippet:-1, max-image-preview:large, max-video-preview:-1\" \/>\n<link rel=\"canonical\" href=\"https:\/\/boutique-one-piece.com\/es\/cartel-de-busqueda-de-one-piece\/cartel-de-busqueda-de-one-piece-se-busca-bartolomeo\/\" \/>\n<meta property=\"og:locale\" content=\"es_ES\" \/>\n<meta property=\"og:type\" content=\"article\" \/>\n<meta property=\"og:title\" content=\"Avis de Recherche One Piece Bartolomeo Wanted | D\u00e9coration One Piece \u2013 Boutique One Piece\" \/>\n<meta property=\"og:description\" content=\"Tu cherches \u00e0 red\u00e9corer ta chambre ? Dans ce cas, laisse-toi tenter par l&#039;Avis de Recherche Bartolomeo Wanted. Si tu aimes ce qui se passe dans One Piece au niveau du Nouveau Monde et plus particuli\u00e8rement \u00e0 Dressrosa, tu dois appr\u00e9cier Bartolomeo qui est un capitaine et un rookie d&#039;une g\u00e9n\u00e9ration post\u00e9rieure \u00e0 celle d\" \/>\n<meta property=\"og:url\" content=\"https:\/\/boutique-one-piece.com\/es\/cartel-de-busqueda-de-one-piece\/cartel-de-busqueda-de-one-piece-se-busca-bartolomeo\/\" \/>\n<meta property=\"og:site_name\" content=\"Boutique One Piece\" \/>\n<meta property=\"article:modified_time\" content=\"2024-09-16T12:53:53+00:00\" \/>\n<meta property=\"og:image\" content=\"https:\/\/boutique-one-piece.com\/wp-content\/uploads\/2022\/09\/Avis-de-Recherche-Bartolomeo-Wanted-1.jpg\" \/>\n\t<meta property=\"og:image:width\" content=\"800\" \/>\n\t<meta property=\"og:image:height\" content=\"800\" \/>\n\t<meta property=\"og:image:type\" content=\"image\/jpeg\" \/>\n<meta name=\"twitter:card\" content=\"summary_large_image\" \/>\n<meta name=\"twitter:label1\" content=\"Tiempo de lectura\" \/>\n\t<meta name=\"twitter:data1\" content=\"1 minuto\" \/>\n<script type=\"application\/ld+json\" class=\"yoast-schema-graph\">{\"@context\":\"https:\\\/\\\/schema.org\",\"@graph\":[{\"@type\":\"WebPage\",\"@id\":\"https:\\\/\\\/boutique-one-piece.com\\\/avis-de-recherche-one-piece\\\/avis-de-recherche-one-piece-bartolomeo-wanted\\\/\",\"url\":\"https:\\\/\\\/boutique-one-piece.com\\\/avis-de-recherche-one-piece\\\/avis-de-recherche-one-piece-bartolomeo-wanted\\\/\",\"name\":\"Avis de Recherche One Piece Bartolomeo Wanted | D\u00e9coration One Piece \u2013 Boutique One Piece\",\"isPartOf\":{\"@id\":\"https:\\\/\\\/boutique-one-piece.com\\\/#website\"},\"primaryImageOfPage\":{\"@id\":\"https:\\\/\\\/boutique-one-piece.com\\\/avis-de-recherche-one-piece\\\/avis-de-recherche-one-piece-bartolomeo-wanted\\\/#primaryimage\"},\"image\":{\"@id\":\"https:\\\/\\\/boutique-one-piece.com\\\/avis-de-recherche-one-piece\\\/avis-de-recherche-one-piece-bartolomeo-wanted\\\/#primaryimage\"},\"thumbnailUrl\":\"https:\\\/\\\/boutique-one-piece.com\\\/wp-content\\\/uploads\\\/2022\\\/09\\\/Avis-de-Recherche-Bartolomeo-Wanted-1.jpg\",\"datePublished\":\"2022-09-27T20:55:32+00:00\",\"dateModified\":\"2024-09-16T12:53:53+00:00\",\"description\":\"Tu cherches \u00e0 red\u00e9corer ta chambre ? Dans ce cas, laisse-toi tenter par l'Avis de Recherche Bartolomeo Wanted. Si tu aimes ce qui se passe dans One Piece au niveau du Nouveau Monde et plus particuli\u00e8rement \u00e0 Dressrosa, tu dois appr\u00e9cier Bartolomeo qui est un capitaine et un rookie d'une g\u00e9n\u00e9ration post\u00e9rieure \u00e0 celle d\",\"breadcrumb\":{\"@id\":\"https:\\\/\\\/boutique-one-piece.com\\\/avis-de-recherche-one-piece\\\/avis-de-recherche-one-piece-bartolomeo-wanted\\\/#breadcrumb\"},\"inLanguage\":\"es\",\"potentialAction\":[{\"@type\":\"ReadAction\",\"target\":[\"https:\\\/\\\/boutique-one-piece.com\\\/avis-de-recherche-one-piece\\\/avis-de-recherche-one-piece-bartolomeo-wanted\\\/\"]}]},{\"@type\":\"ImageObject\",\"inLanguage\":\"es\",\"@id\":\"https:\\\/\\\/boutique-one-piece.com\\\/avis-de-recherche-one-piece\\\/avis-de-recherche-one-piece-bartolomeo-wanted\\\/#primaryimage\",\"url\":\"https:\\\/\\\/boutique-one-piece.com\\\/wp-content\\\/uploads\\\/2022\\\/09\\\/Avis-de-Recherche-Bartolomeo-Wanted-1.jpg\",\"contentUrl\":\"https:\\\/\\\/boutique-one-piece.com\\\/wp-content\\\/uploads\\\/2022\\\/09\\\/Avis-de-Recherche-Bartolomeo-Wanted-1.jpg\",\"width\":800,\"height\":800},{\"@type\":\"BreadcrumbList\",\"@id\":\"https:\\\/\\\/boutique-one-piece.com\\\/avis-de-recherche-one-piece\\\/avis-de-recherche-one-piece-bartolomeo-wanted\\\/#breadcrumb\",\"itemListElement\":[{\"@type\":\"ListItem\",\"position\":1,\"name\":\"Home\",\"item\":\"https:\\\/\\\/boutique-one-piece.com\\\/\"},{\"@type\":\"ListItem\",\"position\":2,\"name\":\"Shop\",\"item\":\"https:\\\/\\\/boutique-one-piece.com\\\/shop\\\/\"},{\"@type\":\"ListItem\",\"position\":3,\"name\":\"Avis de Recherche Bartolomeo Wanted\"}]},{\"@type\":\"WebSite\",\"@id\":\"https:\\\/\\\/boutique-one-piece.com\\\/#website\",\"url\":\"https:\\\/\\\/boutique-one-piece.com\\\/\",\"name\":\"Boutique One Piece\",\"description\":\"Magasin Sp\u00e9cialis\u00e9 du Manga et l&#039;Anime One Piece\",\"publisher\":{\"@id\":\"https:\\\/\\\/boutique-one-piece.com\\\/#organization\"},\"potentialAction\":[{\"@type\":\"SearchAction\",\"target\":{\"@type\":\"EntryPoint\",\"urlTemplate\":\"https:\\\/\\\/boutique-one-piece.com\\\/?s={search_term_string}\"},\"query-input\":{\"@type\":\"PropertyValueSpecification\",\"valueRequired\":true,\"valueName\":\"search_term_string\"}}],\"inLanguage\":\"es\"},{\"@type\":\"Organization\",\"@id\":\"https:\\\/\\\/boutique-one-piece.com\\\/#organization\",\"name\":\"Boutique One Piece\",\"url\":\"https:\\\/\\\/boutique-one-piece.com\\\/\",\"logo\":{\"@type\":\"ImageObject\",\"inLanguage\":\"es\",\"@id\":\"https:\\\/\\\/boutique-one-piece.com\\\/#\\\/schema\\\/logo\\\/image\\\/\",\"url\":\"https:\\\/\\\/boutique-one-piece.com\\\/wp-content\\\/uploads\\\/2022\\\/09\\\/Logo-01.png\",\"contentUrl\":\"https:\\\/\\\/boutique-one-piece.com\\\/wp-content\\\/uploads\\\/2022\\\/09\\\/Logo-01.png\",\"width\":2318,\"height\":957,\"caption\":\"Boutique One Piece\"},\"image\":{\"@id\":\"https:\\\/\\\/boutique-one-piece.com\\\/#\\\/schema\\\/logo\\\/image\\\/\"}}]}<\/script>\n<!-- \/ Yoast SEO plugin. -->","yoast_head_json":{"title":"Aviso de b\u00fasqueda de One Piece: Se busca Bartolomeo | Decoraciones de One Piece \u2013 Tienda de One Piece","description":"\u00bfQuieres redecorar tu habitaci\u00f3n? Entonces echa un vistazo al p\u00f3ster de &quot;Se busca Bartolomeo&quot;. Si eres fan de la serie &quot;El Nuevo Mundo&quot; de One Piece, especialmente de Dressrosa, te encantar\u00e1 Bartolomeo, un capit\u00e1n y novato de una generaci\u00f3n posterior.","robots":{"index":"index","follow":"follow","max-snippet":"max-snippet:-1","max-image-preview":"max-image-preview:large","max-video-preview":"max-video-preview:-1"},"canonical":"https:\/\/boutique-one-piece.com\/es\/cartel-de-busqueda-de-one-piece\/cartel-de-busqueda-de-one-piece-se-busca-bartolomeo\/","og_locale":"es_ES","og_type":"article","og_title":"Avis de Recherche One Piece Bartolomeo Wanted | D\u00e9coration One Piece \u2013 Boutique One Piece","og_description":"Tu cherches \u00e0 red\u00e9corer ta chambre ? Dans ce cas, laisse-toi tenter par l'Avis de Recherche Bartolomeo Wanted. Si tu aimes ce qui se passe dans One Piece au niveau du Nouveau Monde et plus particuli\u00e8rement \u00e0 Dressrosa, tu dois appr\u00e9cier Bartolomeo qui est un capitaine et un rookie d'une g\u00e9n\u00e9ration post\u00e9rieure \u00e0 celle d","og_url":"https:\/\/boutique-one-piece.com\/es\/cartel-de-busqueda-de-one-piece\/cartel-de-busqueda-de-one-piece-se-busca-bartolomeo\/","og_site_name":"Boutique One Piece","article_modified_time":"2024-09-16T12:53:53+00:00","og_image":[{"width":800,"height":800,"url":"https:\/\/boutique-one-piece.com\/wp-content\/uploads\/2022\/09\/Avis-de-Recherche-Bartolomeo-Wanted-1.jpg","type":"image\/jpeg"}],"twitter_card":"summary_large_image","twitter_misc":{"Tiempo de lectura":"1 minuto"},"schema":{"@context":"https:\/\/schema.org","@graph":[{"@type":"WebPage","@id":"https:\/\/boutique-one-piece.com\/avis-de-recherche-one-piece\/avis-de-recherche-one-piece-bartolomeo-wanted\/","url":"https:\/\/boutique-one-piece.com\/avis-de-recherche-one-piece\/avis-de-recherche-one-piece-bartolomeo-wanted\/","name":"Aviso de b\u00fasqueda de One Piece: Se busca Bartolomeo | Decoraciones de One Piece \u2013 Tienda de One Piece","isPartOf":{"@id":"https:\/\/boutique-one-piece.com\/#website"},"primaryImageOfPage":{"@id":"https:\/\/boutique-one-piece.com\/avis-de-recherche-one-piece\/avis-de-recherche-one-piece-bartolomeo-wanted\/#primaryimage"},"image":{"@id":"https:\/\/boutique-one-piece.com\/avis-de-recherche-one-piece\/avis-de-recherche-one-piece-bartolomeo-wanted\/#primaryimage"},"thumbnailUrl":"https:\/\/boutique-one-piece.com\/wp-content\/uploads\/2022\/09\/Avis-de-Recherche-Bartolomeo-Wanted-1.jpg","datePublished":"2022-09-27T20:55:32+00:00","dateModified":"2024-09-16T12:53:53+00:00","description":"\u00bfQuieres redecorar tu habitaci\u00f3n? Entonces echa un vistazo al p\u00f3ster de &quot;Se busca Bartolomeo&quot;. Si eres fan de la serie &quot;El Nuevo Mundo&quot; de One Piece, especialmente de Dressrosa, te encantar\u00e1 Bartolomeo, un capit\u00e1n y novato de una generaci\u00f3n posterior.","breadcrumb":{"@id":"https:\/\/boutique-one-piece.com\/avis-de-recherche-one-piece\/avis-de-recherche-one-piece-bartolomeo-wanted\/#breadcrumb"},"inLanguage":"es","potentialAction":[{"@type":"ReadAction","target":["https:\/\/boutique-one-piece.com\/avis-de-recherche-one-piece\/avis-de-recherche-one-piece-bartolomeo-wanted\/"]}]},{"@type":"ImageObject","inLanguage":"es","@id":"https:\/\/boutique-one-piece.com\/avis-de-recherche-one-piece\/avis-de-recherche-one-piece-bartolomeo-wanted\/#primaryimage","url":"https:\/\/boutique-one-piece.com\/wp-content\/uploads\/2022\/09\/Avis-de-Recherche-Bartolomeo-Wanted-1.jpg","contentUrl":"https:\/\/boutique-one-piece.com\/wp-content\/uploads\/2022\/09\/Avis-de-Recherche-Bartolomeo-Wanted-1.jpg","width":800,"height":800},{"@type":"BreadcrumbList","@id":"https:\/\/boutique-one-piece.com\/avis-de-recherche-one-piece\/avis-de-recherche-one-piece-bartolomeo-wanted\/#breadcrumb","itemListElement":[{"@type":"ListItem","position":1,"name":"Home","item":"https:\/\/boutique-one-piece.com\/"},{"@type":"ListItem","position":2,"name":"Shop","item":"https:\/\/boutique-one-piece.com\/shop\/"},{"@type":"ListItem","position":3,"name":"Avis de Recherche Bartolomeo Wanted"}]},{"@type":"WebSite","@id":"https:\/\/boutique-one-piece.com\/#website","url":"https:\/\/boutique-one-piece.com\/","name":"Tienda de One Piece","description":"Tienda especializada en manga y anime de One Piece","publisher":{"@id":"https:\/\/boutique-one-piece.com\/#organization"},"potentialAction":[{"@type":"SearchAction","target":{"@type":"EntryPoint","urlTemplate":"https:\/\/boutique-one-piece.com\/?s={search_term_string}"},"query-input":{"@type":"PropertyValueSpecification","valueRequired":true,"valueName":"search_term_string"}}],"inLanguage":"es"},{"@type":"Organization","@id":"https:\/\/boutique-one-piece.com\/#organization","name":"Tienda de One Piece","url":"https:\/\/boutique-one-piece.com\/","logo":{"@type":"ImageObject","inLanguage":"es","@id":"https:\/\/boutique-one-piece.com\/#\/schema\/logo\/image\/","url":"https:\/\/boutique-one-piece.com\/wp-content\/uploads\/2022\/09\/Logo-01.png","contentUrl":"https:\/\/boutique-one-piece.com\/wp-content\/uploads\/2022\/09\/Logo-01.png","width":2318,"height":957,"caption":"Boutique One Piece"},"image":{"@id":"https:\/\/boutique-one-piece.com\/#\/schema\/logo\/image\/"}}]}},"_links":{"self":[{"href":"https:\/\/boutique-one-piece.com\/es\/wp-json\/wp\/v2\/product\/12391","targetHints":{"allow":["GET"]}}],"collection":[{"href":"https:\/\/boutique-one-piece.com\/es\/wp-json\/wp\/v2\/product"}],"about":[{"href":"https:\/\/boutique-one-piece.com\/es\/wp-json\/wp\/v2\/types\/product"}],"replies":[{"embeddable":true,"href":"https:\/\/boutique-one-piece.com\/es\/wp-json\/wp\/v2\/comments?post=12391"}],"wp:featuredmedia":[{"embeddable":true,"href":"https:\/\/boutique-one-piece.com\/es\/wp-json\/wp\/v2\/media\/12393"}],"wp:attachment":[{"href":"https:\/\/boutique-one-piece.com\/es\/wp-json\/wp\/v2\/media?parent=12391"}],"wp:term":[{"taxonomy":"product_brand","embeddable":true,"href":"https:\/\/boutique-one-piece.com\/es\/wp-json\/wp\/v2\/product_brand?post=12391"},{"taxonomy":"product_cat","embeddable":true,"href":"https:\/\/boutique-one-piece.com\/es\/wp-json\/wp\/v2\/product_cat?post=12391"},{"taxonomy":"product_tag","embeddable":true,"href":"https:\/\/boutique-one-piece.com\/es\/wp-json\/wp\/v2\/product_tag?post=12391"}],"curies":[{"name":"wp","href":"https:\/\/api.w.org\/{rel}","templated":true}]}}