{"id":12500,"date":"2022-09-27T20:56:13","date_gmt":"2022-09-27T20:56:13","guid":{"rendered":"https:\/\/boutique-one-piece.com\/uncategorized\/avis-de-recherche-shimotsuki-ryuma-wanted\/"},"modified":"2024-09-16T12:56:20","modified_gmt":"2024-09-16T12:56:20","slug":"queria-aviso-shimotsuki-ryuma-queria","status":"publish","type":"product","link":"https:\/\/boutique-one-piece.com\/es\/cartel-de-busqueda-de-one-piece\/queria-aviso-shimotsuki-ryuma-queria\/","title":{"rendered":"Aviso de b\u00fasqueda Se busca a Shimotsuki Ryuma"},"content":{"rendered":"<h2>Jeune Moussaillon, le moment est venu pour toi de faire l\u2019acquisition de cet Avis De Recherche Shimotsuki Ryuma Wanted.<\/h2>\n<p>Como recordatorio, <strong>ryuma<\/strong> \u00e9tait un Samoura\u00ef du Pays des Wa dans le Nouveau Monde qui est mort et qui a \u00e9t\u00e9 l\u2019un des G\u00e9n\u00e9raux Zombies cr\u00e9\u00e9 par le Dr. Hogback \u00e0 Thriller Bark. Il a poss\u00e9d\u00e9 <strong>l\u2019ombre de Brook<\/strong> pendant 5 ans. D\u2019ailleurs, tu peux d\u2019ores et d\u00e9j\u00e0 mettre la main sur l\u0092<a title=\"AVISO DE SE BUSCA BROOK\" href=\"https:\/\/boutique-one-piece.com\/es\/cartel-de-se-busca-brook\/\" target=\"_blank\" rel=\"noopener\">Cartel de &quot;Se busca Brook&quot;<\/a>.<\/p>\n<p>Pour en revenir \u00e0 Ryuma voici une annecdote le concernant ; Il a la personnalit\u00e9 de Brook, car il poss\u00e8de son ombre, mais malgr\u00e9 le fait qu\u2019il soit un zombie, il garde son ancienne \u00e2me de samoura\u00ef et sait reconna\u00eetre le talent de son adversaire, comme lors de son combat avec <strong>Zoro<\/strong>.<\/p>\n<h3>Alors, qu\u2019attends-tu ? Procure-toi sans plus attendre l\u2019avis de recherche de Shimotsuki Ryuma. Comme tu peux le voir, sa prime s\u2019\u00e9l\u00e8ve \u00e0 1.400.000.000 Berry. Cette affiche est r\u00e9serv\u00e9e uniquement aux vrais pirates.<\/h3>\n<p><strong>Una pieza<\/strong> Es el manga m\u00e1s vendido del mundo. Si\u00e9ntete orgulloso de formar parte de este movimiento y contin\u00faa expresando tu pasi\u00f3n por este universo. Consigue estos art\u00edculos legendarios y ampliados. <strong>tu universo de One Piece<\/strong>. Tu destino como joven pirata est\u00e1 en tus manos.<\/p>\n<h2>Informations sur l\u2019Affiche One Piece Wanted\u00a0Samurai\u00a0Ryuma<\/h2>\n<ul>\n<li><span><b><u>P\u00f3ster de Se busca de One Piece<\/u><\/b>\u00a0: v\u00e9ritable Avis De Recherche de l\u2019univers One Piece pour les vrais pirates<\/span><\/li>\n<\/ul>\n<ul>\n<li>\n<b><u>Recompensa de Shimotsuki Ryuma<\/u><\/b>\u00a01.400.000.000 bayas<\/li>\n<\/ul>\n<ul>\n<li><span><strong>Impresi\u00f3n de alta calidad<\/strong>\u00a0colores precisos<\/span><\/li>\n<\/ul>\n<ul>\n<li>\n<strong>Dimensi\u00f3n<\/strong>\u00a0:51 cm x 36 cm<\/li>\n<\/ul>\n<ul>\n<li><span><strong>ENTREGA GRATUITA<\/strong><\/span><\/li>\n<\/ul>","protected":false},"excerpt":{"rendered":"<p>Jeune Moussaillon, le moment est venu pour toi de faire l\u2019acquisition de cet Avis De Recherche Shimotsuki Ryuma Wanted. Pour rappel, Ryuma \u00e9tait un Samoura\u00ef du Pays des Wa dans le Nouveau Monde qui est mort et qui a \u00e9t\u00e9 l\u2019un des G\u00e9n\u00e9raux Zombies cr\u00e9\u00e9 par le Dr. Hogback \u00e0 Thriller Bark. Il a poss\u00e9d\u00e9 [&hellip;]<\/p>","protected":false},"featured_media":12502,"comment_status":"open","ping_status":"open","template":"","meta":[],"product_brand":[],"product_cat":[171],"product_tag":[372],"class_list":{"0":"post-12500","1":"product","2":"type-product","3":"status-publish","4":"has-post-thumbnail","6":"product_cat-avis-de-recherche-one-piece","7":"product_tag-shimotsuki-ryuma","9":"first","10":"instock","11":"purchasable","12":"product-type-simple"},"yoast_head":"<!-- This site is optimized with the Yoast SEO plugin v27.5 - https:\/\/yoast.com\/product\/yoast-seo-wordpress\/ -->\n<title>Avis De Recherche Shimotsuki Ryuma Wanted | Boutique One Piece<\/title>\n<meta name=\"description\" content=\"Jeune Moussaillon, le moment est venu pour toi de faire l&#039;acquisition de cet Avis De Recherche Shimotsuki Ryuma Wanted. Pour rappel, Ryuma \u00e9tait un Samoura\u00ef du Pays des Wa dans le Nouveau Monde qui est mort et qui a \u00e9t\u00e9 l&#039;un des G\u00e9n\u00e9raux Zombies cr\u00e9\u00e9 par le Dr. Hogback \u00e0 Thriller Bark. Il a poss\u00e9d\u00e9 l&#039;ombre de Brook pen\" \/>\n<meta name=\"robots\" content=\"index, follow, max-snippet:-1, max-image-preview:large, max-video-preview:-1\" \/>\n<link rel=\"canonical\" href=\"https:\/\/boutique-one-piece.com\/es\/cartel-de-busqueda-de-one-piece\/queria-aviso-shimotsuki-ryuma-queria\/\" \/>\n<meta property=\"og:locale\" content=\"es_ES\" \/>\n<meta property=\"og:type\" content=\"article\" \/>\n<meta property=\"og:title\" content=\"Avis De Recherche Shimotsuki Ryuma Wanted | Boutique One Piece\" \/>\n<meta property=\"og:description\" content=\"Jeune Moussaillon, le moment est venu pour toi de faire l&#039;acquisition de cet Avis De Recherche Shimotsuki Ryuma Wanted. Pour rappel, Ryuma \u00e9tait un Samoura\u00ef du Pays des Wa dans le Nouveau Monde qui est mort et qui a \u00e9t\u00e9 l&#039;un des G\u00e9n\u00e9raux Zombies cr\u00e9\u00e9 par le Dr. Hogback \u00e0 Thriller Bark. Il a poss\u00e9d\u00e9 l&#039;ombre de Brook pen\" \/>\n<meta property=\"og:url\" content=\"https:\/\/boutique-one-piece.com\/es\/cartel-de-busqueda-de-one-piece\/queria-aviso-shimotsuki-ryuma-queria\/\" \/>\n<meta property=\"og:site_name\" content=\"Boutique One Piece\" \/>\n<meta property=\"article:modified_time\" content=\"2024-09-16T12:56:20+00:00\" \/>\n<meta property=\"og:image\" content=\"https:\/\/boutique-one-piece.com\/wp-content\/uploads\/2022\/09\/Avis-De-Recherche-Shimotsuki-Ryuma-Wanted-1.jpg\" \/>\n\t<meta property=\"og:image:width\" content=\"796\" \/>\n\t<meta property=\"og:image:height\" content=\"798\" \/>\n\t<meta property=\"og:image:type\" content=\"image\/jpeg\" \/>\n<meta name=\"twitter:card\" content=\"summary_large_image\" \/>\n<meta name=\"twitter:label1\" content=\"Tiempo de lectura\" \/>\n\t<meta name=\"twitter:data1\" content=\"1 minuto\" \/>\n<script type=\"application\/ld+json\" class=\"yoast-schema-graph\">{\"@context\":\"https:\\\/\\\/schema.org\",\"@graph\":[{\"@type\":\"WebPage\",\"@id\":\"https:\\\/\\\/boutique-one-piece.com\\\/avis-de-recherche-one-piece\\\/avis-de-recherche-shimotsuki-ryuma-wanted\\\/\",\"url\":\"https:\\\/\\\/boutique-one-piece.com\\\/avis-de-recherche-one-piece\\\/avis-de-recherche-shimotsuki-ryuma-wanted\\\/\",\"name\":\"Avis De Recherche Shimotsuki Ryuma Wanted | Boutique One Piece\",\"isPartOf\":{\"@id\":\"https:\\\/\\\/boutique-one-piece.com\\\/#website\"},\"primaryImageOfPage\":{\"@id\":\"https:\\\/\\\/boutique-one-piece.com\\\/avis-de-recherche-one-piece\\\/avis-de-recherche-shimotsuki-ryuma-wanted\\\/#primaryimage\"},\"image\":{\"@id\":\"https:\\\/\\\/boutique-one-piece.com\\\/avis-de-recherche-one-piece\\\/avis-de-recherche-shimotsuki-ryuma-wanted\\\/#primaryimage\"},\"thumbnailUrl\":\"https:\\\/\\\/boutique-one-piece.com\\\/wp-content\\\/uploads\\\/2022\\\/09\\\/Avis-De-Recherche-Shimotsuki-Ryuma-Wanted-1.jpg\",\"datePublished\":\"2022-09-27T20:56:13+00:00\",\"dateModified\":\"2024-09-16T12:56:20+00:00\",\"description\":\"Jeune Moussaillon, le moment est venu pour toi de faire l'acquisition de cet Avis De Recherche Shimotsuki Ryuma Wanted. Pour rappel, Ryuma \u00e9tait un Samoura\u00ef du Pays des Wa dans le Nouveau Monde qui est mort et qui a \u00e9t\u00e9 l'un des G\u00e9n\u00e9raux Zombies cr\u00e9\u00e9 par le Dr. Hogback \u00e0 Thriller Bark. Il a poss\u00e9d\u00e9 l'ombre de Brook pen\",\"breadcrumb\":{\"@id\":\"https:\\\/\\\/boutique-one-piece.com\\\/avis-de-recherche-one-piece\\\/avis-de-recherche-shimotsuki-ryuma-wanted\\\/#breadcrumb\"},\"inLanguage\":\"es\",\"potentialAction\":[{\"@type\":\"ReadAction\",\"target\":[\"https:\\\/\\\/boutique-one-piece.com\\\/avis-de-recherche-one-piece\\\/avis-de-recherche-shimotsuki-ryuma-wanted\\\/\"]}]},{\"@type\":\"ImageObject\",\"inLanguage\":\"es\",\"@id\":\"https:\\\/\\\/boutique-one-piece.com\\\/avis-de-recherche-one-piece\\\/avis-de-recherche-shimotsuki-ryuma-wanted\\\/#primaryimage\",\"url\":\"https:\\\/\\\/boutique-one-piece.com\\\/wp-content\\\/uploads\\\/2022\\\/09\\\/Avis-De-Recherche-Shimotsuki-Ryuma-Wanted-1.jpg\",\"contentUrl\":\"https:\\\/\\\/boutique-one-piece.com\\\/wp-content\\\/uploads\\\/2022\\\/09\\\/Avis-De-Recherche-Shimotsuki-Ryuma-Wanted-1.jpg\",\"width\":796,\"height\":798},{\"@type\":\"BreadcrumbList\",\"@id\":\"https:\\\/\\\/boutique-one-piece.com\\\/avis-de-recherche-one-piece\\\/avis-de-recherche-shimotsuki-ryuma-wanted\\\/#breadcrumb\",\"itemListElement\":[{\"@type\":\"ListItem\",\"position\":1,\"name\":\"Home\",\"item\":\"https:\\\/\\\/boutique-one-piece.com\\\/\"},{\"@type\":\"ListItem\",\"position\":2,\"name\":\"Shop\",\"item\":\"https:\\\/\\\/boutique-one-piece.com\\\/shop\\\/\"},{\"@type\":\"ListItem\",\"position\":3,\"name\":\"Avis De Recherche Shimotsuki Ryuma Wanted\"}]},{\"@type\":\"WebSite\",\"@id\":\"https:\\\/\\\/boutique-one-piece.com\\\/#website\",\"url\":\"https:\\\/\\\/boutique-one-piece.com\\\/\",\"name\":\"Boutique One Piece\",\"description\":\"Magasin Sp\u00e9cialis\u00e9 du Manga et l&#039;Anime One Piece\",\"publisher\":{\"@id\":\"https:\\\/\\\/boutique-one-piece.com\\\/#organization\"},\"potentialAction\":[{\"@type\":\"SearchAction\",\"target\":{\"@type\":\"EntryPoint\",\"urlTemplate\":\"https:\\\/\\\/boutique-one-piece.com\\\/?s={search_term_string}\"},\"query-input\":{\"@type\":\"PropertyValueSpecification\",\"valueRequired\":true,\"valueName\":\"search_term_string\"}}],\"inLanguage\":\"es\"},{\"@type\":\"Organization\",\"@id\":\"https:\\\/\\\/boutique-one-piece.com\\\/#organization\",\"name\":\"Boutique One Piece\",\"url\":\"https:\\\/\\\/boutique-one-piece.com\\\/\",\"logo\":{\"@type\":\"ImageObject\",\"inLanguage\":\"es\",\"@id\":\"https:\\\/\\\/boutique-one-piece.com\\\/#\\\/schema\\\/logo\\\/image\\\/\",\"url\":\"https:\\\/\\\/boutique-one-piece.com\\\/wp-content\\\/uploads\\\/2022\\\/09\\\/Logo-01.png\",\"contentUrl\":\"https:\\\/\\\/boutique-one-piece.com\\\/wp-content\\\/uploads\\\/2022\\\/09\\\/Logo-01.png\",\"width\":2318,\"height\":957,\"caption\":\"Boutique One Piece\"},\"image\":{\"@id\":\"https:\\\/\\\/boutique-one-piece.com\\\/#\\\/schema\\\/logo\\\/image\\\/\"}}]}<\/script>\n<!-- \/ Yoast SEO plugin. -->","yoast_head_json":{"title":"Aviso de b\u00fasqueda: Shimotsuki Ryuma | Tienda de una pieza","description":"Joven marinero, ha llegado el momento de que adquieras este p\u00f3ster de &quot;Se busca&quot; de Shimotsuki Ryuma. Te recordamos que Ryuma era un samur\u00e1i del Pa\u00eds de Wano en el Nuevo Mundo que muri\u00f3 y fue uno de los generales zombis creados por el Dr. Hogback en Thriller Bark. Pose\u00eda la sombra de Brook.","robots":{"index":"index","follow":"follow","max-snippet":"max-snippet:-1","max-image-preview":"max-image-preview:large","max-video-preview":"max-video-preview:-1"},"canonical":"https:\/\/boutique-one-piece.com\/es\/cartel-de-busqueda-de-one-piece\/queria-aviso-shimotsuki-ryuma-queria\/","og_locale":"es_ES","og_type":"article","og_title":"Avis De Recherche Shimotsuki Ryuma Wanted | Boutique One Piece","og_description":"Jeune Moussaillon, le moment est venu pour toi de faire l'acquisition de cet Avis De Recherche Shimotsuki Ryuma Wanted. Pour rappel, Ryuma \u00e9tait un Samoura\u00ef du Pays des Wa dans le Nouveau Monde qui est mort et qui a \u00e9t\u00e9 l'un des G\u00e9n\u00e9raux Zombies cr\u00e9\u00e9 par le Dr. Hogback \u00e0 Thriller Bark. Il a poss\u00e9d\u00e9 l'ombre de Brook pen","og_url":"https:\/\/boutique-one-piece.com\/es\/cartel-de-busqueda-de-one-piece\/queria-aviso-shimotsuki-ryuma-queria\/","og_site_name":"Boutique One Piece","article_modified_time":"2024-09-16T12:56:20+00:00","og_image":[{"width":796,"height":798,"url":"https:\/\/boutique-one-piece.com\/wp-content\/uploads\/2022\/09\/Avis-De-Recherche-Shimotsuki-Ryuma-Wanted-1.jpg","type":"image\/jpeg"}],"twitter_card":"summary_large_image","twitter_misc":{"Tiempo de lectura":"1 minuto"},"schema":{"@context":"https:\/\/schema.org","@graph":[{"@type":"WebPage","@id":"https:\/\/boutique-one-piece.com\/avis-de-recherche-one-piece\/avis-de-recherche-shimotsuki-ryuma-wanted\/","url":"https:\/\/boutique-one-piece.com\/avis-de-recherche-one-piece\/avis-de-recherche-shimotsuki-ryuma-wanted\/","name":"Aviso de b\u00fasqueda: Shimotsuki Ryuma | Tienda de una pieza","isPartOf":{"@id":"https:\/\/boutique-one-piece.com\/#website"},"primaryImageOfPage":{"@id":"https:\/\/boutique-one-piece.com\/avis-de-recherche-one-piece\/avis-de-recherche-shimotsuki-ryuma-wanted\/#primaryimage"},"image":{"@id":"https:\/\/boutique-one-piece.com\/avis-de-recherche-one-piece\/avis-de-recherche-shimotsuki-ryuma-wanted\/#primaryimage"},"thumbnailUrl":"https:\/\/boutique-one-piece.com\/wp-content\/uploads\/2022\/09\/Avis-De-Recherche-Shimotsuki-Ryuma-Wanted-1.jpg","datePublished":"2022-09-27T20:56:13+00:00","dateModified":"2024-09-16T12:56:20+00:00","description":"Joven marinero, ha llegado el momento de que adquieras este p\u00f3ster de &quot;Se busca&quot; de Shimotsuki Ryuma. Te recordamos que Ryuma era un samur\u00e1i del Pa\u00eds de Wano en el Nuevo Mundo que muri\u00f3 y fue uno de los generales zombis creados por el Dr. Hogback en Thriller Bark. Pose\u00eda la sombra de Brook.","breadcrumb":{"@id":"https:\/\/boutique-one-piece.com\/avis-de-recherche-one-piece\/avis-de-recherche-shimotsuki-ryuma-wanted\/#breadcrumb"},"inLanguage":"es","potentialAction":[{"@type":"ReadAction","target":["https:\/\/boutique-one-piece.com\/avis-de-recherche-one-piece\/avis-de-recherche-shimotsuki-ryuma-wanted\/"]}]},{"@type":"ImageObject","inLanguage":"es","@id":"https:\/\/boutique-one-piece.com\/avis-de-recherche-one-piece\/avis-de-recherche-shimotsuki-ryuma-wanted\/#primaryimage","url":"https:\/\/boutique-one-piece.com\/wp-content\/uploads\/2022\/09\/Avis-De-Recherche-Shimotsuki-Ryuma-Wanted-1.jpg","contentUrl":"https:\/\/boutique-one-piece.com\/wp-content\/uploads\/2022\/09\/Avis-De-Recherche-Shimotsuki-Ryuma-Wanted-1.jpg","width":796,"height":798},{"@type":"BreadcrumbList","@id":"https:\/\/boutique-one-piece.com\/avis-de-recherche-one-piece\/avis-de-recherche-shimotsuki-ryuma-wanted\/#breadcrumb","itemListElement":[{"@type":"ListItem","position":1,"name":"Home","item":"https:\/\/boutique-one-piece.com\/"},{"@type":"ListItem","position":2,"name":"Shop","item":"https:\/\/boutique-one-piece.com\/shop\/"},{"@type":"ListItem","position":3,"name":"Avis De Recherche Shimotsuki Ryuma Wanted"}]},{"@type":"WebSite","@id":"https:\/\/boutique-one-piece.com\/#website","url":"https:\/\/boutique-one-piece.com\/","name":"Tienda de One Piece","description":"Tienda especializada en manga y anime de One Piece","publisher":{"@id":"https:\/\/boutique-one-piece.com\/#organization"},"potentialAction":[{"@type":"SearchAction","target":{"@type":"EntryPoint","urlTemplate":"https:\/\/boutique-one-piece.com\/?s={search_term_string}"},"query-input":{"@type":"PropertyValueSpecification","valueRequired":true,"valueName":"search_term_string"}}],"inLanguage":"es"},{"@type":"Organization","@id":"https:\/\/boutique-one-piece.com\/#organization","name":"Tienda de One Piece","url":"https:\/\/boutique-one-piece.com\/","logo":{"@type":"ImageObject","inLanguage":"es","@id":"https:\/\/boutique-one-piece.com\/#\/schema\/logo\/image\/","url":"https:\/\/boutique-one-piece.com\/wp-content\/uploads\/2022\/09\/Logo-01.png","contentUrl":"https:\/\/boutique-one-piece.com\/wp-content\/uploads\/2022\/09\/Logo-01.png","width":2318,"height":957,"caption":"Boutique One Piece"},"image":{"@id":"https:\/\/boutique-one-piece.com\/#\/schema\/logo\/image\/"}}]}},"_links":{"self":[{"href":"https:\/\/boutique-one-piece.com\/es\/wp-json\/wp\/v2\/product\/12500","targetHints":{"allow":["GET"]}}],"collection":[{"href":"https:\/\/boutique-one-piece.com\/es\/wp-json\/wp\/v2\/product"}],"about":[{"href":"https:\/\/boutique-one-piece.com\/es\/wp-json\/wp\/v2\/types\/product"}],"replies":[{"embeddable":true,"href":"https:\/\/boutique-one-piece.com\/es\/wp-json\/wp\/v2\/comments?post=12500"}],"wp:featuredmedia":[{"embeddable":true,"href":"https:\/\/boutique-one-piece.com\/es\/wp-json\/wp\/v2\/media\/12502"}],"wp:attachment":[{"href":"https:\/\/boutique-one-piece.com\/es\/wp-json\/wp\/v2\/media?parent=12500"}],"wp:term":[{"taxonomy":"product_brand","embeddable":true,"href":"https:\/\/boutique-one-piece.com\/es\/wp-json\/wp\/v2\/product_brand?post=12500"},{"taxonomy":"product_cat","embeddable":true,"href":"https:\/\/boutique-one-piece.com\/es\/wp-json\/wp\/v2\/product_cat?post=12500"},{"taxonomy":"product_tag","embeddable":true,"href":"https:\/\/boutique-one-piece.com\/es\/wp-json\/wp\/v2\/product_tag?post=12500"}],"curies":[{"name":"wp","href":"https:\/\/api.w.org\/{rel}","templated":true}]}}