{"id":13291,"date":"2022-09-27T21:02:01","date_gmt":"2022-09-27T21:02:01","guid":{"rendered":"https:\/\/boutique-one-piece.com\/uncategorized\/pull-a-capuche-one-piece-trafalgar-low\/"},"modified":"2024-09-16T15:23:39","modified_gmt":"2024-09-16T15:23:39","slug":"sueter-con-capucha-baja-trafalgar-de-una-pieza","status":"publish","type":"product","link":"https:\/\/boutique-one-piece.com\/es\/ropa-de-una-pieza\/sueteres-de-una-pieza\/sueter-con-capucha-baja-trafalgar-de-una-pieza\/","title":{"rendered":"Su\u00e9ter con capucha Trafalgar Low de One Piece"},"content":{"rendered":"<h2><b>Sudadera con capucha con el logotipo de Trafalgar D. Water Law de One Piece de alta calidad: \u00a1\u00fanete a los Piratas del Coraz\u00f3n, usa esta sudadera con capucha y convi\u00e9rtete en el Nakama de Law!<\/b><\/h2>\n<p><span><\/span><span><\/span><span><\/span><span><\/span><span><\/span><\/p>\n<ul><\/ul>\n<ul><\/ul>\n<ul>\n<li>\n<strong>Su\u00e9ter One Piece de alta calidad\u00a0<\/strong><span>:\u00a0<\/span>Tiene un peso elevado y est\u00e1 fabricado con materiales de calidad.<\/li>\n<\/ul>\n<ul>\n<li><span><strong>Gran flexibilidad\u00a0<\/strong>Gracias a su elasticidad no se arruga.<\/span><\/li>\n<\/ul>\n<ul>\n<li>\n<strong>Muy c\u00f3modo<span>\u00a0<\/span><\/strong>Con estas fibras de algod\u00f3n s\u00faper suaves, no hay rozaduras.<\/li>\n<\/ul>\n<ul>\n<li><span>Impresi\u00f3n digital 3D, dise\u00f1o original<\/span><\/li>\n<\/ul>\n<ul>\n<li><span><b>Algod\u00f3n<\/b><strong>\u00a0org\u00e1nico\u00a0<\/strong>Algod\u00f3n de alta calidad con fibras extralargas.<\/span><\/li>\n<\/ul>\n<ul>\n<li><span><strong>Entrega gratuita\u00a0<\/strong>para cualquier compra<strong>\u00a0<\/strong><\/span><\/li>\n<\/ul>\n<p><span>No te olvides de tirar\u00a0<\/span>Eche un vistazo a la gu\u00eda de tallas a continuaci\u00f3n.<\/p>\n<p><img decoding=\"async\" src=\"https:\/\/cdn.shopify.com\/s\/files\/1\/0087\/7556\/5348\/files\/boutque_one__piece__tableau__taille__pull_f532488a-6714-48f5-a98b-56bde6264406_large.jpg?v=1559838932\" alt=\"Gu\u00eda de tallas de la tienda One Piece\"><\/p>\n<h3>Instrucciones de lavado:<\/h3>\n<ul>\n<li>Lavado a m\u00e1quina a 30\u00b0C, ciclo delicado.<\/li>\n<\/ul>\n<ul>\n<li>Planchar del rev\u00e9s<\/li>\n<\/ul>\n<p>Para<span>\u00a0<\/span><strong>preservar la calidad<\/strong><span>\u00a0<\/span>de esto<span>\u00a0<strong>su\u00e9ter<\/strong><\/span><strong>\u00a0Una pieza<\/strong>, te recomendamos que<span>\u00a0<\/span><strong>respeto<\/strong><span>\u00a0<\/span>EL<span>\u00a0<\/span><strong>instrucciones de lavado<\/strong>.<\/p>","protected":false},"excerpt":{"rendered":"<p>Sudadera con capucha One Piece con el logotipo de Trafalgar D. Water Law - Alta calidad: \u00a1\u00danete a los Piratas del Coraz\u00f3n, ponte esta sudadera y convi\u00e9rtete en compa\u00f1ero de tripulaci\u00f3n de Law! Sudadera One Piece de calidad superior: materiales y tela de alta calidad. Altamente flexible: gracias a su elasticidad, no se arruga. Muy c\u00f3moda: con estas fibras [\u2026]<\/p>","protected":false},"featured_media":13293,"comment_status":"open","ping_status":"open","template":"","meta":[],"product_brand":[],"product_cat":[81,54],"product_tag":[82,83,84,393,85,86,87,88,89,91,90,303,182,93,94,98,99,100,101,103,394],"class_list":{"0":"post-13291","1":"product","2":"type-product","3":"status-publish","4":"has-post-thumbnail","6":"product_cat-pulls-one-piece","7":"product_cat-vetements-one-piece","8":"product_tag-100-coton","9":"product_tag-blanc","10":"product_tag-capuche","11":"product_tag-embleme","12":"product_tag-femme","13":"product_tag-gris","14":"product_tag-haute-qualite","15":"product_tag-homme","16":"product_tag-hoodie","17":"product_tag-impression-3d-manga","18":"product_tag-impression-par-sublimation","19":"product_tag-jolly-roger","20":"product_tag-logo","21":"product_tag-manche-longue","22":"product_tag-manga","23":"product_tag-noir","24":"product_tag-one-piece","25":"product_tag-pas-chere","26":"product_tag-pull","27":"product_tag-sweat","28":"product_tag-trafalgar-d-water-law","30":"first","31":"instock","32":"purchasable","33":"product-type-variable"},"yoast_head":"<!-- This site is optimized with the Yoast SEO plugin v27.5 - https:\/\/yoast.com\/product\/yoast-seo-wordpress\/ -->\n<title>Pull \u00e0 Capuche One Piece Trafalgar Low | Boutique One Piece<\/title>\n<meta name=\"description\" content=\"Pull \u00e0 Capuche One Piece Logo Trafalgar D. Water Law de Tr\u00e8s Haute Qualit\u00e9 : Rejoins l&#039;\u00c9quipage du Heart, Porte ce sweat et Deviens le Nakama du Capitaine Law !\" \/>\n<meta name=\"robots\" content=\"index, follow, max-snippet:-1, max-image-preview:large, max-video-preview:-1\" \/>\n<link rel=\"canonical\" href=\"https:\/\/boutique-one-piece.com\/es\/ropa-de-una-pieza\/sueteres-de-una-pieza\/sueter-con-capucha-baja-trafalgar-de-una-pieza\/\" \/>\n<meta property=\"og:locale\" content=\"es_ES\" \/>\n<meta property=\"og:type\" content=\"article\" \/>\n<meta property=\"og:title\" content=\"Pull \u00e0 Capuche One Piece Trafalgar Low | Boutique One Piece\" \/>\n<meta property=\"og:description\" content=\"Pull \u00e0 Capuche One Piece Logo Trafalgar D. Water Law de Tr\u00e8s Haute Qualit\u00e9 : Rejoins l&#039;\u00c9quipage du Heart, Porte ce sweat et Deviens le Nakama du Capitaine Law !\" \/>\n<meta property=\"og:url\" content=\"https:\/\/boutique-one-piece.com\/es\/ropa-de-una-pieza\/sueteres-de-una-pieza\/sueter-con-capucha-baja-trafalgar-de-una-pieza\/\" \/>\n<meta property=\"og:site_name\" content=\"Boutique One Piece\" \/>\n<meta property=\"article:modified_time\" content=\"2024-09-16T15:23:39+00:00\" \/>\n<meta property=\"og:image\" content=\"https:\/\/boutique-one-piece.com\/wp-content\/uploads\/2022\/09\/Pull-a-Capuche-One-Piece-Trafalgar-Low.jpg\" \/>\n\t<meta property=\"og:image:width\" content=\"600\" \/>\n\t<meta property=\"og:image:height\" content=\"600\" \/>\n\t<meta property=\"og:image:type\" content=\"image\/jpeg\" \/>\n<meta name=\"twitter:card\" content=\"summary_large_image\" \/>\n<meta name=\"twitter:label1\" content=\"Tiempo de lectura\" \/>\n\t<meta name=\"twitter:data1\" content=\"2 minutos\" \/>\n<script type=\"application\/ld+json\" class=\"yoast-schema-graph\">{\"@context\":\"https:\\\/\\\/schema.org\",\"@graph\":[{\"@type\":\"WebPage\",\"@id\":\"https:\\\/\\\/boutique-one-piece.com\\\/vetements-one-piece\\\/pulls-one-piece\\\/pull-a-capuche-one-piece-trafalgar-low\\\/\",\"url\":\"https:\\\/\\\/boutique-one-piece.com\\\/vetements-one-piece\\\/pulls-one-piece\\\/pull-a-capuche-one-piece-trafalgar-low\\\/\",\"name\":\"Pull \u00e0 Capuche One Piece Trafalgar Low | Boutique One Piece\",\"isPartOf\":{\"@id\":\"https:\\\/\\\/boutique-one-piece.com\\\/#website\"},\"primaryImageOfPage\":{\"@id\":\"https:\\\/\\\/boutique-one-piece.com\\\/vetements-one-piece\\\/pulls-one-piece\\\/pull-a-capuche-one-piece-trafalgar-low\\\/#primaryimage\"},\"image\":{\"@id\":\"https:\\\/\\\/boutique-one-piece.com\\\/vetements-one-piece\\\/pulls-one-piece\\\/pull-a-capuche-one-piece-trafalgar-low\\\/#primaryimage\"},\"thumbnailUrl\":\"https:\\\/\\\/boutique-one-piece.com\\\/wp-content\\\/uploads\\\/2022\\\/09\\\/Pull-a-Capuche-One-Piece-Trafalgar-Low.jpg\",\"datePublished\":\"2022-09-27T21:02:01+00:00\",\"dateModified\":\"2024-09-16T15:23:39+00:00\",\"description\":\"Pull \u00e0 Capuche One Piece Logo Trafalgar D. Water Law de Tr\u00e8s Haute Qualit\u00e9 : Rejoins l'\u00c9quipage du Heart, Porte ce sweat et Deviens le Nakama du Capitaine Law !\",\"breadcrumb\":{\"@id\":\"https:\\\/\\\/boutique-one-piece.com\\\/vetements-one-piece\\\/pulls-one-piece\\\/pull-a-capuche-one-piece-trafalgar-low\\\/#breadcrumb\"},\"inLanguage\":\"es\",\"potentialAction\":[{\"@type\":\"ReadAction\",\"target\":[\"https:\\\/\\\/boutique-one-piece.com\\\/vetements-one-piece\\\/pulls-one-piece\\\/pull-a-capuche-one-piece-trafalgar-low\\\/\"]}]},{\"@type\":\"ImageObject\",\"inLanguage\":\"es\",\"@id\":\"https:\\\/\\\/boutique-one-piece.com\\\/vetements-one-piece\\\/pulls-one-piece\\\/pull-a-capuche-one-piece-trafalgar-low\\\/#primaryimage\",\"url\":\"https:\\\/\\\/boutique-one-piece.com\\\/wp-content\\\/uploads\\\/2022\\\/09\\\/Pull-a-Capuche-One-Piece-Trafalgar-Low.jpg\",\"contentUrl\":\"https:\\\/\\\/boutique-one-piece.com\\\/wp-content\\\/uploads\\\/2022\\\/09\\\/Pull-a-Capuche-One-Piece-Trafalgar-Low.jpg\",\"width\":600,\"height\":600,\"caption\":\"Pull \u00e0 Capuche One Piece Trafalgar Low Noir xxl\"},{\"@type\":\"BreadcrumbList\",\"@id\":\"https:\\\/\\\/boutique-one-piece.com\\\/vetements-one-piece\\\/pulls-one-piece\\\/pull-a-capuche-one-piece-trafalgar-low\\\/#breadcrumb\",\"itemListElement\":[{\"@type\":\"ListItem\",\"position\":1,\"name\":\"Home\",\"item\":\"https:\\\/\\\/boutique-one-piece.com\\\/\"},{\"@type\":\"ListItem\",\"position\":2,\"name\":\"Shop\",\"item\":\"https:\\\/\\\/boutique-one-piece.com\\\/shop\\\/\"},{\"@type\":\"ListItem\",\"position\":3,\"name\":\"Pull \u00e0 Capuche One Piece Trafalgar Low\"}]},{\"@type\":\"WebSite\",\"@id\":\"https:\\\/\\\/boutique-one-piece.com\\\/#website\",\"url\":\"https:\\\/\\\/boutique-one-piece.com\\\/\",\"name\":\"Boutique One Piece\",\"description\":\"Magasin Sp\u00e9cialis\u00e9 du Manga et l&#039;Anime One Piece\",\"publisher\":{\"@id\":\"https:\\\/\\\/boutique-one-piece.com\\\/#organization\"},\"potentialAction\":[{\"@type\":\"SearchAction\",\"target\":{\"@type\":\"EntryPoint\",\"urlTemplate\":\"https:\\\/\\\/boutique-one-piece.com\\\/?s={search_term_string}\"},\"query-input\":{\"@type\":\"PropertyValueSpecification\",\"valueRequired\":true,\"valueName\":\"search_term_string\"}}],\"inLanguage\":\"es\"},{\"@type\":\"Organization\",\"@id\":\"https:\\\/\\\/boutique-one-piece.com\\\/#organization\",\"name\":\"Boutique One Piece\",\"url\":\"https:\\\/\\\/boutique-one-piece.com\\\/\",\"logo\":{\"@type\":\"ImageObject\",\"inLanguage\":\"es\",\"@id\":\"https:\\\/\\\/boutique-one-piece.com\\\/#\\\/schema\\\/logo\\\/image\\\/\",\"url\":\"https:\\\/\\\/boutique-one-piece.com\\\/wp-content\\\/uploads\\\/2022\\\/09\\\/Logo-01.png\",\"contentUrl\":\"https:\\\/\\\/boutique-one-piece.com\\\/wp-content\\\/uploads\\\/2022\\\/09\\\/Logo-01.png\",\"width\":2318,\"height\":957,\"caption\":\"Boutique One Piece\"},\"image\":{\"@id\":\"https:\\\/\\\/boutique-one-piece.com\\\/#\\\/schema\\\/logo\\\/image\\\/\"}}]}<\/script>\n<!-- \/ Yoast SEO plugin. -->","yoast_head_json":{"title":"Sudadera con capucha Trafalgar Low de One Piece | Tienda One Piece","description":"Sudadera con capucha con el logotipo de One Piece Trafalgar D. Water Law - Alta calidad: \u00a1\u00danete a los Piratas del Coraz\u00f3n, usa esta sudadera con capucha y convi\u00e9rtete en el Nakama del Capit\u00e1n Law!","robots":{"index":"index","follow":"follow","max-snippet":"max-snippet:-1","max-image-preview":"max-image-preview:large","max-video-preview":"max-video-preview:-1"},"canonical":"https:\/\/boutique-one-piece.com\/es\/ropa-de-una-pieza\/sueteres-de-una-pieza\/sueter-con-capucha-baja-trafalgar-de-una-pieza\/","og_locale":"es_ES","og_type":"article","og_title":"Pull \u00e0 Capuche One Piece Trafalgar Low | Boutique One Piece","og_description":"Pull \u00e0 Capuche One Piece Logo Trafalgar D. Water Law de Tr\u00e8s Haute Qualit\u00e9 : Rejoins l'\u00c9quipage du Heart, Porte ce sweat et Deviens le Nakama du Capitaine Law !","og_url":"https:\/\/boutique-one-piece.com\/es\/ropa-de-una-pieza\/sueteres-de-una-pieza\/sueter-con-capucha-baja-trafalgar-de-una-pieza\/","og_site_name":"Boutique One Piece","article_modified_time":"2024-09-16T15:23:39+00:00","og_image":[{"width":600,"height":600,"url":"https:\/\/boutique-one-piece.com\/wp-content\/uploads\/2022\/09\/Pull-a-Capuche-One-Piece-Trafalgar-Low.jpg","type":"image\/jpeg"}],"twitter_card":"summary_large_image","twitter_misc":{"Tiempo de lectura":"2 minutos"},"schema":{"@context":"https:\/\/schema.org","@graph":[{"@type":"WebPage","@id":"https:\/\/boutique-one-piece.com\/vetements-one-piece\/pulls-one-piece\/pull-a-capuche-one-piece-trafalgar-low\/","url":"https:\/\/boutique-one-piece.com\/vetements-one-piece\/pulls-one-piece\/pull-a-capuche-one-piece-trafalgar-low\/","name":"Sudadera con capucha Trafalgar Low de One Piece | Tienda One Piece","isPartOf":{"@id":"https:\/\/boutique-one-piece.com\/#website"},"primaryImageOfPage":{"@id":"https:\/\/boutique-one-piece.com\/vetements-one-piece\/pulls-one-piece\/pull-a-capuche-one-piece-trafalgar-low\/#primaryimage"},"image":{"@id":"https:\/\/boutique-one-piece.com\/vetements-one-piece\/pulls-one-piece\/pull-a-capuche-one-piece-trafalgar-low\/#primaryimage"},"thumbnailUrl":"https:\/\/boutique-one-piece.com\/wp-content\/uploads\/2022\/09\/Pull-a-Capuche-One-Piece-Trafalgar-Low.jpg","datePublished":"2022-09-27T21:02:01+00:00","dateModified":"2024-09-16T15:23:39+00:00","description":"Sudadera con capucha con el logotipo de One Piece Trafalgar D. Water Law - Alta calidad: \u00a1\u00danete a los Piratas del Coraz\u00f3n, usa esta sudadera con capucha y convi\u00e9rtete en el Nakama del Capit\u00e1n Law!","breadcrumb":{"@id":"https:\/\/boutique-one-piece.com\/vetements-one-piece\/pulls-one-piece\/pull-a-capuche-one-piece-trafalgar-low\/#breadcrumb"},"inLanguage":"es","potentialAction":[{"@type":"ReadAction","target":["https:\/\/boutique-one-piece.com\/vetements-one-piece\/pulls-one-piece\/pull-a-capuche-one-piece-trafalgar-low\/"]}]},{"@type":"ImageObject","inLanguage":"es","@id":"https:\/\/boutique-one-piece.com\/vetements-one-piece\/pulls-one-piece\/pull-a-capuche-one-piece-trafalgar-low\/#primaryimage","url":"https:\/\/boutique-one-piece.com\/wp-content\/uploads\/2022\/09\/Pull-a-Capuche-One-Piece-Trafalgar-Low.jpg","contentUrl":"https:\/\/boutique-one-piece.com\/wp-content\/uploads\/2022\/09\/Pull-a-Capuche-One-Piece-Trafalgar-Low.jpg","width":600,"height":600,"caption":"Pull \u00e0 Capuche One Piece Trafalgar Low Noir xxl"},{"@type":"BreadcrumbList","@id":"https:\/\/boutique-one-piece.com\/vetements-one-piece\/pulls-one-piece\/pull-a-capuche-one-piece-trafalgar-low\/#breadcrumb","itemListElement":[{"@type":"ListItem","position":1,"name":"Home","item":"https:\/\/boutique-one-piece.com\/"},{"@type":"ListItem","position":2,"name":"Shop","item":"https:\/\/boutique-one-piece.com\/shop\/"},{"@type":"ListItem","position":3,"name":"Pull \u00e0 Capuche One Piece Trafalgar Low"}]},{"@type":"WebSite","@id":"https:\/\/boutique-one-piece.com\/#website","url":"https:\/\/boutique-one-piece.com\/","name":"Tienda de One Piece","description":"Tienda especializada en manga y anime de One Piece","publisher":{"@id":"https:\/\/boutique-one-piece.com\/#organization"},"potentialAction":[{"@type":"SearchAction","target":{"@type":"EntryPoint","urlTemplate":"https:\/\/boutique-one-piece.com\/?s={search_term_string}"},"query-input":{"@type":"PropertyValueSpecification","valueRequired":true,"valueName":"search_term_string"}}],"inLanguage":"es"},{"@type":"Organization","@id":"https:\/\/boutique-one-piece.com\/#organization","name":"Tienda de One Piece","url":"https:\/\/boutique-one-piece.com\/","logo":{"@type":"ImageObject","inLanguage":"es","@id":"https:\/\/boutique-one-piece.com\/#\/schema\/logo\/image\/","url":"https:\/\/boutique-one-piece.com\/wp-content\/uploads\/2022\/09\/Logo-01.png","contentUrl":"https:\/\/boutique-one-piece.com\/wp-content\/uploads\/2022\/09\/Logo-01.png","width":2318,"height":957,"caption":"Boutique One Piece"},"image":{"@id":"https:\/\/boutique-one-piece.com\/#\/schema\/logo\/image\/"}}]}},"_links":{"self":[{"href":"https:\/\/boutique-one-piece.com\/es\/wp-json\/wp\/v2\/product\/13291","targetHints":{"allow":["GET"]}}],"collection":[{"href":"https:\/\/boutique-one-piece.com\/es\/wp-json\/wp\/v2\/product"}],"about":[{"href":"https:\/\/boutique-one-piece.com\/es\/wp-json\/wp\/v2\/types\/product"}],"replies":[{"embeddable":true,"href":"https:\/\/boutique-one-piece.com\/es\/wp-json\/wp\/v2\/comments?post=13291"}],"wp:featuredmedia":[{"embeddable":true,"href":"https:\/\/boutique-one-piece.com\/es\/wp-json\/wp\/v2\/media\/13293"}],"wp:attachment":[{"href":"https:\/\/boutique-one-piece.com\/es\/wp-json\/wp\/v2\/media?parent=13291"}],"wp:term":[{"taxonomy":"product_brand","embeddable":true,"href":"https:\/\/boutique-one-piece.com\/es\/wp-json\/wp\/v2\/product_brand?post=13291"},{"taxonomy":"product_cat","embeddable":true,"href":"https:\/\/boutique-one-piece.com\/es\/wp-json\/wp\/v2\/product_cat?post=13291"},{"taxonomy":"product_tag","embeddable":true,"href":"https:\/\/boutique-one-piece.com\/es\/wp-json\/wp\/v2\/product_tag?post=13291"}],"curies":[{"name":"wp","href":"https:\/\/api.w.org\/{rel}","templated":true}]}}