{"id":13366,"date":"2022-09-27T21:02:43","date_gmt":"2022-09-27T21:02:43","guid":{"rendered":"https:\/\/boutique-one-piece.com\/uncategorized\/figurine-one-piece-zoro-roronoa-film-z-edition\/"},"modified":"2024-09-16T13:15:13","modified_gmt":"2024-09-16T13:15:13","slug":"figurilla-one-piece-zoro-roronoa-pelicula-edicion-z","status":"publish","type":"product","link":"https:\/\/boutique-one-piece.com\/es\/articulos-de-one-piece\/roronoa-zoro-golosinas-de-una-pieza\/figurilla-one-piece-zoro-roronoa-pelicula-edicion-z\/","title":{"rendered":"Figura de la pel\u00edcula One Piece Zoro Roronoa Edici\u00f3n Z"},"content":{"rendered":"<h2>Joven pirata, ha llegado el momento de que consigas esta figura de One Piece Zoro Roronoa Movie Z Edition.<\/h2>\n<p>Como recordatorio, <strong>Una pieza: Z<\/strong> es una pel\u00edcula dirigida en 2012 por Tatsuya Nagamine. En esta pel\u00edcula, Luffy y su tripulaci\u00f3n tendr\u00e1n que enfrentarse <strong>un ex almirante de la Armada<\/strong> llamado Z, que quiere eliminar a todos los piratas del Nuevo Mundo usando piedras llamadas Rocas Dyna, cuyo poder destructivo rivaliza con el de las Armas Antiguas. En cuanto a <strong>Zoro<\/strong>, No eres ajeno a esto.<b> <\/b>que es un personaje de One Piece.<\/p>\n<p>Este es un <strong>espadach\u00edn<\/strong> Cuya ambici\u00f3n es convertirse en el mejor espadach\u00edn del mundo, aventur\u00e1ndose en Grand Line en busca del One Piece junto a su capit\u00e1n y tripulaci\u00f3n. Adem\u00e1s, si quieres ampliar tu colecci\u00f3n de figuras, <a title=\"FIGURA DE LA PEL\u00cdCULA Z DE SANJI DE ONE PIECE\" href=\"https:\/\/boutique-one-piece.com\/es\/figura-de-sanji-de-one-piece-pelicula-z\/\" target=\"_blank\" rel=\"noopener\">Figura de Sanji de la pel\u00edcula Z<\/a> Est\u00e1 a tu alcance.<\/p>\n<h3>\u00bfTe cautiv\u00f3 la figura de Zoro Roronoa de la pel\u00edcula Z? Si es as\u00ed, \u00fanete a \u00e9l en esta emocionante aventura.<\/h3>\n<p>Tanto si eres un fan\u00e1tico incondicional como un coleccionista experimentado, estos art\u00edculos legendarios son sin duda para ti. As\u00ed que no lo dudes m\u00e1s y aprovecha la oportunidad de ampliar tu colecci\u00f3n.<strong> tu universo de One Piece<\/strong>. Tu destino ahora est\u00e1 en tus manos, joven pirata. Emb\u00e1rcate en el Thousand Sunny y convi\u00e9rtete en miembro de la tripulaci\u00f3n del... <strong>Capit\u00e1n Monkey D. Luffy<\/strong>.<\/p>\n<h2>Informaci\u00f3n sobre la figura de Zoro Roronoa Movie Z Edition\u00a0<\/h2>\n<ul>\n<li><span><b><u>Figura de One Piece<\/u><\/b>\u00a0Figura premium de One Piece para aut\u00e9nticos piratas.<\/span><\/li>\n<\/ul>\n<ul>\n<li>\n<b>Asunto<\/b><span>\u00a0<\/span>CLORURO DE POLIVINILO<\/li>\n<\/ul>\n<ul>\n<li><span><strong>Dimensi\u00f3n<\/strong>\u00a0:23 cent\u00edmetros<\/span><\/li>\n<\/ul>\n<ul>\n<li><span><strong>ENTREGA GRATUITA<\/strong><\/span><\/li>\n<\/ul>","protected":false},"excerpt":{"rendered":"<p>Joven pirata, ha llegado el momento de que consigas esta figura de One Piece Zoro Roronoa Movie Z Edition. Como recordatorio, One Piece: Z es una pel\u00edcula de 2012 dirigida por Tatsuya Nagamine. En esta pel\u00edcula, Luffy y su tripulaci\u00f3n deben enfrentarse a un exalmirante de la Marina conocido como Z, quien quiere [\u2026]<\/p>","protected":false},"featured_media":13368,"comment_status":"open","ping_status":"open","template":"","meta":[],"product_brand":[],"product_cat":[76,162,151],"product_tag":[113],"class_list":{"0":"post-13366","1":"product","2":"type-product","3":"status-publish","4":"has-post-thumbnail","6":"product_cat-figurines-one-piece","7":"product_cat-figurines-roronoa-zoro","8":"product_cat-goodies-roronoa-zoro-one-piece","9":"product_tag-zoro","11":"first","12":"instock","13":"purchasable","14":"product-type-simple"},"yoast_head":"<!-- This site is optimized with the Yoast SEO plugin v27.5 - https:\/\/yoast.com\/product\/yoast-seo-wordpress\/ -->\n<title>Figurine One Piece Zoro Roronoa Film Z \u00c9dition | Figurine One Piece \u2013 Boutique One Piece<\/title>\n<meta name=\"description\" content=\"Jeune pirate, le moment est venu pour toi de te procurer cette Figurine One Piece Zoro Roronoa Film Z \u00c9dition. Pour rappel, One Piece : Z est un film r\u00e9alis\u00e9 en 2012 par Tatsuya Nagamine. Dans ce film, Luffy et son \u00e9quipage vont devoir affronter un ancien amiral de la Marine baptis\u00e9 Z qui veut \u00e9liminer tous les pirates\" \/>\n<meta name=\"robots\" content=\"index, follow, max-snippet:-1, max-image-preview:large, max-video-preview:-1\" \/>\n<link rel=\"canonical\" href=\"https:\/\/boutique-one-piece.com\/es\/figuras-de-one-piece\/figuras-de-roronoa-zoro\/figurilla-one-piece-zoro-roronoa-pelicula-edicion-z\/\" \/>\n<meta property=\"og:locale\" content=\"es_ES\" \/>\n<meta property=\"og:type\" content=\"article\" \/>\n<meta property=\"og:title\" content=\"Figurine One Piece Zoro Roronoa Film Z \u00c9dition | Figurine One Piece \u2013 Boutique One Piece\" \/>\n<meta property=\"og:description\" content=\"Jeune pirate, le moment est venu pour toi de te procurer cette Figurine One Piece Zoro Roronoa Film Z \u00c9dition. Pour rappel, One Piece : Z est un film r\u00e9alis\u00e9 en 2012 par Tatsuya Nagamine. Dans ce film, Luffy et son \u00e9quipage vont devoir affronter un ancien amiral de la Marine baptis\u00e9 Z qui veut \u00e9liminer tous les pirates\" \/>\n<meta property=\"og:url\" content=\"https:\/\/boutique-one-piece.com\/es\/figuras-de-one-piece\/figuras-de-roronoa-zoro\/figurilla-one-piece-zoro-roronoa-pelicula-edicion-z\/\" \/>\n<meta property=\"og:site_name\" content=\"Boutique One Piece\" \/>\n<meta property=\"article:modified_time\" content=\"2024-09-16T13:15:13+00:00\" \/>\n<meta property=\"og:image\" content=\"https:\/\/boutique-one-piece.com\/wp-content\/uploads\/2022\/09\/Figurine-One-Piece-Zoro-Roronoa-Film-Z-Edition.jpg\" \/>\n\t<meta property=\"og:image:width\" content=\"400\" \/>\n\t<meta property=\"og:image:height\" content=\"400\" \/>\n\t<meta property=\"og:image:type\" content=\"image\/jpeg\" \/>\n<meta name=\"twitter:card\" content=\"summary_large_image\" \/>\n<meta name=\"twitter:label1\" content=\"Tiempo de lectura\" \/>\n\t<meta name=\"twitter:data1\" content=\"1 minuto\" \/>\n<script type=\"application\/ld+json\" class=\"yoast-schema-graph\">{\"@context\":\"https:\\\/\\\/schema.org\",\"@graph\":[{\"@type\":\"WebPage\",\"@id\":\"https:\\\/\\\/boutique-one-piece.com\\\/figurines-one-piece\\\/figurines-roronoa-zoro\\\/figurine-one-piece-zoro-roronoa-film-z-edition\\\/\",\"url\":\"https:\\\/\\\/boutique-one-piece.com\\\/figurines-one-piece\\\/figurines-roronoa-zoro\\\/figurine-one-piece-zoro-roronoa-film-z-edition\\\/\",\"name\":\"Figurine One Piece Zoro Roronoa Film Z \u00c9dition | Figurine One Piece \u2013 Boutique One Piece\",\"isPartOf\":{\"@id\":\"https:\\\/\\\/boutique-one-piece.com\\\/#website\"},\"primaryImageOfPage\":{\"@id\":\"https:\\\/\\\/boutique-one-piece.com\\\/figurines-one-piece\\\/figurines-roronoa-zoro\\\/figurine-one-piece-zoro-roronoa-film-z-edition\\\/#primaryimage\"},\"image\":{\"@id\":\"https:\\\/\\\/boutique-one-piece.com\\\/figurines-one-piece\\\/figurines-roronoa-zoro\\\/figurine-one-piece-zoro-roronoa-film-z-edition\\\/#primaryimage\"},\"thumbnailUrl\":\"https:\\\/\\\/boutique-one-piece.com\\\/wp-content\\\/uploads\\\/2022\\\/09\\\/Figurine-One-Piece-Zoro-Roronoa-Film-Z-Edition.jpg\",\"datePublished\":\"2022-09-27T21:02:43+00:00\",\"dateModified\":\"2024-09-16T13:15:13+00:00\",\"description\":\"Jeune pirate, le moment est venu pour toi de te procurer cette Figurine One Piece Zoro Roronoa Film Z \u00c9dition. Pour rappel, One Piece : Z est un film r\u00e9alis\u00e9 en 2012 par Tatsuya Nagamine. Dans ce film, Luffy et son \u00e9quipage vont devoir affronter un ancien amiral de la Marine baptis\u00e9 Z qui veut \u00e9liminer tous les pirates\",\"breadcrumb\":{\"@id\":\"https:\\\/\\\/boutique-one-piece.com\\\/figurines-one-piece\\\/figurines-roronoa-zoro\\\/figurine-one-piece-zoro-roronoa-film-z-edition\\\/#breadcrumb\"},\"inLanguage\":\"es\",\"potentialAction\":[{\"@type\":\"ReadAction\",\"target\":[\"https:\\\/\\\/boutique-one-piece.com\\\/figurines-one-piece\\\/figurines-roronoa-zoro\\\/figurine-one-piece-zoro-roronoa-film-z-edition\\\/\"]}]},{\"@type\":\"ImageObject\",\"inLanguage\":\"es\",\"@id\":\"https:\\\/\\\/boutique-one-piece.com\\\/figurines-one-piece\\\/figurines-roronoa-zoro\\\/figurine-one-piece-zoro-roronoa-film-z-edition\\\/#primaryimage\",\"url\":\"https:\\\/\\\/boutique-one-piece.com\\\/wp-content\\\/uploads\\\/2022\\\/09\\\/Figurine-One-Piece-Zoro-Roronoa-Film-Z-Edition.jpg\",\"contentUrl\":\"https:\\\/\\\/boutique-one-piece.com\\\/wp-content\\\/uploads\\\/2022\\\/09\\\/Figurine-One-Piece-Zoro-Roronoa-Film-Z-Edition.jpg\",\"width\":400,\"height\":400,\"caption\":\"Figurine One Piece Zoro Roronoa Film Z \u00c9dition Default Title\"},{\"@type\":\"BreadcrumbList\",\"@id\":\"https:\\\/\\\/boutique-one-piece.com\\\/figurines-one-piece\\\/figurines-roronoa-zoro\\\/figurine-one-piece-zoro-roronoa-film-z-edition\\\/#breadcrumb\",\"itemListElement\":[{\"@type\":\"ListItem\",\"position\":1,\"name\":\"Home\",\"item\":\"https:\\\/\\\/boutique-one-piece.com\\\/\"},{\"@type\":\"ListItem\",\"position\":2,\"name\":\"Shop\",\"item\":\"https:\\\/\\\/boutique-one-piece.com\\\/shop\\\/\"},{\"@type\":\"ListItem\",\"position\":3,\"name\":\"Figurine One Piece Zoro Roronoa Film Z \u00c9dition\"}]},{\"@type\":\"WebSite\",\"@id\":\"https:\\\/\\\/boutique-one-piece.com\\\/#website\",\"url\":\"https:\\\/\\\/boutique-one-piece.com\\\/\",\"name\":\"Boutique One Piece\",\"description\":\"Magasin Sp\u00e9cialis\u00e9 du Manga et l&#039;Anime One Piece\",\"publisher\":{\"@id\":\"https:\\\/\\\/boutique-one-piece.com\\\/#organization\"},\"potentialAction\":[{\"@type\":\"SearchAction\",\"target\":{\"@type\":\"EntryPoint\",\"urlTemplate\":\"https:\\\/\\\/boutique-one-piece.com\\\/?s={search_term_string}\"},\"query-input\":{\"@type\":\"PropertyValueSpecification\",\"valueRequired\":true,\"valueName\":\"search_term_string\"}}],\"inLanguage\":\"es\"},{\"@type\":\"Organization\",\"@id\":\"https:\\\/\\\/boutique-one-piece.com\\\/#organization\",\"name\":\"Boutique One Piece\",\"url\":\"https:\\\/\\\/boutique-one-piece.com\\\/\",\"logo\":{\"@type\":\"ImageObject\",\"inLanguage\":\"es\",\"@id\":\"https:\\\/\\\/boutique-one-piece.com\\\/#\\\/schema\\\/logo\\\/image\\\/\",\"url\":\"https:\\\/\\\/boutique-one-piece.com\\\/wp-content\\\/uploads\\\/2022\\\/09\\\/Logo-01.png\",\"contentUrl\":\"https:\\\/\\\/boutique-one-piece.com\\\/wp-content\\\/uploads\\\/2022\\\/09\\\/Logo-01.png\",\"width\":2318,\"height\":957,\"caption\":\"Boutique One Piece\"},\"image\":{\"@id\":\"https:\\\/\\\/boutique-one-piece.com\\\/#\\\/schema\\\/logo\\\/image\\\/\"}}]}<\/script>\n<!-- \/ Yoast SEO plugin. -->","yoast_head_json":{"title":"Figura de Zoro Roronoa de One Piece, Edici\u00f3n Z | Figura de One Piece \u2013 Tienda One Piece","description":"Joven pirata, ha llegado el momento de que consigas esta figura de One Piece Zoro Roronoa Movie Z Edition. Como recordatorio, One Piece: Z es una pel\u00edcula de 2012 dirigida por Tatsuya Nagamine. En esta pel\u00edcula, Luffy y su tripulaci\u00f3n deben enfrentarse a un exalmirante de la Marina conocido como Z, quien quiere eliminar a todos los piratas.","robots":{"index":"index","follow":"follow","max-snippet":"max-snippet:-1","max-image-preview":"max-image-preview:large","max-video-preview":"max-video-preview:-1"},"canonical":"https:\/\/boutique-one-piece.com\/es\/figuras-de-one-piece\/figuras-de-roronoa-zoro\/figurilla-one-piece-zoro-roronoa-pelicula-edicion-z\/","og_locale":"es_ES","og_type":"article","og_title":"Figurine One Piece Zoro Roronoa Film Z \u00c9dition | Figurine One Piece \u2013 Boutique One Piece","og_description":"Jeune pirate, le moment est venu pour toi de te procurer cette Figurine One Piece Zoro Roronoa Film Z \u00c9dition. Pour rappel, One Piece : Z est un film r\u00e9alis\u00e9 en 2012 par Tatsuya Nagamine. Dans ce film, Luffy et son \u00e9quipage vont devoir affronter un ancien amiral de la Marine baptis\u00e9 Z qui veut \u00e9liminer tous les pirates","og_url":"https:\/\/boutique-one-piece.com\/es\/figuras-de-one-piece\/figuras-de-roronoa-zoro\/figurilla-one-piece-zoro-roronoa-pelicula-edicion-z\/","og_site_name":"Boutique One Piece","article_modified_time":"2024-09-16T13:15:13+00:00","og_image":[{"width":400,"height":400,"url":"https:\/\/boutique-one-piece.com\/wp-content\/uploads\/2022\/09\/Figurine-One-Piece-Zoro-Roronoa-Film-Z-Edition.jpg","type":"image\/jpeg"}],"twitter_card":"summary_large_image","twitter_misc":{"Tiempo de lectura":"1 minuto"},"schema":{"@context":"https:\/\/schema.org","@graph":[{"@type":"WebPage","@id":"https:\/\/boutique-one-piece.com\/figurines-one-piece\/figurines-roronoa-zoro\/figurine-one-piece-zoro-roronoa-film-z-edition\/","url":"https:\/\/boutique-one-piece.com\/figurines-one-piece\/figurines-roronoa-zoro\/figurine-one-piece-zoro-roronoa-film-z-edition\/","name":"Figura de Zoro Roronoa de One Piece, Edici\u00f3n Z | Figura de One Piece \u2013 Tienda One Piece","isPartOf":{"@id":"https:\/\/boutique-one-piece.com\/#website"},"primaryImageOfPage":{"@id":"https:\/\/boutique-one-piece.com\/figurines-one-piece\/figurines-roronoa-zoro\/figurine-one-piece-zoro-roronoa-film-z-edition\/#primaryimage"},"image":{"@id":"https:\/\/boutique-one-piece.com\/figurines-one-piece\/figurines-roronoa-zoro\/figurine-one-piece-zoro-roronoa-film-z-edition\/#primaryimage"},"thumbnailUrl":"https:\/\/boutique-one-piece.com\/wp-content\/uploads\/2022\/09\/Figurine-One-Piece-Zoro-Roronoa-Film-Z-Edition.jpg","datePublished":"2022-09-27T21:02:43+00:00","dateModified":"2024-09-16T13:15:13+00:00","description":"Joven pirata, ha llegado el momento de que consigas esta figura de One Piece Zoro Roronoa Movie Z Edition. Como recordatorio, One Piece: Z es una pel\u00edcula de 2012 dirigida por Tatsuya Nagamine. En esta pel\u00edcula, Luffy y su tripulaci\u00f3n deben enfrentarse a un exalmirante de la Marina conocido como Z, quien quiere eliminar a todos los piratas.","breadcrumb":{"@id":"https:\/\/boutique-one-piece.com\/figurines-one-piece\/figurines-roronoa-zoro\/figurine-one-piece-zoro-roronoa-film-z-edition\/#breadcrumb"},"inLanguage":"es","potentialAction":[{"@type":"ReadAction","target":["https:\/\/boutique-one-piece.com\/figurines-one-piece\/figurines-roronoa-zoro\/figurine-one-piece-zoro-roronoa-film-z-edition\/"]}]},{"@type":"ImageObject","inLanguage":"es","@id":"https:\/\/boutique-one-piece.com\/figurines-one-piece\/figurines-roronoa-zoro\/figurine-one-piece-zoro-roronoa-film-z-edition\/#primaryimage","url":"https:\/\/boutique-one-piece.com\/wp-content\/uploads\/2022\/09\/Figurine-One-Piece-Zoro-Roronoa-Film-Z-Edition.jpg","contentUrl":"https:\/\/boutique-one-piece.com\/wp-content\/uploads\/2022\/09\/Figurine-One-Piece-Zoro-Roronoa-Film-Z-Edition.jpg","width":400,"height":400,"caption":"Figurine One Piece Zoro Roronoa Film Z \u00c9dition Default Title"},{"@type":"BreadcrumbList","@id":"https:\/\/boutique-one-piece.com\/figurines-one-piece\/figurines-roronoa-zoro\/figurine-one-piece-zoro-roronoa-film-z-edition\/#breadcrumb","itemListElement":[{"@type":"ListItem","position":1,"name":"Home","item":"https:\/\/boutique-one-piece.com\/"},{"@type":"ListItem","position":2,"name":"Shop","item":"https:\/\/boutique-one-piece.com\/shop\/"},{"@type":"ListItem","position":3,"name":"Figurine One Piece Zoro Roronoa Film Z \u00c9dition"}]},{"@type":"WebSite","@id":"https:\/\/boutique-one-piece.com\/#website","url":"https:\/\/boutique-one-piece.com\/","name":"Tienda de One Piece","description":"Tienda especializada en manga y anime de One Piece","publisher":{"@id":"https:\/\/boutique-one-piece.com\/#organization"},"potentialAction":[{"@type":"SearchAction","target":{"@type":"EntryPoint","urlTemplate":"https:\/\/boutique-one-piece.com\/?s={search_term_string}"},"query-input":{"@type":"PropertyValueSpecification","valueRequired":true,"valueName":"search_term_string"}}],"inLanguage":"es"},{"@type":"Organization","@id":"https:\/\/boutique-one-piece.com\/#organization","name":"Tienda de One Piece","url":"https:\/\/boutique-one-piece.com\/","logo":{"@type":"ImageObject","inLanguage":"es","@id":"https:\/\/boutique-one-piece.com\/#\/schema\/logo\/image\/","url":"https:\/\/boutique-one-piece.com\/wp-content\/uploads\/2022\/09\/Logo-01.png","contentUrl":"https:\/\/boutique-one-piece.com\/wp-content\/uploads\/2022\/09\/Logo-01.png","width":2318,"height":957,"caption":"Boutique One Piece"},"image":{"@id":"https:\/\/boutique-one-piece.com\/#\/schema\/logo\/image\/"}}]}},"_links":{"self":[{"href":"https:\/\/boutique-one-piece.com\/es\/wp-json\/wp\/v2\/product\/13366","targetHints":{"allow":["GET"]}}],"collection":[{"href":"https:\/\/boutique-one-piece.com\/es\/wp-json\/wp\/v2\/product"}],"about":[{"href":"https:\/\/boutique-one-piece.com\/es\/wp-json\/wp\/v2\/types\/product"}],"replies":[{"embeddable":true,"href":"https:\/\/boutique-one-piece.com\/es\/wp-json\/wp\/v2\/comments?post=13366"}],"wp:featuredmedia":[{"embeddable":true,"href":"https:\/\/boutique-one-piece.com\/es\/wp-json\/wp\/v2\/media\/13368"}],"wp:attachment":[{"href":"https:\/\/boutique-one-piece.com\/es\/wp-json\/wp\/v2\/media?parent=13366"}],"wp:term":[{"taxonomy":"product_brand","embeddable":true,"href":"https:\/\/boutique-one-piece.com\/es\/wp-json\/wp\/v2\/product_brand?post=13366"},{"taxonomy":"product_cat","embeddable":true,"href":"https:\/\/boutique-one-piece.com\/es\/wp-json\/wp\/v2\/product_cat?post=13366"},{"taxonomy":"product_tag","embeddable":true,"href":"https:\/\/boutique-one-piece.com\/es\/wp-json\/wp\/v2\/product_tag?post=13366"}],"curies":[{"name":"wp","href":"https:\/\/api.w.org\/{rel}","templated":true}]}}