{"id":13428,"date":"2022-09-27T21:03:01","date_gmt":"2022-09-27T21:03:01","guid":{"rendered":"https:\/\/boutique-one-piece.com\/uncategorized\/avis-de-recherche-one-piece-god-usopp-wanted\/"},"modified":"2026-03-23T00:35:10","modified_gmt":"2026-03-23T00:35:10","slug":"aviso-de-busqueda-one-piece-dios-usopp-buscado","status":"publish","type":"product","link":"https:\/\/boutique-one-piece.com\/es\/decoraciones-de-one-piece\/aviso-de-busqueda-one-piece-dios-usopp-buscado\/","title":{"rendered":"Se busca Dios Usopp"},"content":{"rendered":"<h2>Si tu pr\u00e9f\u00e8res les tireurs d\u2019\u00e9lite parmi les pirates que la force pure, cet Avis de Recherche God Usopp est fait pour toi.<\/h2>\n<p>Usopp es un pirata que es el<strong> tireur d\u2019\u00e9lite<\/strong> de l\u2019\u00e9quipage des Mugiwaras. Son pr\u00e9nom vient de \u00ab\u00a0mensonge\u00a0\u00bb en japonais puisque quand il \u00e9tait petit, il adorait racontait des mensonges \u00e0 sa m\u00e8re et aux villageois pour raconter ses aventures, ce qui ravissait sa m\u00e8re, mais aga\u00e7ait les villageois.<\/p>\n<p>Son r\u00eave est de devenir un grand pirate, et \u00e9galement d\u2019aller sur une \u00eele peupl\u00e9e uniquement de g\u00e9ants. Il tire des projectiles \u00e0 l\u2019aide d\u2019une <strong>catapulta<\/strong>, qui, apr\u00e8s l\u2019ellipse, est plus grande pour avoir une plus grande port\u00e9e.<\/p>\n<h3>Demuestra cu\u00e1nto aprecias a Usopp con este \u00e9pico p\u00f3ster de Se busca.<\/h3>\n<p>Ici, on parle de God Ussop, c\u2019est-\u00e0-dire Ussop dans un contexte bien particulier. A <strong>Dressrosa<\/strong>, apr\u00e8s\u00a0qu\u2019il a menti aux\u00a0Tontattas, ils d\u00e9cid\u00e8rent de faire de Usopp leur h\u00e9ros en l\u2019appelant <strong>Ussoland<\/strong> et en le prenant pour un dieu. Par la suite, les Tontattas vont se rebeller et causer de grands soucis \u00e0 Doflamingo, qui organisera une chasse \u00e0 l\u2019homme dont God Usopp a la plus grosse prime sur sa t\u00eate.<\/p>\n<p>El dios Usopp tiene una recompensa de 200 millones de bayas.<\/p>\n<p>\u00bfQu\u00e9 te parece crear una colecci\u00f3n con las bonificaciones? En ese caso, \u00a1es imprescindible tener esto! <a href=\"https:\/\/boutique-one-piece.com\/es\/cartel-de-busqueda-de-one-piece-se-busca-nami\/\" target=\"_blank\" title=\"Aviso de b\u00fasqueda de Nami\" rel=\"noopener noreferrer\">Cartel de &quot;Se busca Nami&quot;<\/a>.<\/p>\n<p>\u00a0<\/p>\n<h2>Informations sur l\u2019Affiche One Piece Wanted\u00a0Usopp<\/h2>\n<ul>\n<li><span><b><u>P\u00f3ster de Se busca de One Piece<\/u><\/b>\u00a0: v\u00e9ritable Avis De Recherche de l\u2019univers One Piece pour les vrais pirates<\/span><\/li>\n<\/ul>\n<ul>\n<li>\n<b><u>El mejor momento de Dios Usopp<\/u><\/b>\u00a0200.000.000 de bayas<\/li>\n<\/ul>\n<ul>\n<li><span><strong>Impresi\u00f3n de alta calidad<\/strong>\u00a0colores precisos<\/span><\/li>\n<\/ul>\n<ul>\n<li>\n<strong>Dimensi\u00f3n<\/strong>\u00a0:51 cm x 36 cm<\/li>\n<\/ul>\n<ul>\n<li><span><strong>ENTREGA GRATUITA<\/strong><\/span><\/li>\n<\/ul>\n<div id=\"gtx-trans\" style=\"position: absolute; left: 184px; top: 177.5px;\">\n<div class=\"gtx-trans-icon\"><\/div>\n<\/div>","protected":false},"excerpt":{"rendered":"<p>Si tu pr\u00e9f\u00e8res les tireurs d\u2019\u00e9lite parmi les pirates que la force pure, cet Avis de Recherche God Usopp est fait pour toi. Usopp est un pirate qui est le tireur d\u2019\u00e9lite de l\u2019\u00e9quipage des Mugiwaras. Son pr\u00e9nom vient de \u00ab\u00a0mensonge\u00a0\u00bb en japonais puisque quand il \u00e9tait petit, il adorait racontait des mensonges \u00e0 sa [&hellip;]<\/p>","protected":false},"featured_media":13430,"comment_status":"open","ping_status":"open","template":"","meta":[],"product_brand":[],"product_cat":[171,150],"product_tag":[],"class_list":{"0":"post-13428","1":"product","2":"type-product","3":"status-publish","4":"has-post-thumbnail","6":"product_cat-avis-de-recherche-one-piece","7":"product_cat-decorations-one-piece","9":"first","10":"instock","11":"purchasable","12":"product-type-simple"},"yoast_head":"<!-- This site is optimized with the Yoast SEO plugin v27.5 - https:\/\/yoast.com\/product\/yoast-seo-wordpress\/ -->\n<title>Avis de Recherche One Piece God Usopp Wanted | D\u00e9coration One Piece \u2013 Boutique One Piece<\/title>\n<meta name=\"description\" content=\"Si tu pr\u00e9f\u00e8res les tireurs d&#039;\u00e9lite parmi les pirates que la force pure, cet Avis de Recherche God Usopp est fait pour toi. Usopp est un pirate qui est le tireur d&#039;\u00e9lite de l&#039;\u00e9quipage des Mugiwaras. Son pr\u00e9nom vient de &quot;mensonge&quot; en japonais puisque quand il \u00e9tait petit, il adorait racontait des mensonges \u00e0 sa m\u00e8re et a\" \/>\n<meta name=\"robots\" content=\"index, follow, max-snippet:-1, max-image-preview:large, max-video-preview:-1\" \/>\n<link rel=\"canonical\" href=\"https:\/\/boutique-one-piece.com\/es\/cartel-de-busqueda-de-one-piece\/aviso-de-busqueda-one-piece-dios-usopp-buscado\/\" \/>\n<meta property=\"og:locale\" content=\"es_ES\" \/>\n<meta property=\"og:type\" content=\"article\" \/>\n<meta property=\"og:title\" content=\"Avis de Recherche One Piece God Usopp Wanted | D\u00e9coration One Piece \u2013 Boutique One Piece\" \/>\n<meta property=\"og:description\" content=\"Si tu pr\u00e9f\u00e8res les tireurs d&#039;\u00e9lite parmi les pirates que la force pure, cet Avis de Recherche God Usopp est fait pour toi. Usopp est un pirate qui est le tireur d&#039;\u00e9lite de l&#039;\u00e9quipage des Mugiwaras. Son pr\u00e9nom vient de &quot;mensonge&quot; en japonais puisque quand il \u00e9tait petit, il adorait racontait des mensonges \u00e0 sa m\u00e8re et a\" \/>\n<meta property=\"og:url\" content=\"https:\/\/boutique-one-piece.com\/es\/cartel-de-busqueda-de-one-piece\/aviso-de-busqueda-one-piece-dios-usopp-buscado\/\" \/>\n<meta property=\"og:site_name\" content=\"Boutique One Piece\" \/>\n<meta property=\"article:modified_time\" content=\"2026-03-23T00:35:10+00:00\" \/>\n<meta property=\"og:image\" content=\"https:\/\/boutique-one-piece.com\/wp-content\/uploads\/2022\/09\/Avis-de-Recherche-God-Usopp-Wanted-1.jpg\" \/>\n\t<meta property=\"og:image:width\" content=\"800\" \/>\n\t<meta property=\"og:image:height\" content=\"800\" \/>\n\t<meta property=\"og:image:type\" content=\"image\/jpeg\" \/>\n<meta name=\"twitter:card\" content=\"summary_large_image\" \/>\n<meta name=\"twitter:label1\" content=\"Tiempo de lectura\" \/>\n\t<meta name=\"twitter:data1\" content=\"1 minuto\" \/>\n<script type=\"application\/ld+json\" class=\"yoast-schema-graph\">{\"@context\":\"https:\\\/\\\/schema.org\",\"@graph\":[{\"@type\":\"WebPage\",\"@id\":\"https:\\\/\\\/boutique-one-piece.com\\\/avis-de-recherche-one-piece\\\/avis-de-recherche-one-piece-god-usopp-wanted\\\/\",\"url\":\"https:\\\/\\\/boutique-one-piece.com\\\/avis-de-recherche-one-piece\\\/avis-de-recherche-one-piece-god-usopp-wanted\\\/\",\"name\":\"Avis de Recherche One Piece God Usopp Wanted | D\u00e9coration One Piece \u2013 Boutique One Piece\",\"isPartOf\":{\"@id\":\"https:\\\/\\\/boutique-one-piece.com\\\/#website\"},\"primaryImageOfPage\":{\"@id\":\"https:\\\/\\\/boutique-one-piece.com\\\/avis-de-recherche-one-piece\\\/avis-de-recherche-one-piece-god-usopp-wanted\\\/#primaryimage\"},\"image\":{\"@id\":\"https:\\\/\\\/boutique-one-piece.com\\\/avis-de-recherche-one-piece\\\/avis-de-recherche-one-piece-god-usopp-wanted\\\/#primaryimage\"},\"thumbnailUrl\":\"https:\\\/\\\/boutique-one-piece.com\\\/wp-content\\\/uploads\\\/2022\\\/09\\\/Avis-de-Recherche-God-Usopp-Wanted-1.jpg\",\"datePublished\":\"2022-09-27T21:03:01+00:00\",\"dateModified\":\"2026-03-23T00:35:10+00:00\",\"description\":\"Si tu pr\u00e9f\u00e8res les tireurs d'\u00e9lite parmi les pirates que la force pure, cet Avis de Recherche God Usopp est fait pour toi. Usopp est un pirate qui est le tireur d'\u00e9lite de l'\u00e9quipage des Mugiwaras. Son pr\u00e9nom vient de \\\"mensonge\\\" en japonais puisque quand il \u00e9tait petit, il adorait racontait des mensonges \u00e0 sa m\u00e8re et a\",\"breadcrumb\":{\"@id\":\"https:\\\/\\\/boutique-one-piece.com\\\/avis-de-recherche-one-piece\\\/avis-de-recherche-one-piece-god-usopp-wanted\\\/#breadcrumb\"},\"inLanguage\":\"es\",\"potentialAction\":[{\"@type\":\"ReadAction\",\"target\":[\"https:\\\/\\\/boutique-one-piece.com\\\/avis-de-recherche-one-piece\\\/avis-de-recherche-one-piece-god-usopp-wanted\\\/\"]}]},{\"@type\":\"ImageObject\",\"inLanguage\":\"es\",\"@id\":\"https:\\\/\\\/boutique-one-piece.com\\\/avis-de-recherche-one-piece\\\/avis-de-recherche-one-piece-god-usopp-wanted\\\/#primaryimage\",\"url\":\"https:\\\/\\\/boutique-one-piece.com\\\/wp-content\\\/uploads\\\/2022\\\/09\\\/Avis-de-Recherche-God-Usopp-Wanted-1.jpg\",\"contentUrl\":\"https:\\\/\\\/boutique-one-piece.com\\\/wp-content\\\/uploads\\\/2022\\\/09\\\/Avis-de-Recherche-God-Usopp-Wanted-1.jpg\",\"width\":800,\"height\":800},{\"@type\":\"BreadcrumbList\",\"@id\":\"https:\\\/\\\/boutique-one-piece.com\\\/avis-de-recherche-one-piece\\\/avis-de-recherche-one-piece-god-usopp-wanted\\\/#breadcrumb\",\"itemListElement\":[{\"@type\":\"ListItem\",\"position\":1,\"name\":\"Home\",\"item\":\"https:\\\/\\\/boutique-one-piece.com\\\/\"},{\"@type\":\"ListItem\",\"position\":2,\"name\":\"Shop\",\"item\":\"https:\\\/\\\/boutique-one-piece.com\\\/shop\\\/\"},{\"@type\":\"ListItem\",\"position\":3,\"name\":\"Avis de Recherche God Usopp Wanted\"}]},{\"@type\":\"WebSite\",\"@id\":\"https:\\\/\\\/boutique-one-piece.com\\\/#website\",\"url\":\"https:\\\/\\\/boutique-one-piece.com\\\/\",\"name\":\"Boutique One Piece\",\"description\":\"Magasin Sp\u00e9cialis\u00e9 du Manga et l&#039;Anime One Piece\",\"publisher\":{\"@id\":\"https:\\\/\\\/boutique-one-piece.com\\\/#organization\"},\"potentialAction\":[{\"@type\":\"SearchAction\",\"target\":{\"@type\":\"EntryPoint\",\"urlTemplate\":\"https:\\\/\\\/boutique-one-piece.com\\\/?s={search_term_string}\"},\"query-input\":{\"@type\":\"PropertyValueSpecification\",\"valueRequired\":true,\"valueName\":\"search_term_string\"}}],\"inLanguage\":\"es\"},{\"@type\":\"Organization\",\"@id\":\"https:\\\/\\\/boutique-one-piece.com\\\/#organization\",\"name\":\"Boutique One Piece\",\"url\":\"https:\\\/\\\/boutique-one-piece.com\\\/\",\"logo\":{\"@type\":\"ImageObject\",\"inLanguage\":\"es\",\"@id\":\"https:\\\/\\\/boutique-one-piece.com\\\/#\\\/schema\\\/logo\\\/image\\\/\",\"url\":\"https:\\\/\\\/boutique-one-piece.com\\\/wp-content\\\/uploads\\\/2022\\\/09\\\/Logo-01.png\",\"contentUrl\":\"https:\\\/\\\/boutique-one-piece.com\\\/wp-content\\\/uploads\\\/2022\\\/09\\\/Logo-01.png\",\"width\":2318,\"height\":957,\"caption\":\"Boutique One Piece\"},\"image\":{\"@id\":\"https:\\\/\\\/boutique-one-piece.com\\\/#\\\/schema\\\/logo\\\/image\\\/\"}}]}<\/script>\n<!-- \/ Yoast SEO plugin. -->","yoast_head_json":{"title":"P\u00f3ster de &quot;Se busca el dios Usopp&quot; de One Piece | Decoraciones de One Piece \u2013 Tienda de One Piece","description":"Si prefieres a los tiradores de \u00e9lite entre piratas antes que a la fuerza bruta, este p\u00f3ster de &quot;Se busca Dios Usopp&quot; es para ti. Usopp es un pirata y el tirador de \u00e9lite de los Piratas del Sombrero de Paja. Su nombre viene de la palabra japonesa para &quot;mentira&quot; porque de peque\u00f1o le encantaba mentirle a su madre y...","robots":{"index":"index","follow":"follow","max-snippet":"max-snippet:-1","max-image-preview":"max-image-preview:large","max-video-preview":"max-video-preview:-1"},"canonical":"https:\/\/boutique-one-piece.com\/es\/cartel-de-busqueda-de-one-piece\/aviso-de-busqueda-one-piece-dios-usopp-buscado\/","og_locale":"es_ES","og_type":"article","og_title":"Avis de Recherche One Piece God Usopp Wanted | D\u00e9coration One Piece \u2013 Boutique One Piece","og_description":"Si tu pr\u00e9f\u00e8res les tireurs d'\u00e9lite parmi les pirates que la force pure, cet Avis de Recherche God Usopp est fait pour toi. Usopp est un pirate qui est le tireur d'\u00e9lite de l'\u00e9quipage des Mugiwaras. Son pr\u00e9nom vient de \"mensonge\" en japonais puisque quand il \u00e9tait petit, il adorait racontait des mensonges \u00e0 sa m\u00e8re et a","og_url":"https:\/\/boutique-one-piece.com\/es\/cartel-de-busqueda-de-one-piece\/aviso-de-busqueda-one-piece-dios-usopp-buscado\/","og_site_name":"Boutique One Piece","article_modified_time":"2026-03-23T00:35:10+00:00","og_image":[{"width":800,"height":800,"url":"https:\/\/boutique-one-piece.com\/wp-content\/uploads\/2022\/09\/Avis-de-Recherche-God-Usopp-Wanted-1.jpg","type":"image\/jpeg"}],"twitter_card":"summary_large_image","twitter_misc":{"Tiempo de lectura":"1 minuto"},"schema":{"@context":"https:\/\/schema.org","@graph":[{"@type":"WebPage","@id":"https:\/\/boutique-one-piece.com\/avis-de-recherche-one-piece\/avis-de-recherche-one-piece-god-usopp-wanted\/","url":"https:\/\/boutique-one-piece.com\/avis-de-recherche-one-piece\/avis-de-recherche-one-piece-god-usopp-wanted\/","name":"P\u00f3ster de &quot;Se busca el dios Usopp&quot; de One Piece | Decoraciones de One Piece \u2013 Tienda de One Piece","isPartOf":{"@id":"https:\/\/boutique-one-piece.com\/#website"},"primaryImageOfPage":{"@id":"https:\/\/boutique-one-piece.com\/avis-de-recherche-one-piece\/avis-de-recherche-one-piece-god-usopp-wanted\/#primaryimage"},"image":{"@id":"https:\/\/boutique-one-piece.com\/avis-de-recherche-one-piece\/avis-de-recherche-one-piece-god-usopp-wanted\/#primaryimage"},"thumbnailUrl":"https:\/\/boutique-one-piece.com\/wp-content\/uploads\/2022\/09\/Avis-de-Recherche-God-Usopp-Wanted-1.jpg","datePublished":"2022-09-27T21:03:01+00:00","dateModified":"2026-03-23T00:35:10+00:00","description":"Si prefieres a los tiradores de \u00e9lite entre piratas antes que a la fuerza bruta, este p\u00f3ster de &quot;Se busca Dios Usopp&quot; es para ti. Usopp es un pirata y el tirador de \u00e9lite de los Piratas del Sombrero de Paja. Su nombre viene de la palabra japonesa para &quot;mentira&quot; porque de peque\u00f1o le encantaba mentirle a su madre y...","breadcrumb":{"@id":"https:\/\/boutique-one-piece.com\/avis-de-recherche-one-piece\/avis-de-recherche-one-piece-god-usopp-wanted\/#breadcrumb"},"inLanguage":"es","potentialAction":[{"@type":"ReadAction","target":["https:\/\/boutique-one-piece.com\/avis-de-recherche-one-piece\/avis-de-recherche-one-piece-god-usopp-wanted\/"]}]},{"@type":"ImageObject","inLanguage":"es","@id":"https:\/\/boutique-one-piece.com\/avis-de-recherche-one-piece\/avis-de-recherche-one-piece-god-usopp-wanted\/#primaryimage","url":"https:\/\/boutique-one-piece.com\/wp-content\/uploads\/2022\/09\/Avis-de-Recherche-God-Usopp-Wanted-1.jpg","contentUrl":"https:\/\/boutique-one-piece.com\/wp-content\/uploads\/2022\/09\/Avis-de-Recherche-God-Usopp-Wanted-1.jpg","width":800,"height":800},{"@type":"BreadcrumbList","@id":"https:\/\/boutique-one-piece.com\/avis-de-recherche-one-piece\/avis-de-recherche-one-piece-god-usopp-wanted\/#breadcrumb","itemListElement":[{"@type":"ListItem","position":1,"name":"Home","item":"https:\/\/boutique-one-piece.com\/"},{"@type":"ListItem","position":2,"name":"Shop","item":"https:\/\/boutique-one-piece.com\/shop\/"},{"@type":"ListItem","position":3,"name":"Avis de Recherche God Usopp Wanted"}]},{"@type":"WebSite","@id":"https:\/\/boutique-one-piece.com\/#website","url":"https:\/\/boutique-one-piece.com\/","name":"Tienda de One Piece","description":"Tienda especializada en manga y anime de One Piece","publisher":{"@id":"https:\/\/boutique-one-piece.com\/#organization"},"potentialAction":[{"@type":"SearchAction","target":{"@type":"EntryPoint","urlTemplate":"https:\/\/boutique-one-piece.com\/?s={search_term_string}"},"query-input":{"@type":"PropertyValueSpecification","valueRequired":true,"valueName":"search_term_string"}}],"inLanguage":"es"},{"@type":"Organization","@id":"https:\/\/boutique-one-piece.com\/#organization","name":"Tienda de One Piece","url":"https:\/\/boutique-one-piece.com\/","logo":{"@type":"ImageObject","inLanguage":"es","@id":"https:\/\/boutique-one-piece.com\/#\/schema\/logo\/image\/","url":"https:\/\/boutique-one-piece.com\/wp-content\/uploads\/2022\/09\/Logo-01.png","contentUrl":"https:\/\/boutique-one-piece.com\/wp-content\/uploads\/2022\/09\/Logo-01.png","width":2318,"height":957,"caption":"Boutique One Piece"},"image":{"@id":"https:\/\/boutique-one-piece.com\/#\/schema\/logo\/image\/"}}]}},"_links":{"self":[{"href":"https:\/\/boutique-one-piece.com\/es\/wp-json\/wp\/v2\/product\/13428","targetHints":{"allow":["GET"]}}],"collection":[{"href":"https:\/\/boutique-one-piece.com\/es\/wp-json\/wp\/v2\/product"}],"about":[{"href":"https:\/\/boutique-one-piece.com\/es\/wp-json\/wp\/v2\/types\/product"}],"replies":[{"embeddable":true,"href":"https:\/\/boutique-one-piece.com\/es\/wp-json\/wp\/v2\/comments?post=13428"}],"wp:featuredmedia":[{"embeddable":true,"href":"https:\/\/boutique-one-piece.com\/es\/wp-json\/wp\/v2\/media\/13430"}],"wp:attachment":[{"href":"https:\/\/boutique-one-piece.com\/es\/wp-json\/wp\/v2\/media?parent=13428"}],"wp:term":[{"taxonomy":"product_brand","embeddable":true,"href":"https:\/\/boutique-one-piece.com\/es\/wp-json\/wp\/v2\/product_brand?post=13428"},{"taxonomy":"product_cat","embeddable":true,"href":"https:\/\/boutique-one-piece.com\/es\/wp-json\/wp\/v2\/product_cat?post=13428"},{"taxonomy":"product_tag","embeddable":true,"href":"https:\/\/boutique-one-piece.com\/es\/wp-json\/wp\/v2\/product_tag?post=13428"}],"curies":[{"name":"wp","href":"https:\/\/api.w.org\/{rel}","templated":true}]}}