{"id":13441,"date":"2022-09-27T21:20:34","date_gmt":"2022-09-27T21:20:34","guid":{"rendered":"https:\/\/boutique-one-piece.com\/uncategorized\/figurine-one-piece-den-den-mushi-barbe-noire\/"},"modified":"2024-09-16T13:16:39","modified_gmt":"2024-09-16T13:16:39","slug":"figura-de-barbanegra-de-den-den-mushi-de-one-piece","status":"publish","type":"product","link":"https:\/\/boutique-one-piece.com\/es\/figuras-de-one-piece\/figuras-den-den-mushi\/figura-de-barbanegra-de-den-den-mushi-de-one-piece\/","title":{"rendered":"Figura de Barbanegra de Den Den Mushi de One Piece"},"content":{"rendered":"<h2>Joven pirata, contacta con Barbanegra. Para ello, consigue ya esta figura de Barbanegra de One Piece Den Den Mushi.<\/h2>\n<p>Como recordatorio, <strong>Tel\u00e9fonos caracol<\/strong> Los Den Den Mushi, tambi\u00e9n conocidos como Den Den Mushi, son caracoles que suelen verse con tel\u00e9fonos o faxes adheridos a sus conchas. Permiten que varias personas se comuniquen incluso a largas distancias. Imitan los gestos (especialmente de la boca) de quienes hablan. En este caso, es... <strong>Den Den Mushi<\/strong> de Barbanegra.<\/p>\n<p>Debes saber que Marshall D. Teach, mejor conocido como <strong>Barbanegra<\/strong>, Es el Almirante de los Piratas de Barbanegra y actualmente uno de los Cuatro Emperadores. Finalmente, <strong>Luffy<\/strong> Se convierte en su enemigo desde Impel Down en adelante cuando se entera de que entreg\u00f3 a Ace a los Marines. Adem\u00e1s, si quieres ampliar tu colecci\u00f3n de Den Den Mushi, <a title=\"FIGURA ONE PIECE DEN DEN MUSHI ZORO\" href=\"https:\/\/boutique-one-piece.com\/es\/figura-de-una-pieza-den-den-mushi-zoro\/\" target=\"_blank\" rel=\"noopener\">Figura de Roronoa Zoro<\/a> Est\u00e1 a tu alcance.<\/p>\n<h3>\u00bfTe cautiv\u00f3 la figura Den Den Mushi de Barbanegra? Si es as\u00ed, ya sabes qu\u00e9 hacer. Llama y escucha lo que te dice el Yonko.<\/h3>\n<p><strong>Una pieza<\/strong> Este es el manga con 480 millones de copias vendidas. Si\u00e9ntete orgulloso de formar parte del movimiento y sigue demostrando tu pasi\u00f3n por el universo de Luffy. Tanto si eres un fan\u00e1tico incondicional como un coleccionista experimentado, estos art\u00edculos son sin duda para ti. \u00a1No esperes m\u00e1s y aprovecha la oportunidad de conseguirlos! <strong>objetos m\u00edticos<\/strong>. Ser\u00e1n perfectos para ampliar tu universo One Piece.<\/p>\n<h2>Informaci\u00f3n sobre la figura de Barbanegra de Den Den Mushi\u00a0<\/h2>\n<ul data-mce-fragment=\"1\">\n<li data-mce-fragment=\"1\"><span data-mce-fragment=\"1\"><b data-mce-fragment=\"1\"><u data-mce-fragment=\"1\">Figura de One Piece<\/u><\/b>\u00a0Figura premium de One Piece para aut\u00e9nticos piratas.<\/span><\/li>\n<\/ul>\n<ul data-mce-fragment=\"1\">\n<li data-mce-fragment=\"1\">\n<b data-mce-fragment=\"1\">Asunto<\/b><span data-mce-fragment=\"1\">\u00a0<\/span>CLORURO DE POLIVINILO<\/li>\n<\/ul>\n<ul data-mce-fragment=\"1\">\n<li data-mce-fragment=\"1\"><span data-mce-fragment=\"1\"><strong data-mce-fragment=\"1\">Dimensi\u00f3n<\/strong>\u00a0:12 cent\u00edmetros<\/span><\/li>\n<\/ul>\n<ul data-mce-fragment=\"1\">\n<li data-mce-fragment=\"1\"><span data-mce-fragment=\"1\"><strong data-mce-fragment=\"1\">ENTREGA GRATUITA<\/strong><\/span><\/li>\n<\/ul>","protected":false},"excerpt":{"rendered":"<p>Joven pirata, contacta con Barbanegra. Para ello, consigue ya esta figura de Barbanegra de Den Den Mushi de One Piece. Como recordatorio, los Den Den Mushi, tambi\u00e9n conocidos como Den Den Tel\u00e9fonos, son caracoles que suelen llevar tel\u00e9fonos o faxes en sus caparazones. Permiten que varias personas [\u2026]<\/p>","protected":false},"featured_media":13443,"comment_status":"open","ping_status":"open","template":"","meta":[],"product_brand":[],"product_cat":[331,76],"product_tag":[386],"class_list":{"0":"post-13441","1":"product","2":"type-product","3":"status-publish","4":"has-post-thumbnail","6":"product_cat-figurines-den-den-mushi","7":"product_cat-figurines-one-piece","8":"product_tag-den-den-mushi","10":"first","11":"instock","12":"purchasable","13":"product-type-simple"},"yoast_head":"<!-- This site is optimized with the Yoast SEO plugin v27.5 - https:\/\/yoast.com\/product\/yoast-seo-wordpress\/ -->\n<title>Figurine One Piece Den Den Mushi Barbe Noire | Figurine One Piece \u2013 Boutique One Piece<\/title>\n<meta name=\"description\" content=\"Jeune pirate, entre en communication avec Barbe Noire. Pour ce faire, procure-toi d\u00e8s maintenant cette Figurine One Piece Den Den Mushi Barbe Noire. Pour rappel, les Escargophones autrement appel\u00e9s Den Den Mushi, sont des escargots qui sont habituellement vus avec des t\u00e9l\u00e9phones et\/ou des machines fax attach\u00e9s \u00e0 leurs\" \/>\n<meta name=\"robots\" content=\"index, follow, max-snippet:-1, max-image-preview:large, max-video-preview:-1\" \/>\n<link rel=\"canonical\" href=\"https:\/\/boutique-one-piece.com\/es\/figuras-de-one-piece\/figuras-den-den-mushi\/figura-de-barbanegra-de-den-den-mushi-de-one-piece\/\" \/>\n<meta property=\"og:locale\" content=\"es_ES\" \/>\n<meta property=\"og:type\" content=\"article\" \/>\n<meta property=\"og:title\" content=\"Figurine One Piece Den Den Mushi Barbe Noire | Figurine One Piece \u2013 Boutique One Piece\" \/>\n<meta property=\"og:description\" content=\"Jeune pirate, entre en communication avec Barbe Noire. Pour ce faire, procure-toi d\u00e8s maintenant cette Figurine One Piece Den Den Mushi Barbe Noire. Pour rappel, les Escargophones autrement appel\u00e9s Den Den Mushi, sont des escargots qui sont habituellement vus avec des t\u00e9l\u00e9phones et\/ou des machines fax attach\u00e9s \u00e0 leurs\" \/>\n<meta property=\"og:url\" content=\"https:\/\/boutique-one-piece.com\/es\/figuras-de-one-piece\/figuras-den-den-mushi\/figura-de-barbanegra-de-den-den-mushi-de-one-piece\/\" \/>\n<meta property=\"og:site_name\" content=\"Boutique One Piece\" \/>\n<meta property=\"article:modified_time\" content=\"2024-09-16T13:16:39+00:00\" \/>\n<meta property=\"og:image\" content=\"https:\/\/boutique-one-piece.com\/wp-content\/uploads\/2022\/09\/Figurine-One-Piece-Den-Den-Mushi-Barbe-Noire-1.jpg\" \/>\n\t<meta property=\"og:image:width\" content=\"1000\" \/>\n\t<meta property=\"og:image:height\" content=\"667\" \/>\n\t<meta property=\"og:image:type\" content=\"image\/jpeg\" \/>\n<meta name=\"twitter:card\" content=\"summary_large_image\" \/>\n<meta name=\"twitter:label1\" content=\"Tiempo de lectura\" \/>\n\t<meta name=\"twitter:data1\" content=\"1 minuto\" \/>\n<script type=\"application\/ld+json\" class=\"yoast-schema-graph\">{\"@context\":\"https:\\\/\\\/schema.org\",\"@graph\":[{\"@type\":\"WebPage\",\"@id\":\"https:\\\/\\\/boutique-one-piece.com\\\/figurines-one-piece\\\/figurines-den-den-mushi\\\/figurine-one-piece-den-den-mushi-barbe-noire\\\/\",\"url\":\"https:\\\/\\\/boutique-one-piece.com\\\/figurines-one-piece\\\/figurines-den-den-mushi\\\/figurine-one-piece-den-den-mushi-barbe-noire\\\/\",\"name\":\"Figurine One Piece Den Den Mushi Barbe Noire | Figurine One Piece \u2013 Boutique One Piece\",\"isPartOf\":{\"@id\":\"https:\\\/\\\/boutique-one-piece.com\\\/#website\"},\"primaryImageOfPage\":{\"@id\":\"https:\\\/\\\/boutique-one-piece.com\\\/figurines-one-piece\\\/figurines-den-den-mushi\\\/figurine-one-piece-den-den-mushi-barbe-noire\\\/#primaryimage\"},\"image\":{\"@id\":\"https:\\\/\\\/boutique-one-piece.com\\\/figurines-one-piece\\\/figurines-den-den-mushi\\\/figurine-one-piece-den-den-mushi-barbe-noire\\\/#primaryimage\"},\"thumbnailUrl\":\"https:\\\/\\\/boutique-one-piece.com\\\/wp-content\\\/uploads\\\/2022\\\/09\\\/Figurine-One-Piece-Den-Den-Mushi-Barbe-Noire-1.jpg\",\"datePublished\":\"2022-09-27T21:20:34+00:00\",\"dateModified\":\"2024-09-16T13:16:39+00:00\",\"description\":\"Jeune pirate, entre en communication avec Barbe Noire. Pour ce faire, procure-toi d\u00e8s maintenant cette Figurine One Piece Den Den Mushi Barbe Noire. Pour rappel, les Escargophones autrement appel\u00e9s Den Den Mushi, sont des escargots qui sont habituellement vus avec des t\u00e9l\u00e9phones et\\\/ou des machines fax attach\u00e9s \u00e0 leurs\",\"breadcrumb\":{\"@id\":\"https:\\\/\\\/boutique-one-piece.com\\\/figurines-one-piece\\\/figurines-den-den-mushi\\\/figurine-one-piece-den-den-mushi-barbe-noire\\\/#breadcrumb\"},\"inLanguage\":\"es\",\"potentialAction\":[{\"@type\":\"ReadAction\",\"target\":[\"https:\\\/\\\/boutique-one-piece.com\\\/figurines-one-piece\\\/figurines-den-den-mushi\\\/figurine-one-piece-den-den-mushi-barbe-noire\\\/\"]}]},{\"@type\":\"ImageObject\",\"inLanguage\":\"es\",\"@id\":\"https:\\\/\\\/boutique-one-piece.com\\\/figurines-one-piece\\\/figurines-den-den-mushi\\\/figurine-one-piece-den-den-mushi-barbe-noire\\\/#primaryimage\",\"url\":\"https:\\\/\\\/boutique-one-piece.com\\\/wp-content\\\/uploads\\\/2022\\\/09\\\/Figurine-One-Piece-Den-Den-Mushi-Barbe-Noire-1.jpg\",\"contentUrl\":\"https:\\\/\\\/boutique-one-piece.com\\\/wp-content\\\/uploads\\\/2022\\\/09\\\/Figurine-One-Piece-Den-Den-Mushi-Barbe-Noire-1.jpg\",\"width\":1000,\"height\":667},{\"@type\":\"BreadcrumbList\",\"@id\":\"https:\\\/\\\/boutique-one-piece.com\\\/figurines-one-piece\\\/figurines-den-den-mushi\\\/figurine-one-piece-den-den-mushi-barbe-noire\\\/#breadcrumb\",\"itemListElement\":[{\"@type\":\"ListItem\",\"position\":1,\"name\":\"Home\",\"item\":\"https:\\\/\\\/boutique-one-piece.com\\\/\"},{\"@type\":\"ListItem\",\"position\":2,\"name\":\"Shop\",\"item\":\"https:\\\/\\\/boutique-one-piece.com\\\/shop\\\/\"},{\"@type\":\"ListItem\",\"position\":3,\"name\":\"Figurine One Piece Den Den Mushi Barbe Noire\"}]},{\"@type\":\"WebSite\",\"@id\":\"https:\\\/\\\/boutique-one-piece.com\\\/#website\",\"url\":\"https:\\\/\\\/boutique-one-piece.com\\\/\",\"name\":\"Boutique One Piece\",\"description\":\"Magasin Sp\u00e9cialis\u00e9 du Manga et l&#039;Anime One Piece\",\"publisher\":{\"@id\":\"https:\\\/\\\/boutique-one-piece.com\\\/#organization\"},\"potentialAction\":[{\"@type\":\"SearchAction\",\"target\":{\"@type\":\"EntryPoint\",\"urlTemplate\":\"https:\\\/\\\/boutique-one-piece.com\\\/?s={search_term_string}\"},\"query-input\":{\"@type\":\"PropertyValueSpecification\",\"valueRequired\":true,\"valueName\":\"search_term_string\"}}],\"inLanguage\":\"es\"},{\"@type\":\"Organization\",\"@id\":\"https:\\\/\\\/boutique-one-piece.com\\\/#organization\",\"name\":\"Boutique One Piece\",\"url\":\"https:\\\/\\\/boutique-one-piece.com\\\/\",\"logo\":{\"@type\":\"ImageObject\",\"inLanguage\":\"es\",\"@id\":\"https:\\\/\\\/boutique-one-piece.com\\\/#\\\/schema\\\/logo\\\/image\\\/\",\"url\":\"https:\\\/\\\/boutique-one-piece.com\\\/wp-content\\\/uploads\\\/2022\\\/09\\\/Logo-01.png\",\"contentUrl\":\"https:\\\/\\\/boutique-one-piece.com\\\/wp-content\\\/uploads\\\/2022\\\/09\\\/Logo-01.png\",\"width\":2318,\"height\":957,\"caption\":\"Boutique One Piece\"},\"image\":{\"@id\":\"https:\\\/\\\/boutique-one-piece.com\\\/#\\\/schema\\\/logo\\\/image\\\/\"}}]}<\/script>\n<!-- \/ Yoast SEO plugin. -->","yoast_head_json":{"title":"Figura de Barbanegra de Den Den Mushi de One Piece | Figura de One Piece \u2013 Tienda One Piece","description":"\u00a1Joven pirata, contacta con Barbanegra! Para ello, consigue ya esta figura de Barbanegra de Den Den Mushi de One Piece. Como recordatorio, los Den Den Mushi, tambi\u00e9n conocidos como Den Den Mushi, son caracoles que suelen llevar tel\u00e9fonos o faxes pegados al cuerpo.","robots":{"index":"index","follow":"follow","max-snippet":"max-snippet:-1","max-image-preview":"max-image-preview:large","max-video-preview":"max-video-preview:-1"},"canonical":"https:\/\/boutique-one-piece.com\/es\/figuras-de-one-piece\/figuras-den-den-mushi\/figura-de-barbanegra-de-den-den-mushi-de-one-piece\/","og_locale":"es_ES","og_type":"article","og_title":"Figurine One Piece Den Den Mushi Barbe Noire | Figurine One Piece \u2013 Boutique One Piece","og_description":"Jeune pirate, entre en communication avec Barbe Noire. Pour ce faire, procure-toi d\u00e8s maintenant cette Figurine One Piece Den Den Mushi Barbe Noire. Pour rappel, les Escargophones autrement appel\u00e9s Den Den Mushi, sont des escargots qui sont habituellement vus avec des t\u00e9l\u00e9phones et\/ou des machines fax attach\u00e9s \u00e0 leurs","og_url":"https:\/\/boutique-one-piece.com\/es\/figuras-de-one-piece\/figuras-den-den-mushi\/figura-de-barbanegra-de-den-den-mushi-de-one-piece\/","og_site_name":"Boutique One Piece","article_modified_time":"2024-09-16T13:16:39+00:00","og_image":[{"width":1000,"height":667,"url":"https:\/\/boutique-one-piece.com\/wp-content\/uploads\/2022\/09\/Figurine-One-Piece-Den-Den-Mushi-Barbe-Noire-1.jpg","type":"image\/jpeg"}],"twitter_card":"summary_large_image","twitter_misc":{"Tiempo de lectura":"1 minuto"},"schema":{"@context":"https:\/\/schema.org","@graph":[{"@type":"WebPage","@id":"https:\/\/boutique-one-piece.com\/figurines-one-piece\/figurines-den-den-mushi\/figurine-one-piece-den-den-mushi-barbe-noire\/","url":"https:\/\/boutique-one-piece.com\/figurines-one-piece\/figurines-den-den-mushi\/figurine-one-piece-den-den-mushi-barbe-noire\/","name":"Figura de Barbanegra de Den Den Mushi de One Piece | Figura de One Piece \u2013 Tienda One Piece","isPartOf":{"@id":"https:\/\/boutique-one-piece.com\/#website"},"primaryImageOfPage":{"@id":"https:\/\/boutique-one-piece.com\/figurines-one-piece\/figurines-den-den-mushi\/figurine-one-piece-den-den-mushi-barbe-noire\/#primaryimage"},"image":{"@id":"https:\/\/boutique-one-piece.com\/figurines-one-piece\/figurines-den-den-mushi\/figurine-one-piece-den-den-mushi-barbe-noire\/#primaryimage"},"thumbnailUrl":"https:\/\/boutique-one-piece.com\/wp-content\/uploads\/2022\/09\/Figurine-One-Piece-Den-Den-Mushi-Barbe-Noire-1.jpg","datePublished":"2022-09-27T21:20:34+00:00","dateModified":"2024-09-16T13:16:39+00:00","description":"\u00a1Joven pirata, contacta con Barbanegra! Para ello, consigue ya esta figura de Barbanegra de Den Den Mushi de One Piece. Como recordatorio, los Den Den Mushi, tambi\u00e9n conocidos como Den Den Mushi, son caracoles que suelen llevar tel\u00e9fonos o faxes pegados al cuerpo.","breadcrumb":{"@id":"https:\/\/boutique-one-piece.com\/figurines-one-piece\/figurines-den-den-mushi\/figurine-one-piece-den-den-mushi-barbe-noire\/#breadcrumb"},"inLanguage":"es","potentialAction":[{"@type":"ReadAction","target":["https:\/\/boutique-one-piece.com\/figurines-one-piece\/figurines-den-den-mushi\/figurine-one-piece-den-den-mushi-barbe-noire\/"]}]},{"@type":"ImageObject","inLanguage":"es","@id":"https:\/\/boutique-one-piece.com\/figurines-one-piece\/figurines-den-den-mushi\/figurine-one-piece-den-den-mushi-barbe-noire\/#primaryimage","url":"https:\/\/boutique-one-piece.com\/wp-content\/uploads\/2022\/09\/Figurine-One-Piece-Den-Den-Mushi-Barbe-Noire-1.jpg","contentUrl":"https:\/\/boutique-one-piece.com\/wp-content\/uploads\/2022\/09\/Figurine-One-Piece-Den-Den-Mushi-Barbe-Noire-1.jpg","width":1000,"height":667},{"@type":"BreadcrumbList","@id":"https:\/\/boutique-one-piece.com\/figurines-one-piece\/figurines-den-den-mushi\/figurine-one-piece-den-den-mushi-barbe-noire\/#breadcrumb","itemListElement":[{"@type":"ListItem","position":1,"name":"Home","item":"https:\/\/boutique-one-piece.com\/"},{"@type":"ListItem","position":2,"name":"Shop","item":"https:\/\/boutique-one-piece.com\/shop\/"},{"@type":"ListItem","position":3,"name":"Figurine One Piece Den Den Mushi Barbe Noire"}]},{"@type":"WebSite","@id":"https:\/\/boutique-one-piece.com\/#website","url":"https:\/\/boutique-one-piece.com\/","name":"Tienda de One Piece","description":"Tienda especializada en manga y anime de One Piece","publisher":{"@id":"https:\/\/boutique-one-piece.com\/#organization"},"potentialAction":[{"@type":"SearchAction","target":{"@type":"EntryPoint","urlTemplate":"https:\/\/boutique-one-piece.com\/?s={search_term_string}"},"query-input":{"@type":"PropertyValueSpecification","valueRequired":true,"valueName":"search_term_string"}}],"inLanguage":"es"},{"@type":"Organization","@id":"https:\/\/boutique-one-piece.com\/#organization","name":"Tienda de One Piece","url":"https:\/\/boutique-one-piece.com\/","logo":{"@type":"ImageObject","inLanguage":"es","@id":"https:\/\/boutique-one-piece.com\/#\/schema\/logo\/image\/","url":"https:\/\/boutique-one-piece.com\/wp-content\/uploads\/2022\/09\/Logo-01.png","contentUrl":"https:\/\/boutique-one-piece.com\/wp-content\/uploads\/2022\/09\/Logo-01.png","width":2318,"height":957,"caption":"Boutique One Piece"},"image":{"@id":"https:\/\/boutique-one-piece.com\/#\/schema\/logo\/image\/"}}]}},"_links":{"self":[{"href":"https:\/\/boutique-one-piece.com\/es\/wp-json\/wp\/v2\/product\/13441","targetHints":{"allow":["GET"]}}],"collection":[{"href":"https:\/\/boutique-one-piece.com\/es\/wp-json\/wp\/v2\/product"}],"about":[{"href":"https:\/\/boutique-one-piece.com\/es\/wp-json\/wp\/v2\/types\/product"}],"replies":[{"embeddable":true,"href":"https:\/\/boutique-one-piece.com\/es\/wp-json\/wp\/v2\/comments?post=13441"}],"wp:featuredmedia":[{"embeddable":true,"href":"https:\/\/boutique-one-piece.com\/es\/wp-json\/wp\/v2\/media\/13443"}],"wp:attachment":[{"href":"https:\/\/boutique-one-piece.com\/es\/wp-json\/wp\/v2\/media?parent=13441"}],"wp:term":[{"taxonomy":"product_brand","embeddable":true,"href":"https:\/\/boutique-one-piece.com\/es\/wp-json\/wp\/v2\/product_brand?post=13441"},{"taxonomy":"product_cat","embeddable":true,"href":"https:\/\/boutique-one-piece.com\/es\/wp-json\/wp\/v2\/product_cat?post=13441"},{"taxonomy":"product_tag","embeddable":true,"href":"https:\/\/boutique-one-piece.com\/es\/wp-json\/wp\/v2\/product_tag?post=13441"}],"curies":[{"name":"wp","href":"https:\/\/api.w.org\/{rel}","templated":true}]}}