{"id":13445,"date":"2022-09-27T21:20:34","date_gmt":"2022-09-27T21:20:34","guid":{"rendered":"https:\/\/boutique-one-piece.com\/uncategorized\/tee-shirt-one-piece-luffy-roi-des-pirates\/"},"modified":"2024-09-16T13:16:51","modified_gmt":"2024-09-16T13:16:51","slug":"camiseta-de-una-pieza-luffy-rey-de-los-piratas","status":"publish","type":"product","link":"https:\/\/boutique-one-piece.com\/es\/ropa-de-una-pieza\/camisetas-de-one-piece\/camiseta-de-una-pieza-luffy-rey-de-los-piratas\/","title":{"rendered":"Camiseta de One Piece Luffy, Rey Pirata"},"content":{"rendered":"<p><meta charset=\"utf-8\"><\/p>\n<h2>\n<b>Camiseta de One Piece Monkey D. Luffy Futuro Rey de los Piratas<\/b><b>\u00a0<\/b>\u00a1Una camiseta de s\u00faper calidad para un pirata como t\u00fa!<\/h2>\n<p>Si eres un\u00a0<strong>pirata real<\/strong>, Usted apreciar\u00e1 el\u00a0<strong>calidad<\/strong>\u00a0tela y\u00a0<strong>Impresi\u00f3n de lienzo 3D<\/strong>\u00a0de esto\u00a0<strong>Camiseta de One Piece<\/strong>\u00a0Pero lo m\u00e1s importante es que con esto\u00a0<strong>jersey estampado<\/strong>\u00a0Eso es porque ser\u00e1s parte de\u00a0<strong>el equipo de fans<\/strong>\u00a0de\u00a0<strong>manga pirata<\/strong>\u00a0y obtendr\u00e1s:<\/p>\n<ul>\n<li>\u00a0<strong>Admiraci\u00f3n<\/strong>\u00a0De todos los fans de\u00a0<strong>mugiwara<\/strong>\u00a0que encontrar\u00e1s<\/li>\n<\/ul>\n<ul>\n<li>Un verdadero\u00a0<strong>camiseta estampada<\/strong>\u00a0con el que podr\u00e1s convertirte en un<span>\u00a0<\/span><strong>miembro<\/strong><span>\u00a0<\/span>del\u00a0<b>flota<span>\u00a0<\/span><\/b>de<b><span>\u00a0Monkey D. Luffy<\/span><\/b>\n<\/li>\n<\/ul>\n<p>Entonces, \u00bfest\u00e1s listo para usar el\u00a0<strong>bandera\u00a0<\/strong>de<b>\u00a0<\/b>su<b><span>\u00a0multitud<\/span>\u00a0favorito<\/b>\u00a0?<\/p>\n<h2>\u00bfEres fan del manga o anime de One Piece? \u00a1Demu\u00e9stralo con esta camiseta estampada de One Piece!<\/h2>\n<p>Si usted\u00a0<strong>leer<\/strong>\u00a0o donde sea que mires\u00a0<span>\u00a0<\/span><strong>Anime japon\u00e9s<\/strong>, Hay una buena posibilidad de que te hayas convertido\u00a0<strong>loco por One Piece<\/strong>\u00a0\u00a1Con esto!<span>\u00a0<\/span><strong>Camiseta de una pieza<span>\u00a0Luffy, rey de los piratas<\/span><\/strong>, \u00danete a la\u2019<strong>tripulaci\u00f3n de fans de la franquicia<\/strong><\/p>\n<p>Este\u00a0<strong>camiseta blanca<\/strong>\u00a0est\u00e1 disponible en tama\u00f1os\u00a0<strong>XS<\/strong>,<strong>\u00a0S<\/strong>,<strong>\u00a0M<\/strong>,<strong>\u00a0L<\/strong>,\u00a0<strong>SG<\/strong>,\u00a0<strong>XXL<\/strong>, Se adaptar\u00e1 a todas las categor\u00edas de piratas.,<span>\u00a0<\/span><strong>hombre<\/strong>\u00a0O<span>\u00a0<\/span><strong>mujer<\/strong>, Incluso si no tienes\u00a0<strong>espada<\/strong>\u00a0o\u00a0<strong>fruta del diablo<\/strong>\u00a0Todav\u00eda puedes lucirlo con orgullo.<\/p>\n<h2>Informaci\u00f3n sobre la camiseta:\u00a0<\/h2>\n<ul>\n<li>\u00a0<strong>Camiseta de calidad premium\u00a0<\/strong>:tiene un\u00a0<strong>alto gramaje<\/strong>, con materiales de calidad<\/li>\n<\/ul>\n<ul>\n<li>\n<strong>Ajuste holgado<\/strong>\u00a0:\u00a0\u00a0<strong>camiseta<\/strong>\u00a0con un\u00a0<strong>corte ancho<\/strong>, para mayor comodidad<\/li>\n<\/ul>\n<ul>\n<li>\n<strong>Muy c\u00f3modo\u00a0<\/strong>con estos\u00a0<strong>fibras<\/strong>\u00a0de\u00a0<strong>algod\u00f3n<\/strong>\u00a0excelente\u00a0<strong>suave<\/strong>, no hay\u00a0<strong>fricci\u00f3n<\/strong>\n<\/li>\n<\/ul>\n<ul>\n<li>\n<strong>Impresi\u00f3n digital 3D<\/strong>\u00a0:\u00a0<strong>camiseta estampada<\/strong>\u00a0con un dise\u00f1o original,\u00a0<strong>Impresi\u00f3n en lienzo<\/strong>\n<\/li>\n<\/ul>\n<ul>\n<li>\n<strong>Algod\u00f3n org\u00e1nico\u00a0<\/strong>:algod\u00f3n de calidad con\u00a0<strong>fibras extra largas<\/strong>\n<\/li>\n<\/ul>\n<ul>\n<li>\n<strong>Entrega gratuita\u00a0<\/strong>para cualquier compra<\/li>\n<\/ul>\n<h2><strong>No olvides echar un vistazo a la gu\u00eda de tallas que aparece a continuaci\u00f3n.<\/strong><\/h2>\n<p><meta charset=\"utf-8\"><\/p>\n<p><span><img decoding=\"async\" src=\"\/\/cdn.shopify.com\/s\/files\/1\/0087\/7556\/5348\/files\/boutque_one__piece__tableau__taille__t-shirt_ample_large.jpg?v=1559815124\" alt=\"Gu\u00eda de tallas de camisetas holgadas de One Piece Shop\"><\/span><\/p>\n<h3>Instrucciones de lavado:<\/h3>\n<ul>\n<li>Lavado a m\u00e1quina a 30\u00b0C, ciclo delicado.<\/li>\n<\/ul>\n<ul>\n<li>Planchar del rev\u00e9s<\/li>\n<\/ul>\n<p>Para<span>\u00a0<\/span><strong>preservar la calidad<\/strong><span>\u00a0<\/span>de esto<span>\u00a0<\/span><strong>Camiseta de One Piece<\/strong>, te recomendamos que<span>\u00a0<\/span><strong>respeto<\/strong><span>\u00a0<\/span>EL<span>\u00a0<\/span><strong>instrucciones de lavado<\/strong>.<\/p>","protected":false},"excerpt":{"rendered":"<p>Camiseta de One Piece Monkey D. Luffy, Futuro Rey de los Piratas. \u00a1Una camiseta de gran calidad para un pirata como t\u00fa! Si eres un pirata de verdad, apreciar\u00e1s la calidad de la tela y la impresi\u00f3n 3D en lienzo de esta camiseta de One Piece. Pero lo m\u00e1s importante es que, con esta camiseta estampada, formar\u00e1s parte del grupo de fans del manga pirata y obtendr\u00e1s: La admiraci\u00f3n de todos los fans de Sombrero de Paja que conozcas. Una camiseta estampada de verdad con [\u2026]<\/p>","protected":false},"featured_media":13447,"comment_status":"open","ping_status":"open","template":"","meta":[],"product_brand":[],"product_cat":[53],"product_tag":[92],"class_list":{"0":"post-13445","1":"product","2":"type-product","3":"status-publish","4":"has-post-thumbnail","6":"product_cat-t-shirts-one-piece","7":"product_tag-luffy","9":"first","10":"instock","11":"purchasable","12":"product-type-variable","13":"has-default-attributes"},"yoast_head":"<!-- This site is optimized with the Yoast SEO plugin v27.5 - https:\/\/yoast.com\/product\/yoast-seo-wordpress\/ -->\n<title>T-Shirt One Piece Luffy au Chapeau de Paille Roi Des Pirates \u2013 Boutique One Piece<\/title>\n<meta name=\"description\" content=\"T-Shirt One Piece Monkey D. Luffy Futur Roi des Pirates Haute Qualit\u00e9 100% Coton Toi aussi Porte ce T-Shirt et Partage ta passion pour le Capitaine des Mugiwara\" \/>\n<meta name=\"robots\" content=\"index, follow, max-snippet:-1, max-image-preview:large, max-video-preview:-1\" \/>\n<link rel=\"canonical\" href=\"https:\/\/boutique-one-piece.com\/es\/ropa-de-una-pieza\/camisetas-de-one-piece\/camiseta-de-una-pieza-luffy-rey-de-los-piratas\/\" \/>\n<meta property=\"og:locale\" content=\"es_ES\" \/>\n<meta property=\"og:type\" content=\"article\" \/>\n<meta property=\"og:title\" content=\"T-Shirt One Piece Luffy au Chapeau de Paille Roi Des Pirates \u2013 Boutique One Piece\" \/>\n<meta property=\"og:description\" content=\"T-Shirt One Piece Monkey D. Luffy Futur Roi des Pirates Haute Qualit\u00e9 100% Coton Toi aussi Porte ce T-Shirt et Partage ta passion pour le Capitaine des Mugiwara\" \/>\n<meta property=\"og:url\" content=\"https:\/\/boutique-one-piece.com\/es\/ropa-de-una-pieza\/camisetas-de-one-piece\/camiseta-de-una-pieza-luffy-rey-de-los-piratas\/\" \/>\n<meta property=\"og:site_name\" content=\"Boutique One Piece\" \/>\n<meta property=\"article:modified_time\" content=\"2024-09-16T13:16:51+00:00\" \/>\n<meta property=\"og:image\" content=\"https:\/\/boutique-one-piece.com\/wp-content\/uploads\/2022\/09\/T-Shirt-One-Piece-Luffy-Roi-Des-Pirates.jpg\" \/>\n\t<meta property=\"og:image:width\" content=\"600\" \/>\n\t<meta property=\"og:image:height\" content=\"600\" \/>\n\t<meta property=\"og:image:type\" content=\"image\/jpeg\" \/>\n<meta name=\"twitter:card\" content=\"summary_large_image\" \/>\n<meta name=\"twitter:label1\" content=\"Tiempo de lectura\" \/>\n\t<meta name=\"twitter:data1\" content=\"2 minutos\" \/>\n<script type=\"application\/ld+json\" class=\"yoast-schema-graph\">{\"@context\":\"https:\\\/\\\/schema.org\",\"@graph\":[{\"@type\":\"WebPage\",\"@id\":\"https:\\\/\\\/boutique-one-piece.com\\\/vetements-one-piece\\\/t-shirts-one-piece\\\/tee-shirt-one-piece-luffy-roi-des-pirates\\\/\",\"url\":\"https:\\\/\\\/boutique-one-piece.com\\\/vetements-one-piece\\\/t-shirts-one-piece\\\/tee-shirt-one-piece-luffy-roi-des-pirates\\\/\",\"name\":\"T-Shirt One Piece Luffy au Chapeau de Paille Roi Des Pirates \u2013 Boutique One Piece\",\"isPartOf\":{\"@id\":\"https:\\\/\\\/boutique-one-piece.com\\\/#website\"},\"primaryImageOfPage\":{\"@id\":\"https:\\\/\\\/boutique-one-piece.com\\\/vetements-one-piece\\\/t-shirts-one-piece\\\/tee-shirt-one-piece-luffy-roi-des-pirates\\\/#primaryimage\"},\"image\":{\"@id\":\"https:\\\/\\\/boutique-one-piece.com\\\/vetements-one-piece\\\/t-shirts-one-piece\\\/tee-shirt-one-piece-luffy-roi-des-pirates\\\/#primaryimage\"},\"thumbnailUrl\":\"https:\\\/\\\/boutique-one-piece.com\\\/wp-content\\\/uploads\\\/2022\\\/09\\\/T-Shirt-One-Piece-Luffy-Roi-Des-Pirates.jpg\",\"datePublished\":\"2022-09-27T21:20:34+00:00\",\"dateModified\":\"2024-09-16T13:16:51+00:00\",\"description\":\"T-Shirt One Piece Monkey D. Luffy Futur Roi des Pirates Haute Qualit\u00e9 100% Coton Toi aussi Porte ce T-Shirt et Partage ta passion pour le Capitaine des Mugiwara\",\"breadcrumb\":{\"@id\":\"https:\\\/\\\/boutique-one-piece.com\\\/vetements-one-piece\\\/t-shirts-one-piece\\\/tee-shirt-one-piece-luffy-roi-des-pirates\\\/#breadcrumb\"},\"inLanguage\":\"es\",\"potentialAction\":[{\"@type\":\"ReadAction\",\"target\":[\"https:\\\/\\\/boutique-one-piece.com\\\/vetements-one-piece\\\/t-shirts-one-piece\\\/tee-shirt-one-piece-luffy-roi-des-pirates\\\/\"]}]},{\"@type\":\"ImageObject\",\"inLanguage\":\"es\",\"@id\":\"https:\\\/\\\/boutique-one-piece.com\\\/vetements-one-piece\\\/t-shirts-one-piece\\\/tee-shirt-one-piece-luffy-roi-des-pirates\\\/#primaryimage\",\"url\":\"https:\\\/\\\/boutique-one-piece.com\\\/wp-content\\\/uploads\\\/2022\\\/09\\\/T-Shirt-One-Piece-Luffy-Roi-Des-Pirates.jpg\",\"contentUrl\":\"https:\\\/\\\/boutique-one-piece.com\\\/wp-content\\\/uploads\\\/2022\\\/09\\\/T-Shirt-One-Piece-Luffy-Roi-Des-Pirates.jpg\",\"width\":600,\"height\":600,\"caption\":\"T-Shirt One Piece Luffy Roi Des Pirates XXL\"},{\"@type\":\"BreadcrumbList\",\"@id\":\"https:\\\/\\\/boutique-one-piece.com\\\/vetements-one-piece\\\/t-shirts-one-piece\\\/tee-shirt-one-piece-luffy-roi-des-pirates\\\/#breadcrumb\",\"itemListElement\":[{\"@type\":\"ListItem\",\"position\":1,\"name\":\"Home\",\"item\":\"https:\\\/\\\/boutique-one-piece.com\\\/\"},{\"@type\":\"ListItem\",\"position\":2,\"name\":\"Shop\",\"item\":\"https:\\\/\\\/boutique-one-piece.com\\\/shop\\\/\"},{\"@type\":\"ListItem\",\"position\":3,\"name\":\"T-Shirt One Piece Luffy Roi Des Pirates\"}]},{\"@type\":\"WebSite\",\"@id\":\"https:\\\/\\\/boutique-one-piece.com\\\/#website\",\"url\":\"https:\\\/\\\/boutique-one-piece.com\\\/\",\"name\":\"Boutique One Piece\",\"description\":\"Magasin Sp\u00e9cialis\u00e9 du Manga et l&#039;Anime One Piece\",\"publisher\":{\"@id\":\"https:\\\/\\\/boutique-one-piece.com\\\/#organization\"},\"potentialAction\":[{\"@type\":\"SearchAction\",\"target\":{\"@type\":\"EntryPoint\",\"urlTemplate\":\"https:\\\/\\\/boutique-one-piece.com\\\/?s={search_term_string}\"},\"query-input\":{\"@type\":\"PropertyValueSpecification\",\"valueRequired\":true,\"valueName\":\"search_term_string\"}}],\"inLanguage\":\"es\"},{\"@type\":\"Organization\",\"@id\":\"https:\\\/\\\/boutique-one-piece.com\\\/#organization\",\"name\":\"Boutique One Piece\",\"url\":\"https:\\\/\\\/boutique-one-piece.com\\\/\",\"logo\":{\"@type\":\"ImageObject\",\"inLanguage\":\"es\",\"@id\":\"https:\\\/\\\/boutique-one-piece.com\\\/#\\\/schema\\\/logo\\\/image\\\/\",\"url\":\"https:\\\/\\\/boutique-one-piece.com\\\/wp-content\\\/uploads\\\/2022\\\/09\\\/Logo-01.png\",\"contentUrl\":\"https:\\\/\\\/boutique-one-piece.com\\\/wp-content\\\/uploads\\\/2022\\\/09\\\/Logo-01.png\",\"width\":2318,\"height\":957,\"caption\":\"Boutique One Piece\"},\"image\":{\"@id\":\"https:\\\/\\\/boutique-one-piece.com\\\/#\\\/schema\\\/logo\\\/image\\\/\"}}]}<\/script>\n<!-- \/ Yoast SEO plugin. -->","yoast_head_json":{"title":"Camiseta de Luffy del Rey Pirata Sombrero de Paja de One Piece \u2013 Tienda One Piece","description":"Camiseta One Piece Monkey D. Luffy Future King of the Pirates Algod\u00f3n 100% de alta calidad T\u00fa tambi\u00e9n puedes usar esta camiseta y compartir tu pasi\u00f3n por el Capit\u00e1n Sombrero de Paja","robots":{"index":"index","follow":"follow","max-snippet":"max-snippet:-1","max-image-preview":"max-image-preview:large","max-video-preview":"max-video-preview:-1"},"canonical":"https:\/\/boutique-one-piece.com\/es\/ropa-de-una-pieza\/camisetas-de-one-piece\/camiseta-de-una-pieza-luffy-rey-de-los-piratas\/","og_locale":"es_ES","og_type":"article","og_title":"T-Shirt One Piece Luffy au Chapeau de Paille Roi Des Pirates \u2013 Boutique One Piece","og_description":"T-Shirt One Piece Monkey D. Luffy Futur Roi des Pirates Haute Qualit\u00e9 100% Coton Toi aussi Porte ce T-Shirt et Partage ta passion pour le Capitaine des Mugiwara","og_url":"https:\/\/boutique-one-piece.com\/es\/ropa-de-una-pieza\/camisetas-de-one-piece\/camiseta-de-una-pieza-luffy-rey-de-los-piratas\/","og_site_name":"Boutique One Piece","article_modified_time":"2024-09-16T13:16:51+00:00","og_image":[{"width":600,"height":600,"url":"https:\/\/boutique-one-piece.com\/wp-content\/uploads\/2022\/09\/T-Shirt-One-Piece-Luffy-Roi-Des-Pirates.jpg","type":"image\/jpeg"}],"twitter_card":"summary_large_image","twitter_misc":{"Tiempo de lectura":"2 minutos"},"schema":{"@context":"https:\/\/schema.org","@graph":[{"@type":"WebPage","@id":"https:\/\/boutique-one-piece.com\/vetements-one-piece\/t-shirts-one-piece\/tee-shirt-one-piece-luffy-roi-des-pirates\/","url":"https:\/\/boutique-one-piece.com\/vetements-one-piece\/t-shirts-one-piece\/tee-shirt-one-piece-luffy-roi-des-pirates\/","name":"Camiseta de Luffy del Rey Pirata Sombrero de Paja de One Piece \u2013 Tienda One Piece","isPartOf":{"@id":"https:\/\/boutique-one-piece.com\/#website"},"primaryImageOfPage":{"@id":"https:\/\/boutique-one-piece.com\/vetements-one-piece\/t-shirts-one-piece\/tee-shirt-one-piece-luffy-roi-des-pirates\/#primaryimage"},"image":{"@id":"https:\/\/boutique-one-piece.com\/vetements-one-piece\/t-shirts-one-piece\/tee-shirt-one-piece-luffy-roi-des-pirates\/#primaryimage"},"thumbnailUrl":"https:\/\/boutique-one-piece.com\/wp-content\/uploads\/2022\/09\/T-Shirt-One-Piece-Luffy-Roi-Des-Pirates.jpg","datePublished":"2022-09-27T21:20:34+00:00","dateModified":"2024-09-16T13:16:51+00:00","description":"Camiseta One Piece Monkey D. Luffy Future King of the Pirates Algod\u00f3n 100% de alta calidad T\u00fa tambi\u00e9n puedes usar esta camiseta y compartir tu pasi\u00f3n por el Capit\u00e1n Sombrero de Paja","breadcrumb":{"@id":"https:\/\/boutique-one-piece.com\/vetements-one-piece\/t-shirts-one-piece\/tee-shirt-one-piece-luffy-roi-des-pirates\/#breadcrumb"},"inLanguage":"es","potentialAction":[{"@type":"ReadAction","target":["https:\/\/boutique-one-piece.com\/vetements-one-piece\/t-shirts-one-piece\/tee-shirt-one-piece-luffy-roi-des-pirates\/"]}]},{"@type":"ImageObject","inLanguage":"es","@id":"https:\/\/boutique-one-piece.com\/vetements-one-piece\/t-shirts-one-piece\/tee-shirt-one-piece-luffy-roi-des-pirates\/#primaryimage","url":"https:\/\/boutique-one-piece.com\/wp-content\/uploads\/2022\/09\/T-Shirt-One-Piece-Luffy-Roi-Des-Pirates.jpg","contentUrl":"https:\/\/boutique-one-piece.com\/wp-content\/uploads\/2022\/09\/T-Shirt-One-Piece-Luffy-Roi-Des-Pirates.jpg","width":600,"height":600,"caption":"T-Shirt One Piece Luffy Roi Des Pirates XXL"},{"@type":"BreadcrumbList","@id":"https:\/\/boutique-one-piece.com\/vetements-one-piece\/t-shirts-one-piece\/tee-shirt-one-piece-luffy-roi-des-pirates\/#breadcrumb","itemListElement":[{"@type":"ListItem","position":1,"name":"Home","item":"https:\/\/boutique-one-piece.com\/"},{"@type":"ListItem","position":2,"name":"Shop","item":"https:\/\/boutique-one-piece.com\/shop\/"},{"@type":"ListItem","position":3,"name":"T-Shirt One Piece Luffy Roi Des Pirates"}]},{"@type":"WebSite","@id":"https:\/\/boutique-one-piece.com\/#website","url":"https:\/\/boutique-one-piece.com\/","name":"Tienda de One Piece","description":"Tienda especializada en manga y anime de One Piece","publisher":{"@id":"https:\/\/boutique-one-piece.com\/#organization"},"potentialAction":[{"@type":"SearchAction","target":{"@type":"EntryPoint","urlTemplate":"https:\/\/boutique-one-piece.com\/?s={search_term_string}"},"query-input":{"@type":"PropertyValueSpecification","valueRequired":true,"valueName":"search_term_string"}}],"inLanguage":"es"},{"@type":"Organization","@id":"https:\/\/boutique-one-piece.com\/#organization","name":"Tienda de One Piece","url":"https:\/\/boutique-one-piece.com\/","logo":{"@type":"ImageObject","inLanguage":"es","@id":"https:\/\/boutique-one-piece.com\/#\/schema\/logo\/image\/","url":"https:\/\/boutique-one-piece.com\/wp-content\/uploads\/2022\/09\/Logo-01.png","contentUrl":"https:\/\/boutique-one-piece.com\/wp-content\/uploads\/2022\/09\/Logo-01.png","width":2318,"height":957,"caption":"Boutique One Piece"},"image":{"@id":"https:\/\/boutique-one-piece.com\/#\/schema\/logo\/image\/"}}]}},"_links":{"self":[{"href":"https:\/\/boutique-one-piece.com\/es\/wp-json\/wp\/v2\/product\/13445","targetHints":{"allow":["GET"]}}],"collection":[{"href":"https:\/\/boutique-one-piece.com\/es\/wp-json\/wp\/v2\/product"}],"about":[{"href":"https:\/\/boutique-one-piece.com\/es\/wp-json\/wp\/v2\/types\/product"}],"replies":[{"embeddable":true,"href":"https:\/\/boutique-one-piece.com\/es\/wp-json\/wp\/v2\/comments?post=13445"}],"wp:featuredmedia":[{"embeddable":true,"href":"https:\/\/boutique-one-piece.com\/es\/wp-json\/wp\/v2\/media\/13447"}],"wp:attachment":[{"href":"https:\/\/boutique-one-piece.com\/es\/wp-json\/wp\/v2\/media?parent=13445"}],"wp:term":[{"taxonomy":"product_brand","embeddable":true,"href":"https:\/\/boutique-one-piece.com\/es\/wp-json\/wp\/v2\/product_brand?post=13445"},{"taxonomy":"product_cat","embeddable":true,"href":"https:\/\/boutique-one-piece.com\/es\/wp-json\/wp\/v2\/product_cat?post=13445"},{"taxonomy":"product_tag","embeddable":true,"href":"https:\/\/boutique-one-piece.com\/es\/wp-json\/wp\/v2\/product_tag?post=13445"}],"curies":[{"name":"wp","href":"https:\/\/api.w.org\/{rel}","templated":true}]}}