{"id":13477,"date":"2022-09-27T21:20:34","date_gmt":"2022-09-27T21:20:34","guid":{"rendered":"https:\/\/boutique-one-piece.com\/uncategorized\/figurine-one-piece-sanji-la-jambe-noire\/"},"modified":"2024-09-16T13:17:10","modified_gmt":"2024-09-16T13:17:10","slug":"figura-de-sanji-de-one-piece-con-piernas-negras","status":"publish","type":"product","link":"https:\/\/boutique-one-piece.com\/es\/articulos-de-one-piece\/golosinas-vinsmoke-sanji-one-piece\/figura-de-sanji-de-one-piece-con-piernas-negras\/","title":{"rendered":"Figura de Sanji de One Piece con piernas negras"},"content":{"rendered":"<h2>Joven pirata, ha llegado el momento de que tengas en tus manos esta figura de One Piece Sanji Black Leg.<\/h2>\n<p>Sanji, nacido como Vinsmoke Sanji antes de renunciar a su apellido, es apodado <strong>Sanji el Pierna Negra<\/strong>. Tambi\u00e9n lo es<strong> el cocinero<\/strong> De la Banda del Sombrero de Paja. Es el heredero de un arte marcial con la peculiaridad de usar solo las piernas, del cual Zeff es el supuesto creador.<\/p>\n<p>Hablando de Zeff, deber\u00edan saber que es un expirata conocido como Zeff Pata Roja. Tambi\u00e9n es el chef del barco restaurante Baratie. Es el mentor de Sanji y parece haberle ense\u00f1ado sus t\u00e9cnicas. Por cierto, si son fans de este d\u00fao, <a title=\"FIGURA DE ONE PIECE ZEFF Y SANJI\" href=\"https:\/\/boutique-one-piece.com\/es\/figura-de-una-pieza-de-zeff-y-sanji\/\" target=\"_blank\" rel=\"noopener\">Figura de Sanji y Zelf<\/a> Est\u00e1 a tu alcance.<\/p>\n<h3>\u00bfTe ha cautivado la figura de Sanji? Si es as\u00ed, no lo dudes m\u00e1s y aprovecha esta oportunidad para aprender este arte marcial junto a \u00e9l.<\/h3>\n<p>Joven pirata, ha llegado el momento de embarcarte en el Thousand Sunny y partir en busca de la <strong>Tesoro de One Piece<\/strong> Para lograrlo, consigue ya estos art\u00edculos legendarios. Perfectos para regalar, decorar o coleccionar, estos art\u00edculos expandir\u00e1n tu universo de One Piece. Toma las riendas de tu destino. <strong>joven pirata,<\/strong> \u00a1Te esperan muchas aventuras!<\/p>\n<h2>Informaci\u00f3n sobre la figura de Sanji Pierna Negra\u00a0<\/h2>\n<ul>\n<li><span><b><u>Figura de One Piece<\/u><\/b>\u00a0Figura premium de One Piece para aut\u00e9nticos piratas.<\/span><\/li>\n<\/ul>\n<ul>\n<li>\n<b>Asunto<\/b><span>\u00a0<\/span>CLORURO DE POLIVINILO<\/li>\n<\/ul>\n<ul>\n<li><span><strong>Dimensi\u00f3n<\/strong>\u00a0:16 cent\u00edmetros<\/span><\/li>\n<\/ul>\n<ul>\n<li><span><strong>ENTREGA GRATUITA<\/strong><\/span><\/li>\n<\/ul>","protected":false},"excerpt":{"rendered":"<p>Joven pirata, ha llegado el momento de que consigas esta figura de Sanji Pierna Negra de One Piece. Sanji, cuyo verdadero nombre era Vinsmoke Sanji antes de renunciar a su apellido, es apodado Sanji Pierna Negra. Tambi\u00e9n es el cocinero de la tripulaci\u00f3n del Sombrero de Paja. Es el heredero de un arte marcial basado en [\u2026]<\/p>","protected":false},"featured_media":13479,"comment_status":"open","ping_status":"open","template":"","meta":[],"product_brand":[],"product_cat":[76,275,164],"product_tag":[112],"class_list":{"0":"post-13477","1":"product","2":"type-product","3":"status-publish","4":"has-post-thumbnail","6":"product_cat-figurines-one-piece","7":"product_cat-figurines-vinsmoke-sanji","8":"product_cat-goodies-vinsmoke-sanji-one-piece","9":"product_tag-sanji","11":"first","12":"instock","13":"purchasable","14":"product-type-simple"},"yoast_head":"<!-- This site is optimized with the Yoast SEO plugin v27.5 - https:\/\/yoast.com\/product\/yoast-seo-wordpress\/ -->\n<title>Figurine One Piece Sanji la Jambe Noire | Figurine One Piece \u2013 Boutique One Piece<\/title>\n<meta name=\"description\" content=\"Jeune pirate, le moment est venu pour toi de te procurer cette Figurine One Piece Sanji la Jambe Noire. Sanji, n\u00e9 Vinsmoke Sanji avant de renoncer \u00e0 son nom de famille, est surnomm\u00e9 Sanji la Jambe Noire. C&#039;est aussi le cuisinier de l&#039;\u00c9quipage de Chapeau de Paille. Il est l&#039;h\u00e9ritier d&#039;un art martial pr\u00e9sentant la partic\" \/>\n<meta name=\"robots\" content=\"index, follow, max-snippet:-1, max-image-preview:large, max-video-preview:-1\" \/>\n<link rel=\"canonical\" href=\"https:\/\/boutique-one-piece.com\/es\/figuras-de-one-piece\/figuras-de-vinsmoke-sanji\/figura-de-sanji-de-one-piece-con-piernas-negras\/\" \/>\n<meta property=\"og:locale\" content=\"es_ES\" \/>\n<meta property=\"og:type\" content=\"article\" \/>\n<meta property=\"og:title\" content=\"Figurine One Piece Sanji la Jambe Noire | Figurine One Piece \u2013 Boutique One Piece\" \/>\n<meta property=\"og:description\" content=\"Jeune pirate, le moment est venu pour toi de te procurer cette Figurine One Piece Sanji la Jambe Noire. Sanji, n\u00e9 Vinsmoke Sanji avant de renoncer \u00e0 son nom de famille, est surnomm\u00e9 Sanji la Jambe Noire. C&#039;est aussi le cuisinier de l&#039;\u00c9quipage de Chapeau de Paille. Il est l&#039;h\u00e9ritier d&#039;un art martial pr\u00e9sentant la partic\" \/>\n<meta property=\"og:url\" content=\"https:\/\/boutique-one-piece.com\/es\/figuras-de-one-piece\/figuras-de-vinsmoke-sanji\/figura-de-sanji-de-one-piece-con-piernas-negras\/\" \/>\n<meta property=\"og:site_name\" content=\"Boutique One Piece\" \/>\n<meta property=\"article:modified_time\" content=\"2024-09-16T13:17:10+00:00\" \/>\n<meta property=\"og:image\" content=\"https:\/\/boutique-one-piece.com\/wp-content\/uploads\/2022\/09\/Figurine-One-Piece-Sanji-la-Jambe-Noire-1.jpg\" \/>\n\t<meta property=\"og:image:width\" content=\"800\" \/>\n\t<meta property=\"og:image:height\" content=\"800\" \/>\n\t<meta property=\"og:image:type\" content=\"image\/jpeg\" \/>\n<meta name=\"twitter:card\" content=\"summary_large_image\" \/>\n<meta name=\"twitter:label1\" content=\"Tiempo de lectura\" \/>\n\t<meta name=\"twitter:data1\" content=\"1 minuto\" \/>\n<script type=\"application\/ld+json\" class=\"yoast-schema-graph\">{\"@context\":\"https:\\\/\\\/schema.org\",\"@graph\":[{\"@type\":\"WebPage\",\"@id\":\"https:\\\/\\\/boutique-one-piece.com\\\/figurines-one-piece\\\/figurines-vinsmoke-sanji\\\/figurine-one-piece-sanji-la-jambe-noire\\\/\",\"url\":\"https:\\\/\\\/boutique-one-piece.com\\\/figurines-one-piece\\\/figurines-vinsmoke-sanji\\\/figurine-one-piece-sanji-la-jambe-noire\\\/\",\"name\":\"Figurine One Piece Sanji la Jambe Noire | Figurine One Piece \u2013 Boutique One Piece\",\"isPartOf\":{\"@id\":\"https:\\\/\\\/boutique-one-piece.com\\\/#website\"},\"primaryImageOfPage\":{\"@id\":\"https:\\\/\\\/boutique-one-piece.com\\\/figurines-one-piece\\\/figurines-vinsmoke-sanji\\\/figurine-one-piece-sanji-la-jambe-noire\\\/#primaryimage\"},\"image\":{\"@id\":\"https:\\\/\\\/boutique-one-piece.com\\\/figurines-one-piece\\\/figurines-vinsmoke-sanji\\\/figurine-one-piece-sanji-la-jambe-noire\\\/#primaryimage\"},\"thumbnailUrl\":\"https:\\\/\\\/boutique-one-piece.com\\\/wp-content\\\/uploads\\\/2022\\\/09\\\/Figurine-One-Piece-Sanji-la-Jambe-Noire-1.jpg\",\"datePublished\":\"2022-09-27T21:20:34+00:00\",\"dateModified\":\"2024-09-16T13:17:10+00:00\",\"description\":\"Jeune pirate, le moment est venu pour toi de te procurer cette Figurine One Piece Sanji la Jambe Noire. Sanji, n\u00e9 Vinsmoke Sanji avant de renoncer \u00e0 son nom de famille, est surnomm\u00e9 Sanji la Jambe Noire. C'est aussi le cuisinier de l'\u00c9quipage de Chapeau de Paille. Il est l'h\u00e9ritier d'un art martial pr\u00e9sentant la partic\",\"breadcrumb\":{\"@id\":\"https:\\\/\\\/boutique-one-piece.com\\\/figurines-one-piece\\\/figurines-vinsmoke-sanji\\\/figurine-one-piece-sanji-la-jambe-noire\\\/#breadcrumb\"},\"inLanguage\":\"es\",\"potentialAction\":[{\"@type\":\"ReadAction\",\"target\":[\"https:\\\/\\\/boutique-one-piece.com\\\/figurines-one-piece\\\/figurines-vinsmoke-sanji\\\/figurine-one-piece-sanji-la-jambe-noire\\\/\"]}]},{\"@type\":\"ImageObject\",\"inLanguage\":\"es\",\"@id\":\"https:\\\/\\\/boutique-one-piece.com\\\/figurines-one-piece\\\/figurines-vinsmoke-sanji\\\/figurine-one-piece-sanji-la-jambe-noire\\\/#primaryimage\",\"url\":\"https:\\\/\\\/boutique-one-piece.com\\\/wp-content\\\/uploads\\\/2022\\\/09\\\/Figurine-One-Piece-Sanji-la-Jambe-Noire-1.jpg\",\"contentUrl\":\"https:\\\/\\\/boutique-one-piece.com\\\/wp-content\\\/uploads\\\/2022\\\/09\\\/Figurine-One-Piece-Sanji-la-Jambe-Noire-1.jpg\",\"width\":800,\"height\":800},{\"@type\":\"BreadcrumbList\",\"@id\":\"https:\\\/\\\/boutique-one-piece.com\\\/figurines-one-piece\\\/figurines-vinsmoke-sanji\\\/figurine-one-piece-sanji-la-jambe-noire\\\/#breadcrumb\",\"itemListElement\":[{\"@type\":\"ListItem\",\"position\":1,\"name\":\"Home\",\"item\":\"https:\\\/\\\/boutique-one-piece.com\\\/\"},{\"@type\":\"ListItem\",\"position\":2,\"name\":\"Shop\",\"item\":\"https:\\\/\\\/boutique-one-piece.com\\\/shop\\\/\"},{\"@type\":\"ListItem\",\"position\":3,\"name\":\"Figurine One Piece Sanji la Jambe Noire\"}]},{\"@type\":\"WebSite\",\"@id\":\"https:\\\/\\\/boutique-one-piece.com\\\/#website\",\"url\":\"https:\\\/\\\/boutique-one-piece.com\\\/\",\"name\":\"Boutique One Piece\",\"description\":\"Magasin Sp\u00e9cialis\u00e9 du Manga et l&#039;Anime One Piece\",\"publisher\":{\"@id\":\"https:\\\/\\\/boutique-one-piece.com\\\/#organization\"},\"potentialAction\":[{\"@type\":\"SearchAction\",\"target\":{\"@type\":\"EntryPoint\",\"urlTemplate\":\"https:\\\/\\\/boutique-one-piece.com\\\/?s={search_term_string}\"},\"query-input\":{\"@type\":\"PropertyValueSpecification\",\"valueRequired\":true,\"valueName\":\"search_term_string\"}}],\"inLanguage\":\"es\"},{\"@type\":\"Organization\",\"@id\":\"https:\\\/\\\/boutique-one-piece.com\\\/#organization\",\"name\":\"Boutique One Piece\",\"url\":\"https:\\\/\\\/boutique-one-piece.com\\\/\",\"logo\":{\"@type\":\"ImageObject\",\"inLanguage\":\"es\",\"@id\":\"https:\\\/\\\/boutique-one-piece.com\\\/#\\\/schema\\\/logo\\\/image\\\/\",\"url\":\"https:\\\/\\\/boutique-one-piece.com\\\/wp-content\\\/uploads\\\/2022\\\/09\\\/Logo-01.png\",\"contentUrl\":\"https:\\\/\\\/boutique-one-piece.com\\\/wp-content\\\/uploads\\\/2022\\\/09\\\/Logo-01.png\",\"width\":2318,\"height\":957,\"caption\":\"Boutique One Piece\"},\"image\":{\"@id\":\"https:\\\/\\\/boutique-one-piece.com\\\/#\\\/schema\\\/logo\\\/image\\\/\"}}]}<\/script>\n<!-- \/ Yoast SEO plugin. -->","yoast_head_json":{"title":"Figura de Sanji Pierna Negra de One Piece | Figura de One Piece \u2013 Tienda One Piece","description":"Joven pirata, ha llegado el momento de que consigas esta figura de Sanji Pierna Negra de One Piece. Sanji, cuyo verdadero nombre era Vinsmoke Sanji antes de renunciar a su apellido, es apodado Sanji Pierna Negra. Tambi\u00e9n es el cocinero de la tripulaci\u00f3n del Sombrero de Paja. Es el heredero de un arte marcial basado en la pr\u00e1ctica de...","robots":{"index":"index","follow":"follow","max-snippet":"max-snippet:-1","max-image-preview":"max-image-preview:large","max-video-preview":"max-video-preview:-1"},"canonical":"https:\/\/boutique-one-piece.com\/es\/figuras-de-one-piece\/figuras-de-vinsmoke-sanji\/figura-de-sanji-de-one-piece-con-piernas-negras\/","og_locale":"es_ES","og_type":"article","og_title":"Figurine One Piece Sanji la Jambe Noire | Figurine One Piece \u2013 Boutique One Piece","og_description":"Jeune pirate, le moment est venu pour toi de te procurer cette Figurine One Piece Sanji la Jambe Noire. Sanji, n\u00e9 Vinsmoke Sanji avant de renoncer \u00e0 son nom de famille, est surnomm\u00e9 Sanji la Jambe Noire. C'est aussi le cuisinier de l'\u00c9quipage de Chapeau de Paille. Il est l'h\u00e9ritier d'un art martial pr\u00e9sentant la partic","og_url":"https:\/\/boutique-one-piece.com\/es\/figuras-de-one-piece\/figuras-de-vinsmoke-sanji\/figura-de-sanji-de-one-piece-con-piernas-negras\/","og_site_name":"Boutique One Piece","article_modified_time":"2024-09-16T13:17:10+00:00","og_image":[{"width":800,"height":800,"url":"https:\/\/boutique-one-piece.com\/wp-content\/uploads\/2022\/09\/Figurine-One-Piece-Sanji-la-Jambe-Noire-1.jpg","type":"image\/jpeg"}],"twitter_card":"summary_large_image","twitter_misc":{"Tiempo de lectura":"1 minuto"},"schema":{"@context":"https:\/\/schema.org","@graph":[{"@type":"WebPage","@id":"https:\/\/boutique-one-piece.com\/figurines-one-piece\/figurines-vinsmoke-sanji\/figurine-one-piece-sanji-la-jambe-noire\/","url":"https:\/\/boutique-one-piece.com\/figurines-one-piece\/figurines-vinsmoke-sanji\/figurine-one-piece-sanji-la-jambe-noire\/","name":"Figura de Sanji Pierna Negra de One Piece | Figura de One Piece \u2013 Tienda One Piece","isPartOf":{"@id":"https:\/\/boutique-one-piece.com\/#website"},"primaryImageOfPage":{"@id":"https:\/\/boutique-one-piece.com\/figurines-one-piece\/figurines-vinsmoke-sanji\/figurine-one-piece-sanji-la-jambe-noire\/#primaryimage"},"image":{"@id":"https:\/\/boutique-one-piece.com\/figurines-one-piece\/figurines-vinsmoke-sanji\/figurine-one-piece-sanji-la-jambe-noire\/#primaryimage"},"thumbnailUrl":"https:\/\/boutique-one-piece.com\/wp-content\/uploads\/2022\/09\/Figurine-One-Piece-Sanji-la-Jambe-Noire-1.jpg","datePublished":"2022-09-27T21:20:34+00:00","dateModified":"2024-09-16T13:17:10+00:00","description":"Joven pirata, ha llegado el momento de que consigas esta figura de Sanji Pierna Negra de One Piece. Sanji, cuyo verdadero nombre era Vinsmoke Sanji antes de renunciar a su apellido, es apodado Sanji Pierna Negra. Tambi\u00e9n es el cocinero de la tripulaci\u00f3n del Sombrero de Paja. Es el heredero de un arte marcial basado en la pr\u00e1ctica de...","breadcrumb":{"@id":"https:\/\/boutique-one-piece.com\/figurines-one-piece\/figurines-vinsmoke-sanji\/figurine-one-piece-sanji-la-jambe-noire\/#breadcrumb"},"inLanguage":"es","potentialAction":[{"@type":"ReadAction","target":["https:\/\/boutique-one-piece.com\/figurines-one-piece\/figurines-vinsmoke-sanji\/figurine-one-piece-sanji-la-jambe-noire\/"]}]},{"@type":"ImageObject","inLanguage":"es","@id":"https:\/\/boutique-one-piece.com\/figurines-one-piece\/figurines-vinsmoke-sanji\/figurine-one-piece-sanji-la-jambe-noire\/#primaryimage","url":"https:\/\/boutique-one-piece.com\/wp-content\/uploads\/2022\/09\/Figurine-One-Piece-Sanji-la-Jambe-Noire-1.jpg","contentUrl":"https:\/\/boutique-one-piece.com\/wp-content\/uploads\/2022\/09\/Figurine-One-Piece-Sanji-la-Jambe-Noire-1.jpg","width":800,"height":800},{"@type":"BreadcrumbList","@id":"https:\/\/boutique-one-piece.com\/figurines-one-piece\/figurines-vinsmoke-sanji\/figurine-one-piece-sanji-la-jambe-noire\/#breadcrumb","itemListElement":[{"@type":"ListItem","position":1,"name":"Home","item":"https:\/\/boutique-one-piece.com\/"},{"@type":"ListItem","position":2,"name":"Shop","item":"https:\/\/boutique-one-piece.com\/shop\/"},{"@type":"ListItem","position":3,"name":"Figurine One Piece Sanji la Jambe Noire"}]},{"@type":"WebSite","@id":"https:\/\/boutique-one-piece.com\/#website","url":"https:\/\/boutique-one-piece.com\/","name":"Tienda de One Piece","description":"Tienda especializada en manga y anime de One Piece","publisher":{"@id":"https:\/\/boutique-one-piece.com\/#organization"},"potentialAction":[{"@type":"SearchAction","target":{"@type":"EntryPoint","urlTemplate":"https:\/\/boutique-one-piece.com\/?s={search_term_string}"},"query-input":{"@type":"PropertyValueSpecification","valueRequired":true,"valueName":"search_term_string"}}],"inLanguage":"es"},{"@type":"Organization","@id":"https:\/\/boutique-one-piece.com\/#organization","name":"Tienda de One Piece","url":"https:\/\/boutique-one-piece.com\/","logo":{"@type":"ImageObject","inLanguage":"es","@id":"https:\/\/boutique-one-piece.com\/#\/schema\/logo\/image\/","url":"https:\/\/boutique-one-piece.com\/wp-content\/uploads\/2022\/09\/Logo-01.png","contentUrl":"https:\/\/boutique-one-piece.com\/wp-content\/uploads\/2022\/09\/Logo-01.png","width":2318,"height":957,"caption":"Boutique One Piece"},"image":{"@id":"https:\/\/boutique-one-piece.com\/#\/schema\/logo\/image\/"}}]}},"_links":{"self":[{"href":"https:\/\/boutique-one-piece.com\/es\/wp-json\/wp\/v2\/product\/13477","targetHints":{"allow":["GET"]}}],"collection":[{"href":"https:\/\/boutique-one-piece.com\/es\/wp-json\/wp\/v2\/product"}],"about":[{"href":"https:\/\/boutique-one-piece.com\/es\/wp-json\/wp\/v2\/types\/product"}],"replies":[{"embeddable":true,"href":"https:\/\/boutique-one-piece.com\/es\/wp-json\/wp\/v2\/comments?post=13477"}],"wp:featuredmedia":[{"embeddable":true,"href":"https:\/\/boutique-one-piece.com\/es\/wp-json\/wp\/v2\/media\/13479"}],"wp:attachment":[{"href":"https:\/\/boutique-one-piece.com\/es\/wp-json\/wp\/v2\/media?parent=13477"}],"wp:term":[{"taxonomy":"product_brand","embeddable":true,"href":"https:\/\/boutique-one-piece.com\/es\/wp-json\/wp\/v2\/product_brand?post=13477"},{"taxonomy":"product_cat","embeddable":true,"href":"https:\/\/boutique-one-piece.com\/es\/wp-json\/wp\/v2\/product_cat?post=13477"},{"taxonomy":"product_tag","embeddable":true,"href":"https:\/\/boutique-one-piece.com\/es\/wp-json\/wp\/v2\/product_tag?post=13477"}],"curies":[{"name":"wp","href":"https:\/\/api.w.org\/{rel}","templated":true}]}}