{"id":13530,"date":"2022-09-27T21:20:53","date_gmt":"2022-09-27T21:20:53","guid":{"rendered":"https:\/\/boutique-one-piece.com\/uncategorized\/tableau-one-piece-luffy-gangster\/"},"modified":"2024-09-18T03:11:57","modified_gmt":"2024-09-18T03:11:57","slug":"pintura-de-una-pieza-de-luffy-gangster","status":"publish","type":"product","link":"https:\/\/boutique-one-piece.com\/es\/articulos-de-one-piece\/roronoa-zoro-golosinas-de-una-pieza\/pintura-de-una-pieza-de-luffy-gangster\/","title":{"rendered":"Pintura de Luffy Gangster de One Piece"},"content":{"rendered":"<h2>Impresi\u00f3n en lienzo de 5 paneles de One Piece con la tripulaci\u00f3n del Sombrero de Paja como mafiosos. \u00a1Una impresi\u00f3n en lienzo de calidad para un pirata como t\u00fa!<\/h2>\n<p>Si eres un\u00a0<strong>pirata real<\/strong>, Usted apreciar\u00e1 el\u00a0<strong>calidad<\/strong>\u00a0Lienzo, pintura y un marco para sus\u00a0<strong>dise\u00f1os\u00a0<\/strong>Y\u00a0<strong>Impresi\u00f3n de lienzo 3D<\/strong>\u00a0de esto\u00a0<strong>Cuadro de cinco paneles de One Piece<\/strong>\u00a0Pero lo m\u00e1s importante es que con este gr\u00e1fico ser\u00e1s parte de\u00a0<strong>el equipo de fans<\/strong>\u00a0de\u00a0<strong>manga pirata<\/strong>\u00a0y obtendr\u00e1s:<\/p>\n<ul>\n<li>\u00a0<strong>Admiraci\u00f3n<\/strong>\u00a0De todos los fans de\u00a0<strong>mugiwara<\/strong>\u00a0que invitar\u00e1s a tu casa<\/li>\n<\/ul>\n<ul>\n<li>Un verdadero\u00a0<strong>Gr\u00e1fico impreso de 5 piezas<\/strong>\u00a0con el que puedes<strong>\u00a0imaginar <\/strong>en <strong>mafia<\/strong>\u00a0con\u00a0<strong>La tripulaci\u00f3n del Sombrero de Paja<\/strong>\n<\/li>\n<\/ul>\n<p>Entonces, \u00bfest\u00e1 listo para mostrar el\u00a0<strong>bandera <\/strong>de<strong><\/strong>s<b>\u00a0Mugiwaras<\/b>\u00a0?<\/p>\n<h2>\u00bfEres fan del manga o anime de One Piece? \u00a1Demu\u00e9stralo con este lienzo de 5 piezas de One Piece!<\/h2>\n<p>Si usted\u00a0<strong>leer<\/strong>\u00a0o donde sea que mires\u00a0<strong>el anime\u00a0<\/strong><strong>japon\u00e9s<\/strong>, Hay una buena posibilidad de que te hayas convertido\u00a0<strong>loco por One Piece<\/strong>\u00a0\u00a1Con esto!\u00a0<strong>Cuadro de 5 paneles Luffy Gangster<\/strong>, \u00danete a la\u2019<strong>tripulaci\u00f3n de fans de la franquicia<\/strong><\/p>\n<p>Este\u00a0<strong>cuadro<\/strong>\u00a0est\u00e1 disponible con un\u00a0<strong>marco de madera<\/strong>\u00a0la variante &quot;\u00ab\u00a0<strong>Con marco<\/strong>\u00ab&quot;Tambi\u00e9n es posible tener s\u00f3lo el\u00a0<strong>pa\u00f1o<\/strong>\u00a0con la variante &quot;\u00ab\u00a0<strong>Sin marco<\/strong>\u00abEncontrar\u00e1s la tabla en los tama\u00f1os\u00a0<strong>Peque\u00f1o<\/strong>,<strong>\u00a0PROMEDIO<\/strong>,<strong>\u00a0Grande<\/strong>,<strong>\u00a0SG<\/strong>, Se adaptar\u00e1 a todo tipo de piratas, incluso si no tienes\u00a0<strong>espada<\/strong>\u00a0o\u00a0<strong>fruta del diablo<\/strong>\u00a0Todav\u00eda puedes colgarlo con orgullo en casa.<\/p>\n<p>En esto <strong>cuadro de cinco piezas<\/strong>, Puedes ver <strong>Luffy<\/strong>, <strong>Zoro<\/strong>, <strong>Nami<\/strong>, <strong>Sanji<\/strong>, <strong>Petirrojo<\/strong>, <strong>Chopper<\/strong>, <strong>Franky<\/strong>, <strong>Brook<\/strong> Y <strong>Usopp<\/strong> que est\u00e1n vestidos con <strong>Mafiosos<\/strong> y armados hasta los dientes.<\/p>\n<h2>Informaci\u00f3n sobre la pintura:<\/h2>\n<ul>\n<li>\n<strong>Lienzo impreso de alta calidad\u00a0<\/strong>:lienzo de pared hecho de <strong>algod\u00f3n<\/strong> y <strong>lino<\/strong>, para obtener una <strong>pa\u00f1o<\/strong> digno del nombre<\/li>\n<\/ul>\n<ul>\n<li>\n<strong>Pintura de dise\u00f1o ultra<\/strong>\u00a0La tabla de cinco partes proporciona mucha informaci\u00f3n <strong>estilo<\/strong> a un <strong>pedazo<\/strong>, Los fan\u00e1ticos no pueden evitar amarlo.<\/li>\n<\/ul>\n<ul style=\"font-weight: 400\">\n<li>\n<strong>Color e impresi\u00f3n\u00a0<\/strong>Cuadro de One Piece con estampado <strong>Canva<\/strong> El referente en la impresi\u00f3n sobre lienzo<\/li>\n<\/ul>\n<ul style=\"font-weight: 400\">\n<li>\n<strong>Arte de pared ligero<\/strong>\u00a0: gran entorno <strong>luz,<\/strong> Todo lo que se necesita es uno <strong>clavo<\/strong> o de la <strong>pierna fija<\/strong> Para el <strong>mantener<\/strong> En <strong>muro<\/strong>\n<\/li>\n<\/ul>\n<ul style=\"font-weight: 400\">\n<li>\n<strong>Marco de madera<\/strong>\u00a0:la variante &quot;\u00ab\u00a0<strong>Con marco<\/strong>\u00a0\u00bb va acompa\u00f1ado de un <strong>marco de madera<\/strong> y la versi\u00f3n &quot;\u00ab\u00a0<strong>Sin marco<\/strong>\u00a0\u00bb se entrega <strong>sin el marco de madera<\/strong>\n<\/li>\n<\/ul>\n<ul style=\"font-weight: 400\">\n<li>\n<strong>Entrega gratuita\u00a0<\/strong>para cualquier compra<strong>\u00a0<\/strong>\n<\/li>\n<\/ul>\n<h3>No olvides echar un vistazo a la gu\u00eda de tallas que aparece a continuaci\u00f3n.<\/h3>\n<h2>\n<strong style=\"font-size: 15px\">Pintura de 5 piezas de One Piece<\/strong><span style=\"font-size: 15px\">,<\/span><strong style=\"font-size: 15px\"> <\/strong><span style=\"font-size: 15px\">Tama\u00f1o<\/span><strong style=\"font-size: 15px\"> <\/strong><span style=\"font-size: 15px\">: <\/span><strong style=\"font-size: 15px\">Peque\u00f1o<\/strong><br \/>\n<\/h2>\n<p>\u00a0<img decoding=\"async\" src=\"https:\/\/cdn.shopify.com\/s\/files\/1\/0087\/7556\/5348\/files\/guide_taille_tableau_one_piece_petit_boutique_one_piece_large.jpg?v=1560247451\" alt=\"Gu\u00eda de tallas de One Piece (5 piezas, tama\u00f1o peque\u00f1o)\"><\/p>\n<p><strong>Pintura de 5 piezas de One Piece<\/strong>, Tama\u00f1o<strong> <\/strong>:<strong> PROMEDIO<\/strong><\/p>\n<p>\u00a0<img decoding=\"async\" src=\"https:\/\/cdn.shopify.com\/s\/files\/1\/0087\/7556\/5348\/files\/guide_taille_tableau_one_piece_moyen_boutique_one_piece_large.jpg?v=1560247519\" alt=\"Gu\u00eda de tallas Tabla de tallas Una pieza 5 piezas Mediano\"><\/p>\n<p><strong>Pintura de 5 piezas de One Piece<\/strong>, Tama\u00f1o<strong> <\/strong>: <strong>Grande<\/strong><\/p>\n<p>\u00a0<img decoding=\"async\" src=\"https:\/\/cdn.shopify.com\/s\/files\/1\/0087\/7556\/5348\/files\/guide_taille_tableau_one_piece_grand_boutique_one_piece_large.jpg?v=1560247582\" alt=\"Tabla de tallas de 5 piezas de One Piece (grande)\"><\/p>\n<p><strong>Pintura de 5 piezas de One Piece<\/strong>, Tama\u00f1o: <strong>SG<\/strong><\/p>\n<p><img decoding=\"async\" src=\"https:\/\/cdn.shopify.com\/s\/files\/1\/0087\/7556\/5348\/files\/guide_taille_tableau_one_piece_xl_boutique_one_piece_large.jpg?v=1560247610\" alt=\"Tabla de tallas XL de 5 piezas de One Piece\"><\/p>","protected":false},"excerpt":{"rendered":"<p>Impresi\u00f3n en lienzo de 5 paneles de One Piece con la tripulaci\u00f3n del Sombrero de Paja como mafiosos. \u00a1Una pieza de calidad para un pirata como t\u00fa! Si eres un verdadero pirata, apreciar\u00e1s la calidad del lienzo, la pintura y el marco, as\u00ed como la impresi\u00f3n 3D de esta impresi\u00f3n de 5 paneles de One Piece. Pero lo m\u00e1s importante es que, con esta impresi\u00f3n, formar\u00e1s parte del grupo de fans del manga [\u2026]<\/p>","protected":false},"featured_media":18200,"comment_status":"open","ping_status":"open","template":"","meta":[],"product_brand":[],"product_cat":[157,153,198,151,163,155,164,141],"product_tag":[158,165,129,92,154,205,112,142,143,144,113],"class_list":{"0":"post-13530","1":"product","2":"type-product","3":"status-publish","4":"has-post-thumbnail","6":"product_cat-goodies-brook-one-piece","7":"product_cat-goodies-nami-one-piece","8":"product_cat-goodies-nico-robin-one-piece","9":"product_cat-goodies-roronoa-zoro-one-piece","10":"product_cat-goodies-tony-tony-chopper-one-piece","11":"product_cat-goodies-usopp-one-piece","12":"product_cat-goodies-vinsmoke-sanji-one-piece","13":"product_cat-tableaux-one-piece","14":"product_tag-brook","15":"product_tag-chopper","16":"product_tag-franky","17":"product_tag-luffy","18":"product_tag-nami","19":"product_tag-robin","20":"product_tag-sanji","21":"product_tag-tableau-5-pieces","22":"product_tag-toile","23":"product_tag-usopp","24":"product_tag-zoro","26":"first","27":"instock","28":"purchasable","29":"product-type-variable"},"yoast_head":"<!-- This site is optimized with the Yoast SEO plugin v27.5 - https:\/\/yoast.com\/product\/yoast-seo-wordpress\/ -->\n<title>Tableau Cinq Pi\u00e8ces Luffy Gangster | Boutique One Piece<\/title>\n<meta name=\"description\" content=\"Tableau 5 Pi\u00e8ces One Piece avec Les Mugiwara Mode Gangster, Arm\u00e9s jusqu&#039;aux Dents Tr\u00e8s Haute Qualit\u00e9 Fan du Manga de Pirates ce Tableau 5 Panneaux est Pour Vous\" \/>\n<meta name=\"robots\" content=\"index, follow, max-snippet:-1, max-image-preview:large, max-video-preview:-1\" \/>\n<link rel=\"canonical\" href=\"https:\/\/boutique-one-piece.com\/es\/articulos-de-one-piece\/mercancia-de-one-piece-de-nico-robin\/pintura-de-una-pieza-de-luffy-gangster\/\" \/>\n<meta property=\"og:locale\" content=\"es_ES\" \/>\n<meta property=\"og:type\" content=\"article\" \/>\n<meta property=\"og:title\" content=\"Tableau Cinq Pi\u00e8ces Luffy Gangster | Boutique One Piece\" \/>\n<meta property=\"og:description\" content=\"Tableau 5 Pi\u00e8ces One Piece avec Les Mugiwara Mode Gangster, Arm\u00e9s jusqu&#039;aux Dents Tr\u00e8s Haute Qualit\u00e9 Fan du Manga de Pirates ce Tableau 5 Panneaux est Pour Vous\" \/>\n<meta property=\"og:url\" content=\"https:\/\/boutique-one-piece.com\/es\/articulos-de-one-piece\/mercancia-de-one-piece-de-nico-robin\/pintura-de-una-pieza-de-luffy-gangster\/\" \/>\n<meta property=\"og:site_name\" content=\"Boutique One Piece\" \/>\n<meta property=\"article:modified_time\" content=\"2024-09-18T03:11:57+00:00\" \/>\n<meta property=\"og:image\" content=\"https:\/\/boutique-one-piece.com\/wp-content\/uploads\/2022\/09\/tableau-one-piece-luffy-gangster-28467633848356.jpg\" \/>\n\t<meta property=\"og:image:width\" content=\"600\" \/>\n\t<meta property=\"og:image:height\" content=\"600\" \/>\n\t<meta property=\"og:image:type\" content=\"image\/jpeg\" \/>\n<meta name=\"twitter:card\" content=\"summary_large_image\" \/>\n<meta name=\"twitter:label1\" content=\"Tiempo de lectura\" \/>\n\t<meta name=\"twitter:data1\" content=\"4 minutos\" \/>\n<script type=\"application\/ld+json\" class=\"yoast-schema-graph\">{\"@context\":\"https:\\\/\\\/schema.org\",\"@graph\":[{\"@type\":\"WebPage\",\"@id\":\"https:\\\/\\\/boutique-one-piece.com\\\/goodies-one-piece\\\/goodies-nico-robin-one-piece\\\/tableau-one-piece-luffy-gangster\\\/\",\"url\":\"https:\\\/\\\/boutique-one-piece.com\\\/goodies-one-piece\\\/goodies-nico-robin-one-piece\\\/tableau-one-piece-luffy-gangster\\\/\",\"name\":\"Tableau Cinq Pi\u00e8ces Luffy Gangster | Boutique One Piece\",\"isPartOf\":{\"@id\":\"https:\\\/\\\/boutique-one-piece.com\\\/#website\"},\"primaryImageOfPage\":{\"@id\":\"https:\\\/\\\/boutique-one-piece.com\\\/goodies-one-piece\\\/goodies-nico-robin-one-piece\\\/tableau-one-piece-luffy-gangster\\\/#primaryimage\"},\"image\":{\"@id\":\"https:\\\/\\\/boutique-one-piece.com\\\/goodies-one-piece\\\/goodies-nico-robin-one-piece\\\/tableau-one-piece-luffy-gangster\\\/#primaryimage\"},\"thumbnailUrl\":\"https:\\\/\\\/boutique-one-piece.com\\\/wp-content\\\/uploads\\\/2022\\\/09\\\/tableau-one-piece-luffy-gangster-28467633848356.jpg\",\"datePublished\":\"2022-09-27T21:20:53+00:00\",\"dateModified\":\"2024-09-18T03:11:57+00:00\",\"description\":\"Tableau 5 Pi\u00e8ces One Piece avec Les Mugiwara Mode Gangster, Arm\u00e9s jusqu'aux Dents Tr\u00e8s Haute Qualit\u00e9 Fan du Manga de Pirates ce Tableau 5 Panneaux est Pour Vous\",\"breadcrumb\":{\"@id\":\"https:\\\/\\\/boutique-one-piece.com\\\/goodies-one-piece\\\/goodies-nico-robin-one-piece\\\/tableau-one-piece-luffy-gangster\\\/#breadcrumb\"},\"inLanguage\":\"es\",\"potentialAction\":[{\"@type\":\"ReadAction\",\"target\":[\"https:\\\/\\\/boutique-one-piece.com\\\/goodies-one-piece\\\/goodies-nico-robin-one-piece\\\/tableau-one-piece-luffy-gangster\\\/\"]}]},{\"@type\":\"ImageObject\",\"inLanguage\":\"es\",\"@id\":\"https:\\\/\\\/boutique-one-piece.com\\\/goodies-one-piece\\\/goodies-nico-robin-one-piece\\\/tableau-one-piece-luffy-gangster\\\/#primaryimage\",\"url\":\"https:\\\/\\\/boutique-one-piece.com\\\/wp-content\\\/uploads\\\/2022\\\/09\\\/tableau-one-piece-luffy-gangster-28467633848356.jpg\",\"contentUrl\":\"https:\\\/\\\/boutique-one-piece.com\\\/wp-content\\\/uploads\\\/2022\\\/09\\\/tableau-one-piece-luffy-gangster-28467633848356.jpg\",\"width\":600,\"height\":600},{\"@type\":\"BreadcrumbList\",\"@id\":\"https:\\\/\\\/boutique-one-piece.com\\\/goodies-one-piece\\\/goodies-nico-robin-one-piece\\\/tableau-one-piece-luffy-gangster\\\/#breadcrumb\",\"itemListElement\":[{\"@type\":\"ListItem\",\"position\":1,\"name\":\"Home\",\"item\":\"https:\\\/\\\/boutique-one-piece.com\\\/\"},{\"@type\":\"ListItem\",\"position\":2,\"name\":\"Shop\",\"item\":\"https:\\\/\\\/boutique-one-piece.com\\\/shop\\\/\"},{\"@type\":\"ListItem\",\"position\":3,\"name\":\"Tableau One Piece Luffy Gangster\"}]},{\"@type\":\"WebSite\",\"@id\":\"https:\\\/\\\/boutique-one-piece.com\\\/#website\",\"url\":\"https:\\\/\\\/boutique-one-piece.com\\\/\",\"name\":\"Boutique One Piece\",\"description\":\"Magasin Sp\u00e9cialis\u00e9 du Manga et l&#039;Anime One Piece\",\"publisher\":{\"@id\":\"https:\\\/\\\/boutique-one-piece.com\\\/#organization\"},\"potentialAction\":[{\"@type\":\"SearchAction\",\"target\":{\"@type\":\"EntryPoint\",\"urlTemplate\":\"https:\\\/\\\/boutique-one-piece.com\\\/?s={search_term_string}\"},\"query-input\":{\"@type\":\"PropertyValueSpecification\",\"valueRequired\":true,\"valueName\":\"search_term_string\"}}],\"inLanguage\":\"es\"},{\"@type\":\"Organization\",\"@id\":\"https:\\\/\\\/boutique-one-piece.com\\\/#organization\",\"name\":\"Boutique One Piece\",\"url\":\"https:\\\/\\\/boutique-one-piece.com\\\/\",\"logo\":{\"@type\":\"ImageObject\",\"inLanguage\":\"es\",\"@id\":\"https:\\\/\\\/boutique-one-piece.com\\\/#\\\/schema\\\/logo\\\/image\\\/\",\"url\":\"https:\\\/\\\/boutique-one-piece.com\\\/wp-content\\\/uploads\\\/2022\\\/09\\\/Logo-01.png\",\"contentUrl\":\"https:\\\/\\\/boutique-one-piece.com\\\/wp-content\\\/uploads\\\/2022\\\/09\\\/Logo-01.png\",\"width\":2318,\"height\":957,\"caption\":\"Boutique One Piece\"},\"image\":{\"@id\":\"https:\\\/\\\/boutique-one-piece.com\\\/#\\\/schema\\\/logo\\\/image\\\/\"}}]}<\/script>\n<!-- \/ Yoast SEO plugin. -->","yoast_head_json":{"title":"Cuadro de cinco piezas de Luffy Gangster | Tienda de One Piece","description":"Impresi\u00f3n en lienzo de 5 piezas de One Piece con los Piratas del Sombrero de Paja en modo g\u00e1nster, armados hasta los dientes. Muy alta calidad. Fan\u00e1ticos del manga pirata, \u00a1esta impresi\u00f3n en lienzo de 5 paneles es para ustedes!","robots":{"index":"index","follow":"follow","max-snippet":"max-snippet:-1","max-image-preview":"max-image-preview:large","max-video-preview":"max-video-preview:-1"},"canonical":"https:\/\/boutique-one-piece.com\/es\/articulos-de-one-piece\/mercancia-de-one-piece-de-nico-robin\/pintura-de-una-pieza-de-luffy-gangster\/","og_locale":"es_ES","og_type":"article","og_title":"Tableau Cinq Pi\u00e8ces Luffy Gangster | Boutique One Piece","og_description":"Tableau 5 Pi\u00e8ces One Piece avec Les Mugiwara Mode Gangster, Arm\u00e9s jusqu'aux Dents Tr\u00e8s Haute Qualit\u00e9 Fan du Manga de Pirates ce Tableau 5 Panneaux est Pour Vous","og_url":"https:\/\/boutique-one-piece.com\/es\/articulos-de-one-piece\/mercancia-de-one-piece-de-nico-robin\/pintura-de-una-pieza-de-luffy-gangster\/","og_site_name":"Boutique One Piece","article_modified_time":"2024-09-18T03:11:57+00:00","og_image":[{"width":600,"height":600,"url":"https:\/\/boutique-one-piece.com\/wp-content\/uploads\/2022\/09\/tableau-one-piece-luffy-gangster-28467633848356.jpg","type":"image\/jpeg"}],"twitter_card":"summary_large_image","twitter_misc":{"Tiempo de lectura":"4 minutos"},"schema":{"@context":"https:\/\/schema.org","@graph":[{"@type":"WebPage","@id":"https:\/\/boutique-one-piece.com\/goodies-one-piece\/goodies-nico-robin-one-piece\/tableau-one-piece-luffy-gangster\/","url":"https:\/\/boutique-one-piece.com\/goodies-one-piece\/goodies-nico-robin-one-piece\/tableau-one-piece-luffy-gangster\/","name":"Cuadro de cinco piezas de Luffy Gangster | Tienda de One Piece","isPartOf":{"@id":"https:\/\/boutique-one-piece.com\/#website"},"primaryImageOfPage":{"@id":"https:\/\/boutique-one-piece.com\/goodies-one-piece\/goodies-nico-robin-one-piece\/tableau-one-piece-luffy-gangster\/#primaryimage"},"image":{"@id":"https:\/\/boutique-one-piece.com\/goodies-one-piece\/goodies-nico-robin-one-piece\/tableau-one-piece-luffy-gangster\/#primaryimage"},"thumbnailUrl":"https:\/\/boutique-one-piece.com\/wp-content\/uploads\/2022\/09\/tableau-one-piece-luffy-gangster-28467633848356.jpg","datePublished":"2022-09-27T21:20:53+00:00","dateModified":"2024-09-18T03:11:57+00:00","description":"Impresi\u00f3n en lienzo de 5 piezas de One Piece con los Piratas del Sombrero de Paja en modo g\u00e1nster, armados hasta los dientes. Muy alta calidad. Fan\u00e1ticos del manga pirata, \u00a1esta impresi\u00f3n en lienzo de 5 paneles es para ustedes!","breadcrumb":{"@id":"https:\/\/boutique-one-piece.com\/goodies-one-piece\/goodies-nico-robin-one-piece\/tableau-one-piece-luffy-gangster\/#breadcrumb"},"inLanguage":"es","potentialAction":[{"@type":"ReadAction","target":["https:\/\/boutique-one-piece.com\/goodies-one-piece\/goodies-nico-robin-one-piece\/tableau-one-piece-luffy-gangster\/"]}]},{"@type":"ImageObject","inLanguage":"es","@id":"https:\/\/boutique-one-piece.com\/goodies-one-piece\/goodies-nico-robin-one-piece\/tableau-one-piece-luffy-gangster\/#primaryimage","url":"https:\/\/boutique-one-piece.com\/wp-content\/uploads\/2022\/09\/tableau-one-piece-luffy-gangster-28467633848356.jpg","contentUrl":"https:\/\/boutique-one-piece.com\/wp-content\/uploads\/2022\/09\/tableau-one-piece-luffy-gangster-28467633848356.jpg","width":600,"height":600},{"@type":"BreadcrumbList","@id":"https:\/\/boutique-one-piece.com\/goodies-one-piece\/goodies-nico-robin-one-piece\/tableau-one-piece-luffy-gangster\/#breadcrumb","itemListElement":[{"@type":"ListItem","position":1,"name":"Home","item":"https:\/\/boutique-one-piece.com\/"},{"@type":"ListItem","position":2,"name":"Shop","item":"https:\/\/boutique-one-piece.com\/shop\/"},{"@type":"ListItem","position":3,"name":"Tableau One Piece Luffy Gangster"}]},{"@type":"WebSite","@id":"https:\/\/boutique-one-piece.com\/#website","url":"https:\/\/boutique-one-piece.com\/","name":"Tienda de One Piece","description":"Tienda especializada en manga y anime de One Piece","publisher":{"@id":"https:\/\/boutique-one-piece.com\/#organization"},"potentialAction":[{"@type":"SearchAction","target":{"@type":"EntryPoint","urlTemplate":"https:\/\/boutique-one-piece.com\/?s={search_term_string}"},"query-input":{"@type":"PropertyValueSpecification","valueRequired":true,"valueName":"search_term_string"}}],"inLanguage":"es"},{"@type":"Organization","@id":"https:\/\/boutique-one-piece.com\/#organization","name":"Tienda de One Piece","url":"https:\/\/boutique-one-piece.com\/","logo":{"@type":"ImageObject","inLanguage":"es","@id":"https:\/\/boutique-one-piece.com\/#\/schema\/logo\/image\/","url":"https:\/\/boutique-one-piece.com\/wp-content\/uploads\/2022\/09\/Logo-01.png","contentUrl":"https:\/\/boutique-one-piece.com\/wp-content\/uploads\/2022\/09\/Logo-01.png","width":2318,"height":957,"caption":"Boutique One Piece"},"image":{"@id":"https:\/\/boutique-one-piece.com\/#\/schema\/logo\/image\/"}}]}},"_links":{"self":[{"href":"https:\/\/boutique-one-piece.com\/es\/wp-json\/wp\/v2\/product\/13530","targetHints":{"allow":["GET"]}}],"collection":[{"href":"https:\/\/boutique-one-piece.com\/es\/wp-json\/wp\/v2\/product"}],"about":[{"href":"https:\/\/boutique-one-piece.com\/es\/wp-json\/wp\/v2\/types\/product"}],"replies":[{"embeddable":true,"href":"https:\/\/boutique-one-piece.com\/es\/wp-json\/wp\/v2\/comments?post=13530"}],"wp:featuredmedia":[{"embeddable":true,"href":"https:\/\/boutique-one-piece.com\/es\/wp-json\/wp\/v2\/media\/18200"}],"wp:attachment":[{"href":"https:\/\/boutique-one-piece.com\/es\/wp-json\/wp\/v2\/media?parent=13530"}],"wp:term":[{"taxonomy":"product_brand","embeddable":true,"href":"https:\/\/boutique-one-piece.com\/es\/wp-json\/wp\/v2\/product_brand?post=13530"},{"taxonomy":"product_cat","embeddable":true,"href":"https:\/\/boutique-one-piece.com\/es\/wp-json\/wp\/v2\/product_cat?post=13530"},{"taxonomy":"product_tag","embeddable":true,"href":"https:\/\/boutique-one-piece.com\/es\/wp-json\/wp\/v2\/product_tag?post=13530"}],"curies":[{"name":"wp","href":"https:\/\/api.w.org\/{rel}","templated":true}]}}