{"id":13954,"date":"2022-09-27T21:24:01","date_gmt":"2022-09-27T21:24:01","guid":{"rendered":"https:\/\/boutique-one-piece.com\/uncategorized\/casquette-one-piece-couleur-chopper\/"},"modified":"2024-09-16T13:27:34","modified_gmt":"2024-09-16T13:27:34","slug":"gorra-de-color-chopper-de-one-piece","status":"publish","type":"product","link":"https:\/\/boutique-one-piece.com\/es\/articulos-de-one-piece\/tony-goodies-tony-chopper-de-una-pieza\/gorra-de-color-chopper-de-one-piece\/","title":{"rendered":"Gorra de color de One Piece Chopper"},"content":{"rendered":"<p><meta charset=\"utf-8\"><\/p>\n<h2>Gorra rosa y azul de One Piece con los colores y el logotipo de Chopper, gorra A<span>\u00a0<\/span>\u00a1Calidad para un pirata como t\u00fa!<\/h2>\n<p>Si eres un\u00a0<strong>pirata real<\/strong>, Usted apreciar\u00e1 el\u00a0<strong>calidad<\/strong>\u00a0de la visera y de\u00a0<strong>Impresi\u00f3n de lienzo 3D<span>\u00a0<\/span><\/strong>y el<span>\u00a0<\/span><strong>dise\u00f1o bordado<\/strong>\u00a0de esto\u00a0<strong>Gorra de One Piece<\/strong>\u00a0Pero lo m\u00e1s importante es que ser\u00e1s parte de\u00a0<strong>el equipo de fans<\/strong>\u00a0de\u00a0<strong>manga pirata<\/strong>\u00a0y obtendr\u00e1s:<\/p>\n<ul>\n<li>\u00a0<strong>Admiraci\u00f3n<\/strong>\u00a0De todos los fans de\u00a0<strong>el universo<\/strong>\u00a0del\u00a0<strong>licencia<\/strong>\u00a0de\u00a0<strong>manga<\/strong>\u00a0que encontrar\u00e1s<\/li>\n<\/ul>\n<ul>\n<li>Un verdadero\u00a0<strong>Tapa<\/strong>\u00a0con el que puedes\u00a0<strong>compartir<\/strong>\u00a0su\u00a0<strong>pasi\u00f3n<\/strong>\u00a0Para<span>\u00a0<\/span><strong>el universo<\/strong>\u00a0<strong>Una pieza<\/strong>\n<\/li>\n<\/ul>\n<p>Entonces, \u00bfest\u00e1s listo para usar el\u00a0<strong>bandera\u00a0<\/strong>de<strong>\u00a0<\/strong>su<strong>\u00a0manga favorito<\/strong>\u00a0?<\/p>\n<h2>\u00bfEres fan del manga o anime de One Piece? \u00a1Presume de ello con esta gorra de One Piece!<\/h2>\n<p>Si usted\u00a0<strong>leer<\/strong>\u00a0o donde sea que mires\u00a0\u00a0<strong>Anime japon\u00e9s<\/strong>, Hay una buena posibilidad de que te hayas convertido\u00a0<strong>loco por One Piece<\/strong>\u00a0Con esto\u00a0<strong>Gorra de color de One Piece Chopper<span>\u00a0<\/span><\/strong>, \u00danete a la\u2019<strong>tripulaci\u00f3n de fans de la franquicia<\/strong><\/p>\n<p>Este<span>\u00a0<\/span><strong>gorra bordada<\/strong><span>\u00a0<\/span>Ser\u00e1 adecuado para todas las categor\u00edas de piratas,\u00a0<strong>hombre<\/strong>\u00a0O\u00a0<strong>mujer<\/strong>, Incluso si no tienes\u00a0<strong>espada<\/strong>\u00a0o\u00a0<strong>fruta del diablo<\/strong>\u00a0Todav\u00eda puedes lucirlo con orgullo.<\/p>\n<h2>Informaci\u00f3n sobre la gorra:\u00a0<\/h2>\n<ul>\n<li>\u00a0<b>Gorra de estilo<span>\u00a0<\/span>Cl\u00e1sico\u00a0<\/b>:constituido<span>\u00a0<\/span>de 6\u00a0<strong>paneles<\/strong>\u00a0en\u00a0<strong>poli\u00e9ster<\/strong>\n<\/li>\n<\/ul>\n<ul>\n<li>\n<strong>Poli\u00e9ster<\/strong>\u00a0:con su\u00a0<strong>composici\u00f3n\u00a0<\/strong>en<strong>\u00a0poli\u00e9ster<\/strong>, Esta gorra ofrece una perfecta\u00a0<strong>protecci\u00f3n<\/strong>\u00a0contra el\u00a0<strong>sol\u00a0<\/strong>Y<strong>\u00a0agua<\/strong>.\u00a0<\/li>\n<\/ul>\n<ul>\n<li>\n<strong>Muy c\u00f3modo\u00a0<\/strong>ella es muy<span>\u00a0<\/span><strong>agradable<\/strong><span>\u00a0<\/span>\u00e0<span>\u00a0<\/span><strong>llevar<\/strong>\n<\/li>\n<\/ul>\n<ul>\n<li>\n<strong>Impresi\u00f3n digital 3D<\/strong>\u00a0: casco<strong>\u00a0impreso<\/strong>\u00a0con un dise\u00f1o original,\u00a0<strong>Impresi\u00f3n en lienzo<\/strong>\n<\/li>\n<\/ul>\n<ul>\n<li>\n<strong>Visera plana\u00a0<\/strong>: all\u00e1\u00a0<strong>visera<\/strong>\u00a0Este<b>\u00a0BIEN<\/b>\n<\/li>\n<\/ul>\n<ul>\n<li>\n<strong>Entrega gratuita\u00a0<\/strong>para cualquier compra<\/li>\n<\/ul>","protected":false},"excerpt":{"rendered":"<p>Gorra rosa y azul de One Piece con los colores y el logo de Chopper. \u00a1Una gorra de calidad para un pirata como t\u00fa! Si eres un pirata de verdad, apreciar\u00e1s la calidad de la visera, la impresi\u00f3n 3D y el dise\u00f1o bordado de esta gorra de One Piece. Pero lo m\u00e1s importante es que formar\u00e1s parte del grupo de fans del manga pirata y te ganar\u00e1s: la admiraci\u00f3n de todos los fans del universo One Piece [\u2026]<\/p>","protected":false},"featured_media":18195,"comment_status":"open","ping_status":"open","template":"","meta":[],"product_brand":[],"product_cat":[190,163],"product_tag":[165,182],"class_list":{"0":"post-13954","1":"product","2":"type-product","3":"status-publish","4":"has-post-thumbnail","6":"product_cat-casquettes-et-chapeaux-one-piece","7":"product_cat-goodies-tony-tony-chopper-one-piece","8":"product_tag-chopper","9":"product_tag-logo","11":"first","12":"instock","13":"purchasable","14":"product-type-simple"},"yoast_head":"<!-- This site is optimized with the Yoast SEO plugin v27.5 - https:\/\/yoast.com\/product\/yoast-seo-wordpress\/ -->\n<title>Casquette Couleur Chopper | Boutique One Piece<\/title>\n<meta name=\"description\" content=\"Casquette Rose et Bleue One Piece avec la Croix de Chopper de Haute Qualit\u00e9 avec une visi\u00e8re Plate, Partage ta Passion pour L&#039;univers des Pirates avec Style\" \/>\n<meta name=\"robots\" content=\"index, follow, max-snippet:-1, max-image-preview:large, max-video-preview:-1\" \/>\n<link rel=\"canonical\" href=\"https:\/\/boutique-one-piece.com\/es\/ropa-de-una-pieza\/gorras-y-sombreros-de-one-piece\/gorra-de-color-chopper-de-one-piece\/\" \/>\n<meta property=\"og:locale\" content=\"es_ES\" \/>\n<meta property=\"og:type\" content=\"article\" \/>\n<meta property=\"og:title\" content=\"Casquette Couleur Chopper | Boutique One Piece\" \/>\n<meta property=\"og:description\" content=\"Casquette Rose et Bleue One Piece avec la Croix de Chopper de Haute Qualit\u00e9 avec une visi\u00e8re Plate, Partage ta Passion pour L&#039;univers des Pirates avec Style\" \/>\n<meta property=\"og:url\" content=\"https:\/\/boutique-one-piece.com\/es\/ropa-de-una-pieza\/gorras-y-sombreros-de-one-piece\/gorra-de-color-chopper-de-one-piece\/\" \/>\n<meta property=\"og:site_name\" content=\"Boutique One Piece\" \/>\n<meta property=\"article:modified_time\" content=\"2024-09-16T13:27:34+00:00\" \/>\n<meta property=\"og:image\" content=\"https:\/\/boutique-one-piece.com\/wp-content\/uploads\/2022\/09\/casquette-one-piece-couleur-chopper-11389056811044.jpg\" \/>\n\t<meta property=\"og:image:width\" content=\"600\" \/>\n\t<meta property=\"og:image:height\" content=\"600\" \/>\n\t<meta property=\"og:image:type\" content=\"image\/jpeg\" \/>\n<meta name=\"twitter:card\" content=\"summary_large_image\" \/>\n<meta name=\"twitter:label1\" content=\"Tiempo de lectura\" \/>\n\t<meta name=\"twitter:data1\" content=\"2 minutos\" \/>\n<script type=\"application\/ld+json\" class=\"yoast-schema-graph\">{\"@context\":\"https:\\\/\\\/schema.org\",\"@graph\":[{\"@type\":\"WebPage\",\"@id\":\"https:\\\/\\\/boutique-one-piece.com\\\/vetements-one-piece\\\/casquettes-et-chapeaux-one-piece\\\/casquette-one-piece-couleur-chopper\\\/\",\"url\":\"https:\\\/\\\/boutique-one-piece.com\\\/vetements-one-piece\\\/casquettes-et-chapeaux-one-piece\\\/casquette-one-piece-couleur-chopper\\\/\",\"name\":\"Casquette Couleur Chopper | Boutique One Piece\",\"isPartOf\":{\"@id\":\"https:\\\/\\\/boutique-one-piece.com\\\/#website\"},\"primaryImageOfPage\":{\"@id\":\"https:\\\/\\\/boutique-one-piece.com\\\/vetements-one-piece\\\/casquettes-et-chapeaux-one-piece\\\/casquette-one-piece-couleur-chopper\\\/#primaryimage\"},\"image\":{\"@id\":\"https:\\\/\\\/boutique-one-piece.com\\\/vetements-one-piece\\\/casquettes-et-chapeaux-one-piece\\\/casquette-one-piece-couleur-chopper\\\/#primaryimage\"},\"thumbnailUrl\":\"https:\\\/\\\/boutique-one-piece.com\\\/wp-content\\\/uploads\\\/2022\\\/09\\\/casquette-one-piece-couleur-chopper-11389056811044.jpg\",\"datePublished\":\"2022-09-27T21:24:01+00:00\",\"dateModified\":\"2024-09-16T13:27:34+00:00\",\"description\":\"Casquette Rose et Bleue One Piece avec la Croix de Chopper de Haute Qualit\u00e9 avec une visi\u00e8re Plate, Partage ta Passion pour L'univers des Pirates avec Style\",\"breadcrumb\":{\"@id\":\"https:\\\/\\\/boutique-one-piece.com\\\/vetements-one-piece\\\/casquettes-et-chapeaux-one-piece\\\/casquette-one-piece-couleur-chopper\\\/#breadcrumb\"},\"inLanguage\":\"es\",\"potentialAction\":[{\"@type\":\"ReadAction\",\"target\":[\"https:\\\/\\\/boutique-one-piece.com\\\/vetements-one-piece\\\/casquettes-et-chapeaux-one-piece\\\/casquette-one-piece-couleur-chopper\\\/\"]}]},{\"@type\":\"ImageObject\",\"inLanguage\":\"es\",\"@id\":\"https:\\\/\\\/boutique-one-piece.com\\\/vetements-one-piece\\\/casquettes-et-chapeaux-one-piece\\\/casquette-one-piece-couleur-chopper\\\/#primaryimage\",\"url\":\"https:\\\/\\\/boutique-one-piece.com\\\/wp-content\\\/uploads\\\/2022\\\/09\\\/casquette-one-piece-couleur-chopper-11389056811044.jpg\",\"contentUrl\":\"https:\\\/\\\/boutique-one-piece.com\\\/wp-content\\\/uploads\\\/2022\\\/09\\\/casquette-one-piece-couleur-chopper-11389056811044.jpg\",\"width\":600,\"height\":600},{\"@type\":\"BreadcrumbList\",\"@id\":\"https:\\\/\\\/boutique-one-piece.com\\\/vetements-one-piece\\\/casquettes-et-chapeaux-one-piece\\\/casquette-one-piece-couleur-chopper\\\/#breadcrumb\",\"itemListElement\":[{\"@type\":\"ListItem\",\"position\":1,\"name\":\"Home\",\"item\":\"https:\\\/\\\/boutique-one-piece.com\\\/\"},{\"@type\":\"ListItem\",\"position\":2,\"name\":\"Shop\",\"item\":\"https:\\\/\\\/boutique-one-piece.com\\\/shop\\\/\"},{\"@type\":\"ListItem\",\"position\":3,\"name\":\"Casquette One Piece Couleur Chopper\"}]},{\"@type\":\"WebSite\",\"@id\":\"https:\\\/\\\/boutique-one-piece.com\\\/#website\",\"url\":\"https:\\\/\\\/boutique-one-piece.com\\\/\",\"name\":\"Boutique One Piece\",\"description\":\"Magasin Sp\u00e9cialis\u00e9 du Manga et l&#039;Anime One Piece\",\"publisher\":{\"@id\":\"https:\\\/\\\/boutique-one-piece.com\\\/#organization\"},\"potentialAction\":[{\"@type\":\"SearchAction\",\"target\":{\"@type\":\"EntryPoint\",\"urlTemplate\":\"https:\\\/\\\/boutique-one-piece.com\\\/?s={search_term_string}\"},\"query-input\":{\"@type\":\"PropertyValueSpecification\",\"valueRequired\":true,\"valueName\":\"search_term_string\"}}],\"inLanguage\":\"es\"},{\"@type\":\"Organization\",\"@id\":\"https:\\\/\\\/boutique-one-piece.com\\\/#organization\",\"name\":\"Boutique One Piece\",\"url\":\"https:\\\/\\\/boutique-one-piece.com\\\/\",\"logo\":{\"@type\":\"ImageObject\",\"inLanguage\":\"es\",\"@id\":\"https:\\\/\\\/boutique-one-piece.com\\\/#\\\/schema\\\/logo\\\/image\\\/\",\"url\":\"https:\\\/\\\/boutique-one-piece.com\\\/wp-content\\\/uploads\\\/2022\\\/09\\\/Logo-01.png\",\"contentUrl\":\"https:\\\/\\\/boutique-one-piece.com\\\/wp-content\\\/uploads\\\/2022\\\/09\\\/Logo-01.png\",\"width\":2318,\"height\":957,\"caption\":\"Boutique One Piece\"},\"image\":{\"@id\":\"https:\\\/\\\/boutique-one-piece.com\\\/#\\\/schema\\\/logo\\\/image\\\/\"}}]}<\/script>\n<!-- \/ Yoast SEO plugin. -->","yoast_head_json":{"title":"Gorra de color de Chopper | Tienda de One Piece","description":"Gorra One Piece Rosa y Azul con Cruz de Chopper, Alta Calidad con Visera Plana, Comparte tu Pasi\u00f3n por el Universo Pirata con Estilo","robots":{"index":"index","follow":"follow","max-snippet":"max-snippet:-1","max-image-preview":"max-image-preview:large","max-video-preview":"max-video-preview:-1"},"canonical":"https:\/\/boutique-one-piece.com\/es\/ropa-de-una-pieza\/gorras-y-sombreros-de-one-piece\/gorra-de-color-chopper-de-one-piece\/","og_locale":"es_ES","og_type":"article","og_title":"Casquette Couleur Chopper | Boutique One Piece","og_description":"Casquette Rose et Bleue One Piece avec la Croix de Chopper de Haute Qualit\u00e9 avec une visi\u00e8re Plate, Partage ta Passion pour L'univers des Pirates avec Style","og_url":"https:\/\/boutique-one-piece.com\/es\/ropa-de-una-pieza\/gorras-y-sombreros-de-one-piece\/gorra-de-color-chopper-de-one-piece\/","og_site_name":"Boutique One Piece","article_modified_time":"2024-09-16T13:27:34+00:00","og_image":[{"width":600,"height":600,"url":"https:\/\/boutique-one-piece.com\/wp-content\/uploads\/2022\/09\/casquette-one-piece-couleur-chopper-11389056811044.jpg","type":"image\/jpeg"}],"twitter_card":"summary_large_image","twitter_misc":{"Tiempo de lectura":"2 minutos"},"schema":{"@context":"https:\/\/schema.org","@graph":[{"@type":"WebPage","@id":"https:\/\/boutique-one-piece.com\/vetements-one-piece\/casquettes-et-chapeaux-one-piece\/casquette-one-piece-couleur-chopper\/","url":"https:\/\/boutique-one-piece.com\/vetements-one-piece\/casquettes-et-chapeaux-one-piece\/casquette-one-piece-couleur-chopper\/","name":"Gorra de color de Chopper | Tienda de One Piece","isPartOf":{"@id":"https:\/\/boutique-one-piece.com\/#website"},"primaryImageOfPage":{"@id":"https:\/\/boutique-one-piece.com\/vetements-one-piece\/casquettes-et-chapeaux-one-piece\/casquette-one-piece-couleur-chopper\/#primaryimage"},"image":{"@id":"https:\/\/boutique-one-piece.com\/vetements-one-piece\/casquettes-et-chapeaux-one-piece\/casquette-one-piece-couleur-chopper\/#primaryimage"},"thumbnailUrl":"https:\/\/boutique-one-piece.com\/wp-content\/uploads\/2022\/09\/casquette-one-piece-couleur-chopper-11389056811044.jpg","datePublished":"2022-09-27T21:24:01+00:00","dateModified":"2024-09-16T13:27:34+00:00","description":"Gorra One Piece Rosa y Azul con Cruz de Chopper, Alta Calidad con Visera Plana, Comparte tu Pasi\u00f3n por el Universo Pirata con Estilo","breadcrumb":{"@id":"https:\/\/boutique-one-piece.com\/vetements-one-piece\/casquettes-et-chapeaux-one-piece\/casquette-one-piece-couleur-chopper\/#breadcrumb"},"inLanguage":"es","potentialAction":[{"@type":"ReadAction","target":["https:\/\/boutique-one-piece.com\/vetements-one-piece\/casquettes-et-chapeaux-one-piece\/casquette-one-piece-couleur-chopper\/"]}]},{"@type":"ImageObject","inLanguage":"es","@id":"https:\/\/boutique-one-piece.com\/vetements-one-piece\/casquettes-et-chapeaux-one-piece\/casquette-one-piece-couleur-chopper\/#primaryimage","url":"https:\/\/boutique-one-piece.com\/wp-content\/uploads\/2022\/09\/casquette-one-piece-couleur-chopper-11389056811044.jpg","contentUrl":"https:\/\/boutique-one-piece.com\/wp-content\/uploads\/2022\/09\/casquette-one-piece-couleur-chopper-11389056811044.jpg","width":600,"height":600},{"@type":"BreadcrumbList","@id":"https:\/\/boutique-one-piece.com\/vetements-one-piece\/casquettes-et-chapeaux-one-piece\/casquette-one-piece-couleur-chopper\/#breadcrumb","itemListElement":[{"@type":"ListItem","position":1,"name":"Home","item":"https:\/\/boutique-one-piece.com\/"},{"@type":"ListItem","position":2,"name":"Shop","item":"https:\/\/boutique-one-piece.com\/shop\/"},{"@type":"ListItem","position":3,"name":"Casquette One Piece Couleur Chopper"}]},{"@type":"WebSite","@id":"https:\/\/boutique-one-piece.com\/#website","url":"https:\/\/boutique-one-piece.com\/","name":"Tienda de One Piece","description":"Tienda especializada en manga y anime de One Piece","publisher":{"@id":"https:\/\/boutique-one-piece.com\/#organization"},"potentialAction":[{"@type":"SearchAction","target":{"@type":"EntryPoint","urlTemplate":"https:\/\/boutique-one-piece.com\/?s={search_term_string}"},"query-input":{"@type":"PropertyValueSpecification","valueRequired":true,"valueName":"search_term_string"}}],"inLanguage":"es"},{"@type":"Organization","@id":"https:\/\/boutique-one-piece.com\/#organization","name":"Tienda de One Piece","url":"https:\/\/boutique-one-piece.com\/","logo":{"@type":"ImageObject","inLanguage":"es","@id":"https:\/\/boutique-one-piece.com\/#\/schema\/logo\/image\/","url":"https:\/\/boutique-one-piece.com\/wp-content\/uploads\/2022\/09\/Logo-01.png","contentUrl":"https:\/\/boutique-one-piece.com\/wp-content\/uploads\/2022\/09\/Logo-01.png","width":2318,"height":957,"caption":"Boutique One Piece"},"image":{"@id":"https:\/\/boutique-one-piece.com\/#\/schema\/logo\/image\/"}}]}},"_links":{"self":[{"href":"https:\/\/boutique-one-piece.com\/es\/wp-json\/wp\/v2\/product\/13954","targetHints":{"allow":["GET"]}}],"collection":[{"href":"https:\/\/boutique-one-piece.com\/es\/wp-json\/wp\/v2\/product"}],"about":[{"href":"https:\/\/boutique-one-piece.com\/es\/wp-json\/wp\/v2\/types\/product"}],"replies":[{"embeddable":true,"href":"https:\/\/boutique-one-piece.com\/es\/wp-json\/wp\/v2\/comments?post=13954"}],"wp:featuredmedia":[{"embeddable":true,"href":"https:\/\/boutique-one-piece.com\/es\/wp-json\/wp\/v2\/media\/18195"}],"wp:attachment":[{"href":"https:\/\/boutique-one-piece.com\/es\/wp-json\/wp\/v2\/media?parent=13954"}],"wp:term":[{"taxonomy":"product_brand","embeddable":true,"href":"https:\/\/boutique-one-piece.com\/es\/wp-json\/wp\/v2\/product_brand?post=13954"},{"taxonomy":"product_cat","embeddable":true,"href":"https:\/\/boutique-one-piece.com\/es\/wp-json\/wp\/v2\/product_cat?post=13954"},{"taxonomy":"product_tag","embeddable":true,"href":"https:\/\/boutique-one-piece.com\/es\/wp-json\/wp\/v2\/product_tag?post=13954"}],"curies":[{"name":"wp","href":"https:\/\/api.w.org\/{rel}","templated":true}]}}