{"id":15433,"date":"2022-09-27T21:38:37","date_gmt":"2022-09-27T21:38:37","guid":{"rendered":"https:\/\/boutique-one-piece.com\/uncategorized\/coque-one-piece-monkey-d-luffy-gear-fourth\/"},"modified":"2024-09-16T14:10:24","modified_gmt":"2024-09-16T14:10:24","slug":"estuche-one-piece-monkey-d-luffy-gear-fourth","status":"publish","type":"product","link":"https:\/\/boutique-one-piece.com\/es\/accesorios-de-one-piece\/estuche-one-piece-monkey-d-luffy-gear-fourth\/","title":{"rendered":"One Piece Monkey D Luffy Gear Fourth Case"},"content":{"rendered":"<p><span><strong>Nombre de marca:<\/strong> IMIDO<\/span><br \/><span><strong>Amable:<\/strong> Estuche medio envuelto<\/span><br \/><span><strong>Caracter\u00edsticas<\/strong> Una pieza Monkey D. Luffy<\/span><br \/><span><strong>Marca compatible:<\/strong> Huawei<\/span><br \/><span><strong>Modelo Huawei compatible:<\/strong> P30 Lite<\/span><br \/><span><strong>Dise\u00f1o:<\/strong> Geom\u00e9trico<\/span><br \/><span><strong>Dise\u00f1o:<\/strong> Citas y mensajes<\/span><br \/><span><strong>Dise\u00f1o:<\/strong> Plano<\/span><br \/><span><strong>Dise\u00f1o:<\/strong> Animal<\/span><br \/><span><strong>Dise\u00f1o:<\/strong> Transparente<\/span><br \/><span><strong>Dise\u00f1o:<\/strong> unicornio<\/span><br \/><span><strong>Dise\u00f1o:<\/strong> Floral<\/span><br \/><span><strong>Dise\u00f1o:<\/strong> M\u00e1rmol<\/span><br \/><span><strong>Dise\u00f1o:<\/strong> Flamenco<\/span><br \/><span><strong>Dise\u00f1o:<\/strong> Dibujos animados<\/span><br \/><span><strong>Funci\u00f3n:<\/strong> Resistente a la suciedad<\/span><br \/><span><strong>Funci\u00f3n:<\/strong> Antidetonante<\/span><br \/><span><strong>Dise\u00f1o:<\/strong> Pintura original HD (alta definici\u00f3n)<\/span><br \/><span><strong>Material:<\/strong> TPU suave de silicona de alta calidad 100% Nuevo<\/span><br \/><span><strong>Caracter\u00edsticas 1:<\/strong> Carcasa de m\u00f3vil de goma suave personalizable \u00fanica<\/span><br \/><span><strong>Caracter\u00edsticas 2:<\/strong> Estuche con estampado de moda<\/span><br \/><span><strong>Funda moderna para Huawei P40PRO:<\/strong> Funda popular para Huawei P30PRO, P30LITE, P20PRO, P20LITE y P10LITE<\/span><br \/><span><strong>Funda de regalo para MATE20LITE:<\/strong> Funda protectora para Huawei MATE10LITE MATE10PRO MATE20PRO<\/span><br \/><span><strong>Fundas para MATE30LITE:<\/strong> Fundas Hull Shell para Huawei Mate 30 Pro, PSmartz y PSmart 2019 (2018+)<\/span><br \/><span><strong>M\u00e1s modelos de tel\u00e9fonos:<\/strong> Por favor cont\u00e1ctenos<\/span><br \/><span><strong>En stock<\/strong> S\u00ed<\/span><br \/><span><strong>Modo de venta:<\/strong> Venta al por menor o al por mayor<\/span><\/p>","protected":false},"excerpt":{"rendered":"<p>Marca: IMIDOTipo: Funda semienvueltaCaracter\u00edsticas: One Piece Monkey D LuffyMarca compatible: HuaweiModelo Huawei compatible: P30 LiteDise\u00f1o: Geom\u00e9tricoDise\u00f1o: Citas y mensajesDise\u00f1o: LisoDise\u00f1o: AnimalDise\u00f1o: TransparenteDise\u00f1o: UnicornioDise\u00f1o: FloralDise\u00f1o: M\u00e1rmolDise\u00f1o: FlamencoDise\u00f1o: Dibujos animadosFunci\u00f3n: Resistente a la suciedadFunci\u00f3n: AntigolpesDise\u00f1o: Pintura original HD (alta definici\u00f3n)Material: Silicona suave TPU 100% de alta calidadNuevas caracter\u00edsticas1: Carcasa m\u00f3vil de goma suave personalizable \u00fanicaCaracter\u00edsticas2: Funda con estampado de modaFunda de tendencia para [\u2026]<\/p>","protected":false},"featured_media":15435,"comment_status":"open","ping_status":"open","template":"","meta":[],"product_brand":[],"product_cat":[409],"product_tag":[],"class_list":{"0":"post-15433","1":"product","2":"type-product","3":"status-publish","4":"has-post-thumbnail","6":"product_cat-accessoires-one-piece","8":"first","9":"instock","10":"purchasable","11":"product-type-variable","12":"has-default-attributes"},"yoast_head":"<!-- This site is optimized with the Yoast SEO plugin v27.5 - https:\/\/yoast.com\/product\/yoast-seo-wordpress\/ -->\n<title>Coque One Piece Monkey D Luffy Gear Fourth \u2013 Boutique One Piece<\/title>\n<meta name=\"description\" content=\"Brand Name: IMIDOType: Half-wrapped CaseFeatures: One Piece Monkey D LuffyCompatible Brand: HuaweiCompatible Huawei Model: P30 LiteDesign: GeometricDesign: Quotes &amp; MessagesDesign: PlainDesign: AnimalDesign: TransparentDesign: unicornDesign: FloralDesign: MarbleDesign: FlamingoDesign: CartoonFunction: Dirt-resistan\" \/>\n<meta name=\"robots\" content=\"index, follow, max-snippet:-1, max-image-preview:large, max-video-preview:-1\" \/>\n<link rel=\"canonical\" href=\"https:\/\/boutique-one-piece.com\/es\/accesorios-de-one-piece\/estuche-one-piece-monkey-d-luffy-gear-fourth\/\" \/>\n<meta property=\"og:locale\" content=\"es_ES\" \/>\n<meta property=\"og:type\" content=\"article\" \/>\n<meta property=\"og:title\" content=\"Coque One Piece Monkey D Luffy Gear Fourth \u2013 Boutique One Piece\" \/>\n<meta property=\"og:description\" content=\"Brand Name: IMIDOType: Half-wrapped CaseFeatures: One Piece Monkey D LuffyCompatible Brand: HuaweiCompatible Huawei Model: P30 LiteDesign: GeometricDesign: Quotes &amp; MessagesDesign: PlainDesign: AnimalDesign: TransparentDesign: unicornDesign: FloralDesign: MarbleDesign: FlamingoDesign: CartoonFunction: Dirt-resistan\" \/>\n<meta property=\"og:url\" content=\"https:\/\/boutique-one-piece.com\/es\/accesorios-de-one-piece\/estuche-one-piece-monkey-d-luffy-gear-fourth\/\" \/>\n<meta property=\"og:site_name\" content=\"Boutique One Piece\" \/>\n<meta property=\"article:modified_time\" content=\"2024-09-16T14:10:24+00:00\" \/>\n<meta property=\"og:image\" content=\"https:\/\/boutique-one-piece.com\/wp-content\/uploads\/2022\/09\/Coque-One-Piece-Monkey-D-Luffy-Gear-Fourth.jpg\" \/>\n\t<meta property=\"og:image:width\" content=\"640\" \/>\n\t<meta property=\"og:image:height\" content=\"640\" \/>\n\t<meta property=\"og:image:type\" content=\"image\/jpeg\" \/>\n<meta name=\"twitter:card\" content=\"summary_large_image\" \/>\n<meta name=\"twitter:label1\" content=\"Tiempo de lectura\" \/>\n\t<meta name=\"twitter:data1\" content=\"1 minuto\" \/>\n<script type=\"application\/ld+json\" class=\"yoast-schema-graph\">{\"@context\":\"https:\\\/\\\/schema.org\",\"@graph\":[{\"@type\":\"WebPage\",\"@id\":\"https:\\\/\\\/boutique-one-piece.com\\\/accessoires-one-piece\\\/coque-one-piece-monkey-d-luffy-gear-fourth\\\/\",\"url\":\"https:\\\/\\\/boutique-one-piece.com\\\/accessoires-one-piece\\\/coque-one-piece-monkey-d-luffy-gear-fourth\\\/\",\"name\":\"Coque One Piece Monkey D Luffy Gear Fourth \u2013 Boutique One Piece\",\"isPartOf\":{\"@id\":\"https:\\\/\\\/boutique-one-piece.com\\\/#website\"},\"primaryImageOfPage\":{\"@id\":\"https:\\\/\\\/boutique-one-piece.com\\\/accessoires-one-piece\\\/coque-one-piece-monkey-d-luffy-gear-fourth\\\/#primaryimage\"},\"image\":{\"@id\":\"https:\\\/\\\/boutique-one-piece.com\\\/accessoires-one-piece\\\/coque-one-piece-monkey-d-luffy-gear-fourth\\\/#primaryimage\"},\"thumbnailUrl\":\"https:\\\/\\\/boutique-one-piece.com\\\/wp-content\\\/uploads\\\/2022\\\/09\\\/Coque-One-Piece-Monkey-D-Luffy-Gear-Fourth.jpg\",\"datePublished\":\"2022-09-27T21:38:37+00:00\",\"dateModified\":\"2024-09-16T14:10:24+00:00\",\"description\":\"Brand Name: IMIDOType: Half-wrapped CaseFeatures: One Piece Monkey D LuffyCompatible Brand: HuaweiCompatible Huawei Model: P30 LiteDesign: GeometricDesign: Quotes & MessagesDesign: PlainDesign: AnimalDesign: TransparentDesign: unicornDesign: FloralDesign: MarbleDesign: FlamingoDesign: CartoonFunction: Dirt-resistan\",\"breadcrumb\":{\"@id\":\"https:\\\/\\\/boutique-one-piece.com\\\/accessoires-one-piece\\\/coque-one-piece-monkey-d-luffy-gear-fourth\\\/#breadcrumb\"},\"inLanguage\":\"es\",\"potentialAction\":[{\"@type\":\"ReadAction\",\"target\":[\"https:\\\/\\\/boutique-one-piece.com\\\/accessoires-one-piece\\\/coque-one-piece-monkey-d-luffy-gear-fourth\\\/\"]}]},{\"@type\":\"ImageObject\",\"inLanguage\":\"es\",\"@id\":\"https:\\\/\\\/boutique-one-piece.com\\\/accessoires-one-piece\\\/coque-one-piece-monkey-d-luffy-gear-fourth\\\/#primaryimage\",\"url\":\"https:\\\/\\\/boutique-one-piece.com\\\/wp-content\\\/uploads\\\/2022\\\/09\\\/Coque-One-Piece-Monkey-D-Luffy-Gear-Fourth.jpg\",\"contentUrl\":\"https:\\\/\\\/boutique-one-piece.com\\\/wp-content\\\/uploads\\\/2022\\\/09\\\/Coque-One-Piece-Monkey-D-Luffy-Gear-Fourth.jpg\",\"width\":640,\"height\":640,\"caption\":\"Coque One Piece Monkey D Luffy Gear Fourth Huawei Mate 10 Pro TZ096-6\"},{\"@type\":\"BreadcrumbList\",\"@id\":\"https:\\\/\\\/boutique-one-piece.com\\\/accessoires-one-piece\\\/coque-one-piece-monkey-d-luffy-gear-fourth\\\/#breadcrumb\",\"itemListElement\":[{\"@type\":\"ListItem\",\"position\":1,\"name\":\"Home\",\"item\":\"https:\\\/\\\/boutique-one-piece.com\\\/\"},{\"@type\":\"ListItem\",\"position\":2,\"name\":\"Shop\",\"item\":\"https:\\\/\\\/boutique-one-piece.com\\\/shop\\\/\"},{\"@type\":\"ListItem\",\"position\":3,\"name\":\"Coque One Piece Monkey D Luffy Gear Fourth\"}]},{\"@type\":\"WebSite\",\"@id\":\"https:\\\/\\\/boutique-one-piece.com\\\/#website\",\"url\":\"https:\\\/\\\/boutique-one-piece.com\\\/\",\"name\":\"Boutique One Piece\",\"description\":\"Magasin Sp\u00e9cialis\u00e9 du Manga et l&#039;Anime One Piece\",\"publisher\":{\"@id\":\"https:\\\/\\\/boutique-one-piece.com\\\/#organization\"},\"potentialAction\":[{\"@type\":\"SearchAction\",\"target\":{\"@type\":\"EntryPoint\",\"urlTemplate\":\"https:\\\/\\\/boutique-one-piece.com\\\/?s={search_term_string}\"},\"query-input\":{\"@type\":\"PropertyValueSpecification\",\"valueRequired\":true,\"valueName\":\"search_term_string\"}}],\"inLanguage\":\"es\"},{\"@type\":\"Organization\",\"@id\":\"https:\\\/\\\/boutique-one-piece.com\\\/#organization\",\"name\":\"Boutique One Piece\",\"url\":\"https:\\\/\\\/boutique-one-piece.com\\\/\",\"logo\":{\"@type\":\"ImageObject\",\"inLanguage\":\"es\",\"@id\":\"https:\\\/\\\/boutique-one-piece.com\\\/#\\\/schema\\\/logo\\\/image\\\/\",\"url\":\"https:\\\/\\\/boutique-one-piece.com\\\/wp-content\\\/uploads\\\/2022\\\/09\\\/Logo-01.png\",\"contentUrl\":\"https:\\\/\\\/boutique-one-piece.com\\\/wp-content\\\/uploads\\\/2022\\\/09\\\/Logo-01.png\",\"width\":2318,\"height\":957,\"caption\":\"Boutique One Piece\"},\"image\":{\"@id\":\"https:\\\/\\\/boutique-one-piece.com\\\/#\\\/schema\\\/logo\\\/image\\\/\"}}]}<\/script>\n<!-- \/ Yoast SEO plugin. -->","yoast_head_json":{"title":"One Piece Monkey D. Luffy Gear Fourth Case \u2013 Tienda One Piece","description":"Marca: IMIDOTipo: Funda semienvueltaCaracter\u00edsticas: One Piece Monkey D LuffyMarca compatible: HuaweiModelo Huawei compatible: P30 LiteDise\u00f1o: Geom\u00e9tricoDise\u00f1o: Citas y mensajesDise\u00f1o: LisoDise\u00f1o: AnimalDise\u00f1o: TransparenteDise\u00f1o: UnicornioDise\u00f1o: FloralDise\u00f1o: M\u00e1rmolDise\u00f1o: FlamencoDise\u00f1o: Dibujos animadosFunci\u00f3n: Resistente a la suciedad","robots":{"index":"index","follow":"follow","max-snippet":"max-snippet:-1","max-image-preview":"max-image-preview:large","max-video-preview":"max-video-preview:-1"},"canonical":"https:\/\/boutique-one-piece.com\/es\/accesorios-de-one-piece\/estuche-one-piece-monkey-d-luffy-gear-fourth\/","og_locale":"es_ES","og_type":"article","og_title":"Coque One Piece Monkey D Luffy Gear Fourth \u2013 Boutique One Piece","og_description":"Brand Name: IMIDOType: Half-wrapped CaseFeatures: One Piece Monkey D LuffyCompatible Brand: HuaweiCompatible Huawei Model: P30 LiteDesign: GeometricDesign: Quotes & MessagesDesign: PlainDesign: AnimalDesign: TransparentDesign: unicornDesign: FloralDesign: MarbleDesign: FlamingoDesign: CartoonFunction: Dirt-resistan","og_url":"https:\/\/boutique-one-piece.com\/es\/accesorios-de-one-piece\/estuche-one-piece-monkey-d-luffy-gear-fourth\/","og_site_name":"Boutique One Piece","article_modified_time":"2024-09-16T14:10:24+00:00","og_image":[{"width":640,"height":640,"url":"https:\/\/boutique-one-piece.com\/wp-content\/uploads\/2022\/09\/Coque-One-Piece-Monkey-D-Luffy-Gear-Fourth.jpg","type":"image\/jpeg"}],"twitter_card":"summary_large_image","twitter_misc":{"Tiempo de lectura":"1 minuto"},"schema":{"@context":"https:\/\/schema.org","@graph":[{"@type":"WebPage","@id":"https:\/\/boutique-one-piece.com\/accessoires-one-piece\/coque-one-piece-monkey-d-luffy-gear-fourth\/","url":"https:\/\/boutique-one-piece.com\/accessoires-one-piece\/coque-one-piece-monkey-d-luffy-gear-fourth\/","name":"One Piece Monkey D. Luffy Gear Fourth Case \u2013 Tienda One Piece","isPartOf":{"@id":"https:\/\/boutique-one-piece.com\/#website"},"primaryImageOfPage":{"@id":"https:\/\/boutique-one-piece.com\/accessoires-one-piece\/coque-one-piece-monkey-d-luffy-gear-fourth\/#primaryimage"},"image":{"@id":"https:\/\/boutique-one-piece.com\/accessoires-one-piece\/coque-one-piece-monkey-d-luffy-gear-fourth\/#primaryimage"},"thumbnailUrl":"https:\/\/boutique-one-piece.com\/wp-content\/uploads\/2022\/09\/Coque-One-Piece-Monkey-D-Luffy-Gear-Fourth.jpg","datePublished":"2022-09-27T21:38:37+00:00","dateModified":"2024-09-16T14:10:24+00:00","description":"Marca: IMIDOTipo: Funda semienvueltaCaracter\u00edsticas: One Piece Monkey D LuffyMarca compatible: HuaweiModelo Huawei compatible: P30 LiteDise\u00f1o: Geom\u00e9tricoDise\u00f1o: Citas y mensajesDise\u00f1o: LisoDise\u00f1o: AnimalDise\u00f1o: TransparenteDise\u00f1o: UnicornioDise\u00f1o: FloralDise\u00f1o: M\u00e1rmolDise\u00f1o: FlamencoDise\u00f1o: Dibujos animadosFunci\u00f3n: Resistente a la suciedad","breadcrumb":{"@id":"https:\/\/boutique-one-piece.com\/accessoires-one-piece\/coque-one-piece-monkey-d-luffy-gear-fourth\/#breadcrumb"},"inLanguage":"es","potentialAction":[{"@type":"ReadAction","target":["https:\/\/boutique-one-piece.com\/accessoires-one-piece\/coque-one-piece-monkey-d-luffy-gear-fourth\/"]}]},{"@type":"ImageObject","inLanguage":"es","@id":"https:\/\/boutique-one-piece.com\/accessoires-one-piece\/coque-one-piece-monkey-d-luffy-gear-fourth\/#primaryimage","url":"https:\/\/boutique-one-piece.com\/wp-content\/uploads\/2022\/09\/Coque-One-Piece-Monkey-D-Luffy-Gear-Fourth.jpg","contentUrl":"https:\/\/boutique-one-piece.com\/wp-content\/uploads\/2022\/09\/Coque-One-Piece-Monkey-D-Luffy-Gear-Fourth.jpg","width":640,"height":640,"caption":"Coque One Piece Monkey D Luffy Gear Fourth Huawei Mate 10 Pro TZ096-6"},{"@type":"BreadcrumbList","@id":"https:\/\/boutique-one-piece.com\/accessoires-one-piece\/coque-one-piece-monkey-d-luffy-gear-fourth\/#breadcrumb","itemListElement":[{"@type":"ListItem","position":1,"name":"Home","item":"https:\/\/boutique-one-piece.com\/"},{"@type":"ListItem","position":2,"name":"Shop","item":"https:\/\/boutique-one-piece.com\/shop\/"},{"@type":"ListItem","position":3,"name":"Coque One Piece Monkey D Luffy Gear Fourth"}]},{"@type":"WebSite","@id":"https:\/\/boutique-one-piece.com\/#website","url":"https:\/\/boutique-one-piece.com\/","name":"Tienda de One Piece","description":"Tienda especializada en manga y anime de One Piece","publisher":{"@id":"https:\/\/boutique-one-piece.com\/#organization"},"potentialAction":[{"@type":"SearchAction","target":{"@type":"EntryPoint","urlTemplate":"https:\/\/boutique-one-piece.com\/?s={search_term_string}"},"query-input":{"@type":"PropertyValueSpecification","valueRequired":true,"valueName":"search_term_string"}}],"inLanguage":"es"},{"@type":"Organization","@id":"https:\/\/boutique-one-piece.com\/#organization","name":"Tienda de One Piece","url":"https:\/\/boutique-one-piece.com\/","logo":{"@type":"ImageObject","inLanguage":"es","@id":"https:\/\/boutique-one-piece.com\/#\/schema\/logo\/image\/","url":"https:\/\/boutique-one-piece.com\/wp-content\/uploads\/2022\/09\/Logo-01.png","contentUrl":"https:\/\/boutique-one-piece.com\/wp-content\/uploads\/2022\/09\/Logo-01.png","width":2318,"height":957,"caption":"Boutique One Piece"},"image":{"@id":"https:\/\/boutique-one-piece.com\/#\/schema\/logo\/image\/"}}]}},"_links":{"self":[{"href":"https:\/\/boutique-one-piece.com\/es\/wp-json\/wp\/v2\/product\/15433","targetHints":{"allow":["GET"]}}],"collection":[{"href":"https:\/\/boutique-one-piece.com\/es\/wp-json\/wp\/v2\/product"}],"about":[{"href":"https:\/\/boutique-one-piece.com\/es\/wp-json\/wp\/v2\/types\/product"}],"replies":[{"embeddable":true,"href":"https:\/\/boutique-one-piece.com\/es\/wp-json\/wp\/v2\/comments?post=15433"}],"wp:featuredmedia":[{"embeddable":true,"href":"https:\/\/boutique-one-piece.com\/es\/wp-json\/wp\/v2\/media\/15435"}],"wp:attachment":[{"href":"https:\/\/boutique-one-piece.com\/es\/wp-json\/wp\/v2\/media?parent=15433"}],"wp:term":[{"taxonomy":"product_brand","embeddable":true,"href":"https:\/\/boutique-one-piece.com\/es\/wp-json\/wp\/v2\/product_brand?post=15433"},{"taxonomy":"product_cat","embeddable":true,"href":"https:\/\/boutique-one-piece.com\/es\/wp-json\/wp\/v2\/product_cat?post=15433"},{"taxonomy":"product_tag","embeddable":true,"href":"https:\/\/boutique-one-piece.com\/es\/wp-json\/wp\/v2\/product_tag?post=15433"}],"curies":[{"name":"wp","href":"https:\/\/api.w.org\/{rel}","templated":true}]}}