{"id":15532,"date":"2022-09-27T21:39:15","date_gmt":"2022-09-27T21:39:15","guid":{"rendered":"https:\/\/boutique-one-piece.com\/uncategorized\/coque-one-piece-luffy-le-roi-des-pirates\/"},"modified":"2024-09-16T14:13:13","modified_gmt":"2024-09-16T14:13:13","slug":"funda-para-telefono-de-one-piece-luffy-el-rey-pirata","status":"publish","type":"product","link":"https:\/\/boutique-one-piece.com\/es\/accesorios-de-one-piece\/estuche-de-one-piece\/funda-para-telefono-de-one-piece-luffy-el-rey-pirata\/","title":{"rendered":"Estuche de One Piece Luffy el Rey Pirata"},"content":{"rendered":"<p><span><strong>Nombre de marca:<\/strong> MaiYaCa<\/span><br \/><span><strong>Funci\u00f3n:<\/strong> Resistente a la suciedad<\/span><br \/><span><strong>Funci\u00f3n:<\/strong> Antidetonante<\/span><br \/><span><strong>Amable:<\/strong> Estuche medio envuelto<\/span><br \/><span><strong>Caracter\u00edsticas<\/strong> Funda de TPU suave negra<\/span><br \/><span><strong>Marca compatible:<\/strong> iPhones de Apple<\/span><br \/><span><strong>Modelo de iPhone compatible:<\/strong> iPhone 7 Plus<\/span><br \/><span><strong>Modelo de iPhone compatible:<\/strong> iPhone 5c<\/span><br \/><span><strong>Modelo de iPhone compatible:<\/strong> iPhone 6s Plus<\/span><br \/><span><strong>Modelo de iPhone compatible:<\/strong> iPhone 5<\/span><br \/><span><strong>Modelo de iPhone compatible:<\/strong> iPhone 6 Plus<\/span><br \/><span><strong>Modelo de iPhone compatible:<\/strong> iPhone 6S<\/span><br \/><span><strong>Modelo de iPhone compatible:<\/strong> iPhone 5s<\/span><br \/><span><strong>Modelo de iPhone compatible:<\/strong> IPHONE 8 PLUS<\/span><br \/><span><strong>Modelo de iPhone compatible:<\/strong> IPhone 8<\/span><br \/><span><strong>Modelo de iPhone compatible:<\/strong> iPhone 6<\/span><br \/><span><strong>Modelo de iPhone compatible:<\/strong> iPhone X<\/span><br \/><span><strong>Modelo de iPhone compatible:<\/strong> iPhone SE<\/span><br \/><span><strong>Modelo de iPhone compatible:<\/strong> iPhone 7<\/span><br \/><span><strong>Modelo de iPhone compatible:<\/strong> iPhone XR<\/span><br \/><span><strong>Modelo de iPhone compatible:<\/strong> iPhone XS Max<\/span><br \/><span><strong>Modelo de iPhone compatible:<\/strong> iPhone XS<\/span><br \/><span><strong>Modelo de iPhone compatible:<\/strong> iPhone 11<\/span><br \/><span><strong>Modelo de iPhone compatible:<\/strong> iPhone 11 Pro<\/span><br \/><span><strong>Modelo de iPhone compatible:<\/strong> iPhone 11 Pro Max<\/span><br \/><span><strong>Tama\u00f1o:<\/strong> 5.5<\/span><br \/><span><strong>Tama\u00f1o:<\/strong> 4.7<\/span><br \/><span><strong>Tama\u00f1o:<\/strong> 4<\/span><br \/><span><strong>Dise\u00f1o:<\/strong> Citas y mensajes<\/span><br \/><span><strong>Dise\u00f1o:<\/strong> Mate<\/span><br \/><span><strong>Dise\u00f1o:<\/strong> Plano<\/span><br \/><span><strong>Dise\u00f1o:<\/strong> Geom\u00e9trico<\/span><br \/><span><strong>Sucio:<\/strong> Calidad al por mayor y al por menor<\/span><br \/><span><strong>Material:<\/strong> TPU suave de silicona negra<\/span><br \/><span><strong>Categor\u00eda:<\/strong> accesorios para tel\u00e9fonos celulares<\/span><br \/><span><strong>Funda para m\u00f3vil para iPhone 7 8Plus:<\/strong> Funda para iPhone 8\/7 Plus<\/span><br \/><span><strong>Funda para iPhone X XS MAX XR:<\/strong> Funda para iPhone 8, 5S, 6S y 7<\/span><br \/><span><strong>Para funda de iPhone 8\/8 Plus:<\/strong> Funda para iPhone 5S 6Splus<\/span><br \/><span><strong>Funda para iPhone 6 Plus\/6S:<\/strong> Funda para iPhone 6plus, 6S, 7, 7plus<\/span><br \/><span><strong>Funda para iPhone X XS Max:<\/strong> Funda para iPhone XS, XR, XS Max, 11, 11 Pro Max<\/span><br \/><span><strong>Art\u00edculo:<\/strong> Fondo de pantalla de One Piece Anime japon\u00e9s Luffy Tony Chopper<\/span><br \/><span><strong>Elemento:<\/strong> Estuche de One Piece Japan Anime Luffy Tony Chopper<\/span><\/p>","protected":false},"excerpt":{"rendered":"<p>Marca: MaiYaCaFunci\u00f3n: Resistente a la suciedadFunci\u00f3n: AntigolpesTipo: Funda semienvueltaCaracter\u00edsticas: Funda de TPU suave negraMarca compatible: Apple iPhonesModelo de iPhone compatible: iPhone 7 PlusModelo de iPhone compatible: iPhone 5cModelo de iPhone compatible: iPhone 6s plusModelo de iPhone compatible: iPhone 5Modelo de iPhone compatible: iPhone 6 PlusModelo de iPhone compatible: IPHONE 6SModelo de iPhone compatible: iPhone 5sModelo de iPhone compatible: IPHONE 8 PLUSModelo de iPhone compatible: IPHONE 8Modelo de iPhone compatible: [\u2026]<\/p>","protected":false},"featured_media":15534,"comment_status":"open","ping_status":"open","template":"","meta":[],"product_brand":[],"product_cat":[700,15],"product_tag":[],"class_list":{"0":"post-15532","1":"product","2":"type-product","3":"status-publish","4":"has-post-thumbnail","6":"product_cat-coque-one-piece","7":"product_cat-manga-one-piece","9":"first","10":"instock","11":"purchasable","12":"product-type-variable","13":"has-default-attributes"},"yoast_head":"<!-- This site is optimized with the Yoast SEO plugin v27.5 - https:\/\/yoast.com\/product\/yoast-seo-wordpress\/ -->\n<title>Coque One Piece Luffy Le Roi Des Pirates<\/title>\n<meta name=\"description\" content=\"Brand Name: MaiYaCaFunction: Dirt-resistantFunction: Anti-knockType: Half-wrapped CaseFeatures: black soft tpu caseCompatible Brand: Apple iPhonesCompatible iPhone Model: iPhone 7 PlusCompatible iPhone Model: iPhone5cCompatible iPhone Model: iPhone 6s plusCompatible iPhone Model: iPhone 5Compatible iPhone Model: iPhone\" \/>\n<meta name=\"robots\" content=\"index, follow, max-snippet:-1, max-image-preview:large, max-video-preview:-1\" \/>\n<link rel=\"canonical\" href=\"https:\/\/boutique-one-piece.com\/es\/accesorios-de-one-piece\/estuche-de-one-piece\/funda-para-telefono-de-one-piece-luffy-el-rey-pirata\/\" \/>\n<meta property=\"og:locale\" content=\"es_ES\" \/>\n<meta property=\"og:type\" content=\"article\" \/>\n<meta property=\"og:title\" content=\"Coque One Piece Luffy Le Roi Des Pirates\" \/>\n<meta property=\"og:description\" content=\"Brand Name: MaiYaCaFunction: Dirt-resistantFunction: Anti-knockType: Half-wrapped CaseFeatures: black soft tpu caseCompatible Brand: Apple iPhonesCompatible iPhone Model: iPhone 7 PlusCompatible iPhone Model: iPhone5cCompatible iPhone Model: iPhone 6s plusCompatible iPhone Model: iPhone 5Compatible iPhone Model: iPhone\" \/>\n<meta property=\"og:url\" content=\"https:\/\/boutique-one-piece.com\/es\/accesorios-de-one-piece\/estuche-de-one-piece\/funda-para-telefono-de-one-piece-luffy-el-rey-pirata\/\" \/>\n<meta property=\"og:site_name\" content=\"Boutique One Piece\" \/>\n<meta property=\"article:modified_time\" content=\"2024-09-16T14:13:13+00:00\" \/>\n<meta property=\"og:image\" content=\"https:\/\/boutique-one-piece.com\/wp-content\/uploads\/2022\/09\/Coque-One-Piece-Luffy-Le-Roi-Des-Pirates.jpg\" \/>\n\t<meta property=\"og:image:width\" content=\"640\" \/>\n\t<meta property=\"og:image:height\" content=\"640\" \/>\n\t<meta property=\"og:image:type\" content=\"image\/jpeg\" \/>\n<meta name=\"twitter:card\" content=\"summary_large_image\" \/>\n<meta name=\"twitter:label1\" content=\"Tiempo de lectura\" \/>\n\t<meta name=\"twitter:data1\" content=\"1 minuto\" \/>\n<script type=\"application\/ld+json\" class=\"yoast-schema-graph\">{\"@context\":\"https:\\\/\\\/schema.org\",\"@graph\":[{\"@type\":\"WebPage\",\"@id\":\"https:\\\/\\\/boutique-one-piece.com\\\/accessoires-one-piece\\\/coque-one-piece\\\/coque-one-piece-luffy-le-roi-des-pirates\\\/\",\"url\":\"https:\\\/\\\/boutique-one-piece.com\\\/accessoires-one-piece\\\/coque-one-piece\\\/coque-one-piece-luffy-le-roi-des-pirates\\\/\",\"name\":\"Coque One Piece Luffy Le Roi Des Pirates\",\"isPartOf\":{\"@id\":\"https:\\\/\\\/boutique-one-piece.com\\\/#website\"},\"primaryImageOfPage\":{\"@id\":\"https:\\\/\\\/boutique-one-piece.com\\\/accessoires-one-piece\\\/coque-one-piece\\\/coque-one-piece-luffy-le-roi-des-pirates\\\/#primaryimage\"},\"image\":{\"@id\":\"https:\\\/\\\/boutique-one-piece.com\\\/accessoires-one-piece\\\/coque-one-piece\\\/coque-one-piece-luffy-le-roi-des-pirates\\\/#primaryimage\"},\"thumbnailUrl\":\"https:\\\/\\\/boutique-one-piece.com\\\/wp-content\\\/uploads\\\/2022\\\/09\\\/Coque-One-Piece-Luffy-Le-Roi-Des-Pirates.jpg\",\"datePublished\":\"2022-09-27T21:39:15+00:00\",\"dateModified\":\"2024-09-16T14:13:13+00:00\",\"description\":\"Brand Name: MaiYaCaFunction: Dirt-resistantFunction: Anti-knockType: Half-wrapped CaseFeatures: black soft tpu caseCompatible Brand: Apple iPhonesCompatible iPhone Model: iPhone 7 PlusCompatible iPhone Model: iPhone5cCompatible iPhone Model: iPhone 6s plusCompatible iPhone Model: iPhone 5Compatible iPhone Model: iPhone\",\"breadcrumb\":{\"@id\":\"https:\\\/\\\/boutique-one-piece.com\\\/accessoires-one-piece\\\/coque-one-piece\\\/coque-one-piece-luffy-le-roi-des-pirates\\\/#breadcrumb\"},\"inLanguage\":\"es\",\"potentialAction\":[{\"@type\":\"ReadAction\",\"target\":[\"https:\\\/\\\/boutique-one-piece.com\\\/accessoires-one-piece\\\/coque-one-piece\\\/coque-one-piece-luffy-le-roi-des-pirates\\\/\"]}]},{\"@type\":\"ImageObject\",\"inLanguage\":\"es\",\"@id\":\"https:\\\/\\\/boutique-one-piece.com\\\/accessoires-one-piece\\\/coque-one-piece\\\/coque-one-piece-luffy-le-roi-des-pirates\\\/#primaryimage\",\"url\":\"https:\\\/\\\/boutique-one-piece.com\\\/wp-content\\\/uploads\\\/2022\\\/09\\\/Coque-One-Piece-Luffy-Le-Roi-Des-Pirates.jpg\",\"contentUrl\":\"https:\\\/\\\/boutique-one-piece.com\\\/wp-content\\\/uploads\\\/2022\\\/09\\\/Coque-One-Piece-Luffy-Le-Roi-Des-Pirates.jpg\",\"width\":640,\"height\":640,\"caption\":\"Coque One Piece Luffy Le Roi Des Pirates For iphone 11 A8\"},{\"@type\":\"BreadcrumbList\",\"@id\":\"https:\\\/\\\/boutique-one-piece.com\\\/accessoires-one-piece\\\/coque-one-piece\\\/coque-one-piece-luffy-le-roi-des-pirates\\\/#breadcrumb\",\"itemListElement\":[{\"@type\":\"ListItem\",\"position\":1,\"name\":\"Home\",\"item\":\"https:\\\/\\\/boutique-one-piece.com\\\/\"},{\"@type\":\"ListItem\",\"position\":2,\"name\":\"Shop\",\"item\":\"https:\\\/\\\/boutique-one-piece.com\\\/shop\\\/\"},{\"@type\":\"ListItem\",\"position\":3,\"name\":\"Coque One Piece Luffy Le Roi Des Pirates\"}]},{\"@type\":\"WebSite\",\"@id\":\"https:\\\/\\\/boutique-one-piece.com\\\/#website\",\"url\":\"https:\\\/\\\/boutique-one-piece.com\\\/\",\"name\":\"Boutique One Piece\",\"description\":\"Magasin Sp\u00e9cialis\u00e9 du Manga et l&#039;Anime One Piece\",\"publisher\":{\"@id\":\"https:\\\/\\\/boutique-one-piece.com\\\/#organization\"},\"potentialAction\":[{\"@type\":\"SearchAction\",\"target\":{\"@type\":\"EntryPoint\",\"urlTemplate\":\"https:\\\/\\\/boutique-one-piece.com\\\/?s={search_term_string}\"},\"query-input\":{\"@type\":\"PropertyValueSpecification\",\"valueRequired\":true,\"valueName\":\"search_term_string\"}}],\"inLanguage\":\"es\"},{\"@type\":\"Organization\",\"@id\":\"https:\\\/\\\/boutique-one-piece.com\\\/#organization\",\"name\":\"Boutique One Piece\",\"url\":\"https:\\\/\\\/boutique-one-piece.com\\\/\",\"logo\":{\"@type\":\"ImageObject\",\"inLanguage\":\"es\",\"@id\":\"https:\\\/\\\/boutique-one-piece.com\\\/#\\\/schema\\\/logo\\\/image\\\/\",\"url\":\"https:\\\/\\\/boutique-one-piece.com\\\/wp-content\\\/uploads\\\/2022\\\/09\\\/Logo-01.png\",\"contentUrl\":\"https:\\\/\\\/boutique-one-piece.com\\\/wp-content\\\/uploads\\\/2022\\\/09\\\/Logo-01.png\",\"width\":2318,\"height\":957,\"caption\":\"Boutique One Piece\"},\"image\":{\"@id\":\"https:\\\/\\\/boutique-one-piece.com\\\/#\\\/schema\\\/logo\\\/image\\\/\"}}]}<\/script>\n<!-- \/ Yoast SEO plugin. -->","yoast_head_json":{"title":"Estuche de One Piece Luffy el Rey Pirata","description":"Marca: MaiYaCaFunci\u00f3n: Resistente a la suciedadFunci\u00f3n: AntigolpesTipo: Funda semienvueltaCaracter\u00edsticas: funda de TPU suave negraMarca compatible: Apple iPhonesModelo de iPhone compatible: iPhone 7 PlusModelo de iPhone compatible: iPhone 5cModelo de iPhone compatible: iPhone 6s plusModelo de iPhone compatible: iPhone 5Modelo de iPhone compatible: iPhone","robots":{"index":"index","follow":"follow","max-snippet":"max-snippet:-1","max-image-preview":"max-image-preview:large","max-video-preview":"max-video-preview:-1"},"canonical":"https:\/\/boutique-one-piece.com\/es\/accesorios-de-one-piece\/estuche-de-one-piece\/funda-para-telefono-de-one-piece-luffy-el-rey-pirata\/","og_locale":"es_ES","og_type":"article","og_title":"Coque One Piece Luffy Le Roi Des Pirates","og_description":"Brand Name: MaiYaCaFunction: Dirt-resistantFunction: Anti-knockType: Half-wrapped CaseFeatures: black soft tpu caseCompatible Brand: Apple iPhonesCompatible iPhone Model: iPhone 7 PlusCompatible iPhone Model: iPhone5cCompatible iPhone Model: iPhone 6s plusCompatible iPhone Model: iPhone 5Compatible iPhone Model: iPhone","og_url":"https:\/\/boutique-one-piece.com\/es\/accesorios-de-one-piece\/estuche-de-one-piece\/funda-para-telefono-de-one-piece-luffy-el-rey-pirata\/","og_site_name":"Boutique One Piece","article_modified_time":"2024-09-16T14:13:13+00:00","og_image":[{"width":640,"height":640,"url":"https:\/\/boutique-one-piece.com\/wp-content\/uploads\/2022\/09\/Coque-One-Piece-Luffy-Le-Roi-Des-Pirates.jpg","type":"image\/jpeg"}],"twitter_card":"summary_large_image","twitter_misc":{"Tiempo de lectura":"1 minuto"},"schema":{"@context":"https:\/\/schema.org","@graph":[{"@type":"WebPage","@id":"https:\/\/boutique-one-piece.com\/accessoires-one-piece\/coque-one-piece\/coque-one-piece-luffy-le-roi-des-pirates\/","url":"https:\/\/boutique-one-piece.com\/accessoires-one-piece\/coque-one-piece\/coque-one-piece-luffy-le-roi-des-pirates\/","name":"Estuche de One Piece Luffy el Rey Pirata","isPartOf":{"@id":"https:\/\/boutique-one-piece.com\/#website"},"primaryImageOfPage":{"@id":"https:\/\/boutique-one-piece.com\/accessoires-one-piece\/coque-one-piece\/coque-one-piece-luffy-le-roi-des-pirates\/#primaryimage"},"image":{"@id":"https:\/\/boutique-one-piece.com\/accessoires-one-piece\/coque-one-piece\/coque-one-piece-luffy-le-roi-des-pirates\/#primaryimage"},"thumbnailUrl":"https:\/\/boutique-one-piece.com\/wp-content\/uploads\/2022\/09\/Coque-One-Piece-Luffy-Le-Roi-Des-Pirates.jpg","datePublished":"2022-09-27T21:39:15+00:00","dateModified":"2024-09-16T14:13:13+00:00","description":"Marca: MaiYaCaFunci\u00f3n: Resistente a la suciedadFunci\u00f3n: AntigolpesTipo: Funda semienvueltaCaracter\u00edsticas: funda de TPU suave negraMarca compatible: Apple iPhonesModelo de iPhone compatible: iPhone 7 PlusModelo de iPhone compatible: iPhone 5cModelo de iPhone compatible: iPhone 6s plusModelo de iPhone compatible: iPhone 5Modelo de iPhone compatible: iPhone","breadcrumb":{"@id":"https:\/\/boutique-one-piece.com\/accessoires-one-piece\/coque-one-piece\/coque-one-piece-luffy-le-roi-des-pirates\/#breadcrumb"},"inLanguage":"es","potentialAction":[{"@type":"ReadAction","target":["https:\/\/boutique-one-piece.com\/accessoires-one-piece\/coque-one-piece\/coque-one-piece-luffy-le-roi-des-pirates\/"]}]},{"@type":"ImageObject","inLanguage":"es","@id":"https:\/\/boutique-one-piece.com\/accessoires-one-piece\/coque-one-piece\/coque-one-piece-luffy-le-roi-des-pirates\/#primaryimage","url":"https:\/\/boutique-one-piece.com\/wp-content\/uploads\/2022\/09\/Coque-One-Piece-Luffy-Le-Roi-Des-Pirates.jpg","contentUrl":"https:\/\/boutique-one-piece.com\/wp-content\/uploads\/2022\/09\/Coque-One-Piece-Luffy-Le-Roi-Des-Pirates.jpg","width":640,"height":640,"caption":"Coque One Piece Luffy Le Roi Des Pirates For iphone 11 A8"},{"@type":"BreadcrumbList","@id":"https:\/\/boutique-one-piece.com\/accessoires-one-piece\/coque-one-piece\/coque-one-piece-luffy-le-roi-des-pirates\/#breadcrumb","itemListElement":[{"@type":"ListItem","position":1,"name":"Home","item":"https:\/\/boutique-one-piece.com\/"},{"@type":"ListItem","position":2,"name":"Shop","item":"https:\/\/boutique-one-piece.com\/shop\/"},{"@type":"ListItem","position":3,"name":"Coque One Piece Luffy Le Roi Des Pirates"}]},{"@type":"WebSite","@id":"https:\/\/boutique-one-piece.com\/#website","url":"https:\/\/boutique-one-piece.com\/","name":"Tienda de One Piece","description":"Tienda especializada en manga y anime de One Piece","publisher":{"@id":"https:\/\/boutique-one-piece.com\/#organization"},"potentialAction":[{"@type":"SearchAction","target":{"@type":"EntryPoint","urlTemplate":"https:\/\/boutique-one-piece.com\/?s={search_term_string}"},"query-input":{"@type":"PropertyValueSpecification","valueRequired":true,"valueName":"search_term_string"}}],"inLanguage":"es"},{"@type":"Organization","@id":"https:\/\/boutique-one-piece.com\/#organization","name":"Tienda de One Piece","url":"https:\/\/boutique-one-piece.com\/","logo":{"@type":"ImageObject","inLanguage":"es","@id":"https:\/\/boutique-one-piece.com\/#\/schema\/logo\/image\/","url":"https:\/\/boutique-one-piece.com\/wp-content\/uploads\/2022\/09\/Logo-01.png","contentUrl":"https:\/\/boutique-one-piece.com\/wp-content\/uploads\/2022\/09\/Logo-01.png","width":2318,"height":957,"caption":"Boutique One Piece"},"image":{"@id":"https:\/\/boutique-one-piece.com\/#\/schema\/logo\/image\/"}}]}},"_links":{"self":[{"href":"https:\/\/boutique-one-piece.com\/es\/wp-json\/wp\/v2\/product\/15532","targetHints":{"allow":["GET"]}}],"collection":[{"href":"https:\/\/boutique-one-piece.com\/es\/wp-json\/wp\/v2\/product"}],"about":[{"href":"https:\/\/boutique-one-piece.com\/es\/wp-json\/wp\/v2\/types\/product"}],"replies":[{"embeddable":true,"href":"https:\/\/boutique-one-piece.com\/es\/wp-json\/wp\/v2\/comments?post=15532"}],"wp:featuredmedia":[{"embeddable":true,"href":"https:\/\/boutique-one-piece.com\/es\/wp-json\/wp\/v2\/media\/15534"}],"wp:attachment":[{"href":"https:\/\/boutique-one-piece.com\/es\/wp-json\/wp\/v2\/media?parent=15532"}],"wp:term":[{"taxonomy":"product_brand","embeddable":true,"href":"https:\/\/boutique-one-piece.com\/es\/wp-json\/wp\/v2\/product_brand?post=15532"},{"taxonomy":"product_cat","embeddable":true,"href":"https:\/\/boutique-one-piece.com\/es\/wp-json\/wp\/v2\/product_cat?post=15532"},{"taxonomy":"product_tag","embeddable":true,"href":"https:\/\/boutique-one-piece.com\/es\/wp-json\/wp\/v2\/product_tag?post=15532"}],"curies":[{"name":"wp","href":"https:\/\/api.w.org\/{rel}","templated":true}]}}