{"id":16308,"date":"2022-09-27T21:43:57","date_gmt":"2022-09-27T21:43:57","guid":{"rendered":"https:\/\/boutique-one-piece.com\/uncategorized\/tableau-one-piece-nami-la-chatte-voleuse\/"},"modified":"2024-09-16T14:35:39","modified_gmt":"2024-09-16T14:35:39","slug":"pintura-de-one-piece-de-nami-la-ladrona-de-gatos","status":"publish","type":"product","link":"https:\/\/boutique-one-piece.com\/es\/decoraciones-de-one-piece\/pinturas-de-one-piece\/pintura-de-one-piece-de-nami-la-ladrona-de-gatos\/","title":{"rendered":"Pintura de Nami, la gata ladrona de One Piece"},"content":{"rendered":"<p><span><strong>Amable:<\/strong> Impresiones en lienzo<\/span><br \/><span><strong>Temas:<\/strong> Animaci\u00f3n<\/span><br \/><span><strong>Modo de cuadro:<\/strong> Sin marco<\/span><br \/><span><strong>Material:<\/strong> Lienzo<\/span><br \/><span><strong>Estilo:<\/strong> Cl\u00e1sico<\/span><br \/><span><strong>Marco:<\/strong> S\u00ed<\/span><br \/><span><strong>Medio:<\/strong> Aceite<\/span><br \/><span><strong>Soporte base:<\/strong> Lienzo<\/span><br \/><span><strong>Forma:<\/strong> Conjunto<\/span><br \/><span><strong>T\u00e9cnica:<\/strong> Pintura en aerosol<\/span><br \/><span><strong>N\u00famero de modelo:<\/strong> Cuadro<\/span><br \/><span><strong>Forma:<\/strong> Irregular<\/span><br \/><span><strong>Original:<\/strong> S\u00ed<\/span><br \/><span><strong>Material:<\/strong> Lienzo de alta calidad<\/span><br \/><span><strong>Estilo de pintura al \u00f3leo:<\/strong> Impresiones gicl\u00e9e de arte mural moderno<\/span><br \/><span><strong>Material de la imagen:<\/strong> Impresi\u00f3n en tinta verde sobre lienzo<\/span><br \/><span><strong>Con o sin marco:<\/strong> Solo lienzo (cont\u00e1ctanos para los enmarcados)<\/span><br \/><span><strong>Estilo y t\u00e9cnica de pintura:<\/strong> Impresiones art\u00edsticas decorativas modernas en lienzo<\/span><br \/><span><strong>Revestimiento:<\/strong> UV, impermeable, a prueba de humedad<\/span><br \/><span><strong>Decoraci\u00f3n:<\/strong> Salas de estar, dormitorios, guarder\u00edas, oficinas, cafeter\u00edas, hoteles, restaurantes<\/span><br \/><span><strong>Pintura moderna:<\/strong> Pintura al \u00f3leo impresa<\/span><br \/><span><strong>Forma:<\/strong> Rect\u00e1ngulo<\/span><br \/><span><strong>Obra de arte:<\/strong> Impresiones en lienzo<\/span><\/p>","protected":false},"excerpt":{"rendered":"<p>Tipo: Impresiones en lienzo Temas: Animaci\u00f3n Modo de enmarcado: Sin marco Material: Lienzo Estilo: Cl\u00e1sico Marco: S\u00ed Medio: \u00d3leo Base de soporte: Lienzo Forma: Combinada T\u00e9cnicas: Pintura en aerosol N\u00famero de modelo: Pintura Forma: Irregular Original: S\u00ed Material: Lienzo de alta calidad Estilo de pintura al \u00f3leo: Impresiones gicl\u00e9e de arte mural moderno Material de la imagen: Impresi\u00f3n en tinta verde sobre lienzo Con o sin marco: Solo lienzo (cont\u00e1ctenos para enmarcados) Estilo y t\u00e9cnica de pintura: Impresiones art\u00edsticas decorativas modernas en lienzo Recubrimiento: UV, resistente al agua, a la humedad Decoraci\u00f3n: Salas de estar, [\u2026]<\/p>","protected":false},"featured_media":16310,"comment_status":"open","ping_status":"closed","template":"","meta":[],"product_brand":[],"product_cat":[141],"product_tag":[],"class_list":{"0":"post-16308","1":"product","2":"type-product","3":"status-publish","4":"has-post-thumbnail","6":"product_cat-tableaux-one-piece","8":"first","9":"instock","10":"purchasable","11":"product-type-variable","12":"has-default-attributes"},"yoast_head":"<!-- This site is optimized with the Yoast SEO plugin v27.5 - https:\/\/yoast.com\/product\/yoast-seo-wordpress\/ -->\n<title>Tableau One Piece Nami La Chatte Voleuse<\/title>\n<meta name=\"description\" content=\"Type: Canvas PrintingsSubjects: AnimationFrame mode: UnframedMaterial: CanvasStyle: ClassicalFrame: YesMedium: OilSupport Base: CanvasForm: CombinedTechnics: Spray PaintingModel Number: PaintingShape: IrregularOriginal: YesMeterial: High Quality CanvasOil Painting Style: Modern Wall Art Giclee PrintsPicure Material: Gr\" \/>\n<meta name=\"robots\" content=\"index, follow, max-snippet:-1, max-image-preview:large, max-video-preview:-1\" \/>\n<link rel=\"canonical\" href=\"https:\/\/boutique-one-piece.com\/es\/decoraciones-de-one-piece\/pinturas-de-one-piece\/pintura-de-one-piece-de-nami-la-ladrona-de-gatos\/\" \/>\n<meta property=\"og:locale\" content=\"es_ES\" \/>\n<meta property=\"og:type\" content=\"article\" \/>\n<meta property=\"og:title\" content=\"Tableau One Piece Nami La Chatte Voleuse\" \/>\n<meta property=\"og:description\" content=\"Type: Canvas PrintingsSubjects: AnimationFrame mode: UnframedMaterial: CanvasStyle: ClassicalFrame: YesMedium: OilSupport Base: CanvasForm: CombinedTechnics: Spray PaintingModel Number: PaintingShape: IrregularOriginal: YesMeterial: High Quality CanvasOil Painting Style: Modern Wall Art Giclee PrintsPicure Material: Gr\" \/>\n<meta property=\"og:url\" content=\"https:\/\/boutique-one-piece.com\/es\/decoraciones-de-one-piece\/pinturas-de-one-piece\/pintura-de-one-piece-de-nami-la-ladrona-de-gatos\/\" \/>\n<meta property=\"og:site_name\" content=\"Boutique One Piece\" \/>\n<meta property=\"article:modified_time\" content=\"2024-09-16T14:35:39+00:00\" \/>\n<meta property=\"og:image\" content=\"https:\/\/boutique-one-piece.com\/wp-content\/uploads\/2022\/09\/Tableau-One-Piece-Nami-La-Chatte-Voleuse.jpg\" \/>\n\t<meta property=\"og:image:width\" content=\"640\" \/>\n\t<meta property=\"og:image:height\" content=\"640\" \/>\n\t<meta property=\"og:image:type\" content=\"image\/jpeg\" \/>\n<meta name=\"twitter:card\" content=\"summary_large_image\" \/>\n<script type=\"application\/ld+json\" class=\"yoast-schema-graph\">{\"@context\":\"https:\\\/\\\/schema.org\",\"@graph\":[{\"@type\":\"WebPage\",\"@id\":\"https:\\\/\\\/boutique-one-piece.com\\\/decorations-one-piece\\\/tableaux-one-piece\\\/tableau-one-piece-nami-la-chatte-voleuse\\\/\",\"url\":\"https:\\\/\\\/boutique-one-piece.com\\\/decorations-one-piece\\\/tableaux-one-piece\\\/tableau-one-piece-nami-la-chatte-voleuse\\\/\",\"name\":\"Tableau One Piece Nami La Chatte Voleuse\",\"isPartOf\":{\"@id\":\"https:\\\/\\\/boutique-one-piece.com\\\/#website\"},\"primaryImageOfPage\":{\"@id\":\"https:\\\/\\\/boutique-one-piece.com\\\/decorations-one-piece\\\/tableaux-one-piece\\\/tableau-one-piece-nami-la-chatte-voleuse\\\/#primaryimage\"},\"image\":{\"@id\":\"https:\\\/\\\/boutique-one-piece.com\\\/decorations-one-piece\\\/tableaux-one-piece\\\/tableau-one-piece-nami-la-chatte-voleuse\\\/#primaryimage\"},\"thumbnailUrl\":\"https:\\\/\\\/boutique-one-piece.com\\\/wp-content\\\/uploads\\\/2022\\\/09\\\/Tableau-One-Piece-Nami-La-Chatte-Voleuse.jpg\",\"datePublished\":\"2022-09-27T21:43:57+00:00\",\"dateModified\":\"2024-09-16T14:35:39+00:00\",\"description\":\"Type: Canvas PrintingsSubjects: AnimationFrame mode: UnframedMaterial: CanvasStyle: ClassicalFrame: YesMedium: OilSupport Base: CanvasForm: CombinedTechnics: Spray PaintingModel Number: PaintingShape: IrregularOriginal: YesMeterial: High Quality CanvasOil Painting Style: Modern Wall Art Giclee PrintsPicure Material: Gr\",\"breadcrumb\":{\"@id\":\"https:\\\/\\\/boutique-one-piece.com\\\/decorations-one-piece\\\/tableaux-one-piece\\\/tableau-one-piece-nami-la-chatte-voleuse\\\/#breadcrumb\"},\"inLanguage\":\"es\",\"potentialAction\":[{\"@type\":\"ReadAction\",\"target\":[\"https:\\\/\\\/boutique-one-piece.com\\\/decorations-one-piece\\\/tableaux-one-piece\\\/tableau-one-piece-nami-la-chatte-voleuse\\\/\"]}]},{\"@type\":\"ImageObject\",\"inLanguage\":\"es\",\"@id\":\"https:\\\/\\\/boutique-one-piece.com\\\/decorations-one-piece\\\/tableaux-one-piece\\\/tableau-one-piece-nami-la-chatte-voleuse\\\/#primaryimage\",\"url\":\"https:\\\/\\\/boutique-one-piece.com\\\/wp-content\\\/uploads\\\/2022\\\/09\\\/Tableau-One-Piece-Nami-La-Chatte-Voleuse.jpg\",\"contentUrl\":\"https:\\\/\\\/boutique-one-piece.com\\\/wp-content\\\/uploads\\\/2022\\\/09\\\/Tableau-One-Piece-Nami-La-Chatte-Voleuse.jpg\",\"width\":640,\"height\":640,\"caption\":\"Tableau One Piece Nami La Chatte Voleuse 60x85cm Frame HE2981-03\"},{\"@type\":\"BreadcrumbList\",\"@id\":\"https:\\\/\\\/boutique-one-piece.com\\\/decorations-one-piece\\\/tableaux-one-piece\\\/tableau-one-piece-nami-la-chatte-voleuse\\\/#breadcrumb\",\"itemListElement\":[{\"@type\":\"ListItem\",\"position\":1,\"name\":\"Home\",\"item\":\"https:\\\/\\\/boutique-one-piece.com\\\/\"},{\"@type\":\"ListItem\",\"position\":2,\"name\":\"Shop\",\"item\":\"https:\\\/\\\/boutique-one-piece.com\\\/shop\\\/\"},{\"@type\":\"ListItem\",\"position\":3,\"name\":\"Tableau One Piece Nami La Chatte Voleuse\"}]},{\"@type\":\"WebSite\",\"@id\":\"https:\\\/\\\/boutique-one-piece.com\\\/#website\",\"url\":\"https:\\\/\\\/boutique-one-piece.com\\\/\",\"name\":\"Boutique One Piece\",\"description\":\"Magasin Sp\u00e9cialis\u00e9 du Manga et l&#039;Anime One Piece\",\"publisher\":{\"@id\":\"https:\\\/\\\/boutique-one-piece.com\\\/#organization\"},\"potentialAction\":[{\"@type\":\"SearchAction\",\"target\":{\"@type\":\"EntryPoint\",\"urlTemplate\":\"https:\\\/\\\/boutique-one-piece.com\\\/?s={search_term_string}\"},\"query-input\":{\"@type\":\"PropertyValueSpecification\",\"valueRequired\":true,\"valueName\":\"search_term_string\"}}],\"inLanguage\":\"es\"},{\"@type\":\"Organization\",\"@id\":\"https:\\\/\\\/boutique-one-piece.com\\\/#organization\",\"name\":\"Boutique One Piece\",\"url\":\"https:\\\/\\\/boutique-one-piece.com\\\/\",\"logo\":{\"@type\":\"ImageObject\",\"inLanguage\":\"es\",\"@id\":\"https:\\\/\\\/boutique-one-piece.com\\\/#\\\/schema\\\/logo\\\/image\\\/\",\"url\":\"https:\\\/\\\/boutique-one-piece.com\\\/wp-content\\\/uploads\\\/2022\\\/09\\\/Logo-01.png\",\"contentUrl\":\"https:\\\/\\\/boutique-one-piece.com\\\/wp-content\\\/uploads\\\/2022\\\/09\\\/Logo-01.png\",\"width\":2318,\"height\":957,\"caption\":\"Boutique One Piece\"},\"image\":{\"@id\":\"https:\\\/\\\/boutique-one-piece.com\\\/#\\\/schema\\\/logo\\\/image\\\/\"}}]}<\/script>\n<!-- \/ Yoast SEO plugin. -->","yoast_head_json":{"title":"Pintura de Nami, la gata ladrona de One Piece","description":"Tipo: Impresiones en lienzoTemas: Animaci\u00f3nModo de enmarcado: Sin marcoMaterial: LienzoEstilo: Cl\u00e1sicoMarco: S\u00edMedio: \u00d3leoBase de soporte: LienzoForma: CombinadoT\u00e9cnicas: Pintura en aerosolN\u00famero de modelo: PinturaForma: IrregularOriginal: S\u00edMaterial: Lienzo de alta calidadEstilo de pintura al \u00f3leo: Impresiones gicl\u00e9e de arte mural modernoMaterial de la imagen: Gr","robots":{"index":"index","follow":"follow","max-snippet":"max-snippet:-1","max-image-preview":"max-image-preview:large","max-video-preview":"max-video-preview:-1"},"canonical":"https:\/\/boutique-one-piece.com\/es\/decoraciones-de-one-piece\/pinturas-de-one-piece\/pintura-de-one-piece-de-nami-la-ladrona-de-gatos\/","og_locale":"es_ES","og_type":"article","og_title":"Tableau One Piece Nami La Chatte Voleuse","og_description":"Type: Canvas PrintingsSubjects: AnimationFrame mode: UnframedMaterial: CanvasStyle: ClassicalFrame: YesMedium: OilSupport Base: CanvasForm: CombinedTechnics: Spray PaintingModel Number: PaintingShape: IrregularOriginal: YesMeterial: High Quality CanvasOil Painting Style: Modern Wall Art Giclee PrintsPicure Material: Gr","og_url":"https:\/\/boutique-one-piece.com\/es\/decoraciones-de-one-piece\/pinturas-de-one-piece\/pintura-de-one-piece-de-nami-la-ladrona-de-gatos\/","og_site_name":"Boutique One Piece","article_modified_time":"2024-09-16T14:35:39+00:00","og_image":[{"width":640,"height":640,"url":"https:\/\/boutique-one-piece.com\/wp-content\/uploads\/2022\/09\/Tableau-One-Piece-Nami-La-Chatte-Voleuse.jpg","type":"image\/jpeg"}],"twitter_card":"summary_large_image","schema":{"@context":"https:\/\/schema.org","@graph":[{"@type":"WebPage","@id":"https:\/\/boutique-one-piece.com\/decorations-one-piece\/tableaux-one-piece\/tableau-one-piece-nami-la-chatte-voleuse\/","url":"https:\/\/boutique-one-piece.com\/decorations-one-piece\/tableaux-one-piece\/tableau-one-piece-nami-la-chatte-voleuse\/","name":"Pintura de Nami, la gata ladrona de One Piece","isPartOf":{"@id":"https:\/\/boutique-one-piece.com\/#website"},"primaryImageOfPage":{"@id":"https:\/\/boutique-one-piece.com\/decorations-one-piece\/tableaux-one-piece\/tableau-one-piece-nami-la-chatte-voleuse\/#primaryimage"},"image":{"@id":"https:\/\/boutique-one-piece.com\/decorations-one-piece\/tableaux-one-piece\/tableau-one-piece-nami-la-chatte-voleuse\/#primaryimage"},"thumbnailUrl":"https:\/\/boutique-one-piece.com\/wp-content\/uploads\/2022\/09\/Tableau-One-Piece-Nami-La-Chatte-Voleuse.jpg","datePublished":"2022-09-27T21:43:57+00:00","dateModified":"2024-09-16T14:35:39+00:00","description":"Tipo: Impresiones en lienzoTemas: Animaci\u00f3nModo de enmarcado: Sin marcoMaterial: LienzoEstilo: Cl\u00e1sicoMarco: S\u00edMedio: \u00d3leoBase de soporte: LienzoForma: CombinadoT\u00e9cnicas: Pintura en aerosolN\u00famero de modelo: PinturaForma: IrregularOriginal: S\u00edMaterial: Lienzo de alta calidadEstilo de pintura al \u00f3leo: Impresiones gicl\u00e9e de arte mural modernoMaterial de la imagen: Gr","breadcrumb":{"@id":"https:\/\/boutique-one-piece.com\/decorations-one-piece\/tableaux-one-piece\/tableau-one-piece-nami-la-chatte-voleuse\/#breadcrumb"},"inLanguage":"es","potentialAction":[{"@type":"ReadAction","target":["https:\/\/boutique-one-piece.com\/decorations-one-piece\/tableaux-one-piece\/tableau-one-piece-nami-la-chatte-voleuse\/"]}]},{"@type":"ImageObject","inLanguage":"es","@id":"https:\/\/boutique-one-piece.com\/decorations-one-piece\/tableaux-one-piece\/tableau-one-piece-nami-la-chatte-voleuse\/#primaryimage","url":"https:\/\/boutique-one-piece.com\/wp-content\/uploads\/2022\/09\/Tableau-One-Piece-Nami-La-Chatte-Voleuse.jpg","contentUrl":"https:\/\/boutique-one-piece.com\/wp-content\/uploads\/2022\/09\/Tableau-One-Piece-Nami-La-Chatte-Voleuse.jpg","width":640,"height":640,"caption":"Tableau One Piece Nami La Chatte Voleuse 60x85cm Frame HE2981-03"},{"@type":"BreadcrumbList","@id":"https:\/\/boutique-one-piece.com\/decorations-one-piece\/tableaux-one-piece\/tableau-one-piece-nami-la-chatte-voleuse\/#breadcrumb","itemListElement":[{"@type":"ListItem","position":1,"name":"Home","item":"https:\/\/boutique-one-piece.com\/"},{"@type":"ListItem","position":2,"name":"Shop","item":"https:\/\/boutique-one-piece.com\/shop\/"},{"@type":"ListItem","position":3,"name":"Tableau One Piece Nami La Chatte Voleuse"}]},{"@type":"WebSite","@id":"https:\/\/boutique-one-piece.com\/#website","url":"https:\/\/boutique-one-piece.com\/","name":"Tienda de One Piece","description":"Tienda especializada en manga y anime de One Piece","publisher":{"@id":"https:\/\/boutique-one-piece.com\/#organization"},"potentialAction":[{"@type":"SearchAction","target":{"@type":"EntryPoint","urlTemplate":"https:\/\/boutique-one-piece.com\/?s={search_term_string}"},"query-input":{"@type":"PropertyValueSpecification","valueRequired":true,"valueName":"search_term_string"}}],"inLanguage":"es"},{"@type":"Organization","@id":"https:\/\/boutique-one-piece.com\/#organization","name":"Tienda de One Piece","url":"https:\/\/boutique-one-piece.com\/","logo":{"@type":"ImageObject","inLanguage":"es","@id":"https:\/\/boutique-one-piece.com\/#\/schema\/logo\/image\/","url":"https:\/\/boutique-one-piece.com\/wp-content\/uploads\/2022\/09\/Logo-01.png","contentUrl":"https:\/\/boutique-one-piece.com\/wp-content\/uploads\/2022\/09\/Logo-01.png","width":2318,"height":957,"caption":"Boutique One Piece"},"image":{"@id":"https:\/\/boutique-one-piece.com\/#\/schema\/logo\/image\/"}}]}},"_links":{"self":[{"href":"https:\/\/boutique-one-piece.com\/es\/wp-json\/wp\/v2\/product\/16308","targetHints":{"allow":["GET"]}}],"collection":[{"href":"https:\/\/boutique-one-piece.com\/es\/wp-json\/wp\/v2\/product"}],"about":[{"href":"https:\/\/boutique-one-piece.com\/es\/wp-json\/wp\/v2\/types\/product"}],"replies":[{"embeddable":true,"href":"https:\/\/boutique-one-piece.com\/es\/wp-json\/wp\/v2\/comments?post=16308"}],"wp:featuredmedia":[{"embeddable":true,"href":"https:\/\/boutique-one-piece.com\/es\/wp-json\/wp\/v2\/media\/16310"}],"wp:attachment":[{"href":"https:\/\/boutique-one-piece.com\/es\/wp-json\/wp\/v2\/media?parent=16308"}],"wp:term":[{"taxonomy":"product_brand","embeddable":true,"href":"https:\/\/boutique-one-piece.com\/es\/wp-json\/wp\/v2\/product_brand?post=16308"},{"taxonomy":"product_cat","embeddable":true,"href":"https:\/\/boutique-one-piece.com\/es\/wp-json\/wp\/v2\/product_cat?post=16308"},{"taxonomy":"product_tag","embeddable":true,"href":"https:\/\/boutique-one-piece.com\/es\/wp-json\/wp\/v2\/product_tag?post=16308"}],"curies":[{"name":"wp","href":"https:\/\/api.w.org\/{rel}","templated":true}]}}