{"id":16437,"date":"2022-09-27T21:53:22","date_gmt":"2022-09-27T21:53:22","guid":{"rendered":"https:\/\/boutique-one-piece.com\/uncategorized\/sweat-one-piece-bartholomew-kuma-2\/"},"modified":"2024-12-17T11:33:53","modified_gmt":"2024-12-17T11:33:53","slug":"sudadera-de-una-pieza-de-bartholomew-kuma-2","status":"publish","type":"product","link":"https:\/\/boutique-one-piece.com\/es\/ropa-de-una-pieza\/sudaderas-de-una-pieza\/sudadera-de-una-pieza-de-bartholomew-kuma-2\/","title":{"rendered":"Sudadera de una pieza de Bartholomew Kuma"},"content":{"rendered":"<h2>Sudadera negra de manga larga de One Piece con el logo de Kuma, el Se\u00f1or de la Guerra y Revolucionario, \u00a1con la Fruta Paw-Paw! \u00a1Una sudadera de calidad para un pirata como t\u00fa!<\/h2>\n<p>Si eres un&nbsp;<strong>pirata real<\/strong>, Usted apreciar\u00e1 el&nbsp;<strong>calidad<\/strong>&nbsp;tela y&nbsp;<strong>Impresi\u00f3n de lienzo 3D<\/strong>&nbsp;de esto <strong>Sudadera de una pieza<\/strong>&nbsp;Pero lo m\u00e1s importante es que con esto&nbsp;<strong>sudadera estampada<\/strong>&nbsp;Eso es porque ser\u00e1s parte de&nbsp;<strong>el equipo de fans<\/strong>&nbsp;de&nbsp;<strong>manga pirata<\/strong>&nbsp;y obtendr\u00e1s:<\/p>\n<ul>\n<li>&nbsp;<strong>Admiraci\u00f3n<\/strong>&nbsp;De todos los fans de&nbsp;<strong>el universo<\/strong>&nbsp;del&nbsp;<strong>licencia<\/strong>&nbsp;de&nbsp;<strong>manga<\/strong>&nbsp;que encontrar\u00e1s<\/li>\n<\/ul>\n<ul>\n<li>Un verdadero&nbsp;<strong>sudadera<\/strong>&nbsp;con el que puedes&nbsp;<strong>compartir<\/strong>&nbsp;su&nbsp;<strong>pasi\u00f3n<\/strong>&nbsp;Para&nbsp;<strong>Una pieza<\/strong><\/li>\n<\/ul>\n<p>Entonces, \u00bfest\u00e1s listo para usar el&nbsp;<strong>bandera&nbsp;<\/strong>de<strong>&nbsp;<\/strong>su<strong>&nbsp;manga favorito<\/strong>&nbsp;?<\/p>\n<h2>\u00bfEres fan del manga o anime de One Piece? \u00a1Demu\u00e9stralo con esta sudadera de One Piece!<\/h2>\n<p>Si usted&nbsp;<strong>leer<\/strong>&nbsp;o donde sea que mires&nbsp;&nbsp;<strong>Anime japon\u00e9s<\/strong>, Hay una buena posibilidad de que te hayas convertido&nbsp;<strong>loco por One Piece<\/strong>&nbsp;\u00a1Con esto!&nbsp;<strong>Sudadera de una pieza de Bartholomew Kuma<\/strong>, \u00danete a la\u2019<strong>tripulaci\u00f3n de fans de la franquicia<\/strong><\/p>\n<p>Este&nbsp;<strong>Sudadera estilo cosplay&nbsp;<\/strong>&nbsp;est\u00e1 disponible en tama\u00f1os&nbsp;<strong>XXS<\/strong>,&nbsp;<strong>XS<\/strong>,&nbsp;<strong>S<\/strong>,<strong>&nbsp;M<\/strong>,<strong>&nbsp;L<\/strong>,&nbsp;<strong>SG<\/strong>,&nbsp;<strong>XXL<\/strong>,&nbsp;<strong>3XL<\/strong>,&nbsp;<strong>4XL<\/strong>&nbsp;Se adaptar\u00e1 a todas las categor\u00edas de piratas.,&nbsp;<strong>hombre<\/strong>&nbsp;O&nbsp;<strong>mujer<\/strong>, Incluso si no tienes&nbsp;<strong>espada<\/strong>&nbsp;o&nbsp;<strong>fruta del diablo<\/strong>&nbsp;Todav\u00eda puedes lucirlo con orgullo.<\/p>\n<h2>Informaci\u00f3n de la sudadera:&nbsp;<\/h2>\n<ul>\n<li>\n<strong>Sudadera de una pieza de calidad premium&nbsp;<\/strong>:tiene un <strong>alto gramaje<\/strong> con materiales de calidad<\/li>\n<\/ul>\n<ul>\n<li>\n<strong>Gran flexibilidad&nbsp;<\/strong>:gracias a su composici\u00f3n, no <strong>estropeado<\/strong> no<\/li>\n<\/ul>\n<ul>\n<li>\n<strong>Muy c\u00f3modo&nbsp;<\/strong>: con<span>&nbsp;<\/span>su <strong>fibras<\/strong> de <strong>algod\u00f3n<\/strong> excelente <strong>suave<\/strong>, no hay <strong>fricci\u00f3n<\/strong><\/li>\n<\/ul>\n<ul style=\"font-weight: 400\">\n<li>Impresi\u00f3n digital 3D, dise\u00f1o original<\/li>\n<\/ul>\n<ul style=\"font-weight: 400\">\n<li>\n<strong>Algod\u00f3n org\u00e1nico&nbsp;<\/strong>algod\u00f3n <strong>alta calidad<\/strong>&nbsp;con <strong>fibras<\/strong> extra <strong>largo<\/strong><\/li>\n<\/ul>\n<ul style=\"font-weight: 400\">\n<li>\n<strong>Entrega gratuita&nbsp;<\/strong>para cualquier compra<strong>&nbsp;<\/strong><\/li>\n<\/ul>\n<p style=\"font-weight: 400\"><strong>No olvides echar un vistazo a la gu\u00eda de tallas que aparece a continuaci\u00f3n.<\/strong><\/p>\n<h2><img decoding=\"async\" src=\"https:\/\/cdn.shopify.com\/s\/files\/1\/0087\/7556\/5348\/files\/boutque_one_piece_tableau__taille_sweat_large.jpg?v=1559846386\" alt=\"Gu\u00eda de tallas de sudaderas de One Piece\" style=\"font-size: 15px\"><\/h2>\n<h3>Instrucciones de lavado:<\/h3>\n<ul>\n<li>Lavado a m\u00e1quina a 30\u00b0C, ciclo delicado.<\/li>\n<\/ul>\n<ul>\n<li>Planchar del rev\u00e9s<\/li>\n<\/ul>\n<p>Para<span>&nbsp;<\/span><strong>preservar la calidad<\/strong><span>&nbsp;<\/span>de esto<span>&nbsp;<strong>camisa de entrenamiento<\/strong><\/span><strong>&nbsp;Una pieza<\/strong>, te recomendamos que<span>&nbsp;<\/span><strong>respeto<\/strong><span>&nbsp;<\/span>EL<span>&nbsp;<\/span><strong>instrucciones de lavado<\/strong>.<\/p>","protected":false},"excerpt":{"rendered":"<p>Sudadera negra de manga larga de One Piece con el logo de Kuma, el Se\u00f1or de la Guerra y el Revolucionario con la Fruta Paw-Paw. \u00a1Una sudadera de calidad para un pirata como t\u00fa! Si eres un pirata de verdad, apreciar\u00e1s la calidad de la tela y la impresi\u00f3n 3D de esta sudadera de One Piece. Pero lo m\u00e1s importante es que con esta sudadera estampada, formar\u00e1s parte del grupo de fans del manga pirata y [\u2026]<\/p>","protected":false},"featured_media":18183,"comment_status":"open","ping_status":"open","template":"","meta":[],"product_brand":[],"product_cat":[149],"product_tag":[353],"class_list":{"0":"post-16437","1":"product","2":"type-product","3":"status-publish","4":"has-post-thumbnail","6":"product_cat-sweats-one-piece","7":"product_tag-kuma","9":"first","10":"instock","11":"purchasable","12":"product-type-variable","13":"has-default-attributes"},"yoast_head":"<!-- This site is optimized with the Yoast SEO plugin v27.5 - https:\/\/yoast.com\/product\/yoast-seo-wordpress\/ -->\n<title>Sweat One Piece Bartholomew Kuma | Boutique One Piece<\/title>\n<meta name=\"description\" content=\"Sweat \u00e0 Capuche Noir \u00e0 Manches Longues One Piece avec le Logo de Kuma de Tr\u00e8s Haute Qualit\u00e9 : Grand Corsaire et R\u00e9volutionnaire avec le Fruit des Coussinets !\" \/>\n<meta name=\"robots\" content=\"index, follow, max-snippet:-1, max-image-preview:large, max-video-preview:-1\" \/>\n<link rel=\"canonical\" href=\"https:\/\/boutique-one-piece.com\/es\/ropa-de-una-pieza\/sudaderas-de-una-pieza\/sudadera-de-una-pieza-de-bartholomew-kuma-2\/\" \/>\n<meta property=\"og:locale\" content=\"es_ES\" \/>\n<meta property=\"og:type\" content=\"article\" \/>\n<meta property=\"og:title\" content=\"Sweat One Piece Bartholomew Kuma | Boutique One Piece\" \/>\n<meta property=\"og:description\" content=\"Sweat \u00e0 Capuche Noir \u00e0 Manches Longues One Piece avec le Logo de Kuma de Tr\u00e8s Haute Qualit\u00e9 : Grand Corsaire et R\u00e9volutionnaire avec le Fruit des Coussinets !\" \/>\n<meta property=\"og:url\" content=\"https:\/\/boutique-one-piece.com\/es\/ropa-de-una-pieza\/sudaderas-de-una-pieza\/sudadera-de-una-pieza-de-bartholomew-kuma-2\/\" \/>\n<meta property=\"og:site_name\" content=\"Boutique One Piece\" \/>\n<meta property=\"article:modified_time\" content=\"2024-12-17T11:33:53+00:00\" \/>\n<meta property=\"og:image\" content=\"https:\/\/boutique-one-piece.com\/wp-content\/uploads\/2022\/09\/sweat-one-piece-bartholomew-kuma-4961943519268.jpg\" \/>\n\t<meta property=\"og:image:width\" content=\"600\" \/>\n\t<meta property=\"og:image:height\" content=\"600\" \/>\n\t<meta property=\"og:image:type\" content=\"image\/jpeg\" \/>\n<meta name=\"twitter:card\" content=\"summary_large_image\" \/>\n<meta name=\"twitter:label1\" content=\"Tiempo de lectura\" \/>\n\t<meta name=\"twitter:data1\" content=\"2 minutos\" \/>\n<script type=\"application\/ld+json\" class=\"yoast-schema-graph\">{\"@context\":\"https:\\\/\\\/schema.org\",\"@graph\":[{\"@type\":\"WebPage\",\"@id\":\"https:\\\/\\\/boutique-one-piece.com\\\/vetements-one-piece\\\/sweats-one-piece\\\/sweat-one-piece-bartholomew-kuma-2\\\/\",\"url\":\"https:\\\/\\\/boutique-one-piece.com\\\/vetements-one-piece\\\/sweats-one-piece\\\/sweat-one-piece-bartholomew-kuma-2\\\/\",\"name\":\"Sweat One Piece Bartholomew Kuma | Boutique One Piece\",\"isPartOf\":{\"@id\":\"https:\\\/\\\/boutique-one-piece.com\\\/#website\"},\"primaryImageOfPage\":{\"@id\":\"https:\\\/\\\/boutique-one-piece.com\\\/vetements-one-piece\\\/sweats-one-piece\\\/sweat-one-piece-bartholomew-kuma-2\\\/#primaryimage\"},\"image\":{\"@id\":\"https:\\\/\\\/boutique-one-piece.com\\\/vetements-one-piece\\\/sweats-one-piece\\\/sweat-one-piece-bartholomew-kuma-2\\\/#primaryimage\"},\"thumbnailUrl\":\"https:\\\/\\\/boutique-one-piece.com\\\/wp-content\\\/uploads\\\/2022\\\/09\\\/sweat-one-piece-bartholomew-kuma-4961943519268.jpg\",\"datePublished\":\"2022-09-27T21:53:22+00:00\",\"dateModified\":\"2024-12-17T11:33:53+00:00\",\"description\":\"Sweat \u00e0 Capuche Noir \u00e0 Manches Longues One Piece avec le Logo de Kuma de Tr\u00e8s Haute Qualit\u00e9 : Grand Corsaire et R\u00e9volutionnaire avec le Fruit des Coussinets !\",\"breadcrumb\":{\"@id\":\"https:\\\/\\\/boutique-one-piece.com\\\/vetements-one-piece\\\/sweats-one-piece\\\/sweat-one-piece-bartholomew-kuma-2\\\/#breadcrumb\"},\"inLanguage\":\"es\",\"potentialAction\":[{\"@type\":\"ReadAction\",\"target\":[\"https:\\\/\\\/boutique-one-piece.com\\\/vetements-one-piece\\\/sweats-one-piece\\\/sweat-one-piece-bartholomew-kuma-2\\\/\"]}]},{\"@type\":\"ImageObject\",\"inLanguage\":\"es\",\"@id\":\"https:\\\/\\\/boutique-one-piece.com\\\/vetements-one-piece\\\/sweats-one-piece\\\/sweat-one-piece-bartholomew-kuma-2\\\/#primaryimage\",\"url\":\"https:\\\/\\\/boutique-one-piece.com\\\/wp-content\\\/uploads\\\/2022\\\/09\\\/sweat-one-piece-bartholomew-kuma-4961943519268.jpg\",\"contentUrl\":\"https:\\\/\\\/boutique-one-piece.com\\\/wp-content\\\/uploads\\\/2022\\\/09\\\/sweat-one-piece-bartholomew-kuma-4961943519268.jpg\",\"width\":600,\"height\":600},{\"@type\":\"BreadcrumbList\",\"@id\":\"https:\\\/\\\/boutique-one-piece.com\\\/vetements-one-piece\\\/sweats-one-piece\\\/sweat-one-piece-bartholomew-kuma-2\\\/#breadcrumb\",\"itemListElement\":[{\"@type\":\"ListItem\",\"position\":1,\"name\":\"Home\",\"item\":\"https:\\\/\\\/boutique-one-piece.com\\\/\"},{\"@type\":\"ListItem\",\"position\":2,\"name\":\"Shop\",\"item\":\"https:\\\/\\\/boutique-one-piece.com\\\/shop\\\/\"},{\"@type\":\"ListItem\",\"position\":3,\"name\":\"Sweat One Piece Bartholomew Kuma\"}]},{\"@type\":\"WebSite\",\"@id\":\"https:\\\/\\\/boutique-one-piece.com\\\/#website\",\"url\":\"https:\\\/\\\/boutique-one-piece.com\\\/\",\"name\":\"Boutique One Piece\",\"description\":\"Magasin Sp\u00e9cialis\u00e9 du Manga et l&#039;Anime One Piece\",\"publisher\":{\"@id\":\"https:\\\/\\\/boutique-one-piece.com\\\/#organization\"},\"potentialAction\":[{\"@type\":\"SearchAction\",\"target\":{\"@type\":\"EntryPoint\",\"urlTemplate\":\"https:\\\/\\\/boutique-one-piece.com\\\/?s={search_term_string}\"},\"query-input\":{\"@type\":\"PropertyValueSpecification\",\"valueRequired\":true,\"valueName\":\"search_term_string\"}}],\"inLanguage\":\"es\"},{\"@type\":\"Organization\",\"@id\":\"https:\\\/\\\/boutique-one-piece.com\\\/#organization\",\"name\":\"Boutique One Piece\",\"url\":\"https:\\\/\\\/boutique-one-piece.com\\\/\",\"logo\":{\"@type\":\"ImageObject\",\"inLanguage\":\"es\",\"@id\":\"https:\\\/\\\/boutique-one-piece.com\\\/#\\\/schema\\\/logo\\\/image\\\/\",\"url\":\"https:\\\/\\\/boutique-one-piece.com\\\/wp-content\\\/uploads\\\/2022\\\/09\\\/Logo-01.png\",\"contentUrl\":\"https:\\\/\\\/boutique-one-piece.com\\\/wp-content\\\/uploads\\\/2022\\\/09\\\/Logo-01.png\",\"width\":2318,\"height\":957,\"caption\":\"Boutique One Piece\"},\"image\":{\"@id\":\"https:\\\/\\\/boutique-one-piece.com\\\/#\\\/schema\\\/logo\\\/image\\\/\"}}]}<\/script>\n<!-- \/ Yoast SEO plugin. -->","yoast_head_json":{"title":"Sudadera de One Piece de Bartholomew Kuma | Tienda de One Piece","description":"Sudadera con capucha de manga larga negra de One Piece con el logotipo de Kuma: muy alta calidad: \u00a1gran corsario y revolucionario con la fruta Paw-Paw!","robots":{"index":"index","follow":"follow","max-snippet":"max-snippet:-1","max-image-preview":"max-image-preview:large","max-video-preview":"max-video-preview:-1"},"canonical":"https:\/\/boutique-one-piece.com\/es\/ropa-de-una-pieza\/sudaderas-de-una-pieza\/sudadera-de-una-pieza-de-bartholomew-kuma-2\/","og_locale":"es_ES","og_type":"article","og_title":"Sweat One Piece Bartholomew Kuma | Boutique One Piece","og_description":"Sweat \u00e0 Capuche Noir \u00e0 Manches Longues One Piece avec le Logo de Kuma de Tr\u00e8s Haute Qualit\u00e9 : Grand Corsaire et R\u00e9volutionnaire avec le Fruit des Coussinets !","og_url":"https:\/\/boutique-one-piece.com\/es\/ropa-de-una-pieza\/sudaderas-de-una-pieza\/sudadera-de-una-pieza-de-bartholomew-kuma-2\/","og_site_name":"Boutique One Piece","article_modified_time":"2024-12-17T11:33:53+00:00","og_image":[{"width":600,"height":600,"url":"https:\/\/boutique-one-piece.com\/wp-content\/uploads\/2022\/09\/sweat-one-piece-bartholomew-kuma-4961943519268.jpg","type":"image\/jpeg"}],"twitter_card":"summary_large_image","twitter_misc":{"Tiempo de lectura":"2 minutos"},"schema":{"@context":"https:\/\/schema.org","@graph":[{"@type":"WebPage","@id":"https:\/\/boutique-one-piece.com\/vetements-one-piece\/sweats-one-piece\/sweat-one-piece-bartholomew-kuma-2\/","url":"https:\/\/boutique-one-piece.com\/vetements-one-piece\/sweats-one-piece\/sweat-one-piece-bartholomew-kuma-2\/","name":"Sudadera de One Piece de Bartholomew Kuma | Tienda de One Piece","isPartOf":{"@id":"https:\/\/boutique-one-piece.com\/#website"},"primaryImageOfPage":{"@id":"https:\/\/boutique-one-piece.com\/vetements-one-piece\/sweats-one-piece\/sweat-one-piece-bartholomew-kuma-2\/#primaryimage"},"image":{"@id":"https:\/\/boutique-one-piece.com\/vetements-one-piece\/sweats-one-piece\/sweat-one-piece-bartholomew-kuma-2\/#primaryimage"},"thumbnailUrl":"https:\/\/boutique-one-piece.com\/wp-content\/uploads\/2022\/09\/sweat-one-piece-bartholomew-kuma-4961943519268.jpg","datePublished":"2022-09-27T21:53:22+00:00","dateModified":"2024-12-17T11:33:53+00:00","description":"Sudadera con capucha de manga larga negra de One Piece con el logotipo de Kuma: muy alta calidad: \u00a1gran corsario y revolucionario con la fruta Paw-Paw!","breadcrumb":{"@id":"https:\/\/boutique-one-piece.com\/vetements-one-piece\/sweats-one-piece\/sweat-one-piece-bartholomew-kuma-2\/#breadcrumb"},"inLanguage":"es","potentialAction":[{"@type":"ReadAction","target":["https:\/\/boutique-one-piece.com\/vetements-one-piece\/sweats-one-piece\/sweat-one-piece-bartholomew-kuma-2\/"]}]},{"@type":"ImageObject","inLanguage":"es","@id":"https:\/\/boutique-one-piece.com\/vetements-one-piece\/sweats-one-piece\/sweat-one-piece-bartholomew-kuma-2\/#primaryimage","url":"https:\/\/boutique-one-piece.com\/wp-content\/uploads\/2022\/09\/sweat-one-piece-bartholomew-kuma-4961943519268.jpg","contentUrl":"https:\/\/boutique-one-piece.com\/wp-content\/uploads\/2022\/09\/sweat-one-piece-bartholomew-kuma-4961943519268.jpg","width":600,"height":600},{"@type":"BreadcrumbList","@id":"https:\/\/boutique-one-piece.com\/vetements-one-piece\/sweats-one-piece\/sweat-one-piece-bartholomew-kuma-2\/#breadcrumb","itemListElement":[{"@type":"ListItem","position":1,"name":"Home","item":"https:\/\/boutique-one-piece.com\/"},{"@type":"ListItem","position":2,"name":"Shop","item":"https:\/\/boutique-one-piece.com\/shop\/"},{"@type":"ListItem","position":3,"name":"Sweat One Piece Bartholomew Kuma"}]},{"@type":"WebSite","@id":"https:\/\/boutique-one-piece.com\/#website","url":"https:\/\/boutique-one-piece.com\/","name":"Tienda de One Piece","description":"Tienda especializada en manga y anime de One Piece","publisher":{"@id":"https:\/\/boutique-one-piece.com\/#organization"},"potentialAction":[{"@type":"SearchAction","target":{"@type":"EntryPoint","urlTemplate":"https:\/\/boutique-one-piece.com\/?s={search_term_string}"},"query-input":{"@type":"PropertyValueSpecification","valueRequired":true,"valueName":"search_term_string"}}],"inLanguage":"es"},{"@type":"Organization","@id":"https:\/\/boutique-one-piece.com\/#organization","name":"Tienda de One Piece","url":"https:\/\/boutique-one-piece.com\/","logo":{"@type":"ImageObject","inLanguage":"es","@id":"https:\/\/boutique-one-piece.com\/#\/schema\/logo\/image\/","url":"https:\/\/boutique-one-piece.com\/wp-content\/uploads\/2022\/09\/Logo-01.png","contentUrl":"https:\/\/boutique-one-piece.com\/wp-content\/uploads\/2022\/09\/Logo-01.png","width":2318,"height":957,"caption":"Boutique One Piece"},"image":{"@id":"https:\/\/boutique-one-piece.com\/#\/schema\/logo\/image\/"}}]}},"_links":{"self":[{"href":"https:\/\/boutique-one-piece.com\/es\/wp-json\/wp\/v2\/product\/16437","targetHints":{"allow":["GET"]}}],"collection":[{"href":"https:\/\/boutique-one-piece.com\/es\/wp-json\/wp\/v2\/product"}],"about":[{"href":"https:\/\/boutique-one-piece.com\/es\/wp-json\/wp\/v2\/types\/product"}],"replies":[{"embeddable":true,"href":"https:\/\/boutique-one-piece.com\/es\/wp-json\/wp\/v2\/comments?post=16437"}],"wp:featuredmedia":[{"embeddable":true,"href":"https:\/\/boutique-one-piece.com\/es\/wp-json\/wp\/v2\/media\/18183"}],"wp:attachment":[{"href":"https:\/\/boutique-one-piece.com\/es\/wp-json\/wp\/v2\/media?parent=16437"}],"wp:term":[{"taxonomy":"product_brand","embeddable":true,"href":"https:\/\/boutique-one-piece.com\/es\/wp-json\/wp\/v2\/product_brand?post=16437"},{"taxonomy":"product_cat","embeddable":true,"href":"https:\/\/boutique-one-piece.com\/es\/wp-json\/wp\/v2\/product_cat?post=16437"},{"taxonomy":"product_tag","embeddable":true,"href":"https:\/\/boutique-one-piece.com\/es\/wp-json\/wp\/v2\/product_tag?post=16437"}],"curies":[{"name":"wp","href":"https:\/\/api.w.org\/{rel}","templated":true}]}}