{"id":16630,"date":"2022-09-27T21:54:46","date_gmt":"2022-09-27T21:54:46","guid":{"rendered":"https:\/\/boutique-one-piece.com\/uncategorized\/sweat-one-piece-bi-color-2\/"},"modified":"2025-12-19T22:49:31","modified_gmt":"2025-12-19T22:49:31","slug":"sudadera-de-una-pieza-bicolor-2","status":"publish","type":"product","link":"https:\/\/boutique-one-piece.com\/es\/ropa-de-una-pieza\/sudaderas-de-una-pieza\/sudadera-de-una-pieza-bicolor-2\/","title":{"rendered":"Sudadera azul y blanca de One Piece"},"content":{"rendered":"<p><meta charset=\"utf-8\"><meta charset=\"utf-8\"><\/p>\n<h2>\n<b>Sudadera con capucha azul y blanca de manga larga de One Piece con el logotipo de Luffy Sombrero de Paja.,\u00a0<\/b>\u00a1Una sudadera de calidad para un pirata como t\u00fa!<\/h2>\n<p>Si eres un\u00a0<strong>pirata real<\/strong>, Usted apreciar\u00e1 el\u00a0<strong>calidad<\/strong>\u00a0tela y\u00a0<strong>Impresi\u00f3n de lienzo 3D<\/strong>\u00a0de esto<span>\u00a0<\/span><strong>Sudadera de una pieza<\/strong>\u00a0Pero lo m\u00e1s importante es que con esto\u00a0<strong>sudadera estampada<\/strong>\u00a0Eso es porque ser\u00e1s parte de\u00a0<strong>el equipo de fans<\/strong>\u00a0de\u00a0<strong>manga pirata<\/strong>\u00a0y obtendr\u00e1s:<\/p>\n<ul>\n<li>\u00a0<strong>Admiraci\u00f3n<\/strong>\u00a0De todos los fans de\u00a0<strong>el universo<\/strong>\u00a0del\u00a0<strong>licencia<\/strong>\u00a0de\u00a0<strong>manga<\/strong>\u00a0que encontrar\u00e1s<\/li>\n<\/ul>\n<ul>\n<li>Un verdadero\u00a0<strong>sudadera<\/strong>\u00a0con el que puedes\u00a0<strong>compartir<\/strong>\u00a0su\u00a0<strong>pasi\u00f3n<\/strong>\u00a0Para\u00a0<strong>Una pieza<\/strong>\n<\/li>\n<\/ul>\n<p>Entonces, \u00bfest\u00e1s listo para usar el\u00a0<strong>bandera\u00a0<\/strong>de<strong>\u00a0<\/strong>su<strong>\u00a0manga favorito<\/strong>\u00a0?<\/p>\n<h2>\u00bfEres fan del manga o anime de One Piece? \u00a1Demu\u00e9stralo con esta sudadera de One Piece!<\/h2>\n<p>Si usted\u00a0<strong>leer<\/strong>\u00a0o donde sea que mires\u00a0\u00a0<strong>Anime japon\u00e9s<\/strong>, Hay una buena posibilidad de que te hayas convertido\u00a0<strong>loco por One Piece<\/strong>\u00a0\u00a1Con esto!\u00a0<strong>Sudadera azul y blanca de One Piece<\/strong>, \u00danete a la\u2019<strong>tripulaci\u00f3n de fans de la franquicia<\/strong><\/p>\n<p>Este\u00a0<strong>Sudadera estilo cosplay\u00a0<\/strong>\u00a0est\u00e1 disponible en tama\u00f1os\u00a0<strong>XXS<\/strong>,\u00a0<strong>XS<\/strong>,\u00a0<strong>S<\/strong>,<strong>\u00a0M<\/strong>,<strong>\u00a0L<\/strong>,\u00a0<strong>SG<\/strong>,\u00a0<strong>XXL<\/strong>,\u00a0<strong>3XL<\/strong>,\u00a0<strong>4XL<\/strong>\u00a0Se adaptar\u00e1 a todas las categor\u00edas de piratas.,\u00a0<strong>hombre<\/strong>\u00a0O\u00a0<strong>mujer<\/strong>, Incluso si no tienes\u00a0<strong>espada<\/strong>\u00a0o\u00a0<strong>fruta del diablo<\/strong>\u00a0Todav\u00eda puedes lucirlo con orgullo.<\/p>\n<h2>Informaci\u00f3n de la sudadera:\u00a0<\/h2>\n<ul>\n<li>\n<strong>Sudadera de una pieza de calidad premium\u00a0<\/strong>:tiene un<span>\u00a0<\/span><strong>alto gramaje<\/strong><span>\u00a0<\/span>con materiales de calidad<\/li>\n<\/ul>\n<ul>\n<li>\n<strong>Gran flexibilidad\u00a0<\/strong>:gracias a su composici\u00f3n, no<span>\u00a0<\/span><strong>estropeado<\/strong><span>\u00a0<\/span>no<\/li>\n<\/ul>\n<ul>\n<li>\n<strong>Muy c\u00f3modo\u00a0<\/strong>: con<span>\u00a0<\/span>su<span>\u00a0<\/span><strong>fibras<\/strong><span>\u00a0<\/span>de<span>\u00a0<\/span><strong>algod\u00f3n<\/strong><span>\u00a0<\/span>excelente<span>\u00a0<\/span><strong>suave<\/strong>, no hay<span>\u00a0<\/span><strong>fricci\u00f3n<\/strong>\n<\/li>\n<\/ul>\n<ul>\n<li>Impresi\u00f3n digital 3D, dise\u00f1o original<\/li>\n<\/ul>\n<ul>\n<li>\n<strong>Algod\u00f3n org\u00e1nico\u00a0<\/strong>algod\u00f3n<span>\u00a0<\/span><strong>alta calidad<\/strong>\u00a0con<span>\u00a0<\/span><strong>fibras<\/strong><span>\u00a0<\/span>extra<span>\u00a0<\/span><strong>largo<\/strong>\n<\/li>\n<\/ul>\n<ul>\n<li>\n<strong>Entrega gratuita\u00a0<\/strong>para cualquier compra<strong>\u00a0<\/strong>\n<\/li>\n<\/ul>\n<p><strong>No olvides echar un vistazo a la gu\u00eda de tallas que aparece a continuaci\u00f3n.<\/strong><\/p>\n<p><img decoding=\"async\" src=\"https:\/\/cdn.shopify.com\/s\/files\/1\/0087\/7556\/5348\/files\/boutque_one_piece_tableau__taille_sweat_large.jpg?v=1559846386\" alt=\"Gu\u00eda de tallas de sudaderas de One Piece\"><\/p>\n<h3>Instrucciones de lavado:<\/h3>\n<ul>\n<li>Lavado a m\u00e1quina a 30\u00b0C, ciclo delicado.<\/li>\n<\/ul>\n<ul>\n<li>Planchar del rev\u00e9s<\/li>\n<\/ul>\n<p>Para<span>\u00a0<\/span><strong>preservar la calidad<\/strong><span>\u00a0<\/span>de esto<span>\u00a0<strong>camisa de entrenamiento<\/strong><\/span><strong>\u00a0Una pieza<\/strong>, te recomendamos que<span>\u00a0<\/span><strong>respeto<\/strong><span>\u00a0<\/span>EL<span>\u00a0<\/span><strong>instrucciones de lavado<\/strong>.<\/p>","protected":false},"excerpt":{"rendered":"<p>Sudadera con capucha de manga larga azul y blanca de One Piece con el logo de Luffy del Sombrero de Paja. \u00a1Una sudadera de calidad para un pirata como t\u00fa! Si eres un pirata de verdad, apreciar\u00e1s la calidad de la tela y la impresi\u00f3n 3D de esta sudadera de One Piece. Pero lo m\u00e1s importante es que, con esta sudadera estampada, te unir\u00e1s a la tripulaci\u00f3n de fans del manga pirata y obtendr\u00e1s: [\u2026]<\/p>","protected":false},"featured_media":9623,"comment_status":"open","ping_status":"open","template":"","meta":[],"product_brand":[],"product_cat":[149],"product_tag":[182,92],"class_list":{"0":"post-16630","1":"product","2":"type-product","3":"status-publish","4":"has-post-thumbnail","6":"product_cat-sweats-one-piece","7":"product_tag-logo","8":"product_tag-luffy","10":"first","11":"instock","12":"purchasable","13":"product-type-variable","14":"has-default-attributes"},"yoast_head":"<!-- This site is optimized with the Yoast SEO plugin v27.5 - https:\/\/yoast.com\/product\/yoast-seo-wordpress\/ -->\n<title>Sweat Bleu \u00e0 Manches Longue Blanche | Boutique One Piece<\/title>\n<meta name=\"description\" content=\"Sweat \u00e0 Capuche Bleu et Blanc \u00e0 Manches Longues One Piece avec le Logo de Luffy au Chapeau de Paille de Tr\u00e8s Haute Qualit\u00e9 Partage ta Passion pour les Mugiwara!\" \/>\n<meta name=\"robots\" content=\"index, follow, max-snippet:-1, max-image-preview:large, max-video-preview:-1\" \/>\n<link rel=\"canonical\" href=\"https:\/\/boutique-one-piece.com\/es\/ropa-de-una-pieza\/sudaderas-de-una-pieza\/sudadera-de-una-pieza-bicolor-2\/\" \/>\n<meta property=\"og:locale\" content=\"es_ES\" \/>\n<meta property=\"og:type\" content=\"article\" \/>\n<meta property=\"og:title\" content=\"Sweat Bleu \u00e0 Manches Longue Blanche | Boutique One Piece\" \/>\n<meta property=\"og:description\" content=\"Sweat \u00e0 Capuche Bleu et Blanc \u00e0 Manches Longues One Piece avec le Logo de Luffy au Chapeau de Paille de Tr\u00e8s Haute Qualit\u00e9 Partage ta Passion pour les Mugiwara!\" \/>\n<meta property=\"og:url\" content=\"https:\/\/boutique-one-piece.com\/es\/ropa-de-una-pieza\/sudaderas-de-una-pieza\/sudadera-de-una-pieza-bicolor-2\/\" \/>\n<meta property=\"og:site_name\" content=\"Boutique One Piece\" \/>\n<meta property=\"article:modified_time\" content=\"2025-12-19T22:49:31+00:00\" \/>\n<meta property=\"og:image\" content=\"https:\/\/boutique-one-piece.com\/wp-content\/uploads\/2022\/09\/Sweat-One-Piece-Bleu-et-Blanc.jpg\" \/>\n\t<meta property=\"og:image:width\" content=\"600\" \/>\n\t<meta property=\"og:image:height\" content=\"600\" \/>\n\t<meta property=\"og:image:type\" content=\"image\/jpeg\" \/>\n<meta name=\"twitter:card\" content=\"summary_large_image\" \/>\n<meta name=\"twitter:label1\" content=\"Tiempo de lectura\" \/>\n\t<meta name=\"twitter:data1\" content=\"2 minutos\" \/>\n<script type=\"application\/ld+json\" class=\"yoast-schema-graph\">{\"@context\":\"https:\\\/\\\/schema.org\",\"@graph\":[{\"@type\":\"WebPage\",\"@id\":\"https:\\\/\\\/boutique-one-piece.com\\\/vetements-one-piece\\\/sweats-one-piece\\\/sweat-one-piece-bi-color-2\\\/\",\"url\":\"https:\\\/\\\/boutique-one-piece.com\\\/vetements-one-piece\\\/sweats-one-piece\\\/sweat-one-piece-bi-color-2\\\/\",\"name\":\"Sweat Bleu \u00e0 Manches Longue Blanche | Boutique One Piece\",\"isPartOf\":{\"@id\":\"https:\\\/\\\/boutique-one-piece.com\\\/#website\"},\"primaryImageOfPage\":{\"@id\":\"https:\\\/\\\/boutique-one-piece.com\\\/vetements-one-piece\\\/sweats-one-piece\\\/sweat-one-piece-bi-color-2\\\/#primaryimage\"},\"image\":{\"@id\":\"https:\\\/\\\/boutique-one-piece.com\\\/vetements-one-piece\\\/sweats-one-piece\\\/sweat-one-piece-bi-color-2\\\/#primaryimage\"},\"thumbnailUrl\":\"https:\\\/\\\/boutique-one-piece.com\\\/wp-content\\\/uploads\\\/2022\\\/09\\\/Sweat-One-Piece-Bleu-et-Blanc.jpg\",\"datePublished\":\"2022-09-27T21:54:46+00:00\",\"dateModified\":\"2025-12-19T22:49:31+00:00\",\"description\":\"Sweat \u00e0 Capuche Bleu et Blanc \u00e0 Manches Longues One Piece avec le Logo de Luffy au Chapeau de Paille de Tr\u00e8s Haute Qualit\u00e9 Partage ta Passion pour les Mugiwara!\",\"breadcrumb\":{\"@id\":\"https:\\\/\\\/boutique-one-piece.com\\\/vetements-one-piece\\\/sweats-one-piece\\\/sweat-one-piece-bi-color-2\\\/#breadcrumb\"},\"inLanguage\":\"es\",\"potentialAction\":[{\"@type\":\"ReadAction\",\"target\":[\"https:\\\/\\\/boutique-one-piece.com\\\/vetements-one-piece\\\/sweats-one-piece\\\/sweat-one-piece-bi-color-2\\\/\"]}]},{\"@type\":\"ImageObject\",\"inLanguage\":\"es\",\"@id\":\"https:\\\/\\\/boutique-one-piece.com\\\/vetements-one-piece\\\/sweats-one-piece\\\/sweat-one-piece-bi-color-2\\\/#primaryimage\",\"url\":\"https:\\\/\\\/boutique-one-piece.com\\\/wp-content\\\/uploads\\\/2022\\\/09\\\/Sweat-One-Piece-Bleu-et-Blanc.jpg\",\"contentUrl\":\"https:\\\/\\\/boutique-one-piece.com\\\/wp-content\\\/uploads\\\/2022\\\/09\\\/Sweat-One-Piece-Bleu-et-Blanc.jpg\",\"width\":600,\"height\":600,\"caption\":\"Sweat One Piece Bleu et Blanc 4XL\"},{\"@type\":\"BreadcrumbList\",\"@id\":\"https:\\\/\\\/boutique-one-piece.com\\\/vetements-one-piece\\\/sweats-one-piece\\\/sweat-one-piece-bi-color-2\\\/#breadcrumb\",\"itemListElement\":[{\"@type\":\"ListItem\",\"position\":1,\"name\":\"Home\",\"item\":\"https:\\\/\\\/boutique-one-piece.com\\\/\"},{\"@type\":\"ListItem\",\"position\":2,\"name\":\"Shop\",\"item\":\"https:\\\/\\\/boutique-one-piece.com\\\/shop\\\/\"},{\"@type\":\"ListItem\",\"position\":3,\"name\":\"Sweat One Piece Bleu et Blanc\"}]},{\"@type\":\"WebSite\",\"@id\":\"https:\\\/\\\/boutique-one-piece.com\\\/#website\",\"url\":\"https:\\\/\\\/boutique-one-piece.com\\\/\",\"name\":\"Boutique One Piece\",\"description\":\"Magasin Sp\u00e9cialis\u00e9 du Manga et l&#039;Anime One Piece\",\"publisher\":{\"@id\":\"https:\\\/\\\/boutique-one-piece.com\\\/#organization\"},\"potentialAction\":[{\"@type\":\"SearchAction\",\"target\":{\"@type\":\"EntryPoint\",\"urlTemplate\":\"https:\\\/\\\/boutique-one-piece.com\\\/?s={search_term_string}\"},\"query-input\":{\"@type\":\"PropertyValueSpecification\",\"valueRequired\":true,\"valueName\":\"search_term_string\"}}],\"inLanguage\":\"es\"},{\"@type\":\"Organization\",\"@id\":\"https:\\\/\\\/boutique-one-piece.com\\\/#organization\",\"name\":\"Boutique One Piece\",\"url\":\"https:\\\/\\\/boutique-one-piece.com\\\/\",\"logo\":{\"@type\":\"ImageObject\",\"inLanguage\":\"es\",\"@id\":\"https:\\\/\\\/boutique-one-piece.com\\\/#\\\/schema\\\/logo\\\/image\\\/\",\"url\":\"https:\\\/\\\/boutique-one-piece.com\\\/wp-content\\\/uploads\\\/2022\\\/09\\\/Logo-01.png\",\"contentUrl\":\"https:\\\/\\\/boutique-one-piece.com\\\/wp-content\\\/uploads\\\/2022\\\/09\\\/Logo-01.png\",\"width\":2318,\"height\":957,\"caption\":\"Boutique One Piece\"},\"image\":{\"@id\":\"https:\\\/\\\/boutique-one-piece.com\\\/#\\\/schema\\\/logo\\\/image\\\/\"}}]}<\/script>\n<!-- \/ Yoast SEO plugin. -->","yoast_head_json":{"title":"Sudadera azul con mangas largas blancas | Tienda de una pieza","description":"Sudadera de manga larga azul y blanca de One Piece con el logo de Luffy del Sombrero de Paja. Alta calidad. \u00a1Comparte tu pasi\u00f3n por los Sombrero de Paja!","robots":{"index":"index","follow":"follow","max-snippet":"max-snippet:-1","max-image-preview":"max-image-preview:large","max-video-preview":"max-video-preview:-1"},"canonical":"https:\/\/boutique-one-piece.com\/es\/ropa-de-una-pieza\/sudaderas-de-una-pieza\/sudadera-de-una-pieza-bicolor-2\/","og_locale":"es_ES","og_type":"article","og_title":"Sweat Bleu \u00e0 Manches Longue Blanche | Boutique One Piece","og_description":"Sweat \u00e0 Capuche Bleu et Blanc \u00e0 Manches Longues One Piece avec le Logo de Luffy au Chapeau de Paille de Tr\u00e8s Haute Qualit\u00e9 Partage ta Passion pour les Mugiwara!","og_url":"https:\/\/boutique-one-piece.com\/es\/ropa-de-una-pieza\/sudaderas-de-una-pieza\/sudadera-de-una-pieza-bicolor-2\/","og_site_name":"Boutique One Piece","article_modified_time":"2025-12-19T22:49:31+00:00","og_image":[{"width":600,"height":600,"url":"https:\/\/boutique-one-piece.com\/wp-content\/uploads\/2022\/09\/Sweat-One-Piece-Bleu-et-Blanc.jpg","type":"image\/jpeg"}],"twitter_card":"summary_large_image","twitter_misc":{"Tiempo de lectura":"2 minutos"},"schema":{"@context":"https:\/\/schema.org","@graph":[{"@type":"WebPage","@id":"https:\/\/boutique-one-piece.com\/vetements-one-piece\/sweats-one-piece\/sweat-one-piece-bi-color-2\/","url":"https:\/\/boutique-one-piece.com\/vetements-one-piece\/sweats-one-piece\/sweat-one-piece-bi-color-2\/","name":"Sudadera azul con mangas largas blancas | Tienda de una pieza","isPartOf":{"@id":"https:\/\/boutique-one-piece.com\/#website"},"primaryImageOfPage":{"@id":"https:\/\/boutique-one-piece.com\/vetements-one-piece\/sweats-one-piece\/sweat-one-piece-bi-color-2\/#primaryimage"},"image":{"@id":"https:\/\/boutique-one-piece.com\/vetements-one-piece\/sweats-one-piece\/sweat-one-piece-bi-color-2\/#primaryimage"},"thumbnailUrl":"https:\/\/boutique-one-piece.com\/wp-content\/uploads\/2022\/09\/Sweat-One-Piece-Bleu-et-Blanc.jpg","datePublished":"2022-09-27T21:54:46+00:00","dateModified":"2025-12-19T22:49:31+00:00","description":"Sudadera de manga larga azul y blanca de One Piece con el logo de Luffy del Sombrero de Paja. Alta calidad. \u00a1Comparte tu pasi\u00f3n por los Sombrero de Paja!","breadcrumb":{"@id":"https:\/\/boutique-one-piece.com\/vetements-one-piece\/sweats-one-piece\/sweat-one-piece-bi-color-2\/#breadcrumb"},"inLanguage":"es","potentialAction":[{"@type":"ReadAction","target":["https:\/\/boutique-one-piece.com\/vetements-one-piece\/sweats-one-piece\/sweat-one-piece-bi-color-2\/"]}]},{"@type":"ImageObject","inLanguage":"es","@id":"https:\/\/boutique-one-piece.com\/vetements-one-piece\/sweats-one-piece\/sweat-one-piece-bi-color-2\/#primaryimage","url":"https:\/\/boutique-one-piece.com\/wp-content\/uploads\/2022\/09\/Sweat-One-Piece-Bleu-et-Blanc.jpg","contentUrl":"https:\/\/boutique-one-piece.com\/wp-content\/uploads\/2022\/09\/Sweat-One-Piece-Bleu-et-Blanc.jpg","width":600,"height":600,"caption":"Sweat One Piece Bleu et Blanc 4XL"},{"@type":"BreadcrumbList","@id":"https:\/\/boutique-one-piece.com\/vetements-one-piece\/sweats-one-piece\/sweat-one-piece-bi-color-2\/#breadcrumb","itemListElement":[{"@type":"ListItem","position":1,"name":"Home","item":"https:\/\/boutique-one-piece.com\/"},{"@type":"ListItem","position":2,"name":"Shop","item":"https:\/\/boutique-one-piece.com\/shop\/"},{"@type":"ListItem","position":3,"name":"Sweat One Piece Bleu et Blanc"}]},{"@type":"WebSite","@id":"https:\/\/boutique-one-piece.com\/#website","url":"https:\/\/boutique-one-piece.com\/","name":"Tienda de One Piece","description":"Tienda especializada en manga y anime de One Piece","publisher":{"@id":"https:\/\/boutique-one-piece.com\/#organization"},"potentialAction":[{"@type":"SearchAction","target":{"@type":"EntryPoint","urlTemplate":"https:\/\/boutique-one-piece.com\/?s={search_term_string}"},"query-input":{"@type":"PropertyValueSpecification","valueRequired":true,"valueName":"search_term_string"}}],"inLanguage":"es"},{"@type":"Organization","@id":"https:\/\/boutique-one-piece.com\/#organization","name":"Tienda de One Piece","url":"https:\/\/boutique-one-piece.com\/","logo":{"@type":"ImageObject","inLanguage":"es","@id":"https:\/\/boutique-one-piece.com\/#\/schema\/logo\/image\/","url":"https:\/\/boutique-one-piece.com\/wp-content\/uploads\/2022\/09\/Logo-01.png","contentUrl":"https:\/\/boutique-one-piece.com\/wp-content\/uploads\/2022\/09\/Logo-01.png","width":2318,"height":957,"caption":"Boutique One Piece"},"image":{"@id":"https:\/\/boutique-one-piece.com\/#\/schema\/logo\/image\/"}}]}},"_links":{"self":[{"href":"https:\/\/boutique-one-piece.com\/es\/wp-json\/wp\/v2\/product\/16630","targetHints":{"allow":["GET"]}}],"collection":[{"href":"https:\/\/boutique-one-piece.com\/es\/wp-json\/wp\/v2\/product"}],"about":[{"href":"https:\/\/boutique-one-piece.com\/es\/wp-json\/wp\/v2\/types\/product"}],"replies":[{"embeddable":true,"href":"https:\/\/boutique-one-piece.com\/es\/wp-json\/wp\/v2\/comments?post=16630"}],"wp:featuredmedia":[{"embeddable":true,"href":"https:\/\/boutique-one-piece.com\/es\/wp-json\/wp\/v2\/media\/9623"}],"wp:attachment":[{"href":"https:\/\/boutique-one-piece.com\/es\/wp-json\/wp\/v2\/media?parent=16630"}],"wp:term":[{"taxonomy":"product_brand","embeddable":true,"href":"https:\/\/boutique-one-piece.com\/es\/wp-json\/wp\/v2\/product_brand?post=16630"},{"taxonomy":"product_cat","embeddable":true,"href":"https:\/\/boutique-one-piece.com\/es\/wp-json\/wp\/v2\/product_cat?post=16630"},{"taxonomy":"product_tag","embeddable":true,"href":"https:\/\/boutique-one-piece.com\/es\/wp-json\/wp\/v2\/product_tag?post=16630"}],"curies":[{"name":"wp","href":"https:\/\/api.w.org\/{rel}","templated":true}]}}