{"id":17109,"date":"2022-09-27T21:57:41","date_gmt":"2022-09-27T21:57:41","guid":{"rendered":"https:\/\/boutique-one-piece.com\/uncategorized\/avis-de-recherche-zeff-wanted\/"},"modified":"2024-09-16T14:58:47","modified_gmt":"2024-09-16T14:58:47","slug":"zeff-queria-llamar-la-atencion","status":"publish","type":"product","link":"https:\/\/boutique-one-piece.com\/es\/cartel-de-busqueda-de-one-piece\/zeff-queria-llamar-la-atencion\/","title":{"rendered":"Aviso de b\u00fasqueda de Zeff"},"content":{"rendered":"<h2>Decora tu oficina con un p\u00f3ster de un personaje entra\u00f1able de tu manga favorito. Este p\u00f3ster de Zeff Wanted es perfecto para quienes disfrutaron del arco argumental de Baratie.<\/h2>\n<p>Zeff de patas rojas es el <strong>jefe<\/strong> del restaurante que es un barco, el <strong>Baratie<\/strong>. Es un hombre con un largo bigote trenzado. <strong>El mentor de Sanji<\/strong>. Se podr\u00eda decir que tienen una verdadera relaci\u00f3n padre-hijo, y Sanji siempre le estar\u00e1 agradecido. Al comparar los apodos de estos dos personajes, Sanji el Pierna Negra y Zeff el Pie Rojo, se comprende que fue Zeff quien le ense\u00f1\u00f3 a Sanji su estilo de lucha, y que lucha con los pies para evitar lastimarse las manos, porque, seg\u00fan \u00e9l, las manos son para cocinar.<\/p>\n<h3>Demuestra lo fuerte que es tu pasi\u00f3n por One Piece con este p\u00f3ster de b\u00fasqueda de un personaje amigable.<\/h3>\n<p>Antes de tomar el control del Baratie, el barco de Zeff se hundi\u00f3 en una tormenta, y \u00e9l y Sanji fueron los \u00fanicos supervivientes, varados en una isla desierta. Zeff salv\u00f3 a Sanji de ahogarse. Le dio a Sanji la escasa comida en una bolsa, fingiendo haberla dividido a partes iguales. Sin embargo, cuando un Sanji hambriento dud\u00f3 en robar la bolsa, Zeff descubri\u00f3 que estaba vac\u00eda y que se hab\u00eda comido la pierna para sobrevivir.<\/p>\n<p>Es <strong>principal<\/strong> Tiene 60 millones de bayas.<\/p>\n<p>Si te gustan nuestros carteles, te deber\u00eda gustar este. <a href=\"https:\/\/boutique-one-piece.com\/es\/cartel-de-busqueda-de-one-piece\/productos\/cartel-de-busqueda-de-one-piece-portgas-d-ace\/\" target=\"_blank\" title=\"Aviso de b\u00fasqueda de Ace\" rel=\"noopener noreferrer\">Cartel de &quot;Se busca Ace&quot;<\/a>.<\/p>\n<h2>Informaci\u00f3n sobre el p\u00f3ster de One Piece Wanted Zeff<\/h2>\n<ul>\n<li><span><b><u>P\u00f3ster de Se busca de One Piece<\/u><\/b>&nbsp;Un aut\u00e9ntico cartel de b\u00fasqueda de One Piece para verdaderos piratas.<\/span><\/li>\n<\/ul>\n<ul>\n<li>\n<b><u>Bono de Zeff<\/u><\/b>&nbsp;60.000.000 de bayas<\/li>\n<\/ul>\n<ul>\n<li><span><strong>Impresi\u00f3n de alta calidad<\/strong>&nbsp;colores precisos<\/span><\/li>\n<\/ul>\n<ul>\n<li>\n<strong>Dimensi\u00f3n<\/strong>&nbsp;: 30 cm x 21 cm y 42 cm x 30 cm<\/li>\n<\/ul>\n<ul>\n<li><span><strong>ENTREGA GRATUITA<\/strong><\/span><\/li>\n<\/ul>","protected":false},"excerpt":{"rendered":"<p>Decora tu escritorio con un p\u00f3ster de un personaje entra\u00f1able de tu manga favorito. Este p\u00f3ster de Zeff Wanted es perfecto para quienes disfrutaron del arco argumental de Baratie. Zeff Patas Rojas es el chef del restaurante, un barco llamado Baratie. Es un hombre con un bigote largo y trenzado que es el mentor [\u2026]<\/p>","protected":false},"featured_media":19279,"comment_status":"open","ping_status":"open","template":"","meta":[],"product_brand":[],"product_cat":[171],"product_tag":[],"class_list":{"0":"post-17109","1":"product","2":"type-product","3":"status-publish","4":"has-post-thumbnail","6":"product_cat-avis-de-recherche-one-piece","8":"first","9":"outofstock","10":"purchasable","11":"product-type-variable"},"yoast_head":"<!-- This site is optimized with the Yoast SEO plugin v27.5 - https:\/\/yoast.com\/product\/yoast-seo-wordpress\/ -->\n<title>Avis De Recherche Zeff Wanted | D\u00e9coration One Piece \u2013 Boutique One Piece<\/title>\n<meta name=\"description\" content=\"D\u00e9core ton bureau avec le poster d&#039;un homme attachant de ton manga pr\u00e9f\u00e9r\u00e9. Cet Avis de Recherche Zeff Wanted est parfait pour ceux qui ont aim\u00e9 l&#039;arc Baratie. Zeff aux pieds rouges est le chef du restaurant qui est un bateau, le Baratie. C&#039;est un homme avec une longue moustache tress\u00e9e qui est le mentor de Sanji. On p\" \/>\n<meta name=\"robots\" content=\"index, follow, max-snippet:-1, max-image-preview:large, max-video-preview:-1\" \/>\n<link rel=\"canonical\" href=\"https:\/\/boutique-one-piece.com\/es\/cartel-de-busqueda-de-one-piece\/zeff-queria-llamar-la-atencion\/\" \/>\n<meta property=\"og:locale\" content=\"es_ES\" \/>\n<meta property=\"og:type\" content=\"article\" \/>\n<meta property=\"og:title\" content=\"Avis De Recherche Zeff Wanted | D\u00e9coration One Piece \u2013 Boutique One Piece\" \/>\n<meta property=\"og:description\" content=\"D\u00e9core ton bureau avec le poster d&#039;un homme attachant de ton manga pr\u00e9f\u00e9r\u00e9. Cet Avis de Recherche Zeff Wanted est parfait pour ceux qui ont aim\u00e9 l&#039;arc Baratie. Zeff aux pieds rouges est le chef du restaurant qui est un bateau, le Baratie. C&#039;est un homme avec une longue moustache tress\u00e9e qui est le mentor de Sanji. On p\" \/>\n<meta property=\"og:url\" content=\"https:\/\/boutique-one-piece.com\/es\/cartel-de-busqueda-de-one-piece\/zeff-queria-llamar-la-atencion\/\" \/>\n<meta property=\"og:site_name\" content=\"Boutique One Piece\" \/>\n<meta property=\"article:modified_time\" content=\"2024-09-16T14:58:47+00:00\" \/>\n<meta property=\"og:image\" content=\"https:\/\/boutique-one-piece.com\/wp-content\/uploads\/2022\/09\/Affiche-murale-imprim-e-en-papier-kraft-Luffy-Zoro-Nami-Franky-Boa-Law-Wanted-affiche-d.jpg_640x640.jpg\" \/>\n\t<meta property=\"og:image:width\" content=\"453\" \/>\n\t<meta property=\"og:image:height\" content=\"640\" \/>\n\t<meta property=\"og:image:type\" content=\"image\/jpeg\" \/>\n<meta name=\"twitter:card\" content=\"summary_large_image\" \/>\n<meta name=\"twitter:label1\" content=\"Tiempo de lectura\" \/>\n\t<meta name=\"twitter:data1\" content=\"3 minutos\" \/>\n<script type=\"application\/ld+json\" class=\"yoast-schema-graph\">{\"@context\":\"https:\\\/\\\/schema.org\",\"@graph\":[{\"@type\":\"WebPage\",\"@id\":\"https:\\\/\\\/boutique-one-piece.com\\\/avis-de-recherche-one-piece\\\/avis-de-recherche-zeff-wanted\\\/\",\"url\":\"https:\\\/\\\/boutique-one-piece.com\\\/avis-de-recherche-one-piece\\\/avis-de-recherche-zeff-wanted\\\/\",\"name\":\"Avis De Recherche Zeff Wanted | D\u00e9coration One Piece \u2013 Boutique One Piece\",\"isPartOf\":{\"@id\":\"https:\\\/\\\/boutique-one-piece.com\\\/#website\"},\"primaryImageOfPage\":{\"@id\":\"https:\\\/\\\/boutique-one-piece.com\\\/avis-de-recherche-one-piece\\\/avis-de-recherche-zeff-wanted\\\/#primaryimage\"},\"image\":{\"@id\":\"https:\\\/\\\/boutique-one-piece.com\\\/avis-de-recherche-one-piece\\\/avis-de-recherche-zeff-wanted\\\/#primaryimage\"},\"thumbnailUrl\":\"https:\\\/\\\/boutique-one-piece.com\\\/wp-content\\\/uploads\\\/2022\\\/09\\\/Affiche-murale-imprim-e-en-papier-kraft-Luffy-Zoro-Nami-Franky-Boa-Law-Wanted-affiche-d.jpg_640x640.jpg\",\"datePublished\":\"2022-09-27T21:57:41+00:00\",\"dateModified\":\"2024-09-16T14:58:47+00:00\",\"description\":\"D\u00e9core ton bureau avec le poster d'un homme attachant de ton manga pr\u00e9f\u00e9r\u00e9. Cet Avis de Recherche Zeff Wanted est parfait pour ceux qui ont aim\u00e9 l'arc Baratie. Zeff aux pieds rouges est le chef du restaurant qui est un bateau, le Baratie. C'est un homme avec une longue moustache tress\u00e9e qui est le mentor de Sanji. On p\",\"breadcrumb\":{\"@id\":\"https:\\\/\\\/boutique-one-piece.com\\\/avis-de-recherche-one-piece\\\/avis-de-recherche-zeff-wanted\\\/#breadcrumb\"},\"inLanguage\":\"es\",\"potentialAction\":[{\"@type\":\"ReadAction\",\"target\":[\"https:\\\/\\\/boutique-one-piece.com\\\/avis-de-recherche-one-piece\\\/avis-de-recherche-zeff-wanted\\\/\"]}]},{\"@type\":\"ImageObject\",\"inLanguage\":\"es\",\"@id\":\"https:\\\/\\\/boutique-one-piece.com\\\/avis-de-recherche-one-piece\\\/avis-de-recherche-zeff-wanted\\\/#primaryimage\",\"url\":\"https:\\\/\\\/boutique-one-piece.com\\\/wp-content\\\/uploads\\\/2022\\\/09\\\/Affiche-murale-imprim-e-en-papier-kraft-Luffy-Zoro-Nami-Franky-Boa-Law-Wanted-affiche-d.jpg_640x640.jpg\",\"contentUrl\":\"https:\\\/\\\/boutique-one-piece.com\\\/wp-content\\\/uploads\\\/2022\\\/09\\\/Affiche-murale-imprim-e-en-papier-kraft-Luffy-Zoro-Nami-Franky-Boa-Law-Wanted-affiche-d.jpg_640x640.jpg\",\"width\":453,\"height\":640},{\"@type\":\"BreadcrumbList\",\"@id\":\"https:\\\/\\\/boutique-one-piece.com\\\/avis-de-recherche-one-piece\\\/avis-de-recherche-zeff-wanted\\\/#breadcrumb\",\"itemListElement\":[{\"@type\":\"ListItem\",\"position\":1,\"name\":\"Home\",\"item\":\"https:\\\/\\\/boutique-one-piece.com\\\/\"},{\"@type\":\"ListItem\",\"position\":2,\"name\":\"Shop\",\"item\":\"https:\\\/\\\/boutique-one-piece.com\\\/shop\\\/\"},{\"@type\":\"ListItem\",\"position\":3,\"name\":\"Avis De Recherche Zeff Wanted\"}]},{\"@type\":\"WebSite\",\"@id\":\"https:\\\/\\\/boutique-one-piece.com\\\/#website\",\"url\":\"https:\\\/\\\/boutique-one-piece.com\\\/\",\"name\":\"Boutique One Piece\",\"description\":\"Magasin Sp\u00e9cialis\u00e9 du Manga et l&#039;Anime One Piece\",\"publisher\":{\"@id\":\"https:\\\/\\\/boutique-one-piece.com\\\/#organization\"},\"potentialAction\":[{\"@type\":\"SearchAction\",\"target\":{\"@type\":\"EntryPoint\",\"urlTemplate\":\"https:\\\/\\\/boutique-one-piece.com\\\/?s={search_term_string}\"},\"query-input\":{\"@type\":\"PropertyValueSpecification\",\"valueRequired\":true,\"valueName\":\"search_term_string\"}}],\"inLanguage\":\"es\"},{\"@type\":\"Organization\",\"@id\":\"https:\\\/\\\/boutique-one-piece.com\\\/#organization\",\"name\":\"Boutique One Piece\",\"url\":\"https:\\\/\\\/boutique-one-piece.com\\\/\",\"logo\":{\"@type\":\"ImageObject\",\"inLanguage\":\"es\",\"@id\":\"https:\\\/\\\/boutique-one-piece.com\\\/#\\\/schema\\\/logo\\\/image\\\/\",\"url\":\"https:\\\/\\\/boutique-one-piece.com\\\/wp-content\\\/uploads\\\/2022\\\/09\\\/Logo-01.png\",\"contentUrl\":\"https:\\\/\\\/boutique-one-piece.com\\\/wp-content\\\/uploads\\\/2022\\\/09\\\/Logo-01.png\",\"width\":2318,\"height\":957,\"caption\":\"Boutique One Piece\"},\"image\":{\"@id\":\"https:\\\/\\\/boutique-one-piece.com\\\/#\\\/schema\\\/logo\\\/image\\\/\"}}]}<\/script>\n<!-- \/ Yoast SEO plugin. -->","yoast_head_json":{"title":"Aviso de b\u00fasqueda de Zeff | Decoraciones de One Piece \u2013 Tienda de One Piece","description":"Decora tu escritorio con un p\u00f3ster de un personaje entra\u00f1able de tu manga favorito. Este p\u00f3ster de Zeff Wanted es perfecto para quienes disfrutaron del arco argumental de Baratie. Zeff Patas Rojas es el chef del restaurante, un barco llamado Baratie. Es un hombre con un largo bigote trenzado y es el mentor de Sanji.","robots":{"index":"index","follow":"follow","max-snippet":"max-snippet:-1","max-image-preview":"max-image-preview:large","max-video-preview":"max-video-preview:-1"},"canonical":"https:\/\/boutique-one-piece.com\/es\/cartel-de-busqueda-de-one-piece\/zeff-queria-llamar-la-atencion\/","og_locale":"es_ES","og_type":"article","og_title":"Avis De Recherche Zeff Wanted | D\u00e9coration One Piece \u2013 Boutique One Piece","og_description":"D\u00e9core ton bureau avec le poster d'un homme attachant de ton manga pr\u00e9f\u00e9r\u00e9. Cet Avis de Recherche Zeff Wanted est parfait pour ceux qui ont aim\u00e9 l'arc Baratie. Zeff aux pieds rouges est le chef du restaurant qui est un bateau, le Baratie. C'est un homme avec une longue moustache tress\u00e9e qui est le mentor de Sanji. On p","og_url":"https:\/\/boutique-one-piece.com\/es\/cartel-de-busqueda-de-one-piece\/zeff-queria-llamar-la-atencion\/","og_site_name":"Boutique One Piece","article_modified_time":"2024-09-16T14:58:47+00:00","og_image":[{"width":453,"height":640,"url":"https:\/\/boutique-one-piece.com\/wp-content\/uploads\/2022\/09\/Affiche-murale-imprim-e-en-papier-kraft-Luffy-Zoro-Nami-Franky-Boa-Law-Wanted-affiche-d.jpg_640x640.jpg","type":"image\/jpeg"}],"twitter_card":"summary_large_image","twitter_misc":{"Tiempo de lectura":"3 minutos"},"schema":{"@context":"https:\/\/schema.org","@graph":[{"@type":"WebPage","@id":"https:\/\/boutique-one-piece.com\/avis-de-recherche-one-piece\/avis-de-recherche-zeff-wanted\/","url":"https:\/\/boutique-one-piece.com\/avis-de-recherche-one-piece\/avis-de-recherche-zeff-wanted\/","name":"Aviso de b\u00fasqueda de Zeff | Decoraciones de One Piece \u2013 Tienda de One Piece","isPartOf":{"@id":"https:\/\/boutique-one-piece.com\/#website"},"primaryImageOfPage":{"@id":"https:\/\/boutique-one-piece.com\/avis-de-recherche-one-piece\/avis-de-recherche-zeff-wanted\/#primaryimage"},"image":{"@id":"https:\/\/boutique-one-piece.com\/avis-de-recherche-one-piece\/avis-de-recherche-zeff-wanted\/#primaryimage"},"thumbnailUrl":"https:\/\/boutique-one-piece.com\/wp-content\/uploads\/2022\/09\/Affiche-murale-imprim-e-en-papier-kraft-Luffy-Zoro-Nami-Franky-Boa-Law-Wanted-affiche-d.jpg_640x640.jpg","datePublished":"2022-09-27T21:57:41+00:00","dateModified":"2024-09-16T14:58:47+00:00","description":"Decora tu escritorio con un p\u00f3ster de un personaje entra\u00f1able de tu manga favorito. Este p\u00f3ster de Zeff Wanted es perfecto para quienes disfrutaron del arco argumental de Baratie. Zeff Patas Rojas es el chef del restaurante, un barco llamado Baratie. Es un hombre con un largo bigote trenzado y es el mentor de Sanji.","breadcrumb":{"@id":"https:\/\/boutique-one-piece.com\/avis-de-recherche-one-piece\/avis-de-recherche-zeff-wanted\/#breadcrumb"},"inLanguage":"es","potentialAction":[{"@type":"ReadAction","target":["https:\/\/boutique-one-piece.com\/avis-de-recherche-one-piece\/avis-de-recherche-zeff-wanted\/"]}]},{"@type":"ImageObject","inLanguage":"es","@id":"https:\/\/boutique-one-piece.com\/avis-de-recherche-one-piece\/avis-de-recherche-zeff-wanted\/#primaryimage","url":"https:\/\/boutique-one-piece.com\/wp-content\/uploads\/2022\/09\/Affiche-murale-imprim-e-en-papier-kraft-Luffy-Zoro-Nami-Franky-Boa-Law-Wanted-affiche-d.jpg_640x640.jpg","contentUrl":"https:\/\/boutique-one-piece.com\/wp-content\/uploads\/2022\/09\/Affiche-murale-imprim-e-en-papier-kraft-Luffy-Zoro-Nami-Franky-Boa-Law-Wanted-affiche-d.jpg_640x640.jpg","width":453,"height":640},{"@type":"BreadcrumbList","@id":"https:\/\/boutique-one-piece.com\/avis-de-recherche-one-piece\/avis-de-recherche-zeff-wanted\/#breadcrumb","itemListElement":[{"@type":"ListItem","position":1,"name":"Home","item":"https:\/\/boutique-one-piece.com\/"},{"@type":"ListItem","position":2,"name":"Shop","item":"https:\/\/boutique-one-piece.com\/shop\/"},{"@type":"ListItem","position":3,"name":"Avis De Recherche Zeff Wanted"}]},{"@type":"WebSite","@id":"https:\/\/boutique-one-piece.com\/#website","url":"https:\/\/boutique-one-piece.com\/","name":"Tienda de One Piece","description":"Tienda especializada en manga y anime de One Piece","publisher":{"@id":"https:\/\/boutique-one-piece.com\/#organization"},"potentialAction":[{"@type":"SearchAction","target":{"@type":"EntryPoint","urlTemplate":"https:\/\/boutique-one-piece.com\/?s={search_term_string}"},"query-input":{"@type":"PropertyValueSpecification","valueRequired":true,"valueName":"search_term_string"}}],"inLanguage":"es"},{"@type":"Organization","@id":"https:\/\/boutique-one-piece.com\/#organization","name":"Tienda de One Piece","url":"https:\/\/boutique-one-piece.com\/","logo":{"@type":"ImageObject","inLanguage":"es","@id":"https:\/\/boutique-one-piece.com\/#\/schema\/logo\/image\/","url":"https:\/\/boutique-one-piece.com\/wp-content\/uploads\/2022\/09\/Logo-01.png","contentUrl":"https:\/\/boutique-one-piece.com\/wp-content\/uploads\/2022\/09\/Logo-01.png","width":2318,"height":957,"caption":"Boutique One Piece"},"image":{"@id":"https:\/\/boutique-one-piece.com\/#\/schema\/logo\/image\/"}}]}},"_links":{"self":[{"href":"https:\/\/boutique-one-piece.com\/es\/wp-json\/wp\/v2\/product\/17109","targetHints":{"allow":["GET"]}}],"collection":[{"href":"https:\/\/boutique-one-piece.com\/es\/wp-json\/wp\/v2\/product"}],"about":[{"href":"https:\/\/boutique-one-piece.com\/es\/wp-json\/wp\/v2\/types\/product"}],"replies":[{"embeddable":true,"href":"https:\/\/boutique-one-piece.com\/es\/wp-json\/wp\/v2\/comments?post=17109"}],"wp:featuredmedia":[{"embeddable":true,"href":"https:\/\/boutique-one-piece.com\/es\/wp-json\/wp\/v2\/media\/19279"}],"wp:attachment":[{"href":"https:\/\/boutique-one-piece.com\/es\/wp-json\/wp\/v2\/media?parent=17109"}],"wp:term":[{"taxonomy":"product_brand","embeddable":true,"href":"https:\/\/boutique-one-piece.com\/es\/wp-json\/wp\/v2\/product_brand?post=17109"},{"taxonomy":"product_cat","embeddable":true,"href":"https:\/\/boutique-one-piece.com\/es\/wp-json\/wp\/v2\/product_cat?post=17109"},{"taxonomy":"product_tag","embeddable":true,"href":"https:\/\/boutique-one-piece.com\/es\/wp-json\/wp\/v2\/product_tag?post=17109"}],"curies":[{"name":"wp","href":"https:\/\/api.w.org\/{rel}","templated":true}]}}