{"id":17467,"date":"2022-09-27T22:01:49","date_gmt":"2022-09-27T22:01:49","guid":{"rendered":"https:\/\/boutique-one-piece.com\/uncategorized\/bomber-one-piece-trafalgar-law\/"},"modified":"2024-12-13T07:52:23","modified_gmt":"2024-12-13T07:52:23","slug":"bombardero-de-una-pieza-trafalgar-law","status":"publish","type":"product","link":"https:\/\/boutique-one-piece.com\/es\/ropa-de-una-pieza\/bombardero-de-una-pieza\/bombardero-de-una-pieza-trafalgar-law\/","title":{"rendered":"Chaqueta bomber de One Piece Trafalgar Law"},"content":{"rendered":"<h2><b>Veste\u00a0Bomber\u00a0Noir One Piece avec Trafalgar D. Water Law de Tr\u00e8s Haute Qualit\u00e9 : Rejoins l\u2019\u00c9quipage du Heart de Deviens un Pirate de Law !<\/b><\/h2>\n<p>Si eres un\u00a0<strong>pirata real<\/strong>, Usted apreciar\u00e1 el\u00a0<strong>calidad<\/strong>\u00a0tela y\u00a0<strong>l\u2019impression 3D Canvas<\/strong>\u00a0de esto<span>\u00a0<\/span><strong>Chaqueta de una pieza<\/strong>\u00a0Pero lo m\u00e1s importante es que con esto<span>\u00a0<\/span><strong>chaqueta bomber estampada<\/strong>\u00a0Eso es porque ser\u00e1s parte de\u00a0<strong>l\u2019\u00e9quipage\u00a0des fans<\/strong>\u00a0de\u00a0<strong>manga pirata<\/strong>\u00a0y obtendr\u00e1s:<\/p>\n<ul>\n<li>\u00a0<strong>L\u2019admiration<\/strong>\u00a0De todos los fans de<span>\u00a0<\/span><strong>l\u2019univers<\/strong><span>\u00a0<\/span>del<span>\u00a0<\/span><strong>licencia<\/strong><span>\u00a0<\/span>de<span>\u00a0<\/span><strong>manga<\/strong>\u00a0que encontrar\u00e1s<\/li>\n<\/ul>\n<ul>\n<li>Un verdadero<span>\u00a0<\/span><b>chaqueta<\/b>\u00a0con el que puedes\u00a0<strong>compartir<\/strong><span>\u00a0<\/span>su<span>\u00a0<\/span><strong>pasi\u00f3n<\/strong><span>\u00a0<\/span>Para<span>\u00a0<\/span><strong>Una pieza<\/strong>\n<\/li>\n<\/ul>\n<p>Entonces, \u00bfest\u00e1s listo para usar el\u00a0<strong>bandera\u00a0<\/strong>de<b>\u00a0<\/b>su<b><span>\u00a0<\/span>manga favorito<\/b>\u00a0?<\/p>\n<h2>Es-tu un fan du manga ou de l\u2019anim\u00e9 One Piece ? Montre le avec ce Bomber One Piece !<\/h2>\n<p>Si usted\u00a0<strong>leer<\/strong>\u00a0o donde sea que mires\u00a0<span>\u00a0<\/span><strong>l\u2019anim\u00e9\u00a0japonais<\/strong>, Hay una buena posibilidad de que te hayas convertido\u00a0<strong>loco por One Piece<\/strong>\u00a0Con esto\u00a0<strong>Chaqueta de One Piece Trafalgar Law<\/strong>, rejoins\u00a0l\u2019<strong>tripulaci\u00f3n de fans de la franquicia<\/strong><\/p>\n<p>Este<strong><\/strong>todo<span>\u00a0<\/span><strong>chaqueta bomber negra<\/strong>\u00a0est\u00e1 disponible en tama\u00f1os\u00a0<strong>XS<\/strong>,\u00a0<strong>S<\/strong>,<strong>\u00a0M<\/strong>,<strong>\u00a0L<\/strong>,\u00a0<strong>SG<\/strong>,\u00a0<strong>XXL<\/strong>,<span>\u00a0<\/span><strong>3XL<\/strong>,<span>\u00a0<\/span><strong>4XL<\/strong>, Se adaptar\u00e1 a todas las categor\u00edas de piratas.,<span>\u00a0<\/span><strong>hombre<\/strong>\u00a0O<span>\u00a0<\/span><strong>mujer<\/strong>, m\u00eame si tu n\u2019as pas\u00a0<strong>d\u2019\u00e9p\u00e9e<\/strong>\u00a0o\u00a0<strong>fruta del diablo<\/strong>\u00a0Todav\u00eda puedes lucirlo con orgullo.<\/p>\n<h2>Informaci\u00f3n sobre el bombardero:\u00a0<\/h2>\n<ul><\/ul>\n<ul><\/ul>\n<ul>\n<li>\n<strong>Chaqueta bomber One Piece de alta calidad\u00a0<\/strong><span>:\u00a0<\/span>Tiene un gramaje elevado y est\u00e1 fabricado con materiales de calidad.<\/li>\n<\/ul>\n<ul>\n<li><span><strong>Forro de algod\u00f3n<\/strong>\u00a0:Chaqueta bomber con forro de algod\u00f3n, buena protecci\u00f3n contra el fr\u00edo.<\/span><\/li>\n<\/ul>\n<ul>\n<li><span><strong>Estilo urbano\u00a0<\/strong>Gracias a su corte &quot;aviador&quot;, la chaqueta bomber da un aspecto casual.<\/span><\/li>\n<\/ul>\n<ul>\n<li>\n<strong>Muy c\u00f3modo<span>\u00a0<\/span><\/strong>: avec ces fibres de coton et de polyester super doux, il n\u2019y a pas\u00a0de frottements<\/li>\n<\/ul>\n<ul>\n<li><span>Impresi\u00f3n digital 3D, dise\u00f1o original<\/span><\/li>\n<\/ul>\n<ul>\n<li><span><b>Algod\u00f3n<\/b><strong>\u00a0org\u00e1nico\u00a0<\/strong>Algod\u00f3n de alta calidad con fibras extralargas.<\/span><\/li>\n<\/ul>\n<ul>\n<li><span><strong>Entrega gratuita\u00a0<\/strong>para cualquier compra<strong>\u00a0<\/strong><\/span><\/li>\n<\/ul>\n<p><strong>N\u2019oubliez pas de jeter\u00a0un oeil au guide des tailles ci-dessous.<\/strong><\/p>\n<h2><img decoding=\"async\" src=\"https:\/\/cdn.shopify.com\/s\/files\/1\/0087\/7556\/5348\/files\/boutque_one__piece_tableau_taille_veste_bombers_large.jpg?v=1559998400\" alt=\"Gu\u00eda de tallas de chaqueta bomber One Piece\"><\/h2>\n<h3>Instrucciones de lavado de la chaqueta bomber de una pieza:<\/h3>\n<ul>\n<li>Lavado a m\u00e1quina a 30\u00b0C, ciclo delicado.<\/li>\n<\/ul>\n<ul>\n<li>Planchar del rev\u00e9s<\/li>\n<\/ul>\n<p>Para<span>\u00a0<\/span><strong>preservar la calidad<\/strong><span>\u00a0<\/span>de esto<span>\u00a0<\/span><strong>Chaqueta bomber de una pieza<\/strong>, te recomendamos que<span>\u00a0<\/span><strong>respeto<\/strong><span>\u00a0<\/span>EL<span>\u00a0<\/span><strong>instrucciones de lavado<\/strong>.<\/p>","protected":false},"excerpt":{"rendered":"<p>Veste\u00a0Bomber\u00a0Noir One Piece avec Trafalgar D. Water Law de Tr\u00e8s Haute Qualit\u00e9 : Rejoins l\u2019\u00c9quipage du Heart de Deviens un Pirate de Law ! Si tu es un\u00a0v\u00e9ritable pirate, tu sauras appr\u00e9cier la\u00a0qualit\u00e9\u00a0du tissu et de\u00a0l\u2019impression 3D Canvas\u00a0de cette\u00a0veste One Piece\u00a0!\u00a0Mais le plus important, avec ce\u00a0bomber\u00a0imprim\u00e9\u00a0c\u0092est que tu\u00a0feras partie de\u00a0l\u2019\u00e9quipage\u00a0des fans\u00a0du\u00a0manga de pirates\u00a0et tu obtiendras\u00a0: [&hellip;]<\/p>","protected":false},"featured_media":17469,"comment_status":"open","ping_status":"open","template":"","meta":[],"product_brand":[],"product_cat":[697,15],"product_tag":[348,202,182],"class_list":{"0":"post-17467","1":"product","2":"type-product","3":"status-publish","4":"has-post-thumbnail","6":"product_cat-bomber-one-piece","7":"product_cat-manga-one-piece","8":"product_tag-bomber","9":"product_tag-law","10":"product_tag-logo","12":"first","13":"outofstock","14":"purchasable","15":"product-type-variable","16":"has-default-attributes"},"yoast_head":"<!-- This site is optimized with the Yoast SEO plugin v27.5 - https:\/\/yoast.com\/product\/yoast-seo-wordpress\/ -->\n<title>Bomber One Piece Trafalgar Law | Boutique One Piece<\/title>\n<meta name=\"description\" content=\"Veste Bomber Noir One Piece avec Trafalgar D. Water Law de Tr\u00e8s Haute Qualit\u00e9 Rejoins l&#039;\u00c9quipage du Heart de Deviens un Pirate de Law, de la g\u00e9n\u00e9ration t\u00e9rrible\" \/>\n<meta name=\"robots\" content=\"index, follow, max-snippet:-1, max-image-preview:large, max-video-preview:-1\" \/>\n<link rel=\"canonical\" href=\"https:\/\/boutique-one-piece.com\/es\/ropa-de-una-pieza\/bombardero-de-una-pieza\/bombardero-de-una-pieza-trafalgar-law\/\" \/>\n<meta property=\"og:locale\" content=\"es_ES\" \/>\n<meta property=\"og:type\" content=\"article\" \/>\n<meta property=\"og:title\" content=\"Bomber One Piece Trafalgar Law | Boutique One Piece\" \/>\n<meta property=\"og:description\" content=\"Veste Bomber Noir One Piece avec Trafalgar D. Water Law de Tr\u00e8s Haute Qualit\u00e9 Rejoins l&#039;\u00c9quipage du Heart de Deviens un Pirate de Law, de la g\u00e9n\u00e9ration t\u00e9rrible\" \/>\n<meta property=\"og:url\" content=\"https:\/\/boutique-one-piece.com\/es\/ropa-de-una-pieza\/bombardero-de-una-pieza\/bombardero-de-una-pieza-trafalgar-law\/\" \/>\n<meta property=\"og:site_name\" content=\"Boutique One Piece\" \/>\n<meta property=\"article:modified_time\" content=\"2024-12-13T07:52:23+00:00\" \/>\n<meta property=\"og:image\" content=\"https:\/\/boutique-one-piece.com\/wp-content\/uploads\/2022\/09\/Bomber-One-Piece-Trafalgar-Law.jpg\" \/>\n\t<meta property=\"og:image:width\" content=\"600\" \/>\n\t<meta property=\"og:image:height\" content=\"600\" \/>\n\t<meta property=\"og:image:type\" content=\"image\/jpeg\" \/>\n<meta name=\"twitter:card\" content=\"summary_large_image\" \/>\n<meta name=\"twitter:label1\" content=\"Tiempo de lectura\" \/>\n\t<meta name=\"twitter:data1\" content=\"2 minutos\" \/>\n<script type=\"application\/ld+json\" class=\"yoast-schema-graph\">{\"@context\":\"https:\\\/\\\/schema.org\",\"@graph\":[{\"@type\":\"WebPage\",\"@id\":\"https:\\\/\\\/boutique-one-piece.com\\\/vetements-one-piece\\\/bomber-one-piece\\\/bomber-one-piece-trafalgar-law\\\/\",\"url\":\"https:\\\/\\\/boutique-one-piece.com\\\/vetements-one-piece\\\/bomber-one-piece\\\/bomber-one-piece-trafalgar-law\\\/\",\"name\":\"Bomber One Piece Trafalgar Law | Boutique One Piece\",\"isPartOf\":{\"@id\":\"https:\\\/\\\/boutique-one-piece.com\\\/#website\"},\"primaryImageOfPage\":{\"@id\":\"https:\\\/\\\/boutique-one-piece.com\\\/vetements-one-piece\\\/bomber-one-piece\\\/bomber-one-piece-trafalgar-law\\\/#primaryimage\"},\"image\":{\"@id\":\"https:\\\/\\\/boutique-one-piece.com\\\/vetements-one-piece\\\/bomber-one-piece\\\/bomber-one-piece-trafalgar-law\\\/#primaryimage\"},\"thumbnailUrl\":\"https:\\\/\\\/boutique-one-piece.com\\\/wp-content\\\/uploads\\\/2022\\\/09\\\/Bomber-One-Piece-Trafalgar-Law.jpg\",\"datePublished\":\"2022-09-27T22:01:49+00:00\",\"dateModified\":\"2024-12-13T07:52:23+00:00\",\"description\":\"Veste Bomber Noir One Piece avec Trafalgar D. Water Law de Tr\u00e8s Haute Qualit\u00e9 Rejoins l'\u00c9quipage du Heart de Deviens un Pirate de Law, de la g\u00e9n\u00e9ration t\u00e9rrible\",\"breadcrumb\":{\"@id\":\"https:\\\/\\\/boutique-one-piece.com\\\/vetements-one-piece\\\/bomber-one-piece\\\/bomber-one-piece-trafalgar-law\\\/#breadcrumb\"},\"inLanguage\":\"es\",\"potentialAction\":[{\"@type\":\"ReadAction\",\"target\":[\"https:\\\/\\\/boutique-one-piece.com\\\/vetements-one-piece\\\/bomber-one-piece\\\/bomber-one-piece-trafalgar-law\\\/\"]}]},{\"@type\":\"ImageObject\",\"inLanguage\":\"es\",\"@id\":\"https:\\\/\\\/boutique-one-piece.com\\\/vetements-one-piece\\\/bomber-one-piece\\\/bomber-one-piece-trafalgar-law\\\/#primaryimage\",\"url\":\"https:\\\/\\\/boutique-one-piece.com\\\/wp-content\\\/uploads\\\/2022\\\/09\\\/Bomber-One-Piece-Trafalgar-Law.jpg\",\"contentUrl\":\"https:\\\/\\\/boutique-one-piece.com\\\/wp-content\\\/uploads\\\/2022\\\/09\\\/Bomber-One-Piece-Trafalgar-Law.jpg\",\"width\":600,\"height\":600,\"caption\":\"Bomber One Piece Trafalgar Law 4xl\"},{\"@type\":\"BreadcrumbList\",\"@id\":\"https:\\\/\\\/boutique-one-piece.com\\\/vetements-one-piece\\\/bomber-one-piece\\\/bomber-one-piece-trafalgar-law\\\/#breadcrumb\",\"itemListElement\":[{\"@type\":\"ListItem\",\"position\":1,\"name\":\"Home\",\"item\":\"https:\\\/\\\/boutique-one-piece.com\\\/\"},{\"@type\":\"ListItem\",\"position\":2,\"name\":\"Shop\",\"item\":\"https:\\\/\\\/boutique-one-piece.com\\\/shop\\\/\"},{\"@type\":\"ListItem\",\"position\":3,\"name\":\"Bomber One Piece Trafalgar Law\"}]},{\"@type\":\"WebSite\",\"@id\":\"https:\\\/\\\/boutique-one-piece.com\\\/#website\",\"url\":\"https:\\\/\\\/boutique-one-piece.com\\\/\",\"name\":\"Boutique One Piece\",\"description\":\"Magasin Sp\u00e9cialis\u00e9 du Manga et l&#039;Anime One Piece\",\"publisher\":{\"@id\":\"https:\\\/\\\/boutique-one-piece.com\\\/#organization\"},\"potentialAction\":[{\"@type\":\"SearchAction\",\"target\":{\"@type\":\"EntryPoint\",\"urlTemplate\":\"https:\\\/\\\/boutique-one-piece.com\\\/?s={search_term_string}\"},\"query-input\":{\"@type\":\"PropertyValueSpecification\",\"valueRequired\":true,\"valueName\":\"search_term_string\"}}],\"inLanguage\":\"es\"},{\"@type\":\"Organization\",\"@id\":\"https:\\\/\\\/boutique-one-piece.com\\\/#organization\",\"name\":\"Boutique One Piece\",\"url\":\"https:\\\/\\\/boutique-one-piece.com\\\/\",\"logo\":{\"@type\":\"ImageObject\",\"inLanguage\":\"es\",\"@id\":\"https:\\\/\\\/boutique-one-piece.com\\\/#\\\/schema\\\/logo\\\/image\\\/\",\"url\":\"https:\\\/\\\/boutique-one-piece.com\\\/wp-content\\\/uploads\\\/2022\\\/09\\\/Logo-01.png\",\"contentUrl\":\"https:\\\/\\\/boutique-one-piece.com\\\/wp-content\\\/uploads\\\/2022\\\/09\\\/Logo-01.png\",\"width\":2318,\"height\":957,\"caption\":\"Boutique One Piece\"},\"image\":{\"@id\":\"https:\\\/\\\/boutique-one-piece.com\\\/#\\\/schema\\\/logo\\\/image\\\/\"}}]}<\/script>\n<!-- \/ Yoast SEO plugin. -->","yoast_head_json":{"title":"Chaqueta bomber Trafalgar Law de One Piece | Tienda One Piece","description":"Chaqueta bomber negra de One Piece con Trafalgar D. Water Law - Muy alta calidad. \u00danete a los Piratas del Coraz\u00f3n y convi\u00e9rtete en un pirata de Law, de la peor generaci\u00f3n.","robots":{"index":"index","follow":"follow","max-snippet":"max-snippet:-1","max-image-preview":"max-image-preview:large","max-video-preview":"max-video-preview:-1"},"canonical":"https:\/\/boutique-one-piece.com\/es\/ropa-de-una-pieza\/bombardero-de-una-pieza\/bombardero-de-una-pieza-trafalgar-law\/","og_locale":"es_ES","og_type":"article","og_title":"Bomber One Piece Trafalgar Law | Boutique One Piece","og_description":"Veste Bomber Noir One Piece avec Trafalgar D. Water Law de Tr\u00e8s Haute Qualit\u00e9 Rejoins l'\u00c9quipage du Heart de Deviens un Pirate de Law, de la g\u00e9n\u00e9ration t\u00e9rrible","og_url":"https:\/\/boutique-one-piece.com\/es\/ropa-de-una-pieza\/bombardero-de-una-pieza\/bombardero-de-una-pieza-trafalgar-law\/","og_site_name":"Boutique One Piece","article_modified_time":"2024-12-13T07:52:23+00:00","og_image":[{"width":600,"height":600,"url":"https:\/\/boutique-one-piece.com\/wp-content\/uploads\/2022\/09\/Bomber-One-Piece-Trafalgar-Law.jpg","type":"image\/jpeg"}],"twitter_card":"summary_large_image","twitter_misc":{"Tiempo de lectura":"2 minutos"},"schema":{"@context":"https:\/\/schema.org","@graph":[{"@type":"WebPage","@id":"https:\/\/boutique-one-piece.com\/vetements-one-piece\/bomber-one-piece\/bomber-one-piece-trafalgar-law\/","url":"https:\/\/boutique-one-piece.com\/vetements-one-piece\/bomber-one-piece\/bomber-one-piece-trafalgar-law\/","name":"Chaqueta bomber Trafalgar Law de One Piece | Tienda One Piece","isPartOf":{"@id":"https:\/\/boutique-one-piece.com\/#website"},"primaryImageOfPage":{"@id":"https:\/\/boutique-one-piece.com\/vetements-one-piece\/bomber-one-piece\/bomber-one-piece-trafalgar-law\/#primaryimage"},"image":{"@id":"https:\/\/boutique-one-piece.com\/vetements-one-piece\/bomber-one-piece\/bomber-one-piece-trafalgar-law\/#primaryimage"},"thumbnailUrl":"https:\/\/boutique-one-piece.com\/wp-content\/uploads\/2022\/09\/Bomber-One-Piece-Trafalgar-Law.jpg","datePublished":"2022-09-27T22:01:49+00:00","dateModified":"2024-12-13T07:52:23+00:00","description":"Chaqueta bomber negra de One Piece con Trafalgar D. Water Law - Muy alta calidad. \u00danete a los Piratas del Coraz\u00f3n y convi\u00e9rtete en un pirata de Law, de la peor generaci\u00f3n.","breadcrumb":{"@id":"https:\/\/boutique-one-piece.com\/vetements-one-piece\/bomber-one-piece\/bomber-one-piece-trafalgar-law\/#breadcrumb"},"inLanguage":"es","potentialAction":[{"@type":"ReadAction","target":["https:\/\/boutique-one-piece.com\/vetements-one-piece\/bomber-one-piece\/bomber-one-piece-trafalgar-law\/"]}]},{"@type":"ImageObject","inLanguage":"es","@id":"https:\/\/boutique-one-piece.com\/vetements-one-piece\/bomber-one-piece\/bomber-one-piece-trafalgar-law\/#primaryimage","url":"https:\/\/boutique-one-piece.com\/wp-content\/uploads\/2022\/09\/Bomber-One-Piece-Trafalgar-Law.jpg","contentUrl":"https:\/\/boutique-one-piece.com\/wp-content\/uploads\/2022\/09\/Bomber-One-Piece-Trafalgar-Law.jpg","width":600,"height":600,"caption":"Bomber One Piece Trafalgar Law 4xl"},{"@type":"BreadcrumbList","@id":"https:\/\/boutique-one-piece.com\/vetements-one-piece\/bomber-one-piece\/bomber-one-piece-trafalgar-law\/#breadcrumb","itemListElement":[{"@type":"ListItem","position":1,"name":"Home","item":"https:\/\/boutique-one-piece.com\/"},{"@type":"ListItem","position":2,"name":"Shop","item":"https:\/\/boutique-one-piece.com\/shop\/"},{"@type":"ListItem","position":3,"name":"Bomber One Piece Trafalgar Law"}]},{"@type":"WebSite","@id":"https:\/\/boutique-one-piece.com\/#website","url":"https:\/\/boutique-one-piece.com\/","name":"Tienda de One Piece","description":"Tienda especializada en manga y anime de One Piece","publisher":{"@id":"https:\/\/boutique-one-piece.com\/#organization"},"potentialAction":[{"@type":"SearchAction","target":{"@type":"EntryPoint","urlTemplate":"https:\/\/boutique-one-piece.com\/?s={search_term_string}"},"query-input":{"@type":"PropertyValueSpecification","valueRequired":true,"valueName":"search_term_string"}}],"inLanguage":"es"},{"@type":"Organization","@id":"https:\/\/boutique-one-piece.com\/#organization","name":"Tienda de One Piece","url":"https:\/\/boutique-one-piece.com\/","logo":{"@type":"ImageObject","inLanguage":"es","@id":"https:\/\/boutique-one-piece.com\/#\/schema\/logo\/image\/","url":"https:\/\/boutique-one-piece.com\/wp-content\/uploads\/2022\/09\/Logo-01.png","contentUrl":"https:\/\/boutique-one-piece.com\/wp-content\/uploads\/2022\/09\/Logo-01.png","width":2318,"height":957,"caption":"Boutique One Piece"},"image":{"@id":"https:\/\/boutique-one-piece.com\/#\/schema\/logo\/image\/"}}]}},"_links":{"self":[{"href":"https:\/\/boutique-one-piece.com\/es\/wp-json\/wp\/v2\/product\/17467","targetHints":{"allow":["GET"]}}],"collection":[{"href":"https:\/\/boutique-one-piece.com\/es\/wp-json\/wp\/v2\/product"}],"about":[{"href":"https:\/\/boutique-one-piece.com\/es\/wp-json\/wp\/v2\/types\/product"}],"replies":[{"embeddable":true,"href":"https:\/\/boutique-one-piece.com\/es\/wp-json\/wp\/v2\/comments?post=17467"}],"wp:featuredmedia":[{"embeddable":true,"href":"https:\/\/boutique-one-piece.com\/es\/wp-json\/wp\/v2\/media\/17469"}],"wp:attachment":[{"href":"https:\/\/boutique-one-piece.com\/es\/wp-json\/wp\/v2\/media?parent=17467"}],"wp:term":[{"taxonomy":"product_brand","embeddable":true,"href":"https:\/\/boutique-one-piece.com\/es\/wp-json\/wp\/v2\/product_brand?post=17467"},{"taxonomy":"product_cat","embeddable":true,"href":"https:\/\/boutique-one-piece.com\/es\/wp-json\/wp\/v2\/product_cat?post=17467"},{"taxonomy":"product_tag","embeddable":true,"href":"https:\/\/boutique-one-piece.com\/es\/wp-json\/wp\/v2\/product_tag?post=17467"}],"curies":[{"name":"wp","href":"https:\/\/api.w.org\/{rel}","templated":true}]}}