{"id":17699,"date":"2022-09-27T22:03:30","date_gmt":"2022-09-27T22:03:30","guid":{"rendered":"https:\/\/boutique-one-piece.com\/uncategorized\/sweat-one-piece-dark-zoro\/"},"modified":"2025-02-26T07:17:33","modified_gmt":"2025-02-26T07:17:33","slug":"sudadera-de-one-piece-dark-zoro","status":"publish","type":"product","link":"https:\/\/boutique-one-piece.com\/es\/ropa-de-una-pieza\/sudaderas-de-una-pieza\/sudadera-de-one-piece-dark-zoro\/","title":{"rendered":"Sudadera de One Piece Dark Zoro"},"content":{"rendered":"<h2 >Informaci\u00f3n de la sudadera:\u00a0<\/h2>\n<ul >\n<li >\n<strong >Sudadera de una pieza de calidad premium\u00a0<\/strong>:tiene un<span >\u00a0<\/span><strong >alto gramaje<\/strong><span >\u00a0<\/span>con materiales de calidad<\/li>\n<\/ul>\n<ul >\n<li >\n<strong >Gran flexibilidad\u00a0<\/strong>:gracias a su composici\u00f3n, no<span >\u00a0<\/span><strong >estropeado<\/strong><span >\u00a0<\/span>no<\/li>\n<\/ul>\n<ul >\n<li >\n<strong >Muy c\u00f3modo\u00a0<\/strong>: con<span >\u00a0<\/span>su<span >\u00a0<\/span><strong >fibras<\/strong><span >\u00a0<\/span>de<span >\u00a0<\/span><strong >algod\u00f3n<\/strong><span >\u00a0<\/span>excelente<span >\u00a0<\/span><strong >suave<\/strong>, no hay<span >\u00a0<\/span><strong >fricci\u00f3n<\/strong>\n<\/li>\n<\/ul>\n<ul >\n<li >Impresi\u00f3n digital 3D, dise\u00f1o original<\/li>\n<\/ul>\n<ul >\n<li >\n<strong >Algod\u00f3n org\u00e1nico\u00a0<\/strong>algod\u00f3n<span >\u00a0<\/span><strong >alta calidad<\/strong>\u00a0con<span >\u00a0<\/span><strong >fibras<\/strong><span >\u00a0<\/span>extra<span >\u00a0<\/span><strong >largo<\/strong>\n<\/li>\n<\/ul>\n<ul >\n<li >\n<strong >Entrega gratuita\u00a0<\/strong>para cualquier compra<strong >\u00a0<\/strong>\n<\/li>\n<\/ul>","protected":false},"excerpt":{"rendered":"<p>Informaci\u00f3n de la sudadera: Sudadera premium de una pieza: Tejido de alta calidad con alto gramaje y materiales premium. Altamente flexible: Gracias a su composici\u00f3n, no se arruga. Muy c\u00f3moda: Gracias a sus fibras de algod\u00f3n supersuaves, no produce rozaduras. Impresi\u00f3n digital 3D, dise\u00f1o original. Algod\u00f3n org\u00e1nico: Algod\u00f3n de alta calidad con fibras extralargas. Env\u00edo gratuito en todas las compras.\u00a0<\/p>","protected":false},"featured_media":18164,"comment_status":"open","ping_status":"open","template":"","meta":[],"product_brand":[],"product_cat":[149],"product_tag":[],"class_list":{"0":"post-17699","1":"product","2":"type-product","3":"status-publish","4":"has-post-thumbnail","6":"product_cat-sweats-one-piece","8":"first","9":"instock","10":"purchasable","11":"product-type-variable","12":"has-default-attributes"},"yoast_head":"<!-- This site is optimized with the Yoast SEO plugin v27.5 - https:\/\/yoast.com\/product\/yoast-seo-wordpress\/ -->\n<title>Sweat One Piece Dark Zoro | Boutique One Piece<\/title>\n<meta name=\"description\" content=\"Informations sur le Sweat :\u00a0 Sweat\u00a0One Piece\u00a0de qualit\u00e9 sup\u00e9rieur\u00a0:\u00a0poss\u00e8de un\u00a0grammage \u00e9lev\u00e9\u00a0avec des mat\u00e9riaux de qualit\u00e9s Grande souplesse\u00a0: gr\u00e2ce \u00e0 sa composition, il ne se\u00a0froisse\u00a0pas Tr\u00e8s confortable\u00a0: avec\u00a0ses\u00a0fibres\u00a0de\u00a0coton\u00a0super\u00a0doux, il n&#039;y a pas\u00a0de\u00a0frottements Impression digitale 3D, design original Coton\u00a0o\" \/>\n<meta name=\"robots\" content=\"index, follow, max-snippet:-1, max-image-preview:large, max-video-preview:-1\" \/>\n<link rel=\"canonical\" href=\"https:\/\/boutique-one-piece.com\/es\/ropa-de-una-pieza\/sudaderas-de-una-pieza\/sudadera-de-one-piece-dark-zoro\/\" \/>\n<meta property=\"og:locale\" content=\"es_ES\" \/>\n<meta property=\"og:type\" content=\"article\" \/>\n<meta property=\"og:title\" content=\"Sweat One Piece Dark Zoro | Boutique One Piece\" \/>\n<meta property=\"og:description\" content=\"Informations sur le Sweat :\u00a0 Sweat\u00a0One Piece\u00a0de qualit\u00e9 sup\u00e9rieur\u00a0:\u00a0poss\u00e8de un\u00a0grammage \u00e9lev\u00e9\u00a0avec des mat\u00e9riaux de qualit\u00e9s Grande souplesse\u00a0: gr\u00e2ce \u00e0 sa composition, il ne se\u00a0froisse\u00a0pas Tr\u00e8s confortable\u00a0: avec\u00a0ses\u00a0fibres\u00a0de\u00a0coton\u00a0super\u00a0doux, il n&#039;y a pas\u00a0de\u00a0frottements Impression digitale 3D, design original Coton\u00a0o\" \/>\n<meta property=\"og:url\" content=\"https:\/\/boutique-one-piece.com\/es\/ropa-de-una-pieza\/sudaderas-de-una-pieza\/sudadera-de-one-piece-dark-zoro\/\" \/>\n<meta property=\"og:site_name\" content=\"Boutique One Piece\" \/>\n<meta property=\"article:modified_time\" content=\"2025-02-26T07:17:33+00:00\" \/>\n<meta property=\"og:image\" content=\"https:\/\/boutique-one-piece.com\/wp-content\/uploads\/2022\/09\/sweat-one-piece-dark-zoro-28464413507620.jpg\" \/>\n\t<meta property=\"og:image:width\" content=\"800\" \/>\n\t<meta property=\"og:image:height\" content=\"800\" \/>\n\t<meta property=\"og:image:type\" content=\"image\/jpeg\" \/>\n<meta name=\"twitter:card\" content=\"summary_large_image\" \/>\n<meta name=\"twitter:label1\" content=\"Tiempo de lectura\" \/>\n\t<meta name=\"twitter:data1\" content=\"1 minuto\" \/>\n<script type=\"application\/ld+json\" class=\"yoast-schema-graph\">{\"@context\":\"https:\\\/\\\/schema.org\",\"@graph\":[{\"@type\":\"WebPage\",\"@id\":\"https:\\\/\\\/boutique-one-piece.com\\\/vetements-one-piece\\\/sweats-one-piece\\\/sweat-one-piece-dark-zoro\\\/\",\"url\":\"https:\\\/\\\/boutique-one-piece.com\\\/vetements-one-piece\\\/sweats-one-piece\\\/sweat-one-piece-dark-zoro\\\/\",\"name\":\"Sweat One Piece Dark Zoro | Boutique One Piece\",\"isPartOf\":{\"@id\":\"https:\\\/\\\/boutique-one-piece.com\\\/#website\"},\"primaryImageOfPage\":{\"@id\":\"https:\\\/\\\/boutique-one-piece.com\\\/vetements-one-piece\\\/sweats-one-piece\\\/sweat-one-piece-dark-zoro\\\/#primaryimage\"},\"image\":{\"@id\":\"https:\\\/\\\/boutique-one-piece.com\\\/vetements-one-piece\\\/sweats-one-piece\\\/sweat-one-piece-dark-zoro\\\/#primaryimage\"},\"thumbnailUrl\":\"https:\\\/\\\/boutique-one-piece.com\\\/wp-content\\\/uploads\\\/2022\\\/09\\\/sweat-one-piece-dark-zoro-28464413507620.jpg\",\"datePublished\":\"2022-09-27T22:03:30+00:00\",\"dateModified\":\"2025-02-26T07:17:33+00:00\",\"description\":\"Informations sur le Sweat :\u00a0 Sweat\u00a0One Piece\u00a0de qualit\u00e9 sup\u00e9rieur\u00a0:\u00a0poss\u00e8de un\u00a0grammage \u00e9lev\u00e9\u00a0avec des mat\u00e9riaux de qualit\u00e9s Grande souplesse\u00a0: gr\u00e2ce \u00e0 sa composition, il ne se\u00a0froisse\u00a0pas Tr\u00e8s confortable\u00a0: avec\u00a0ses\u00a0fibres\u00a0de\u00a0coton\u00a0super\u00a0doux, il n'y a pas\u00a0de\u00a0frottements Impression digitale 3D, design original Coton\u00a0o\",\"breadcrumb\":{\"@id\":\"https:\\\/\\\/boutique-one-piece.com\\\/vetements-one-piece\\\/sweats-one-piece\\\/sweat-one-piece-dark-zoro\\\/#breadcrumb\"},\"inLanguage\":\"es\",\"potentialAction\":[{\"@type\":\"ReadAction\",\"target\":[\"https:\\\/\\\/boutique-one-piece.com\\\/vetements-one-piece\\\/sweats-one-piece\\\/sweat-one-piece-dark-zoro\\\/\"]}]},{\"@type\":\"ImageObject\",\"inLanguage\":\"es\",\"@id\":\"https:\\\/\\\/boutique-one-piece.com\\\/vetements-one-piece\\\/sweats-one-piece\\\/sweat-one-piece-dark-zoro\\\/#primaryimage\",\"url\":\"https:\\\/\\\/boutique-one-piece.com\\\/wp-content\\\/uploads\\\/2022\\\/09\\\/sweat-one-piece-dark-zoro-28464413507620.jpg\",\"contentUrl\":\"https:\\\/\\\/boutique-one-piece.com\\\/wp-content\\\/uploads\\\/2022\\\/09\\\/sweat-one-piece-dark-zoro-28464413507620.jpg\",\"width\":800,\"height\":800},{\"@type\":\"BreadcrumbList\",\"@id\":\"https:\\\/\\\/boutique-one-piece.com\\\/vetements-one-piece\\\/sweats-one-piece\\\/sweat-one-piece-dark-zoro\\\/#breadcrumb\",\"itemListElement\":[{\"@type\":\"ListItem\",\"position\":1,\"name\":\"Home\",\"item\":\"https:\\\/\\\/boutique-one-piece.com\\\/\"},{\"@type\":\"ListItem\",\"position\":2,\"name\":\"Shop\",\"item\":\"https:\\\/\\\/boutique-one-piece.com\\\/shop\\\/\"},{\"@type\":\"ListItem\",\"position\":3,\"name\":\"Sweat One Piece Dark Zoro\"}]},{\"@type\":\"WebSite\",\"@id\":\"https:\\\/\\\/boutique-one-piece.com\\\/#website\",\"url\":\"https:\\\/\\\/boutique-one-piece.com\\\/\",\"name\":\"Boutique One Piece\",\"description\":\"Magasin Sp\u00e9cialis\u00e9 du Manga et l&#039;Anime One Piece\",\"publisher\":{\"@id\":\"https:\\\/\\\/boutique-one-piece.com\\\/#organization\"},\"potentialAction\":[{\"@type\":\"SearchAction\",\"target\":{\"@type\":\"EntryPoint\",\"urlTemplate\":\"https:\\\/\\\/boutique-one-piece.com\\\/?s={search_term_string}\"},\"query-input\":{\"@type\":\"PropertyValueSpecification\",\"valueRequired\":true,\"valueName\":\"search_term_string\"}}],\"inLanguage\":\"es\"},{\"@type\":\"Organization\",\"@id\":\"https:\\\/\\\/boutique-one-piece.com\\\/#organization\",\"name\":\"Boutique One Piece\",\"url\":\"https:\\\/\\\/boutique-one-piece.com\\\/\",\"logo\":{\"@type\":\"ImageObject\",\"inLanguage\":\"es\",\"@id\":\"https:\\\/\\\/boutique-one-piece.com\\\/#\\\/schema\\\/logo\\\/image\\\/\",\"url\":\"https:\\\/\\\/boutique-one-piece.com\\\/wp-content\\\/uploads\\\/2022\\\/09\\\/Logo-01.png\",\"contentUrl\":\"https:\\\/\\\/boutique-one-piece.com\\\/wp-content\\\/uploads\\\/2022\\\/09\\\/Logo-01.png\",\"width\":2318,\"height\":957,\"caption\":\"Boutique One Piece\"},\"image\":{\"@id\":\"https:\\\/\\\/boutique-one-piece.com\\\/#\\\/schema\\\/logo\\\/image\\\/\"}}]}<\/script>\n<!-- \/ Yoast SEO plugin. -->","yoast_head_json":{"title":"Sudadera de Zoro Oscuro de One Piece | Tienda One Piece","description":"Informaci\u00f3n de la sudadera: Sudadera premium de una pieza: Tejido de alta calidad con alto gramaje y materiales de primera calidad. Muy flexible: Gracias a su composici\u00f3n, no se arruga. Muy c\u00f3moda: Gracias a sus fibras de algod\u00f3n supersuaves, no produce rozaduras. Impresi\u00f3n digital 3D, dise\u00f1o original. Algod\u00f3n.","robots":{"index":"index","follow":"follow","max-snippet":"max-snippet:-1","max-image-preview":"max-image-preview:large","max-video-preview":"max-video-preview:-1"},"canonical":"https:\/\/boutique-one-piece.com\/es\/ropa-de-una-pieza\/sudaderas-de-una-pieza\/sudadera-de-one-piece-dark-zoro\/","og_locale":"es_ES","og_type":"article","og_title":"Sweat One Piece Dark Zoro | Boutique One Piece","og_description":"Informations sur le Sweat :\u00a0 Sweat\u00a0One Piece\u00a0de qualit\u00e9 sup\u00e9rieur\u00a0:\u00a0poss\u00e8de un\u00a0grammage \u00e9lev\u00e9\u00a0avec des mat\u00e9riaux de qualit\u00e9s Grande souplesse\u00a0: gr\u00e2ce \u00e0 sa composition, il ne se\u00a0froisse\u00a0pas Tr\u00e8s confortable\u00a0: avec\u00a0ses\u00a0fibres\u00a0de\u00a0coton\u00a0super\u00a0doux, il n'y a pas\u00a0de\u00a0frottements Impression digitale 3D, design original Coton\u00a0o","og_url":"https:\/\/boutique-one-piece.com\/es\/ropa-de-una-pieza\/sudaderas-de-una-pieza\/sudadera-de-one-piece-dark-zoro\/","og_site_name":"Boutique One Piece","article_modified_time":"2025-02-26T07:17:33+00:00","og_image":[{"width":800,"height":800,"url":"https:\/\/boutique-one-piece.com\/wp-content\/uploads\/2022\/09\/sweat-one-piece-dark-zoro-28464413507620.jpg","type":"image\/jpeg"}],"twitter_card":"summary_large_image","twitter_misc":{"Tiempo de lectura":"1 minuto"},"schema":{"@context":"https:\/\/schema.org","@graph":[{"@type":"WebPage","@id":"https:\/\/boutique-one-piece.com\/vetements-one-piece\/sweats-one-piece\/sweat-one-piece-dark-zoro\/","url":"https:\/\/boutique-one-piece.com\/vetements-one-piece\/sweats-one-piece\/sweat-one-piece-dark-zoro\/","name":"Sudadera de Zoro Oscuro de One Piece | Tienda One Piece","isPartOf":{"@id":"https:\/\/boutique-one-piece.com\/#website"},"primaryImageOfPage":{"@id":"https:\/\/boutique-one-piece.com\/vetements-one-piece\/sweats-one-piece\/sweat-one-piece-dark-zoro\/#primaryimage"},"image":{"@id":"https:\/\/boutique-one-piece.com\/vetements-one-piece\/sweats-one-piece\/sweat-one-piece-dark-zoro\/#primaryimage"},"thumbnailUrl":"https:\/\/boutique-one-piece.com\/wp-content\/uploads\/2022\/09\/sweat-one-piece-dark-zoro-28464413507620.jpg","datePublished":"2022-09-27T22:03:30+00:00","dateModified":"2025-02-26T07:17:33+00:00","description":"Informaci\u00f3n de la sudadera: Sudadera premium de una pieza: Tejido de alta calidad con alto gramaje y materiales de primera calidad. Muy flexible: Gracias a su composici\u00f3n, no se arruga. Muy c\u00f3moda: Gracias a sus fibras de algod\u00f3n supersuaves, no produce rozaduras. Impresi\u00f3n digital 3D, dise\u00f1o original. Algod\u00f3n.","breadcrumb":{"@id":"https:\/\/boutique-one-piece.com\/vetements-one-piece\/sweats-one-piece\/sweat-one-piece-dark-zoro\/#breadcrumb"},"inLanguage":"es","potentialAction":[{"@type":"ReadAction","target":["https:\/\/boutique-one-piece.com\/vetements-one-piece\/sweats-one-piece\/sweat-one-piece-dark-zoro\/"]}]},{"@type":"ImageObject","inLanguage":"es","@id":"https:\/\/boutique-one-piece.com\/vetements-one-piece\/sweats-one-piece\/sweat-one-piece-dark-zoro\/#primaryimage","url":"https:\/\/boutique-one-piece.com\/wp-content\/uploads\/2022\/09\/sweat-one-piece-dark-zoro-28464413507620.jpg","contentUrl":"https:\/\/boutique-one-piece.com\/wp-content\/uploads\/2022\/09\/sweat-one-piece-dark-zoro-28464413507620.jpg","width":800,"height":800},{"@type":"BreadcrumbList","@id":"https:\/\/boutique-one-piece.com\/vetements-one-piece\/sweats-one-piece\/sweat-one-piece-dark-zoro\/#breadcrumb","itemListElement":[{"@type":"ListItem","position":1,"name":"Home","item":"https:\/\/boutique-one-piece.com\/"},{"@type":"ListItem","position":2,"name":"Shop","item":"https:\/\/boutique-one-piece.com\/shop\/"},{"@type":"ListItem","position":3,"name":"Sweat One Piece Dark Zoro"}]},{"@type":"WebSite","@id":"https:\/\/boutique-one-piece.com\/#website","url":"https:\/\/boutique-one-piece.com\/","name":"Tienda de One Piece","description":"Tienda especializada en manga y anime de One Piece","publisher":{"@id":"https:\/\/boutique-one-piece.com\/#organization"},"potentialAction":[{"@type":"SearchAction","target":{"@type":"EntryPoint","urlTemplate":"https:\/\/boutique-one-piece.com\/?s={search_term_string}"},"query-input":{"@type":"PropertyValueSpecification","valueRequired":true,"valueName":"search_term_string"}}],"inLanguage":"es"},{"@type":"Organization","@id":"https:\/\/boutique-one-piece.com\/#organization","name":"Tienda de One Piece","url":"https:\/\/boutique-one-piece.com\/","logo":{"@type":"ImageObject","inLanguage":"es","@id":"https:\/\/boutique-one-piece.com\/#\/schema\/logo\/image\/","url":"https:\/\/boutique-one-piece.com\/wp-content\/uploads\/2022\/09\/Logo-01.png","contentUrl":"https:\/\/boutique-one-piece.com\/wp-content\/uploads\/2022\/09\/Logo-01.png","width":2318,"height":957,"caption":"Boutique One Piece"},"image":{"@id":"https:\/\/boutique-one-piece.com\/#\/schema\/logo\/image\/"}}]}},"_links":{"self":[{"href":"https:\/\/boutique-one-piece.com\/es\/wp-json\/wp\/v2\/product\/17699","targetHints":{"allow":["GET"]}}],"collection":[{"href":"https:\/\/boutique-one-piece.com\/es\/wp-json\/wp\/v2\/product"}],"about":[{"href":"https:\/\/boutique-one-piece.com\/es\/wp-json\/wp\/v2\/types\/product"}],"replies":[{"embeddable":true,"href":"https:\/\/boutique-one-piece.com\/es\/wp-json\/wp\/v2\/comments?post=17699"}],"wp:featuredmedia":[{"embeddable":true,"href":"https:\/\/boutique-one-piece.com\/es\/wp-json\/wp\/v2\/media\/18164"}],"wp:attachment":[{"href":"https:\/\/boutique-one-piece.com\/es\/wp-json\/wp\/v2\/media?parent=17699"}],"wp:term":[{"taxonomy":"product_brand","embeddable":true,"href":"https:\/\/boutique-one-piece.com\/es\/wp-json\/wp\/v2\/product_brand?post=17699"},{"taxonomy":"product_cat","embeddable":true,"href":"https:\/\/boutique-one-piece.com\/es\/wp-json\/wp\/v2\/product_cat?post=17699"},{"taxonomy":"product_tag","embeddable":true,"href":"https:\/\/boutique-one-piece.com\/es\/wp-json\/wp\/v2\/product_tag?post=17699"}],"curies":[{"name":"wp","href":"https:\/\/api.w.org\/{rel}","templated":true}]}}