{"id":17878,"date":"2022-09-27T22:04:39","date_gmt":"2022-09-27T22:04:39","guid":{"rendered":"https:\/\/boutique-one-piece.com\/uncategorized\/avis-de-recherche-kuma-wanted\/"},"modified":"2024-09-16T15:20:40","modified_gmt":"2024-09-16T15:20:40","slug":"cartel-de-se-busca-kuma","status":"publish","type":"product","link":"https:\/\/boutique-one-piece.com\/es\/cartel-de-busqueda-de-one-piece\/cartel-de-se-busca-kuma\/","title":{"rendered":"Aviso de b\u00fasqueda de Kuma"},"content":{"rendered":"<h2>Dale a la decoraci\u00f3n de tu habitaci\u00f3n un aspecto nuevo y fresco con este p\u00f3ster Kuma Wanted.<\/h2>\n<p>Profite de cette affiche \u00e0 propos de la prime attribu\u00e9e pour la capture ou la mort de Kuma pour donner un nouvel \u00e9lan \u00e0 la d\u00e9coration de ta chambre ou de ton bureau. Kuma est un personnage qui a surtout marqu\u00e9 la premi\u00e8re partie de One Piece, puisqu\u2019il est un <strong>Shichibukai<\/strong>, un statut sp\u00e9cial car cela signifie qu\u2019il est un pirate qui a des devoirs envers la Marine et le Gouvernement Mondial.<\/p>\n<p>Kuma fait plusieurs apparitions marquantes durant l\u2019aventure de Luffy, notamment \u00e0 <strong>Sabaody<\/strong>, o\u00f9 il vainc ais\u00e9ment tous les Mugiwaras. C\u2019est un personnage dont uil est difficile de connaitre les motivations, puisqu\u2019il est un ancien r\u00e9volutionnaire qui a accept\u00e9 d\u2019\u00eatre transform\u00e9 en cyborg par le plus grand des scientifiques qui est \u00e0 l\u2019ordre de la Marine, Vegapunk, pour \u00eatre transform\u00e9 en une arme de guerre qui sera utilis\u00e9e contre les autres pirates.<\/p>\n<h3>Affiche fi\u00e8rement chez toi la belle prime de l\u2019ancien R\u00e9volutionnaire, Kuma.<\/h3>\n<p>En effet, la t\u00eate de Bartholemew Kuma vaut 296 millions de Berrys, ce qui fait une coquette somme dans l\u2019univers du manga One Piece. Le d\u00e9tenteur du <strong>Nikyu Nikyu<\/strong> No Mi es un personaje misterioso y muy poderoso cuyas verdaderas motivaciones todos querr\u00edan conocer.<\/p>\n<p>Si te gustan nuestros carteles, puede que te guste el cartel de Se busca de <a href=\"https:\/\/boutique-one-piece.com\/es\/cartel-de-busqueda-de-one-piece\/productos\/aviso-de-busqueda-one-piece-roronoa-zoro-se-busca\/\" target=\"_blank\" title=\"Se busca a Roronoa Zoro\" rel=\"noopener noreferrer\">Roronoa Zoro<\/a>.<\/p>\n<p>\u00a0<\/p>\n<h2>Informations sur l\u2019Affiche One Piece Wanted Bartholomew Kuma<\/h2>\n<ul>\n<li><span><b><u>P\u00f3ster de Se busca de One Piece<\/u><\/b>\u00a0: v\u00e9ritable Avis De Recherche de l\u2019univers One Piece pour les vrais pirates<\/span><\/li>\n<\/ul>\n<ul>\n<li>\n<b><u>La recompensa de Bartholomew Kuma<\/u><\/b>\u00a0296.000.000 bayas<\/li>\n<\/ul>\n<ul>\n<li><span><strong>Impresi\u00f3n de alta calidad<\/strong>\u00a0colores precisos<\/span><\/li>\n<\/ul>\n<ul>\n<li>\n<strong>Dimensi\u00f3n<\/strong>\u00a0:51 cm x 36 cm<\/li>\n<\/ul>\n<ul>\n<li><span><strong>ENTREGA GRATUITA<\/strong><\/span><\/li>\n<\/ul>","protected":false},"excerpt":{"rendered":"<p>Dale un aire nuevo a tu habitaci\u00f3n con este p\u00f3ster de &quot;Kuma Wanted&quot;. Usa este p\u00f3ster que anuncia la recompensa por la captura o muerte de Kuma para darle un toque nuevo a la decoraci\u00f3n de tu dormitorio u oficina. Kuma es un personaje [\u2026]<\/p>","protected":false},"featured_media":17880,"comment_status":"open","ping_status":"open","template":"","meta":[],"product_brand":[],"product_cat":[171],"product_tag":[],"class_list":{"0":"post-17878","1":"product","2":"type-product","3":"status-publish","4":"has-post-thumbnail","6":"product_cat-avis-de-recherche-one-piece","8":"first","9":"instock","10":"purchasable","11":"product-type-simple"},"yoast_head":"<!-- This site is optimized with the Yoast SEO plugin v27.5 - https:\/\/yoast.com\/product\/yoast-seo-wordpress\/ -->\n<title>Avis De Recherche Kuma Wanted | D\u00e9coration One Piece \u2013 Boutique One Piece<\/title>\n<meta name=\"description\" content=\"Donne un nouveau souffle \u00e0 la d\u00e9coration de ta pi\u00e8ce gr\u00e2ce \u00e0 cet Avis de Recherche Kuma Wanted. Profite de cette affiche \u00e0 propos de la prime attribu\u00e9e pour la capture ou la mort de Kuma pour donner un nouvel \u00e9lan \u00e0 la d\u00e9coration de ta chambre ou de ton bureau. Kuma est un personnage qui a surtout marqu\u00e9 la premi\u00e8re pa\" \/>\n<meta name=\"robots\" content=\"index, follow, max-snippet:-1, max-image-preview:large, max-video-preview:-1\" \/>\n<link rel=\"canonical\" href=\"https:\/\/boutique-one-piece.com\/es\/cartel-de-busqueda-de-one-piece\/cartel-de-se-busca-kuma\/\" \/>\n<meta property=\"og:locale\" content=\"es_ES\" \/>\n<meta property=\"og:type\" content=\"article\" \/>\n<meta property=\"og:title\" content=\"Avis De Recherche Kuma Wanted | D\u00e9coration One Piece \u2013 Boutique One Piece\" \/>\n<meta property=\"og:description\" content=\"Donne un nouveau souffle \u00e0 la d\u00e9coration de ta pi\u00e8ce gr\u00e2ce \u00e0 cet Avis de Recherche Kuma Wanted. Profite de cette affiche \u00e0 propos de la prime attribu\u00e9e pour la capture ou la mort de Kuma pour donner un nouvel \u00e9lan \u00e0 la d\u00e9coration de ta chambre ou de ton bureau. Kuma est un personnage qui a surtout marqu\u00e9 la premi\u00e8re pa\" \/>\n<meta property=\"og:url\" content=\"https:\/\/boutique-one-piece.com\/es\/cartel-de-busqueda-de-one-piece\/cartel-de-se-busca-kuma\/\" \/>\n<meta property=\"og:site_name\" content=\"Boutique One Piece\" \/>\n<meta property=\"article:modified_time\" content=\"2024-09-16T15:20:40+00:00\" \/>\n<meta property=\"og:image\" content=\"https:\/\/boutique-one-piece.com\/wp-content\/uploads\/2022\/09\/Avis-De-Recherche-Kuma-Wanted-1.jpg\" \/>\n\t<meta property=\"og:image:width\" content=\"800\" \/>\n\t<meta property=\"og:image:height\" content=\"800\" \/>\n\t<meta property=\"og:image:type\" content=\"image\/jpeg\" \/>\n<meta name=\"twitter:card\" content=\"summary_large_image\" \/>\n<meta name=\"twitter:label1\" content=\"Tiempo de lectura\" \/>\n\t<meta name=\"twitter:data1\" content=\"1 minuto\" \/>\n<script type=\"application\/ld+json\" class=\"yoast-schema-graph\">{\"@context\":\"https:\\\/\\\/schema.org\",\"@graph\":[{\"@type\":\"WebPage\",\"@id\":\"https:\\\/\\\/boutique-one-piece.com\\\/avis-de-recherche-one-piece\\\/avis-de-recherche-kuma-wanted\\\/\",\"url\":\"https:\\\/\\\/boutique-one-piece.com\\\/avis-de-recherche-one-piece\\\/avis-de-recherche-kuma-wanted\\\/\",\"name\":\"Avis De Recherche Kuma Wanted | D\u00e9coration One Piece \u2013 Boutique One Piece\",\"isPartOf\":{\"@id\":\"https:\\\/\\\/boutique-one-piece.com\\\/#website\"},\"primaryImageOfPage\":{\"@id\":\"https:\\\/\\\/boutique-one-piece.com\\\/avis-de-recherche-one-piece\\\/avis-de-recherche-kuma-wanted\\\/#primaryimage\"},\"image\":{\"@id\":\"https:\\\/\\\/boutique-one-piece.com\\\/avis-de-recherche-one-piece\\\/avis-de-recherche-kuma-wanted\\\/#primaryimage\"},\"thumbnailUrl\":\"https:\\\/\\\/boutique-one-piece.com\\\/wp-content\\\/uploads\\\/2022\\\/09\\\/Avis-De-Recherche-Kuma-Wanted-1.jpg\",\"datePublished\":\"2022-09-27T22:04:39+00:00\",\"dateModified\":\"2024-09-16T15:20:40+00:00\",\"description\":\"Donne un nouveau souffle \u00e0 la d\u00e9coration de ta pi\u00e8ce gr\u00e2ce \u00e0 cet Avis de Recherche Kuma Wanted. Profite de cette affiche \u00e0 propos de la prime attribu\u00e9e pour la capture ou la mort de Kuma pour donner un nouvel \u00e9lan \u00e0 la d\u00e9coration de ta chambre ou de ton bureau. Kuma est un personnage qui a surtout marqu\u00e9 la premi\u00e8re pa\",\"breadcrumb\":{\"@id\":\"https:\\\/\\\/boutique-one-piece.com\\\/avis-de-recherche-one-piece\\\/avis-de-recherche-kuma-wanted\\\/#breadcrumb\"},\"inLanguage\":\"es\",\"potentialAction\":[{\"@type\":\"ReadAction\",\"target\":[\"https:\\\/\\\/boutique-one-piece.com\\\/avis-de-recherche-one-piece\\\/avis-de-recherche-kuma-wanted\\\/\"]}]},{\"@type\":\"ImageObject\",\"inLanguage\":\"es\",\"@id\":\"https:\\\/\\\/boutique-one-piece.com\\\/avis-de-recherche-one-piece\\\/avis-de-recherche-kuma-wanted\\\/#primaryimage\",\"url\":\"https:\\\/\\\/boutique-one-piece.com\\\/wp-content\\\/uploads\\\/2022\\\/09\\\/Avis-De-Recherche-Kuma-Wanted-1.jpg\",\"contentUrl\":\"https:\\\/\\\/boutique-one-piece.com\\\/wp-content\\\/uploads\\\/2022\\\/09\\\/Avis-De-Recherche-Kuma-Wanted-1.jpg\",\"width\":800,\"height\":800},{\"@type\":\"BreadcrumbList\",\"@id\":\"https:\\\/\\\/boutique-one-piece.com\\\/avis-de-recherche-one-piece\\\/avis-de-recherche-kuma-wanted\\\/#breadcrumb\",\"itemListElement\":[{\"@type\":\"ListItem\",\"position\":1,\"name\":\"Home\",\"item\":\"https:\\\/\\\/boutique-one-piece.com\\\/\"},{\"@type\":\"ListItem\",\"position\":2,\"name\":\"Shop\",\"item\":\"https:\\\/\\\/boutique-one-piece.com\\\/shop\\\/\"},{\"@type\":\"ListItem\",\"position\":3,\"name\":\"Avis De Recherche Kuma Wanted\"}]},{\"@type\":\"WebSite\",\"@id\":\"https:\\\/\\\/boutique-one-piece.com\\\/#website\",\"url\":\"https:\\\/\\\/boutique-one-piece.com\\\/\",\"name\":\"Boutique One Piece\",\"description\":\"Magasin Sp\u00e9cialis\u00e9 du Manga et l&#039;Anime One Piece\",\"publisher\":{\"@id\":\"https:\\\/\\\/boutique-one-piece.com\\\/#organization\"},\"potentialAction\":[{\"@type\":\"SearchAction\",\"target\":{\"@type\":\"EntryPoint\",\"urlTemplate\":\"https:\\\/\\\/boutique-one-piece.com\\\/?s={search_term_string}\"},\"query-input\":{\"@type\":\"PropertyValueSpecification\",\"valueRequired\":true,\"valueName\":\"search_term_string\"}}],\"inLanguage\":\"es\"},{\"@type\":\"Organization\",\"@id\":\"https:\\\/\\\/boutique-one-piece.com\\\/#organization\",\"name\":\"Boutique One Piece\",\"url\":\"https:\\\/\\\/boutique-one-piece.com\\\/\",\"logo\":{\"@type\":\"ImageObject\",\"inLanguage\":\"es\",\"@id\":\"https:\\\/\\\/boutique-one-piece.com\\\/#\\\/schema\\\/logo\\\/image\\\/\",\"url\":\"https:\\\/\\\/boutique-one-piece.com\\\/wp-content\\\/uploads\\\/2022\\\/09\\\/Logo-01.png\",\"contentUrl\":\"https:\\\/\\\/boutique-one-piece.com\\\/wp-content\\\/uploads\\\/2022\\\/09\\\/Logo-01.png\",\"width\":2318,\"height\":957,\"caption\":\"Boutique One Piece\"},\"image\":{\"@id\":\"https:\\\/\\\/boutique-one-piece.com\\\/#\\\/schema\\\/logo\\\/image\\\/\"}}]}<\/script>\n<!-- \/ Yoast SEO plugin. -->","yoast_head_json":{"title":"Aviso de b\u00fasqueda de Kuma | Decoraciones de One Piece \u2013 Tienda de One Piece","description":"Dale un aire nuevo a tu habitaci\u00f3n con este p\u00f3ster de &quot;Se busca Kuma&quot;. Usa este p\u00f3ster que anuncia la recompensa por la captura o muerte de Kuma para darle un toque nuevo a la decoraci\u00f3n de tu dormitorio u oficina. Kuma es un personaje que caus\u00f3 un gran impacto, especialmente en la primera parte de la serie.","robots":{"index":"index","follow":"follow","max-snippet":"max-snippet:-1","max-image-preview":"max-image-preview:large","max-video-preview":"max-video-preview:-1"},"canonical":"https:\/\/boutique-one-piece.com\/es\/cartel-de-busqueda-de-one-piece\/cartel-de-se-busca-kuma\/","og_locale":"es_ES","og_type":"article","og_title":"Avis De Recherche Kuma Wanted | D\u00e9coration One Piece \u2013 Boutique One Piece","og_description":"Donne un nouveau souffle \u00e0 la d\u00e9coration de ta pi\u00e8ce gr\u00e2ce \u00e0 cet Avis de Recherche Kuma Wanted. Profite de cette affiche \u00e0 propos de la prime attribu\u00e9e pour la capture ou la mort de Kuma pour donner un nouvel \u00e9lan \u00e0 la d\u00e9coration de ta chambre ou de ton bureau. Kuma est un personnage qui a surtout marqu\u00e9 la premi\u00e8re pa","og_url":"https:\/\/boutique-one-piece.com\/es\/cartel-de-busqueda-de-one-piece\/cartel-de-se-busca-kuma\/","og_site_name":"Boutique One Piece","article_modified_time":"2024-09-16T15:20:40+00:00","og_image":[{"width":800,"height":800,"url":"https:\/\/boutique-one-piece.com\/wp-content\/uploads\/2022\/09\/Avis-De-Recherche-Kuma-Wanted-1.jpg","type":"image\/jpeg"}],"twitter_card":"summary_large_image","twitter_misc":{"Tiempo de lectura":"1 minuto"},"schema":{"@context":"https:\/\/schema.org","@graph":[{"@type":"WebPage","@id":"https:\/\/boutique-one-piece.com\/avis-de-recherche-one-piece\/avis-de-recherche-kuma-wanted\/","url":"https:\/\/boutique-one-piece.com\/avis-de-recherche-one-piece\/avis-de-recherche-kuma-wanted\/","name":"Aviso de b\u00fasqueda de Kuma | Decoraciones de One Piece \u2013 Tienda de One Piece","isPartOf":{"@id":"https:\/\/boutique-one-piece.com\/#website"},"primaryImageOfPage":{"@id":"https:\/\/boutique-one-piece.com\/avis-de-recherche-one-piece\/avis-de-recherche-kuma-wanted\/#primaryimage"},"image":{"@id":"https:\/\/boutique-one-piece.com\/avis-de-recherche-one-piece\/avis-de-recherche-kuma-wanted\/#primaryimage"},"thumbnailUrl":"https:\/\/boutique-one-piece.com\/wp-content\/uploads\/2022\/09\/Avis-De-Recherche-Kuma-Wanted-1.jpg","datePublished":"2022-09-27T22:04:39+00:00","dateModified":"2024-09-16T15:20:40+00:00","description":"Dale un aire nuevo a tu habitaci\u00f3n con este p\u00f3ster de &quot;Se busca Kuma&quot;. Usa este p\u00f3ster que anuncia la recompensa por la captura o muerte de Kuma para darle un toque nuevo a la decoraci\u00f3n de tu dormitorio u oficina. Kuma es un personaje que caus\u00f3 un gran impacto, especialmente en la primera parte de la serie.","breadcrumb":{"@id":"https:\/\/boutique-one-piece.com\/avis-de-recherche-one-piece\/avis-de-recherche-kuma-wanted\/#breadcrumb"},"inLanguage":"es","potentialAction":[{"@type":"ReadAction","target":["https:\/\/boutique-one-piece.com\/avis-de-recherche-one-piece\/avis-de-recherche-kuma-wanted\/"]}]},{"@type":"ImageObject","inLanguage":"es","@id":"https:\/\/boutique-one-piece.com\/avis-de-recherche-one-piece\/avis-de-recherche-kuma-wanted\/#primaryimage","url":"https:\/\/boutique-one-piece.com\/wp-content\/uploads\/2022\/09\/Avis-De-Recherche-Kuma-Wanted-1.jpg","contentUrl":"https:\/\/boutique-one-piece.com\/wp-content\/uploads\/2022\/09\/Avis-De-Recherche-Kuma-Wanted-1.jpg","width":800,"height":800},{"@type":"BreadcrumbList","@id":"https:\/\/boutique-one-piece.com\/avis-de-recherche-one-piece\/avis-de-recherche-kuma-wanted\/#breadcrumb","itemListElement":[{"@type":"ListItem","position":1,"name":"Home","item":"https:\/\/boutique-one-piece.com\/"},{"@type":"ListItem","position":2,"name":"Shop","item":"https:\/\/boutique-one-piece.com\/shop\/"},{"@type":"ListItem","position":3,"name":"Avis De Recherche Kuma Wanted"}]},{"@type":"WebSite","@id":"https:\/\/boutique-one-piece.com\/#website","url":"https:\/\/boutique-one-piece.com\/","name":"Tienda de One Piece","description":"Tienda especializada en manga y anime de One Piece","publisher":{"@id":"https:\/\/boutique-one-piece.com\/#organization"},"potentialAction":[{"@type":"SearchAction","target":{"@type":"EntryPoint","urlTemplate":"https:\/\/boutique-one-piece.com\/?s={search_term_string}"},"query-input":{"@type":"PropertyValueSpecification","valueRequired":true,"valueName":"search_term_string"}}],"inLanguage":"es"},{"@type":"Organization","@id":"https:\/\/boutique-one-piece.com\/#organization","name":"Tienda de One Piece","url":"https:\/\/boutique-one-piece.com\/","logo":{"@type":"ImageObject","inLanguage":"es","@id":"https:\/\/boutique-one-piece.com\/#\/schema\/logo\/image\/","url":"https:\/\/boutique-one-piece.com\/wp-content\/uploads\/2022\/09\/Logo-01.png","contentUrl":"https:\/\/boutique-one-piece.com\/wp-content\/uploads\/2022\/09\/Logo-01.png","width":2318,"height":957,"caption":"Boutique One Piece"},"image":{"@id":"https:\/\/boutique-one-piece.com\/#\/schema\/logo\/image\/"}}]}},"_links":{"self":[{"href":"https:\/\/boutique-one-piece.com\/es\/wp-json\/wp\/v2\/product\/17878","targetHints":{"allow":["GET"]}}],"collection":[{"href":"https:\/\/boutique-one-piece.com\/es\/wp-json\/wp\/v2\/product"}],"about":[{"href":"https:\/\/boutique-one-piece.com\/es\/wp-json\/wp\/v2\/types\/product"}],"replies":[{"embeddable":true,"href":"https:\/\/boutique-one-piece.com\/es\/wp-json\/wp\/v2\/comments?post=17878"}],"wp:featuredmedia":[{"embeddable":true,"href":"https:\/\/boutique-one-piece.com\/es\/wp-json\/wp\/v2\/media\/17880"}],"wp:attachment":[{"href":"https:\/\/boutique-one-piece.com\/es\/wp-json\/wp\/v2\/media?parent=17878"}],"wp:term":[{"taxonomy":"product_brand","embeddable":true,"href":"https:\/\/boutique-one-piece.com\/es\/wp-json\/wp\/v2\/product_brand?post=17878"},{"taxonomy":"product_cat","embeddable":true,"href":"https:\/\/boutique-one-piece.com\/es\/wp-json\/wp\/v2\/product_cat?post=17878"},{"taxonomy":"product_tag","embeddable":true,"href":"https:\/\/boutique-one-piece.com\/es\/wp-json\/wp\/v2\/product_tag?post=17878"}],"curies":[{"name":"wp","href":"https:\/\/api.w.org\/{rel}","templated":true}]}}