{"id":17926,"date":"2022-09-27T22:04:58","date_gmt":"2022-09-27T22:04:58","guid":{"rendered":"https:\/\/boutique-one-piece.com\/uncategorized\/tableau-one-piece-zoro-technique-a-2-sabres-2\/"},"modified":"2024-09-16T15:22:20","modified_gmt":"2024-09-16T15:22:20","slug":"la-tecnica-de-pintura-de-one-piece-zoro-tiene-2-sables","status":"publish","type":"product","link":"https:\/\/boutique-one-piece.com\/es\/decoraciones-de-one-piece\/la-tecnica-de-pintura-de-one-piece-zoro-tiene-2-sables\/","title":{"rendered":"Diagrama de t\u00e9cnicas de dos espadas de Zoro de One Piece"},"content":{"rendered":"<p><meta charset=\"utf-8\"><\/p>\n<h2>Impresi\u00f3n en lienzo de 5 paneles de One Piece con Roronoa Zoro listo para acabar con todos sus enemigos. \u00a1Una impresi\u00f3n en lienzo de calidad para un pirata como t\u00fa!<\/h2>\n<p>Si eres un\u00a0<strong>pirata real<\/strong>, usted ser\u00e1<span>\u00a0<\/span>agradecer<span>\u00a0<\/span>all\u00e1\u00a0<strong>calidad<\/strong>\u00a0Lienzo, pintura y un marco para sus\u00a0<strong>dise\u00f1os\u00a0<\/strong>Y\u00a0<strong>Impresi\u00f3n de lienzo 3D<\/strong>\u00a0de esto\u00a0<strong>Cuadro de cinco paneles de One Piece<\/strong>\u00a0Pero lo m\u00e1s importante de este cuadro es que<span>\u00a0<\/span>Ser\u00e1s parte de\u00a0<strong>el equipo de fans<\/strong>\u00a0de\u00a0<strong>manga pirata<\/strong>\u00a0y obtendr\u00e1s:<\/p>\n<ul>\n<li>\u00a0<strong>Admiraci\u00f3n<\/strong>\u00a0De todos los fans de\u00a0<strong>mugiwara<\/strong>\u00a0que invitar\u00e1s a tu casa<\/li>\n<\/ul>\n<ul>\n<li>Un verdadero\u00a0<strong>Gr\u00e1fico impreso de 5 piezas<\/strong>\u00a0con el que puedes<strong>\u00a0imaginar\u00a0<\/strong>con\u00a0<strong>Zoro\u00a0<\/strong>preparado para\u00a0<strong>destruir<\/strong>\u00a0el ej\u00e9rcito de\u00a0<strong>Shogun Orochi<\/strong>\n<\/li>\n<\/ul>\n<p>\u00a0Entonces, \u00bfest\u00e1 listo para ponerlo?\u00a0<strong>Los colores de Roronoa Zoro El cazador de piratas<\/strong>\u00a0?<\/p>\n<h2>\u00bfEres fan del manga o anime de One Piece? \u00a1Demu\u00e9stralo con este lienzo de 5 piezas de One Piece!<\/h2>\n<p>Si usted\u00a0<strong>leer<\/strong>\u00a0o donde sea que mires\u00a0<strong>el anime\u00a0<\/strong><strong>japon\u00e9s<\/strong>, Hay una buena posibilidad de que te hayas convertido\u00a0<strong>loco por One Piece<\/strong>\u00a0\u00a1Con esto!\u00a0<strong>Pintura de Zoro en cinco paneles con t\u00e9cnica de dos espadas<\/strong>, \u00danete a la\u2019<strong>tripulaci\u00f3n de fans de la franquicia<\/strong><\/p>\n<p>Este\u00a0<strong>cuadro<\/strong>\u00a0est\u00e1 disponible con un\u00a0<strong>marco de madera<\/strong>\u00a0la variante &quot;\u00ab\u00a0<strong>Con marco<\/strong>\u00ab&quot;Tambi\u00e9n es posible tener s\u00f3lo el\u00a0<strong>pa\u00f1o<\/strong>\u00a0con la variante &quot;\u00ab\u00a0<strong>Sin marco<\/strong>\u00abEncontrar\u00e1s la tabla en los tama\u00f1os\u00a0<strong>Peque\u00f1o<\/strong>,<strong>\u00a0PROMEDIO<\/strong>,<strong>\u00a0Grande<\/strong>,<strong>\u00a0SG<\/strong>, Se adaptar\u00e1 a todo tipo de piratas, incluso si no tienes\u00a0<strong>espada<\/strong>\u00a0o\u00a0<strong>fruta del diablo<\/strong>\u00a0Todav\u00eda puedes colgarlo con orgullo en casa.<\/p>\n<p><strong>Rorona Zoro<\/strong>\u00a0Brandit<span>\u00a0<\/span>sus espadas y se prepara para hacer una\u00a0<strong>ataque de dos espadas<\/strong>. En la Tierra de Wano durante el arco de\u00a0<strong>Wa No Kuni<\/strong>\u00a0EL\u00a0<strong>Shogun Oroshi<\/strong>\u00a0Quiere su cabeza, pero se necesita mucho m\u00e1s que eso\u00a0<strong>Shogun<\/strong>\u00a0y uno\u00a0<strong>ej\u00e9rcito<\/strong>\u00a0para detener el futuro\u00a0<strong>El mejor espadach\u00edn<\/strong>.<\/p>\n<ul>\n<li>\n<strong>Lienzo impreso de alta calidad\u00a0<\/strong>:lienzo de pared realizado en algod\u00f3n y lino, para obtener un lienzo digno de ese nombre<\/li>\n<\/ul>\n<ul>\n<li>\n<strong>Pintura de dise\u00f1o ultra<\/strong>\u00a0La pintura de cinco partes agrega mucho estilo a una habitaci\u00f3n; a los fan\u00e1ticos les encantar\u00e1.<\/li>\n<\/ul>\n<ul style=\"font-weight: 400;\">\n<li>\n<strong>Color e impresi\u00f3n\u00a0<\/strong>Impresi\u00f3n en lienzo de One Piece impresa por Canva, el servicio l\u00edder de impresi\u00f3n en lienzo.<\/li>\n<\/ul>\n<ul style=\"font-weight: 400;\">\n<li>\n<strong>Arte de pared ligero<\/strong>\u00a0Marco superligero, solo necesita un clavo o un soporte de fijaci\u00f3n para fijarlo a la pared.<\/li>\n<\/ul>\n<ul style=\"font-weight: 400;\">\n<li>\n<strong>Marco de madera<\/strong>\u00a0La versi\u00f3n &quot;Con marco&quot; viene con un marco de madera, y la versi\u00f3n &quot;Sin marco&quot; no.<\/li>\n<\/ul>\n<ul style=\"font-weight: 400;\">\n<li>\n<strong>Entrega gratuita\u00a0<\/strong>para cualquier compra<strong>\u00a0<\/strong>\n<\/li>\n<\/ul>\n<h3>No olvides echar un vistazo a la gu\u00eda de tallas que aparece a continuaci\u00f3n.<\/h3>\n<h2>\n<strong style=\"font-size: 15px;\">Pintura de 5 piezas de One Piece<\/strong><span style=\"font-size: 15px;\">,<\/span><strong style=\"font-size: 15px;\"> <\/strong><span style=\"font-size: 15px;\">Tama\u00f1o<\/span><strong style=\"font-size: 15px;\"> <\/strong><span style=\"font-size: 15px;\">: <\/span><strong style=\"font-size: 15px;\">Peque\u00f1o<\/strong><br \/>\n<\/h2>\n<p>\u00a0<img decoding=\"async\" src=\"https:\/\/cdn.shopify.com\/s\/files\/1\/0087\/7556\/5348\/files\/guide_taille_tableau_one_piece_petit_boutique_one_piece_large.jpg?v=1560247451\" alt=\"Gu\u00eda de tallas de One Piece (5 piezas, tama\u00f1o peque\u00f1o)\"><\/p>\n<p><strong>Pintura de 5 piezas de One Piece<\/strong>, Tama\u00f1o<strong> <\/strong>:<strong> PROMEDIO<\/strong><\/p>\n<p>\u00a0<img decoding=\"async\" src=\"https:\/\/cdn.shopify.com\/s\/files\/1\/0087\/7556\/5348\/files\/guide_taille_tableau_one_piece_moyen_boutique_one_piece_large.jpg?v=1560247519\" alt=\"Gu\u00eda de tallas Tabla de tallas Una pieza 5 piezas Mediano\"><\/p>\n<p><strong>Pintura de 5 piezas de One Piece<\/strong>, Tama\u00f1o<strong> <\/strong>: <strong>Grande<\/strong><\/p>\n<p>\u00a0<img decoding=\"async\" src=\"https:\/\/cdn.shopify.com\/s\/files\/1\/0087\/7556\/5348\/files\/guide_taille_tableau_one_piece_grand_boutique_one_piece_large.jpg?v=1560247582\" alt=\"Tabla de tallas de 5 piezas de One Piece (grande)\"><\/p>\n<p><strong>Pintura de 5 piezas de One Piece<\/strong>, Tama\u00f1o: <strong>SG<\/strong><\/p>\n<p><img decoding=\"async\" src=\"https:\/\/cdn.shopify.com\/s\/files\/1\/0087\/7556\/5348\/files\/guide_taille_tableau_one_piece_xl_boutique_one_piece_large.jpg?v=1560247610\" alt=\"Tabla de tallas XL de 5 piezas de One Piece\"><\/p>","protected":false},"excerpt":{"rendered":"<p>Impresi\u00f3n en lienzo de 5 paneles de One Piece con Roronoa Zoro listo para acabar con todos sus enemigos. \u00a1Una impresi\u00f3n en lienzo de calidad para un pirata como t\u00fa! Si eres un verdadero pirata, apreciar\u00e1s la calidad del lienzo, la pintura y el marco, as\u00ed como la impresi\u00f3n 3D de esta impresi\u00f3n en lienzo de 5 paneles de One Piece. Pero lo m\u00e1s importante es que, con esta impresi\u00f3n en lienzo, te unir\u00e1s al grupo de fans del manga pirata y [\u2026]<\/p>","protected":false},"featured_media":17928,"comment_status":"open","ping_status":"open","template":"","meta":[],"product_brand":[],"product_cat":[150],"product_tag":[142,143,113],"class_list":{"0":"post-17926","1":"product","2":"type-product","3":"status-publish","4":"has-post-thumbnail","6":"product_cat-decorations-one-piece","7":"product_tag-tableau-5-pieces","8":"product_tag-toile","9":"product_tag-zoro","11":"first","12":"instock","13":"purchasable","14":"product-type-variable","15":"has-default-attributes"},"yoast_head":"<!-- This site is optimized with the Yoast SEO plugin v27.5 - https:\/\/yoast.com\/product\/yoast-seo-wordpress\/ -->\n<title>Tableau Zoro Technique \u00e0 2 Sabres | Boutique One Piece<\/title>\n<meta name=\"description\" content=\"Tableau 5 Pi\u00e8ces One Piece avec Roronoa Zoro Pr\u00eat \u00e0 d\u00e9fier le Shogun Orochi de Tr\u00e8s Haute Qualit\u00e9 Tableau 5 Panneaux Toile Imprim\u00e9e Zoro de qualit\u00e9 sup\u00e9rieure\" \/>\n<meta name=\"robots\" content=\"index, follow, max-snippet:-1, max-image-preview:large, max-video-preview:-1\" \/>\n<link rel=\"canonical\" href=\"https:\/\/boutique-one-piece.com\/es\/decoraciones-de-one-piece\/la-tecnica-de-pintura-de-one-piece-zoro-tiene-2-sables\/\" \/>\n<meta property=\"og:locale\" content=\"es_ES\" \/>\n<meta property=\"og:type\" content=\"article\" \/>\n<meta property=\"og:title\" content=\"Tableau Zoro Technique \u00e0 2 Sabres | Boutique One Piece\" \/>\n<meta property=\"og:description\" content=\"Tableau 5 Pi\u00e8ces One Piece avec Roronoa Zoro Pr\u00eat \u00e0 d\u00e9fier le Shogun Orochi de Tr\u00e8s Haute Qualit\u00e9 Tableau 5 Panneaux Toile Imprim\u00e9e Zoro de qualit\u00e9 sup\u00e9rieure\" \/>\n<meta property=\"og:url\" content=\"https:\/\/boutique-one-piece.com\/es\/decoraciones-de-one-piece\/la-tecnica-de-pintura-de-one-piece-zoro-tiene-2-sables\/\" \/>\n<meta property=\"og:site_name\" content=\"Boutique One Piece\" \/>\n<meta property=\"article:modified_time\" content=\"2024-09-16T15:22:20+00:00\" \/>\n<meta property=\"og:image\" content=\"https:\/\/boutique-one-piece.com\/wp-content\/uploads\/2022\/09\/Tableau-One-Piece-Zoro-Technique-a-2-Sabres.jpg\" \/>\n\t<meta property=\"og:image:width\" content=\"600\" \/>\n\t<meta property=\"og:image:height\" content=\"600\" \/>\n\t<meta property=\"og:image:type\" content=\"image\/jpeg\" \/>\n<meta name=\"twitter:card\" content=\"summary_large_image\" \/>\n<meta name=\"twitter:label1\" content=\"Tiempo de lectura\" \/>\n\t<meta name=\"twitter:data1\" content=\"2 minutos\" \/>\n<script type=\"application\/ld+json\" class=\"yoast-schema-graph\">{\"@context\":\"https:\\\/\\\/schema.org\",\"@graph\":[{\"@type\":\"WebPage\",\"@id\":\"https:\\\/\\\/boutique-one-piece.com\\\/decorations-one-piece\\\/tableau-one-piece-zoro-technique-a-2-sabres-2\\\/\",\"url\":\"https:\\\/\\\/boutique-one-piece.com\\\/decorations-one-piece\\\/tableau-one-piece-zoro-technique-a-2-sabres-2\\\/\",\"name\":\"Tableau Zoro Technique \u00e0 2 Sabres | Boutique One Piece\",\"isPartOf\":{\"@id\":\"https:\\\/\\\/boutique-one-piece.com\\\/#website\"},\"primaryImageOfPage\":{\"@id\":\"https:\\\/\\\/boutique-one-piece.com\\\/decorations-one-piece\\\/tableau-one-piece-zoro-technique-a-2-sabres-2\\\/#primaryimage\"},\"image\":{\"@id\":\"https:\\\/\\\/boutique-one-piece.com\\\/decorations-one-piece\\\/tableau-one-piece-zoro-technique-a-2-sabres-2\\\/#primaryimage\"},\"thumbnailUrl\":\"https:\\\/\\\/boutique-one-piece.com\\\/wp-content\\\/uploads\\\/2022\\\/09\\\/Tableau-One-Piece-Zoro-Technique-a-2-Sabres.jpg\",\"datePublished\":\"2022-09-27T22:04:58+00:00\",\"dateModified\":\"2024-09-16T15:22:20+00:00\",\"description\":\"Tableau 5 Pi\u00e8ces One Piece avec Roronoa Zoro Pr\u00eat \u00e0 d\u00e9fier le Shogun Orochi de Tr\u00e8s Haute Qualit\u00e9 Tableau 5 Panneaux Toile Imprim\u00e9e Zoro de qualit\u00e9 sup\u00e9rieure\",\"breadcrumb\":{\"@id\":\"https:\\\/\\\/boutique-one-piece.com\\\/decorations-one-piece\\\/tableau-one-piece-zoro-technique-a-2-sabres-2\\\/#breadcrumb\"},\"inLanguage\":\"es\",\"potentialAction\":[{\"@type\":\"ReadAction\",\"target\":[\"https:\\\/\\\/boutique-one-piece.com\\\/decorations-one-piece\\\/tableau-one-piece-zoro-technique-a-2-sabres-2\\\/\"]}]},{\"@type\":\"ImageObject\",\"inLanguage\":\"es\",\"@id\":\"https:\\\/\\\/boutique-one-piece.com\\\/decorations-one-piece\\\/tableau-one-piece-zoro-technique-a-2-sabres-2\\\/#primaryimage\",\"url\":\"https:\\\/\\\/boutique-one-piece.com\\\/wp-content\\\/uploads\\\/2022\\\/09\\\/Tableau-One-Piece-Zoro-Technique-a-2-Sabres.jpg\",\"contentUrl\":\"https:\\\/\\\/boutique-one-piece.com\\\/wp-content\\\/uploads\\\/2022\\\/09\\\/Tableau-One-Piece-Zoro-Technique-a-2-Sabres.jpg\",\"width\":600,\"height\":600,\"caption\":\"Tableau One Piece Zoro Technique \u00e0 2 Sabres Grand Sans Cadre\"},{\"@type\":\"BreadcrumbList\",\"@id\":\"https:\\\/\\\/boutique-one-piece.com\\\/decorations-one-piece\\\/tableau-one-piece-zoro-technique-a-2-sabres-2\\\/#breadcrumb\",\"itemListElement\":[{\"@type\":\"ListItem\",\"position\":1,\"name\":\"Home\",\"item\":\"https:\\\/\\\/boutique-one-piece.com\\\/\"},{\"@type\":\"ListItem\",\"position\":2,\"name\":\"Shop\",\"item\":\"https:\\\/\\\/boutique-one-piece.com\\\/shop\\\/\"},{\"@type\":\"ListItem\",\"position\":3,\"name\":\"Tableau One Piece Zoro Technique \u00e0 2 Sabres\"}]},{\"@type\":\"WebSite\",\"@id\":\"https:\\\/\\\/boutique-one-piece.com\\\/#website\",\"url\":\"https:\\\/\\\/boutique-one-piece.com\\\/\",\"name\":\"Boutique One Piece\",\"description\":\"Magasin Sp\u00e9cialis\u00e9 du Manga et l&#039;Anime One Piece\",\"publisher\":{\"@id\":\"https:\\\/\\\/boutique-one-piece.com\\\/#organization\"},\"potentialAction\":[{\"@type\":\"SearchAction\",\"target\":{\"@type\":\"EntryPoint\",\"urlTemplate\":\"https:\\\/\\\/boutique-one-piece.com\\\/?s={search_term_string}\"},\"query-input\":{\"@type\":\"PropertyValueSpecification\",\"valueRequired\":true,\"valueName\":\"search_term_string\"}}],\"inLanguage\":\"es\"},{\"@type\":\"Organization\",\"@id\":\"https:\\\/\\\/boutique-one-piece.com\\\/#organization\",\"name\":\"Boutique One Piece\",\"url\":\"https:\\\/\\\/boutique-one-piece.com\\\/\",\"logo\":{\"@type\":\"ImageObject\",\"inLanguage\":\"es\",\"@id\":\"https:\\\/\\\/boutique-one-piece.com\\\/#\\\/schema\\\/logo\\\/image\\\/\",\"url\":\"https:\\\/\\\/boutique-one-piece.com\\\/wp-content\\\/uploads\\\/2022\\\/09\\\/Logo-01.png\",\"contentUrl\":\"https:\\\/\\\/boutique-one-piece.com\\\/wp-content\\\/uploads\\\/2022\\\/09\\\/Logo-01.png\",\"width\":2318,\"height\":957,\"caption\":\"Boutique One Piece\"},\"image\":{\"@id\":\"https:\\\/\\\/boutique-one-piece.com\\\/#\\\/schema\\\/logo\\\/image\\\/\"}}]}<\/script>\n<!-- \/ Yoast SEO plugin. -->","yoast_head_json":{"title":"Pintura de Zoro con la t\u00e9cnica de las dos espadas | Tienda de One Piece","description":"Impresi\u00f3n en lienzo de 5 piezas de One Piece con Roronoa Zoro listo para desafiar al Shogun Orochi - Alta calidad - Impresi\u00f3n en lienzo de 5 paneles de calidad pr\u00e9mium de Zoro","robots":{"index":"index","follow":"follow","max-snippet":"max-snippet:-1","max-image-preview":"max-image-preview:large","max-video-preview":"max-video-preview:-1"},"canonical":"https:\/\/boutique-one-piece.com\/es\/decoraciones-de-one-piece\/la-tecnica-de-pintura-de-one-piece-zoro-tiene-2-sables\/","og_locale":"es_ES","og_type":"article","og_title":"Tableau Zoro Technique \u00e0 2 Sabres | Boutique One Piece","og_description":"Tableau 5 Pi\u00e8ces One Piece avec Roronoa Zoro Pr\u00eat \u00e0 d\u00e9fier le Shogun Orochi de Tr\u00e8s Haute Qualit\u00e9 Tableau 5 Panneaux Toile Imprim\u00e9e Zoro de qualit\u00e9 sup\u00e9rieure","og_url":"https:\/\/boutique-one-piece.com\/es\/decoraciones-de-one-piece\/la-tecnica-de-pintura-de-one-piece-zoro-tiene-2-sables\/","og_site_name":"Boutique One Piece","article_modified_time":"2024-09-16T15:22:20+00:00","og_image":[{"width":600,"height":600,"url":"https:\/\/boutique-one-piece.com\/wp-content\/uploads\/2022\/09\/Tableau-One-Piece-Zoro-Technique-a-2-Sabres.jpg","type":"image\/jpeg"}],"twitter_card":"summary_large_image","twitter_misc":{"Tiempo de lectura":"2 minutos"},"schema":{"@context":"https:\/\/schema.org","@graph":[{"@type":"WebPage","@id":"https:\/\/boutique-one-piece.com\/decorations-one-piece\/tableau-one-piece-zoro-technique-a-2-sabres-2\/","url":"https:\/\/boutique-one-piece.com\/decorations-one-piece\/tableau-one-piece-zoro-technique-a-2-sabres-2\/","name":"Pintura de Zoro con la t\u00e9cnica de las dos espadas | Tienda de One Piece","isPartOf":{"@id":"https:\/\/boutique-one-piece.com\/#website"},"primaryImageOfPage":{"@id":"https:\/\/boutique-one-piece.com\/decorations-one-piece\/tableau-one-piece-zoro-technique-a-2-sabres-2\/#primaryimage"},"image":{"@id":"https:\/\/boutique-one-piece.com\/decorations-one-piece\/tableau-one-piece-zoro-technique-a-2-sabres-2\/#primaryimage"},"thumbnailUrl":"https:\/\/boutique-one-piece.com\/wp-content\/uploads\/2022\/09\/Tableau-One-Piece-Zoro-Technique-a-2-Sabres.jpg","datePublished":"2022-09-27T22:04:58+00:00","dateModified":"2024-09-16T15:22:20+00:00","description":"Impresi\u00f3n en lienzo de 5 piezas de One Piece con Roronoa Zoro listo para desafiar al Shogun Orochi - Alta calidad - Impresi\u00f3n en lienzo de 5 paneles de calidad pr\u00e9mium de Zoro","breadcrumb":{"@id":"https:\/\/boutique-one-piece.com\/decorations-one-piece\/tableau-one-piece-zoro-technique-a-2-sabres-2\/#breadcrumb"},"inLanguage":"es","potentialAction":[{"@type":"ReadAction","target":["https:\/\/boutique-one-piece.com\/decorations-one-piece\/tableau-one-piece-zoro-technique-a-2-sabres-2\/"]}]},{"@type":"ImageObject","inLanguage":"es","@id":"https:\/\/boutique-one-piece.com\/decorations-one-piece\/tableau-one-piece-zoro-technique-a-2-sabres-2\/#primaryimage","url":"https:\/\/boutique-one-piece.com\/wp-content\/uploads\/2022\/09\/Tableau-One-Piece-Zoro-Technique-a-2-Sabres.jpg","contentUrl":"https:\/\/boutique-one-piece.com\/wp-content\/uploads\/2022\/09\/Tableau-One-Piece-Zoro-Technique-a-2-Sabres.jpg","width":600,"height":600,"caption":"Tableau One Piece Zoro Technique \u00e0 2 Sabres Grand Sans Cadre"},{"@type":"BreadcrumbList","@id":"https:\/\/boutique-one-piece.com\/decorations-one-piece\/tableau-one-piece-zoro-technique-a-2-sabres-2\/#breadcrumb","itemListElement":[{"@type":"ListItem","position":1,"name":"Home","item":"https:\/\/boutique-one-piece.com\/"},{"@type":"ListItem","position":2,"name":"Shop","item":"https:\/\/boutique-one-piece.com\/shop\/"},{"@type":"ListItem","position":3,"name":"Tableau One Piece Zoro Technique \u00e0 2 Sabres"}]},{"@type":"WebSite","@id":"https:\/\/boutique-one-piece.com\/#website","url":"https:\/\/boutique-one-piece.com\/","name":"Tienda de One Piece","description":"Tienda especializada en manga y anime de One Piece","publisher":{"@id":"https:\/\/boutique-one-piece.com\/#organization"},"potentialAction":[{"@type":"SearchAction","target":{"@type":"EntryPoint","urlTemplate":"https:\/\/boutique-one-piece.com\/?s={search_term_string}"},"query-input":{"@type":"PropertyValueSpecification","valueRequired":true,"valueName":"search_term_string"}}],"inLanguage":"es"},{"@type":"Organization","@id":"https:\/\/boutique-one-piece.com\/#organization","name":"Tienda de One Piece","url":"https:\/\/boutique-one-piece.com\/","logo":{"@type":"ImageObject","inLanguage":"es","@id":"https:\/\/boutique-one-piece.com\/#\/schema\/logo\/image\/","url":"https:\/\/boutique-one-piece.com\/wp-content\/uploads\/2022\/09\/Logo-01.png","contentUrl":"https:\/\/boutique-one-piece.com\/wp-content\/uploads\/2022\/09\/Logo-01.png","width":2318,"height":957,"caption":"Boutique One Piece"},"image":{"@id":"https:\/\/boutique-one-piece.com\/#\/schema\/logo\/image\/"}}]}},"_links":{"self":[{"href":"https:\/\/boutique-one-piece.com\/es\/wp-json\/wp\/v2\/product\/17926","targetHints":{"allow":["GET"]}}],"collection":[{"href":"https:\/\/boutique-one-piece.com\/es\/wp-json\/wp\/v2\/product"}],"about":[{"href":"https:\/\/boutique-one-piece.com\/es\/wp-json\/wp\/v2\/types\/product"}],"replies":[{"embeddable":true,"href":"https:\/\/boutique-one-piece.com\/es\/wp-json\/wp\/v2\/comments?post=17926"}],"wp:featuredmedia":[{"embeddable":true,"href":"https:\/\/boutique-one-piece.com\/es\/wp-json\/wp\/v2\/media\/17928"}],"wp:attachment":[{"href":"https:\/\/boutique-one-piece.com\/es\/wp-json\/wp\/v2\/media?parent=17926"}],"wp:term":[{"taxonomy":"product_brand","embeddable":true,"href":"https:\/\/boutique-one-piece.com\/es\/wp-json\/wp\/v2\/product_brand?post=17926"},{"taxonomy":"product_cat","embeddable":true,"href":"https:\/\/boutique-one-piece.com\/es\/wp-json\/wp\/v2\/product_cat?post=17926"},{"taxonomy":"product_tag","embeddable":true,"href":"https:\/\/boutique-one-piece.com\/es\/wp-json\/wp\/v2\/product_tag?post=17926"}],"curies":[{"name":"wp","href":"https:\/\/api.w.org\/{rel}","templated":true}]}}