{"id":8140,"date":"2022-09-27T18:53:09","date_gmt":"2022-09-27T18:53:09","guid":{"rendered":"https:\/\/boutique-one-piece.com\/uncategorized\/short-de-bain-one-piece-aokiji-vs-akainu\/"},"modified":"2024-09-16T11:12:02","modified_gmt":"2024-09-16T11:12:02","slug":"banador-de-una-pieza-aokiji-vs-akainu","status":"publish","type":"product","link":"https:\/\/boutique-one-piece.com\/es\/ropa-de-una-pieza\/pantalones-cortos-de-bano-de-una-pieza\/banador-de-una-pieza-aokiji-vs-akainu\/","title":{"rendered":"Pantalones cortos de ba\u00f1o de una pieza Aokiji vs Akainu"},"content":{"rendered":"<p><meta charset=\"utf-8\"><meta charset=\"utf-8\"><meta charset=\"utf-8\"><\/p>\n<h2>Shorts de ba\u00f1o de una pieza con Kuzan vs. Sakazuki, \u00a1un traje de ba\u00f1o de calidad para un pirata como t\u00fa!<\/h2>\n<p>Si eres un<span>\u00a0<\/span><strong>pirata real<\/strong>, Ser\u00e1s apreciado<span>\u00a0<\/span><strong>calidad de los materiales,<\/strong>\u00a0del<span>\u00a0<\/span><strong>dise\u00f1o<span>\u00a0<\/span><\/strong>y<strong><span>\u00a0<\/span>Impresi\u00f3n 3D<\/strong>\u00a0de esto<span>\u00a0<\/span><strong>pantalones cortos de ba\u00f1o de una pieza<\/strong><span>\u00a0<\/span>Pero lo m\u00e1s importante es que con estos shorts ser\u00e1s parte de<span>\u00a0<\/span><strong>el equipo de fans<\/strong><span>\u00a0<\/span>de<span>\u00a0<\/span><strong>manga pirata<\/strong><span>\u00a0<\/span>y obtendr\u00e1s:<\/p>\n<ul>\n<li>\u00a0<strong>Admiraci\u00f3n<\/strong><span>\u00a0<\/span>De todos los fans de<span>\u00a0<\/span><strong>mugiwara<\/strong><span>\u00a0<\/span>que conocer\u00e1s<\/li>\n<\/ul>\n<ul>\n<li>Un verdadero<span>\u00a0<\/span><strong>pantalones cortos de ba\u00f1o estampados<\/strong><span>\u00a0<\/span>con el que puedes nadar<span>\u00a0<\/span><strong>Grand Line<\/strong>, Pero ojo, no es recomendable meterse al mar si has comido uno.<span>\u00a0<\/span><strong>fruta del diablo<\/strong>\n<\/li>\n<\/ul>\n<p>Entonces, \u00bfest\u00e1 listo para ponerlo?<span>\u00a0<\/span><strong>bandera <\/strong>de tu<strong> Manga favorito<\/strong><span>\u00a0<\/span>?<\/p>\n<h2>\u00bfEres fan del manga o anime de One Piece? \u00a1Demu\u00e9stralo con estos shorts de ba\u00f1o!<\/h2>\n<p>Si usted<span>\u00a0<\/span><strong>leer<\/strong><span>\u00a0<\/span>o donde sea que mires<span>\u00a0<\/span><strong>Anime japon\u00e9s<\/strong>, Hay una buena posibilidad de que te hayas convertido<span>\u00a0<\/span><strong>loco por One Piece<\/strong><span>\u00a0<\/span>\u00a1Con esto!<span>\u00a0<\/span><strong>pantalones cortos de ba\u00f1o<\/strong><span>\u00a0<\/span><strong>Akainu contra Aokiji<\/strong>, \u00fanete a \u00e9l<span>\u00a0<\/span><strong>multitud<\/strong><\/p>\n<p>Estos pantalones cortos est\u00e1n disponibles en tallas<span>\u00a0<\/span><strong>XXS, XS, S, M, L, XL<\/strong>, Se adaptar\u00e1 a todo tipo de piratas, incluso si no tienes<span>\u00a0<\/span><strong>espada<\/strong>\u00a0o<span>\u00a0<\/span><strong>fruta del diablo<\/strong><span>\u00a0<\/span>Todav\u00eda puedes usarlo\u00a0<\/p>\n<p><strong>Sakasuki <\/strong>Y <strong>Kuzan<\/strong> eran <strong>dos almirantes<\/strong> de la Armada, tras la salida de <strong>Sengoku<\/strong> en su puesto <strong>del Almirante en Jefe<\/strong>, A <strong>luchar<\/strong> tuvo lugar entre <strong>Aokiji y Akainu el Perro Rojo<\/strong>. El enfrentamiento dur\u00f3 <strong>10 d\u00edas<\/strong> y tuvo lugar en la isla de <strong>Peligro punk<\/strong>, La isla fue devastada por el <strong>fuerza<\/strong> Liberado por estos dos personajes. Finalmente, tras esta incre\u00edble pelea, <strong>Sakasuki sali\u00f3 victorioso<\/strong>, Por lo tanto, se le dio el puesto de Almirante en Jefe y <strong>Kuzan dej\u00f3 la marina<\/strong>.<\/p>\n<h3><span>No olvides echar un vistazo a la gu\u00eda de tallas que aparece a continuaci\u00f3n.<\/span><\/h3>\n<p><span><img decoding=\"async\" alt=\"Gu\u00eda de tallas de pantalones cortos de una pieza Baim (xxs, xs, s, m, l, xl)\" src=\"https:\/\/cdn.shopify.com\/s\/files\/1\/0087\/7556\/5348\/files\/boutque_one__piece_tableau_taille_short_de_bain_large.jpg?v=1560446518\"><\/span><\/p>\n<h3>Instrucciones de lavado:<\/h3>\n<ul>\n<li>Lavado a m\u00e1quina a 30\u00b0C, ciclo delicado.<\/li>\n<\/ul>\n<ul>\n<li>Planchar del rev\u00e9s<\/li>\n<\/ul>\n<p>Para<span>\u00a0<\/span><strong>preservar la calidad<\/strong><span>\u00a0<\/span>de esto\u00a0<strong>Pantalones cortos de ba\u00f1o de una pieza<\/strong>, Te recomendamos que<span>\u00a0<\/span><strong>respeto<\/strong><span>\u00a0<\/span>EL<span>\u00a0<\/span><strong>instrucciones de lavado<\/strong>.<\/p>\n<ul><\/ul>\n<ul><\/ul>\n<ul><\/ul>","protected":false},"excerpt":{"rendered":"<p>Ba\u00f1ador One Piece con Kuzan vs. Sakazuki: \u00a1Ba\u00f1ador de alta calidad para un pirata como t\u00fa! Si eres un pirata de verdad, apreciar\u00e1s la calidad de los materiales, el dise\u00f1o y la impresi\u00f3n 3D de este ba\u00f1ador One Piece. Pero lo m\u00e1s importante es que, con este ba\u00f1ador, te convertir\u00e1s en uno de los fans del manga pirata y te ganar\u00e1s la admiraci\u00f3n de todos los fans [\u2026]<\/p>","protected":false},"featured_media":8142,"comment_status":"open","ping_status":"open","template":"","meta":[],"product_brand":[],"product_cat":[66],"product_tag":[67,68],"class_list":{"0":"post-8140","1":"product","2":"type-product","3":"status-publish","4":"has-post-thumbnail","6":"product_cat-shorts-de-bain-one-piece","7":"product_tag-akainu","8":"product_tag-aokiji","10":"first","11":"instock","12":"purchasable","13":"product-type-variable","14":"has-default-attributes"},"yoast_head":"<!-- This site is optimized with the Yoast SEO plugin v27.5 - https:\/\/yoast.com\/product\/yoast-seo-wordpress\/ -->\n<title>Short De Bain Aokiji Vs Akainu | Boutique One Piece<\/title>\n<meta name=\"description\" content=\"Short Imprim\u00e9 One Piece avec Sakasuki et Kuzane l&#039;Affrontement \u00c9pic Fan de l&#039;Univers du Manga de Pirates Portez ce Short de Bain de Votre Licence Pr\u00e9f\u00e9r\u00e9\" \/>\n<meta name=\"robots\" content=\"index, follow, max-snippet:-1, max-image-preview:large, max-video-preview:-1\" \/>\n<link rel=\"canonical\" href=\"https:\/\/boutique-one-piece.com\/es\/ropa-de-una-pieza\/pantalones-cortos-de-bano-de-una-pieza\/banador-de-una-pieza-aokiji-vs-akainu\/\" \/>\n<meta property=\"og:locale\" content=\"es_ES\" \/>\n<meta property=\"og:type\" content=\"article\" \/>\n<meta property=\"og:title\" content=\"Short De Bain Aokiji Vs Akainu | Boutique One Piece\" \/>\n<meta property=\"og:description\" content=\"Short Imprim\u00e9 One Piece avec Sakasuki et Kuzane l&#039;Affrontement \u00c9pic Fan de l&#039;Univers du Manga de Pirates Portez ce Short de Bain de Votre Licence Pr\u00e9f\u00e9r\u00e9\" \/>\n<meta property=\"og:url\" content=\"https:\/\/boutique-one-piece.com\/es\/ropa-de-una-pieza\/pantalones-cortos-de-bano-de-una-pieza\/banador-de-una-pieza-aokiji-vs-akainu\/\" \/>\n<meta property=\"og:site_name\" content=\"Boutique One Piece\" \/>\n<meta property=\"article:modified_time\" content=\"2024-09-16T11:12:02+00:00\" \/>\n<meta property=\"og:image\" content=\"https:\/\/boutique-one-piece.com\/wp-content\/uploads\/2022\/09\/Short-De-Bain-One-Piece-Aokiji-Vs-Akainu-1.jpg\" \/>\n\t<meta property=\"og:image:width\" content=\"800\" \/>\n\t<meta property=\"og:image:height\" content=\"800\" \/>\n\t<meta property=\"og:image:type\" content=\"image\/jpeg\" \/>\n<meta name=\"twitter:card\" content=\"summary_large_image\" \/>\n<meta name=\"twitter:label1\" content=\"Tiempo de lectura\" \/>\n\t<meta name=\"twitter:data1\" content=\"2 minutos\" \/>\n<script type=\"application\/ld+json\" class=\"yoast-schema-graph\">{\"@context\":\"https:\\\/\\\/schema.org\",\"@graph\":[{\"@type\":\"WebPage\",\"@id\":\"https:\\\/\\\/boutique-one-piece.com\\\/vetements-one-piece\\\/shorts-de-bain-one-piece\\\/short-de-bain-one-piece-aokiji-vs-akainu\\\/\",\"url\":\"https:\\\/\\\/boutique-one-piece.com\\\/vetements-one-piece\\\/shorts-de-bain-one-piece\\\/short-de-bain-one-piece-aokiji-vs-akainu\\\/\",\"name\":\"Short De Bain Aokiji Vs Akainu | Boutique One Piece\",\"isPartOf\":{\"@id\":\"https:\\\/\\\/boutique-one-piece.com\\\/#website\"},\"primaryImageOfPage\":{\"@id\":\"https:\\\/\\\/boutique-one-piece.com\\\/vetements-one-piece\\\/shorts-de-bain-one-piece\\\/short-de-bain-one-piece-aokiji-vs-akainu\\\/#primaryimage\"},\"image\":{\"@id\":\"https:\\\/\\\/boutique-one-piece.com\\\/vetements-one-piece\\\/shorts-de-bain-one-piece\\\/short-de-bain-one-piece-aokiji-vs-akainu\\\/#primaryimage\"},\"thumbnailUrl\":\"https:\\\/\\\/boutique-one-piece.com\\\/wp-content\\\/uploads\\\/2022\\\/09\\\/Short-De-Bain-One-Piece-Aokiji-Vs-Akainu-1.jpg\",\"datePublished\":\"2022-09-27T18:53:09+00:00\",\"dateModified\":\"2024-09-16T11:12:02+00:00\",\"description\":\"Short Imprim\u00e9 One Piece avec Sakasuki et Kuzane l'Affrontement \u00c9pic Fan de l'Univers du Manga de Pirates Portez ce Short de Bain de Votre Licence Pr\u00e9f\u00e9r\u00e9\",\"breadcrumb\":{\"@id\":\"https:\\\/\\\/boutique-one-piece.com\\\/vetements-one-piece\\\/shorts-de-bain-one-piece\\\/short-de-bain-one-piece-aokiji-vs-akainu\\\/#breadcrumb\"},\"inLanguage\":\"es\",\"potentialAction\":[{\"@type\":\"ReadAction\",\"target\":[\"https:\\\/\\\/boutique-one-piece.com\\\/vetements-one-piece\\\/shorts-de-bain-one-piece\\\/short-de-bain-one-piece-aokiji-vs-akainu\\\/\"]}]},{\"@type\":\"ImageObject\",\"inLanguage\":\"es\",\"@id\":\"https:\\\/\\\/boutique-one-piece.com\\\/vetements-one-piece\\\/shorts-de-bain-one-piece\\\/short-de-bain-one-piece-aokiji-vs-akainu\\\/#primaryimage\",\"url\":\"https:\\\/\\\/boutique-one-piece.com\\\/wp-content\\\/uploads\\\/2022\\\/09\\\/Short-De-Bain-One-Piece-Aokiji-Vs-Akainu-1.jpg\",\"contentUrl\":\"https:\\\/\\\/boutique-one-piece.com\\\/wp-content\\\/uploads\\\/2022\\\/09\\\/Short-De-Bain-One-Piece-Aokiji-Vs-Akainu-1.jpg\",\"width\":800,\"height\":800},{\"@type\":\"BreadcrumbList\",\"@id\":\"https:\\\/\\\/boutique-one-piece.com\\\/vetements-one-piece\\\/shorts-de-bain-one-piece\\\/short-de-bain-one-piece-aokiji-vs-akainu\\\/#breadcrumb\",\"itemListElement\":[{\"@type\":\"ListItem\",\"position\":1,\"name\":\"Home\",\"item\":\"https:\\\/\\\/boutique-one-piece.com\\\/\"},{\"@type\":\"ListItem\",\"position\":2,\"name\":\"Shop\",\"item\":\"https:\\\/\\\/boutique-one-piece.com\\\/shop\\\/\"},{\"@type\":\"ListItem\",\"position\":3,\"name\":\"Short De Bain One Piece Aokiji Vs Akainu\"}]},{\"@type\":\"WebSite\",\"@id\":\"https:\\\/\\\/boutique-one-piece.com\\\/#website\",\"url\":\"https:\\\/\\\/boutique-one-piece.com\\\/\",\"name\":\"Boutique One Piece\",\"description\":\"Magasin Sp\u00e9cialis\u00e9 du Manga et l&#039;Anime One Piece\",\"publisher\":{\"@id\":\"https:\\\/\\\/boutique-one-piece.com\\\/#organization\"},\"potentialAction\":[{\"@type\":\"SearchAction\",\"target\":{\"@type\":\"EntryPoint\",\"urlTemplate\":\"https:\\\/\\\/boutique-one-piece.com\\\/?s={search_term_string}\"},\"query-input\":{\"@type\":\"PropertyValueSpecification\",\"valueRequired\":true,\"valueName\":\"search_term_string\"}}],\"inLanguage\":\"es\"},{\"@type\":\"Organization\",\"@id\":\"https:\\\/\\\/boutique-one-piece.com\\\/#organization\",\"name\":\"Boutique One Piece\",\"url\":\"https:\\\/\\\/boutique-one-piece.com\\\/\",\"logo\":{\"@type\":\"ImageObject\",\"inLanguage\":\"es\",\"@id\":\"https:\\\/\\\/boutique-one-piece.com\\\/#\\\/schema\\\/logo\\\/image\\\/\",\"url\":\"https:\\\/\\\/boutique-one-piece.com\\\/wp-content\\\/uploads\\\/2022\\\/09\\\/Logo-01.png\",\"contentUrl\":\"https:\\\/\\\/boutique-one-piece.com\\\/wp-content\\\/uploads\\\/2022\\\/09\\\/Logo-01.png\",\"width\":2318,\"height\":957,\"caption\":\"Boutique One Piece\"},\"image\":{\"@id\":\"https:\\\/\\\/boutique-one-piece.com\\\/#\\\/schema\\\/logo\\\/image\\\/\"}}]}<\/script>\n<!-- \/ Yoast SEO plugin. -->","yoast_head_json":{"title":"Traje de ba\u00f1o Aokiji vs. Akainu | Tienda de One Piece","description":"Shorts estampados de One Piece con Sakasuki y Kuzane del \u00e9pico enfrentamiento. Los fans del manga pirata deber\u00edan usar estos shorts de ba\u00f1o de su franquicia favorita.","robots":{"index":"index","follow":"follow","max-snippet":"max-snippet:-1","max-image-preview":"max-image-preview:large","max-video-preview":"max-video-preview:-1"},"canonical":"https:\/\/boutique-one-piece.com\/es\/ropa-de-una-pieza\/pantalones-cortos-de-bano-de-una-pieza\/banador-de-una-pieza-aokiji-vs-akainu\/","og_locale":"es_ES","og_type":"article","og_title":"Short De Bain Aokiji Vs Akainu | Boutique One Piece","og_description":"Short Imprim\u00e9 One Piece avec Sakasuki et Kuzane l'Affrontement \u00c9pic Fan de l'Univers du Manga de Pirates Portez ce Short de Bain de Votre Licence Pr\u00e9f\u00e9r\u00e9","og_url":"https:\/\/boutique-one-piece.com\/es\/ropa-de-una-pieza\/pantalones-cortos-de-bano-de-una-pieza\/banador-de-una-pieza-aokiji-vs-akainu\/","og_site_name":"Boutique One Piece","article_modified_time":"2024-09-16T11:12:02+00:00","og_image":[{"width":800,"height":800,"url":"https:\/\/boutique-one-piece.com\/wp-content\/uploads\/2022\/09\/Short-De-Bain-One-Piece-Aokiji-Vs-Akainu-1.jpg","type":"image\/jpeg"}],"twitter_card":"summary_large_image","twitter_misc":{"Tiempo de lectura":"2 minutos"},"schema":{"@context":"https:\/\/schema.org","@graph":[{"@type":"WebPage","@id":"https:\/\/boutique-one-piece.com\/vetements-one-piece\/shorts-de-bain-one-piece\/short-de-bain-one-piece-aokiji-vs-akainu\/","url":"https:\/\/boutique-one-piece.com\/vetements-one-piece\/shorts-de-bain-one-piece\/short-de-bain-one-piece-aokiji-vs-akainu\/","name":"Traje de ba\u00f1o Aokiji vs. Akainu | Tienda de One Piece","isPartOf":{"@id":"https:\/\/boutique-one-piece.com\/#website"},"primaryImageOfPage":{"@id":"https:\/\/boutique-one-piece.com\/vetements-one-piece\/shorts-de-bain-one-piece\/short-de-bain-one-piece-aokiji-vs-akainu\/#primaryimage"},"image":{"@id":"https:\/\/boutique-one-piece.com\/vetements-one-piece\/shorts-de-bain-one-piece\/short-de-bain-one-piece-aokiji-vs-akainu\/#primaryimage"},"thumbnailUrl":"https:\/\/boutique-one-piece.com\/wp-content\/uploads\/2022\/09\/Short-De-Bain-One-Piece-Aokiji-Vs-Akainu-1.jpg","datePublished":"2022-09-27T18:53:09+00:00","dateModified":"2024-09-16T11:12:02+00:00","description":"Shorts estampados de One Piece con Sakasuki y Kuzane del \u00e9pico enfrentamiento. Los fans del manga pirata deber\u00edan usar estos shorts de ba\u00f1o de su franquicia favorita.","breadcrumb":{"@id":"https:\/\/boutique-one-piece.com\/vetements-one-piece\/shorts-de-bain-one-piece\/short-de-bain-one-piece-aokiji-vs-akainu\/#breadcrumb"},"inLanguage":"es","potentialAction":[{"@type":"ReadAction","target":["https:\/\/boutique-one-piece.com\/vetements-one-piece\/shorts-de-bain-one-piece\/short-de-bain-one-piece-aokiji-vs-akainu\/"]}]},{"@type":"ImageObject","inLanguage":"es","@id":"https:\/\/boutique-one-piece.com\/vetements-one-piece\/shorts-de-bain-one-piece\/short-de-bain-one-piece-aokiji-vs-akainu\/#primaryimage","url":"https:\/\/boutique-one-piece.com\/wp-content\/uploads\/2022\/09\/Short-De-Bain-One-Piece-Aokiji-Vs-Akainu-1.jpg","contentUrl":"https:\/\/boutique-one-piece.com\/wp-content\/uploads\/2022\/09\/Short-De-Bain-One-Piece-Aokiji-Vs-Akainu-1.jpg","width":800,"height":800},{"@type":"BreadcrumbList","@id":"https:\/\/boutique-one-piece.com\/vetements-one-piece\/shorts-de-bain-one-piece\/short-de-bain-one-piece-aokiji-vs-akainu\/#breadcrumb","itemListElement":[{"@type":"ListItem","position":1,"name":"Home","item":"https:\/\/boutique-one-piece.com\/"},{"@type":"ListItem","position":2,"name":"Shop","item":"https:\/\/boutique-one-piece.com\/shop\/"},{"@type":"ListItem","position":3,"name":"Short De Bain One Piece Aokiji Vs Akainu"}]},{"@type":"WebSite","@id":"https:\/\/boutique-one-piece.com\/#website","url":"https:\/\/boutique-one-piece.com\/","name":"Tienda de One Piece","description":"Tienda especializada en manga y anime de One Piece","publisher":{"@id":"https:\/\/boutique-one-piece.com\/#organization"},"potentialAction":[{"@type":"SearchAction","target":{"@type":"EntryPoint","urlTemplate":"https:\/\/boutique-one-piece.com\/?s={search_term_string}"},"query-input":{"@type":"PropertyValueSpecification","valueRequired":true,"valueName":"search_term_string"}}],"inLanguage":"es"},{"@type":"Organization","@id":"https:\/\/boutique-one-piece.com\/#organization","name":"Tienda de One Piece","url":"https:\/\/boutique-one-piece.com\/","logo":{"@type":"ImageObject","inLanguage":"es","@id":"https:\/\/boutique-one-piece.com\/#\/schema\/logo\/image\/","url":"https:\/\/boutique-one-piece.com\/wp-content\/uploads\/2022\/09\/Logo-01.png","contentUrl":"https:\/\/boutique-one-piece.com\/wp-content\/uploads\/2022\/09\/Logo-01.png","width":2318,"height":957,"caption":"Boutique One Piece"},"image":{"@id":"https:\/\/boutique-one-piece.com\/#\/schema\/logo\/image\/"}}]}},"_links":{"self":[{"href":"https:\/\/boutique-one-piece.com\/es\/wp-json\/wp\/v2\/product\/8140","targetHints":{"allow":["GET"]}}],"collection":[{"href":"https:\/\/boutique-one-piece.com\/es\/wp-json\/wp\/v2\/product"}],"about":[{"href":"https:\/\/boutique-one-piece.com\/es\/wp-json\/wp\/v2\/types\/product"}],"replies":[{"embeddable":true,"href":"https:\/\/boutique-one-piece.com\/es\/wp-json\/wp\/v2\/comments?post=8140"}],"wp:featuredmedia":[{"embeddable":true,"href":"https:\/\/boutique-one-piece.com\/es\/wp-json\/wp\/v2\/media\/8142"}],"wp:attachment":[{"href":"https:\/\/boutique-one-piece.com\/es\/wp-json\/wp\/v2\/media?parent=8140"}],"wp:term":[{"taxonomy":"product_brand","embeddable":true,"href":"https:\/\/boutique-one-piece.com\/es\/wp-json\/wp\/v2\/product_brand?post=8140"},{"taxonomy":"product_cat","embeddable":true,"href":"https:\/\/boutique-one-piece.com\/es\/wp-json\/wp\/v2\/product_cat?post=8140"},{"taxonomy":"product_tag","embeddable":true,"href":"https:\/\/boutique-one-piece.com\/es\/wp-json\/wp\/v2\/product_tag?post=8140"}],"curies":[{"name":"wp","href":"https:\/\/api.w.org\/{rel}","templated":true}]}}