{"id":8385,"date":"2022-09-27T18:54:22","date_gmt":"2022-09-27T18:54:22","guid":{"rendered":"https:\/\/boutique-one-piece.com\/uncategorized\/lot-de-3-figurine-one-piece-les-freres-du-feu\/"},"modified":"2025-12-22T15:28:19","modified_gmt":"2025-12-22T15:28:19","slug":"conjunto-de-3-figuras-de-one-piece-los-hermanos-del-fuego","status":"publish","type":"product","link":"https:\/\/boutique-one-piece.com\/es\/figuras-de-one-piece\/figuras-de-sabo\/conjunto-de-3-figuras-de-one-piece-los-hermanos-del-fuego\/","title":{"rendered":"Conjunto de 3 figuras de los Hermanos del Fuego de One Piece"},"content":{"rendered":"<ul>\n<li><span><b><u>Figura de One Piece<\/u><\/b>\u00a0: Figurine\u00a0 premium de l\u2019univers One Piece pour les vrais pirates<\/span><\/li>\n<\/ul>\n<ul>\n<li>\n<b>Asunto<\/b><span>\u00a0<\/span>CLORURO DE POLIVINILO<\/li>\n<\/ul>\n<ul>\n<li><span><strong>Dimensi\u00f3n<\/strong>\u00a0:13 cent\u00edmetros<\/span><\/li>\n<\/ul>\n<ul>\n<li><span><strong>ENTREGA GRATUITA<\/strong><\/span><\/li>\n<\/ul>","protected":false},"excerpt":{"rendered":"<p>Figurine One Piece\u00a0: Figurine\u00a0 premium de l\u2019univers One Piece pour les vrais pirates Mati\u00e8re\u00a0: P.V.C Dimension\u00a0: 13 cm LIVRAISON OFFERTE<\/p>","protected":false},"featured_media":8387,"comment_status":"open","ping_status":"open","template":"","meta":[],"product_brand":[],"product_cat":[76,179,178],"product_tag":[176,180],"class_list":{"0":"post-8385","1":"product","2":"type-product","3":"status-publish","4":"has-post-thumbnail","6":"product_cat-figurines-one-piece","7":"product_cat-figurines-portgas-d-ace","8":"product_cat-figurines-sabo","9":"product_tag-ace","10":"product_tag-sabo","12":"first","13":"instock","14":"purchasable","15":"product-type-simple"},"yoast_head":"<!-- This site is optimized with the Yoast SEO plugin v27.5 - https:\/\/yoast.com\/product\/yoast-seo-wordpress\/ -->\n<title>Lot De 3 Figurine One Piece Les Fr\u00e8res Du Feu | Figurine One Piece \u2013 Boutique One Piece<\/title>\n<meta name=\"description\" content=\"Jeune flibustier, le moment est venu pour toi de te procurer ce Lot De 3 Figurine One Piece Les Fr\u00e8res Du Feu. Tu n&#039;es pas sans savoir que les fr\u00e8res de Luffy ont fait parler d&#039;eux dans tout le monde. L&#039;un est devenu un r\u00e9volutionnaire (Sabo) et l&#039;autre un membre haut plac\u00e9 dans l&#039;\u00e9quipage de Barbe Blanche (Ace), l&#039;hom\" \/>\n<meta name=\"robots\" content=\"index, follow, max-snippet:-1, max-image-preview:large, max-video-preview:-1\" \/>\n<link rel=\"canonical\" href=\"https:\/\/boutique-one-piece.com\/es\/figuras-de-one-piece\/figuras-de-portgas-dace\/conjunto-de-3-figuras-de-one-piece-los-hermanos-del-fuego\/\" \/>\n<meta property=\"og:locale\" content=\"es_ES\" \/>\n<meta property=\"og:type\" content=\"article\" \/>\n<meta property=\"og:title\" content=\"Lot De 3 Figurine One Piece Les Fr\u00e8res Du Feu | Figurine One Piece \u2013 Boutique One Piece\" \/>\n<meta property=\"og:description\" content=\"Jeune flibustier, le moment est venu pour toi de te procurer ce Lot De 3 Figurine One Piece Les Fr\u00e8res Du Feu. Tu n&#039;es pas sans savoir que les fr\u00e8res de Luffy ont fait parler d&#039;eux dans tout le monde. L&#039;un est devenu un r\u00e9volutionnaire (Sabo) et l&#039;autre un membre haut plac\u00e9 dans l&#039;\u00e9quipage de Barbe Blanche (Ace), l&#039;hom\" \/>\n<meta property=\"og:url\" content=\"https:\/\/boutique-one-piece.com\/es\/figuras-de-one-piece\/figuras-de-portgas-dace\/conjunto-de-3-figuras-de-one-piece-los-hermanos-del-fuego\/\" \/>\n<meta property=\"og:site_name\" content=\"Boutique One Piece\" \/>\n<meta property=\"article:modified_time\" content=\"2025-12-22T15:28:19+00:00\" \/>\n<meta property=\"og:image\" content=\"https:\/\/boutique-one-piece.com\/wp-content\/uploads\/2022\/09\/Lot-De-3-Figurine-One-Piece-Les-Freres-Du-Feu-1.jpg\" \/>\n\t<meta property=\"og:image:width\" content=\"560\" \/>\n\t<meta property=\"og:image:height\" content=\"560\" \/>\n\t<meta property=\"og:image:type\" content=\"image\/jpeg\" \/>\n<meta name=\"twitter:card\" content=\"summary_large_image\" \/>\n<meta name=\"twitter:label1\" content=\"Tiempo de lectura\" \/>\n\t<meta name=\"twitter:data1\" content=\"1 minuto\" \/>\n<script type=\"application\/ld+json\" class=\"yoast-schema-graph\">{\"@context\":\"https:\\\/\\\/schema.org\",\"@graph\":[{\"@type\":\"WebPage\",\"@id\":\"https:\\\/\\\/boutique-one-piece.com\\\/figurines-one-piece\\\/figurines-portgas-d-ace\\\/lot-de-3-figurine-one-piece-les-freres-du-feu\\\/\",\"url\":\"https:\\\/\\\/boutique-one-piece.com\\\/figurines-one-piece\\\/figurines-portgas-d-ace\\\/lot-de-3-figurine-one-piece-les-freres-du-feu\\\/\",\"name\":\"Lot De 3 Figurine One Piece Les Fr\u00e8res Du Feu | Figurine One Piece \u2013 Boutique One Piece\",\"isPartOf\":{\"@id\":\"https:\\\/\\\/boutique-one-piece.com\\\/#website\"},\"primaryImageOfPage\":{\"@id\":\"https:\\\/\\\/boutique-one-piece.com\\\/figurines-one-piece\\\/figurines-portgas-d-ace\\\/lot-de-3-figurine-one-piece-les-freres-du-feu\\\/#primaryimage\"},\"image\":{\"@id\":\"https:\\\/\\\/boutique-one-piece.com\\\/figurines-one-piece\\\/figurines-portgas-d-ace\\\/lot-de-3-figurine-one-piece-les-freres-du-feu\\\/#primaryimage\"},\"thumbnailUrl\":\"https:\\\/\\\/boutique-one-piece.com\\\/wp-content\\\/uploads\\\/2022\\\/09\\\/Lot-De-3-Figurine-One-Piece-Les-Freres-Du-Feu-1.jpg\",\"datePublished\":\"2022-09-27T18:54:22+00:00\",\"dateModified\":\"2025-12-22T15:28:19+00:00\",\"description\":\"Jeune flibustier, le moment est venu pour toi de te procurer ce Lot De 3 Figurine One Piece Les Fr\u00e8res Du Feu. Tu n'es pas sans savoir que les fr\u00e8res de Luffy ont fait parler d'eux dans tout le monde. L'un est devenu un r\u00e9volutionnaire (Sabo) et l'autre un membre haut plac\u00e9 dans l'\u00e9quipage de Barbe Blanche (Ace), l'hom\",\"breadcrumb\":{\"@id\":\"https:\\\/\\\/boutique-one-piece.com\\\/figurines-one-piece\\\/figurines-portgas-d-ace\\\/lot-de-3-figurine-one-piece-les-freres-du-feu\\\/#breadcrumb\"},\"inLanguage\":\"es\",\"potentialAction\":[{\"@type\":\"ReadAction\",\"target\":[\"https:\\\/\\\/boutique-one-piece.com\\\/figurines-one-piece\\\/figurines-portgas-d-ace\\\/lot-de-3-figurine-one-piece-les-freres-du-feu\\\/\"]}]},{\"@type\":\"ImageObject\",\"inLanguage\":\"es\",\"@id\":\"https:\\\/\\\/boutique-one-piece.com\\\/figurines-one-piece\\\/figurines-portgas-d-ace\\\/lot-de-3-figurine-one-piece-les-freres-du-feu\\\/#primaryimage\",\"url\":\"https:\\\/\\\/boutique-one-piece.com\\\/wp-content\\\/uploads\\\/2022\\\/09\\\/Lot-De-3-Figurine-One-Piece-Les-Freres-Du-Feu-1.jpg\",\"contentUrl\":\"https:\\\/\\\/boutique-one-piece.com\\\/wp-content\\\/uploads\\\/2022\\\/09\\\/Lot-De-3-Figurine-One-Piece-Les-Freres-Du-Feu-1.jpg\",\"width\":560,\"height\":560},{\"@type\":\"BreadcrumbList\",\"@id\":\"https:\\\/\\\/boutique-one-piece.com\\\/figurines-one-piece\\\/figurines-portgas-d-ace\\\/lot-de-3-figurine-one-piece-les-freres-du-feu\\\/#breadcrumb\",\"itemListElement\":[{\"@type\":\"ListItem\",\"position\":1,\"name\":\"Home\",\"item\":\"https:\\\/\\\/boutique-one-piece.com\\\/\"},{\"@type\":\"ListItem\",\"position\":2,\"name\":\"Shop\",\"item\":\"https:\\\/\\\/boutique-one-piece.com\\\/shop\\\/\"},{\"@type\":\"ListItem\",\"position\":3,\"name\":\"Lot De 3 Figurine One Piece Les Fr\u00e8res Du Feu\"}]},{\"@type\":\"WebSite\",\"@id\":\"https:\\\/\\\/boutique-one-piece.com\\\/#website\",\"url\":\"https:\\\/\\\/boutique-one-piece.com\\\/\",\"name\":\"Boutique One Piece\",\"description\":\"Magasin Sp\u00e9cialis\u00e9 du Manga et l&#039;Anime One Piece\",\"publisher\":{\"@id\":\"https:\\\/\\\/boutique-one-piece.com\\\/#organization\"},\"potentialAction\":[{\"@type\":\"SearchAction\",\"target\":{\"@type\":\"EntryPoint\",\"urlTemplate\":\"https:\\\/\\\/boutique-one-piece.com\\\/?s={search_term_string}\"},\"query-input\":{\"@type\":\"PropertyValueSpecification\",\"valueRequired\":true,\"valueName\":\"search_term_string\"}}],\"inLanguage\":\"es\"},{\"@type\":\"Organization\",\"@id\":\"https:\\\/\\\/boutique-one-piece.com\\\/#organization\",\"name\":\"Boutique One Piece\",\"url\":\"https:\\\/\\\/boutique-one-piece.com\\\/\",\"logo\":{\"@type\":\"ImageObject\",\"inLanguage\":\"es\",\"@id\":\"https:\\\/\\\/boutique-one-piece.com\\\/#\\\/schema\\\/logo\\\/image\\\/\",\"url\":\"https:\\\/\\\/boutique-one-piece.com\\\/wp-content\\\/uploads\\\/2022\\\/09\\\/Logo-01.png\",\"contentUrl\":\"https:\\\/\\\/boutique-one-piece.com\\\/wp-content\\\/uploads\\\/2022\\\/09\\\/Logo-01.png\",\"width\":2318,\"height\":957,\"caption\":\"Boutique One Piece\"},\"image\":{\"@id\":\"https:\\\/\\\/boutique-one-piece.com\\\/#\\\/schema\\\/logo\\\/image\\\/\"}}]}<\/script>\n<!-- \/ Yoast SEO plugin. -->","yoast_head_json":{"title":"Set de 3 figuras de los Hermanos del Fuego de One Piece | Figuras de One Piece \u2013 Tienda One Piece","description":"Joven bucanero, ha llegado el momento de que consigas este set de 3 figuras de los Hermanos del Fuego de One Piece. Seguramente sabes que los hermanos de Luffy se han hecho famosos en todo el mundo. Uno se convirti\u00f3 en un revolucionario (Sabo) y el otro en un miembro de alto rango de la tripulaci\u00f3n de Barbablanca (Ace), el h\u00e9roe.","robots":{"index":"index","follow":"follow","max-snippet":"max-snippet:-1","max-image-preview":"max-image-preview:large","max-video-preview":"max-video-preview:-1"},"canonical":"https:\/\/boutique-one-piece.com\/es\/figuras-de-one-piece\/figuras-de-portgas-dace\/conjunto-de-3-figuras-de-one-piece-los-hermanos-del-fuego\/","og_locale":"es_ES","og_type":"article","og_title":"Lot De 3 Figurine One Piece Les Fr\u00e8res Du Feu | Figurine One Piece \u2013 Boutique One Piece","og_description":"Jeune flibustier, le moment est venu pour toi de te procurer ce Lot De 3 Figurine One Piece Les Fr\u00e8res Du Feu. Tu n'es pas sans savoir que les fr\u00e8res de Luffy ont fait parler d'eux dans tout le monde. L'un est devenu un r\u00e9volutionnaire (Sabo) et l'autre un membre haut plac\u00e9 dans l'\u00e9quipage de Barbe Blanche (Ace), l'hom","og_url":"https:\/\/boutique-one-piece.com\/es\/figuras-de-one-piece\/figuras-de-portgas-dace\/conjunto-de-3-figuras-de-one-piece-los-hermanos-del-fuego\/","og_site_name":"Boutique One Piece","article_modified_time":"2025-12-22T15:28:19+00:00","og_image":[{"width":560,"height":560,"url":"https:\/\/boutique-one-piece.com\/wp-content\/uploads\/2022\/09\/Lot-De-3-Figurine-One-Piece-Les-Freres-Du-Feu-1.jpg","type":"image\/jpeg"}],"twitter_card":"summary_large_image","twitter_misc":{"Tiempo de lectura":"1 minuto"},"schema":{"@context":"https:\/\/schema.org","@graph":[{"@type":"WebPage","@id":"https:\/\/boutique-one-piece.com\/figurines-one-piece\/figurines-portgas-d-ace\/lot-de-3-figurine-one-piece-les-freres-du-feu\/","url":"https:\/\/boutique-one-piece.com\/figurines-one-piece\/figurines-portgas-d-ace\/lot-de-3-figurine-one-piece-les-freres-du-feu\/","name":"Set de 3 figuras de los Hermanos del Fuego de One Piece | Figuras de One Piece \u2013 Tienda One Piece","isPartOf":{"@id":"https:\/\/boutique-one-piece.com\/#website"},"primaryImageOfPage":{"@id":"https:\/\/boutique-one-piece.com\/figurines-one-piece\/figurines-portgas-d-ace\/lot-de-3-figurine-one-piece-les-freres-du-feu\/#primaryimage"},"image":{"@id":"https:\/\/boutique-one-piece.com\/figurines-one-piece\/figurines-portgas-d-ace\/lot-de-3-figurine-one-piece-les-freres-du-feu\/#primaryimage"},"thumbnailUrl":"https:\/\/boutique-one-piece.com\/wp-content\/uploads\/2022\/09\/Lot-De-3-Figurine-One-Piece-Les-Freres-Du-Feu-1.jpg","datePublished":"2022-09-27T18:54:22+00:00","dateModified":"2025-12-22T15:28:19+00:00","description":"Joven bucanero, ha llegado el momento de que consigas este set de 3 figuras de los Hermanos del Fuego de One Piece. Seguramente sabes que los hermanos de Luffy se han hecho famosos en todo el mundo. Uno se convirti\u00f3 en un revolucionario (Sabo) y el otro en un miembro de alto rango de la tripulaci\u00f3n de Barbablanca (Ace), el h\u00e9roe.","breadcrumb":{"@id":"https:\/\/boutique-one-piece.com\/figurines-one-piece\/figurines-portgas-d-ace\/lot-de-3-figurine-one-piece-les-freres-du-feu\/#breadcrumb"},"inLanguage":"es","potentialAction":[{"@type":"ReadAction","target":["https:\/\/boutique-one-piece.com\/figurines-one-piece\/figurines-portgas-d-ace\/lot-de-3-figurine-one-piece-les-freres-du-feu\/"]}]},{"@type":"ImageObject","inLanguage":"es","@id":"https:\/\/boutique-one-piece.com\/figurines-one-piece\/figurines-portgas-d-ace\/lot-de-3-figurine-one-piece-les-freres-du-feu\/#primaryimage","url":"https:\/\/boutique-one-piece.com\/wp-content\/uploads\/2022\/09\/Lot-De-3-Figurine-One-Piece-Les-Freres-Du-Feu-1.jpg","contentUrl":"https:\/\/boutique-one-piece.com\/wp-content\/uploads\/2022\/09\/Lot-De-3-Figurine-One-Piece-Les-Freres-Du-Feu-1.jpg","width":560,"height":560},{"@type":"BreadcrumbList","@id":"https:\/\/boutique-one-piece.com\/figurines-one-piece\/figurines-portgas-d-ace\/lot-de-3-figurine-one-piece-les-freres-du-feu\/#breadcrumb","itemListElement":[{"@type":"ListItem","position":1,"name":"Home","item":"https:\/\/boutique-one-piece.com\/"},{"@type":"ListItem","position":2,"name":"Shop","item":"https:\/\/boutique-one-piece.com\/shop\/"},{"@type":"ListItem","position":3,"name":"Lot De 3 Figurine One Piece Les Fr\u00e8res Du Feu"}]},{"@type":"WebSite","@id":"https:\/\/boutique-one-piece.com\/#website","url":"https:\/\/boutique-one-piece.com\/","name":"Tienda de One Piece","description":"Tienda especializada en manga y anime de One Piece","publisher":{"@id":"https:\/\/boutique-one-piece.com\/#organization"},"potentialAction":[{"@type":"SearchAction","target":{"@type":"EntryPoint","urlTemplate":"https:\/\/boutique-one-piece.com\/?s={search_term_string}"},"query-input":{"@type":"PropertyValueSpecification","valueRequired":true,"valueName":"search_term_string"}}],"inLanguage":"es"},{"@type":"Organization","@id":"https:\/\/boutique-one-piece.com\/#organization","name":"Tienda de One Piece","url":"https:\/\/boutique-one-piece.com\/","logo":{"@type":"ImageObject","inLanguage":"es","@id":"https:\/\/boutique-one-piece.com\/#\/schema\/logo\/image\/","url":"https:\/\/boutique-one-piece.com\/wp-content\/uploads\/2022\/09\/Logo-01.png","contentUrl":"https:\/\/boutique-one-piece.com\/wp-content\/uploads\/2022\/09\/Logo-01.png","width":2318,"height":957,"caption":"Boutique One Piece"},"image":{"@id":"https:\/\/boutique-one-piece.com\/#\/schema\/logo\/image\/"}}]}},"_links":{"self":[{"href":"https:\/\/boutique-one-piece.com\/es\/wp-json\/wp\/v2\/product\/8385","targetHints":{"allow":["GET"]}}],"collection":[{"href":"https:\/\/boutique-one-piece.com\/es\/wp-json\/wp\/v2\/product"}],"about":[{"href":"https:\/\/boutique-one-piece.com\/es\/wp-json\/wp\/v2\/types\/product"}],"replies":[{"embeddable":true,"href":"https:\/\/boutique-one-piece.com\/es\/wp-json\/wp\/v2\/comments?post=8385"}],"wp:featuredmedia":[{"embeddable":true,"href":"https:\/\/boutique-one-piece.com\/es\/wp-json\/wp\/v2\/media\/8387"}],"wp:attachment":[{"href":"https:\/\/boutique-one-piece.com\/es\/wp-json\/wp\/v2\/media?parent=8385"}],"wp:term":[{"taxonomy":"product_brand","embeddable":true,"href":"https:\/\/boutique-one-piece.com\/es\/wp-json\/wp\/v2\/product_brand?post=8385"},{"taxonomy":"product_cat","embeddable":true,"href":"https:\/\/boutique-one-piece.com\/es\/wp-json\/wp\/v2\/product_cat?post=8385"},{"taxonomy":"product_tag","embeddable":true,"href":"https:\/\/boutique-one-piece.com\/es\/wp-json\/wp\/v2\/product_tag?post=8385"}],"curies":[{"name":"wp","href":"https:\/\/api.w.org\/{rel}","templated":true}]}}