{"id":8465,"date":"2022-09-27T20:13:08","date_gmt":"2022-09-27T20:13:08","guid":{"rendered":"https:\/\/boutique-one-piece.com\/uncategorized\/avis-de-recherche-one-piece-kaido-wanted\/"},"modified":"2024-09-16T11:19:26","modified_gmt":"2024-09-16T11:19:26","slug":"aviso-de-busqueda-one-piece-kaido-wanted","status":"publish","type":"product","link":"https:\/\/boutique-one-piece.com\/es\/decoraciones-de-one-piece\/aviso-de-busqueda-one-piece-kaido-wanted\/","title":{"rendered":"Aviso de b\u00fasqueda de Kaido"},"content":{"rendered":"<h2>Si te gustan los piratas con una fuerza monstruosa, prueba este p\u00f3ster de Kaido Wanted.<\/h2>\n<p>Kaido es un <strong>emperador<\/strong> del Nuevo Mundo, lo que lo convierte en uno de los piratas m\u00e1s fuertes y temidos del mundo. Es conocido como el <strong>la bestia m\u00e1s poderosa<\/strong> en este mundo.<\/p>\n<p>Kaido busca la forma de morir; cabe destacar que ha sido condenado a muerte en numerosas ocasiones sin morir jam\u00e1s. La primera vez que lo vemos, se lanza desde una isla en el cielo (a 10 km sobre la Tierra) porque Barbablanca le aconsej\u00f3 que lo intentara como forma de suicidio. Aterriza en el cuartel general de Eustass Kid y lo derrota r\u00e1pidamente, tom\u00e1ndolo prisionero a \u00e9l y a su tripulaci\u00f3n.<\/p>\n<h3>No te dejes intimidar por esa enorme recompensa por el cartel de b\u00fasqueda de Kaido.<\/h3>\n<p>Kaido lucha con una maza con p\u00faas, una <strong>Kanabo<\/strong> Gigantesco. \u00c9l gobierna la Tierra de Wano junto con Orochi y ser\u00e1 el principal antagonista del arco del Pa\u00eds de Wano. Comi\u00f3 la Fruta del Diablo de... <strong>Uo Uo no mi<\/strong> Es un Zoan Antiguo que le permite transformarse en drag\u00f3n. La recompensa por la cabeza de Kaido es de 4.611.100.000 Bayas.<\/p>\n<p>Si te apasionan las grandes sumas de dinero, esto <a href=\"https:\/\/boutique-one-piece.com\/es\/cartel-de-busqueda-de-one-piece-charlotte-linlin\/\" target=\"_blank\" title=\"Charlotte Linlin quer\u00eda\" rel=\"noopener noreferrer\">Aviso de b\u00fasqueda de Charlotte Linlin<\/a> Ve y date un capricho.<\/p>\n<h2>Informaci\u00f3n sobre el p\u00f3ster de One Piece Wanted Kaido of the Hundred Beasts<\/h2>\n<ul>\n<li><span><b><u>P\u00f3ster de Se busca de One Piece<\/u><\/b>\u00a0Un aut\u00e9ntico cartel de b\u00fasqueda de One Piece para verdaderos piratas.<\/span><\/li>\n<\/ul>\n<ul>\n<li>\n<b><u>La recompensa de Kaido<\/u><\/b>\u00a04.611.100.000 bayas<\/li>\n<\/ul>\n<ul>\n<li><span><strong>Impresi\u00f3n de alta calidad<\/strong>\u00a0colores precisos<\/span><\/li>\n<\/ul>\n<ul>\n<li>\n<strong>Dimensi\u00f3n<\/strong>\u00a0: 30 cm x 21 cm y 42 cm x 30 cm<\/li>\n<\/ul>\n<ul>\n<li><span><strong>ENTREGA GRATUITA<\/strong><\/span><\/li>\n<\/ul>\n<div id=\"gtx-trans\" style=\"position: absolute; left: 673px; top: 49px;\">\n<div class=\"gtx-trans-icon\"><\/div>\n<\/div>","protected":false},"excerpt":{"rendered":"<p>Si te gustan los piratas con una fuerza monstruosa, este p\u00f3ster de &quot;Se busca Kaido&quot; es para ti. Kaido es un emperador del Nuevo Mundo, lo que lo convierte en uno de los piratas m\u00e1s fuertes y temidos del mundo. Es conocido como la bestia m\u00e1s poderosa del mundo. Kaido es [\u2026]<\/p>","protected":false},"featured_media":8467,"comment_status":"open","ping_status":"open","template":"","meta":[],"product_brand":[],"product_cat":[171,150],"product_tag":[],"class_list":{"0":"post-8465","1":"product","2":"type-product","3":"status-publish","4":"has-post-thumbnail","6":"product_cat-avis-de-recherche-one-piece","7":"product_cat-decorations-one-piece","9":"first","10":"instock","11":"purchasable","12":"product-type-variable","13":"has-default-attributes"},"yoast_head":"<!-- This site is optimized with the Yoast SEO plugin v27.5 - https:\/\/yoast.com\/product\/yoast-seo-wordpress\/ -->\n<title>Avis de Recherche One Piece Kaido Wanted | D\u00e9coration One Piece \u2013 Boutique One Piece<\/title>\n<meta name=\"description\" content=\"Si tu aimes les pirates \u00e0 la force monstrueuse, laisse-toi tenter par cet Avis de Recherche Kaido Wanted. Kaido est un empereur du Nouveau Monde, ce qui en fait un des pirates les plus forts du monde et les plus craints. Il est connu comme la b\u00eate la plus puissante en ce monde. Kaido est \u00e0 la recherche d&#039;une mani\u00e8re de\" \/>\n<meta name=\"robots\" content=\"index, follow, max-snippet:-1, max-image-preview:large, max-video-preview:-1\" \/>\n<link rel=\"canonical\" href=\"https:\/\/boutique-one-piece.com\/es\/cartel-de-busqueda-de-one-piece\/aviso-de-busqueda-one-piece-kaido-wanted\/\" \/>\n<meta property=\"og:locale\" content=\"es_ES\" \/>\n<meta property=\"og:type\" content=\"article\" \/>\n<meta property=\"og:title\" content=\"Avis de Recherche One Piece Kaido Wanted | D\u00e9coration One Piece \u2013 Boutique One Piece\" \/>\n<meta property=\"og:description\" content=\"Si tu aimes les pirates \u00e0 la force monstrueuse, laisse-toi tenter par cet Avis de Recherche Kaido Wanted. Kaido est un empereur du Nouveau Monde, ce qui en fait un des pirates les plus forts du monde et les plus craints. Il est connu comme la b\u00eate la plus puissante en ce monde. Kaido est \u00e0 la recherche d&#039;une mani\u00e8re de\" \/>\n<meta property=\"og:url\" content=\"https:\/\/boutique-one-piece.com\/es\/cartel-de-busqueda-de-one-piece\/aviso-de-busqueda-one-piece-kaido-wanted\/\" \/>\n<meta property=\"og:site_name\" content=\"Boutique One Piece\" \/>\n<meta property=\"article:modified_time\" content=\"2024-09-16T11:19:26+00:00\" \/>\n<meta property=\"og:image\" content=\"https:\/\/boutique-one-piece.com\/wp-content\/uploads\/2022\/09\/Avis-de-Recherche-Kaido-Wanted.jpg\" \/>\n\t<meta property=\"og:image:width\" content=\"800\" \/>\n\t<meta property=\"og:image:height\" content=\"800\" \/>\n\t<meta property=\"og:image:type\" content=\"image\/jpeg\" \/>\n<meta name=\"twitter:card\" content=\"summary_large_image\" \/>\n<meta name=\"twitter:label1\" content=\"Tiempo de lectura\" \/>\n\t<meta name=\"twitter:data1\" content=\"1 minuto\" \/>\n<script type=\"application\/ld+json\" class=\"yoast-schema-graph\">{\"@context\":\"https:\\\/\\\/schema.org\",\"@graph\":[{\"@type\":\"WebPage\",\"@id\":\"https:\\\/\\\/boutique-one-piece.com\\\/avis-de-recherche-one-piece\\\/avis-de-recherche-one-piece-kaido-wanted\\\/\",\"url\":\"https:\\\/\\\/boutique-one-piece.com\\\/avis-de-recherche-one-piece\\\/avis-de-recherche-one-piece-kaido-wanted\\\/\",\"name\":\"Avis de Recherche One Piece Kaido Wanted | D\u00e9coration One Piece \u2013 Boutique One Piece\",\"isPartOf\":{\"@id\":\"https:\\\/\\\/boutique-one-piece.com\\\/#website\"},\"primaryImageOfPage\":{\"@id\":\"https:\\\/\\\/boutique-one-piece.com\\\/avis-de-recherche-one-piece\\\/avis-de-recherche-one-piece-kaido-wanted\\\/#primaryimage\"},\"image\":{\"@id\":\"https:\\\/\\\/boutique-one-piece.com\\\/avis-de-recherche-one-piece\\\/avis-de-recherche-one-piece-kaido-wanted\\\/#primaryimage\"},\"thumbnailUrl\":\"https:\\\/\\\/boutique-one-piece.com\\\/wp-content\\\/uploads\\\/2022\\\/09\\\/Avis-de-Recherche-Kaido-Wanted.jpg\",\"datePublished\":\"2022-09-27T20:13:08+00:00\",\"dateModified\":\"2024-09-16T11:19:26+00:00\",\"description\":\"Si tu aimes les pirates \u00e0 la force monstrueuse, laisse-toi tenter par cet Avis de Recherche Kaido Wanted. Kaido est un empereur du Nouveau Monde, ce qui en fait un des pirates les plus forts du monde et les plus craints. Il est connu comme la b\u00eate la plus puissante en ce monde. Kaido est \u00e0 la recherche d'une mani\u00e8re de\",\"breadcrumb\":{\"@id\":\"https:\\\/\\\/boutique-one-piece.com\\\/avis-de-recherche-one-piece\\\/avis-de-recherche-one-piece-kaido-wanted\\\/#breadcrumb\"},\"inLanguage\":\"es\",\"potentialAction\":[{\"@type\":\"ReadAction\",\"target\":[\"https:\\\/\\\/boutique-one-piece.com\\\/avis-de-recherche-one-piece\\\/avis-de-recherche-one-piece-kaido-wanted\\\/\"]}]},{\"@type\":\"ImageObject\",\"inLanguage\":\"es\",\"@id\":\"https:\\\/\\\/boutique-one-piece.com\\\/avis-de-recherche-one-piece\\\/avis-de-recherche-one-piece-kaido-wanted\\\/#primaryimage\",\"url\":\"https:\\\/\\\/boutique-one-piece.com\\\/wp-content\\\/uploads\\\/2022\\\/09\\\/Avis-de-Recherche-Kaido-Wanted.jpg\",\"contentUrl\":\"https:\\\/\\\/boutique-one-piece.com\\\/wp-content\\\/uploads\\\/2022\\\/09\\\/Avis-de-Recherche-Kaido-Wanted.jpg\",\"width\":800,\"height\":800,\"caption\":\"Avis de Recherche Kaido Wanted 42 x 30 cm\"},{\"@type\":\"BreadcrumbList\",\"@id\":\"https:\\\/\\\/boutique-one-piece.com\\\/avis-de-recherche-one-piece\\\/avis-de-recherche-one-piece-kaido-wanted\\\/#breadcrumb\",\"itemListElement\":[{\"@type\":\"ListItem\",\"position\":1,\"name\":\"Home\",\"item\":\"https:\\\/\\\/boutique-one-piece.com\\\/\"},{\"@type\":\"ListItem\",\"position\":2,\"name\":\"Shop\",\"item\":\"https:\\\/\\\/boutique-one-piece.com\\\/shop\\\/\"},{\"@type\":\"ListItem\",\"position\":3,\"name\":\"Avis de Recherche Kaido Wanted\"}]},{\"@type\":\"WebSite\",\"@id\":\"https:\\\/\\\/boutique-one-piece.com\\\/#website\",\"url\":\"https:\\\/\\\/boutique-one-piece.com\\\/\",\"name\":\"Boutique One Piece\",\"description\":\"Magasin Sp\u00e9cialis\u00e9 du Manga et l&#039;Anime One Piece\",\"publisher\":{\"@id\":\"https:\\\/\\\/boutique-one-piece.com\\\/#organization\"},\"potentialAction\":[{\"@type\":\"SearchAction\",\"target\":{\"@type\":\"EntryPoint\",\"urlTemplate\":\"https:\\\/\\\/boutique-one-piece.com\\\/?s={search_term_string}\"},\"query-input\":{\"@type\":\"PropertyValueSpecification\",\"valueRequired\":true,\"valueName\":\"search_term_string\"}}],\"inLanguage\":\"es\"},{\"@type\":\"Organization\",\"@id\":\"https:\\\/\\\/boutique-one-piece.com\\\/#organization\",\"name\":\"Boutique One Piece\",\"url\":\"https:\\\/\\\/boutique-one-piece.com\\\/\",\"logo\":{\"@type\":\"ImageObject\",\"inLanguage\":\"es\",\"@id\":\"https:\\\/\\\/boutique-one-piece.com\\\/#\\\/schema\\\/logo\\\/image\\\/\",\"url\":\"https:\\\/\\\/boutique-one-piece.com\\\/wp-content\\\/uploads\\\/2022\\\/09\\\/Logo-01.png\",\"contentUrl\":\"https:\\\/\\\/boutique-one-piece.com\\\/wp-content\\\/uploads\\\/2022\\\/09\\\/Logo-01.png\",\"width\":2318,\"height\":957,\"caption\":\"Boutique One Piece\"},\"image\":{\"@id\":\"https:\\\/\\\/boutique-one-piece.com\\\/#\\\/schema\\\/logo\\\/image\\\/\"}}]}<\/script>\n<!-- \/ Yoast SEO plugin. -->","yoast_head_json":{"title":"P\u00f3ster de One Piece: Se busca Kaido | Decoraciones de One Piece \u2013 Tienda de One Piece","description":"Si te encantan los piratas con una fuerza monstruosa, este p\u00f3ster de &quot;Se busca Kaido&quot; es para ti. Kaido es un emperador del Nuevo Mundo, lo que lo convierte en uno de los piratas m\u00e1s fuertes y temidos del mundo. Es conocido como la bestia m\u00e1s poderosa del mundo. Kaido busca la manera de...","robots":{"index":"index","follow":"follow","max-snippet":"max-snippet:-1","max-image-preview":"max-image-preview:large","max-video-preview":"max-video-preview:-1"},"canonical":"https:\/\/boutique-one-piece.com\/es\/cartel-de-busqueda-de-one-piece\/aviso-de-busqueda-one-piece-kaido-wanted\/","og_locale":"es_ES","og_type":"article","og_title":"Avis de Recherche One Piece Kaido Wanted | D\u00e9coration One Piece \u2013 Boutique One Piece","og_description":"Si tu aimes les pirates \u00e0 la force monstrueuse, laisse-toi tenter par cet Avis de Recherche Kaido Wanted. Kaido est un empereur du Nouveau Monde, ce qui en fait un des pirates les plus forts du monde et les plus craints. Il est connu comme la b\u00eate la plus puissante en ce monde. Kaido est \u00e0 la recherche d'une mani\u00e8re de","og_url":"https:\/\/boutique-one-piece.com\/es\/cartel-de-busqueda-de-one-piece\/aviso-de-busqueda-one-piece-kaido-wanted\/","og_site_name":"Boutique One Piece","article_modified_time":"2024-09-16T11:19:26+00:00","og_image":[{"width":800,"height":800,"url":"https:\/\/boutique-one-piece.com\/wp-content\/uploads\/2022\/09\/Avis-de-Recherche-Kaido-Wanted.jpg","type":"image\/jpeg"}],"twitter_card":"summary_large_image","twitter_misc":{"Tiempo de lectura":"1 minuto"},"schema":{"@context":"https:\/\/schema.org","@graph":[{"@type":"WebPage","@id":"https:\/\/boutique-one-piece.com\/avis-de-recherche-one-piece\/avis-de-recherche-one-piece-kaido-wanted\/","url":"https:\/\/boutique-one-piece.com\/avis-de-recherche-one-piece\/avis-de-recherche-one-piece-kaido-wanted\/","name":"P\u00f3ster de One Piece: Se busca Kaido | Decoraciones de One Piece \u2013 Tienda de One Piece","isPartOf":{"@id":"https:\/\/boutique-one-piece.com\/#website"},"primaryImageOfPage":{"@id":"https:\/\/boutique-one-piece.com\/avis-de-recherche-one-piece\/avis-de-recherche-one-piece-kaido-wanted\/#primaryimage"},"image":{"@id":"https:\/\/boutique-one-piece.com\/avis-de-recherche-one-piece\/avis-de-recherche-one-piece-kaido-wanted\/#primaryimage"},"thumbnailUrl":"https:\/\/boutique-one-piece.com\/wp-content\/uploads\/2022\/09\/Avis-de-Recherche-Kaido-Wanted.jpg","datePublished":"2022-09-27T20:13:08+00:00","dateModified":"2024-09-16T11:19:26+00:00","description":"Si te encantan los piratas con una fuerza monstruosa, este p\u00f3ster de &quot;Se busca Kaido&quot; es para ti. Kaido es un emperador del Nuevo Mundo, lo que lo convierte en uno de los piratas m\u00e1s fuertes y temidos del mundo. Es conocido como la bestia m\u00e1s poderosa del mundo. Kaido busca la manera de...","breadcrumb":{"@id":"https:\/\/boutique-one-piece.com\/avis-de-recherche-one-piece\/avis-de-recherche-one-piece-kaido-wanted\/#breadcrumb"},"inLanguage":"es","potentialAction":[{"@type":"ReadAction","target":["https:\/\/boutique-one-piece.com\/avis-de-recherche-one-piece\/avis-de-recherche-one-piece-kaido-wanted\/"]}]},{"@type":"ImageObject","inLanguage":"es","@id":"https:\/\/boutique-one-piece.com\/avis-de-recherche-one-piece\/avis-de-recherche-one-piece-kaido-wanted\/#primaryimage","url":"https:\/\/boutique-one-piece.com\/wp-content\/uploads\/2022\/09\/Avis-de-Recherche-Kaido-Wanted.jpg","contentUrl":"https:\/\/boutique-one-piece.com\/wp-content\/uploads\/2022\/09\/Avis-de-Recherche-Kaido-Wanted.jpg","width":800,"height":800,"caption":"Avis de Recherche Kaido Wanted 42 x 30 cm"},{"@type":"BreadcrumbList","@id":"https:\/\/boutique-one-piece.com\/avis-de-recherche-one-piece\/avis-de-recherche-one-piece-kaido-wanted\/#breadcrumb","itemListElement":[{"@type":"ListItem","position":1,"name":"Home","item":"https:\/\/boutique-one-piece.com\/"},{"@type":"ListItem","position":2,"name":"Shop","item":"https:\/\/boutique-one-piece.com\/shop\/"},{"@type":"ListItem","position":3,"name":"Avis de Recherche Kaido Wanted"}]},{"@type":"WebSite","@id":"https:\/\/boutique-one-piece.com\/#website","url":"https:\/\/boutique-one-piece.com\/","name":"Tienda de One Piece","description":"Tienda especializada en manga y anime de One Piece","publisher":{"@id":"https:\/\/boutique-one-piece.com\/#organization"},"potentialAction":[{"@type":"SearchAction","target":{"@type":"EntryPoint","urlTemplate":"https:\/\/boutique-one-piece.com\/?s={search_term_string}"},"query-input":{"@type":"PropertyValueSpecification","valueRequired":true,"valueName":"search_term_string"}}],"inLanguage":"es"},{"@type":"Organization","@id":"https:\/\/boutique-one-piece.com\/#organization","name":"Tienda de One Piece","url":"https:\/\/boutique-one-piece.com\/","logo":{"@type":"ImageObject","inLanguage":"es","@id":"https:\/\/boutique-one-piece.com\/#\/schema\/logo\/image\/","url":"https:\/\/boutique-one-piece.com\/wp-content\/uploads\/2022\/09\/Logo-01.png","contentUrl":"https:\/\/boutique-one-piece.com\/wp-content\/uploads\/2022\/09\/Logo-01.png","width":2318,"height":957,"caption":"Boutique One Piece"},"image":{"@id":"https:\/\/boutique-one-piece.com\/#\/schema\/logo\/image\/"}}]}},"_links":{"self":[{"href":"https:\/\/boutique-one-piece.com\/es\/wp-json\/wp\/v2\/product\/8465","targetHints":{"allow":["GET"]}}],"collection":[{"href":"https:\/\/boutique-one-piece.com\/es\/wp-json\/wp\/v2\/product"}],"about":[{"href":"https:\/\/boutique-one-piece.com\/es\/wp-json\/wp\/v2\/types\/product"}],"replies":[{"embeddable":true,"href":"https:\/\/boutique-one-piece.com\/es\/wp-json\/wp\/v2\/comments?post=8465"}],"wp:featuredmedia":[{"embeddable":true,"href":"https:\/\/boutique-one-piece.com\/es\/wp-json\/wp\/v2\/media\/8467"}],"wp:attachment":[{"href":"https:\/\/boutique-one-piece.com\/es\/wp-json\/wp\/v2\/media?parent=8465"}],"wp:term":[{"taxonomy":"product_brand","embeddable":true,"href":"https:\/\/boutique-one-piece.com\/es\/wp-json\/wp\/v2\/product_brand?post=8465"},{"taxonomy":"product_cat","embeddable":true,"href":"https:\/\/boutique-one-piece.com\/es\/wp-json\/wp\/v2\/product_cat?post=8465"},{"taxonomy":"product_tag","embeddable":true,"href":"https:\/\/boutique-one-piece.com\/es\/wp-json\/wp\/v2\/product_tag?post=8465"}],"curies":[{"name":"wp","href":"https:\/\/api.w.org\/{rel}","templated":true}]}}