{"id":8590,"date":"2022-09-27T20:13:41","date_gmt":"2022-09-27T20:13:41","guid":{"rendered":"https:\/\/boutique-one-piece.com\/uncategorized\/avis-de-recherche-one-piece-portgas-d-ace-wanted\/"},"modified":"2024-10-12T18:24:17","modified_gmt":"2024-10-12T18:24:17","slug":"cartel-de-busqueda-de-one-piece-portgas-d-ace","status":"publish","type":"product","link":"https:\/\/boutique-one-piece.com\/es\/decoraciones-de-one-piece\/cartel-de-busqueda-de-one-piece-portgas-d-ace\/","title":{"rendered":"Se busca Portgas D. Ace"},"content":{"rendered":"<h2>Joven Nakama, ha llegado el momento de que consigas este aviso de b\u00fasqueda de Portgas D. Ace.<\/h2>\n<p>Como recordatorio, Portgas D. Ace, conocido como<strong>&#039;As con pu\u00f1os ardientes&#039;<\/strong>\u00a0est le fr\u00e8re spirituel de Monkey D. Luffy et de Sabo. Il est le seul fils du d\u00e9funt Roi des Pirates Gol D. Roger et de son \u00e9pouse Portgas D. Rouge. D\u2019ailleurs, l\u2019<a title=\"SE BUSCA: GOLD ROGER\" href=\"https:\/\/boutique-one-piece.com\/es\/decoracion-de-una-pieza\/productos\/poster-de-one-piece-gold-se-busca-roger\/\" target=\"_blank\" rel=\"noopener\">Cartel de &quot;Se busca Roger dorado&quot;<\/a> est \u00e0 ta port\u00e9e de main. Pour en revenir \u00e0 Ace, tu dois savoir qu\u2019il \u00e9tait en bon terme avec l\u2019\u00e9quipage de son fr\u00e8re apr\u00e8s les avoir sauv\u00e9 d\u2019une capture par Smoker \u00e0 Alabasta.<\/p>\n<p>Dans l\u2019anime, il les a accompagn\u00e9 dans le d\u00e9sert jusqu\u2019\u00e0 une oasis o\u00f9 il esp\u00e9rait trouver Barbe Noire. L\u2019\u00e9quipage de Luffy a \u00e9t\u00e9 \u00e9galement affect\u00e9 par<strong> la noticia de su muerte<\/strong>. Comme tu peux le voir, sa prime s\u2019\u00e9levait \u00e0 550.000.000 Berry.<\/p>\n<h3>Alors, conquis par l\u2019avis de recherche de Portgas D. Ace ? Si tel est le cas, tu sais ce qu\u2019il te reste \u00e0 faire. Empare-toi de cette affiche et colle-la sur ton mur, tu rendras un bel hommage \u00e0 Ace.<\/h3>\n<p><strong>Una pieza<\/strong> est le manga qui se d\u00e9roule dans un monde fictif domin\u00e9 par les oc\u00e9ans, o\u00f9 certains pirates aspirent \u00e0 une \u00e8re de libert\u00e9 et d\u2019aventure connue comme \u00ab l\u2019\u00e2ge d\u2019or de la piraterie \u00bb. Si toi aussi tu affectionnes cet univers, procure-toi sans plus attendre ces objets mythiques. Parfaits pour offrir, d\u00e9corer ou encore collectionner,\u00a0ces objets viendront agrandir<strong> tu universo de One Piece<\/strong>.<\/p>\n<h2>Informations sur l\u2019Affiche One Piece Wanted\u00a0Ace aux Poings Ardents<\/h2>\n<ul>\n<li><b><u>P\u00f3ster de Se busca de One Piece<\/u><\/b>\u00a0: v\u00e9ritable Avis De Recherche de l\u2019univers One Piece pour les vrais pirates<\/li>\n<\/ul>\n<ul>\n<li><b><u>La recompensa de Portgas D. Ace<\/u><\/b>\u00a0550.000.000 bayas<\/li>\n<\/ul>\n<ul>\n<li><strong>Impresi\u00f3n de alta calidad<\/strong>\u00a0colores precisos<\/li>\n<\/ul>\n<ul>\n<li><strong>Dimensi\u00f3n<\/strong> :52 cm x 36 cm<\/li>\n<\/ul>\n<ul>\n<li><strong>ENTREGA GRATUITA<\/strong><\/li>\n<\/ul>\n<div id=\"gtx-trans\" style=\"position: absolute;left: 715px;top: 49px\">\n<div class=\"gtx-trans-icon\"><\/div>\n<\/div>","protected":false},"excerpt":{"rendered":"<p>Joven Nakama, ha llegado el momento de que consigas este p\u00f3ster de &quot;Se busca&quot; de Portgas D. Ace. Te recordamos que Portgas D. Ace, conocido como Ace del Pu\u00f1o de Fuego, es el hermano jurado de Monkey D. Luffy y Sabo. Es el \u00fanico hijo del difunto Rey Pirata Gol D. Roger [\u2026]<\/p>","protected":false},"featured_media":19964,"comment_status":"open","ping_status":"open","template":"","meta":[],"product_brand":[],"product_cat":[171,150],"product_tag":[],"class_list":{"0":"post-8590","1":"product","2":"type-product","3":"status-publish","4":"has-post-thumbnail","6":"product_cat-avis-de-recherche-one-piece","7":"product_cat-decorations-one-piece","9":"first","10":"instock","11":"purchasable","12":"product-type-simple"},"yoast_head":"<!-- This site is optimized with the Yoast SEO plugin v27.5 - https:\/\/yoast.com\/product\/yoast-seo-wordpress\/ -->\n<title>Avis de Recherche One Piece Portgas D. Ace Wanted | D\u00e9coration One Piece \u2013 Boutique One Piece<\/title>\n<meta name=\"description\" content=\"Jeune Nakama, le moment est venu pour toi de te procurer cet Avis de Recherche Portgas D. Ace Wanted. Pour rappel, Portgas D. Ace, connu sous le nom d\u2019Ace aux Poings Ardents\u00a0est le fr\u00e8re spirituel de Monkey D. Luffy et de Sabo. Il est le seul fils du d\u00e9funt Roi des Pirates Gol D. Roger et de son \u00e9pouse Portgas D. Rouge\" \/>\n<meta name=\"robots\" content=\"index, follow, max-snippet:-1, max-image-preview:large, max-video-preview:-1\" \/>\n<link rel=\"canonical\" href=\"https:\/\/boutique-one-piece.com\/es\/cartel-de-busqueda-de-one-piece\/cartel-de-busqueda-de-one-piece-portgas-d-ace\/\" \/>\n<meta property=\"og:locale\" content=\"es_ES\" \/>\n<meta property=\"og:type\" content=\"article\" \/>\n<meta property=\"og:title\" content=\"Avis de Recherche One Piece Portgas D. Ace Wanted | D\u00e9coration One Piece \u2013 Boutique One Piece\" \/>\n<meta property=\"og:description\" content=\"Jeune Nakama, le moment est venu pour toi de te procurer cet Avis de Recherche Portgas D. Ace Wanted. Pour rappel, Portgas D. Ace, connu sous le nom d\u2019Ace aux Poings Ardents\u00a0est le fr\u00e8re spirituel de Monkey D. Luffy et de Sabo. Il est le seul fils du d\u00e9funt Roi des Pirates Gol D. Roger et de son \u00e9pouse Portgas D. Rouge\" \/>\n<meta property=\"og:url\" content=\"https:\/\/boutique-one-piece.com\/es\/cartel-de-busqueda-de-one-piece\/cartel-de-busqueda-de-one-piece-portgas-d-ace\/\" \/>\n<meta property=\"og:site_name\" content=\"Boutique One Piece\" \/>\n<meta property=\"article:modified_time\" content=\"2024-10-12T18:24:17+00:00\" \/>\n<meta property=\"og:image\" content=\"https:\/\/boutique-one-piece.com\/wp-content\/uploads\/2022\/09\/S688b1fc4fbae4f928a007dafefa00167r.jpg_640x640.webp\" \/>\n\t<meta property=\"og:image:width\" content=\"640\" \/>\n\t<meta property=\"og:image:height\" content=\"640\" \/>\n\t<meta property=\"og:image:type\" content=\"image\/webp\" \/>\n<meta name=\"twitter:card\" content=\"summary_large_image\" \/>\n<meta name=\"twitter:label1\" content=\"Tiempo de lectura\" \/>\n\t<meta name=\"twitter:data1\" content=\"2 minutos\" \/>\n<script type=\"application\/ld+json\" class=\"yoast-schema-graph\">{\"@context\":\"https:\\\/\\\/schema.org\",\"@graph\":[{\"@type\":\"WebPage\",\"@id\":\"https:\\\/\\\/boutique-one-piece.com\\\/avis-de-recherche-one-piece\\\/avis-de-recherche-one-piece-portgas-d-ace-wanted\\\/\",\"url\":\"https:\\\/\\\/boutique-one-piece.com\\\/avis-de-recherche-one-piece\\\/avis-de-recherche-one-piece-portgas-d-ace-wanted\\\/\",\"name\":\"Avis de Recherche One Piece Portgas D. Ace Wanted | D\u00e9coration One Piece \u2013 Boutique One Piece\",\"isPartOf\":{\"@id\":\"https:\\\/\\\/boutique-one-piece.com\\\/#website\"},\"primaryImageOfPage\":{\"@id\":\"https:\\\/\\\/boutique-one-piece.com\\\/avis-de-recherche-one-piece\\\/avis-de-recherche-one-piece-portgas-d-ace-wanted\\\/#primaryimage\"},\"image\":{\"@id\":\"https:\\\/\\\/boutique-one-piece.com\\\/avis-de-recherche-one-piece\\\/avis-de-recherche-one-piece-portgas-d-ace-wanted\\\/#primaryimage\"},\"thumbnailUrl\":\"https:\\\/\\\/boutique-one-piece.com\\\/wp-content\\\/uploads\\\/2022\\\/09\\\/S688b1fc4fbae4f928a007dafefa00167r.jpg_640x640.webp\",\"datePublished\":\"2022-09-27T20:13:41+00:00\",\"dateModified\":\"2024-10-12T18:24:17+00:00\",\"description\":\"Jeune Nakama, le moment est venu pour toi de te procurer cet Avis de Recherche Portgas D. Ace Wanted. Pour rappel, Portgas D. Ace, connu sous le nom d\u2019Ace aux Poings Ardents\u00a0est le fr\u00e8re spirituel de Monkey D. Luffy et de Sabo. Il est le seul fils du d\u00e9funt Roi des Pirates Gol D. Roger et de son \u00e9pouse Portgas D. Rouge\",\"breadcrumb\":{\"@id\":\"https:\\\/\\\/boutique-one-piece.com\\\/avis-de-recherche-one-piece\\\/avis-de-recherche-one-piece-portgas-d-ace-wanted\\\/#breadcrumb\"},\"inLanguage\":\"es\",\"potentialAction\":[{\"@type\":\"ReadAction\",\"target\":[\"https:\\\/\\\/boutique-one-piece.com\\\/avis-de-recherche-one-piece\\\/avis-de-recherche-one-piece-portgas-d-ace-wanted\\\/\"]}]},{\"@type\":\"ImageObject\",\"inLanguage\":\"es\",\"@id\":\"https:\\\/\\\/boutique-one-piece.com\\\/avis-de-recherche-one-piece\\\/avis-de-recherche-one-piece-portgas-d-ace-wanted\\\/#primaryimage\",\"url\":\"https:\\\/\\\/boutique-one-piece.com\\\/wp-content\\\/uploads\\\/2022\\\/09\\\/S688b1fc4fbae4f928a007dafefa00167r.jpg_640x640.webp\",\"contentUrl\":\"https:\\\/\\\/boutique-one-piece.com\\\/wp-content\\\/uploads\\\/2022\\\/09\\\/S688b1fc4fbae4f928a007dafefa00167r.jpg_640x640.webp\",\"width\":640,\"height\":640},{\"@type\":\"BreadcrumbList\",\"@id\":\"https:\\\/\\\/boutique-one-piece.com\\\/avis-de-recherche-one-piece\\\/avis-de-recherche-one-piece-portgas-d-ace-wanted\\\/#breadcrumb\",\"itemListElement\":[{\"@type\":\"ListItem\",\"position\":1,\"name\":\"Home\",\"item\":\"https:\\\/\\\/boutique-one-piece.com\\\/\"},{\"@type\":\"ListItem\",\"position\":2,\"name\":\"Shop\",\"item\":\"https:\\\/\\\/boutique-one-piece.com\\\/shop\\\/\"},{\"@type\":\"ListItem\",\"position\":3,\"name\":\"Avis de Recherche Portgas D. Ace Wanted\"}]},{\"@type\":\"WebSite\",\"@id\":\"https:\\\/\\\/boutique-one-piece.com\\\/#website\",\"url\":\"https:\\\/\\\/boutique-one-piece.com\\\/\",\"name\":\"Boutique One Piece\",\"description\":\"Magasin Sp\u00e9cialis\u00e9 du Manga et l&#039;Anime One Piece\",\"publisher\":{\"@id\":\"https:\\\/\\\/boutique-one-piece.com\\\/#organization\"},\"potentialAction\":[{\"@type\":\"SearchAction\",\"target\":{\"@type\":\"EntryPoint\",\"urlTemplate\":\"https:\\\/\\\/boutique-one-piece.com\\\/?s={search_term_string}\"},\"query-input\":{\"@type\":\"PropertyValueSpecification\",\"valueRequired\":true,\"valueName\":\"search_term_string\"}}],\"inLanguage\":\"es\"},{\"@type\":\"Organization\",\"@id\":\"https:\\\/\\\/boutique-one-piece.com\\\/#organization\",\"name\":\"Boutique One Piece\",\"url\":\"https:\\\/\\\/boutique-one-piece.com\\\/\",\"logo\":{\"@type\":\"ImageObject\",\"inLanguage\":\"es\",\"@id\":\"https:\\\/\\\/boutique-one-piece.com\\\/#\\\/schema\\\/logo\\\/image\\\/\",\"url\":\"https:\\\/\\\/boutique-one-piece.com\\\/wp-content\\\/uploads\\\/2022\\\/09\\\/Logo-01.png\",\"contentUrl\":\"https:\\\/\\\/boutique-one-piece.com\\\/wp-content\\\/uploads\\\/2022\\\/09\\\/Logo-01.png\",\"width\":2318,\"height\":957,\"caption\":\"Boutique One Piece\"},\"image\":{\"@id\":\"https:\\\/\\\/boutique-one-piece.com\\\/#\\\/schema\\\/logo\\\/image\\\/\"}}]}<\/script>\n<!-- \/ Yoast SEO plugin. -->","yoast_head_json":{"title":"P\u00f3ster de &quot;Se busca&quot; de One Piece: Portgas D. Ace | Decoraciones de One Piece \u2013 Tienda de One Piece","description":"Joven Nakama, ha llegado el momento de que consigas este p\u00f3ster de &quot;Se busca&quot; de Portgas D. Ace. Te recordamos que Portgas D. Ace, conocido como Ace del Pu\u00f1o de Fuego, es el hermano jurado de Monkey D. Luffy y Sabo. Es el \u00fanico hijo del difunto Rey Pirata Gol D. Roger y su esposa, Portgas D. Rouge.","robots":{"index":"index","follow":"follow","max-snippet":"max-snippet:-1","max-image-preview":"max-image-preview:large","max-video-preview":"max-video-preview:-1"},"canonical":"https:\/\/boutique-one-piece.com\/es\/cartel-de-busqueda-de-one-piece\/cartel-de-busqueda-de-one-piece-portgas-d-ace\/","og_locale":"es_ES","og_type":"article","og_title":"Avis de Recherche One Piece Portgas D. Ace Wanted | D\u00e9coration One Piece \u2013 Boutique One Piece","og_description":"Jeune Nakama, le moment est venu pour toi de te procurer cet Avis de Recherche Portgas D. Ace Wanted. Pour rappel, Portgas D. Ace, connu sous le nom d\u2019Ace aux Poings Ardents\u00a0est le fr\u00e8re spirituel de Monkey D. Luffy et de Sabo. Il est le seul fils du d\u00e9funt Roi des Pirates Gol D. Roger et de son \u00e9pouse Portgas D. Rouge","og_url":"https:\/\/boutique-one-piece.com\/es\/cartel-de-busqueda-de-one-piece\/cartel-de-busqueda-de-one-piece-portgas-d-ace\/","og_site_name":"Boutique One Piece","article_modified_time":"2024-10-12T18:24:17+00:00","og_image":[{"width":640,"height":640,"url":"https:\/\/boutique-one-piece.com\/wp-content\/uploads\/2022\/09\/S688b1fc4fbae4f928a007dafefa00167r.jpg_640x640.webp","type":"image\/webp"}],"twitter_card":"summary_large_image","twitter_misc":{"Tiempo de lectura":"2 minutos"},"schema":{"@context":"https:\/\/schema.org","@graph":[{"@type":"WebPage","@id":"https:\/\/boutique-one-piece.com\/avis-de-recherche-one-piece\/avis-de-recherche-one-piece-portgas-d-ace-wanted\/","url":"https:\/\/boutique-one-piece.com\/avis-de-recherche-one-piece\/avis-de-recherche-one-piece-portgas-d-ace-wanted\/","name":"P\u00f3ster de &quot;Se busca&quot; de One Piece: Portgas D. Ace | Decoraciones de One Piece \u2013 Tienda de One Piece","isPartOf":{"@id":"https:\/\/boutique-one-piece.com\/#website"},"primaryImageOfPage":{"@id":"https:\/\/boutique-one-piece.com\/avis-de-recherche-one-piece\/avis-de-recherche-one-piece-portgas-d-ace-wanted\/#primaryimage"},"image":{"@id":"https:\/\/boutique-one-piece.com\/avis-de-recherche-one-piece\/avis-de-recherche-one-piece-portgas-d-ace-wanted\/#primaryimage"},"thumbnailUrl":"https:\/\/boutique-one-piece.com\/wp-content\/uploads\/2022\/09\/S688b1fc4fbae4f928a007dafefa00167r.jpg_640x640.webp","datePublished":"2022-09-27T20:13:41+00:00","dateModified":"2024-10-12T18:24:17+00:00","description":"Joven Nakama, ha llegado el momento de que consigas este p\u00f3ster de &quot;Se busca&quot; de Portgas D. Ace. Te recordamos que Portgas D. Ace, conocido como Ace del Pu\u00f1o de Fuego, es el hermano jurado de Monkey D. Luffy y Sabo. Es el \u00fanico hijo del difunto Rey Pirata Gol D. Roger y su esposa, Portgas D. Rouge.","breadcrumb":{"@id":"https:\/\/boutique-one-piece.com\/avis-de-recherche-one-piece\/avis-de-recherche-one-piece-portgas-d-ace-wanted\/#breadcrumb"},"inLanguage":"es","potentialAction":[{"@type":"ReadAction","target":["https:\/\/boutique-one-piece.com\/avis-de-recherche-one-piece\/avis-de-recherche-one-piece-portgas-d-ace-wanted\/"]}]},{"@type":"ImageObject","inLanguage":"es","@id":"https:\/\/boutique-one-piece.com\/avis-de-recherche-one-piece\/avis-de-recherche-one-piece-portgas-d-ace-wanted\/#primaryimage","url":"https:\/\/boutique-one-piece.com\/wp-content\/uploads\/2022\/09\/S688b1fc4fbae4f928a007dafefa00167r.jpg_640x640.webp","contentUrl":"https:\/\/boutique-one-piece.com\/wp-content\/uploads\/2022\/09\/S688b1fc4fbae4f928a007dafefa00167r.jpg_640x640.webp","width":640,"height":640},{"@type":"BreadcrumbList","@id":"https:\/\/boutique-one-piece.com\/avis-de-recherche-one-piece\/avis-de-recherche-one-piece-portgas-d-ace-wanted\/#breadcrumb","itemListElement":[{"@type":"ListItem","position":1,"name":"Home","item":"https:\/\/boutique-one-piece.com\/"},{"@type":"ListItem","position":2,"name":"Shop","item":"https:\/\/boutique-one-piece.com\/shop\/"},{"@type":"ListItem","position":3,"name":"Avis de Recherche Portgas D. Ace Wanted"}]},{"@type":"WebSite","@id":"https:\/\/boutique-one-piece.com\/#website","url":"https:\/\/boutique-one-piece.com\/","name":"Tienda de One Piece","description":"Tienda especializada en manga y anime de One Piece","publisher":{"@id":"https:\/\/boutique-one-piece.com\/#organization"},"potentialAction":[{"@type":"SearchAction","target":{"@type":"EntryPoint","urlTemplate":"https:\/\/boutique-one-piece.com\/?s={search_term_string}"},"query-input":{"@type":"PropertyValueSpecification","valueRequired":true,"valueName":"search_term_string"}}],"inLanguage":"es"},{"@type":"Organization","@id":"https:\/\/boutique-one-piece.com\/#organization","name":"Tienda de One Piece","url":"https:\/\/boutique-one-piece.com\/","logo":{"@type":"ImageObject","inLanguage":"es","@id":"https:\/\/boutique-one-piece.com\/#\/schema\/logo\/image\/","url":"https:\/\/boutique-one-piece.com\/wp-content\/uploads\/2022\/09\/Logo-01.png","contentUrl":"https:\/\/boutique-one-piece.com\/wp-content\/uploads\/2022\/09\/Logo-01.png","width":2318,"height":957,"caption":"Boutique One Piece"},"image":{"@id":"https:\/\/boutique-one-piece.com\/#\/schema\/logo\/image\/"}}]}},"_links":{"self":[{"href":"https:\/\/boutique-one-piece.com\/es\/wp-json\/wp\/v2\/product\/8590","targetHints":{"allow":["GET"]}}],"collection":[{"href":"https:\/\/boutique-one-piece.com\/es\/wp-json\/wp\/v2\/product"}],"about":[{"href":"https:\/\/boutique-one-piece.com\/es\/wp-json\/wp\/v2\/types\/product"}],"replies":[{"embeddable":true,"href":"https:\/\/boutique-one-piece.com\/es\/wp-json\/wp\/v2\/comments?post=8590"}],"wp:featuredmedia":[{"embeddable":true,"href":"https:\/\/boutique-one-piece.com\/es\/wp-json\/wp\/v2\/media\/19964"}],"wp:attachment":[{"href":"https:\/\/boutique-one-piece.com\/es\/wp-json\/wp\/v2\/media?parent=8590"}],"wp:term":[{"taxonomy":"product_brand","embeddable":true,"href":"https:\/\/boutique-one-piece.com\/es\/wp-json\/wp\/v2\/product_brand?post=8590"},{"taxonomy":"product_cat","embeddable":true,"href":"https:\/\/boutique-one-piece.com\/es\/wp-json\/wp\/v2\/product_cat?post=8590"},{"taxonomy":"product_tag","embeddable":true,"href":"https:\/\/boutique-one-piece.com\/es\/wp-json\/wp\/v2\/product_tag?post=8590"}],"curies":[{"name":"wp","href":"https:\/\/api.w.org\/{rel}","templated":true}]}}