{"id":8759,"date":"2022-09-27T20:15:04","date_gmt":"2022-09-27T20:15:04","guid":{"rendered":"https:\/\/boutique-one-piece.com\/uncategorized\/tableau-one-piece-sabo\/"},"modified":"2024-09-18T03:58:50","modified_gmt":"2024-09-18T03:58:50","slug":"pintura-de-sabo-de-one-piece","status":"publish","type":"product","link":"https:\/\/boutique-one-piece.com\/es\/decoraciones-de-one-piece\/pinturas-de-one-piece\/pintura-de-sabo-de-one-piece\/","title":{"rendered":"Pintura de Sabo de One Piece"},"content":{"rendered":"<h2>Tableau One Piece 5 Panneaux avec Sabo le\u00a0Commandant de l\u2019Arm\u00e9e R\u00e9volutionnaire, Un Tableau de qualit\u00e9 pour un pirate comme\u00a0toi\u00a0!<\/h2>\n<p>Si eres un\u00a0<strong>pirata real<\/strong>, Usted apreciar\u00e1 el\u00a0<strong>calidad<\/strong>\u00a0Lienzo, pintura y un marco para sus\u00a0<strong>dise\u00f1os\u00a0<\/strong>Y\u00a0<strong>l\u2019impression 3D Canvas<\/strong>\u00a0de esto\u00a0<strong>Cuadro de cinco paneles de One Piece<\/strong>\u00a0Pero lo m\u00e1s importante es que con este gr\u00e1fico ser\u00e1s parte de\u00a0<strong>l\u2019\u00e9quipage\u00a0des fans<\/strong>\u00a0de\u00a0<strong>manga pirata<\/strong>\u00a0y obtendr\u00e1s:<\/p>\n<ul>\n<li>\u00a0<strong>L\u2019admiration<\/strong>\u00a0De todos los fans de\u00a0<strong>mugiwara<\/strong>\u00a0que invitar\u00e1s a tu casa<\/li>\n<\/ul>\n<ul>\n<li>Un verdadero\u00a0<strong>Gr\u00e1fico impreso de 5 piezas<\/strong>\u00a0con el que puedes<strong>\u00a0t\u2019imaginer\u00a0<\/strong>luchar con<b>\u00a0Sabo el Revolucionario<\/b>\n<\/li>\n<\/ul>\n<p>Entonces, \u00bfest\u00e1 listo para mostrar el\u00a0<strong>bandera <\/strong>de l\u2019<strong>Ej\u00e9rcito Revolucionario<\/strong>\u00a0?<\/p>\n<h2>Es-tu un fan du manga ou de l\u2019anim\u00e9 One Piece ? Montre le avec ce Tableau 5 Pi\u00e8ces One Piece !<\/h2>\n<p>Si usted\u00a0<strong>leer<\/strong>\u00a0o donde sea que mires\u00a0<strong>l\u2019anim\u00e9\u00a0<\/strong><strong>japon\u00e9s<\/strong>, Hay una buena posibilidad de que te hayas convertido\u00a0<strong>loco por One Piece<\/strong>\u00a0\u00a1Con esto!\u00a0<strong>Cuadro de 5 paneles Sabo<\/strong>, rejoins\u00a0l\u2019<strong>tripulaci\u00f3n de fans de la franquicia<\/strong><\/p>\n<p>Este\u00a0<strong>cuadro<\/strong>\u00a0est\u00e1 disponible con un\u00a0<strong>marco de madera<\/strong>\u00a0la variante &quot;\u00ab\u00a0<strong>Con marco<\/strong>\u00ab\u00a0, il est \u00e9galement possible d\u2019avoir uniquement la\u00a0<strong>pa\u00f1o<\/strong>\u00a0con la variante &quot;\u00ab\u00a0<strong>Sin marco<\/strong>\u00abEncontrar\u00e1s la tabla en los tama\u00f1os\u00a0<strong>Peque\u00f1o<\/strong>,<strong>\u00a0PROMEDIO<\/strong>,<strong>\u00a0Grande<\/strong>,<strong>\u00a0SG<\/strong>, il conviendra \u00e0 toutes les\u00a0cat\u00e9gories\u00a0de pirates, m\u00eame si tu n\u2019as pas\u00a0<strong>d\u2019\u00e9p\u00e9e<\/strong>\u00a0o\u00a0<strong>fruta del diablo<\/strong>\u00a0tu peux quand m\u00eame l\u2019accrocher fi\u00e8rement chez toi<\/p>\n<p><strong>Sabo\u00a0<\/strong>es el <strong>Segundo<\/strong> de <strong>l\u2019Arm\u00e9e R\u00e9volutionnaire<\/strong>, entrenado por <strong>Monkey D. Dragon<\/strong>, c\u2019est un <strong>combatiente<\/strong> y uno <strong>estratega<\/strong> <strong>incomparable<\/strong>. Depuis qu\u2019il a r\u00e9cup\u00e9r\u00e9 le <strong>Mera Mera No Mi<\/strong>, Su poder seguramente ha aumentado enormemente<\/p>\n<h2>Informaci\u00f3n sobre la pintura:<\/h2>\n<ul>\n<li>\n<strong>Lienzo impreso de alta calidad\u00a0<\/strong>:lienzo de pared hecho de <strong>algod\u00f3n<\/strong> y <strong>lino<\/strong>, para obtener una <strong>pa\u00f1o<\/strong> digno del nombre<\/li>\n<\/ul>\n<ul>\n<li>\n<strong>Pintura de dise\u00f1o ultra<\/strong>\u00a0La tabla de cinco partes proporciona mucha informaci\u00f3n <strong>estilo<\/strong> a un <strong>pedazo<\/strong>, les fans ne peuvent qu\u2019adorer<\/li>\n<\/ul>\n<ul style=\"font-weight: 400\">\n<li>\n<strong>Color e impresi\u00f3n\u00a0<\/strong>Cuadro de One Piece con estampado <strong>Canva<\/strong> la r\u00e9f\u00e9rence dans l\u2019impression de toiles<\/li>\n<\/ul>\n<ul style=\"font-weight: 400\">\n<li>\n<strong>Arte de pared ligero<\/strong>\u00a0: gran entorno <strong>luz,<\/strong> il ne suffit que d\u2019un <strong>clavo<\/strong> o de la <strong>pierna fija<\/strong> Para el <strong>mantener<\/strong> En <strong>muro<\/strong>\n<\/li>\n<\/ul>\n<ul style=\"font-weight: 400\">\n<li>\n<strong>Marco de madera<\/strong>\u00a0:la variante &quot;\u00ab\u00a0<strong>Con marco<\/strong>\u00a0\u00bb est accompagn\u00e9e d\u2019un <strong>marco de madera<\/strong> y la versi\u00f3n &quot;\u00ab\u00a0<strong>Sin marco<\/strong>\u00a0\u00bb se entrega <strong>sin el marco de madera<\/strong>\n<\/li>\n<\/ul>\n<ul style=\"font-weight: 400\">\n<li>\n<strong>Entrega gratuita\u00a0<\/strong>para cualquier compra<strong>\u00a0<\/strong>\n<\/li>\n<\/ul>\n<h3>N\u2019oubliez pas de jeter\u00a0un oeil au guide des tailles ci-dessous.<\/h3>\n<h2>\n<strong style=\"font-size: 15px\">Pintura de 5 piezas de One Piece<\/strong><span style=\"font-size: 15px\">,<\/span><strong style=\"font-size: 15px\"> <\/strong><span style=\"font-size: 15px\">Tama\u00f1o<\/span><strong style=\"font-size: 15px\"> <\/strong><span style=\"font-size: 15px\">: <\/span><strong style=\"font-size: 15px\">Peque\u00f1o<\/strong><br \/>\n<\/h2>\n<p>\u00a0<img decoding=\"async\" src=\"https:\/\/cdn.shopify.com\/s\/files\/1\/0087\/7556\/5348\/files\/guide_taille_tableau_one_piece_petit_boutique_one_piece_large.jpg?v=1560247451\" alt=\"Gu\u00eda de tallas de One Piece (5 piezas, tama\u00f1o peque\u00f1o)\"><\/p>\n<p><strong>Pintura de 5 piezas de One Piece<\/strong>, Tama\u00f1o<strong> <\/strong>:<strong> PROMEDIO<\/strong><\/p>\n<p>\u00a0<img decoding=\"async\" src=\"https:\/\/cdn.shopify.com\/s\/files\/1\/0087\/7556\/5348\/files\/guide_taille_tableau_one_piece_moyen_boutique_one_piece_large.jpg?v=1560247519\" alt=\"Gu\u00eda de tallas Tabla de tallas Una pieza 5 piezas Mediano\"><\/p>\n<p><strong>Pintura de 5 piezas de One Piece<\/strong>, Tama\u00f1o<strong> <\/strong>: <strong>Grande<\/strong><\/p>\n<p>\u00a0<img decoding=\"async\" src=\"https:\/\/cdn.shopify.com\/s\/files\/1\/0087\/7556\/5348\/files\/guide_taille_tableau_one_piece_grand_boutique_one_piece_large.jpg?v=1560247582\" alt=\"Tabla de tallas de 5 piezas de One Piece (grande)\"><\/p>\n<p><strong>Pintura de 5 piezas de One Piece<\/strong>, Tama\u00f1o: <strong>SG<\/strong><\/p>\n<p><img decoding=\"async\" src=\"https:\/\/cdn.shopify.com\/s\/files\/1\/0087\/7556\/5348\/files\/guide_taille_tableau_one_piece_xl_boutique_one_piece_large.jpg?v=1560247610\" alt=\"Tabla de tallas XL de 5 piezas de One Piece\"><\/p>","protected":false},"excerpt":{"rendered":"<p>Tableau One Piece 5 Panneaux avec Sabo le\u00a0Commandant de l\u2019Arm\u00e9e R\u00e9volutionnaire, Un Tableau de qualit\u00e9 pour un pirate comme\u00a0toi\u00a0! Si tu es un\u00a0v\u00e9ritable pirate, tu seras appr\u00e9cier la\u00a0qualit\u00e9\u00a0de la toile, de la peinture et du cadre\u00a0pour leurs\u00a0conceptions\u00a0et\u00a0l\u2019impression 3D Canvas\u00a0de ce\u00a0tableau 5 panneaux\u00a0One Piece\u00a0!\u00a0Mais le plus important, avec ce\u00a0tableau\u00a0c\u0092est que tu\u00a0feras partie de\u00a0l\u2019\u00e9quipage\u00a0des fans\u00a0du\u00a0manga de pirates\u00a0et [&hellip;]<\/p>","protected":false},"featured_media":8761,"comment_status":"open","ping_status":"open","template":"","meta":[],"product_brand":[],"product_cat":[141],"product_tag":[180,142,143],"class_list":{"0":"post-8759","1":"product","2":"type-product","3":"status-publish","4":"has-post-thumbnail","6":"product_cat-tableaux-one-piece","7":"product_tag-sabo","8":"product_tag-tableau-5-pieces","9":"product_tag-toile","11":"first","12":"instock","13":"purchasable","14":"product-type-variable"},"yoast_head":"<!-- This site is optimized with the Yoast SEO plugin v27.5 - https:\/\/yoast.com\/product\/yoast-seo-wordpress\/ -->\n<title>Tableau Mural 5 Pi\u00e8ces Sabo | Boutique One Piece<\/title>\n<meta name=\"description\" content=\"Tableau 5 Pi\u00e8ces One Piece avec Sabo le R\u00e9volutionnaire de Tr\u00e8s Haute Qualit\u00e9 : Vous \u00cates un Fan de l&#039;Univers des Pirates? Ce Tableau 5 Panneaux est Pour Vous !\" \/>\n<meta name=\"robots\" content=\"index, follow, max-snippet:-1, max-image-preview:large, max-video-preview:-1\" \/>\n<link rel=\"canonical\" href=\"https:\/\/boutique-one-piece.com\/es\/decoraciones-de-one-piece\/pinturas-de-one-piece\/pintura-de-sabo-de-one-piece\/\" \/>\n<meta property=\"og:locale\" content=\"es_ES\" \/>\n<meta property=\"og:type\" content=\"article\" \/>\n<meta property=\"og:title\" content=\"Tableau Mural 5 Pi\u00e8ces Sabo | Boutique One Piece\" \/>\n<meta property=\"og:description\" content=\"Tableau 5 Pi\u00e8ces One Piece avec Sabo le R\u00e9volutionnaire de Tr\u00e8s Haute Qualit\u00e9 : Vous \u00cates un Fan de l&#039;Univers des Pirates? Ce Tableau 5 Panneaux est Pour Vous !\" \/>\n<meta property=\"og:url\" content=\"https:\/\/boutique-one-piece.com\/es\/decoraciones-de-one-piece\/pinturas-de-one-piece\/pintura-de-sabo-de-one-piece\/\" \/>\n<meta property=\"og:site_name\" content=\"Boutique One Piece\" \/>\n<meta property=\"article:modified_time\" content=\"2024-09-18T03:58:50+00:00\" \/>\n<meta property=\"og:image\" content=\"https:\/\/boutique-one-piece.com\/wp-content\/uploads\/2022\/09\/Tableau-One-Piece-Sabo.jpg\" \/>\n\t<meta property=\"og:image:width\" content=\"600\" \/>\n\t<meta property=\"og:image:height\" content=\"600\" \/>\n\t<meta property=\"og:image:type\" content=\"image\/jpeg\" \/>\n<meta name=\"twitter:card\" content=\"summary_large_image\" \/>\n<meta name=\"twitter:label1\" content=\"Tiempo de lectura\" \/>\n\t<meta name=\"twitter:data1\" content=\"3 minutos\" \/>\n<script type=\"application\/ld+json\" class=\"yoast-schema-graph\">{\"@context\":\"https:\\\/\\\/schema.org\",\"@graph\":[{\"@type\":\"WebPage\",\"@id\":\"https:\\\/\\\/boutique-one-piece.com\\\/decorations-one-piece\\\/tableaux-one-piece\\\/tableau-one-piece-sabo\\\/\",\"url\":\"https:\\\/\\\/boutique-one-piece.com\\\/decorations-one-piece\\\/tableaux-one-piece\\\/tableau-one-piece-sabo\\\/\",\"name\":\"Tableau Mural 5 Pi\u00e8ces Sabo | Boutique One Piece\",\"isPartOf\":{\"@id\":\"https:\\\/\\\/boutique-one-piece.com\\\/#website\"},\"primaryImageOfPage\":{\"@id\":\"https:\\\/\\\/boutique-one-piece.com\\\/decorations-one-piece\\\/tableaux-one-piece\\\/tableau-one-piece-sabo\\\/#primaryimage\"},\"image\":{\"@id\":\"https:\\\/\\\/boutique-one-piece.com\\\/decorations-one-piece\\\/tableaux-one-piece\\\/tableau-one-piece-sabo\\\/#primaryimage\"},\"thumbnailUrl\":\"https:\\\/\\\/boutique-one-piece.com\\\/wp-content\\\/uploads\\\/2022\\\/09\\\/Tableau-One-Piece-Sabo.jpg\",\"datePublished\":\"2022-09-27T20:15:04+00:00\",\"dateModified\":\"2024-09-18T03:58:50+00:00\",\"description\":\"Tableau 5 Pi\u00e8ces One Piece avec Sabo le R\u00e9volutionnaire de Tr\u00e8s Haute Qualit\u00e9 : Vous \u00cates un Fan de l'Univers des Pirates? Ce Tableau 5 Panneaux est Pour Vous !\",\"breadcrumb\":{\"@id\":\"https:\\\/\\\/boutique-one-piece.com\\\/decorations-one-piece\\\/tableaux-one-piece\\\/tableau-one-piece-sabo\\\/#breadcrumb\"},\"inLanguage\":\"es\",\"potentialAction\":[{\"@type\":\"ReadAction\",\"target\":[\"https:\\\/\\\/boutique-one-piece.com\\\/decorations-one-piece\\\/tableaux-one-piece\\\/tableau-one-piece-sabo\\\/\"]}]},{\"@type\":\"ImageObject\",\"inLanguage\":\"es\",\"@id\":\"https:\\\/\\\/boutique-one-piece.com\\\/decorations-one-piece\\\/tableaux-one-piece\\\/tableau-one-piece-sabo\\\/#primaryimage\",\"url\":\"https:\\\/\\\/boutique-one-piece.com\\\/wp-content\\\/uploads\\\/2022\\\/09\\\/Tableau-One-Piece-Sabo.jpg\",\"contentUrl\":\"https:\\\/\\\/boutique-one-piece.com\\\/wp-content\\\/uploads\\\/2022\\\/09\\\/Tableau-One-Piece-Sabo.jpg\",\"width\":600,\"height\":600,\"caption\":\"Tableau One Piece Sabo XL Avec Cadre\"},{\"@type\":\"BreadcrumbList\",\"@id\":\"https:\\\/\\\/boutique-one-piece.com\\\/decorations-one-piece\\\/tableaux-one-piece\\\/tableau-one-piece-sabo\\\/#breadcrumb\",\"itemListElement\":[{\"@type\":\"ListItem\",\"position\":1,\"name\":\"Home\",\"item\":\"https:\\\/\\\/boutique-one-piece.com\\\/\"},{\"@type\":\"ListItem\",\"position\":2,\"name\":\"Shop\",\"item\":\"https:\\\/\\\/boutique-one-piece.com\\\/shop\\\/\"},{\"@type\":\"ListItem\",\"position\":3,\"name\":\"Tableau One Piece Sabo\"}]},{\"@type\":\"WebSite\",\"@id\":\"https:\\\/\\\/boutique-one-piece.com\\\/#website\",\"url\":\"https:\\\/\\\/boutique-one-piece.com\\\/\",\"name\":\"Boutique One Piece\",\"description\":\"Magasin Sp\u00e9cialis\u00e9 du Manga et l&#039;Anime One Piece\",\"publisher\":{\"@id\":\"https:\\\/\\\/boutique-one-piece.com\\\/#organization\"},\"potentialAction\":[{\"@type\":\"SearchAction\",\"target\":{\"@type\":\"EntryPoint\",\"urlTemplate\":\"https:\\\/\\\/boutique-one-piece.com\\\/?s={search_term_string}\"},\"query-input\":{\"@type\":\"PropertyValueSpecification\",\"valueRequired\":true,\"valueName\":\"search_term_string\"}}],\"inLanguage\":\"es\"},{\"@type\":\"Organization\",\"@id\":\"https:\\\/\\\/boutique-one-piece.com\\\/#organization\",\"name\":\"Boutique One Piece\",\"url\":\"https:\\\/\\\/boutique-one-piece.com\\\/\",\"logo\":{\"@type\":\"ImageObject\",\"inLanguage\":\"es\",\"@id\":\"https:\\\/\\\/boutique-one-piece.com\\\/#\\\/schema\\\/logo\\\/image\\\/\",\"url\":\"https:\\\/\\\/boutique-one-piece.com\\\/wp-content\\\/uploads\\\/2022\\\/09\\\/Logo-01.png\",\"contentUrl\":\"https:\\\/\\\/boutique-one-piece.com\\\/wp-content\\\/uploads\\\/2022\\\/09\\\/Logo-01.png\",\"width\":2318,\"height\":957,\"caption\":\"Boutique One Piece\"},\"image\":{\"@id\":\"https:\\\/\\\/boutique-one-piece.com\\\/#\\\/schema\\\/logo\\\/image\\\/\"}}]}<\/script>\n<!-- \/ Yoast SEO plugin. -->","yoast_head_json":{"title":"Arte de pared Sabo de 5 piezas | Tienda One Piece","description":"Impresi\u00f3n en lienzo de 5 piezas de One Piece con Sabo el Revolucionario - Alta calidad: \u00bfEres fan del universo pirata? \u00a1Esta impresi\u00f3n en lienzo de 5 paneles es para ti!","robots":{"index":"index","follow":"follow","max-snippet":"max-snippet:-1","max-image-preview":"max-image-preview:large","max-video-preview":"max-video-preview:-1"},"canonical":"https:\/\/boutique-one-piece.com\/es\/decoraciones-de-one-piece\/pinturas-de-one-piece\/pintura-de-sabo-de-one-piece\/","og_locale":"es_ES","og_type":"article","og_title":"Tableau Mural 5 Pi\u00e8ces Sabo | Boutique One Piece","og_description":"Tableau 5 Pi\u00e8ces One Piece avec Sabo le R\u00e9volutionnaire de Tr\u00e8s Haute Qualit\u00e9 : Vous \u00cates un Fan de l'Univers des Pirates? Ce Tableau 5 Panneaux est Pour Vous !","og_url":"https:\/\/boutique-one-piece.com\/es\/decoraciones-de-one-piece\/pinturas-de-one-piece\/pintura-de-sabo-de-one-piece\/","og_site_name":"Boutique One Piece","article_modified_time":"2024-09-18T03:58:50+00:00","og_image":[{"width":600,"height":600,"url":"https:\/\/boutique-one-piece.com\/wp-content\/uploads\/2022\/09\/Tableau-One-Piece-Sabo.jpg","type":"image\/jpeg"}],"twitter_card":"summary_large_image","twitter_misc":{"Tiempo de lectura":"3 minutos"},"schema":{"@context":"https:\/\/schema.org","@graph":[{"@type":"WebPage","@id":"https:\/\/boutique-one-piece.com\/decorations-one-piece\/tableaux-one-piece\/tableau-one-piece-sabo\/","url":"https:\/\/boutique-one-piece.com\/decorations-one-piece\/tableaux-one-piece\/tableau-one-piece-sabo\/","name":"Arte de pared Sabo de 5 piezas | Tienda One Piece","isPartOf":{"@id":"https:\/\/boutique-one-piece.com\/#website"},"primaryImageOfPage":{"@id":"https:\/\/boutique-one-piece.com\/decorations-one-piece\/tableaux-one-piece\/tableau-one-piece-sabo\/#primaryimage"},"image":{"@id":"https:\/\/boutique-one-piece.com\/decorations-one-piece\/tableaux-one-piece\/tableau-one-piece-sabo\/#primaryimage"},"thumbnailUrl":"https:\/\/boutique-one-piece.com\/wp-content\/uploads\/2022\/09\/Tableau-One-Piece-Sabo.jpg","datePublished":"2022-09-27T20:15:04+00:00","dateModified":"2024-09-18T03:58:50+00:00","description":"Impresi\u00f3n en lienzo de 5 piezas de One Piece con Sabo el Revolucionario - Alta calidad: \u00bfEres fan del universo pirata? \u00a1Esta impresi\u00f3n en lienzo de 5 paneles es para ti!","breadcrumb":{"@id":"https:\/\/boutique-one-piece.com\/decorations-one-piece\/tableaux-one-piece\/tableau-one-piece-sabo\/#breadcrumb"},"inLanguage":"es","potentialAction":[{"@type":"ReadAction","target":["https:\/\/boutique-one-piece.com\/decorations-one-piece\/tableaux-one-piece\/tableau-one-piece-sabo\/"]}]},{"@type":"ImageObject","inLanguage":"es","@id":"https:\/\/boutique-one-piece.com\/decorations-one-piece\/tableaux-one-piece\/tableau-one-piece-sabo\/#primaryimage","url":"https:\/\/boutique-one-piece.com\/wp-content\/uploads\/2022\/09\/Tableau-One-Piece-Sabo.jpg","contentUrl":"https:\/\/boutique-one-piece.com\/wp-content\/uploads\/2022\/09\/Tableau-One-Piece-Sabo.jpg","width":600,"height":600,"caption":"Tableau One Piece Sabo XL Avec Cadre"},{"@type":"BreadcrumbList","@id":"https:\/\/boutique-one-piece.com\/decorations-one-piece\/tableaux-one-piece\/tableau-one-piece-sabo\/#breadcrumb","itemListElement":[{"@type":"ListItem","position":1,"name":"Home","item":"https:\/\/boutique-one-piece.com\/"},{"@type":"ListItem","position":2,"name":"Shop","item":"https:\/\/boutique-one-piece.com\/shop\/"},{"@type":"ListItem","position":3,"name":"Tableau One Piece Sabo"}]},{"@type":"WebSite","@id":"https:\/\/boutique-one-piece.com\/#website","url":"https:\/\/boutique-one-piece.com\/","name":"Tienda de One Piece","description":"Tienda especializada en manga y anime de One Piece","publisher":{"@id":"https:\/\/boutique-one-piece.com\/#organization"},"potentialAction":[{"@type":"SearchAction","target":{"@type":"EntryPoint","urlTemplate":"https:\/\/boutique-one-piece.com\/?s={search_term_string}"},"query-input":{"@type":"PropertyValueSpecification","valueRequired":true,"valueName":"search_term_string"}}],"inLanguage":"es"},{"@type":"Organization","@id":"https:\/\/boutique-one-piece.com\/#organization","name":"Tienda de One Piece","url":"https:\/\/boutique-one-piece.com\/","logo":{"@type":"ImageObject","inLanguage":"es","@id":"https:\/\/boutique-one-piece.com\/#\/schema\/logo\/image\/","url":"https:\/\/boutique-one-piece.com\/wp-content\/uploads\/2022\/09\/Logo-01.png","contentUrl":"https:\/\/boutique-one-piece.com\/wp-content\/uploads\/2022\/09\/Logo-01.png","width":2318,"height":957,"caption":"Boutique One Piece"},"image":{"@id":"https:\/\/boutique-one-piece.com\/#\/schema\/logo\/image\/"}}]}},"_links":{"self":[{"href":"https:\/\/boutique-one-piece.com\/es\/wp-json\/wp\/v2\/product\/8759","targetHints":{"allow":["GET"]}}],"collection":[{"href":"https:\/\/boutique-one-piece.com\/es\/wp-json\/wp\/v2\/product"}],"about":[{"href":"https:\/\/boutique-one-piece.com\/es\/wp-json\/wp\/v2\/types\/product"}],"replies":[{"embeddable":true,"href":"https:\/\/boutique-one-piece.com\/es\/wp-json\/wp\/v2\/comments?post=8759"}],"wp:featuredmedia":[{"embeddable":true,"href":"https:\/\/boutique-one-piece.com\/es\/wp-json\/wp\/v2\/media\/8761"}],"wp:attachment":[{"href":"https:\/\/boutique-one-piece.com\/es\/wp-json\/wp\/v2\/media?parent=8759"}],"wp:term":[{"taxonomy":"product_brand","embeddable":true,"href":"https:\/\/boutique-one-piece.com\/es\/wp-json\/wp\/v2\/product_brand?post=8759"},{"taxonomy":"product_cat","embeddable":true,"href":"https:\/\/boutique-one-piece.com\/es\/wp-json\/wp\/v2\/product_cat?post=8759"},{"taxonomy":"product_tag","embeddable":true,"href":"https:\/\/boutique-one-piece.com\/es\/wp-json\/wp\/v2\/product_tag?post=8759"}],"curies":[{"name":"wp","href":"https:\/\/api.w.org\/{rel}","templated":true}]}}