{"id":8835,"date":"2022-09-27T20:15:48","date_gmt":"2022-09-27T20:15:48","guid":{"rendered":"https:\/\/boutique-one-piece.com\/uncategorized\/lot-de-2-figurine-one-piece-marco-et-gol-d-roger\/"},"modified":"2024-09-16T11:28:24","modified_gmt":"2024-09-16T11:28:24","slug":"set-de-2-figuras-de-one-piece-marco-y-gol-d-roger","status":"publish","type":"product","link":"https:\/\/boutique-one-piece.com\/es\/figuras-de-one-piece\/set-de-2-figuras-de-one-piece-marco-y-gol-d-roger\/","title":{"rendered":"Conjunto de 2 figuras de One Piece de Marco y Gol D. Roger"},"content":{"rendered":"<h2>Joven pirata, ha llegado la hora de zarpar y conocer al Rey Pirata. Para ello, consigue ya este set de dos figuras de One Piece de Marco y Gol D. Roger.<\/h2>\n<p>Sin duda, usted sabe que<strong> Gol D. Roger<\/strong>, mejor conocido como Gold Roger, fue el anterior y \u00fanico Rey Pirata y el antiguo due\u00f1o del legendario tesoro, <strong>El One Piece<\/strong>. Roger fue el capit\u00e1n de los Piratas de Roger, la \u00fanica tripulaci\u00f3n que recorri\u00f3 todo el Grand Line. Tambi\u00e9n fue el padre de Portgas D. Ace, su hijo con Portgas D. Rouge. Fue ejecutado hace m\u00e1s de 20 a\u00f1os en Loguetown, su ciudad natal.<\/p>\n<p>Para<strong> Marco<\/strong>, Era el comandante de la Primera Divisi\u00f3n de los Piratas de Barbablanca. Tambi\u00e9n conocido como &quot;Marco el F\u00e9nix&quot;, debe su apodo al poder de la Fruta del Diablo M\u00edtica de tipo Zoan, que le permite transformarse en f\u00e9nix y regenerarse a voluntad. Marco era el... <strong>La mano derecha de Barbablanca<\/strong> as\u00ed como su confidente m\u00e1s cercano. Incluso intent\u00f3 ayudar a su capit\u00e1n en la lucha contra Barbanegra, pero finalmente se le orden\u00f3 retirarse. Adem\u00e1s, el <a title=\"ONE PIECE EDWARD NEWGATE EL EMPERADOR BARBABLANCA\" href=\"https:\/\/boutique-one-piece.com\/es\/one-piece-edward-newgate-el-emperador-barbablanca\/\" target=\"_blank\" rel=\"noopener\">figura de barba blanca<\/a> Est\u00e1 a tu alcance.<\/p>\n<h3>\u00bfTe fascinan las figuras de Barbanegra y Marco? Si es as\u00ed, sum\u00e9rgete en el mundo de One Piece; te esperan muchas aventuras. T\u00fa eliges tu tripulaci\u00f3n y tus batallas.<\/h3>\n<p>Joven pirata, consigue estos <strong>objetos m\u00edticos<\/strong> Ven a expandir tu universo de One Piece. Estos art\u00edculos son excelentes ideas para regalar, as\u00ed que date un capricho o consi\u00e9ntete. Una cosa es segura:, <strong>El tesoro de One Piece<\/strong>, A\u00fan no se ha encontrado.<\/p>\n<h2>Informaci\u00f3n sobre las figuras de Marco y Gol D. Roger\u00a0<\/h2>\n<ul>\n<li><span><b><u>Figura de One Piece<\/u><\/b>\u00a0Figura premium de One Piece para aut\u00e9nticos piratas.<\/span><\/li>\n<\/ul>\n<ul>\n<li>\n<b>Asunto<\/b><span>\u00a0<\/span>CLORURO DE POLIVINILO<\/li>\n<\/ul>\n<ul>\n<li><span><strong>Dimensi\u00f3n<\/strong>\u00a0:18 cent\u00edmetros<\/span><\/li>\n<\/ul>\n<ul>\n<li><span><strong>ENTREGA GRATUITA<\/strong><\/span><\/li>\n<\/ul>","protected":false},"excerpt":{"rendered":"<p>Joven pirata, ha llegado la hora de zarpar y conocer al Rey Pirata. Para ello, consigue ya este set de dos figuras de One Piece de Marco y Gol D. Roger. Seguro que sabes que Gol D. Roger, m\u00e1s conocido como Gold Roger, fue el anterior [\u2026]<\/p>","protected":false},"featured_media":8837,"comment_status":"open","ping_status":"open","template":"","meta":[],"product_brand":[],"product_cat":[76],"product_tag":[261,210],"class_list":{"0":"post-8835","1":"product","2":"type-product","3":"status-publish","4":"has-post-thumbnail","6":"product_cat-figurines-one-piece","7":"product_tag-gol-d-roger","8":"product_tag-marco","10":"first","11":"instock","12":"purchasable","13":"product-type-simple"},"yoast_head":"<!-- This site is optimized with the Yoast SEO plugin v27.5 - https:\/\/yoast.com\/product\/yoast-seo-wordpress\/ -->\n<title>Lot De 2 Figurine One Piece Marco Et Gol D Roger | Figurine One Piece \u2013 Boutique One Piece<\/title>\n<meta name=\"description\" content=\"Jeune pirate, le moment est venu pour toi de partir \u00e0 la rencontre du Seigneur des pirates. Pour ce faire, procure-toi d\u00e8s maintenant ce Lot De 2 Figurines One Piece Marco Et Gol D Roger. Tu n&#039;es pas sans savoir que Gol D. Roger, plus connu sous le nom de Gold Roger, fut le pr\u00e9c\u00e9dent et unique Seigneur des pirates et l\" \/>\n<meta name=\"robots\" content=\"index, follow, max-snippet:-1, max-image-preview:large, max-video-preview:-1\" \/>\n<link rel=\"canonical\" href=\"https:\/\/boutique-one-piece.com\/es\/figuras-de-one-piece\/set-de-2-figuras-de-one-piece-marco-y-gol-d-roger\/\" \/>\n<meta property=\"og:locale\" content=\"es_ES\" \/>\n<meta property=\"og:type\" content=\"article\" \/>\n<meta property=\"og:title\" content=\"Lot De 2 Figurine One Piece Marco Et Gol D Roger | Figurine One Piece \u2013 Boutique One Piece\" \/>\n<meta property=\"og:description\" content=\"Jeune pirate, le moment est venu pour toi de partir \u00e0 la rencontre du Seigneur des pirates. Pour ce faire, procure-toi d\u00e8s maintenant ce Lot De 2 Figurines One Piece Marco Et Gol D Roger. Tu n&#039;es pas sans savoir que Gol D. Roger, plus connu sous le nom de Gold Roger, fut le pr\u00e9c\u00e9dent et unique Seigneur des pirates et l\" \/>\n<meta property=\"og:url\" content=\"https:\/\/boutique-one-piece.com\/es\/figuras-de-one-piece\/set-de-2-figuras-de-one-piece-marco-y-gol-d-roger\/\" \/>\n<meta property=\"og:site_name\" content=\"Boutique One Piece\" \/>\n<meta property=\"article:modified_time\" content=\"2024-09-16T11:28:24+00:00\" \/>\n<meta property=\"og:image\" content=\"https:\/\/boutique-one-piece.com\/wp-content\/uploads\/2022\/09\/Lot-De-2-Figurine-One-Piece-Marco-Et-Gol-D-Roger.jpg\" \/>\n\t<meta property=\"og:image:width\" content=\"640\" \/>\n\t<meta property=\"og:image:height\" content=\"640\" \/>\n\t<meta property=\"og:image:type\" content=\"image\/jpeg\" \/>\n<meta name=\"twitter:card\" content=\"summary_large_image\" \/>\n<meta name=\"twitter:label1\" content=\"Tiempo de lectura\" \/>\n\t<meta name=\"twitter:data1\" content=\"2 minutos\" \/>\n<script type=\"application\/ld+json\" class=\"yoast-schema-graph\">{\"@context\":\"https:\\\/\\\/schema.org\",\"@graph\":[{\"@type\":\"WebPage\",\"@id\":\"https:\\\/\\\/boutique-one-piece.com\\\/figurines-one-piece\\\/lot-de-2-figurine-one-piece-marco-et-gol-d-roger\\\/\",\"url\":\"https:\\\/\\\/boutique-one-piece.com\\\/figurines-one-piece\\\/lot-de-2-figurine-one-piece-marco-et-gol-d-roger\\\/\",\"name\":\"Lot De 2 Figurine One Piece Marco Et Gol D Roger | Figurine One Piece \u2013 Boutique One Piece\",\"isPartOf\":{\"@id\":\"https:\\\/\\\/boutique-one-piece.com\\\/#website\"},\"primaryImageOfPage\":{\"@id\":\"https:\\\/\\\/boutique-one-piece.com\\\/figurines-one-piece\\\/lot-de-2-figurine-one-piece-marco-et-gol-d-roger\\\/#primaryimage\"},\"image\":{\"@id\":\"https:\\\/\\\/boutique-one-piece.com\\\/figurines-one-piece\\\/lot-de-2-figurine-one-piece-marco-et-gol-d-roger\\\/#primaryimage\"},\"thumbnailUrl\":\"https:\\\/\\\/boutique-one-piece.com\\\/wp-content\\\/uploads\\\/2022\\\/09\\\/Lot-De-2-Figurine-One-Piece-Marco-Et-Gol-D-Roger.jpg\",\"datePublished\":\"2022-09-27T20:15:48+00:00\",\"dateModified\":\"2024-09-16T11:28:24+00:00\",\"description\":\"Jeune pirate, le moment est venu pour toi de partir \u00e0 la rencontre du Seigneur des pirates. Pour ce faire, procure-toi d\u00e8s maintenant ce Lot De 2 Figurines One Piece Marco Et Gol D Roger. Tu n'es pas sans savoir que Gol D. Roger, plus connu sous le nom de Gold Roger, fut le pr\u00e9c\u00e9dent et unique Seigneur des pirates et l\",\"breadcrumb\":{\"@id\":\"https:\\\/\\\/boutique-one-piece.com\\\/figurines-one-piece\\\/lot-de-2-figurine-one-piece-marco-et-gol-d-roger\\\/#breadcrumb\"},\"inLanguage\":\"es\",\"potentialAction\":[{\"@type\":\"ReadAction\",\"target\":[\"https:\\\/\\\/boutique-one-piece.com\\\/figurines-one-piece\\\/lot-de-2-figurine-one-piece-marco-et-gol-d-roger\\\/\"]}]},{\"@type\":\"ImageObject\",\"inLanguage\":\"es\",\"@id\":\"https:\\\/\\\/boutique-one-piece.com\\\/figurines-one-piece\\\/lot-de-2-figurine-one-piece-marco-et-gol-d-roger\\\/#primaryimage\",\"url\":\"https:\\\/\\\/boutique-one-piece.com\\\/wp-content\\\/uploads\\\/2022\\\/09\\\/Lot-De-2-Figurine-One-Piece-Marco-Et-Gol-D-Roger.jpg\",\"contentUrl\":\"https:\\\/\\\/boutique-one-piece.com\\\/wp-content\\\/uploads\\\/2022\\\/09\\\/Lot-De-2-Figurine-One-Piece-Marco-Et-Gol-D-Roger.jpg\",\"width\":640,\"height\":640,\"caption\":\"Lot De 2 Figurine One Piece Marco Et Gol D Roger Default Title\"},{\"@type\":\"BreadcrumbList\",\"@id\":\"https:\\\/\\\/boutique-one-piece.com\\\/figurines-one-piece\\\/lot-de-2-figurine-one-piece-marco-et-gol-d-roger\\\/#breadcrumb\",\"itemListElement\":[{\"@type\":\"ListItem\",\"position\":1,\"name\":\"Home\",\"item\":\"https:\\\/\\\/boutique-one-piece.com\\\/\"},{\"@type\":\"ListItem\",\"position\":2,\"name\":\"Shop\",\"item\":\"https:\\\/\\\/boutique-one-piece.com\\\/shop\\\/\"},{\"@type\":\"ListItem\",\"position\":3,\"name\":\"Lot De 2 Figurine One Piece Marco Et Gol D Roger\"}]},{\"@type\":\"WebSite\",\"@id\":\"https:\\\/\\\/boutique-one-piece.com\\\/#website\",\"url\":\"https:\\\/\\\/boutique-one-piece.com\\\/\",\"name\":\"Boutique One Piece\",\"description\":\"Magasin Sp\u00e9cialis\u00e9 du Manga et l&#039;Anime One Piece\",\"publisher\":{\"@id\":\"https:\\\/\\\/boutique-one-piece.com\\\/#organization\"},\"potentialAction\":[{\"@type\":\"SearchAction\",\"target\":{\"@type\":\"EntryPoint\",\"urlTemplate\":\"https:\\\/\\\/boutique-one-piece.com\\\/?s={search_term_string}\"},\"query-input\":{\"@type\":\"PropertyValueSpecification\",\"valueRequired\":true,\"valueName\":\"search_term_string\"}}],\"inLanguage\":\"es\"},{\"@type\":\"Organization\",\"@id\":\"https:\\\/\\\/boutique-one-piece.com\\\/#organization\",\"name\":\"Boutique One Piece\",\"url\":\"https:\\\/\\\/boutique-one-piece.com\\\/\",\"logo\":{\"@type\":\"ImageObject\",\"inLanguage\":\"es\",\"@id\":\"https:\\\/\\\/boutique-one-piece.com\\\/#\\\/schema\\\/logo\\\/image\\\/\",\"url\":\"https:\\\/\\\/boutique-one-piece.com\\\/wp-content\\\/uploads\\\/2022\\\/09\\\/Logo-01.png\",\"contentUrl\":\"https:\\\/\\\/boutique-one-piece.com\\\/wp-content\\\/uploads\\\/2022\\\/09\\\/Logo-01.png\",\"width\":2318,\"height\":957,\"caption\":\"Boutique One Piece\"},\"image\":{\"@id\":\"https:\\\/\\\/boutique-one-piece.com\\\/#\\\/schema\\\/logo\\\/image\\\/\"}}]}<\/script>\n<!-- \/ Yoast SEO plugin. -->","yoast_head_json":{"title":"Lote de 2 figuras de One Piece de Marco y Gol D. Roger | Figura de One Piece \u2013 Tienda One Piece","description":"Joven pirata, ha llegado la hora de zarpar y conocer al Rey Pirata. Para ello, consigue ya este set de dos figuras de Marco y Gol D. Roger de One Piece. Seguro que sabes que Gol D. Roger, m\u00e1s conocido como Gold Roger, fue el anterior y \u00fanico Rey Pirata y...","robots":{"index":"index","follow":"follow","max-snippet":"max-snippet:-1","max-image-preview":"max-image-preview:large","max-video-preview":"max-video-preview:-1"},"canonical":"https:\/\/boutique-one-piece.com\/es\/figuras-de-one-piece\/set-de-2-figuras-de-one-piece-marco-y-gol-d-roger\/","og_locale":"es_ES","og_type":"article","og_title":"Lot De 2 Figurine One Piece Marco Et Gol D Roger | Figurine One Piece \u2013 Boutique One Piece","og_description":"Jeune pirate, le moment est venu pour toi de partir \u00e0 la rencontre du Seigneur des pirates. Pour ce faire, procure-toi d\u00e8s maintenant ce Lot De 2 Figurines One Piece Marco Et Gol D Roger. Tu n'es pas sans savoir que Gol D. Roger, plus connu sous le nom de Gold Roger, fut le pr\u00e9c\u00e9dent et unique Seigneur des pirates et l","og_url":"https:\/\/boutique-one-piece.com\/es\/figuras-de-one-piece\/set-de-2-figuras-de-one-piece-marco-y-gol-d-roger\/","og_site_name":"Boutique One Piece","article_modified_time":"2024-09-16T11:28:24+00:00","og_image":[{"width":640,"height":640,"url":"https:\/\/boutique-one-piece.com\/wp-content\/uploads\/2022\/09\/Lot-De-2-Figurine-One-Piece-Marco-Et-Gol-D-Roger.jpg","type":"image\/jpeg"}],"twitter_card":"summary_large_image","twitter_misc":{"Tiempo de lectura":"2 minutos"},"schema":{"@context":"https:\/\/schema.org","@graph":[{"@type":"WebPage","@id":"https:\/\/boutique-one-piece.com\/figurines-one-piece\/lot-de-2-figurine-one-piece-marco-et-gol-d-roger\/","url":"https:\/\/boutique-one-piece.com\/figurines-one-piece\/lot-de-2-figurine-one-piece-marco-et-gol-d-roger\/","name":"Lote de 2 figuras de One Piece de Marco y Gol D. Roger | Figura de One Piece \u2013 Tienda One Piece","isPartOf":{"@id":"https:\/\/boutique-one-piece.com\/#website"},"primaryImageOfPage":{"@id":"https:\/\/boutique-one-piece.com\/figurines-one-piece\/lot-de-2-figurine-one-piece-marco-et-gol-d-roger\/#primaryimage"},"image":{"@id":"https:\/\/boutique-one-piece.com\/figurines-one-piece\/lot-de-2-figurine-one-piece-marco-et-gol-d-roger\/#primaryimage"},"thumbnailUrl":"https:\/\/boutique-one-piece.com\/wp-content\/uploads\/2022\/09\/Lot-De-2-Figurine-One-Piece-Marco-Et-Gol-D-Roger.jpg","datePublished":"2022-09-27T20:15:48+00:00","dateModified":"2024-09-16T11:28:24+00:00","description":"Joven pirata, ha llegado la hora de zarpar y conocer al Rey Pirata. Para ello, consigue ya este set de dos figuras de Marco y Gol D. Roger de One Piece. Seguro que sabes que Gol D. Roger, m\u00e1s conocido como Gold Roger, fue el anterior y \u00fanico Rey Pirata y...","breadcrumb":{"@id":"https:\/\/boutique-one-piece.com\/figurines-one-piece\/lot-de-2-figurine-one-piece-marco-et-gol-d-roger\/#breadcrumb"},"inLanguage":"es","potentialAction":[{"@type":"ReadAction","target":["https:\/\/boutique-one-piece.com\/figurines-one-piece\/lot-de-2-figurine-one-piece-marco-et-gol-d-roger\/"]}]},{"@type":"ImageObject","inLanguage":"es","@id":"https:\/\/boutique-one-piece.com\/figurines-one-piece\/lot-de-2-figurine-one-piece-marco-et-gol-d-roger\/#primaryimage","url":"https:\/\/boutique-one-piece.com\/wp-content\/uploads\/2022\/09\/Lot-De-2-Figurine-One-Piece-Marco-Et-Gol-D-Roger.jpg","contentUrl":"https:\/\/boutique-one-piece.com\/wp-content\/uploads\/2022\/09\/Lot-De-2-Figurine-One-Piece-Marco-Et-Gol-D-Roger.jpg","width":640,"height":640,"caption":"Lot De 2 Figurine One Piece Marco Et Gol D Roger Default Title"},{"@type":"BreadcrumbList","@id":"https:\/\/boutique-one-piece.com\/figurines-one-piece\/lot-de-2-figurine-one-piece-marco-et-gol-d-roger\/#breadcrumb","itemListElement":[{"@type":"ListItem","position":1,"name":"Home","item":"https:\/\/boutique-one-piece.com\/"},{"@type":"ListItem","position":2,"name":"Shop","item":"https:\/\/boutique-one-piece.com\/shop\/"},{"@type":"ListItem","position":3,"name":"Lot De 2 Figurine One Piece Marco Et Gol D Roger"}]},{"@type":"WebSite","@id":"https:\/\/boutique-one-piece.com\/#website","url":"https:\/\/boutique-one-piece.com\/","name":"Tienda de One Piece","description":"Tienda especializada en manga y anime de One Piece","publisher":{"@id":"https:\/\/boutique-one-piece.com\/#organization"},"potentialAction":[{"@type":"SearchAction","target":{"@type":"EntryPoint","urlTemplate":"https:\/\/boutique-one-piece.com\/?s={search_term_string}"},"query-input":{"@type":"PropertyValueSpecification","valueRequired":true,"valueName":"search_term_string"}}],"inLanguage":"es"},{"@type":"Organization","@id":"https:\/\/boutique-one-piece.com\/#organization","name":"Tienda de One Piece","url":"https:\/\/boutique-one-piece.com\/","logo":{"@type":"ImageObject","inLanguage":"es","@id":"https:\/\/boutique-one-piece.com\/#\/schema\/logo\/image\/","url":"https:\/\/boutique-one-piece.com\/wp-content\/uploads\/2022\/09\/Logo-01.png","contentUrl":"https:\/\/boutique-one-piece.com\/wp-content\/uploads\/2022\/09\/Logo-01.png","width":2318,"height":957,"caption":"Boutique One Piece"},"image":{"@id":"https:\/\/boutique-one-piece.com\/#\/schema\/logo\/image\/"}}]}},"_links":{"self":[{"href":"https:\/\/boutique-one-piece.com\/es\/wp-json\/wp\/v2\/product\/8835","targetHints":{"allow":["GET"]}}],"collection":[{"href":"https:\/\/boutique-one-piece.com\/es\/wp-json\/wp\/v2\/product"}],"about":[{"href":"https:\/\/boutique-one-piece.com\/es\/wp-json\/wp\/v2\/types\/product"}],"replies":[{"embeddable":true,"href":"https:\/\/boutique-one-piece.com\/es\/wp-json\/wp\/v2\/comments?post=8835"}],"wp:featuredmedia":[{"embeddable":true,"href":"https:\/\/boutique-one-piece.com\/es\/wp-json\/wp\/v2\/media\/8837"}],"wp:attachment":[{"href":"https:\/\/boutique-one-piece.com\/es\/wp-json\/wp\/v2\/media?parent=8835"}],"wp:term":[{"taxonomy":"product_brand","embeddable":true,"href":"https:\/\/boutique-one-piece.com\/es\/wp-json\/wp\/v2\/product_brand?post=8835"},{"taxonomy":"product_cat","embeddable":true,"href":"https:\/\/boutique-one-piece.com\/es\/wp-json\/wp\/v2\/product_cat?post=8835"},{"taxonomy":"product_tag","embeddable":true,"href":"https:\/\/boutique-one-piece.com\/es\/wp-json\/wp\/v2\/product_tag?post=8835"}],"curies":[{"name":"wp","href":"https:\/\/api.w.org\/{rel}","templated":true}]}}