{"id":9005,"date":"2022-09-27T20:16:51","date_gmt":"2022-09-27T20:16:51","guid":{"rendered":"https:\/\/boutique-one-piece.com\/uncategorized\/figurine-one-piece-sabo-et-son-drapeau\/"},"modified":"2024-09-16T11:32:02","modified_gmt":"2024-09-16T11:32:02","slug":"figura-de-one-piece-sabo-y-su-bandera","status":"publish","type":"product","link":"https:\/\/boutique-one-piece.com\/es\/figuras-de-one-piece\/figuras-de-sabo\/figura-de-one-piece-sabo-y-su-bandera\/","title":{"rendered":"Figura de One Piece Sabo y su bandera"},"content":{"rendered":"<h2>Joven pirata, ha llegado el momento de que consigas esta figura de One Piece Sabo y su bandera.<\/h2>\n<p>A continuaci\u00f3n se presenta una breve introducci\u00f3n a <strong>Sabo<\/strong>, (uniquement faite pour te rafraichir la m\u00e9moire) ! Sabo est n\u00e9 dans une famille de Noble, mais d\u00e9cida de s\u2019enfuir et de s\u2019installer dans le Grey Terminal. Il est devenu <strong>le fr\u00e8re d\u2019Ace et de Luffy<\/strong> en trinquant et en \u00e9changeant leurs coupes de sak\u00e9 appel\u00e9es aussi \u00ab\u00a0coupe de la fraternit\u00e9\u00a0\u00bb. On le croit mort apr\u00e8s qu\u2019un Dragon C\u00e9leste lui ait tir\u00e9 dessus. Sabo r\u00e9appara\u00eet \u00e0 Dressrosa, il est d\u00e9sormais le second de Dragon, le chef des R\u00e9volutionnaires.<\/p>\n<p>Gana el torneo en el Coliseo Corrida, lo que le permite comer la <strong>Mera Mera no Mi<\/strong>, ayant jadis \u00e9t\u00e9 mang\u00e9 par son fr\u00e8re adoptif, Portgas D. Ace. Concernant le drapeau qu\u2019il brandit, tu dois savoir que ASL est la contraction de \u00ab\u00a0<strong>Ace Sabo Luffy<\/strong>\u00a0\u00bb ; c\u2019est \u00e9galement le nom de l\u2019\u00e9quipage pirate invent\u00e9 par les trois fr\u00e8res quand ils \u00e9taient petits. D\u2019ailleurs, si tu souhaites agrandir ta collection de figurines, les <a title=\"SET DE 3 FIGURAS DE ONE PIECE FIRE BROTHERS\" href=\"https:\/\/boutique-one-piece.com\/es\/conjunto-de-3-figuras-de-one-piece-los-hermanos-del-fuego\/\" target=\"_blank\" rel=\"noopener\">figuras de los 3 hermanos<\/a> Est\u00e1 a tu alcance.<\/p>\n<h3>Laisse-toi conqu\u00e9rir par la figurine de Sabo et de son drapeau \u00ab\u00a0ASL\u00a0\u00bb. Rejoins Sabo dans les rangs de l\u2019Arm\u00e9e r\u00e9volutionnaire et accomplie de grandes missions \u00e0 ses c\u00f4t\u00e9s.<\/h3>\n<p>Ya seas un fan\u00e1tico ac\u00e9rrimo o un coleccionista serio, estos <strong>objetos m\u00edticos<\/strong> Seguro que te encantar\u00e1n. \u00dasalos para decorar tu casa, coleccionarlos o incluso regalarlos. Una cosa es segura: tu destino est\u00e1 en tus manos, joven pirata. <strong>El tesoro de One Piece<\/strong>, n\u2019attend que toi. <\/p>\n<h2>Informaci\u00f3n sobre la figura de Sabo y su bandera\u00a0<\/h2>\n<ul data-mce-fragment=\"1\">\n<li data-mce-fragment=\"1\"><span data-mce-fragment=\"1\"><b data-mce-fragment=\"1\"><u data-mce-fragment=\"1\">Figura de One Piece<\/u><\/b>\u00a0: Figurine\u00a0 premium de l\u2019univers One Piece pour les vrais pirates<\/span><\/li>\n<\/ul>\n<ul data-mce-fragment=\"1\">\n<li data-mce-fragment=\"1\">\n<b data-mce-fragment=\"1\">Asunto<\/b><span data-mce-fragment=\"1\">\u00a0<\/span>CLORURO DE POLIVINILO<\/li>\n<\/ul>\n<ul data-mce-fragment=\"1\">\n<li data-mce-fragment=\"1\"><span data-mce-fragment=\"1\"><strong data-mce-fragment=\"1\">Dimensi\u00f3n<\/strong>\u00a0:20 cent\u00edmetros<\/span><\/li>\n<\/ul>\n<ul data-mce-fragment=\"1\">\n<li data-mce-fragment=\"1\"><span data-mce-fragment=\"1\"><strong data-mce-fragment=\"1\">ENTREGA GRATUITA<\/strong><\/span><\/li>\n<\/ul>","protected":false},"excerpt":{"rendered":"<p>Jeune pirate, le moment est venu pour toi de te procurer cette Figurine One Piece Sabo et son Drapeau. Voici une br\u00e8ve pr\u00e9sentation de Sabo, (uniquement faite pour te rafraichir la m\u00e9moire) ! Sabo est n\u00e9 dans une famille de Noble, mais d\u00e9cida de s\u2019enfuir et de s\u2019installer dans le Grey Terminal. Il est devenu [&hellip;]<\/p>","protected":false},"featured_media":9007,"comment_status":"open","ping_status":"open","template":"","meta":[],"product_brand":[],"product_cat":[76,178],"product_tag":[180],"class_list":{"0":"post-9005","1":"product","2":"type-product","3":"status-publish","4":"has-post-thumbnail","6":"product_cat-figurines-one-piece","7":"product_cat-figurines-sabo","8":"product_tag-sabo","10":"first","11":"instock","12":"purchasable","13":"product-type-simple"},"yoast_head":"<!-- This site is optimized with the Yoast SEO plugin v27.5 - https:\/\/yoast.com\/product\/yoast-seo-wordpress\/ -->\n<title>Figurine One Piece Sabo et son Drapeau | Figurine One Piece \u2013 Boutique One Piece<\/title>\n<meta name=\"description\" content=\"Jeune pirate, le moment est venu pour toi de te procurer cette Figurine One Piece Sabo et son Drapeau. Voici une br\u00e8ve pr\u00e9sentation de Sabo, (uniquement faite pour te rafraichir la m\u00e9moire) ! Sabo est n\u00e9 dans une famille de Noble, mais d\u00e9cida de s&#039;enfuir et de s&#039;installer dans le Grey Terminal. Il est devenu le fr\u00e8re d\" \/>\n<meta name=\"robots\" content=\"index, follow, max-snippet:-1, max-image-preview:large, max-video-preview:-1\" \/>\n<link rel=\"canonical\" href=\"https:\/\/boutique-one-piece.com\/es\/figuras-de-one-piece\/figuras-de-sabo\/figura-de-one-piece-sabo-y-su-bandera\/\" \/>\n<meta property=\"og:locale\" content=\"es_ES\" \/>\n<meta property=\"og:type\" content=\"article\" \/>\n<meta property=\"og:title\" content=\"Figurine One Piece Sabo et son Drapeau | Figurine One Piece \u2013 Boutique One Piece\" \/>\n<meta property=\"og:description\" content=\"Jeune pirate, le moment est venu pour toi de te procurer cette Figurine One Piece Sabo et son Drapeau. Voici une br\u00e8ve pr\u00e9sentation de Sabo, (uniquement faite pour te rafraichir la m\u00e9moire) ! Sabo est n\u00e9 dans une famille de Noble, mais d\u00e9cida de s&#039;enfuir et de s&#039;installer dans le Grey Terminal. Il est devenu le fr\u00e8re d\" \/>\n<meta property=\"og:url\" content=\"https:\/\/boutique-one-piece.com\/es\/figuras-de-one-piece\/figuras-de-sabo\/figura-de-one-piece-sabo-y-su-bandera\/\" \/>\n<meta property=\"og:site_name\" content=\"Boutique One Piece\" \/>\n<meta property=\"article:modified_time\" content=\"2024-09-16T11:32:02+00:00\" \/>\n<meta property=\"og:image\" content=\"https:\/\/boutique-one-piece.com\/wp-content\/uploads\/2022\/09\/Figurine-One-Piece-Sabo-et-son-Drapeau.jpg\" \/>\n\t<meta property=\"og:image:width\" content=\"640\" \/>\n\t<meta property=\"og:image:height\" content=\"640\" \/>\n\t<meta property=\"og:image:type\" content=\"image\/jpeg\" \/>\n<meta name=\"twitter:card\" content=\"summary_large_image\" \/>\n<meta name=\"twitter:label1\" content=\"Tiempo de lectura\" \/>\n\t<meta name=\"twitter:data1\" content=\"2 minutos\" \/>\n<script type=\"application\/ld+json\" class=\"yoast-schema-graph\">{\"@context\":\"https:\\\/\\\/schema.org\",\"@graph\":[{\"@type\":\"WebPage\",\"@id\":\"https:\\\/\\\/boutique-one-piece.com\\\/figurines-one-piece\\\/figurines-sabo\\\/figurine-one-piece-sabo-et-son-drapeau\\\/\",\"url\":\"https:\\\/\\\/boutique-one-piece.com\\\/figurines-one-piece\\\/figurines-sabo\\\/figurine-one-piece-sabo-et-son-drapeau\\\/\",\"name\":\"Figurine One Piece Sabo et son Drapeau | Figurine One Piece \u2013 Boutique One Piece\",\"isPartOf\":{\"@id\":\"https:\\\/\\\/boutique-one-piece.com\\\/#website\"},\"primaryImageOfPage\":{\"@id\":\"https:\\\/\\\/boutique-one-piece.com\\\/figurines-one-piece\\\/figurines-sabo\\\/figurine-one-piece-sabo-et-son-drapeau\\\/#primaryimage\"},\"image\":{\"@id\":\"https:\\\/\\\/boutique-one-piece.com\\\/figurines-one-piece\\\/figurines-sabo\\\/figurine-one-piece-sabo-et-son-drapeau\\\/#primaryimage\"},\"thumbnailUrl\":\"https:\\\/\\\/boutique-one-piece.com\\\/wp-content\\\/uploads\\\/2022\\\/09\\\/Figurine-One-Piece-Sabo-et-son-Drapeau.jpg\",\"datePublished\":\"2022-09-27T20:16:51+00:00\",\"dateModified\":\"2024-09-16T11:32:02+00:00\",\"description\":\"Jeune pirate, le moment est venu pour toi de te procurer cette Figurine One Piece Sabo et son Drapeau. Voici une br\u00e8ve pr\u00e9sentation de Sabo, (uniquement faite pour te rafraichir la m\u00e9moire) ! Sabo est n\u00e9 dans une famille de Noble, mais d\u00e9cida de s'enfuir et de s'installer dans le Grey Terminal. Il est devenu le fr\u00e8re d\",\"breadcrumb\":{\"@id\":\"https:\\\/\\\/boutique-one-piece.com\\\/figurines-one-piece\\\/figurines-sabo\\\/figurine-one-piece-sabo-et-son-drapeau\\\/#breadcrumb\"},\"inLanguage\":\"es\",\"potentialAction\":[{\"@type\":\"ReadAction\",\"target\":[\"https:\\\/\\\/boutique-one-piece.com\\\/figurines-one-piece\\\/figurines-sabo\\\/figurine-one-piece-sabo-et-son-drapeau\\\/\"]}]},{\"@type\":\"ImageObject\",\"inLanguage\":\"es\",\"@id\":\"https:\\\/\\\/boutique-one-piece.com\\\/figurines-one-piece\\\/figurines-sabo\\\/figurine-one-piece-sabo-et-son-drapeau\\\/#primaryimage\",\"url\":\"https:\\\/\\\/boutique-one-piece.com\\\/wp-content\\\/uploads\\\/2022\\\/09\\\/Figurine-One-Piece-Sabo-et-son-Drapeau.jpg\",\"contentUrl\":\"https:\\\/\\\/boutique-one-piece.com\\\/wp-content\\\/uploads\\\/2022\\\/09\\\/Figurine-One-Piece-Sabo-et-son-Drapeau.jpg\",\"width\":640,\"height\":640,\"caption\":\"Figurine One Piece Sabo et son Drapeau Default Title\"},{\"@type\":\"BreadcrumbList\",\"@id\":\"https:\\\/\\\/boutique-one-piece.com\\\/figurines-one-piece\\\/figurines-sabo\\\/figurine-one-piece-sabo-et-son-drapeau\\\/#breadcrumb\",\"itemListElement\":[{\"@type\":\"ListItem\",\"position\":1,\"name\":\"Home\",\"item\":\"https:\\\/\\\/boutique-one-piece.com\\\/\"},{\"@type\":\"ListItem\",\"position\":2,\"name\":\"Shop\",\"item\":\"https:\\\/\\\/boutique-one-piece.com\\\/shop\\\/\"},{\"@type\":\"ListItem\",\"position\":3,\"name\":\"Figurine One Piece Sabo et son Drapeau\"}]},{\"@type\":\"WebSite\",\"@id\":\"https:\\\/\\\/boutique-one-piece.com\\\/#website\",\"url\":\"https:\\\/\\\/boutique-one-piece.com\\\/\",\"name\":\"Boutique One Piece\",\"description\":\"Magasin Sp\u00e9cialis\u00e9 du Manga et l&#039;Anime One Piece\",\"publisher\":{\"@id\":\"https:\\\/\\\/boutique-one-piece.com\\\/#organization\"},\"potentialAction\":[{\"@type\":\"SearchAction\",\"target\":{\"@type\":\"EntryPoint\",\"urlTemplate\":\"https:\\\/\\\/boutique-one-piece.com\\\/?s={search_term_string}\"},\"query-input\":{\"@type\":\"PropertyValueSpecification\",\"valueRequired\":true,\"valueName\":\"search_term_string\"}}],\"inLanguage\":\"es\"},{\"@type\":\"Organization\",\"@id\":\"https:\\\/\\\/boutique-one-piece.com\\\/#organization\",\"name\":\"Boutique One Piece\",\"url\":\"https:\\\/\\\/boutique-one-piece.com\\\/\",\"logo\":{\"@type\":\"ImageObject\",\"inLanguage\":\"es\",\"@id\":\"https:\\\/\\\/boutique-one-piece.com\\\/#\\\/schema\\\/logo\\\/image\\\/\",\"url\":\"https:\\\/\\\/boutique-one-piece.com\\\/wp-content\\\/uploads\\\/2022\\\/09\\\/Logo-01.png\",\"contentUrl\":\"https:\\\/\\\/boutique-one-piece.com\\\/wp-content\\\/uploads\\\/2022\\\/09\\\/Logo-01.png\",\"width\":2318,\"height\":957,\"caption\":\"Boutique One Piece\"},\"image\":{\"@id\":\"https:\\\/\\\/boutique-one-piece.com\\\/#\\\/schema\\\/logo\\\/image\\\/\"}}]}<\/script>\n<!-- \/ Yoast SEO plugin. -->","yoast_head_json":{"title":"Figura de Sabo de One Piece y su bandera | Figura de One Piece \u2013 Tienda One Piece","description":"Joven pirata, ha llegado el momento de que consigas esta figura de Sabo de One Piece y su bandera. \u00a1Aqu\u00ed tienes una breve introducci\u00f3n a Sabo (solo para refrescarte la memoria)! Sabo naci\u00f3 en una familia noble, pero decidi\u00f3 huir y establecerse en la Terminal Gris. Se convirti\u00f3 en el hermano de...","robots":{"index":"index","follow":"follow","max-snippet":"max-snippet:-1","max-image-preview":"max-image-preview:large","max-video-preview":"max-video-preview:-1"},"canonical":"https:\/\/boutique-one-piece.com\/es\/figuras-de-one-piece\/figuras-de-sabo\/figura-de-one-piece-sabo-y-su-bandera\/","og_locale":"es_ES","og_type":"article","og_title":"Figurine One Piece Sabo et son Drapeau | Figurine One Piece \u2013 Boutique One Piece","og_description":"Jeune pirate, le moment est venu pour toi de te procurer cette Figurine One Piece Sabo et son Drapeau. Voici une br\u00e8ve pr\u00e9sentation de Sabo, (uniquement faite pour te rafraichir la m\u00e9moire) ! Sabo est n\u00e9 dans une famille de Noble, mais d\u00e9cida de s'enfuir et de s'installer dans le Grey Terminal. Il est devenu le fr\u00e8re d","og_url":"https:\/\/boutique-one-piece.com\/es\/figuras-de-one-piece\/figuras-de-sabo\/figura-de-one-piece-sabo-y-su-bandera\/","og_site_name":"Boutique One Piece","article_modified_time":"2024-09-16T11:32:02+00:00","og_image":[{"width":640,"height":640,"url":"https:\/\/boutique-one-piece.com\/wp-content\/uploads\/2022\/09\/Figurine-One-Piece-Sabo-et-son-Drapeau.jpg","type":"image\/jpeg"}],"twitter_card":"summary_large_image","twitter_misc":{"Tiempo de lectura":"2 minutos"},"schema":{"@context":"https:\/\/schema.org","@graph":[{"@type":"WebPage","@id":"https:\/\/boutique-one-piece.com\/figurines-one-piece\/figurines-sabo\/figurine-one-piece-sabo-et-son-drapeau\/","url":"https:\/\/boutique-one-piece.com\/figurines-one-piece\/figurines-sabo\/figurine-one-piece-sabo-et-son-drapeau\/","name":"Figura de Sabo de One Piece y su bandera | Figura de One Piece \u2013 Tienda One Piece","isPartOf":{"@id":"https:\/\/boutique-one-piece.com\/#website"},"primaryImageOfPage":{"@id":"https:\/\/boutique-one-piece.com\/figurines-one-piece\/figurines-sabo\/figurine-one-piece-sabo-et-son-drapeau\/#primaryimage"},"image":{"@id":"https:\/\/boutique-one-piece.com\/figurines-one-piece\/figurines-sabo\/figurine-one-piece-sabo-et-son-drapeau\/#primaryimage"},"thumbnailUrl":"https:\/\/boutique-one-piece.com\/wp-content\/uploads\/2022\/09\/Figurine-One-Piece-Sabo-et-son-Drapeau.jpg","datePublished":"2022-09-27T20:16:51+00:00","dateModified":"2024-09-16T11:32:02+00:00","description":"Joven pirata, ha llegado el momento de que consigas esta figura de Sabo de One Piece y su bandera. \u00a1Aqu\u00ed tienes una breve introducci\u00f3n a Sabo (solo para refrescarte la memoria)! Sabo naci\u00f3 en una familia noble, pero decidi\u00f3 huir y establecerse en la Terminal Gris. Se convirti\u00f3 en el hermano de...","breadcrumb":{"@id":"https:\/\/boutique-one-piece.com\/figurines-one-piece\/figurines-sabo\/figurine-one-piece-sabo-et-son-drapeau\/#breadcrumb"},"inLanguage":"es","potentialAction":[{"@type":"ReadAction","target":["https:\/\/boutique-one-piece.com\/figurines-one-piece\/figurines-sabo\/figurine-one-piece-sabo-et-son-drapeau\/"]}]},{"@type":"ImageObject","inLanguage":"es","@id":"https:\/\/boutique-one-piece.com\/figurines-one-piece\/figurines-sabo\/figurine-one-piece-sabo-et-son-drapeau\/#primaryimage","url":"https:\/\/boutique-one-piece.com\/wp-content\/uploads\/2022\/09\/Figurine-One-Piece-Sabo-et-son-Drapeau.jpg","contentUrl":"https:\/\/boutique-one-piece.com\/wp-content\/uploads\/2022\/09\/Figurine-One-Piece-Sabo-et-son-Drapeau.jpg","width":640,"height":640,"caption":"Figurine One Piece Sabo et son Drapeau Default Title"},{"@type":"BreadcrumbList","@id":"https:\/\/boutique-one-piece.com\/figurines-one-piece\/figurines-sabo\/figurine-one-piece-sabo-et-son-drapeau\/#breadcrumb","itemListElement":[{"@type":"ListItem","position":1,"name":"Home","item":"https:\/\/boutique-one-piece.com\/"},{"@type":"ListItem","position":2,"name":"Shop","item":"https:\/\/boutique-one-piece.com\/shop\/"},{"@type":"ListItem","position":3,"name":"Figurine One Piece Sabo et son Drapeau"}]},{"@type":"WebSite","@id":"https:\/\/boutique-one-piece.com\/#website","url":"https:\/\/boutique-one-piece.com\/","name":"Tienda de One Piece","description":"Tienda especializada en manga y anime de One Piece","publisher":{"@id":"https:\/\/boutique-one-piece.com\/#organization"},"potentialAction":[{"@type":"SearchAction","target":{"@type":"EntryPoint","urlTemplate":"https:\/\/boutique-one-piece.com\/?s={search_term_string}"},"query-input":{"@type":"PropertyValueSpecification","valueRequired":true,"valueName":"search_term_string"}}],"inLanguage":"es"},{"@type":"Organization","@id":"https:\/\/boutique-one-piece.com\/#organization","name":"Tienda de One Piece","url":"https:\/\/boutique-one-piece.com\/","logo":{"@type":"ImageObject","inLanguage":"es","@id":"https:\/\/boutique-one-piece.com\/#\/schema\/logo\/image\/","url":"https:\/\/boutique-one-piece.com\/wp-content\/uploads\/2022\/09\/Logo-01.png","contentUrl":"https:\/\/boutique-one-piece.com\/wp-content\/uploads\/2022\/09\/Logo-01.png","width":2318,"height":957,"caption":"Boutique One Piece"},"image":{"@id":"https:\/\/boutique-one-piece.com\/#\/schema\/logo\/image\/"}}]}},"_links":{"self":[{"href":"https:\/\/boutique-one-piece.com\/es\/wp-json\/wp\/v2\/product\/9005","targetHints":{"allow":["GET"]}}],"collection":[{"href":"https:\/\/boutique-one-piece.com\/es\/wp-json\/wp\/v2\/product"}],"about":[{"href":"https:\/\/boutique-one-piece.com\/es\/wp-json\/wp\/v2\/types\/product"}],"replies":[{"embeddable":true,"href":"https:\/\/boutique-one-piece.com\/es\/wp-json\/wp\/v2\/comments?post=9005"}],"wp:featuredmedia":[{"embeddable":true,"href":"https:\/\/boutique-one-piece.com\/es\/wp-json\/wp\/v2\/media\/9007"}],"wp:attachment":[{"href":"https:\/\/boutique-one-piece.com\/es\/wp-json\/wp\/v2\/media?parent=9005"}],"wp:term":[{"taxonomy":"product_brand","embeddable":true,"href":"https:\/\/boutique-one-piece.com\/es\/wp-json\/wp\/v2\/product_brand?post=9005"},{"taxonomy":"product_cat","embeddable":true,"href":"https:\/\/boutique-one-piece.com\/es\/wp-json\/wp\/v2\/product_cat?post=9005"},{"taxonomy":"product_tag","embeddable":true,"href":"https:\/\/boutique-one-piece.com\/es\/wp-json\/wp\/v2\/product_tag?post=9005"}],"curies":[{"name":"wp","href":"https:\/\/api.w.org\/{rel}","templated":true}]}}