{"id":9186,"date":"2022-09-27T20:18:06","date_gmt":"2022-09-27T20:18:06","guid":{"rendered":"https:\/\/boutique-one-piece.com\/uncategorized\/figurine-one-piece-dracule-mihawk-le-shishibukai\/"},"modified":"2024-09-16T11:37:15","modified_gmt":"2024-09-16T11:37:15","slug":"figura-de-one-piece-dracule-mihawk-el-shishibukai","status":"publish","type":"product","link":"https:\/\/boutique-one-piece.com\/es\/figuras-de-one-piece\/figura-de-one-piece-dracule-mihawk-el-shishibukai\/","title":{"rendered":"Figura de One Piece Dracule Mihawk El Shishibukai"},"content":{"rendered":"<h2>Joven pirata, ha llegado el momento de que consigas esta figura de One Piece Dracule Mihawk The Shichibukai.<\/h2>\n<p>Tu n\u2019es pas sans savoir que <strong>Dr\u00e1cula Mihawk<\/strong> conocido por el apodo de Hawkeye es el primero <strong>Capit\u00e1n corsario<\/strong> \u00e0 appara\u00eetre. Il est rest\u00e9 Capitaine Corsaire jusqu\u2019\u00e0 la dissolution de ce groupe. Tu dois \u00e9galement savoir que Les 7 Grands Corsaires ou 7 Capitaines Corsaires (En japonais \u00ab\u00a0Shichibukai\u00a0\u00bb) \u00e9taient un groupe de sept puissants et c\u00e9l\u00e8bres pirates, dirigeants ou non un \u00e9quipage, ayant conclu un accord avec le Gouvernement Mondial.<\/p>\n<p>Ils faisaient partie des Trois Grands Pouvoirs du monde, avec les Quartiers G\u00e9n\u00e9raux de la Marine et les Quatre Empereurs. Enfin, pour en revenir \u00e0 Dracule Mihawk, c\u2019est lui le d\u00e9tenteur du titre du \u00ab\u00a0Plus grand escrimeur du monde entier\u00a0\u00bb sans compter le fait qu\u2019il f\u00fbt l\u2019entra\u00eeneur de Zoro Roronoa durant l\u2019ellipse de 2 ans. D\u0092ailleurs, la <a title=\"FIGURA DE ONE PIECE ZORO TRAJE BLANCO\" href=\"https:\/\/boutique-one-piece.com\/es\/figura-de-zoro-de-one-piece-con-traje-blanco\/\" target=\"_blank\" rel=\"noopener\">Figura de Zoro Roronoa<\/a>, v\u00eatu d\u2019une tenue blanche est \u00e0 ta port\u00e9e de main.<\/p>\n<h3>Alors, conquis par la figurine du Capitaine Corsaire ? Si tel est le cas, n\u2019h\u00e9site plus et vis bien des aventures aux c\u00f4t\u00e9s de Dracule Mihawk.<\/h3>\n<p>Joven pirata, ha llegado el momento de que tomes las riendas de tu destino. \u00a1Sum\u00e9rgete o vuelve a sumergirte! <strong>l\u2019univers One Piece<\/strong>. Para ello, consigue estos objetos m\u00edticos ahora. Nunca te abandonar\u00e1n y te acompa\u00f1ar\u00e1n en todas tus aventuras. <strong>Tesoro de One Piece<\/strong> n\u2019attends que toi !<\/p>\n<h2>Informaci\u00f3n sobre la figura de Dracule Mihawk el Shichibukai<\/h2>\n<ul data-mce-fragment=\"1\">\n<li data-mce-fragment=\"1\"><span data-mce-fragment=\"1\"><b data-mce-fragment=\"1\"><u data-mce-fragment=\"1\">Figura de One Piece<\/u><\/b>\u00a0: Figurine\u00a0 premium de l\u2019univers One Piece pour les vrais pirates<\/span><\/li>\n<\/ul>\n<ul data-mce-fragment=\"1\">\n<li data-mce-fragment=\"1\">\n<b data-mce-fragment=\"1\">Asunto<\/b><span data-mce-fragment=\"1\">\u00a0<\/span>CLORURO DE POLIVINILO<\/li>\n<\/ul>\n<ul data-mce-fragment=\"1\">\n<li data-mce-fragment=\"1\"><span data-mce-fragment=\"1\"><strong data-mce-fragment=\"1\">Dimensi\u00f3n<\/strong>\u00a0:34 cent\u00edmetros<\/span><\/li>\n<\/ul>\n<ul data-mce-fragment=\"1\">\n<li data-mce-fragment=\"1\"><span data-mce-fragment=\"1\"><strong data-mce-fragment=\"1\">ENTREGA GRATUITA<\/strong><\/span><\/li>\n<\/ul>","protected":false},"excerpt":{"rendered":"<p>Jeune pirate, le moment est venu pour toi de te procurer cette Figurine One Piece Dracule Mihawk Le Shichibukai. Tu n\u2019es pas sans savoir que Dracule Mihawk connu sous le surnom d\u0092\u009cil de Faucon est le premier Capitaine Corsaire \u00e0 appara\u00eetre. Il est rest\u00e9 Capitaine Corsaire jusqu\u2019\u00e0 la dissolution de ce groupe. Tu dois \u00e9galement [&hellip;]<\/p>","protected":false},"featured_media":9188,"comment_status":"open","ping_status":"open","template":"","meta":[],"product_brand":[],"product_cat":[76],"product_tag":[272],"class_list":{"0":"post-9186","1":"product","2":"type-product","3":"status-publish","4":"has-post-thumbnail","6":"product_cat-figurines-one-piece","7":"product_tag-mihawk","9":"first","10":"instock","11":"purchasable","12":"product-type-simple"},"yoast_head":"<!-- This site is optimized with the Yoast SEO plugin v27.5 - https:\/\/yoast.com\/product\/yoast-seo-wordpress\/ -->\n<title>Figurine One Piece Dracule Mihawk Le Shishibukai | Figurine One Piece \u2013 Boutique One Piece<\/title>\n<meta name=\"description\" content=\"Jeune pirate, le moment est venu pour toi de te procurer cette Figurine One Piece Dracule Mihawk Le Shichibukai. Tu n&#039;es pas sans savoir que Dracule Mihawk connu sous le surnom d\u2019\u0153il de Faucon est le premier Capitaine Corsaire \u00e0 appara\u00eetre. Il est rest\u00e9 Capitaine Corsaire jusqu&#039;\u00e0 la dissolution de ce groupe. Tu dois \u00e9g\" \/>\n<meta name=\"robots\" content=\"index, follow, max-snippet:-1, max-image-preview:large, max-video-preview:-1\" \/>\n<link rel=\"canonical\" href=\"https:\/\/boutique-one-piece.com\/es\/figuras-de-one-piece\/figura-de-one-piece-dracule-mihawk-el-shishibukai\/\" \/>\n<meta property=\"og:locale\" content=\"es_ES\" \/>\n<meta property=\"og:type\" content=\"article\" \/>\n<meta property=\"og:title\" content=\"Figurine One Piece Dracule Mihawk Le Shishibukai | Figurine One Piece \u2013 Boutique One Piece\" \/>\n<meta property=\"og:description\" content=\"Jeune pirate, le moment est venu pour toi de te procurer cette Figurine One Piece Dracule Mihawk Le Shichibukai. Tu n&#039;es pas sans savoir que Dracule Mihawk connu sous le surnom d\u2019\u0153il de Faucon est le premier Capitaine Corsaire \u00e0 appara\u00eetre. Il est rest\u00e9 Capitaine Corsaire jusqu&#039;\u00e0 la dissolution de ce groupe. Tu dois \u00e9g\" \/>\n<meta property=\"og:url\" content=\"https:\/\/boutique-one-piece.com\/es\/figuras-de-one-piece\/figura-de-one-piece-dracule-mihawk-el-shishibukai\/\" \/>\n<meta property=\"og:site_name\" content=\"Boutique One Piece\" \/>\n<meta property=\"article:modified_time\" content=\"2024-09-16T11:37:15+00:00\" \/>\n<meta property=\"og:image\" content=\"https:\/\/boutique-one-piece.com\/wp-content\/uploads\/2022\/09\/Figurine-One-Piece-Dracule-Mihawk-Le-Shishibukai-1.jpg\" \/>\n\t<meta property=\"og:image:width\" content=\"800\" \/>\n\t<meta property=\"og:image:height\" content=\"800\" \/>\n\t<meta property=\"og:image:type\" content=\"image\/jpeg\" \/>\n<meta name=\"twitter:card\" content=\"summary_large_image\" \/>\n<meta name=\"twitter:label1\" content=\"Tiempo de lectura\" \/>\n\t<meta name=\"twitter:data1\" content=\"1 minuto\" \/>\n<script type=\"application\/ld+json\" class=\"yoast-schema-graph\">{\"@context\":\"https:\\\/\\\/schema.org\",\"@graph\":[{\"@type\":\"WebPage\",\"@id\":\"https:\\\/\\\/boutique-one-piece.com\\\/figurines-one-piece\\\/figurine-one-piece-dracule-mihawk-le-shishibukai\\\/\",\"url\":\"https:\\\/\\\/boutique-one-piece.com\\\/figurines-one-piece\\\/figurine-one-piece-dracule-mihawk-le-shishibukai\\\/\",\"name\":\"Figurine One Piece Dracule Mihawk Le Shishibukai | Figurine One Piece \u2013 Boutique One Piece\",\"isPartOf\":{\"@id\":\"https:\\\/\\\/boutique-one-piece.com\\\/#website\"},\"primaryImageOfPage\":{\"@id\":\"https:\\\/\\\/boutique-one-piece.com\\\/figurines-one-piece\\\/figurine-one-piece-dracule-mihawk-le-shishibukai\\\/#primaryimage\"},\"image\":{\"@id\":\"https:\\\/\\\/boutique-one-piece.com\\\/figurines-one-piece\\\/figurine-one-piece-dracule-mihawk-le-shishibukai\\\/#primaryimage\"},\"thumbnailUrl\":\"https:\\\/\\\/boutique-one-piece.com\\\/wp-content\\\/uploads\\\/2022\\\/09\\\/Figurine-One-Piece-Dracule-Mihawk-Le-Shishibukai-1.jpg\",\"datePublished\":\"2022-09-27T20:18:06+00:00\",\"dateModified\":\"2024-09-16T11:37:15+00:00\",\"description\":\"Jeune pirate, le moment est venu pour toi de te procurer cette Figurine One Piece Dracule Mihawk Le Shichibukai. Tu n'es pas sans savoir que Dracule Mihawk connu sous le surnom d\u2019\u0153il de Faucon est le premier Capitaine Corsaire \u00e0 appara\u00eetre. Il est rest\u00e9 Capitaine Corsaire jusqu'\u00e0 la dissolution de ce groupe. Tu dois \u00e9g\",\"breadcrumb\":{\"@id\":\"https:\\\/\\\/boutique-one-piece.com\\\/figurines-one-piece\\\/figurine-one-piece-dracule-mihawk-le-shishibukai\\\/#breadcrumb\"},\"inLanguage\":\"es\",\"potentialAction\":[{\"@type\":\"ReadAction\",\"target\":[\"https:\\\/\\\/boutique-one-piece.com\\\/figurines-one-piece\\\/figurine-one-piece-dracule-mihawk-le-shishibukai\\\/\"]}]},{\"@type\":\"ImageObject\",\"inLanguage\":\"es\",\"@id\":\"https:\\\/\\\/boutique-one-piece.com\\\/figurines-one-piece\\\/figurine-one-piece-dracule-mihawk-le-shishibukai\\\/#primaryimage\",\"url\":\"https:\\\/\\\/boutique-one-piece.com\\\/wp-content\\\/uploads\\\/2022\\\/09\\\/Figurine-One-Piece-Dracule-Mihawk-Le-Shishibukai-1.jpg\",\"contentUrl\":\"https:\\\/\\\/boutique-one-piece.com\\\/wp-content\\\/uploads\\\/2022\\\/09\\\/Figurine-One-Piece-Dracule-Mihawk-Le-Shishibukai-1.jpg\",\"width\":800,\"height\":800},{\"@type\":\"BreadcrumbList\",\"@id\":\"https:\\\/\\\/boutique-one-piece.com\\\/figurines-one-piece\\\/figurine-one-piece-dracule-mihawk-le-shishibukai\\\/#breadcrumb\",\"itemListElement\":[{\"@type\":\"ListItem\",\"position\":1,\"name\":\"Home\",\"item\":\"https:\\\/\\\/boutique-one-piece.com\\\/\"},{\"@type\":\"ListItem\",\"position\":2,\"name\":\"Shop\",\"item\":\"https:\\\/\\\/boutique-one-piece.com\\\/shop\\\/\"},{\"@type\":\"ListItem\",\"position\":3,\"name\":\"Figurine One Piece Dracule Mihawk Le Shishibukai\"}]},{\"@type\":\"WebSite\",\"@id\":\"https:\\\/\\\/boutique-one-piece.com\\\/#website\",\"url\":\"https:\\\/\\\/boutique-one-piece.com\\\/\",\"name\":\"Boutique One Piece\",\"description\":\"Magasin Sp\u00e9cialis\u00e9 du Manga et l&#039;Anime One Piece\",\"publisher\":{\"@id\":\"https:\\\/\\\/boutique-one-piece.com\\\/#organization\"},\"potentialAction\":[{\"@type\":\"SearchAction\",\"target\":{\"@type\":\"EntryPoint\",\"urlTemplate\":\"https:\\\/\\\/boutique-one-piece.com\\\/?s={search_term_string}\"},\"query-input\":{\"@type\":\"PropertyValueSpecification\",\"valueRequired\":true,\"valueName\":\"search_term_string\"}}],\"inLanguage\":\"es\"},{\"@type\":\"Organization\",\"@id\":\"https:\\\/\\\/boutique-one-piece.com\\\/#organization\",\"name\":\"Boutique One Piece\",\"url\":\"https:\\\/\\\/boutique-one-piece.com\\\/\",\"logo\":{\"@type\":\"ImageObject\",\"inLanguage\":\"es\",\"@id\":\"https:\\\/\\\/boutique-one-piece.com\\\/#\\\/schema\\\/logo\\\/image\\\/\",\"url\":\"https:\\\/\\\/boutique-one-piece.com\\\/wp-content\\\/uploads\\\/2022\\\/09\\\/Logo-01.png\",\"contentUrl\":\"https:\\\/\\\/boutique-one-piece.com\\\/wp-content\\\/uploads\\\/2022\\\/09\\\/Logo-01.png\",\"width\":2318,\"height\":957,\"caption\":\"Boutique One Piece\"},\"image\":{\"@id\":\"https:\\\/\\\/boutique-one-piece.com\\\/#\\\/schema\\\/logo\\\/image\\\/\"}}]}<\/script>\n<!-- \/ Yoast SEO plugin. -->","yoast_head_json":{"title":"Figura de One Piece Dracule Mihawk, el Shishibukai | Figura de One Piece \u2013 Tienda One Piece","description":"Joven pirata, ha llegado el momento de que consigas esta figura de One Piece Dracule Mihawk Shichibukai. Seguramente sabes que Dracule Mihawk, conocido como Ojo de Halc\u00f3n, fue el primer Se\u00f1or de la Guerra del Mar. Permaneci\u00f3 como Se\u00f1or de la Guerra hasta la disoluci\u00f3n del grupo. Tambi\u00e9n debes...","robots":{"index":"index","follow":"follow","max-snippet":"max-snippet:-1","max-image-preview":"max-image-preview:large","max-video-preview":"max-video-preview:-1"},"canonical":"https:\/\/boutique-one-piece.com\/es\/figuras-de-one-piece\/figura-de-one-piece-dracule-mihawk-el-shishibukai\/","og_locale":"es_ES","og_type":"article","og_title":"Figurine One Piece Dracule Mihawk Le Shishibukai | Figurine One Piece \u2013 Boutique One Piece","og_description":"Jeune pirate, le moment est venu pour toi de te procurer cette Figurine One Piece Dracule Mihawk Le Shichibukai. Tu n'es pas sans savoir que Dracule Mihawk connu sous le surnom d\u2019\u0153il de Faucon est le premier Capitaine Corsaire \u00e0 appara\u00eetre. Il est rest\u00e9 Capitaine Corsaire jusqu'\u00e0 la dissolution de ce groupe. Tu dois \u00e9g","og_url":"https:\/\/boutique-one-piece.com\/es\/figuras-de-one-piece\/figura-de-one-piece-dracule-mihawk-el-shishibukai\/","og_site_name":"Boutique One Piece","article_modified_time":"2024-09-16T11:37:15+00:00","og_image":[{"width":800,"height":800,"url":"https:\/\/boutique-one-piece.com\/wp-content\/uploads\/2022\/09\/Figurine-One-Piece-Dracule-Mihawk-Le-Shishibukai-1.jpg","type":"image\/jpeg"}],"twitter_card":"summary_large_image","twitter_misc":{"Tiempo de lectura":"1 minuto"},"schema":{"@context":"https:\/\/schema.org","@graph":[{"@type":"WebPage","@id":"https:\/\/boutique-one-piece.com\/figurines-one-piece\/figurine-one-piece-dracule-mihawk-le-shishibukai\/","url":"https:\/\/boutique-one-piece.com\/figurines-one-piece\/figurine-one-piece-dracule-mihawk-le-shishibukai\/","name":"Figura de One Piece Dracule Mihawk, el Shishibukai | Figura de One Piece \u2013 Tienda One Piece","isPartOf":{"@id":"https:\/\/boutique-one-piece.com\/#website"},"primaryImageOfPage":{"@id":"https:\/\/boutique-one-piece.com\/figurines-one-piece\/figurine-one-piece-dracule-mihawk-le-shishibukai\/#primaryimage"},"image":{"@id":"https:\/\/boutique-one-piece.com\/figurines-one-piece\/figurine-one-piece-dracule-mihawk-le-shishibukai\/#primaryimage"},"thumbnailUrl":"https:\/\/boutique-one-piece.com\/wp-content\/uploads\/2022\/09\/Figurine-One-Piece-Dracule-Mihawk-Le-Shishibukai-1.jpg","datePublished":"2022-09-27T20:18:06+00:00","dateModified":"2024-09-16T11:37:15+00:00","description":"Joven pirata, ha llegado el momento de que consigas esta figura de One Piece Dracule Mihawk Shichibukai. Seguramente sabes que Dracule Mihawk, conocido como Ojo de Halc\u00f3n, fue el primer Se\u00f1or de la Guerra del Mar. Permaneci\u00f3 como Se\u00f1or de la Guerra hasta la disoluci\u00f3n del grupo. Tambi\u00e9n debes...","breadcrumb":{"@id":"https:\/\/boutique-one-piece.com\/figurines-one-piece\/figurine-one-piece-dracule-mihawk-le-shishibukai\/#breadcrumb"},"inLanguage":"es","potentialAction":[{"@type":"ReadAction","target":["https:\/\/boutique-one-piece.com\/figurines-one-piece\/figurine-one-piece-dracule-mihawk-le-shishibukai\/"]}]},{"@type":"ImageObject","inLanguage":"es","@id":"https:\/\/boutique-one-piece.com\/figurines-one-piece\/figurine-one-piece-dracule-mihawk-le-shishibukai\/#primaryimage","url":"https:\/\/boutique-one-piece.com\/wp-content\/uploads\/2022\/09\/Figurine-One-Piece-Dracule-Mihawk-Le-Shishibukai-1.jpg","contentUrl":"https:\/\/boutique-one-piece.com\/wp-content\/uploads\/2022\/09\/Figurine-One-Piece-Dracule-Mihawk-Le-Shishibukai-1.jpg","width":800,"height":800},{"@type":"BreadcrumbList","@id":"https:\/\/boutique-one-piece.com\/figurines-one-piece\/figurine-one-piece-dracule-mihawk-le-shishibukai\/#breadcrumb","itemListElement":[{"@type":"ListItem","position":1,"name":"Home","item":"https:\/\/boutique-one-piece.com\/"},{"@type":"ListItem","position":2,"name":"Shop","item":"https:\/\/boutique-one-piece.com\/shop\/"},{"@type":"ListItem","position":3,"name":"Figurine One Piece Dracule Mihawk Le Shishibukai"}]},{"@type":"WebSite","@id":"https:\/\/boutique-one-piece.com\/#website","url":"https:\/\/boutique-one-piece.com\/","name":"Tienda de One Piece","description":"Tienda especializada en manga y anime de One Piece","publisher":{"@id":"https:\/\/boutique-one-piece.com\/#organization"},"potentialAction":[{"@type":"SearchAction","target":{"@type":"EntryPoint","urlTemplate":"https:\/\/boutique-one-piece.com\/?s={search_term_string}"},"query-input":{"@type":"PropertyValueSpecification","valueRequired":true,"valueName":"search_term_string"}}],"inLanguage":"es"},{"@type":"Organization","@id":"https:\/\/boutique-one-piece.com\/#organization","name":"Tienda de One Piece","url":"https:\/\/boutique-one-piece.com\/","logo":{"@type":"ImageObject","inLanguage":"es","@id":"https:\/\/boutique-one-piece.com\/#\/schema\/logo\/image\/","url":"https:\/\/boutique-one-piece.com\/wp-content\/uploads\/2022\/09\/Logo-01.png","contentUrl":"https:\/\/boutique-one-piece.com\/wp-content\/uploads\/2022\/09\/Logo-01.png","width":2318,"height":957,"caption":"Boutique One Piece"},"image":{"@id":"https:\/\/boutique-one-piece.com\/#\/schema\/logo\/image\/"}}]}},"_links":{"self":[{"href":"https:\/\/boutique-one-piece.com\/es\/wp-json\/wp\/v2\/product\/9186","targetHints":{"allow":["GET"]}}],"collection":[{"href":"https:\/\/boutique-one-piece.com\/es\/wp-json\/wp\/v2\/product"}],"about":[{"href":"https:\/\/boutique-one-piece.com\/es\/wp-json\/wp\/v2\/types\/product"}],"replies":[{"embeddable":true,"href":"https:\/\/boutique-one-piece.com\/es\/wp-json\/wp\/v2\/comments?post=9186"}],"wp:featuredmedia":[{"embeddable":true,"href":"https:\/\/boutique-one-piece.com\/es\/wp-json\/wp\/v2\/media\/9188"}],"wp:attachment":[{"href":"https:\/\/boutique-one-piece.com\/es\/wp-json\/wp\/v2\/media?parent=9186"}],"wp:term":[{"taxonomy":"product_brand","embeddable":true,"href":"https:\/\/boutique-one-piece.com\/es\/wp-json\/wp\/v2\/product_brand?post=9186"},{"taxonomy":"product_cat","embeddable":true,"href":"https:\/\/boutique-one-piece.com\/es\/wp-json\/wp\/v2\/product_cat?post=9186"},{"taxonomy":"product_tag","embeddable":true,"href":"https:\/\/boutique-one-piece.com\/es\/wp-json\/wp\/v2\/product_tag?post=9186"}],"curies":[{"name":"wp","href":"https:\/\/api.w.org\/{rel}","templated":true}]}}