{"id":9424,"date":"2022-09-27T20:19:49","date_gmt":"2022-09-27T20:19:49","guid":{"rendered":"https:\/\/boutique-one-piece.com\/uncategorized\/tableau-one-piece-gomu-gonu-no-mi\/"},"modified":"2024-09-18T01:44:33","modified_gmt":"2024-09-18T01:44:33","slug":"pintura-de-una-pieza-gomu-gonu-no-mi","status":"publish","type":"product","link":"https:\/\/boutique-one-piece.com\/es\/decoraciones-de-one-piece\/pinturas-de-one-piece\/pintura-de-una-pieza-gomu-gonu-no-mi\/","title":{"rendered":"Pintura de One Piece Gomu Gonu No Mi"},"content":{"rendered":"<h2>Impresi\u00f3n en lienzo de 5 paneles de One Piece con Mugiwara No Luffy en posici\u00f3n de lucha: \u00a1una impresi\u00f3n en lienzo de calidad para un pirata como t\u00fa!<\/h2>\n<p>Si eres un&nbsp;<strong>pirata real<\/strong>, Usted apreciar\u00e1 el&nbsp;<strong>calidad<\/strong>&nbsp;Lienzo, pintura y un marco para sus&nbsp;<strong>dise\u00f1os&nbsp;<\/strong>Y&nbsp;<strong>Impresi\u00f3n de lienzo 3D<\/strong>&nbsp;de esto&nbsp;<strong>Cuadro de cinco paneles de One Piece<\/strong>&nbsp;Pero lo m\u00e1s importante es que con este gr\u00e1fico ser\u00e1s parte de&nbsp;<strong>el equipo de fans<\/strong>&nbsp;de&nbsp;<strong>manga pirata<\/strong>&nbsp;y obtendr\u00e1s:<\/p>\n<ul>\n<li>&nbsp;<strong>Admiraci\u00f3n<\/strong>&nbsp;De todos los fans de&nbsp;<strong>mugiwara<\/strong>&nbsp;que invitar\u00e1s a tu casa<\/li>\n<\/ul>\n<ul>\n<li>Un verdadero&nbsp;<strong>Gr\u00e1fico impreso de 5 piezas<\/strong>&nbsp;con el que puedes<strong>&nbsp;imaginar&nbsp;<\/strong>luchar con<b>&nbsp;Monkey D. Luffy<\/b><\/li>\n<\/ul>\n<p>Entonces, \u00bfest\u00e1 listo para mostrar el&nbsp;<strong>bandera <\/strong>de <strong>La tripulaci\u00f3n del Sombrero de Paja<\/strong>&nbsp;?<\/p>\n<h2>\u00bfEres fan del manga o anime de One Piece? \u00a1Demu\u00e9stralo con este lienzo de 5 piezas de One Piece!<\/h2>\n<p>Si usted&nbsp;<strong>leer<\/strong>&nbsp;o donde sea que mires&nbsp;<strong>el anime&nbsp;<\/strong><strong>japon\u00e9s<\/strong>, Hay una buena posibilidad de que te hayas convertido&nbsp;<strong>loco por One Piece<\/strong>&nbsp;\u00a1Con esto!&nbsp;<strong>Pintura de 5 paneles Gomu Gomu No Mi<\/strong>, \u00danete a la\u2019<strong>tripulaci\u00f3n de fans de la franquicia<\/strong><\/p>\n<p>Este&nbsp;<strong>cuadro<\/strong>&nbsp;est\u00e1 disponible con un&nbsp;<strong>marco de madera<\/strong>&nbsp;la variante &quot;\u00ab\u00a0<strong>Con marco<\/strong>\u00ab&quot;Tambi\u00e9n es posible tener s\u00f3lo el&nbsp;<strong>pa\u00f1o<\/strong>&nbsp;con la variante &quot;\u00ab\u00a0<strong>Sin marco<\/strong>\u00abEncontrar\u00e1s la tabla en los tama\u00f1os&nbsp;<strong>Peque\u00f1o<\/strong>,<strong>&nbsp;PROMEDIO<\/strong>,<strong>&nbsp;Grande<\/strong>,<strong>&nbsp;SG<\/strong>, Se adaptar\u00e1 a todo tipo de piratas, incluso si no tienes&nbsp;<strong>espada<\/strong>&nbsp;o&nbsp;<strong>fruta del diablo<\/strong>&nbsp;Todav\u00eda puedes colgarlo con orgullo en casa.<\/p>\n<p><strong>Luffy Sombrero de Paja<\/strong> comi\u00f3 el <strong>Gomu Gomu No Mi<\/strong> lo que le dio el poder de ser un <strong>hombre el\u00e1stico<\/strong>, su <strong>cuerpo<\/strong> se ha convertido en <strong>goma<\/strong>.<\/p>\n<h2>Informaci\u00f3n sobre la pintura:<\/h2>\n<ul>\n<li>\n<strong>Lienzo impreso de alta calidad&nbsp;<\/strong>: lienzo de pared hecho de <strong>algod\u00f3n<\/strong> y <strong>lino<\/strong>, para obtener una <strong>pa\u00f1o<\/strong> digno del nombre<\/li>\n<\/ul>\n<ul>\n<li>\n<strong>Pintura de dise\u00f1o ultra<\/strong>&nbsp;La tabla de cinco partes proporciona mucha informaci\u00f3n <strong>estilo<\/strong> a un <strong>pedazo<\/strong>, Los fan\u00e1ticos no pueden evitar amarlo.<\/li>\n<\/ul>\n<ul style=\"font-weight: 400\">\n<li>\n<strong>Color e impresi\u00f3n&nbsp;<\/strong>Cuadro de One Piece con estampado <strong>Canva<\/strong> El referente en la impresi\u00f3n sobre lienzo<\/li>\n<\/ul>\n<ul style=\"font-weight: 400\">\n<li>\n<strong>Arte de pared ligero<\/strong>&nbsp;: gran entorno <strong>luz,<\/strong> Todo lo que se necesita es uno <strong>clavo<\/strong> o de la <strong>pierna fija<\/strong> Para el <strong>mantener<\/strong> En <strong>muro<\/strong><\/li>\n<\/ul>\n<ul style=\"font-weight: 400\">\n<li>\n<strong>Marco de madera<\/strong>&nbsp;:la variante &quot;\u00ab\u00a0<strong>Con marco<\/strong>\u00a0\u00bb va acompa\u00f1ado de un <strong>marco de madera<\/strong> y la versi\u00f3n &quot;\u00ab\u00a0<strong>Sin marco<\/strong>\u00a0\u00bb se entrega <strong>sin el marco de madera<\/strong><\/li>\n<\/ul>\n<ul style=\"font-weight: 400\">\n<li>\n<strong>Entrega gratuita&nbsp;<\/strong>para cualquier compra<strong>&nbsp;<\/strong><\/li>\n<\/ul>\n<h3>No olvides echar un vistazo a la gu\u00eda de tallas que aparece a continuaci\u00f3n.<\/h3>\n<h2>\n<strong style=\"font-size: 15px\">Pintura de 5 piezas de One Piece<\/strong><span style=\"font-size: 15px\">,<\/span><strong style=\"font-size: 15px\"> <\/strong><span style=\"font-size: 15px\">Tama\u00f1o<\/span><strong style=\"font-size: 15px\"> <\/strong><span style=\"font-size: 15px\">: <\/span><strong style=\"font-size: 15px\">Peque\u00f1o<\/strong><\/h2>\n<p>&nbsp;<img decoding=\"async\" src=\"https:\/\/cdn.shopify.com\/s\/files\/1\/0087\/7556\/5348\/files\/guide_taille_tableau_one_piece_petit_boutique_one_piece_large.jpg?v=1560247451\" alt=\"Gu\u00eda de tallas de One Piece (5 piezas, tama\u00f1o peque\u00f1o)\"><\/p>\n<p><strong>Pintura de 5 piezas de One Piece<\/strong>, Tama\u00f1o<strong> <\/strong>:<strong> PROMEDIO<\/strong><\/p>\n<p>&nbsp;<img decoding=\"async\" src=\"https:\/\/cdn.shopify.com\/s\/files\/1\/0087\/7556\/5348\/files\/guide_taille_tableau_one_piece_moyen_boutique_one_piece_large.jpg?v=1560247519\" alt=\"Gu\u00eda de tallas Tabla de tallas Una pieza 5 piezas Mediano\"><\/p>\n<p><strong>Pintura de 5 piezas de One Piece<\/strong>, Tama\u00f1o<strong> <\/strong>: <strong>Grande<\/strong><\/p>\n<p>&nbsp;<img decoding=\"async\" src=\"https:\/\/cdn.shopify.com\/s\/files\/1\/0087\/7556\/5348\/files\/guide_taille_tableau_one_piece_grand_boutique_one_piece_large.jpg?v=1560247582\" alt=\"Tabla de tallas de 5 piezas de One Piece (grande)\"><\/p>\n<p><strong>Pintura de 5 piezas de One Piece<\/strong>, Tama\u00f1o: <strong>SG<\/strong><\/p>\n<p><img decoding=\"async\" src=\"https:\/\/cdn.shopify.com\/s\/files\/1\/0087\/7556\/5348\/files\/guide_taille_tableau_one_piece_xl_boutique_one_piece_large.jpg?v=1560247610\" alt=\"Tabla de tallas XL de 5 piezas de One Piece\"><\/p>","protected":false},"excerpt":{"rendered":"<p>Impresi\u00f3n en lienzo de 5 paneles de One Piece con Luffy Sombrero de Paja en posici\u00f3n de combate. \u00a1Una pieza de alta calidad para un pirata como t\u00fa! Si eres un verdadero pirata, apreciar\u00e1s la calidad del lienzo, la pintura y el marco, as\u00ed como la impresi\u00f3n 3D de esta impresi\u00f3n en lienzo de 5 paneles de One Piece. Pero lo m\u00e1s importante es que, con esta impresi\u00f3n en lienzo, te convertir\u00e1s en uno de los fans del manga...<\/p>","protected":false},"featured_media":9426,"comment_status":"open","ping_status":"open","template":"","meta":[],"product_brand":[],"product_cat":[141],"product_tag":[92,142,143],"class_list":{"0":"post-9424","1":"product","2":"type-product","3":"status-publish","4":"has-post-thumbnail","6":"product_cat-tableaux-one-piece","7":"product_tag-luffy","8":"product_tag-tableau-5-pieces","9":"product_tag-toile","11":"first","12":"instock","13":"purchasable","14":"product-type-variable"},"yoast_head":"<!-- This site is optimized with the Yoast SEO plugin v27.5 - https:\/\/yoast.com\/product\/yoast-seo-wordpress\/ -->\n<title>Tableau One Piece Gomu Gonu No Mi | Boutique One Piece<\/title>\n<meta name=\"description\" content=\"Tableau 5 Pi\u00e8ces One Piece avec Roronoa Luffy qui Utilise le Gear \u00e0 Enies Lobby Haute Qualit\u00e9 Fan du Manga de Pirates ce Tableau 5 Panneaux est Fait Pour Vous!\" \/>\n<meta name=\"robots\" content=\"index, follow, max-snippet:-1, max-image-preview:large, max-video-preview:-1\" \/>\n<link rel=\"canonical\" href=\"https:\/\/boutique-one-piece.com\/es\/decoraciones-de-one-piece\/pinturas-de-one-piece\/pintura-de-una-pieza-gomu-gonu-no-mi\/\" \/>\n<meta property=\"og:locale\" content=\"es_ES\" \/>\n<meta property=\"og:type\" content=\"article\" \/>\n<meta property=\"og:title\" content=\"Tableau One Piece Gomu Gonu No Mi | Boutique One Piece\" \/>\n<meta property=\"og:description\" content=\"Tableau 5 Pi\u00e8ces One Piece avec Roronoa Luffy qui Utilise le Gear \u00e0 Enies Lobby Haute Qualit\u00e9 Fan du Manga de Pirates ce Tableau 5 Panneaux est Fait Pour Vous!\" \/>\n<meta property=\"og:url\" content=\"https:\/\/boutique-one-piece.com\/es\/decoraciones-de-one-piece\/pinturas-de-one-piece\/pintura-de-una-pieza-gomu-gonu-no-mi\/\" \/>\n<meta property=\"og:site_name\" content=\"Boutique One Piece\" \/>\n<meta property=\"article:modified_time\" content=\"2024-09-18T01:44:33+00:00\" \/>\n<meta property=\"og:image\" content=\"https:\/\/boutique-one-piece.com\/wp-content\/uploads\/2022\/09\/Tableau-One-Piece-Gomu-Gonu-No-Mi.jpg\" \/>\n\t<meta property=\"og:image:width\" content=\"600\" \/>\n\t<meta property=\"og:image:height\" content=\"600\" \/>\n\t<meta property=\"og:image:type\" content=\"image\/jpeg\" \/>\n<meta name=\"twitter:card\" content=\"summary_large_image\" \/>\n<meta name=\"twitter:label1\" content=\"Tiempo de lectura\" \/>\n\t<meta name=\"twitter:data1\" content=\"3 minutos\" \/>\n<script type=\"application\/ld+json\" class=\"yoast-schema-graph\">{\"@context\":\"https:\\\/\\\/schema.org\",\"@graph\":[{\"@type\":\"WebPage\",\"@id\":\"https:\\\/\\\/boutique-one-piece.com\\\/decorations-one-piece\\\/tableaux-one-piece\\\/tableau-one-piece-gomu-gonu-no-mi\\\/\",\"url\":\"https:\\\/\\\/boutique-one-piece.com\\\/decorations-one-piece\\\/tableaux-one-piece\\\/tableau-one-piece-gomu-gonu-no-mi\\\/\",\"name\":\"Tableau One Piece Gomu Gonu No Mi | Boutique One Piece\",\"isPartOf\":{\"@id\":\"https:\\\/\\\/boutique-one-piece.com\\\/#website\"},\"primaryImageOfPage\":{\"@id\":\"https:\\\/\\\/boutique-one-piece.com\\\/decorations-one-piece\\\/tableaux-one-piece\\\/tableau-one-piece-gomu-gonu-no-mi\\\/#primaryimage\"},\"image\":{\"@id\":\"https:\\\/\\\/boutique-one-piece.com\\\/decorations-one-piece\\\/tableaux-one-piece\\\/tableau-one-piece-gomu-gonu-no-mi\\\/#primaryimage\"},\"thumbnailUrl\":\"https:\\\/\\\/boutique-one-piece.com\\\/wp-content\\\/uploads\\\/2022\\\/09\\\/Tableau-One-Piece-Gomu-Gonu-No-Mi.jpg\",\"datePublished\":\"2022-09-27T20:19:49+00:00\",\"dateModified\":\"2024-09-18T01:44:33+00:00\",\"description\":\"Tableau 5 Pi\u00e8ces One Piece avec Roronoa Luffy qui Utilise le Gear \u00e0 Enies Lobby Haute Qualit\u00e9 Fan du Manga de Pirates ce Tableau 5 Panneaux est Fait Pour Vous!\",\"breadcrumb\":{\"@id\":\"https:\\\/\\\/boutique-one-piece.com\\\/decorations-one-piece\\\/tableaux-one-piece\\\/tableau-one-piece-gomu-gonu-no-mi\\\/#breadcrumb\"},\"inLanguage\":\"es\",\"potentialAction\":[{\"@type\":\"ReadAction\",\"target\":[\"https:\\\/\\\/boutique-one-piece.com\\\/decorations-one-piece\\\/tableaux-one-piece\\\/tableau-one-piece-gomu-gonu-no-mi\\\/\"]}]},{\"@type\":\"ImageObject\",\"inLanguage\":\"es\",\"@id\":\"https:\\\/\\\/boutique-one-piece.com\\\/decorations-one-piece\\\/tableaux-one-piece\\\/tableau-one-piece-gomu-gonu-no-mi\\\/#primaryimage\",\"url\":\"https:\\\/\\\/boutique-one-piece.com\\\/wp-content\\\/uploads\\\/2022\\\/09\\\/Tableau-One-Piece-Gomu-Gonu-No-Mi.jpg\",\"contentUrl\":\"https:\\\/\\\/boutique-one-piece.com\\\/wp-content\\\/uploads\\\/2022\\\/09\\\/Tableau-One-Piece-Gomu-Gonu-No-Mi.jpg\",\"width\":600,\"height\":600,\"caption\":\"Tableau One Piece Gomu Gonu No Mi XL Avec Cadre\"},{\"@type\":\"BreadcrumbList\",\"@id\":\"https:\\\/\\\/boutique-one-piece.com\\\/decorations-one-piece\\\/tableaux-one-piece\\\/tableau-one-piece-gomu-gonu-no-mi\\\/#breadcrumb\",\"itemListElement\":[{\"@type\":\"ListItem\",\"position\":1,\"name\":\"Home\",\"item\":\"https:\\\/\\\/boutique-one-piece.com\\\/\"},{\"@type\":\"ListItem\",\"position\":2,\"name\":\"Shop\",\"item\":\"https:\\\/\\\/boutique-one-piece.com\\\/shop\\\/\"},{\"@type\":\"ListItem\",\"position\":3,\"name\":\"Tableau One Piece Gomu Gonu No Mi\"}]},{\"@type\":\"WebSite\",\"@id\":\"https:\\\/\\\/boutique-one-piece.com\\\/#website\",\"url\":\"https:\\\/\\\/boutique-one-piece.com\\\/\",\"name\":\"Boutique One Piece\",\"description\":\"Magasin Sp\u00e9cialis\u00e9 du Manga et l&#039;Anime One Piece\",\"publisher\":{\"@id\":\"https:\\\/\\\/boutique-one-piece.com\\\/#organization\"},\"potentialAction\":[{\"@type\":\"SearchAction\",\"target\":{\"@type\":\"EntryPoint\",\"urlTemplate\":\"https:\\\/\\\/boutique-one-piece.com\\\/?s={search_term_string}\"},\"query-input\":{\"@type\":\"PropertyValueSpecification\",\"valueRequired\":true,\"valueName\":\"search_term_string\"}}],\"inLanguage\":\"es\"},{\"@type\":\"Organization\",\"@id\":\"https:\\\/\\\/boutique-one-piece.com\\\/#organization\",\"name\":\"Boutique One Piece\",\"url\":\"https:\\\/\\\/boutique-one-piece.com\\\/\",\"logo\":{\"@type\":\"ImageObject\",\"inLanguage\":\"es\",\"@id\":\"https:\\\/\\\/boutique-one-piece.com\\\/#\\\/schema\\\/logo\\\/image\\\/\",\"url\":\"https:\\\/\\\/boutique-one-piece.com\\\/wp-content\\\/uploads\\\/2022\\\/09\\\/Logo-01.png\",\"contentUrl\":\"https:\\\/\\\/boutique-one-piece.com\\\/wp-content\\\/uploads\\\/2022\\\/09\\\/Logo-01.png\",\"width\":2318,\"height\":957,\"caption\":\"Boutique One Piece\"},\"image\":{\"@id\":\"https:\\\/\\\/boutique-one-piece.com\\\/#\\\/schema\\\/logo\\\/image\\\/\"}}]}<\/script>\n<!-- \/ Yoast SEO plugin. -->","yoast_head_json":{"title":"Pintura de One Piece de Gomu Gonu No Mi | Tienda de One Piece","description":"Impresi\u00f3n en lienzo de 5 piezas de One Piece con Roronoa Luffy usando el Gear en Enies Lobby. Alta calidad. Fan\u00e1ticos del manga pirata, \u00a1esta impresi\u00f3n en lienzo de 5 paneles es perfecta para ustedes!","robots":{"index":"index","follow":"follow","max-snippet":"max-snippet:-1","max-image-preview":"max-image-preview:large","max-video-preview":"max-video-preview:-1"},"canonical":"https:\/\/boutique-one-piece.com\/es\/decoraciones-de-one-piece\/pinturas-de-one-piece\/pintura-de-una-pieza-gomu-gonu-no-mi\/","og_locale":"es_ES","og_type":"article","og_title":"Tableau One Piece Gomu Gonu No Mi | Boutique One Piece","og_description":"Tableau 5 Pi\u00e8ces One Piece avec Roronoa Luffy qui Utilise le Gear \u00e0 Enies Lobby Haute Qualit\u00e9 Fan du Manga de Pirates ce Tableau 5 Panneaux est Fait Pour Vous!","og_url":"https:\/\/boutique-one-piece.com\/es\/decoraciones-de-one-piece\/pinturas-de-one-piece\/pintura-de-una-pieza-gomu-gonu-no-mi\/","og_site_name":"Boutique One Piece","article_modified_time":"2024-09-18T01:44:33+00:00","og_image":[{"width":600,"height":600,"url":"https:\/\/boutique-one-piece.com\/wp-content\/uploads\/2022\/09\/Tableau-One-Piece-Gomu-Gonu-No-Mi.jpg","type":"image\/jpeg"}],"twitter_card":"summary_large_image","twitter_misc":{"Tiempo de lectura":"3 minutos"},"schema":{"@context":"https:\/\/schema.org","@graph":[{"@type":"WebPage","@id":"https:\/\/boutique-one-piece.com\/decorations-one-piece\/tableaux-one-piece\/tableau-one-piece-gomu-gonu-no-mi\/","url":"https:\/\/boutique-one-piece.com\/decorations-one-piece\/tableaux-one-piece\/tableau-one-piece-gomu-gonu-no-mi\/","name":"Pintura de One Piece de Gomu Gonu No Mi | Tienda de One Piece","isPartOf":{"@id":"https:\/\/boutique-one-piece.com\/#website"},"primaryImageOfPage":{"@id":"https:\/\/boutique-one-piece.com\/decorations-one-piece\/tableaux-one-piece\/tableau-one-piece-gomu-gonu-no-mi\/#primaryimage"},"image":{"@id":"https:\/\/boutique-one-piece.com\/decorations-one-piece\/tableaux-one-piece\/tableau-one-piece-gomu-gonu-no-mi\/#primaryimage"},"thumbnailUrl":"https:\/\/boutique-one-piece.com\/wp-content\/uploads\/2022\/09\/Tableau-One-Piece-Gomu-Gonu-No-Mi.jpg","datePublished":"2022-09-27T20:19:49+00:00","dateModified":"2024-09-18T01:44:33+00:00","description":"Impresi\u00f3n en lienzo de 5 piezas de One Piece con Roronoa Luffy usando el Gear en Enies Lobby. Alta calidad. Fan\u00e1ticos del manga pirata, \u00a1esta impresi\u00f3n en lienzo de 5 paneles es perfecta para ustedes!","breadcrumb":{"@id":"https:\/\/boutique-one-piece.com\/decorations-one-piece\/tableaux-one-piece\/tableau-one-piece-gomu-gonu-no-mi\/#breadcrumb"},"inLanguage":"es","potentialAction":[{"@type":"ReadAction","target":["https:\/\/boutique-one-piece.com\/decorations-one-piece\/tableaux-one-piece\/tableau-one-piece-gomu-gonu-no-mi\/"]}]},{"@type":"ImageObject","inLanguage":"es","@id":"https:\/\/boutique-one-piece.com\/decorations-one-piece\/tableaux-one-piece\/tableau-one-piece-gomu-gonu-no-mi\/#primaryimage","url":"https:\/\/boutique-one-piece.com\/wp-content\/uploads\/2022\/09\/Tableau-One-Piece-Gomu-Gonu-No-Mi.jpg","contentUrl":"https:\/\/boutique-one-piece.com\/wp-content\/uploads\/2022\/09\/Tableau-One-Piece-Gomu-Gonu-No-Mi.jpg","width":600,"height":600,"caption":"Tableau One Piece Gomu Gonu No Mi XL Avec Cadre"},{"@type":"BreadcrumbList","@id":"https:\/\/boutique-one-piece.com\/decorations-one-piece\/tableaux-one-piece\/tableau-one-piece-gomu-gonu-no-mi\/#breadcrumb","itemListElement":[{"@type":"ListItem","position":1,"name":"Home","item":"https:\/\/boutique-one-piece.com\/"},{"@type":"ListItem","position":2,"name":"Shop","item":"https:\/\/boutique-one-piece.com\/shop\/"},{"@type":"ListItem","position":3,"name":"Tableau One Piece Gomu Gonu No Mi"}]},{"@type":"WebSite","@id":"https:\/\/boutique-one-piece.com\/#website","url":"https:\/\/boutique-one-piece.com\/","name":"Tienda de One Piece","description":"Tienda especializada en manga y anime de One Piece","publisher":{"@id":"https:\/\/boutique-one-piece.com\/#organization"},"potentialAction":[{"@type":"SearchAction","target":{"@type":"EntryPoint","urlTemplate":"https:\/\/boutique-one-piece.com\/?s={search_term_string}"},"query-input":{"@type":"PropertyValueSpecification","valueRequired":true,"valueName":"search_term_string"}}],"inLanguage":"es"},{"@type":"Organization","@id":"https:\/\/boutique-one-piece.com\/#organization","name":"Tienda de One Piece","url":"https:\/\/boutique-one-piece.com\/","logo":{"@type":"ImageObject","inLanguage":"es","@id":"https:\/\/boutique-one-piece.com\/#\/schema\/logo\/image\/","url":"https:\/\/boutique-one-piece.com\/wp-content\/uploads\/2022\/09\/Logo-01.png","contentUrl":"https:\/\/boutique-one-piece.com\/wp-content\/uploads\/2022\/09\/Logo-01.png","width":2318,"height":957,"caption":"Boutique One Piece"},"image":{"@id":"https:\/\/boutique-one-piece.com\/#\/schema\/logo\/image\/"}}]}},"_links":{"self":[{"href":"https:\/\/boutique-one-piece.com\/es\/wp-json\/wp\/v2\/product\/9424","targetHints":{"allow":["GET"]}}],"collection":[{"href":"https:\/\/boutique-one-piece.com\/es\/wp-json\/wp\/v2\/product"}],"about":[{"href":"https:\/\/boutique-one-piece.com\/es\/wp-json\/wp\/v2\/types\/product"}],"replies":[{"embeddable":true,"href":"https:\/\/boutique-one-piece.com\/es\/wp-json\/wp\/v2\/comments?post=9424"}],"wp:featuredmedia":[{"embeddable":true,"href":"https:\/\/boutique-one-piece.com\/es\/wp-json\/wp\/v2\/media\/9426"}],"wp:attachment":[{"href":"https:\/\/boutique-one-piece.com\/es\/wp-json\/wp\/v2\/media?parent=9424"}],"wp:term":[{"taxonomy":"product_brand","embeddable":true,"href":"https:\/\/boutique-one-piece.com\/es\/wp-json\/wp\/v2\/product_brand?post=9424"},{"taxonomy":"product_cat","embeddable":true,"href":"https:\/\/boutique-one-piece.com\/es\/wp-json\/wp\/v2\/product_cat?post=9424"},{"taxonomy":"product_tag","embeddable":true,"href":"https:\/\/boutique-one-piece.com\/es\/wp-json\/wp\/v2\/product_tag?post=9424"}],"curies":[{"name":"wp","href":"https:\/\/api.w.org\/{rel}","templated":true}]}}