{"id":9653,"date":"2022-09-27T20:21:30","date_gmt":"2022-09-27T20:21:30","guid":{"rendered":"https:\/\/boutique-one-piece.com\/uncategorized\/avis-de-recherche-one-piece-shanks-wanted\/"},"modified":"2026-02-08T10:17:14","modified_gmt":"2026-02-08T10:17:14","slug":"cartel-de-busqueda-de-one-piece-se-busca-a-shanks","status":"publish","type":"product","link":"https:\/\/boutique-one-piece.com\/es\/decoraciones-de-one-piece\/cartel-de-busqueda-de-one-piece-se-busca-a-shanks\/","title":{"rendered":"Aviso de b\u00fasqueda de Shanks"},"content":{"rendered":"<h2>Joven pirata, consigue ahora mismo este cartel de &quot;Se busca Shanks&quot;.<\/h2>\n<p>Esto es lo que necesitas saber sobre \u00e9l: ; <strong>Shanks<\/strong> dit Le Roux est le capitaine de l\u2019\u00c9quipage du Roux et l\u2019un des Quatre Empereurs. Il est \u00e9galement un ancien membre du l\u00e9gendaire \u00e9quipage des Pirates Roger, le seul groupe \u00e0 avoir conquis avec succ\u00e8s Grand Line. Enfin, c\u2019est lui qui a inspir\u00e9 Luffy dans son voyage en tant que pirate.<\/p>\n<p>Se recuper\u00f3 el <strong>Gomu Gomu no Mi<\/strong> qui a \u00e9t\u00e9 vol\u00e9 \u00e0 un navire du Gouvernement Mondial et qui a par la suite \u00e9t\u00e9 accidentellement mang\u00e9 par Luffy. D\u2019ailleurs, l\u2019<a title=\"SE BUSCA: MONKEY D. LUFFY\" href=\"https:\/\/boutique-one-piece.com\/es\/aviso-de-busqueda-one-piece-monkey-d-luffy-se-busca\/\" target=\"_blank\" rel=\"noopener\">Cartel de Luffy buscado<\/a> est \u00e0 ta port\u00e9e de main. Pour en revenir \u00e0 Shanks, tu dois savoir que sa prime actuelle s\u2019\u00e9l\u00e8ve \u00e0 4.098.400.000 Berry.<\/p>\n<h3>Alors, conquis par l\u2019avis de recherche de Shanks ? Si tel est le cas, tu sais ce qu\u2019il te reste \u00e0 faire. Procure-toi le et placarde-le sur le mur de ta chambre.<\/h3>\n<p><strong>Una pieza<\/strong> est un manga qui se d\u00e9roule dans un monde fictif domin\u00e9 par les oc\u00e9ans, o\u00f9 certains pirates aspirent \u00e0 une \u00e8re de libert\u00e9 et d\u2019aventure connue comme \u00ab l\u2019\u00e2ge d\u2019or de la piraterie \u00bb. Si toi aussi tu veux faire partie int\u00e9grant de ce monde, une seule chose \u00e0 faire ; procure-toi ces <strong>objetos m\u00edticos<\/strong> que te sumergir\u00e1 una y otra vez en este mundo de aventuras m\u00e1s apasionantes que la anterior.<\/p>\n<h2>Informations sur l\u2019Affiche One Piece Wanted Shanks le Roux<\/h2>\n<ul>\n<li><b><u>P\u00f3ster de Se busca de One Piece<\/u><\/b>\u00a0: v\u00e9ritable Avis De Recherche de l\u2019univers One Piece pour les vrais pirates<\/li>\n<\/ul>\n<ul>\n<li><b><u>La recompensa de Shanks<\/u><\/b>\u00a04.098.400.000 bayas<\/li>\n<\/ul>\n<ul>\n<li><strong>Impresi\u00f3n de alta calidad<\/strong>\u00a0colores precisos<\/li>\n<\/ul>\n<ul>\n<li><strong>Dimensi\u00f3n<\/strong> :42 cm x 28,5 cm<\/li>\n<\/ul>\n<ul>\n<li><strong>ENTREGA GRATUITA<\/strong><\/li>\n<\/ul>\n<div id=\"gtx-trans\" style=\"position: absolute;left: 669px;top: 49px\">\n<div class=\"gtx-trans-icon\">\u00a0<\/div>\n<\/div>\n\n\n<p><\/p>","protected":false},"excerpt":{"rendered":"<p>Jeune pirate, procure-toi d\u00e8s \u00e0 pr\u00e9sent cet Avis de Recherche Shanks Wanted. Voici ce que tu dois savoir \u00e0 son sujet ; Shanks dit Le Roux est le capitaine de l\u2019\u00c9quipage du Roux et l\u2019un des Quatre Empereurs. Il est \u00e9galement un ancien membre du l\u00e9gendaire \u00e9quipage des Pirates Roger, le seul groupe \u00e0 avoir [&hellip;]<\/p>","protected":false},"featured_media":20809,"comment_status":"open","ping_status":"open","template":"","meta":[],"product_brand":[],"product_cat":[171,150],"product_tag":[],"class_list":{"0":"post-9653","1":"product","2":"type-product","3":"status-publish","4":"has-post-thumbnail","6":"product_cat-avis-de-recherche-one-piece","7":"product_cat-decorations-one-piece","9":"first","10":"instock","11":"purchasable","12":"product-type-variable"},"yoast_head":"<!-- This site is optimized with the Yoast SEO plugin v27.5 - https:\/\/yoast.com\/product\/yoast-seo-wordpress\/ -->\n<title>Avis de Recherche One Piece Shanks Wanted | D\u00e9coration One Piece \u2013 Boutique One Piece<\/title>\n<meta name=\"description\" content=\"Jeune pirate, procure-toi d\u00e8s \u00e0 pr\u00e9sent cet Avis de Recherche Shanks Wanted. Voici ce que tu dois savoir \u00e0 son sujet ; Shanks dit Le Roux est le capitaine de l&#039;\u00c9quipage du Roux et l&#039;un des Quatre Empereurs. Il est \u00e9galement un ancien membre du l\u00e9gendaire \u00e9quipage des Pirates Roger, le seul groupe \u00e0 avoir conquis avec s\" \/>\n<meta name=\"robots\" content=\"index, follow, max-snippet:-1, max-image-preview:large, max-video-preview:-1\" \/>\n<link rel=\"canonical\" href=\"https:\/\/boutique-one-piece.com\/es\/decoraciones-de-one-piece\/cartel-de-busqueda-de-one-piece-se-busca-a-shanks\/\" \/>\n<meta property=\"og:locale\" content=\"es_ES\" \/>\n<meta property=\"og:type\" content=\"article\" \/>\n<meta property=\"og:title\" content=\"Avis de Recherche One Piece Shanks Wanted | D\u00e9coration One Piece \u2013 Boutique One Piece\" \/>\n<meta property=\"og:description\" content=\"Jeune pirate, procure-toi d\u00e8s \u00e0 pr\u00e9sent cet Avis de Recherche Shanks Wanted. Voici ce que tu dois savoir \u00e0 son sujet ; Shanks dit Le Roux est le capitaine de l&#039;\u00c9quipage du Roux et l&#039;un des Quatre Empereurs. Il est \u00e9galement un ancien membre du l\u00e9gendaire \u00e9quipage des Pirates Roger, le seul groupe \u00e0 avoir conquis avec s\" \/>\n<meta property=\"og:url\" content=\"https:\/\/boutique-one-piece.com\/es\/decoraciones-de-one-piece\/cartel-de-busqueda-de-one-piece-se-busca-a-shanks\/\" \/>\n<meta property=\"og:site_name\" content=\"Boutique One Piece\" \/>\n<meta property=\"article:modified_time\" content=\"2026-02-08T10:17:14+00:00\" \/>\n<meta property=\"og:image\" content=\"https:\/\/boutique-one-piece.com\/wp-content\/uploads\/2022\/09\/imgi_1_Sa3b7a81b53c442689eb36d79c1bb8d07a.jpg\" \/>\n\t<meta property=\"og:image:width\" content=\"640\" \/>\n\t<meta property=\"og:image:height\" content=\"640\" \/>\n\t<meta property=\"og:image:type\" content=\"image\/jpeg\" \/>\n<meta name=\"twitter:card\" content=\"summary_large_image\" \/>\n<meta name=\"twitter:label1\" content=\"Tiempo de lectura\" \/>\n\t<meta name=\"twitter:data1\" content=\"2 minutos\" \/>\n<script type=\"application\/ld+json\" class=\"yoast-schema-graph\">{\"@context\":\"https:\\\/\\\/schema.org\",\"@graph\":[{\"@type\":\"WebPage\",\"@id\":\"https:\\\/\\\/boutique-one-piece.com\\\/decorations-one-piece\\\/avis-de-recherche-one-piece-shanks-wanted\\\/\",\"url\":\"https:\\\/\\\/boutique-one-piece.com\\\/decorations-one-piece\\\/avis-de-recherche-one-piece-shanks-wanted\\\/\",\"name\":\"Avis de Recherche One Piece Shanks Wanted | D\u00e9coration One Piece \u2013 Boutique One Piece\",\"isPartOf\":{\"@id\":\"https:\\\/\\\/boutique-one-piece.com\\\/#website\"},\"primaryImageOfPage\":{\"@id\":\"https:\\\/\\\/boutique-one-piece.com\\\/decorations-one-piece\\\/avis-de-recherche-one-piece-shanks-wanted\\\/#primaryimage\"},\"image\":{\"@id\":\"https:\\\/\\\/boutique-one-piece.com\\\/decorations-one-piece\\\/avis-de-recherche-one-piece-shanks-wanted\\\/#primaryimage\"},\"thumbnailUrl\":\"https:\\\/\\\/boutique-one-piece.com\\\/wp-content\\\/uploads\\\/2022\\\/09\\\/imgi_1_Sa3b7a81b53c442689eb36d79c1bb8d07a.jpg\",\"datePublished\":\"2022-09-27T20:21:30+00:00\",\"dateModified\":\"2026-02-08T10:17:14+00:00\",\"description\":\"Jeune pirate, procure-toi d\u00e8s \u00e0 pr\u00e9sent cet Avis de Recherche Shanks Wanted. Voici ce que tu dois savoir \u00e0 son sujet ; Shanks dit Le Roux est le capitaine de l'\u00c9quipage du Roux et l'un des Quatre Empereurs. Il est \u00e9galement un ancien membre du l\u00e9gendaire \u00e9quipage des Pirates Roger, le seul groupe \u00e0 avoir conquis avec s\",\"breadcrumb\":{\"@id\":\"https:\\\/\\\/boutique-one-piece.com\\\/decorations-one-piece\\\/avis-de-recherche-one-piece-shanks-wanted\\\/#breadcrumb\"},\"inLanguage\":\"es\",\"potentialAction\":[{\"@type\":\"ReadAction\",\"target\":[\"https:\\\/\\\/boutique-one-piece.com\\\/decorations-one-piece\\\/avis-de-recherche-one-piece-shanks-wanted\\\/\"]}]},{\"@type\":\"ImageObject\",\"inLanguage\":\"es\",\"@id\":\"https:\\\/\\\/boutique-one-piece.com\\\/decorations-one-piece\\\/avis-de-recherche-one-piece-shanks-wanted\\\/#primaryimage\",\"url\":\"https:\\\/\\\/boutique-one-piece.com\\\/wp-content\\\/uploads\\\/2022\\\/09\\\/imgi_1_Sa3b7a81b53c442689eb36d79c1bb8d07a.jpg\",\"contentUrl\":\"https:\\\/\\\/boutique-one-piece.com\\\/wp-content\\\/uploads\\\/2022\\\/09\\\/imgi_1_Sa3b7a81b53c442689eb36d79c1bb8d07a.jpg\",\"width\":640,\"height\":640},{\"@type\":\"BreadcrumbList\",\"@id\":\"https:\\\/\\\/boutique-one-piece.com\\\/decorations-one-piece\\\/avis-de-recherche-one-piece-shanks-wanted\\\/#breadcrumb\",\"itemListElement\":[{\"@type\":\"ListItem\",\"position\":1,\"name\":\"Home\",\"item\":\"https:\\\/\\\/boutique-one-piece.com\\\/\"},{\"@type\":\"ListItem\",\"position\":2,\"name\":\"Shop\",\"item\":\"https:\\\/\\\/boutique-one-piece.com\\\/shop\\\/\"},{\"@type\":\"ListItem\",\"position\":3,\"name\":\"Avis de Recherche Shanks Wanted\"}]},{\"@type\":\"WebSite\",\"@id\":\"https:\\\/\\\/boutique-one-piece.com\\\/#website\",\"url\":\"https:\\\/\\\/boutique-one-piece.com\\\/\",\"name\":\"Boutique One Piece\",\"description\":\"Magasin Sp\u00e9cialis\u00e9 du Manga et l&#039;Anime One Piece\",\"publisher\":{\"@id\":\"https:\\\/\\\/boutique-one-piece.com\\\/#organization\"},\"potentialAction\":[{\"@type\":\"SearchAction\",\"target\":{\"@type\":\"EntryPoint\",\"urlTemplate\":\"https:\\\/\\\/boutique-one-piece.com\\\/?s={search_term_string}\"},\"query-input\":{\"@type\":\"PropertyValueSpecification\",\"valueRequired\":true,\"valueName\":\"search_term_string\"}}],\"inLanguage\":\"es\"},{\"@type\":\"Organization\",\"@id\":\"https:\\\/\\\/boutique-one-piece.com\\\/#organization\",\"name\":\"Boutique One Piece\",\"url\":\"https:\\\/\\\/boutique-one-piece.com\\\/\",\"logo\":{\"@type\":\"ImageObject\",\"inLanguage\":\"es\",\"@id\":\"https:\\\/\\\/boutique-one-piece.com\\\/#\\\/schema\\\/logo\\\/image\\\/\",\"url\":\"https:\\\/\\\/boutique-one-piece.com\\\/wp-content\\\/uploads\\\/2022\\\/09\\\/Logo-01.png\",\"contentUrl\":\"https:\\\/\\\/boutique-one-piece.com\\\/wp-content\\\/uploads\\\/2022\\\/09\\\/Logo-01.png\",\"width\":2318,\"height\":957,\"caption\":\"Boutique One Piece\"},\"image\":{\"@id\":\"https:\\\/\\\/boutique-one-piece.com\\\/#\\\/schema\\\/logo\\\/image\\\/\"}}]}<\/script>\n<!-- \/ Yoast SEO plugin. -->","yoast_head_json":{"title":"P\u00f3ster de One Piece: Se busca Shanks | Decoraciones de One Piece \u2013 Tienda de One Piece","description":"Joven pirata, consigue ya este p\u00f3ster de &quot;Se busca&quot; de Shanks. Esto es lo que necesitas saber sobre \u00e9l: Shanks el Pelirrojo es el capit\u00e1n de los Piratas Pelirrojos y uno de los Cuatro Emperadores. Tambi\u00e9n fue miembro de los legendarios Piratas de Roger, el \u00fanico grupo que conquist\u00f3 Estados Unidos con su...","robots":{"index":"index","follow":"follow","max-snippet":"max-snippet:-1","max-image-preview":"max-image-preview:large","max-video-preview":"max-video-preview:-1"},"canonical":"https:\/\/boutique-one-piece.com\/es\/decoraciones-de-one-piece\/cartel-de-busqueda-de-one-piece-se-busca-a-shanks\/","og_locale":"es_ES","og_type":"article","og_title":"Avis de Recherche One Piece Shanks Wanted | D\u00e9coration One Piece \u2013 Boutique One Piece","og_description":"Jeune pirate, procure-toi d\u00e8s \u00e0 pr\u00e9sent cet Avis de Recherche Shanks Wanted. Voici ce que tu dois savoir \u00e0 son sujet ; Shanks dit Le Roux est le capitaine de l'\u00c9quipage du Roux et l'un des Quatre Empereurs. Il est \u00e9galement un ancien membre du l\u00e9gendaire \u00e9quipage des Pirates Roger, le seul groupe \u00e0 avoir conquis avec s","og_url":"https:\/\/boutique-one-piece.com\/es\/decoraciones-de-one-piece\/cartel-de-busqueda-de-one-piece-se-busca-a-shanks\/","og_site_name":"Boutique One Piece","article_modified_time":"2026-02-08T10:17:14+00:00","og_image":[{"width":640,"height":640,"url":"https:\/\/boutique-one-piece.com\/wp-content\/uploads\/2022\/09\/imgi_1_Sa3b7a81b53c442689eb36d79c1bb8d07a.jpg","type":"image\/jpeg"}],"twitter_card":"summary_large_image","twitter_misc":{"Tiempo de lectura":"2 minutos"},"schema":{"@context":"https:\/\/schema.org","@graph":[{"@type":"WebPage","@id":"https:\/\/boutique-one-piece.com\/decorations-one-piece\/avis-de-recherche-one-piece-shanks-wanted\/","url":"https:\/\/boutique-one-piece.com\/decorations-one-piece\/avis-de-recherche-one-piece-shanks-wanted\/","name":"P\u00f3ster de One Piece: Se busca Shanks | Decoraciones de One Piece \u2013 Tienda de One Piece","isPartOf":{"@id":"https:\/\/boutique-one-piece.com\/#website"},"primaryImageOfPage":{"@id":"https:\/\/boutique-one-piece.com\/decorations-one-piece\/avis-de-recherche-one-piece-shanks-wanted\/#primaryimage"},"image":{"@id":"https:\/\/boutique-one-piece.com\/decorations-one-piece\/avis-de-recherche-one-piece-shanks-wanted\/#primaryimage"},"thumbnailUrl":"https:\/\/boutique-one-piece.com\/wp-content\/uploads\/2022\/09\/imgi_1_Sa3b7a81b53c442689eb36d79c1bb8d07a.jpg","datePublished":"2022-09-27T20:21:30+00:00","dateModified":"2026-02-08T10:17:14+00:00","description":"Joven pirata, consigue ya este p\u00f3ster de &quot;Se busca&quot; de Shanks. Esto es lo que necesitas saber sobre \u00e9l: Shanks el Pelirrojo es el capit\u00e1n de los Piratas Pelirrojos y uno de los Cuatro Emperadores. Tambi\u00e9n fue miembro de los legendarios Piratas de Roger, el \u00fanico grupo que conquist\u00f3 Estados Unidos con su...","breadcrumb":{"@id":"https:\/\/boutique-one-piece.com\/decorations-one-piece\/avis-de-recherche-one-piece-shanks-wanted\/#breadcrumb"},"inLanguage":"es","potentialAction":[{"@type":"ReadAction","target":["https:\/\/boutique-one-piece.com\/decorations-one-piece\/avis-de-recherche-one-piece-shanks-wanted\/"]}]},{"@type":"ImageObject","inLanguage":"es","@id":"https:\/\/boutique-one-piece.com\/decorations-one-piece\/avis-de-recherche-one-piece-shanks-wanted\/#primaryimage","url":"https:\/\/boutique-one-piece.com\/wp-content\/uploads\/2022\/09\/imgi_1_Sa3b7a81b53c442689eb36d79c1bb8d07a.jpg","contentUrl":"https:\/\/boutique-one-piece.com\/wp-content\/uploads\/2022\/09\/imgi_1_Sa3b7a81b53c442689eb36d79c1bb8d07a.jpg","width":640,"height":640},{"@type":"BreadcrumbList","@id":"https:\/\/boutique-one-piece.com\/decorations-one-piece\/avis-de-recherche-one-piece-shanks-wanted\/#breadcrumb","itemListElement":[{"@type":"ListItem","position":1,"name":"Home","item":"https:\/\/boutique-one-piece.com\/"},{"@type":"ListItem","position":2,"name":"Shop","item":"https:\/\/boutique-one-piece.com\/shop\/"},{"@type":"ListItem","position":3,"name":"Avis de Recherche Shanks Wanted"}]},{"@type":"WebSite","@id":"https:\/\/boutique-one-piece.com\/#website","url":"https:\/\/boutique-one-piece.com\/","name":"Tienda de One Piece","description":"Tienda especializada en manga y anime de One Piece","publisher":{"@id":"https:\/\/boutique-one-piece.com\/#organization"},"potentialAction":[{"@type":"SearchAction","target":{"@type":"EntryPoint","urlTemplate":"https:\/\/boutique-one-piece.com\/?s={search_term_string}"},"query-input":{"@type":"PropertyValueSpecification","valueRequired":true,"valueName":"search_term_string"}}],"inLanguage":"es"},{"@type":"Organization","@id":"https:\/\/boutique-one-piece.com\/#organization","name":"Tienda de One Piece","url":"https:\/\/boutique-one-piece.com\/","logo":{"@type":"ImageObject","inLanguage":"es","@id":"https:\/\/boutique-one-piece.com\/#\/schema\/logo\/image\/","url":"https:\/\/boutique-one-piece.com\/wp-content\/uploads\/2022\/09\/Logo-01.png","contentUrl":"https:\/\/boutique-one-piece.com\/wp-content\/uploads\/2022\/09\/Logo-01.png","width":2318,"height":957,"caption":"Boutique One Piece"},"image":{"@id":"https:\/\/boutique-one-piece.com\/#\/schema\/logo\/image\/"}}]}},"_links":{"self":[{"href":"https:\/\/boutique-one-piece.com\/es\/wp-json\/wp\/v2\/product\/9653","targetHints":{"allow":["GET"]}}],"collection":[{"href":"https:\/\/boutique-one-piece.com\/es\/wp-json\/wp\/v2\/product"}],"about":[{"href":"https:\/\/boutique-one-piece.com\/es\/wp-json\/wp\/v2\/types\/product"}],"replies":[{"embeddable":true,"href":"https:\/\/boutique-one-piece.com\/es\/wp-json\/wp\/v2\/comments?post=9653"}],"wp:featuredmedia":[{"embeddable":true,"href":"https:\/\/boutique-one-piece.com\/es\/wp-json\/wp\/v2\/media\/20809"}],"wp:attachment":[{"href":"https:\/\/boutique-one-piece.com\/es\/wp-json\/wp\/v2\/media?parent=9653"}],"wp:term":[{"taxonomy":"product_brand","embeddable":true,"href":"https:\/\/boutique-one-piece.com\/es\/wp-json\/wp\/v2\/product_brand?post=9653"},{"taxonomy":"product_cat","embeddable":true,"href":"https:\/\/boutique-one-piece.com\/es\/wp-json\/wp\/v2\/product_cat?post=9653"},{"taxonomy":"product_tag","embeddable":true,"href":"https:\/\/boutique-one-piece.com\/es\/wp-json\/wp\/v2\/product_tag?post=9653"}],"curies":[{"name":"wp","href":"https:\/\/api.w.org\/{rel}","templated":true}]}}