{"id":9759,"date":"2022-09-27T20:22:08","date_gmt":"2022-09-27T20:22:08","guid":{"rendered":"https:\/\/boutique-one-piece.com\/uncategorized\/avis-de-recherche-one-piece-roronoa-zoro-wanted\/"},"modified":"2025-11-26T22:24:56","modified_gmt":"2025-11-26T22:24:56","slug":"aviso-de-busqueda-one-piece-roronoa-zoro-se-busca","status":"publish","type":"product","link":"https:\/\/boutique-one-piece.com\/es\/decoraciones-de-one-piece\/aviso-de-busqueda-one-piece-roronoa-zoro-se-busca\/","title":{"rendered":"Se busca a Roronoa Zoro"},"content":{"rendered":"<h2>Joven marinero, ha llegado el momento de que tengas en tus manos este aviso de b\u00fasqueda de Roronoa Zoro.<\/h2>\n<p>Probablemente sepas que Zoro fue el primer miembro en unirse a la tripulaci\u00f3n del Sombrero de Paja. Tambi\u00e9n es el primero y... <strong>jefe espadach\u00edn<\/strong>. De hecho, Zoro es un espadach\u00edn excepcional que no esper\u00f3 a unirse a la Banda del Sombrero de Paja para forjarse una s\u00f3lida reputaci\u00f3n. De hecho, al principio de la serie, es el famoso... <strong>Cazador de piratas<\/strong> Del East Blue, ya temido y respetado. Aqu\u00ed te encuentras con el cartel de &quot;Se busca&quot; de Zoro.<\/p>\n<p>Este aviso indica que el individuo es un forajido y que el Gobierno Mundial, espec\u00edficamente los Marines, ha establecido una recompensa por su captura. <strong>La recompensa actual de Zoro<\/strong> asciende a 320.000.000 de bayas. Adem\u00e1s,<a title=\"SE BUSCA: MONKEY D. LUFFY\" href=\"https:\/\/boutique-one-piece.com\/es\/aviso-de-busqueda-one-piece-monkey-d-luffy-se-busca\/\" target=\"_blank\" rel=\"noopener\">P\u00f3ster de b\u00fasqueda de Monkey D. Luffy<\/a> Su capit\u00e1n est\u00e1 a tu alcance.<\/p>\n<h3>\u00bfTe intriga este p\u00f3ster de b\u00fasqueda del espadach\u00edn de la Banda del Sombrero de Paja? Si es as\u00ed, no lo dudes m\u00e1s y aprovecha la oportunidad de conseguirlo.<\/h3>\n<p>Ya seas un fan\u00e1tico incondicional o un coleccionista serio, no busques m\u00e1s, est\u00e1s en el lugar correcto. <strong>Estos objetos<\/strong> Son definitivamente para ti. Perfectos para regalar, decorar o coleccionar, estos art\u00edculos realzar\u00e1n <strong>tu universo One Piece.<\/strong> Una cosa es segura, tu destino como joven pirata est\u00e1 en tus manos.<\/p>\n<h2>Informaci\u00f3n sobre el cartel de One Piece Wanted: Zoro el Cazarrecompensas<\/h2>\n<ul>\n<li><span><b><u>P\u00f3ster de Se busca de One Piece<\/u><\/b>\u00a0Un aut\u00e9ntico cartel de b\u00fasqueda de One Piece para verdaderos piratas.<\/span><\/li>\n<\/ul>\n<ul>\n<li>\n<b><u>La recompensa de Roronoa Zoro<\/u><\/b>\u00a0320.000.000 bayas<\/li>\n<\/ul>\n<ul>\n<li><span><strong>Impresi\u00f3n de alta calidad<\/strong>\u00a0colores precisos<\/span><\/li>\n<\/ul>\n<ul>\n<li>\n<strong>Dimensi\u00f3n<\/strong>\u00a0:51 cm x 36 cm<\/li>\n<\/ul>\n<ul>\n<li><span><strong>ENTREGA GRATUITA<\/strong><\/span><\/li>\n<\/ul>\n<div id=\"gtx-trans\" style=\"position: absolute;left: 792px;top: 49px\">\n<div class=\"gtx-trans-icon\"><\/div>\n<\/div>","protected":false},"excerpt":{"rendered":"<p>Joven marinero, ha llegado el momento de que consigas este p\u00f3ster de &quot;Se busca Roronoa Zoro&quot;. Seguramente sabes que Zoro fue el primer miembro de la Banda del Sombrero de Paja. Tambi\u00e9n es el primer y m\u00e1s importante espadach\u00edn. De hecho, Zoro es un espadach\u00edn excepcional que no se qued\u00f3 esperando [\u2026]<\/p>","protected":false},"featured_media":9761,"comment_status":"open","ping_status":"open","template":"","meta":[],"product_brand":[],"product_cat":[171,150],"product_tag":[],"class_list":{"0":"post-9759","1":"product","2":"type-product","3":"status-publish","4":"has-post-thumbnail","6":"product_cat-avis-de-recherche-one-piece","7":"product_cat-decorations-one-piece","9":"first","10":"instock","11":"purchasable","12":"product-type-simple"},"yoast_head":"<!-- This site is optimized with the Yoast SEO plugin v27.5 - https:\/\/yoast.com\/product\/yoast-seo-wordpress\/ -->\n<title>Avis de Recherche One Piece Roronoa Zoro Wanted | D\u00e9coration One Piece \u2013 Boutique One Piece<\/title>\n<meta name=\"description\" content=\"Jeune Moussaillon, le moment est venu pour toi de te procurer cet Avis de Recherche Roronoa Zoro Wanted. Tu n&#039;es pas sans savoir que Zoro fut le premier membre \u00e0 rejoindre l&#039;\u00c9quipage du Chapeau de Paille. Il est \u00e9galement le premier et principal \u00e9p\u00e9iste. En effet, Zoro est un \u00e9p\u00e9iste d&#039;exception qui n&#039;a pas attendu d&#039;\u00ea\" \/>\n<meta name=\"robots\" content=\"index, follow, max-snippet:-1, max-image-preview:large, max-video-preview:-1\" \/>\n<link rel=\"canonical\" href=\"https:\/\/boutique-one-piece.com\/es\/cartel-de-busqueda-de-one-piece\/aviso-de-busqueda-one-piece-roronoa-zoro-se-busca\/\" \/>\n<meta property=\"og:locale\" content=\"es_ES\" \/>\n<meta property=\"og:type\" content=\"article\" \/>\n<meta property=\"og:title\" content=\"Avis de Recherche One Piece Roronoa Zoro Wanted | D\u00e9coration One Piece \u2013 Boutique One Piece\" \/>\n<meta property=\"og:description\" content=\"Jeune Moussaillon, le moment est venu pour toi de te procurer cet Avis de Recherche Roronoa Zoro Wanted. Tu n&#039;es pas sans savoir que Zoro fut le premier membre \u00e0 rejoindre l&#039;\u00c9quipage du Chapeau de Paille. Il est \u00e9galement le premier et principal \u00e9p\u00e9iste. En effet, Zoro est un \u00e9p\u00e9iste d&#039;exception qui n&#039;a pas attendu d&#039;\u00ea\" \/>\n<meta property=\"og:url\" content=\"https:\/\/boutique-one-piece.com\/es\/cartel-de-busqueda-de-one-piece\/aviso-de-busqueda-one-piece-roronoa-zoro-se-busca\/\" \/>\n<meta property=\"og:site_name\" content=\"Boutique One Piece\" \/>\n<meta property=\"article:modified_time\" content=\"2025-11-26T22:24:56+00:00\" \/>\n<meta property=\"og:image\" content=\"https:\/\/boutique-one-piece.com\/wp-content\/uploads\/2022\/09\/Avis-de-Recherche-Roronoa-Zoro-Wanted-1.jpg\" \/>\n\t<meta property=\"og:image:width\" content=\"798\" \/>\n\t<meta property=\"og:image:height\" content=\"799\" \/>\n\t<meta property=\"og:image:type\" content=\"image\/jpeg\" \/>\n<meta name=\"twitter:card\" content=\"summary_large_image\" \/>\n<meta name=\"twitter:label1\" content=\"Tiempo de lectura\" \/>\n\t<meta name=\"twitter:data1\" content=\"2 minutos\" \/>\n<script type=\"application\/ld+json\" class=\"yoast-schema-graph\">{\"@context\":\"https:\\\/\\\/schema.org\",\"@graph\":[{\"@type\":\"WebPage\",\"@id\":\"https:\\\/\\\/boutique-one-piece.com\\\/avis-de-recherche-one-piece\\\/avis-de-recherche-one-piece-roronoa-zoro-wanted\\\/\",\"url\":\"https:\\\/\\\/boutique-one-piece.com\\\/avis-de-recherche-one-piece\\\/avis-de-recherche-one-piece-roronoa-zoro-wanted\\\/\",\"name\":\"Avis de Recherche One Piece Roronoa Zoro Wanted | D\u00e9coration One Piece \u2013 Boutique One Piece\",\"isPartOf\":{\"@id\":\"https:\\\/\\\/boutique-one-piece.com\\\/#website\"},\"primaryImageOfPage\":{\"@id\":\"https:\\\/\\\/boutique-one-piece.com\\\/avis-de-recherche-one-piece\\\/avis-de-recherche-one-piece-roronoa-zoro-wanted\\\/#primaryimage\"},\"image\":{\"@id\":\"https:\\\/\\\/boutique-one-piece.com\\\/avis-de-recherche-one-piece\\\/avis-de-recherche-one-piece-roronoa-zoro-wanted\\\/#primaryimage\"},\"thumbnailUrl\":\"https:\\\/\\\/boutique-one-piece.com\\\/wp-content\\\/uploads\\\/2022\\\/09\\\/Avis-de-Recherche-Roronoa-Zoro-Wanted-1.jpg\",\"datePublished\":\"2022-09-27T20:22:08+00:00\",\"dateModified\":\"2025-11-26T22:24:56+00:00\",\"description\":\"Jeune Moussaillon, le moment est venu pour toi de te procurer cet Avis de Recherche Roronoa Zoro Wanted. Tu n'es pas sans savoir que Zoro fut le premier membre \u00e0 rejoindre l'\u00c9quipage du Chapeau de Paille. Il est \u00e9galement le premier et principal \u00e9p\u00e9iste. En effet, Zoro est un \u00e9p\u00e9iste d'exception qui n'a pas attendu d'\u00ea\",\"breadcrumb\":{\"@id\":\"https:\\\/\\\/boutique-one-piece.com\\\/avis-de-recherche-one-piece\\\/avis-de-recherche-one-piece-roronoa-zoro-wanted\\\/#breadcrumb\"},\"inLanguage\":\"es\",\"potentialAction\":[{\"@type\":\"ReadAction\",\"target\":[\"https:\\\/\\\/boutique-one-piece.com\\\/avis-de-recherche-one-piece\\\/avis-de-recherche-one-piece-roronoa-zoro-wanted\\\/\"]}]},{\"@type\":\"ImageObject\",\"inLanguage\":\"es\",\"@id\":\"https:\\\/\\\/boutique-one-piece.com\\\/avis-de-recherche-one-piece\\\/avis-de-recherche-one-piece-roronoa-zoro-wanted\\\/#primaryimage\",\"url\":\"https:\\\/\\\/boutique-one-piece.com\\\/wp-content\\\/uploads\\\/2022\\\/09\\\/Avis-de-Recherche-Roronoa-Zoro-Wanted-1.jpg\",\"contentUrl\":\"https:\\\/\\\/boutique-one-piece.com\\\/wp-content\\\/uploads\\\/2022\\\/09\\\/Avis-de-Recherche-Roronoa-Zoro-Wanted-1.jpg\",\"width\":798,\"height\":799},{\"@type\":\"BreadcrumbList\",\"@id\":\"https:\\\/\\\/boutique-one-piece.com\\\/avis-de-recherche-one-piece\\\/avis-de-recherche-one-piece-roronoa-zoro-wanted\\\/#breadcrumb\",\"itemListElement\":[{\"@type\":\"ListItem\",\"position\":1,\"name\":\"Home\",\"item\":\"https:\\\/\\\/boutique-one-piece.com\\\/\"},{\"@type\":\"ListItem\",\"position\":2,\"name\":\"Shop\",\"item\":\"https:\\\/\\\/boutique-one-piece.com\\\/shop\\\/\"},{\"@type\":\"ListItem\",\"position\":3,\"name\":\"Avis de Recherche Roronoa Zoro Wanted\"}]},{\"@type\":\"WebSite\",\"@id\":\"https:\\\/\\\/boutique-one-piece.com\\\/#website\",\"url\":\"https:\\\/\\\/boutique-one-piece.com\\\/\",\"name\":\"Boutique One Piece\",\"description\":\"Magasin Sp\u00e9cialis\u00e9 du Manga et l&#039;Anime One Piece\",\"publisher\":{\"@id\":\"https:\\\/\\\/boutique-one-piece.com\\\/#organization\"},\"potentialAction\":[{\"@type\":\"SearchAction\",\"target\":{\"@type\":\"EntryPoint\",\"urlTemplate\":\"https:\\\/\\\/boutique-one-piece.com\\\/?s={search_term_string}\"},\"query-input\":{\"@type\":\"PropertyValueSpecification\",\"valueRequired\":true,\"valueName\":\"search_term_string\"}}],\"inLanguage\":\"es\"},{\"@type\":\"Organization\",\"@id\":\"https:\\\/\\\/boutique-one-piece.com\\\/#organization\",\"name\":\"Boutique One Piece\",\"url\":\"https:\\\/\\\/boutique-one-piece.com\\\/\",\"logo\":{\"@type\":\"ImageObject\",\"inLanguage\":\"es\",\"@id\":\"https:\\\/\\\/boutique-one-piece.com\\\/#\\\/schema\\\/logo\\\/image\\\/\",\"url\":\"https:\\\/\\\/boutique-one-piece.com\\\/wp-content\\\/uploads\\\/2022\\\/09\\\/Logo-01.png\",\"contentUrl\":\"https:\\\/\\\/boutique-one-piece.com\\\/wp-content\\\/uploads\\\/2022\\\/09\\\/Logo-01.png\",\"width\":2318,\"height\":957,\"caption\":\"Boutique One Piece\"},\"image\":{\"@id\":\"https:\\\/\\\/boutique-one-piece.com\\\/#\\\/schema\\\/logo\\\/image\\\/\"}}]}<\/script>\n<!-- \/ Yoast SEO plugin. -->","yoast_head_json":{"title":"P\u00f3ster de &quot;Se busca&quot; de One Piece: Roronoa Zoro | Decoraciones de One Piece \u2013 Tienda de One Piece","description":"Joven marinero, ha llegado el momento de que consigas este p\u00f3ster de &quot;Se busca Roronoa Zoro&quot;. Seguramente sabes que Zoro fue el primer miembro de la Banda de Sombrero de Paja. Tambi\u00e9n es el primer y m\u00e1s importante espadach\u00edn. De hecho, Zoro es un espadach\u00edn excepcional que no esper\u00f3 a ser...","robots":{"index":"index","follow":"follow","max-snippet":"max-snippet:-1","max-image-preview":"max-image-preview:large","max-video-preview":"max-video-preview:-1"},"canonical":"https:\/\/boutique-one-piece.com\/es\/cartel-de-busqueda-de-one-piece\/aviso-de-busqueda-one-piece-roronoa-zoro-se-busca\/","og_locale":"es_ES","og_type":"article","og_title":"Avis de Recherche One Piece Roronoa Zoro Wanted | D\u00e9coration One Piece \u2013 Boutique One Piece","og_description":"Jeune Moussaillon, le moment est venu pour toi de te procurer cet Avis de Recherche Roronoa Zoro Wanted. Tu n'es pas sans savoir que Zoro fut le premier membre \u00e0 rejoindre l'\u00c9quipage du Chapeau de Paille. Il est \u00e9galement le premier et principal \u00e9p\u00e9iste. En effet, Zoro est un \u00e9p\u00e9iste d'exception qui n'a pas attendu d'\u00ea","og_url":"https:\/\/boutique-one-piece.com\/es\/cartel-de-busqueda-de-one-piece\/aviso-de-busqueda-one-piece-roronoa-zoro-se-busca\/","og_site_name":"Boutique One Piece","article_modified_time":"2025-11-26T22:24:56+00:00","og_image":[{"width":798,"height":799,"url":"https:\/\/boutique-one-piece.com\/wp-content\/uploads\/2022\/09\/Avis-de-Recherche-Roronoa-Zoro-Wanted-1.jpg","type":"image\/jpeg"}],"twitter_card":"summary_large_image","twitter_misc":{"Tiempo de lectura":"2 minutos"},"schema":{"@context":"https:\/\/schema.org","@graph":[{"@type":"WebPage","@id":"https:\/\/boutique-one-piece.com\/avis-de-recherche-one-piece\/avis-de-recherche-one-piece-roronoa-zoro-wanted\/","url":"https:\/\/boutique-one-piece.com\/avis-de-recherche-one-piece\/avis-de-recherche-one-piece-roronoa-zoro-wanted\/","name":"P\u00f3ster de &quot;Se busca&quot; de One Piece: Roronoa Zoro | Decoraciones de One Piece \u2013 Tienda de One Piece","isPartOf":{"@id":"https:\/\/boutique-one-piece.com\/#website"},"primaryImageOfPage":{"@id":"https:\/\/boutique-one-piece.com\/avis-de-recherche-one-piece\/avis-de-recherche-one-piece-roronoa-zoro-wanted\/#primaryimage"},"image":{"@id":"https:\/\/boutique-one-piece.com\/avis-de-recherche-one-piece\/avis-de-recherche-one-piece-roronoa-zoro-wanted\/#primaryimage"},"thumbnailUrl":"https:\/\/boutique-one-piece.com\/wp-content\/uploads\/2022\/09\/Avis-de-Recherche-Roronoa-Zoro-Wanted-1.jpg","datePublished":"2022-09-27T20:22:08+00:00","dateModified":"2025-11-26T22:24:56+00:00","description":"Joven marinero, ha llegado el momento de que consigas este p\u00f3ster de &quot;Se busca Roronoa Zoro&quot;. Seguramente sabes que Zoro fue el primer miembro de la Banda de Sombrero de Paja. Tambi\u00e9n es el primer y m\u00e1s importante espadach\u00edn. De hecho, Zoro es un espadach\u00edn excepcional que no esper\u00f3 a ser...","breadcrumb":{"@id":"https:\/\/boutique-one-piece.com\/avis-de-recherche-one-piece\/avis-de-recherche-one-piece-roronoa-zoro-wanted\/#breadcrumb"},"inLanguage":"es","potentialAction":[{"@type":"ReadAction","target":["https:\/\/boutique-one-piece.com\/avis-de-recherche-one-piece\/avis-de-recherche-one-piece-roronoa-zoro-wanted\/"]}]},{"@type":"ImageObject","inLanguage":"es","@id":"https:\/\/boutique-one-piece.com\/avis-de-recherche-one-piece\/avis-de-recherche-one-piece-roronoa-zoro-wanted\/#primaryimage","url":"https:\/\/boutique-one-piece.com\/wp-content\/uploads\/2022\/09\/Avis-de-Recherche-Roronoa-Zoro-Wanted-1.jpg","contentUrl":"https:\/\/boutique-one-piece.com\/wp-content\/uploads\/2022\/09\/Avis-de-Recherche-Roronoa-Zoro-Wanted-1.jpg","width":798,"height":799},{"@type":"BreadcrumbList","@id":"https:\/\/boutique-one-piece.com\/avis-de-recherche-one-piece\/avis-de-recherche-one-piece-roronoa-zoro-wanted\/#breadcrumb","itemListElement":[{"@type":"ListItem","position":1,"name":"Home","item":"https:\/\/boutique-one-piece.com\/"},{"@type":"ListItem","position":2,"name":"Shop","item":"https:\/\/boutique-one-piece.com\/shop\/"},{"@type":"ListItem","position":3,"name":"Avis de Recherche Roronoa Zoro Wanted"}]},{"@type":"WebSite","@id":"https:\/\/boutique-one-piece.com\/#website","url":"https:\/\/boutique-one-piece.com\/","name":"Tienda de One Piece","description":"Tienda especializada en manga y anime de One Piece","publisher":{"@id":"https:\/\/boutique-one-piece.com\/#organization"},"potentialAction":[{"@type":"SearchAction","target":{"@type":"EntryPoint","urlTemplate":"https:\/\/boutique-one-piece.com\/?s={search_term_string}"},"query-input":{"@type":"PropertyValueSpecification","valueRequired":true,"valueName":"search_term_string"}}],"inLanguage":"es"},{"@type":"Organization","@id":"https:\/\/boutique-one-piece.com\/#organization","name":"Tienda de One Piece","url":"https:\/\/boutique-one-piece.com\/","logo":{"@type":"ImageObject","inLanguage":"es","@id":"https:\/\/boutique-one-piece.com\/#\/schema\/logo\/image\/","url":"https:\/\/boutique-one-piece.com\/wp-content\/uploads\/2022\/09\/Logo-01.png","contentUrl":"https:\/\/boutique-one-piece.com\/wp-content\/uploads\/2022\/09\/Logo-01.png","width":2318,"height":957,"caption":"Boutique One Piece"},"image":{"@id":"https:\/\/boutique-one-piece.com\/#\/schema\/logo\/image\/"}}]}},"_links":{"self":[{"href":"https:\/\/boutique-one-piece.com\/es\/wp-json\/wp\/v2\/product\/9759","targetHints":{"allow":["GET"]}}],"collection":[{"href":"https:\/\/boutique-one-piece.com\/es\/wp-json\/wp\/v2\/product"}],"about":[{"href":"https:\/\/boutique-one-piece.com\/es\/wp-json\/wp\/v2\/types\/product"}],"replies":[{"embeddable":true,"href":"https:\/\/boutique-one-piece.com\/es\/wp-json\/wp\/v2\/comments?post=9759"}],"wp:featuredmedia":[{"embeddable":true,"href":"https:\/\/boutique-one-piece.com\/es\/wp-json\/wp\/v2\/media\/9761"}],"wp:attachment":[{"href":"https:\/\/boutique-one-piece.com\/es\/wp-json\/wp\/v2\/media?parent=9759"}],"wp:term":[{"taxonomy":"product_brand","embeddable":true,"href":"https:\/\/boutique-one-piece.com\/es\/wp-json\/wp\/v2\/product_brand?post=9759"},{"taxonomy":"product_cat","embeddable":true,"href":"https:\/\/boutique-one-piece.com\/es\/wp-json\/wp\/v2\/product_cat?post=9759"},{"taxonomy":"product_tag","embeddable":true,"href":"https:\/\/boutique-one-piece.com\/es\/wp-json\/wp\/v2\/product_tag?post=9759"}],"curies":[{"name":"wp","href":"https:\/\/api.w.org\/{rel}","templated":true}]}}