{"id":9878,"date":"2022-09-27T20:23:09","date_gmt":"2022-09-27T20:23:09","guid":{"rendered":"https:\/\/boutique-one-piece.com\/uncategorized\/peluche-dr-tony-chopper\/"},"modified":"2024-09-16T11:52:50","modified_gmt":"2024-09-16T11:52:50","slug":"peluche-del-dr-tony-chopper","status":"publish","type":"product","link":"https:\/\/boutique-one-piece.com\/es\/articulos-de-one-piece\/tony-goodies-tony-chopper-de-una-pieza\/peluche-del-dr-tony-chopper\/","title":{"rendered":"Peluche del Dr. Tony Chopper"},"content":{"rendered":"<h2>Jeune pirate, saute sur l\u2019occasion de pouvoir te procurer cette Peluche Dr Tony Chopper.<\/h2>\n<p>Tu n\u2019es pas sans savoir que<strong> Tony Tony Chopper<\/strong> es el <strong>doctor<\/strong> de l\u2019\u00c9quipage du Chapeau de Paille. Son objectif est de pouvoir un jour d\u00e9couvrir la panac\u00e9e, afin de soigner toutes les maladies. Form\u00e9 par le docteur <strong>Hiluluk<\/strong> puis par le docteur Kureha sur l\u2019\u00eele de Drum, il poss\u00e8de une grande connaissance dans le domaine de la m\u00e9decine et dans la pr\u00e9paration de divers rem\u00e8des et m\u00e9dicaments.<\/p>\n<p>Drum \u00e9tait en effet r\u00e9put\u00e9 comme \u00e9tant l\u0092\u00eele o\u00f9 se trouvait les meilleurs m\u00e9decins du monde. Chopper est quelqu\u2019un de <strong>muy atento y amable<\/strong>. Il n\u2019h\u00e9site pas \u00e0 aider les personnes dans le besoin, m\u00eame si cela est peut-\u00eatre d\u00fb au fait qu\u2019il soit m\u00e9decin. Chopper est \u00e9galement quelqu\u2019un qui adore les compliments m\u00eame s\u2019il pr\u00e9tend \u00e0 chaque fois le contraire. D\u2019ailleurs, si tu affectionnes particuli\u00e8rement ce personnage, la <a title=\"Peluche de Chopper - Sombrero vintage\" href=\"https:\/\/boutique-one-piece.com\/es\/gorro-de-peluche-vintage-chopper\/\" target=\"_blank\" rel=\"noopener\">Peluche de Chopper con su viejo sombrero<\/a> Est\u00e1 a tu alcance.<\/p>\n<h3>Ven a conocer al Dr. Tony Chopper. Su peluche te ser\u00e1 muy \u00fatil en tus aventuras como joven pirata.<\/h3>\n<p><strong>Una pieza<\/strong> est le manga le plus vendu au monde. Sois fier de faire partie de cet univers et continue d\u2019agrandir ta collection d\u2019objets One Piece. Ces objets sont forc\u00e9ment faits pour toi. Dans tous les cas une chose est certaine,<strong> l\u2019\u00e8re de la piraterie<\/strong> n\u2019est pas encore finie !<\/p>\n<h2>Informaci\u00f3n sobre el peluche de One Piece Chopper:<\/h2>\n<ul>\n<li>\u00a0<b>Tipo de producto<\/b><span>\u00a0<\/span>Peluche de manga de One Piece<\/li>\n<\/ul>\n<ul>\n<li>\n<b>Uso del Peluce<\/b>\u00a0Juguetes, decoraciones, coleccionables, regalos.<\/li>\n<\/ul>\n<ul>\n<li>\n<b>Nombre del personaje<\/b>\u00a0Tony Chopper<\/li>\n<\/ul>\n<ul>\n<li>\n<b>Tama\u00f1o del juguete de peluche<\/b>\u00a0:30 cent\u00edmetros<\/li>\n<\/ul>\n<ul>\n<li>\n<b>Asunto<\/b>\u00a0: Algod\u00f3n<\/li>\n<\/ul>\n<ul>\n<li>\n<b>Edad recomendada<\/b>\u00a0:m\u00e1s de 3 a\u00f1os<\/li>\n<\/ul>\n<ul>\n<li>\n<b>Entrega gratuita<\/b> para cualquier compra<\/li>\n<\/ul>","protected":false},"excerpt":{"rendered":"<p>Jeune pirate, saute sur l\u2019occasion de pouvoir te procurer cette Peluche Dr Tony Chopper. Tu n\u2019es pas sans savoir que Tony Tony Chopper est le docteur de l\u2019\u00c9quipage du Chapeau de Paille. Son objectif est de pouvoir un jour d\u00e9couvrir la panac\u00e9e, afin de soigner toutes les maladies. Form\u00e9 par le docteur Hiluluk puis par [&hellip;]<\/p>","protected":false},"featured_media":9880,"comment_status":"open","ping_status":"open","template":"","meta":[],"product_brand":[],"product_cat":[163,177],"product_tag":[165],"class_list":{"0":"post-9878","1":"product","2":"type-product","3":"status-publish","4":"has-post-thumbnail","6":"product_cat-goodies-tony-tony-chopper-one-piece","7":"product_cat-peluches-one-piece","8":"product_tag-chopper","10":"first","11":"instock","12":"purchasable","13":"product-type-simple"},"yoast_head":"<!-- This site is optimized with the Yoast SEO plugin v27.5 - https:\/\/yoast.com\/product\/yoast-seo-wordpress\/ -->\n<title>Peluche Dr Tony Chopper | Boutique One Piece<\/title>\n<meta name=\"description\" content=\"D\u00e9couvrez la peluche One Piece Chopper, elle est aussi douce que mignonne ! Commencez votre aventure de pirate \u00e0 la recherche du One Piece dans l&#039;\u00e9quipage du Chapeau de Paille\" \/>\n<meta name=\"robots\" content=\"index, follow, max-snippet:-1, max-image-preview:large, max-video-preview:-1\" \/>\n<link rel=\"canonical\" href=\"https:\/\/boutique-one-piece.com\/es\/peluches-de-one-piece\/peluche-del-dr-tony-chopper\/\" \/>\n<meta property=\"og:locale\" content=\"es_ES\" \/>\n<meta property=\"og:type\" content=\"article\" \/>\n<meta property=\"og:title\" content=\"Peluche Dr Tony Chopper | Boutique One Piece\" \/>\n<meta property=\"og:description\" content=\"D\u00e9couvrez la peluche One Piece Chopper, elle est aussi douce que mignonne ! Commencez votre aventure de pirate \u00e0 la recherche du One Piece dans l&#039;\u00e9quipage du Chapeau de Paille\" \/>\n<meta property=\"og:url\" content=\"https:\/\/boutique-one-piece.com\/es\/peluches-de-one-piece\/peluche-del-dr-tony-chopper\/\" \/>\n<meta property=\"og:site_name\" content=\"Boutique One Piece\" \/>\n<meta property=\"article:modified_time\" content=\"2024-09-16T11:52:50+00:00\" \/>\n<meta property=\"og:image\" content=\"https:\/\/boutique-one-piece.com\/wp-content\/uploads\/2022\/09\/Peluche-Dr-Tony-Chopper-1.png\" \/>\n\t<meta property=\"og:image:width\" content=\"500\" \/>\n\t<meta property=\"og:image:height\" content=\"500\" \/>\n\t<meta property=\"og:image:type\" content=\"image\/png\" \/>\n<meta name=\"twitter:card\" content=\"summary_large_image\" \/>\n<meta name=\"twitter:label1\" content=\"Tiempo de lectura\" \/>\n\t<meta name=\"twitter:data1\" content=\"2 minutos\" \/>\n<script type=\"application\/ld+json\" class=\"yoast-schema-graph\">{\"@context\":\"https:\\\/\\\/schema.org\",\"@graph\":[{\"@type\":\"WebPage\",\"@id\":\"https:\\\/\\\/boutique-one-piece.com\\\/peluches-one-piece\\\/peluche-dr-tony-chopper\\\/\",\"url\":\"https:\\\/\\\/boutique-one-piece.com\\\/peluches-one-piece\\\/peluche-dr-tony-chopper\\\/\",\"name\":\"Peluche Dr Tony Chopper | Boutique One Piece\",\"isPartOf\":{\"@id\":\"https:\\\/\\\/boutique-one-piece.com\\\/#website\"},\"primaryImageOfPage\":{\"@id\":\"https:\\\/\\\/boutique-one-piece.com\\\/peluches-one-piece\\\/peluche-dr-tony-chopper\\\/#primaryimage\"},\"image\":{\"@id\":\"https:\\\/\\\/boutique-one-piece.com\\\/peluches-one-piece\\\/peluche-dr-tony-chopper\\\/#primaryimage\"},\"thumbnailUrl\":\"https:\\\/\\\/boutique-one-piece.com\\\/wp-content\\\/uploads\\\/2022\\\/09\\\/Peluche-Dr-Tony-Chopper-1.png\",\"datePublished\":\"2022-09-27T20:23:09+00:00\",\"dateModified\":\"2024-09-16T11:52:50+00:00\",\"description\":\"D\u00e9couvrez la peluche One Piece Chopper, elle est aussi douce que mignonne ! Commencez votre aventure de pirate \u00e0 la recherche du One Piece dans l'\u00e9quipage du Chapeau de Paille\",\"breadcrumb\":{\"@id\":\"https:\\\/\\\/boutique-one-piece.com\\\/peluches-one-piece\\\/peluche-dr-tony-chopper\\\/#breadcrumb\"},\"inLanguage\":\"es\",\"potentialAction\":[{\"@type\":\"ReadAction\",\"target\":[\"https:\\\/\\\/boutique-one-piece.com\\\/peluches-one-piece\\\/peluche-dr-tony-chopper\\\/\"]}]},{\"@type\":\"ImageObject\",\"inLanguage\":\"es\",\"@id\":\"https:\\\/\\\/boutique-one-piece.com\\\/peluches-one-piece\\\/peluche-dr-tony-chopper\\\/#primaryimage\",\"url\":\"https:\\\/\\\/boutique-one-piece.com\\\/wp-content\\\/uploads\\\/2022\\\/09\\\/Peluche-Dr-Tony-Chopper-1.png\",\"contentUrl\":\"https:\\\/\\\/boutique-one-piece.com\\\/wp-content\\\/uploads\\\/2022\\\/09\\\/Peluche-Dr-Tony-Chopper-1.png\",\"width\":500,\"height\":500},{\"@type\":\"BreadcrumbList\",\"@id\":\"https:\\\/\\\/boutique-one-piece.com\\\/peluches-one-piece\\\/peluche-dr-tony-chopper\\\/#breadcrumb\",\"itemListElement\":[{\"@type\":\"ListItem\",\"position\":1,\"name\":\"Home\",\"item\":\"https:\\\/\\\/boutique-one-piece.com\\\/\"},{\"@type\":\"ListItem\",\"position\":2,\"name\":\"Shop\",\"item\":\"https:\\\/\\\/boutique-one-piece.com\\\/shop\\\/\"},{\"@type\":\"ListItem\",\"position\":3,\"name\":\"Peluche Dr Tony Chopper\"}]},{\"@type\":\"WebSite\",\"@id\":\"https:\\\/\\\/boutique-one-piece.com\\\/#website\",\"url\":\"https:\\\/\\\/boutique-one-piece.com\\\/\",\"name\":\"Boutique One Piece\",\"description\":\"Magasin Sp\u00e9cialis\u00e9 du Manga et l&#039;Anime One Piece\",\"publisher\":{\"@id\":\"https:\\\/\\\/boutique-one-piece.com\\\/#organization\"},\"potentialAction\":[{\"@type\":\"SearchAction\",\"target\":{\"@type\":\"EntryPoint\",\"urlTemplate\":\"https:\\\/\\\/boutique-one-piece.com\\\/?s={search_term_string}\"},\"query-input\":{\"@type\":\"PropertyValueSpecification\",\"valueRequired\":true,\"valueName\":\"search_term_string\"}}],\"inLanguage\":\"es\"},{\"@type\":\"Organization\",\"@id\":\"https:\\\/\\\/boutique-one-piece.com\\\/#organization\",\"name\":\"Boutique One Piece\",\"url\":\"https:\\\/\\\/boutique-one-piece.com\\\/\",\"logo\":{\"@type\":\"ImageObject\",\"inLanguage\":\"es\",\"@id\":\"https:\\\/\\\/boutique-one-piece.com\\\/#\\\/schema\\\/logo\\\/image\\\/\",\"url\":\"https:\\\/\\\/boutique-one-piece.com\\\/wp-content\\\/uploads\\\/2022\\\/09\\\/Logo-01.png\",\"contentUrl\":\"https:\\\/\\\/boutique-one-piece.com\\\/wp-content\\\/uploads\\\/2022\\\/09\\\/Logo-01.png\",\"width\":2318,\"height\":957,\"caption\":\"Boutique One Piece\"},\"image\":{\"@id\":\"https:\\\/\\\/boutique-one-piece.com\\\/#\\\/schema\\\/logo\\\/image\\\/\"}}]}<\/script>\n<!-- \/ Yoast SEO plugin. -->","yoast_head_json":{"title":"Peluche del Dr. Tony Chopper | Tienda One Piece","description":"Descubre el peluche de Chopper de One Piece. \u00a1Es tan suave como adorable! Empieza tu aventura pirata en busca de One Piece con la tripulaci\u00f3n del Sombrero de Paja.","robots":{"index":"index","follow":"follow","max-snippet":"max-snippet:-1","max-image-preview":"max-image-preview:large","max-video-preview":"max-video-preview:-1"},"canonical":"https:\/\/boutique-one-piece.com\/es\/peluches-de-one-piece\/peluche-del-dr-tony-chopper\/","og_locale":"es_ES","og_type":"article","og_title":"Peluche Dr Tony Chopper | Boutique One Piece","og_description":"D\u00e9couvrez la peluche One Piece Chopper, elle est aussi douce que mignonne ! Commencez votre aventure de pirate \u00e0 la recherche du One Piece dans l'\u00e9quipage du Chapeau de Paille","og_url":"https:\/\/boutique-one-piece.com\/es\/peluches-de-one-piece\/peluche-del-dr-tony-chopper\/","og_site_name":"Boutique One Piece","article_modified_time":"2024-09-16T11:52:50+00:00","og_image":[{"width":500,"height":500,"url":"https:\/\/boutique-one-piece.com\/wp-content\/uploads\/2022\/09\/Peluche-Dr-Tony-Chopper-1.png","type":"image\/png"}],"twitter_card":"summary_large_image","twitter_misc":{"Tiempo de lectura":"2 minutos"},"schema":{"@context":"https:\/\/schema.org","@graph":[{"@type":"WebPage","@id":"https:\/\/boutique-one-piece.com\/peluches-one-piece\/peluche-dr-tony-chopper\/","url":"https:\/\/boutique-one-piece.com\/peluches-one-piece\/peluche-dr-tony-chopper\/","name":"Peluche del Dr. Tony Chopper | Tienda One Piece","isPartOf":{"@id":"https:\/\/boutique-one-piece.com\/#website"},"primaryImageOfPage":{"@id":"https:\/\/boutique-one-piece.com\/peluches-one-piece\/peluche-dr-tony-chopper\/#primaryimage"},"image":{"@id":"https:\/\/boutique-one-piece.com\/peluches-one-piece\/peluche-dr-tony-chopper\/#primaryimage"},"thumbnailUrl":"https:\/\/boutique-one-piece.com\/wp-content\/uploads\/2022\/09\/Peluche-Dr-Tony-Chopper-1.png","datePublished":"2022-09-27T20:23:09+00:00","dateModified":"2024-09-16T11:52:50+00:00","description":"Descubre el peluche de Chopper de One Piece. \u00a1Es tan suave como adorable! Empieza tu aventura pirata en busca de One Piece con la tripulaci\u00f3n del Sombrero de Paja.","breadcrumb":{"@id":"https:\/\/boutique-one-piece.com\/peluches-one-piece\/peluche-dr-tony-chopper\/#breadcrumb"},"inLanguage":"es","potentialAction":[{"@type":"ReadAction","target":["https:\/\/boutique-one-piece.com\/peluches-one-piece\/peluche-dr-tony-chopper\/"]}]},{"@type":"ImageObject","inLanguage":"es","@id":"https:\/\/boutique-one-piece.com\/peluches-one-piece\/peluche-dr-tony-chopper\/#primaryimage","url":"https:\/\/boutique-one-piece.com\/wp-content\/uploads\/2022\/09\/Peluche-Dr-Tony-Chopper-1.png","contentUrl":"https:\/\/boutique-one-piece.com\/wp-content\/uploads\/2022\/09\/Peluche-Dr-Tony-Chopper-1.png","width":500,"height":500},{"@type":"BreadcrumbList","@id":"https:\/\/boutique-one-piece.com\/peluches-one-piece\/peluche-dr-tony-chopper\/#breadcrumb","itemListElement":[{"@type":"ListItem","position":1,"name":"Home","item":"https:\/\/boutique-one-piece.com\/"},{"@type":"ListItem","position":2,"name":"Shop","item":"https:\/\/boutique-one-piece.com\/shop\/"},{"@type":"ListItem","position":3,"name":"Peluche Dr Tony Chopper"}]},{"@type":"WebSite","@id":"https:\/\/boutique-one-piece.com\/#website","url":"https:\/\/boutique-one-piece.com\/","name":"Tienda de One Piece","description":"Tienda especializada en manga y anime de One Piece","publisher":{"@id":"https:\/\/boutique-one-piece.com\/#organization"},"potentialAction":[{"@type":"SearchAction","target":{"@type":"EntryPoint","urlTemplate":"https:\/\/boutique-one-piece.com\/?s={search_term_string}"},"query-input":{"@type":"PropertyValueSpecification","valueRequired":true,"valueName":"search_term_string"}}],"inLanguage":"es"},{"@type":"Organization","@id":"https:\/\/boutique-one-piece.com\/#organization","name":"Tienda de One Piece","url":"https:\/\/boutique-one-piece.com\/","logo":{"@type":"ImageObject","inLanguage":"es","@id":"https:\/\/boutique-one-piece.com\/#\/schema\/logo\/image\/","url":"https:\/\/boutique-one-piece.com\/wp-content\/uploads\/2022\/09\/Logo-01.png","contentUrl":"https:\/\/boutique-one-piece.com\/wp-content\/uploads\/2022\/09\/Logo-01.png","width":2318,"height":957,"caption":"Boutique One Piece"},"image":{"@id":"https:\/\/boutique-one-piece.com\/#\/schema\/logo\/image\/"}}]}},"_links":{"self":[{"href":"https:\/\/boutique-one-piece.com\/es\/wp-json\/wp\/v2\/product\/9878","targetHints":{"allow":["GET"]}}],"collection":[{"href":"https:\/\/boutique-one-piece.com\/es\/wp-json\/wp\/v2\/product"}],"about":[{"href":"https:\/\/boutique-one-piece.com\/es\/wp-json\/wp\/v2\/types\/product"}],"replies":[{"embeddable":true,"href":"https:\/\/boutique-one-piece.com\/es\/wp-json\/wp\/v2\/comments?post=9878"}],"wp:featuredmedia":[{"embeddable":true,"href":"https:\/\/boutique-one-piece.com\/es\/wp-json\/wp\/v2\/media\/9880"}],"wp:attachment":[{"href":"https:\/\/boutique-one-piece.com\/es\/wp-json\/wp\/v2\/media?parent=9878"}],"wp:term":[{"taxonomy":"product_brand","embeddable":true,"href":"https:\/\/boutique-one-piece.com\/es\/wp-json\/wp\/v2\/product_brand?post=9878"},{"taxonomy":"product_cat","embeddable":true,"href":"https:\/\/boutique-one-piece.com\/es\/wp-json\/wp\/v2\/product_cat?post=9878"},{"taxonomy":"product_tag","embeddable":true,"href":"https:\/\/boutique-one-piece.com\/es\/wp-json\/wp\/v2\/product_tag?post=9878"}],"curies":[{"name":"wp","href":"https:\/\/api.w.org\/{rel}","templated":true}]}}