{"id":18143,"date":"2022-09-28T16:42:33","date_gmt":"2022-09-28T16:42:33","guid":{"rendered":"https:\/\/boutique-one-piece.com\/?page_id=18143"},"modified":"2024-09-16T16:20:10","modified_gmt":"2024-09-16T16:20:10","slug":"politica-di-reso","status":"publish","type":"page","link":"https:\/\/boutique-one-piece.com\/it\/politica-di-reso\/","title":{"rendered":"POLITICA DI RESI E RIMBORSI"},"content":{"rendered":"<div data-elementor-type=\"wp-page\" data-elementor-id=\"18143\" class=\"elementor elementor-18143\">\n\t\t\t\t\t\t<section class=\"elementor-section elementor-top-section elementor-element elementor-element-953f58b elementor-section-boxed elementor-section-height-default elementor-section-height-default\" data-id=\"953f58b\" data-element_type=\"section\" data-e-type=\"section\">\n\t\t\t\t\t\t<div class=\"elementor-container elementor-column-gap-default\">\n\t\t\t\t\t<div class=\"elementor-column elementor-col-100 elementor-top-column elementor-element elementor-element-529c7010\" data-id=\"529c7010\" data-element_type=\"column\" data-e-type=\"column\">\n\t\t\t<div class=\"elementor-widget-wrap elementor-element-populated\">\n\t\t\t\t\t\t<div class=\"elementor-element elementor-element-3997c122 elementor-widget elementor-widget-text-editor\" data-id=\"3997c122\" data-element_type=\"widget\" data-e-type=\"widget\" data-widget_type=\"text-editor.default\">\n\t\t\t\t<div class=\"elementor-widget-container\">\n\t\t\t\t\t\t\t\t\t\n<p>RESI<br \/><br \/>\u2014-<br \/><br \/>La nostra politica ha una durata di 30 giorni. Se sono trascorsi 30 giorni dall&#039;acquisto, purtroppo non possiamo offrirti un rimborso o un cambio.<br \/><br \/>Per poter usufruire del reso, l&#039;articolo deve essere inutilizzato e nelle stesse condizioni in cui lo hai ricevuto. Deve inoltre essere nella confezione originale.<br \/><br \/>Diversi tipi di prodotti non possono essere restituiti. Non si accettano resi di beni deperibili come cibo, fiori o riviste. Non accettiamo inoltre prodotti intimi o igienici, materiali pericolosi o liquidi o gas infiammabili.<br \/><br \/>Altri articoli che non possono essere restituiti:<br \/>Carte regalo<br \/>* Software scaricabile<br \/>* Alcuni prodotti per la salute e la cura della persona<br \/><br \/>Per effettuare un reso, \u00e8 necessario fornirci una ricevuta o una prova d&#039;acquisto.<br \/><br \/>Si prega di non restituire l&#039;acquisto al produttore.<br \/><br \/>Ci sono alcune situazioni in cui viene concesso solo un rimborso parziale: (se applicabile)<br \/>* Libri con evidenti segni di utilizzo.<br \/>* CD, DVD, cassette VHS, software, videogiochi, cassette o dischi in vinile aperti.<br \/>* Qualsiasi articolo che non sia nelle sue condizioni originali, sia danneggiato o abbia parti mancanti per motivi non dovuti a un errore da parte nostra.<br \/>* Qualsiasi articolo restituito oltre 30 giorni dopo la consegna.<br \/><br \/>Rimborsi (se applicabili)<br \/>Una volta ricevuto e ispezionato l&#039;articolo restituito, ti invieremo un&#039;e-mail di conferma della ricezione. Ti informeremo inoltre della nostra decisione in merito all&#039;approvazione o al rifiuto della tua richiesta di rimborso.<br \/>Se la tua richiesta verr\u00e0 approvata, il rimborso verr\u00e0 elaborato e l&#039;importo verr\u00e0 automaticamente accreditato sulla tua carta di credito o sul metodo di pagamento originale entro 10 giorni lavorativi.<br \/><br \/>Rimborsi tardivi o mancanti (se applicabili)<br \/>Se non hai ancora ricevuto il rimborso, controlla nuovamente il tuo conto bancario.<br \/>Successivamente, contatta l&#039;emittente della tua carta di credito, poich\u00e9 potrebbe verificarsi un ritardo prima che il rimborso venga ufficialmente contabilizzato.<br \/>Successivamente, contatta la tua banca. Spesso \u00e8 necessario attendere un po&#039; di tempo prima che il rimborso venga accreditato.<br \/>Se dopo aver completato tutti questi passaggi non hai ancora ricevuto il rimborso, contattaci all&#039;indirizzo contact@boutique-one-piece.com. .<br \/><br \/>Articoli in saldo (se applicabile)<br \/>Solo gli articoli a prezzo pieno possono essere rimborsati. Purtroppo, gli articoli in saldo non sono rimborsabili.<br \/><br \/>Cambi (se applicabile)<br \/>Sostituiamo gli articoli solo se difettosi o danneggiati. Se desideri cambiarli con lo stesso articolo, ti preghiamo di contattarci via email all&#039;indirizzo contact@boutique-one-piece.com.<\/p>\n\n\n\n<p><br \/>Regali<br \/>Se l&#039;articolo restituito era contrassegnato come regalo al momento dell&#039;acquisto e spedito direttamente a te, riceverai un buono regalo pari al valore del tuo reso. Una volta ricevuto l&#039;articolo restituito, ti verr\u00e0 inviato un buono regalo.<br \/><br \/>Se l&#039;articolo non \u00e8 stato contrassegnato come regalo al momento dell&#039;acquisto, o se chi ha fatto il regalo ha preferito ricevere prima l&#039;articolo per poi consegnartelo in un secondo momento, invieremo un rimborso al donatore, che verr\u00e0 informato della restituzione dell&#039;articolo.<br \/><br \/>Spedizione<br \/>Per restituire un prodotto, \u00e8 necessario inviarlo per posta.<br \/><br \/>Le spese di spedizione per la restituzione dell&#039;articolo saranno a tuo carico. Le spese di spedizione non sono rimborsabili. In caso di rimborso, le spese di spedizione per la restituzione verranno detratte dall&#039;importo.<br \/><br \/>A seconda del luogo in cui vivi, il tempo necessario per ricevere il prodotto sostituito potrebbe variare.<br \/><br \/>Se stai spedendo un articolo di valore superiore a $75, ti consigliamo di utilizzare un servizio di spedizione tracciabile o di stipulare un&#039;assicurazione sulla spedizione. Non possiamo garantire la ricezione dell&#039;articolo restituito.<\/p>\n\n\t\t\t\t\t\t\t\t<\/div>\n\t\t\t\t<\/div>\n\t\t\t\t\t<\/div>\n\t\t<\/div>\n\t\t\t\t\t<\/div>\n\t\t<\/section>\n\t\t\t\t<\/div>","protected":false},"excerpt":{"rendered":"<p>RESI \u2014 La nostra politica di reso ha una durata di 30 giorni. Se sono trascorsi 30 giorni dal tuo acquisto, purtroppo non possiamo offrirti un rimborso o un cambio. Per poter usufruire di un reso, il tuo articolo deve essere inutilizzato e nelle stesse condizioni in cui lo hai ricevuto. Deve inoltre essere nella confezione originale. Diversi [\u2026]<\/p>","protected":false},"author":2,"featured_media":0,"parent":0,"menu_order":0,"comment_status":"closed","ping_status":"closed","template":"","meta":{"footnotes":""},"class_list":["post-18143","page","type-page","status-publish","hentry"],"yoast_head":"<!-- This site is optimized with the Yoast SEO plugin v27.5 - https:\/\/yoast.com\/product\/yoast-seo-wordpress\/ -->\n<title>POLITIQUE DE RETOURS &amp; REMBOURSEMENTS | Boutique One Piece<\/title>\n<meta name=\"robots\" content=\"noindex, follow\" \/>\n<meta property=\"og:locale\" content=\"it_IT\" \/>\n<meta property=\"og:type\" content=\"article\" \/>\n<meta property=\"og:title\" content=\"POLITIQUE DE RETOURS &amp; REMBOURSEMENTS | Boutique One Piece\" \/>\n<meta property=\"og:description\" content=\"RETOURS &#8212;- Notre politique dure 30 jours. Si 30 jours se sont \u00e9coul\u00e9s depuis votre achat, nous ne pouvons malheureusement pas vous offrir un remboursement ou un \u00e9change. Pour pouvoir b\u00e9n\u00e9ficier d\u2019un retour, votre article doit \u00eatre inutilis\u00e9 et dans le m\u00eame \u00e9tat o\u00f9 vous l\u2019avez re\u00e7u. Il doit \u00eatre \u00e9galement dans l\u2019emballage d\u2019origine. Plusieurs [&hellip;]\" \/>\n<meta property=\"og:url\" content=\"https:\/\/boutique-one-piece.com\/it\/politica-di-reso\/\" \/>\n<meta property=\"og:site_name\" content=\"Boutique One Piece\" \/>\n<meta property=\"article:modified_time\" content=\"2024-09-16T16:20:10+00:00\" \/>\n<meta name=\"twitter:card\" content=\"summary_large_image\" \/>\n<meta name=\"twitter:label1\" content=\"Tempo di lettura stimato\" \/>\n\t<meta name=\"twitter:data1\" content=\"4 minuti\" \/>\n<script type=\"application\/ld+json\" class=\"yoast-schema-graph\">{\"@context\":\"https:\\\/\\\/schema.org\",\"@graph\":[{\"@type\":\"WebPage\",\"@id\":\"https:\\\/\\\/boutique-one-piece.com\\\/politique-de-retours\\\/\",\"url\":\"https:\\\/\\\/boutique-one-piece.com\\\/politique-de-retours\\\/\",\"name\":\"POLITIQUE DE RETOURS & REMBOURSEMENTS | Boutique One Piece\",\"isPartOf\":{\"@id\":\"https:\\\/\\\/boutique-one-piece.com\\\/#website\"},\"datePublished\":\"2022-09-28T16:42:33+00:00\",\"dateModified\":\"2024-09-16T16:20:10+00:00\",\"breadcrumb\":{\"@id\":\"https:\\\/\\\/boutique-one-piece.com\\\/politique-de-retours\\\/#breadcrumb\"},\"inLanguage\":\"it-IT\",\"potentialAction\":[{\"@type\":\"ReadAction\",\"target\":[\"https:\\\/\\\/boutique-one-piece.com\\\/politique-de-retours\\\/\"]}]},{\"@type\":\"BreadcrumbList\",\"@id\":\"https:\\\/\\\/boutique-one-piece.com\\\/politique-de-retours\\\/#breadcrumb\",\"itemListElement\":[{\"@type\":\"ListItem\",\"position\":1,\"name\":\"Home\",\"item\":\"https:\\\/\\\/boutique-one-piece.com\\\/\"},{\"@type\":\"ListItem\",\"position\":2,\"name\":\"POLITIQUE DE RETOURS &#038; REMBOURSEMENTS\"}]},{\"@type\":\"WebSite\",\"@id\":\"https:\\\/\\\/boutique-one-piece.com\\\/#website\",\"url\":\"https:\\\/\\\/boutique-one-piece.com\\\/\",\"name\":\"Boutique One Piece\",\"description\":\"Magasin Sp\u00e9cialis\u00e9 du Manga et l&#039;Anime One Piece\",\"publisher\":{\"@id\":\"https:\\\/\\\/boutique-one-piece.com\\\/#organization\"},\"potentialAction\":[{\"@type\":\"SearchAction\",\"target\":{\"@type\":\"EntryPoint\",\"urlTemplate\":\"https:\\\/\\\/boutique-one-piece.com\\\/?s={search_term_string}\"},\"query-input\":{\"@type\":\"PropertyValueSpecification\",\"valueRequired\":true,\"valueName\":\"search_term_string\"}}],\"inLanguage\":\"it-IT\"},{\"@type\":\"Organization\",\"@id\":\"https:\\\/\\\/boutique-one-piece.com\\\/#organization\",\"name\":\"Boutique One Piece\",\"url\":\"https:\\\/\\\/boutique-one-piece.com\\\/\",\"logo\":{\"@type\":\"ImageObject\",\"inLanguage\":\"it-IT\",\"@id\":\"https:\\\/\\\/boutique-one-piece.com\\\/#\\\/schema\\\/logo\\\/image\\\/\",\"url\":\"https:\\\/\\\/boutique-one-piece.com\\\/wp-content\\\/uploads\\\/2022\\\/09\\\/Logo-01.png\",\"contentUrl\":\"https:\\\/\\\/boutique-one-piece.com\\\/wp-content\\\/uploads\\\/2022\\\/09\\\/Logo-01.png\",\"width\":2318,\"height\":957,\"caption\":\"Boutique One Piece\"},\"image\":{\"@id\":\"https:\\\/\\\/boutique-one-piece.com\\\/#\\\/schema\\\/logo\\\/image\\\/\"}}]}<\/script>\n<!-- \/ Yoast SEO plugin. -->","yoast_head_json":{"title":"POLITICA DI RESO E RIMBORSI | One Piece Shop","robots":{"index":"noindex","follow":"follow"},"og_locale":"it_IT","og_type":"article","og_title":"POLITIQUE DE RETOURS & REMBOURSEMENTS | Boutique One Piece","og_description":"RETOURS &#8212;- Notre politique dure 30 jours. Si 30 jours se sont \u00e9coul\u00e9s depuis votre achat, nous ne pouvons malheureusement pas vous offrir un remboursement ou un \u00e9change. Pour pouvoir b\u00e9n\u00e9ficier d\u2019un retour, votre article doit \u00eatre inutilis\u00e9 et dans le m\u00eame \u00e9tat o\u00f9 vous l\u2019avez re\u00e7u. Il doit \u00eatre \u00e9galement dans l\u2019emballage d\u2019origine. Plusieurs [&hellip;]","og_url":"https:\/\/boutique-one-piece.com\/it\/politica-di-reso\/","og_site_name":"Boutique One Piece","article_modified_time":"2024-09-16T16:20:10+00:00","twitter_card":"summary_large_image","twitter_misc":{"Tempo di lettura stimato":"4 minuti"},"schema":{"@context":"https:\/\/schema.org","@graph":[{"@type":"WebPage","@id":"https:\/\/boutique-one-piece.com\/politique-de-retours\/","url":"https:\/\/boutique-one-piece.com\/politique-de-retours\/","name":"POLITICA DI RESO E RIMBORSI | One Piece Shop","isPartOf":{"@id":"https:\/\/boutique-one-piece.com\/#website"},"datePublished":"2022-09-28T16:42:33+00:00","dateModified":"2024-09-16T16:20:10+00:00","breadcrumb":{"@id":"https:\/\/boutique-one-piece.com\/politique-de-retours\/#breadcrumb"},"inLanguage":"it-IT","potentialAction":[{"@type":"ReadAction","target":["https:\/\/boutique-one-piece.com\/politique-de-retours\/"]}]},{"@type":"BreadcrumbList","@id":"https:\/\/boutique-one-piece.com\/politique-de-retours\/#breadcrumb","itemListElement":[{"@type":"ListItem","position":1,"name":"Home","item":"https:\/\/boutique-one-piece.com\/"},{"@type":"ListItem","position":2,"name":"POLITIQUE DE RETOURS &#038; REMBOURSEMENTS"}]},{"@type":"WebSite","@id":"https:\/\/boutique-one-piece.com\/#website","url":"https:\/\/boutique-one-piece.com\/","name":"Negozio One Piece","description":"Negozio specializzato in manga e anime di One Piece","publisher":{"@id":"https:\/\/boutique-one-piece.com\/#organization"},"potentialAction":[{"@type":"SearchAction","target":{"@type":"EntryPoint","urlTemplate":"https:\/\/boutique-one-piece.com\/?s={search_term_string}"},"query-input":{"@type":"PropertyValueSpecification","valueRequired":true,"valueName":"search_term_string"}}],"inLanguage":"it-IT"},{"@type":"Organization","@id":"https:\/\/boutique-one-piece.com\/#organization","name":"Negozio One Piece","url":"https:\/\/boutique-one-piece.com\/","logo":{"@type":"ImageObject","inLanguage":"it-IT","@id":"https:\/\/boutique-one-piece.com\/#\/schema\/logo\/image\/","url":"https:\/\/boutique-one-piece.com\/wp-content\/uploads\/2022\/09\/Logo-01.png","contentUrl":"https:\/\/boutique-one-piece.com\/wp-content\/uploads\/2022\/09\/Logo-01.png","width":2318,"height":957,"caption":"Boutique One Piece"},"image":{"@id":"https:\/\/boutique-one-piece.com\/#\/schema\/logo\/image\/"}}]}},"_links":{"self":[{"href":"https:\/\/boutique-one-piece.com\/it\/wp-json\/wp\/v2\/pages\/18143","targetHints":{"allow":["GET"]}}],"collection":[{"href":"https:\/\/boutique-one-piece.com\/it\/wp-json\/wp\/v2\/pages"}],"about":[{"href":"https:\/\/boutique-one-piece.com\/it\/wp-json\/wp\/v2\/types\/page"}],"author":[{"embeddable":true,"href":"https:\/\/boutique-one-piece.com\/it\/wp-json\/wp\/v2\/users\/2"}],"replies":[{"embeddable":true,"href":"https:\/\/boutique-one-piece.com\/it\/wp-json\/wp\/v2\/comments?post=18143"}],"version-history":[{"count":7,"href":"https:\/\/boutique-one-piece.com\/it\/wp-json\/wp\/v2\/pages\/18143\/revisions"}],"predecessor-version":[{"id":19791,"href":"https:\/\/boutique-one-piece.com\/it\/wp-json\/wp\/v2\/pages\/18143\/revisions\/19791"}],"wp:attachment":[{"href":"https:\/\/boutique-one-piece.com\/it\/wp-json\/wp\/v2\/media?parent=18143"}],"curies":[{"name":"parola chiave","href":"https:\/\/api.w.org\/{rel}","templated":true}]}}