{"id":10066,"date":"2022-09-27T20:24:36","date_gmt":"2022-09-27T20:24:36","guid":{"rendered":"https:\/\/boutique-one-piece.com\/uncategorized\/tee-shirt-one-piece-mugiwara\/"},"modified":"2024-09-16T11:57:21","modified_gmt":"2024-09-16T11:57:21","slug":"maglietta-one-piece-mugiwara","status":"publish","type":"product","link":"https:\/\/boutique-one-piece.com\/it\/vestiti-one-piece\/magliette-one-piece\/maglietta-one-piece-mugiwara\/","title":{"rendered":"Maglietta One Piece Mugiwara"},"content":{"rendered":"<p><meta charset=\"utf-8\"><\/p>\n<h2>\n<b>Maglietta One Piece raffigurante la ciurma di Cappello di Paglia<\/b><strong>\u00a0<\/strong><b>,\u00a0<\/b>Una maglietta di qualit\u00e0 super per un pirata come te!<\/h2>\n<p>Se sei un\u00a0<strong>vero pirata<\/strong>, Apprezzerai il\u00a0<strong>qualit\u00e0<\/strong>\u00a0tessuto e\u00a0<strong>Stampa 3D su tela<\/strong>\u00a0di questo\u00a0<strong>Maglietta One Piece<\/strong>\u00a0Ma la cosa pi\u00f9 importante, con questo\u00a0<strong>maglia stampata<\/strong>\u00a0questo perch\u00e9 farai parte di\u00a0<strong>la troupe dei fan<\/strong>\u00a0Di\u00a0<strong>manga pirata<\/strong>\u00a0e otterrai:<\/p>\n<ul>\n<li>\u00a0<strong>Ammirazione<\/strong>\u00a0di tutti i fan di\u00a0<strong>mugiwara<\/strong>\u00a0che incontrerai<\/li>\n<\/ul>\n<ul>\n<li>Un vero\u00a0<strong>maglietta stampata<\/strong>\u00a0con cui puoi supportare il<span>\u00a0<\/span><strong>membri<\/strong><span>\u00a0<\/span>Di\u00a0<strong>l&#039;equipaggio<\/strong> Di <strong>Cappello di paglia<\/strong>\n<\/li>\n<\/ul>\n<p>Quindi, pronto per indossare il\u00a0<strong>colori\u00a0<\/strong>Di<b>\u00a0Monkey D. Rufy<\/b>\u00a0?<\/p>\n<h2>Sei un fan del manga o dell&#039;anime One Piece? Mostralo con questa maglietta con stampa di One Piece!<\/h2>\n<p>Se tu\u00a0<strong>Leggere<\/strong>\u00a0o ovunque tu guardi\u00a0<span>\u00a0<\/span><strong>anime giapponese<\/strong>, Ci sono buone probabilit\u00e0 che tu sia diventato\u00a0<strong>pazzo di One Piece<\/strong>\u00a0Con questo!\u00a0<strong>Maglietta One Piece<span>\u00a0I Cappelli di Paglia<\/span><\/strong>, unisciti al\u2019<strong>gruppo di fan del franchise<\/strong><\/p>\n<p>Questo\u00a0<strong>maglietta bianca<\/strong>\u00a0\u00e8 disponibile nelle taglie\u00a0<strong>Taglia XS<\/strong>,<strong>\u00a0S<\/strong>,<strong>\u00a0M<\/strong>,<strong>\u00a0L<\/strong>,\u00a0<strong>XL<\/strong>,\u00a0<strong>XXL<\/strong>, Adatto a tutte le categorie di pirati.,<span>\u00a0<\/span><strong>Uomo<\/strong>\u00a0O<span>\u00a0<\/span><strong>donne<\/strong>, anche se non hai\u00a0<strong>spada<\/strong>\u00a0O\u00a0<strong>frutto del diavolo<\/strong>\u00a0Puoi ancora indossarlo con orgoglio.<\/p>\n<h2>Informazioni sulla maglietta:\u00a0<\/h2>\n<ul>\n<li>\u00a0<strong>Maglia di qualit\u00e0 premium\u00a0<\/strong>: ha un\u00a0<strong>alta grammatura<\/strong>, con materiali di qualit\u00e0<\/li>\n<\/ul>\n<ul>\n<li>\n<strong>Vestibilit\u00e0 ampia<\/strong>\u00a0:\u00a0\u00a0<strong>maglietta<\/strong>\u00a0con un\u00a0<strong>taglio largo<\/strong>, per un comfort maggiore<\/li>\n<\/ul>\n<ul>\n<li>\n<strong>Molto comodo\u00a0<\/strong>con questi\u00a0<strong>fibre<\/strong>\u00a0Di\u00a0<strong>cotone<\/strong>\u00a0Grande\u00a0<strong>morbido<\/strong>, non c&#039;\u00e8\u00a0<strong>attrito<\/strong>\n<\/li>\n<\/ul>\n<ul>\n<li>\n<strong>stampa digitale 3D<\/strong>\u00a0:\u00a0<strong>maglietta stampata<\/strong>\u00a0con un design originale,\u00a0<strong>Stampa su tela<\/strong>\n<\/li>\n<\/ul>\n<ul>\n<li>\n<strong>cotone biologico\u00a0<\/strong>: cotone di qualit\u00e0 con\u00a0<strong>fibre extra lunghe<\/strong>\n<\/li>\n<\/ul>\n<ul>\n<li>\n<strong>Consegna gratuita\u00a0<\/strong>per qualsiasi acquisto<\/li>\n<\/ul>\n<h2><strong>Non dimenticare di dare un&#039;occhiata alla guida alle taglie qui sotto.<\/strong><\/h2>\n<p><span><img decoding=\"async\" alt=\"Guida alle taglie delle magliette One Piece\" src=\"https:\/\/cdn.shopify.com\/s\/files\/1\/0087\/7556\/5348\/files\/boutque__one__piece__tableau__taille__t-shirt_large.jpg?v=1559655065\"><\/span><\/p>\n<p><meta charset=\"utf-8\"><\/p>\n<h3>Istruzioni per il lavaggio:<\/h3>\n<ul>\n<li>Lavare in lavatrice a 30\u00b0C, ciclo delicato<\/li>\n<\/ul>\n<ul>\n<li>Torna a<span>\u00a0<\/span>il contrario<\/li>\n<\/ul>\n<p>Per<span>\u00a0<\/span><strong>preservare la qualit\u00e0<\/strong><span>\u00a0<\/span>di questo<span>\u00a0<\/span><strong>Maglietta One Piece<\/strong>, ti consigliamo di<span>\u00a0<\/span><strong>rispetto<\/strong><span>\u00a0<\/span>IL<span>\u00a0<\/span><strong>istruzioni per il lavaggio<\/strong>.<\/p>","protected":false},"excerpt":{"rendered":"<p>Maglietta di One Piece raffigurante la Ciurma di Cappello di Paglia, una maglietta di qualit\u00e0 super per un pirata come te! Se sei un vero pirata, apprezzerai la qualit\u00e0 del tessuto e la stampa 3D su tela di questa maglietta di One Piece! Ma soprattutto, con questa maglietta stampata, farai parte della ciurma di fan del manga pirata e otterrai: L&#039;ammirazione di tutti i fan di Cappello di Paglia che incontrerai, Una vera maglietta stampata con cui [\u2026]<\/p>","protected":false},"featured_media":10068,"comment_status":"open","ping_status":"open","template":"","meta":[],"product_brand":[],"product_cat":[53],"product_tag":[158,165,129,92,154,205,112,144,113],"class_list":{"0":"post-10066","1":"product","2":"type-product","3":"status-publish","4":"has-post-thumbnail","6":"product_cat-t-shirts-one-piece","7":"product_tag-brook","8":"product_tag-chopper","9":"product_tag-franky","10":"product_tag-luffy","11":"product_tag-nami","12":"product_tag-robin","13":"product_tag-sanji","14":"product_tag-usopp","15":"product_tag-zoro","17":"first","18":"instock","19":"purchasable","20":"product-type-variable","21":"has-default-attributes"},"yoast_head":"<!-- This site is optimized with the Yoast SEO plugin v27.5 - https:\/\/yoast.com\/product\/yoast-seo-wordpress\/ -->\n<title>T-Shirt One Piece et Les Mugiwara | Boutique One Piece<\/title>\n<meta name=\"description\" content=\"T-Shirt One Piece avec l&#039;\u00c9quipage du Chapeau de Paille de qualit\u00e9 sup\u00e9rieur 100% : Retrouvez vos Mugiwara Pr\u00e9f\u00e9r\u00e9s sur ce Magnifique Tee-Shirt Livraison Offerte\" \/>\n<meta name=\"robots\" content=\"index, follow, max-snippet:-1, max-image-preview:large, max-video-preview:-1\" \/>\n<link rel=\"canonical\" href=\"https:\/\/boutique-one-piece.com\/it\/vestiti-one-piece\/magliette-one-piece\/maglietta-one-piece-mugiwara\/\" \/>\n<meta property=\"og:locale\" content=\"it_IT\" \/>\n<meta property=\"og:type\" content=\"article\" \/>\n<meta property=\"og:title\" content=\"T-Shirt One Piece et Les Mugiwara | Boutique One Piece\" \/>\n<meta property=\"og:description\" content=\"T-Shirt One Piece avec l&#039;\u00c9quipage du Chapeau de Paille de qualit\u00e9 sup\u00e9rieur 100% : Retrouvez vos Mugiwara Pr\u00e9f\u00e9r\u00e9s sur ce Magnifique Tee-Shirt Livraison Offerte\" \/>\n<meta property=\"og:url\" content=\"https:\/\/boutique-one-piece.com\/it\/vestiti-one-piece\/magliette-one-piece\/maglietta-one-piece-mugiwara\/\" \/>\n<meta property=\"og:site_name\" content=\"Boutique One Piece\" \/>\n<meta property=\"article:modified_time\" content=\"2024-09-16T11:57:21+00:00\" \/>\n<meta property=\"og:image\" content=\"https:\/\/boutique-one-piece.com\/wp-content\/uploads\/2022\/09\/T-Shirt-One-Piece-Les-Mugiwara.jpg\" \/>\n\t<meta property=\"og:image:width\" content=\"600\" \/>\n\t<meta property=\"og:image:height\" content=\"600\" \/>\n\t<meta property=\"og:image:type\" content=\"image\/jpeg\" \/>\n<meta name=\"twitter:card\" content=\"summary_large_image\" \/>\n<meta name=\"twitter:label1\" content=\"Tempo di lettura stimato\" \/>\n\t<meta name=\"twitter:data1\" content=\"2 minuti\" \/>\n<script type=\"application\/ld+json\" class=\"yoast-schema-graph\">{\"@context\":\"https:\\\/\\\/schema.org\",\"@graph\":[{\"@type\":\"WebPage\",\"@id\":\"https:\\\/\\\/boutique-one-piece.com\\\/vetements-one-piece\\\/t-shirts-one-piece\\\/tee-shirt-one-piece-mugiwara\\\/\",\"url\":\"https:\\\/\\\/boutique-one-piece.com\\\/vetements-one-piece\\\/t-shirts-one-piece\\\/tee-shirt-one-piece-mugiwara\\\/\",\"name\":\"T-Shirt One Piece et Les Mugiwara | Boutique One Piece\",\"isPartOf\":{\"@id\":\"https:\\\/\\\/boutique-one-piece.com\\\/#website\"},\"primaryImageOfPage\":{\"@id\":\"https:\\\/\\\/boutique-one-piece.com\\\/vetements-one-piece\\\/t-shirts-one-piece\\\/tee-shirt-one-piece-mugiwara\\\/#primaryimage\"},\"image\":{\"@id\":\"https:\\\/\\\/boutique-one-piece.com\\\/vetements-one-piece\\\/t-shirts-one-piece\\\/tee-shirt-one-piece-mugiwara\\\/#primaryimage\"},\"thumbnailUrl\":\"https:\\\/\\\/boutique-one-piece.com\\\/wp-content\\\/uploads\\\/2022\\\/09\\\/T-Shirt-One-Piece-Les-Mugiwara.jpg\",\"datePublished\":\"2022-09-27T20:24:36+00:00\",\"dateModified\":\"2024-09-16T11:57:21+00:00\",\"description\":\"T-Shirt One Piece avec l'\u00c9quipage du Chapeau de Paille de qualit\u00e9 sup\u00e9rieur 100% : Retrouvez vos Mugiwara Pr\u00e9f\u00e9r\u00e9s sur ce Magnifique Tee-Shirt Livraison Offerte\",\"breadcrumb\":{\"@id\":\"https:\\\/\\\/boutique-one-piece.com\\\/vetements-one-piece\\\/t-shirts-one-piece\\\/tee-shirt-one-piece-mugiwara\\\/#breadcrumb\"},\"inLanguage\":\"it-IT\",\"potentialAction\":[{\"@type\":\"ReadAction\",\"target\":[\"https:\\\/\\\/boutique-one-piece.com\\\/vetements-one-piece\\\/t-shirts-one-piece\\\/tee-shirt-one-piece-mugiwara\\\/\"]}]},{\"@type\":\"ImageObject\",\"inLanguage\":\"it-IT\",\"@id\":\"https:\\\/\\\/boutique-one-piece.com\\\/vetements-one-piece\\\/t-shirts-one-piece\\\/tee-shirt-one-piece-mugiwara\\\/#primaryimage\",\"url\":\"https:\\\/\\\/boutique-one-piece.com\\\/wp-content\\\/uploads\\\/2022\\\/09\\\/T-Shirt-One-Piece-Les-Mugiwara.jpg\",\"contentUrl\":\"https:\\\/\\\/boutique-one-piece.com\\\/wp-content\\\/uploads\\\/2022\\\/09\\\/T-Shirt-One-Piece-Les-Mugiwara.jpg\",\"width\":600,\"height\":600,\"caption\":\"T-Shirt One Piece Les Mugiwara xxl\"},{\"@type\":\"BreadcrumbList\",\"@id\":\"https:\\\/\\\/boutique-one-piece.com\\\/vetements-one-piece\\\/t-shirts-one-piece\\\/tee-shirt-one-piece-mugiwara\\\/#breadcrumb\",\"itemListElement\":[{\"@type\":\"ListItem\",\"position\":1,\"name\":\"Home\",\"item\":\"https:\\\/\\\/boutique-one-piece.com\\\/\"},{\"@type\":\"ListItem\",\"position\":2,\"name\":\"Shop\",\"item\":\"https:\\\/\\\/boutique-one-piece.com\\\/shop\\\/\"},{\"@type\":\"ListItem\",\"position\":3,\"name\":\"T-Shirt One Piece Les Mugiwara\"}]},{\"@type\":\"WebSite\",\"@id\":\"https:\\\/\\\/boutique-one-piece.com\\\/#website\",\"url\":\"https:\\\/\\\/boutique-one-piece.com\\\/\",\"name\":\"Boutique One Piece\",\"description\":\"Magasin Sp\u00e9cialis\u00e9 du Manga et l&#039;Anime One Piece\",\"publisher\":{\"@id\":\"https:\\\/\\\/boutique-one-piece.com\\\/#organization\"},\"potentialAction\":[{\"@type\":\"SearchAction\",\"target\":{\"@type\":\"EntryPoint\",\"urlTemplate\":\"https:\\\/\\\/boutique-one-piece.com\\\/?s={search_term_string}\"},\"query-input\":{\"@type\":\"PropertyValueSpecification\",\"valueRequired\":true,\"valueName\":\"search_term_string\"}}],\"inLanguage\":\"it-IT\"},{\"@type\":\"Organization\",\"@id\":\"https:\\\/\\\/boutique-one-piece.com\\\/#organization\",\"name\":\"Boutique One Piece\",\"url\":\"https:\\\/\\\/boutique-one-piece.com\\\/\",\"logo\":{\"@type\":\"ImageObject\",\"inLanguage\":\"it-IT\",\"@id\":\"https:\\\/\\\/boutique-one-piece.com\\\/#\\\/schema\\\/logo\\\/image\\\/\",\"url\":\"https:\\\/\\\/boutique-one-piece.com\\\/wp-content\\\/uploads\\\/2022\\\/09\\\/Logo-01.png\",\"contentUrl\":\"https:\\\/\\\/boutique-one-piece.com\\\/wp-content\\\/uploads\\\/2022\\\/09\\\/Logo-01.png\",\"width\":2318,\"height\":957,\"caption\":\"Boutique One Piece\"},\"image\":{\"@id\":\"https:\\\/\\\/boutique-one-piece.com\\\/#\\\/schema\\\/logo\\\/image\\\/\"}}]}<\/script>\n<!-- \/ Yoast SEO plugin. -->","yoast_head_json":{"title":"Maglietta One Piece e Mugiwara | Negozio One Piece","description":"Maglietta One Piece Straw Hat Crew - Qualit\u00e0 Premium 100%: Trova i tuoi cappelli di paglia preferiti su questa magnifica maglietta. Spedizione gratuita","robots":{"index":"index","follow":"follow","max-snippet":"max-snippet:-1","max-image-preview":"max-image-preview:large","max-video-preview":"max-video-preview:-1"},"canonical":"https:\/\/boutique-one-piece.com\/it\/vestiti-one-piece\/magliette-one-piece\/maglietta-one-piece-mugiwara\/","og_locale":"it_IT","og_type":"article","og_title":"T-Shirt One Piece et Les Mugiwara | Boutique One Piece","og_description":"T-Shirt One Piece avec l'\u00c9quipage du Chapeau de Paille de qualit\u00e9 sup\u00e9rieur 100% : Retrouvez vos Mugiwara Pr\u00e9f\u00e9r\u00e9s sur ce Magnifique Tee-Shirt Livraison Offerte","og_url":"https:\/\/boutique-one-piece.com\/it\/vestiti-one-piece\/magliette-one-piece\/maglietta-one-piece-mugiwara\/","og_site_name":"Boutique One Piece","article_modified_time":"2024-09-16T11:57:21+00:00","og_image":[{"width":600,"height":600,"url":"https:\/\/boutique-one-piece.com\/wp-content\/uploads\/2022\/09\/T-Shirt-One-Piece-Les-Mugiwara.jpg","type":"image\/jpeg"}],"twitter_card":"summary_large_image","twitter_misc":{"Tempo di lettura stimato":"2 minuti"},"schema":{"@context":"https:\/\/schema.org","@graph":[{"@type":"WebPage","@id":"https:\/\/boutique-one-piece.com\/vetements-one-piece\/t-shirts-one-piece\/tee-shirt-one-piece-mugiwara\/","url":"https:\/\/boutique-one-piece.com\/vetements-one-piece\/t-shirts-one-piece\/tee-shirt-one-piece-mugiwara\/","name":"Maglietta One Piece e Mugiwara | Negozio One Piece","isPartOf":{"@id":"https:\/\/boutique-one-piece.com\/#website"},"primaryImageOfPage":{"@id":"https:\/\/boutique-one-piece.com\/vetements-one-piece\/t-shirts-one-piece\/tee-shirt-one-piece-mugiwara\/#primaryimage"},"image":{"@id":"https:\/\/boutique-one-piece.com\/vetements-one-piece\/t-shirts-one-piece\/tee-shirt-one-piece-mugiwara\/#primaryimage"},"thumbnailUrl":"https:\/\/boutique-one-piece.com\/wp-content\/uploads\/2022\/09\/T-Shirt-One-Piece-Les-Mugiwara.jpg","datePublished":"2022-09-27T20:24:36+00:00","dateModified":"2024-09-16T11:57:21+00:00","description":"Maglietta One Piece Straw Hat Crew - Qualit\u00e0 Premium 100%: Trova i tuoi cappelli di paglia preferiti su questa magnifica maglietta. Spedizione gratuita","breadcrumb":{"@id":"https:\/\/boutique-one-piece.com\/vetements-one-piece\/t-shirts-one-piece\/tee-shirt-one-piece-mugiwara\/#breadcrumb"},"inLanguage":"it-IT","potentialAction":[{"@type":"ReadAction","target":["https:\/\/boutique-one-piece.com\/vetements-one-piece\/t-shirts-one-piece\/tee-shirt-one-piece-mugiwara\/"]}]},{"@type":"ImageObject","inLanguage":"it-IT","@id":"https:\/\/boutique-one-piece.com\/vetements-one-piece\/t-shirts-one-piece\/tee-shirt-one-piece-mugiwara\/#primaryimage","url":"https:\/\/boutique-one-piece.com\/wp-content\/uploads\/2022\/09\/T-Shirt-One-Piece-Les-Mugiwara.jpg","contentUrl":"https:\/\/boutique-one-piece.com\/wp-content\/uploads\/2022\/09\/T-Shirt-One-Piece-Les-Mugiwara.jpg","width":600,"height":600,"caption":"T-Shirt One Piece Les Mugiwara xxl"},{"@type":"BreadcrumbList","@id":"https:\/\/boutique-one-piece.com\/vetements-one-piece\/t-shirts-one-piece\/tee-shirt-one-piece-mugiwara\/#breadcrumb","itemListElement":[{"@type":"ListItem","position":1,"name":"Home","item":"https:\/\/boutique-one-piece.com\/"},{"@type":"ListItem","position":2,"name":"Shop","item":"https:\/\/boutique-one-piece.com\/shop\/"},{"@type":"ListItem","position":3,"name":"T-Shirt One Piece Les Mugiwara"}]},{"@type":"WebSite","@id":"https:\/\/boutique-one-piece.com\/#website","url":"https:\/\/boutique-one-piece.com\/","name":"Negozio One Piece","description":"Negozio specializzato in manga e anime di One Piece","publisher":{"@id":"https:\/\/boutique-one-piece.com\/#organization"},"potentialAction":[{"@type":"SearchAction","target":{"@type":"EntryPoint","urlTemplate":"https:\/\/boutique-one-piece.com\/?s={search_term_string}"},"query-input":{"@type":"PropertyValueSpecification","valueRequired":true,"valueName":"search_term_string"}}],"inLanguage":"it-IT"},{"@type":"Organization","@id":"https:\/\/boutique-one-piece.com\/#organization","name":"Negozio One Piece","url":"https:\/\/boutique-one-piece.com\/","logo":{"@type":"ImageObject","inLanguage":"it-IT","@id":"https:\/\/boutique-one-piece.com\/#\/schema\/logo\/image\/","url":"https:\/\/boutique-one-piece.com\/wp-content\/uploads\/2022\/09\/Logo-01.png","contentUrl":"https:\/\/boutique-one-piece.com\/wp-content\/uploads\/2022\/09\/Logo-01.png","width":2318,"height":957,"caption":"Boutique One Piece"},"image":{"@id":"https:\/\/boutique-one-piece.com\/#\/schema\/logo\/image\/"}}]}},"_links":{"self":[{"href":"https:\/\/boutique-one-piece.com\/it\/wp-json\/wp\/v2\/product\/10066","targetHints":{"allow":["GET"]}}],"collection":[{"href":"https:\/\/boutique-one-piece.com\/it\/wp-json\/wp\/v2\/product"}],"about":[{"href":"https:\/\/boutique-one-piece.com\/it\/wp-json\/wp\/v2\/types\/product"}],"replies":[{"embeddable":true,"href":"https:\/\/boutique-one-piece.com\/it\/wp-json\/wp\/v2\/comments?post=10066"}],"wp:featuredmedia":[{"embeddable":true,"href":"https:\/\/boutique-one-piece.com\/it\/wp-json\/wp\/v2\/media\/10068"}],"wp:attachment":[{"href":"https:\/\/boutique-one-piece.com\/it\/wp-json\/wp\/v2\/media?parent=10066"}],"wp:term":[{"taxonomy":"product_brand","embeddable":true,"href":"https:\/\/boutique-one-piece.com\/it\/wp-json\/wp\/v2\/product_brand?post=10066"},{"taxonomy":"product_cat","embeddable":true,"href":"https:\/\/boutique-one-piece.com\/it\/wp-json\/wp\/v2\/product_cat?post=10066"},{"taxonomy":"product_tag","embeddable":true,"href":"https:\/\/boutique-one-piece.com\/it\/wp-json\/wp\/v2\/product_tag?post=10066"}],"curies":[{"name":"parola chiave","href":"https:\/\/api.w.org\/{rel}","templated":true}]}}