{"id":10130,"date":"2022-09-27T20:32:36","date_gmt":"2022-09-27T20:32:36","guid":{"rendered":"https:\/\/boutique-one-piece.com\/uncategorized\/replique-one-piece-vogue-merry\/"},"modified":"2024-09-16T11:58:32","modified_gmt":"2024-09-16T11:58:32","slug":"replica-di-one-piece-vogue-merry","status":"publish","type":"product","link":"https:\/\/boutique-one-piece.com\/it\/figurine-di-one-piece\/replica-di-one-piece-vogue-merry\/","title":{"rendered":"Vogue Merry Boat"},"content":{"rendered":"<h2>Giovane pirata, \u00e8 giunto il momento di procurarti questa statuetta Merry di One Piece Vogue.<\/h2>\n<p>Come promemoria, The <strong>Vogue Merry<\/strong>, souvent tendrement appel\u00e9 Merry, \u00e9tait le premier navire de L\u2019\u00c9quipage du Chapeau de Paille. Au fil du temps, le navire se fait si aimer par l\u2019\u00e9quipage en tant que maison qu\u2019il s\u2019est litt\u00e9ralement constitu\u00e9 une personnalit\u00e9 propre et faisait partie de l\u2019\u00e9quipage comme n\u2019importe quel autre membre.<\/p>\n<p>Sfortunatamente, la Going Merry sub\u00ec danni ingenti durante la sua vita operativa. Ovviamente, la nave non pot\u00e9 pi\u00f9 proseguire. Pertanto, dopo essere arrivata a Water 7, ricevette un funerale vichingo. Questa nave fu poi sostituita dalla <strong>Mille Sunny<\/strong>. Inoltre, il <a title=\"REPLICA DI ONE PIECE THOUSAND SUNNY\" href=\"https:\/\/boutique-one-piece.com\/it\/replica-one-piece-thousand-sunny\/\" target=\"_blank\" rel=\"noopener\">replica della Thousand Sunny<\/a> \u00e8 alla tua portata.<\/p>\n<h3>Alors, conquis par l\u2019embl\u00e9matique Vogue Merry ? Si tel est le cas, qu\u2019attends-tu ? Monte \u00e0 bord et rejoins l\u2019\u00e9quipage de Monkey D.Luffy.<\/h3>\n<p>One Piece \u00e8 una serie di <strong>manga sh\u014dnen<\/strong>. Fais partie de l\u2019aventure et deviens un des membres de l\u2019\u00e9quipage du <strong>Cappello di paglia<\/strong>. Ces objets te replongeront au sein de ton univers anim\u00e9 pr\u00e9f\u00e9r\u00e9. Alors n\u2019attends plus et saisis cette opportunit\u00e9 de pouvoir vivre des aventures plus palpitantes les unes que les autres.<\/p>\n<h2>Informazioni sulla statuetta Vogue Merry\u00a0<\/h2>\n<ul>\n<li><span><b><u>Figurina di One Piece<\/u><\/b>\u00a0: Figurine\u00a0 premium de l\u2019univers One Piece pour les vrais pirates<\/span><\/li>\n<\/ul>\n<ul>\n<li>\n<b>Questione<\/b><span>\u00a0<\/span>PVC<\/li>\n<\/ul>\n<ul>\n<li><span><strong>Dimensione<\/strong>\u00a0: 28 centimetri<\/span><\/li>\n<\/ul>\n<ul>\n<li><span><strong>CONSEGNA GRATUITA<\/strong><\/span><\/li>\n<\/ul>","protected":false},"excerpt":{"rendered":"<p>Jeune pirate, le moment est venu pour toi de te procurer cette\u00a0Figurine One piece Vogue Merry. Pour rappel, Le Vogue Merry, souvent tendrement appel\u00e9 Merry, \u00e9tait le premier navire de L\u2019\u00c9quipage du Chapeau de Paille. Au fil du temps, le navire se fait si aimer par l\u2019\u00e9quipage en tant que maison qu\u2019il s\u2019est litt\u00e9ralement constitu\u00e9 [&hellip;]<\/p>","protected":false},"featured_media":10132,"comment_status":"open","ping_status":"open","template":"","meta":[],"product_brand":[],"product_cat":[76],"product_tag":[138,324],"class_list":{"0":"post-10130","1":"product","2":"type-product","3":"status-publish","4":"has-post-thumbnail","6":"product_cat-figurines-one-piece","7":"product_tag-bateau","8":"product_tag-vogue-merry","10":"first","11":"instock","12":"purchasable","13":"product-type-simple"},"yoast_head":"<!-- This site is optimized with the Yoast SEO plugin v27.5 - https:\/\/yoast.com\/product\/yoast-seo-wordpress\/ -->\n<title>Figurine Vogue Merry One Piece | Boutique One Piece<\/title>\n<meta name=\"description\" content=\"Jeune pirate, le moment est venu pour toi de te procurer cette\u00a0Figurine One piece Vogue Merry. Pour rappel, Le Vogue Merry, souvent tendrement appel\u00e9 Merry, \u00e9tait le premier navire de L&#039;\u00c9quipage du Chapeau de Paille. Au fil du temps, le navire se fait si aimer par l&#039;\u00e9quipage en tant que maison qu&#039;il s&#039;est litt\u00e9ralement\" \/>\n<meta name=\"robots\" content=\"index, follow, max-snippet:-1, max-image-preview:large, max-video-preview:-1\" \/>\n<link rel=\"canonical\" href=\"https:\/\/boutique-one-piece.com\/it\/figurine-di-one-piece\/replica-di-one-piece-vogue-merry\/\" \/>\n<meta property=\"og:locale\" content=\"it_IT\" \/>\n<meta property=\"og:type\" content=\"article\" \/>\n<meta property=\"og:title\" content=\"Figurine Vogue Merry One Piece | Boutique One Piece\" \/>\n<meta property=\"og:description\" content=\"Jeune pirate, le moment est venu pour toi de te procurer cette\u00a0Figurine One piece Vogue Merry. Pour rappel, Le Vogue Merry, souvent tendrement appel\u00e9 Merry, \u00e9tait le premier navire de L&#039;\u00c9quipage du Chapeau de Paille. Au fil du temps, le navire se fait si aimer par l&#039;\u00e9quipage en tant que maison qu&#039;il s&#039;est litt\u00e9ralement\" \/>\n<meta property=\"og:url\" content=\"https:\/\/boutique-one-piece.com\/it\/figurine-di-one-piece\/replica-di-one-piece-vogue-merry\/\" \/>\n<meta property=\"og:site_name\" content=\"Boutique One Piece\" \/>\n<meta property=\"article:modified_time\" content=\"2024-09-16T11:58:32+00:00\" \/>\n<meta property=\"og:image\" content=\"https:\/\/boutique-one-piece.com\/wp-content\/uploads\/2022\/09\/Bateau-Vogue-Merry-1.jpg\" \/>\n\t<meta property=\"og:image:width\" content=\"800\" \/>\n\t<meta property=\"og:image:height\" content=\"800\" \/>\n\t<meta property=\"og:image:type\" content=\"image\/jpeg\" \/>\n<meta name=\"twitter:card\" content=\"summary_large_image\" \/>\n<meta name=\"twitter:label1\" content=\"Tempo di lettura stimato\" \/>\n\t<meta name=\"twitter:data1\" content=\"1 minuto\" \/>\n<script type=\"application\/ld+json\" class=\"yoast-schema-graph\">{\"@context\":\"https:\\\/\\\/schema.org\",\"@graph\":[{\"@type\":\"WebPage\",\"@id\":\"https:\\\/\\\/boutique-one-piece.com\\\/figurines-one-piece\\\/replique-one-piece-vogue-merry\\\/\",\"url\":\"https:\\\/\\\/boutique-one-piece.com\\\/figurines-one-piece\\\/replique-one-piece-vogue-merry\\\/\",\"name\":\"Figurine Vogue Merry One Piece | Boutique One Piece\",\"isPartOf\":{\"@id\":\"https:\\\/\\\/boutique-one-piece.com\\\/#website\"},\"primaryImageOfPage\":{\"@id\":\"https:\\\/\\\/boutique-one-piece.com\\\/figurines-one-piece\\\/replique-one-piece-vogue-merry\\\/#primaryimage\"},\"image\":{\"@id\":\"https:\\\/\\\/boutique-one-piece.com\\\/figurines-one-piece\\\/replique-one-piece-vogue-merry\\\/#primaryimage\"},\"thumbnailUrl\":\"https:\\\/\\\/boutique-one-piece.com\\\/wp-content\\\/uploads\\\/2022\\\/09\\\/Bateau-Vogue-Merry-1.jpg\",\"datePublished\":\"2022-09-27T20:32:36+00:00\",\"dateModified\":\"2024-09-16T11:58:32+00:00\",\"description\":\"Jeune pirate, le moment est venu pour toi de te procurer cette\u00a0Figurine One piece Vogue Merry. Pour rappel, Le Vogue Merry, souvent tendrement appel\u00e9 Merry, \u00e9tait le premier navire de L'\u00c9quipage du Chapeau de Paille. Au fil du temps, le navire se fait si aimer par l'\u00e9quipage en tant que maison qu'il s'est litt\u00e9ralement\",\"breadcrumb\":{\"@id\":\"https:\\\/\\\/boutique-one-piece.com\\\/figurines-one-piece\\\/replique-one-piece-vogue-merry\\\/#breadcrumb\"},\"inLanguage\":\"it-IT\",\"potentialAction\":[{\"@type\":\"ReadAction\",\"target\":[\"https:\\\/\\\/boutique-one-piece.com\\\/figurines-one-piece\\\/replique-one-piece-vogue-merry\\\/\"]}]},{\"@type\":\"ImageObject\",\"inLanguage\":\"it-IT\",\"@id\":\"https:\\\/\\\/boutique-one-piece.com\\\/figurines-one-piece\\\/replique-one-piece-vogue-merry\\\/#primaryimage\",\"url\":\"https:\\\/\\\/boutique-one-piece.com\\\/wp-content\\\/uploads\\\/2022\\\/09\\\/Bateau-Vogue-Merry-1.jpg\",\"contentUrl\":\"https:\\\/\\\/boutique-one-piece.com\\\/wp-content\\\/uploads\\\/2022\\\/09\\\/Bateau-Vogue-Merry-1.jpg\",\"width\":800,\"height\":800},{\"@type\":\"BreadcrumbList\",\"@id\":\"https:\\\/\\\/boutique-one-piece.com\\\/figurines-one-piece\\\/replique-one-piece-vogue-merry\\\/#breadcrumb\",\"itemListElement\":[{\"@type\":\"ListItem\",\"position\":1,\"name\":\"Home\",\"item\":\"https:\\\/\\\/boutique-one-piece.com\\\/\"},{\"@type\":\"ListItem\",\"position\":2,\"name\":\"Shop\",\"item\":\"https:\\\/\\\/boutique-one-piece.com\\\/shop\\\/\"},{\"@type\":\"ListItem\",\"position\":3,\"name\":\"Bateau Vogue Merry\"}]},{\"@type\":\"WebSite\",\"@id\":\"https:\\\/\\\/boutique-one-piece.com\\\/#website\",\"url\":\"https:\\\/\\\/boutique-one-piece.com\\\/\",\"name\":\"Boutique One Piece\",\"description\":\"Magasin Sp\u00e9cialis\u00e9 du Manga et l&#039;Anime One Piece\",\"publisher\":{\"@id\":\"https:\\\/\\\/boutique-one-piece.com\\\/#organization\"},\"potentialAction\":[{\"@type\":\"SearchAction\",\"target\":{\"@type\":\"EntryPoint\",\"urlTemplate\":\"https:\\\/\\\/boutique-one-piece.com\\\/?s={search_term_string}\"},\"query-input\":{\"@type\":\"PropertyValueSpecification\",\"valueRequired\":true,\"valueName\":\"search_term_string\"}}],\"inLanguage\":\"it-IT\"},{\"@type\":\"Organization\",\"@id\":\"https:\\\/\\\/boutique-one-piece.com\\\/#organization\",\"name\":\"Boutique One Piece\",\"url\":\"https:\\\/\\\/boutique-one-piece.com\\\/\",\"logo\":{\"@type\":\"ImageObject\",\"inLanguage\":\"it-IT\",\"@id\":\"https:\\\/\\\/boutique-one-piece.com\\\/#\\\/schema\\\/logo\\\/image\\\/\",\"url\":\"https:\\\/\\\/boutique-one-piece.com\\\/wp-content\\\/uploads\\\/2022\\\/09\\\/Logo-01.png\",\"contentUrl\":\"https:\\\/\\\/boutique-one-piece.com\\\/wp-content\\\/uploads\\\/2022\\\/09\\\/Logo-01.png\",\"width\":2318,\"height\":957,\"caption\":\"Boutique One Piece\"},\"image\":{\"@id\":\"https:\\\/\\\/boutique-one-piece.com\\\/#\\\/schema\\\/logo\\\/image\\\/\"}}]}<\/script>\n<!-- \/ Yoast SEO plugin. -->","yoast_head_json":{"title":"Vogue Merry One Piece Figure | Negozio One Piece","description":"Giovane pirata, \u00e8 giunto il momento di mettere le mani su questa action figure di One Piece Going Merry. Ricordiamo che la Going Merry, spesso chiamata affettuosamente Merry, \u00e8 stata la prima nave della Ciurma di Cappello di Paglia. Col tempo, la nave \u00e8 diventata cos\u00ec amata dalla ciurma come la loro casa che \u00e8 letteralmente diventata...","robots":{"index":"index","follow":"follow","max-snippet":"max-snippet:-1","max-image-preview":"max-image-preview:large","max-video-preview":"max-video-preview:-1"},"canonical":"https:\/\/boutique-one-piece.com\/it\/figurine-di-one-piece\/replica-di-one-piece-vogue-merry\/","og_locale":"it_IT","og_type":"article","og_title":"Figurine Vogue Merry One Piece | Boutique One Piece","og_description":"Jeune pirate, le moment est venu pour toi de te procurer cette\u00a0Figurine One piece Vogue Merry. Pour rappel, Le Vogue Merry, souvent tendrement appel\u00e9 Merry, \u00e9tait le premier navire de L'\u00c9quipage du Chapeau de Paille. Au fil du temps, le navire se fait si aimer par l'\u00e9quipage en tant que maison qu'il s'est litt\u00e9ralement","og_url":"https:\/\/boutique-one-piece.com\/it\/figurine-di-one-piece\/replica-di-one-piece-vogue-merry\/","og_site_name":"Boutique One Piece","article_modified_time":"2024-09-16T11:58:32+00:00","og_image":[{"width":800,"height":800,"url":"https:\/\/boutique-one-piece.com\/wp-content\/uploads\/2022\/09\/Bateau-Vogue-Merry-1.jpg","type":"image\/jpeg"}],"twitter_card":"summary_large_image","twitter_misc":{"Tempo di lettura stimato":"1 minuto"},"schema":{"@context":"https:\/\/schema.org","@graph":[{"@type":"WebPage","@id":"https:\/\/boutique-one-piece.com\/figurines-one-piece\/replique-one-piece-vogue-merry\/","url":"https:\/\/boutique-one-piece.com\/figurines-one-piece\/replique-one-piece-vogue-merry\/","name":"Vogue Merry One Piece Figure | Negozio One Piece","isPartOf":{"@id":"https:\/\/boutique-one-piece.com\/#website"},"primaryImageOfPage":{"@id":"https:\/\/boutique-one-piece.com\/figurines-one-piece\/replique-one-piece-vogue-merry\/#primaryimage"},"image":{"@id":"https:\/\/boutique-one-piece.com\/figurines-one-piece\/replique-one-piece-vogue-merry\/#primaryimage"},"thumbnailUrl":"https:\/\/boutique-one-piece.com\/wp-content\/uploads\/2022\/09\/Bateau-Vogue-Merry-1.jpg","datePublished":"2022-09-27T20:32:36+00:00","dateModified":"2024-09-16T11:58:32+00:00","description":"Giovane pirata, \u00e8 giunto il momento di mettere le mani su questa action figure di One Piece Going Merry. Ricordiamo che la Going Merry, spesso chiamata affettuosamente Merry, \u00e8 stata la prima nave della Ciurma di Cappello di Paglia. Col tempo, la nave \u00e8 diventata cos\u00ec amata dalla ciurma come la loro casa che \u00e8 letteralmente diventata...","breadcrumb":{"@id":"https:\/\/boutique-one-piece.com\/figurines-one-piece\/replique-one-piece-vogue-merry\/#breadcrumb"},"inLanguage":"it-IT","potentialAction":[{"@type":"ReadAction","target":["https:\/\/boutique-one-piece.com\/figurines-one-piece\/replique-one-piece-vogue-merry\/"]}]},{"@type":"ImageObject","inLanguage":"it-IT","@id":"https:\/\/boutique-one-piece.com\/figurines-one-piece\/replique-one-piece-vogue-merry\/#primaryimage","url":"https:\/\/boutique-one-piece.com\/wp-content\/uploads\/2022\/09\/Bateau-Vogue-Merry-1.jpg","contentUrl":"https:\/\/boutique-one-piece.com\/wp-content\/uploads\/2022\/09\/Bateau-Vogue-Merry-1.jpg","width":800,"height":800},{"@type":"BreadcrumbList","@id":"https:\/\/boutique-one-piece.com\/figurines-one-piece\/replique-one-piece-vogue-merry\/#breadcrumb","itemListElement":[{"@type":"ListItem","position":1,"name":"Home","item":"https:\/\/boutique-one-piece.com\/"},{"@type":"ListItem","position":2,"name":"Shop","item":"https:\/\/boutique-one-piece.com\/shop\/"},{"@type":"ListItem","position":3,"name":"Bateau Vogue Merry"}]},{"@type":"WebSite","@id":"https:\/\/boutique-one-piece.com\/#website","url":"https:\/\/boutique-one-piece.com\/","name":"Negozio One Piece","description":"Negozio specializzato in manga e anime di One Piece","publisher":{"@id":"https:\/\/boutique-one-piece.com\/#organization"},"potentialAction":[{"@type":"SearchAction","target":{"@type":"EntryPoint","urlTemplate":"https:\/\/boutique-one-piece.com\/?s={search_term_string}"},"query-input":{"@type":"PropertyValueSpecification","valueRequired":true,"valueName":"search_term_string"}}],"inLanguage":"it-IT"},{"@type":"Organization","@id":"https:\/\/boutique-one-piece.com\/#organization","name":"Negozio One Piece","url":"https:\/\/boutique-one-piece.com\/","logo":{"@type":"ImageObject","inLanguage":"it-IT","@id":"https:\/\/boutique-one-piece.com\/#\/schema\/logo\/image\/","url":"https:\/\/boutique-one-piece.com\/wp-content\/uploads\/2022\/09\/Logo-01.png","contentUrl":"https:\/\/boutique-one-piece.com\/wp-content\/uploads\/2022\/09\/Logo-01.png","width":2318,"height":957,"caption":"Boutique One Piece"},"image":{"@id":"https:\/\/boutique-one-piece.com\/#\/schema\/logo\/image\/"}}]}},"_links":{"self":[{"href":"https:\/\/boutique-one-piece.com\/it\/wp-json\/wp\/v2\/product\/10130","targetHints":{"allow":["GET"]}}],"collection":[{"href":"https:\/\/boutique-one-piece.com\/it\/wp-json\/wp\/v2\/product"}],"about":[{"href":"https:\/\/boutique-one-piece.com\/it\/wp-json\/wp\/v2\/types\/product"}],"replies":[{"embeddable":true,"href":"https:\/\/boutique-one-piece.com\/it\/wp-json\/wp\/v2\/comments?post=10130"}],"wp:featuredmedia":[{"embeddable":true,"href":"https:\/\/boutique-one-piece.com\/it\/wp-json\/wp\/v2\/media\/10132"}],"wp:attachment":[{"href":"https:\/\/boutique-one-piece.com\/it\/wp-json\/wp\/v2\/media?parent=10130"}],"wp:term":[{"taxonomy":"product_brand","embeddable":true,"href":"https:\/\/boutique-one-piece.com\/it\/wp-json\/wp\/v2\/product_brand?post=10130"},{"taxonomy":"product_cat","embeddable":true,"href":"https:\/\/boutique-one-piece.com\/it\/wp-json\/wp\/v2\/product_cat?post=10130"},{"taxonomy":"product_tag","embeddable":true,"href":"https:\/\/boutique-one-piece.com\/it\/wp-json\/wp\/v2\/product_tag?post=10130"}],"curies":[{"name":"parola chiave","href":"https:\/\/api.w.org\/{rel}","templated":true}]}}